{"id":9524,"date":"2017-06-13T19:10:23","date_gmt":"2017-06-13T19:10:23","guid":{"rendered":"https:\/\/www.wes.org\/ca\/partners\/pcsru-manitoba\/"},"modified":"2024-07-13T10:58:53","modified_gmt":"2024-07-13T14:58:53","slug":"pcu-manitoba","status":"publish","type":"page","link":"https:\/\/www.wes.org\/fr\/pcu-manitoba\/","title":{"rendered":"Exigences d\u2019\u00e9valuation de dipl\u00f4mes pour la section des brevets du minist\u00e8re de l\u2019\u00c9ducation et de la Formation du Manitoba &#8211; World Education Services"},"content":{"rendered":"\n<h1 class=\"wp-block-heading has-text-align-center\" id=\"h-criteres-d-evaluation-des-diplomes\">Crit\u00e8res d\u2019\u00e9valuation des\u00a0dipl\u00f4mes<\/h1>\n\n\n\n<p><\/p>\n\n\n\n<figure class=\"wp-block-image aligncenter size-full\"><img loading=\"lazy\" decoding=\"async\" width=\"350\" height=\"67\" src=\"https:\/\/www.wes.org\/wp-content\/uploads\/2018\/12\/partners_ca_PCSRU_logo.png\" alt=\"PCSRU logo\" class=\"wp-image-14416\" srcset=\"https:\/\/www.wes.org\/wp-content\/uploads\/2018\/12\/partners_ca_PCSRU_logo.png 350w, https:\/\/www.wes.org\/wp-content\/uploads\/2018\/12\/partners_ca_PCSRU_logo-300x57.png 300w\" sizes=\"auto, (max-width: 350px) 100vw, 350px\" \/><\/figure>\n\n\n\n<h2 class=\"wp-block-heading has-text-align-center\" id=\"h-education-et-formation-manitoba-section-des-brevets\">\u00ab \u00c9ducation et Formation Manitoba (Section des brevets) \u00bb<\/h2>\n\n\n\n<div style=\"height:100px\" aria-hidden=\"true\" class=\"wp-block-spacer\"><\/div>\n\n\n\n\n\n<section \n   \n  class=\"relative sw-block alignwide wp-block-group is-layout-flow wp-block-storyware-floating-content-is-layout-flow\"\n  style=\"--wp--style--layout--content-size: var(--wp--custom--content-width); \n         --wp--style--layout--wide-size: var(--wp--custom--wide-width);\">\n\n  <div class=\"mx-auto px-5\">\n    <div class=\"grid gap-5 md:grid-cols-2 lg:gap-24 items-start\">\n\n      <!-- Image Column -->\n      <div class=\"not-prose\">\n                  <img loading=\"lazy\" decoding=\"async\" width=\"540\" height=\"356\" src=\"https:\/\/www.wes.org\/wp-content\/uploads\/2017\/04\/partners_1-iStock_627576018.jpg\" class=\"h-72 md:h-[480px] w-full object-cover object-center\" alt=\"Image of laptop open\" \/>\n                        <\/div>\n\n      <!-- Text Column -->\n      <div class=\"md:order-last\">\n\n                  <h2 class=\"font-medium text-[28px] text-black leading-snug\">Ce que vous devez faire :<\/h2>\n        \n                  <div class=\"mt-3\"><div class=\"headline\">\n<p>Suivez les \u00e9tapes ci-dessous afin de remplir votre demande WES :<\/p>\n<ol>\n<li>Choisissez \u00ab Canada \u00bb pour votre \u00e9valuation.<\/li>\n<li>Choisissez la demande WES standard.<\/li>\n<li>Ajoutez la \u00ab\u00a0Manitoba Education and Training (PCU)\u00a0\u00bb comme destinataire.<\/li>\n<li>S\u00e9lectionnez l\u2019option cours par cours WES ICAP comme type d\u2019\u00e9valuation (exig\u00e9 par la section des brevets).<\/li>\n<\/ol>\n<p><strong>Remarque :<\/strong>\u00a0Si vous avez d\u00e9j\u00e0 fait une demande WES, elle doit \u00eatre mise \u00e0 jour pour une \u00e9valuation cours par cours WES ICAP.<\/p>\n<p>Suivez les\u00a0<a href=\"https:\/\/www.wes.org\/ca\/required-documents\/\" target=\"_blank\" rel=\"noopener noreferrer\">exigences en mati\u00e8re de documents<\/a>\u00a0du pays et faites en sorte que vos documents soient achemin\u00e9s jusqu\u2019\u00e0 WES.<\/p>\n<\/div>\n<\/div>\n        \n        <!-- Button Type: Standard Link -->\n        \n        <!-- Button Type: Marketo Popup -->\n        \n      <\/div>\n    <\/div>\n  <\/div>\n<\/section>\n\n\n\n<div style=\"height:100px\" aria-hidden=\"true\" class=\"wp-block-spacer\"><\/div>\n\n\n\n\n\n<section \n   \n  class=\"relative sw-block alignwide wp-block-group is-layout-flow wp-block-storyware-floating-content-is-layout-flow\"\n  style=\"--wp--style--layout--content-size: var(--wp--custom--content-width); \n         --wp--style--layout--wide-size: var(--wp--custom--wide-width);\">\n\n  <div class=\"mx-auto px-5\">\n    <div class=\"grid gap-5 md:grid-cols-2 lg:gap-24 items-start\">\n\n      <!-- Image Column -->\n      <div class=\"not-prose\">\n                  <img loading=\"lazy\" decoding=\"async\" width=\"540\" height=\"356\" src=\"https:\/\/www.wes.org\/wp-content\/uploads\/2017\/04\/partners_2-iStock_465211473.jpg\" class=\"h-72 md:h-[480px] w-full object-cover object-center\" alt=\"Mailing envelope\" \/>\n                        <\/div>\n\n      <!-- Text Column -->\n      <div class=\"md:order-first\">\n\n                  <h2 class=\"font-medium text-[28px] text-black leading-snug\">Ce que WES fera pour vous :<\/h2>\n        \n                  <div class=\"mt-3\"><ol>\n<li>V\u00e9rifier votre dossier scolaire.<\/li>\n<li>Pr\u00e9parer une \u00e9valuation de dipl\u00f4mes officielle.<\/li>\n<li>Acheminer votre rapport d\u2019\u00e9valuation et les copies conformes de vos relev\u00e9s directement \u00e0 la section des brevets.<\/li>\n<\/ol>\n<\/div>\n        \n        <!-- Button Type: Standard Link -->\n        \n        <!-- Button Type: Marketo Popup -->\n        \n      <\/div>\n    <\/div>\n  <\/div>\n<\/section>\n\n\n\n<div style=\"height:100px\" aria-hidden=\"true\" class=\"wp-block-spacer\"><\/div>\n\n\n\n\n\n<section \n   \n  class=\"relative sw-block alignwide wp-block-group is-layout-flow wp-block-storyware-floating-content-is-layout-flow\"\n  style=\"--wp--style--layout--content-size: var(--wp--custom--content-width); \n         --wp--style--layout--wide-size: var(--wp--custom--wide-width);\">\n\n  <div class=\"mx-auto px-5\">\n    <div class=\"grid gap-5 md:grid-cols-2 lg:gap-24 items-start\">\n\n      <!-- Image Column -->\n      <div class=\"not-prose\">\n                  <img loading=\"lazy\" decoding=\"async\" width=\"540\" height=\"356\" src=\"https:\/\/www.wes.org\/wp-content\/uploads\/2017\/04\/partners_3-iStock_522739044.jpg\" class=\"h-72 md:h-[480px] w-full object-cover object-center\" alt=\"Woman looking at laptop\" \/>\n                        <\/div>\n\n      <!-- Text Column -->\n      <div class=\"md:order-last\">\n\n                  <h2 class=\"font-medium text-[28px] text-black leading-snug\">Renseignements suppl\u00e9mentaires<\/h2>\n        \n                  <div class=\"mt-3\"><div class=\"headline\">\n<p>Pour toute question \u00e0 propos de WES ou du processus d\u2019\u00e9valuation, rendez-vous sur notre page\u00a0<a href=\"https:\/\/www.wes.org\/ca\/help\/\" target=\"_blank\" rel=\"noopener noreferrer\">FAQ<\/a>.<\/p>\n<p>Pour des renseignements d\u00e9taill\u00e9s, veuillez\u00a0<a href=\"https:\/\/www.edu.gov.mb.ca\/m12\/perfprof\/brevet\/contactf.html\" target=\"_blank\" rel=\"noopener\">communiquer avec la section des brevets<\/a>.<\/p>\n<\/div>\n<\/div>\n        \n        <!-- Button Type: Standard Link -->\n        \n        <!-- Button Type: Marketo Popup -->\n        \n      <\/div>\n    <\/div>\n  <\/div>\n<\/section>\n","protected":false},"excerpt":{"rendered":"<p>Crit\u00e8res d\u2019\u00e9valuation des\u00a0dipl\u00f4mes \u00ab \u00c9ducation et Formation Manitoba (Section des brevets) \u00bb<\/p>\n","protected":false},"author":10,"featured_media":0,"parent":0,"menu_order":0,"comment_status":"closed","ping_status":"closed","template":"","meta":{"_acf_changed":false,"footnotes":""},"class_list":["post-9524","page","type-page","status-publish","hentry"],"better_featured_image":null,"acf":{"intro_title":"Crit\u00e8res d\u2019\u00e9valuation des <span>dipl\u00f4mes<\/span>","institution_logo":"https:\/\/www.wes.org\/wp-content\/uploads\/2018\/12\/partners_ca_PCSRU_logo.png","intro_text":"\u00ab \u00c9ducation et Formation Manitoba (Section des brevets) \u00bb","main_content_title":"","main_content_item_1_headline":"Ce que vous devez faire :","main_content_item_1_text":"<p>Suivez les \u00e9tapes ci-dessous afin de remplir votre demande WES :<\/p>\n<ol>\n<li>Choisissez \u00ab Canada \u00bb pour votre \u00e9valuation.<\/li>\n<li>Choisissez la demande WES standard.<\/li>\n<li>Ajoutez la \u00ab\u00a0Manitoba Education and Training (PCU)\u00a0\u00bb comme destinataire.<\/li>\n<li>S\u00e9lectionnez l\u2019option cours par cours WES ICAP comme type d\u2019\u00e9valuation (exig\u00e9 par la section des brevets).<\/li>\n<\/ol>\n<p><strong>Remarque :<\/strong> Si vous avez d\u00e9j\u00e0 fait une demande WES, elle doit \u00eatre mise \u00e0 jour pour une \u00e9valuation cours par cours WES ICAP.<\/p>\n<p>Suivez les <a href=\"https:\/\/www.wes.org\/ca\/required-documents\/\" target=\"_blank\" rel=\"noopener noreferrer\">exigences en mati\u00e8re de documents<\/a> du pays et faites en sorte que vos documents soient achemin\u00e9s jusqu\u2019\u00e0 WES.<\/p>\n","main_content_item_1_image":"https:\/\/www.wes.org\/wp-content\/uploads\/2018\/12\/partners_1-iStock_627576018.png","main_content_item_1_cta_text":"","main_content_item_1_cta_link":"","item_1_cta_link_new_window":[],"main_content_item_2_headline":"Ce que WES fera pour vous :","main_content_item_2_text":"<ol>\n<li>V\u00e9rifier votre dossier scolaire.<\/li>\n<li>Pr\u00e9parer une \u00e9valuation de dipl\u00f4mes officielle.<\/li>\n<li>Acheminer votre rapport d\u2019\u00e9valuation et les copies conformes de vos relev\u00e9s directement \u00e0 la section des brevets.<\/li>\n<\/ol>\n","main_content_item_2_image":"https:\/\/www.wes.org\/wp-content\/uploads\/2018\/12\/partners_2-iStock_465211473.png","main_content_item_2_cta_text":"","main_content_item_2_cta_link":"","item_2_cta_link_new_window":[],"main_content_item_3_headline":"Renseignements suppl\u00e9mentaires","main_content_item_3_text":"<p>Pour toute question \u00e0 propos de WES ou du processus d\u2019\u00e9valuation, rendez-vous sur notre page <a href=\"https:\/\/www.wes.org\/ca\/help\/\" target=\"_blank\" rel=\"noopener noreferrer\">FAQ<\/a>.<\/p>\n<p>Pour des renseignements d\u00e9taill\u00e9s, veuillez <a href=\"https:\/\/www.edu.gov.mb.ca\/m12\/perfprof\/brevet\/contactf.html\" target=\"_blank\" rel=\"noopener\">communiquer avec la section des brevets<\/a>.<\/p>\n","main_content_item_3_image":"https:\/\/www.wes.org\/wp-content\/uploads\/2018\/12\/partners_3-iStock_522739044.png","main_content_item_3_cta_text":"Commencer la demande","main_content_item_3_cta_link":"https:\/\/applications.wes.org\/createaccount","item_3_cta_link_new_window":[],"main_content_item_4_headline":"","main_content_item_4_text":"","main_content_item_4_image":false,"main_content_item_4_cta_text":"","main_content_item_4_cta_link":"","item_4_cta_link_new_window":[],"main_content_item_5_headline":"","main_content_item_5_text":"","main_content_item_5_image":false,"main_content_item_5_cta_text":"","main_content_item_5_cta_link":"","item_5_cta_link_new_window":[],"main_content_item_6_headline":"","main_content_item_6_text":"","main_content_item_6_image":false,"main_content_item_6_cta_text":"","main_content_item_6_cta_link":"","item_6_cta_link_new_window":[],"main_content_item_7_headline":"","main_content_item_7_text":"","main_content_item_7_image":false,"main_content_item_7_cta_text":"","main_content_item_7_cta_link":"","item_7_cta_link_new_window":[],"page_maf":false,"custom_body_class":"","hide_language_switcher":false,"custom_menu":"","alert_msg":"default"},"yoast_head":"<!-- This site is optimized with the Yoast SEO Premium plugin v26.2 (Yoast SEO v27.5) - https:\/\/yoast.com\/product\/yoast-seo-premium-wordpress\/ -->\n<title>Exigences d\u2019\u00e9valuation de dipl\u00f4mes pour la section des brevets du minist\u00e8re de l\u2019\u00c9ducation et de la Formation du Manitoba - World Education Services - WES<\/title>\n<meta name=\"robots\" content=\"index, follow, max-snippet:-1, max-image-preview:large, max-video-preview:-1\" \/>\n<link rel=\"canonical\" href=\"https:\/\/www.wes.org\/fr\/pcu-manitoba\/\" \/>\n<meta property=\"og:locale\" content=\"fr_FR\" \/>\n<meta property=\"og:type\" content=\"article\" \/>\n<meta property=\"og:title\" content=\"Exigences d\u2019\u00e9valuation de dipl\u00f4mes pour la section des brevets du minist\u00e8re de l\u2019\u00c9ducation et de la Formation du Manitoba - World Education Services\" \/>\n<meta property=\"og:description\" content=\"Crit\u00e8res d\u2019\u00e9valuation des\u00a0dipl\u00f4mes \u00ab \u00c9ducation et Formation Manitoba (Section des brevets) \u00bb\" \/>\n<meta property=\"og:url\" content=\"https:\/\/www.wes.org\/fr\/pcu-manitoba\/\" \/>\n<meta property=\"og:site_name\" content=\"WES\" \/>\n<meta property=\"article:publisher\" content=\"https:\/\/www.facebook.com\/WorldEducationServices\/\" \/>\n<meta property=\"article:modified_time\" content=\"2024-07-13T14:58:53+00:00\" \/>\n<meta property=\"og:image\" content=\"https:\/\/www.wes.org\/wp-content\/uploads\/2018\/12\/partners_ca_PCSRU_logo.png\" \/>\n<meta name=\"twitter:card\" content=\"summary_large_image\" \/>\n<meta name=\"twitter:site\" content=\"@WorldEdServices\" \/>\n<script type=\"application\/ld+json\" class=\"yoast-schema-graph\">{\"@context\":\"https:\\\/\\\/schema.org\",\"@graph\":[{\"@type\":\"WebPage\",\"@id\":\"https:\\\/\\\/www.wes.org\\\/fr\\\/pcu-manitoba\\\/\",\"url\":\"https:\\\/\\\/www.wes.org\\\/fr\\\/pcu-manitoba\\\/\",\"name\":\"Exigences d\u2019\u00e9valuation de dipl\u00f4mes pour la section des brevets du minist\u00e8re de l\u2019\u00c9ducation et de la Formation du Manitoba - World Education Services - WES\",\"isPartOf\":{\"@id\":\"https:\\\/\\\/www.wes.org\\\/fr\\\/#website\"},\"primaryImageOfPage\":{\"@id\":\"https:\\\/\\\/www.wes.org\\\/fr\\\/pcu-manitoba\\\/#primaryimage\"},\"image\":{\"@id\":\"https:\\\/\\\/www.wes.org\\\/fr\\\/pcu-manitoba\\\/#primaryimage\"},\"thumbnailUrl\":\"https:\\\/\\\/www.wes.org\\\/wp-content\\\/uploads\\\/2018\\\/12\\\/partners_ca_PCSRU_logo.png\",\"datePublished\":\"2017-06-13T19:10:23+00:00\",\"dateModified\":\"2024-07-13T14:58:53+00:00\",\"breadcrumb\":{\"@id\":\"https:\\\/\\\/www.wes.org\\\/fr\\\/pcu-manitoba\\\/#breadcrumb\"},\"inLanguage\":\"fr-FR\",\"potentialAction\":[{\"@type\":\"ReadAction\",\"target\":[\"https:\\\/\\\/www.wes.org\\\/fr\\\/pcu-manitoba\\\/\"]}]},{\"@type\":\"ImageObject\",\"inLanguage\":\"fr-FR\",\"@id\":\"https:\\\/\\\/www.wes.org\\\/fr\\\/pcu-manitoba\\\/#primaryimage\",\"url\":\"https:\\\/\\\/www.wes.org\\\/wp-content\\\/uploads\\\/2018\\\/12\\\/partners_ca_PCSRU_logo.png\",\"contentUrl\":\"https:\\\/\\\/www.wes.org\\\/wp-content\\\/uploads\\\/2018\\\/12\\\/partners_ca_PCSRU_logo.png\"},{\"@type\":\"BreadcrumbList\",\"@id\":\"https:\\\/\\\/www.wes.org\\\/fr\\\/pcu-manitoba\\\/#breadcrumb\",\"itemListElement\":[{\"@type\":\"ListItem\",\"position\":1,\"name\":\"Home\",\"item\":\"https:\\\/\\\/www.wes.org\\\/fr\\\/\"},{\"@type\":\"ListItem\",\"position\":2,\"name\":\"Exigences d\u2019\u00e9valuation de dipl\u00f4mes pour la section des brevets du minist\u00e8re de l\u2019\u00c9ducation et de la Formation du Manitoba &#8211; World Education Services\"}]},{\"@type\":\"WebSite\",\"@id\":\"https:\\\/\\\/www.wes.org\\\/fr\\\/#website\",\"url\":\"https:\\\/\\\/www.wes.org\\\/fr\\\/\",\"name\":\"World Education Services\",\"description\":\"\",\"publisher\":{\"@id\":\"https:\\\/\\\/www.wes.org\\\/fr\\\/#organization\"},\"potentialAction\":[{\"@type\":\"SearchAction\",\"target\":{\"@type\":\"EntryPoint\",\"urlTemplate\":\"https:\\\/\\\/www.wes.org\\\/fr\\\/?s={search_term_string}\"},\"query-input\":{\"@type\":\"PropertyValueSpecification\",\"valueRequired\":true,\"valueName\":\"search_term_string\"}}],\"inLanguage\":\"fr-FR\"},{\"@type\":\"Organization\",\"@id\":\"https:\\\/\\\/www.wes.org\\\/fr\\\/#organization\",\"name\":\"World Education Services\",\"url\":\"https:\\\/\\\/www.wes.org\\\/fr\\\/\",\"logo\":{\"@type\":\"ImageObject\",\"inLanguage\":\"fr-FR\",\"@id\":\"https:\\\/\\\/www.wes.org\\\/fr\\\/#\\\/schema\\\/logo\\\/image\\\/\",\"url\":\"https:\\\/\\\/www.wes.org\\\/wp-content\\\/uploads\\\/2024\\\/07\\\/cropped-cropped-WES_Logo_RGB-Primary_Green-Clearspace-e1719869905447.png\",\"contentUrl\":\"https:\\\/\\\/www.wes.org\\\/wp-content\\\/uploads\\\/2024\\\/07\\\/cropped-cropped-WES_Logo_RGB-Primary_Green-Clearspace-e1719869905447.png\",\"width\":512,\"height\":512,\"caption\":\"World Education Services\"},\"image\":{\"@id\":\"https:\\\/\\\/www.wes.org\\\/fr\\\/#\\\/schema\\\/logo\\\/image\\\/\"},\"sameAs\":[\"https:\\\/\\\/www.facebook.com\\\/WorldEducationServices\\\/\",\"https:\\\/\\\/x.com\\\/WorldEdServices\",\"https:\\\/\\\/www.linkedin.com\\\/company\\\/worldeducationservices\\\/\"]}]}<\/script>\n<!-- \/ Yoast SEO Premium plugin. -->","yoast_head_json":{"title":"Exigences d\u2019\u00e9valuation de dipl\u00f4mes pour la section des brevets du minist\u00e8re de l\u2019\u00c9ducation et de la Formation du Manitoba - World Education Services - WES","robots":{"index":"index","follow":"follow","max-snippet":"max-snippet:-1","max-image-preview":"max-image-preview:large","max-video-preview":"max-video-preview:-1"},"canonical":"https:\/\/www.wes.org\/fr\/pcu-manitoba\/","og_locale":"fr_FR","og_type":"article","og_title":"Exigences d\u2019\u00e9valuation de dipl\u00f4mes pour la section des brevets du minist\u00e8re de l\u2019\u00c9ducation et de la Formation du Manitoba - World Education Services","og_description":"Crit\u00e8res d\u2019\u00e9valuation des\u00a0dipl\u00f4mes \u00ab \u00c9ducation et Formation Manitoba (Section des brevets) \u00bb","og_url":"https:\/\/www.wes.org\/fr\/pcu-manitoba\/","og_site_name":"WES","article_publisher":"https:\/\/www.facebook.com\/WorldEducationServices\/","article_modified_time":"2024-07-13T14:58:53+00:00","og_image":[{"url":"https:\/\/www.wes.org\/wp-content\/uploads\/2018\/12\/partners_ca_PCSRU_logo.png","type":"","width":"","height":""}],"twitter_card":"summary_large_image","twitter_site":"@WorldEdServices","schema":{"@context":"https:\/\/schema.org","@graph":[{"@type":"WebPage","@id":"https:\/\/www.wes.org\/fr\/pcu-manitoba\/","url":"https:\/\/www.wes.org\/fr\/pcu-manitoba\/","name":"Exigences d\u2019\u00e9valuation de dipl\u00f4mes pour la section des brevets du minist\u00e8re de l\u2019\u00c9ducation et de la Formation du Manitoba - World Education Services - WES","isPartOf":{"@id":"https:\/\/www.wes.org\/fr\/#website"},"primaryImageOfPage":{"@id":"https:\/\/www.wes.org\/fr\/pcu-manitoba\/#primaryimage"},"image":{"@id":"https:\/\/www.wes.org\/fr\/pcu-manitoba\/#primaryimage"},"thumbnailUrl":"https:\/\/www.wes.org\/wp-content\/uploads\/2018\/12\/partners_ca_PCSRU_logo.png","datePublished":"2017-06-13T19:10:23+00:00","dateModified":"2024-07-13T14:58:53+00:00","breadcrumb":{"@id":"https:\/\/www.wes.org\/fr\/pcu-manitoba\/#breadcrumb"},"inLanguage":"fr-FR","potentialAction":[{"@type":"ReadAction","target":["https:\/\/www.wes.org\/fr\/pcu-manitoba\/"]}]},{"@type":"ImageObject","inLanguage":"fr-FR","@id":"https:\/\/www.wes.org\/fr\/pcu-manitoba\/#primaryimage","url":"https:\/\/www.wes.org\/wp-content\/uploads\/2018\/12\/partners_ca_PCSRU_logo.png","contentUrl":"https:\/\/www.wes.org\/wp-content\/uploads\/2018\/12\/partners_ca_PCSRU_logo.png"},{"@type":"BreadcrumbList","@id":"https:\/\/www.wes.org\/fr\/pcu-manitoba\/#breadcrumb","itemListElement":[{"@type":"ListItem","position":1,"name":"Home","item":"https:\/\/www.wes.org\/fr\/"},{"@type":"ListItem","position":2,"name":"Exigences d\u2019\u00e9valuation de dipl\u00f4mes pour la section des brevets du minist\u00e8re de l\u2019\u00c9ducation et de la Formation du Manitoba &#8211; World Education Services"}]},{"@type":"WebSite","@id":"https:\/\/www.wes.org\/fr\/#website","url":"https:\/\/www.wes.org\/fr\/","name":"World Education Services","description":"","publisher":{"@id":"https:\/\/www.wes.org\/fr\/#organization"},"potentialAction":[{"@type":"SearchAction","target":{"@type":"EntryPoint","urlTemplate":"https:\/\/www.wes.org\/fr\/?s={search_term_string}"},"query-input":{"@type":"PropertyValueSpecification","valueRequired":true,"valueName":"search_term_string"}}],"inLanguage":"fr-FR"},{"@type":"Organization","@id":"https:\/\/www.wes.org\/fr\/#organization","name":"World Education Services","url":"https:\/\/www.wes.org\/fr\/","logo":{"@type":"ImageObject","inLanguage":"fr-FR","@id":"https:\/\/www.wes.org\/fr\/#\/schema\/logo\/image\/","url":"https:\/\/www.wes.org\/wp-content\/uploads\/2024\/07\/cropped-cropped-WES_Logo_RGB-Primary_Green-Clearspace-e1719869905447.png","contentUrl":"https:\/\/www.wes.org\/wp-content\/uploads\/2024\/07\/cropped-cropped-WES_Logo_RGB-Primary_Green-Clearspace-e1719869905447.png","width":512,"height":512,"caption":"World Education Services"},"image":{"@id":"https:\/\/www.wes.org\/fr\/#\/schema\/logo\/image\/"},"sameAs":["https:\/\/www.facebook.com\/WorldEducationServices\/","https:\/\/x.com\/WorldEdServices","https:\/\/www.linkedin.com\/company\/worldeducationservices\/"]}]}},"wpml_current_locale":"fr_FR","wpml_translations":[{"locale":"en_US","id":6785,"post_title":"Credential Evaluation Requirements for the Professional Certification Unit (PCU) of Manitoba Education and Training","href":"https:\/\/www.wes.org\/pcu-manitoba\/"}],"_links":{"self":[{"href":"https:\/\/www.wes.org\/fr\/wp-json\/wp\/v2\/pages\/9524","targetHints":{"allow":["GET"]}}],"collection":[{"href":"https:\/\/www.wes.org\/fr\/wp-json\/wp\/v2\/pages"}],"about":[{"href":"https:\/\/www.wes.org\/fr\/wp-json\/wp\/v2\/types\/page"}],"author":[{"embeddable":true,"href":"https:\/\/www.wes.org\/fr\/wp-json\/wp\/v2\/users\/10"}],"replies":[{"embeddable":true,"href":"https:\/\/www.wes.org\/fr\/wp-json\/wp\/v2\/comments?post=9524"}],"version-history":[{"count":0,"href":"https:\/\/www.wes.org\/fr\/wp-json\/wp\/v2\/pages\/9524\/revisions"}],"wp:attachment":[{"href":"https:\/\/www.wes.org\/fr\/wp-json\/wp\/v2\/media?parent=9524"}],"curies":[{"name":"wp","href":"https:\/\/api.w.org\/{rel}","templated":true}]}}