{"id":5573,"date":"2017-06-09T16:03:22","date_gmt":"2017-06-09T16:03:22","guid":{"rendered":"https:\/\/www.wes.org\/?page_id=5573\/"},"modified":"2026-01-27T09:15:48","modified_gmt":"2026-01-27T14:15:48","slug":"evaluations-et-frais-2","status":"publish","type":"page","link":"https:\/\/www.wes.org\/fr\/evaluations-et-frais-2\/","title":{"rendered":"\u00c9valuations de dipl\u00f4mes et frais &#8211; World Education Services"},"content":{"rendered":"","protected":false},"excerpt":{"rendered":"","protected":false},"author":2,"featured_media":0,"parent":0,"menu_order":0,"comment_status":"closed","ping_status":"closed","template":"template-evaluation-2025.php","meta":{"_acf_changed":false,"footnotes":""},"class_list":["post-5573","page","type-page","status-publish","hentry"],"better_featured_image":null,"acf":{"alert_msg":"default","parent_page":true},"yoast_head":"<!-- This site is optimized with the Yoast SEO Premium plugin v26.2 (Yoast SEO v27.0) - https:\/\/yoast.com\/product\/yoast-seo-premium-wordpress\/ -->\n<title>\u00c9valuations de dipl\u00f4mes et frais - World Education Services - WES<\/title>\n<meta name=\"description\" content=\"D\u00e9couvrez les \u00e9valuations de dipl\u00f4mes WES, le type \u00e0 choisir, les frais de service et les d\u00e9lais de traitement, et consultez un exemple de rapport.\" \/>\n<meta name=\"robots\" content=\"index, follow, max-snippet:-1, max-image-preview:large, max-video-preview:-1\" \/>\n<link rel=\"canonical\" href=\"https:\/\/www.wes.org\/fr\/evaluations-et-frais-2\/\" \/>\n<meta property=\"og:locale\" content=\"fr_FR\" \/>\n<meta property=\"og:type\" content=\"article\" \/>\n<meta property=\"og:title\" content=\"\u00c9valuations de dipl\u00f4mes et frais - World Education Services\" \/>\n<meta property=\"og:description\" content=\"D\u00e9couvrez les \u00e9valuations de dipl\u00f4mes WES, le type \u00e0 choisir, les frais de service et les d\u00e9lais de traitement, et consultez un exemple de rapport.\" \/>\n<meta property=\"og:url\" content=\"https:\/\/www.wes.org\/fr\/evaluations-et-frais-2\/\" \/>\n<meta property=\"og:site_name\" content=\"WES\" \/>\n<meta property=\"article:publisher\" content=\"https:\/\/www.facebook.com\/WorldEducationServices\/\" \/>\n<meta property=\"article:modified_time\" content=\"2026-01-27T14:15:48+00:00\" \/>\n<meta name=\"twitter:card\" content=\"summary_large_image\" \/>\n<meta name=\"twitter:site\" content=\"@WorldEdServices\" \/>\n<script type=\"application\/ld+json\" class=\"yoast-schema-graph\">{\"@context\":\"https:\/\/schema.org\",\"@graph\":[{\"@type\":\"WebPage\",\"@id\":\"https:\/\/www.wes.org\/fr\/evaluations-et-frais-2\/\",\"url\":\"https:\/\/www.wes.org\/fr\/evaluations-et-frais-2\/\",\"name\":\"\u00c9valuations de dipl\u00f4mes et frais - World Education Services - WES\",\"isPartOf\":{\"@id\":\"https:\/\/www.wes.org\/fr\/#website\"},\"datePublished\":\"2017-06-09T16:03:22+00:00\",\"dateModified\":\"2026-01-27T14:15:48+00:00\",\"description\":\"D\u00e9couvrez les \u00e9valuations de dipl\u00f4mes WES, le type \u00e0 choisir, les frais de service et les d\u00e9lais de traitement, et consultez un exemple de rapport.\",\"breadcrumb\":{\"@id\":\"https:\/\/www.wes.org\/fr\/evaluations-et-frais-2\/#breadcrumb\"},\"inLanguage\":\"fr-FR\",\"potentialAction\":[{\"@type\":\"ReadAction\",\"target\":[\"https:\/\/www.wes.org\/fr\/evaluations-et-frais-2\/\"]}]},{\"@type\":\"BreadcrumbList\",\"@id\":\"https:\/\/www.wes.org\/fr\/evaluations-et-frais-2\/#breadcrumb\",\"itemListElement\":[{\"@type\":\"ListItem\",\"position\":1,\"name\":\"Home\",\"item\":\"https:\/\/www.wes.org\/fr\/\"},{\"@type\":\"ListItem\",\"position\":2,\"name\":\"\u00c9valuations de dipl\u00f4mes et frais &#8211; World Education Services\"}]},{\"@type\":\"WebSite\",\"@id\":\"https:\/\/www.wes.org\/fr\/#website\",\"url\":\"https:\/\/www.wes.org\/fr\/\",\"name\":\"World Education Services\",\"description\":\"\",\"publisher\":{\"@id\":\"https:\/\/www.wes.org\/fr\/#organization\"},\"potentialAction\":[{\"@type\":\"SearchAction\",\"target\":{\"@type\":\"EntryPoint\",\"urlTemplate\":\"https:\/\/www.wes.org\/fr\/?s={search_term_string}\"},\"query-input\":{\"@type\":\"PropertyValueSpecification\",\"valueRequired\":true,\"valueName\":\"search_term_string\"}}],\"inLanguage\":\"fr-FR\"},{\"@type\":\"Organization\",\"@id\":\"https:\/\/www.wes.org\/fr\/#organization\",\"name\":\"World Education Services\",\"url\":\"https:\/\/www.wes.org\/fr\/\",\"logo\":{\"@type\":\"ImageObject\",\"inLanguage\":\"fr-FR\",\"@id\":\"https:\/\/www.wes.org\/fr\/#\/schema\/logo\/image\/\",\"url\":\"https:\/\/www.wes.org\/wp-content\/uploads\/2024\/07\/cropped-cropped-WES_Logo_RGB-Primary_Green-Clearspace-e1719869905447.png\",\"contentUrl\":\"https:\/\/www.wes.org\/wp-content\/uploads\/2024\/07\/cropped-cropped-WES_Logo_RGB-Primary_Green-Clearspace-e1719869905447.png\",\"width\":512,\"height\":512,\"caption\":\"World Education Services\"},\"image\":{\"@id\":\"https:\/\/www.wes.org\/fr\/#\/schema\/logo\/image\/\"},\"sameAs\":[\"https:\/\/www.facebook.com\/WorldEducationServices\/\",\"https:\/\/x.com\/WorldEdServices\",\"https:\/\/www.linkedin.com\/company\/worldeducationservices\/\"]}]}<\/script>\n<!-- \/ Yoast SEO Premium plugin. -->","yoast_head_json":{"title":"\u00c9valuations de dipl\u00f4mes et frais - World Education Services - WES","description":"D\u00e9couvrez les \u00e9valuations de dipl\u00f4mes WES, le type \u00e0 choisir, les frais de service et les d\u00e9lais de traitement, et consultez un exemple de rapport.","robots":{"index":"index","follow":"follow","max-snippet":"max-snippet:-1","max-image-preview":"max-image-preview:large","max-video-preview":"max-video-preview:-1"},"canonical":"https:\/\/www.wes.org\/fr\/evaluations-et-frais-2\/","og_locale":"fr_FR","og_type":"article","og_title":"\u00c9valuations de dipl\u00f4mes et frais - World Education Services","og_description":"D\u00e9couvrez les \u00e9valuations de dipl\u00f4mes WES, le type \u00e0 choisir, les frais de service et les d\u00e9lais de traitement, et consultez un exemple de rapport.","og_url":"https:\/\/www.wes.org\/fr\/evaluations-et-frais-2\/","og_site_name":"WES","article_publisher":"https:\/\/www.facebook.com\/WorldEducationServices\/","article_modified_time":"2026-01-27T14:15:48+00:00","twitter_card":"summary_large_image","twitter_site":"@WorldEdServices","schema":{"@context":"https:\/\/schema.org","@graph":[{"@type":"WebPage","@id":"https:\/\/www.wes.org\/fr\/evaluations-et-frais-2\/","url":"https:\/\/www.wes.org\/fr\/evaluations-et-frais-2\/","name":"\u00c9valuations de dipl\u00f4mes et frais - World Education Services - WES","isPartOf":{"@id":"https:\/\/www.wes.org\/fr\/#website"},"datePublished":"2017-06-09T16:03:22+00:00","dateModified":"2026-01-27T14:15:48+00:00","description":"D\u00e9couvrez les \u00e9valuations de dipl\u00f4mes WES, le type \u00e0 choisir, les frais de service et les d\u00e9lais de traitement, et consultez un exemple de rapport.","breadcrumb":{"@id":"https:\/\/www.wes.org\/fr\/evaluations-et-frais-2\/#breadcrumb"},"inLanguage":"fr-FR","potentialAction":[{"@type":"ReadAction","target":["https:\/\/www.wes.org\/fr\/evaluations-et-frais-2\/"]}]},{"@type":"BreadcrumbList","@id":"https:\/\/www.wes.org\/fr\/evaluations-et-frais-2\/#breadcrumb","itemListElement":[{"@type":"ListItem","position":1,"name":"Home","item":"https:\/\/www.wes.org\/fr\/"},{"@type":"ListItem","position":2,"name":"\u00c9valuations de dipl\u00f4mes et frais &#8211; World Education Services"}]},{"@type":"WebSite","@id":"https:\/\/www.wes.org\/fr\/#website","url":"https:\/\/www.wes.org\/fr\/","name":"World Education Services","description":"","publisher":{"@id":"https:\/\/www.wes.org\/fr\/#organization"},"potentialAction":[{"@type":"SearchAction","target":{"@type":"EntryPoint","urlTemplate":"https:\/\/www.wes.org\/fr\/?s={search_term_string}"},"query-input":{"@type":"PropertyValueSpecification","valueRequired":true,"valueName":"search_term_string"}}],"inLanguage":"fr-FR"},{"@type":"Organization","@id":"https:\/\/www.wes.org\/fr\/#organization","name":"World Education Services","url":"https:\/\/www.wes.org\/fr\/","logo":{"@type":"ImageObject","inLanguage":"fr-FR","@id":"https:\/\/www.wes.org\/fr\/#\/schema\/logo\/image\/","url":"https:\/\/www.wes.org\/wp-content\/uploads\/2024\/07\/cropped-cropped-WES_Logo_RGB-Primary_Green-Clearspace-e1719869905447.png","contentUrl":"https:\/\/www.wes.org\/wp-content\/uploads\/2024\/07\/cropped-cropped-WES_Logo_RGB-Primary_Green-Clearspace-e1719869905447.png","width":512,"height":512,"caption":"World Education Services"},"image":{"@id":"https:\/\/www.wes.org\/fr\/#\/schema\/logo\/image\/"},"sameAs":["https:\/\/www.facebook.com\/WorldEducationServices\/","https:\/\/x.com\/WorldEdServices","https:\/\/www.linkedin.com\/company\/worldeducationservices\/"]}]}},"wpml_current_locale":"fr_FR","wpml_translations":[{"locale":"en_US","id":1891,"post_title":"Credential Evaluations &amp; Fees - World Education Services","href":"https:\/\/www.wes.org\/evaluations-and-fees\/"}],"_links":{"self":[{"href":"https:\/\/www.wes.org\/fr\/wp-json\/wp\/v2\/pages\/5573","targetHints":{"allow":["GET"]}}],"collection":[{"href":"https:\/\/www.wes.org\/fr\/wp-json\/wp\/v2\/pages"}],"about":[{"href":"https:\/\/www.wes.org\/fr\/wp-json\/wp\/v2\/types\/page"}],"author":[{"embeddable":true,"href":"https:\/\/www.wes.org\/fr\/wp-json\/wp\/v2\/users\/2"}],"replies":[{"embeddable":true,"href":"https:\/\/www.wes.org\/fr\/wp-json\/wp\/v2\/comments?post=5573"}],"version-history":[{"count":0,"href":"https:\/\/www.wes.org\/fr\/wp-json\/wp\/v2\/pages\/5573\/revisions"}],"wp:attachment":[{"href":"https:\/\/www.wes.org\/fr\/wp-json\/wp\/v2\/media?parent=5573"}],"curies":[{"name":"wp","href":"https:\/\/api.w.org\/{rel}","templated":true}]}}