{"id":55012,"date":"2026-03-18T12:51:18","date_gmt":"2026-03-18T16:51:18","guid":{"rendered":"https:\/\/www.wes.org\/ontario-college-of-social-workers-and-social-service-workers-credential-evaluation-requirements\/"},"modified":"2026-03-18T12:58:41","modified_gmt":"2026-03-18T16:58:41","slug":"exigences-relatives-a-levaluation-des-titres-de-competences-de-lordre-des-travailleurs-sociaux-et-des-techniciens-en-travail-social-de-lontario","status":"publish","type":"page","link":"https:\/\/www.wes.org\/fr\/domaines-lies-a-leducation\/exigences-relatives-a-levaluation-des-titres-de-competences-de-lordre-des-travailleurs-sociaux-et-des-techniciens-en-travail-social-de-lontario\/","title":{"rendered":"Exigences relatives \u00e0 l\u2019\u00e9valuation des titres de comp\u00e9tences de l\u2019Ordre des travailleurs sociaux et des techniciens en travail social de l\u2019Ontario"},"content":{"rendered":"\n<h1 class=\"wp-block-heading has-text-align-center\" id=\"h-exigences-relatives-a-l-evaluation-des-titres-de-competences\">Exigences relatives \u00e0 l\u2019\u00e9valuation des titres de comp\u00e9tences<br><\/h1>\n\n\n\n<figure class=\"wp-block-image aligncenter size-large is-resized\"><img decoding=\"async\" src=\"https:\/\/staging.wes.org\/wp-content\/uploads\/2026\/03\/OCSWSSW_New_Logo_RGB_FRE-1024x222.jpg\" alt=\"\" class=\"wp-image-52101\" style=\"aspect-ratio:4.0636363636363635;width:707px;height:auto\"\/><\/figure>\n\n\n\n<h2 class=\"wp-block-heading has-text-align-center\" id=\"h-ordre-des-travailleurs-sociaux-et-des-techniciens-en-travail-social-de-l-ontario\">Ordre des travailleurs sociaux et des techniciens en travail social de l\u2019Ontario<\/h2>\n\n\n\n<div style=\"height:100px\" aria-hidden=\"true\" class=\"wp-block-spacer\"><\/div>\n\n\n\n\n\n<section \n   \n  class=\"relative sw-block alignwide wp-block-group is-layout-flow wp-block-storyware-floating-content-is-layout-flow\"\n  style=\"--wp--style--layout--content-size: var(--wp--custom--content-width); \n         --wp--style--layout--wide-size: var(--wp--custom--wide-width);\">\n\n  <div class=\"mx-auto px-5\">\n    <div class=\"grid gap-5 md:grid-cols-2 lg:gap-24 items-start\">\n\n      <!-- Image Column -->\n      <div class=\"not-prose\">\n                  <img loading=\"lazy\" decoding=\"async\" width=\"540\" height=\"356\" src=\"https:\/\/www.wes.org\/wp-content\/uploads\/2017\/04\/partners_1-iStock_627576018.jpg\" class=\"h-72 md:h-[480px] w-full object-cover object-center\" alt=\"Image of laptop open\" \/>\n                        <\/div>\n\n      <!-- Text Column -->\n      <div class=\"md:order-last\">\n\n                  <h2 class=\"font-medium text-[28px] text-black leading-snug\">Ce que vous devez faire :<\/h2>\n        \n                  <div class=\"mt-3\"><p>Veuillez suivre les \u00e9tapes suivantes pour pr\u00e9senter une demande \u00e0 WES Canada :<\/p>\n<ol>\n<li>S\u00e9lectionner le Canada pour votre \u00e9valuation.<\/li>\n<li>S\u00e9lectionner la demande standard de WES.<\/li>\n<li>Ajouter l\u2019\u00ab <strong>Ordre des travailleurs sociaux et des techniciens en travail social de l\u2019Ontario<\/strong> \u00bb (OTSTTSO) comme destinataire.<\/li>\n<li>S\u00e9lectionner le type d\u2019\u00e9valuation <strong>cours par cours<\/strong> (CxC) du forfait International Credential Advantage Package (ICAP) de WES (comme l\u2019exige l\u2019OTSTTSO).<\/li>\n<\/ol>\n<p>Remarque : Si vous avez d\u00e9j\u00e0 pr\u00e9sent\u00e9 une demande \u00e0 WES Canada ou obtenu un rapport d\u2019\u00e9valuation aux fins d\u2019immigration, ou si vous avez obtenu une \u00e9valuation document par document (DxD) de l\u2019ICAP de WES dans le pass\u00e9, vous devez faire une mise \u00e0 niveau vers une \u00e9valuation cours par cours de l\u2019ICAP de WES.<\/p>\n<p>Veuillez vous conformer aux <strong><a href=\"https:\/\/www.wes.org\/required-documents\/\">exigences particuli\u00e8res<\/a><\/strong> de chaque pays et prendre les dispositions pour que vos documents soient transmis \u00e0 WES.<\/p>\n<p data-renderer-start-pos=\"226\"><strong>Au sujet des personnes r\u00e9fugi\u00e9es et d\u00e9plac\u00e9es qui d\u00e9sirent pr\u00e9senter une demande d\u2019inscription \u00e0 l\u2019OTSTTSO<\/strong><\/p>\n<p data-renderer-start-pos=\"226\">Le Programme Gateway de WES aide les personnes r\u00e9fugi\u00e9es et d\u00e9plac\u00e9es de force \u00e0 poursuivre leur formation et leur avancement professionnel lorsqu\u2019elles ne peuvent pas obtenir les documents scolaires officiels du pays o\u00f9 elles ont \u00e9tudi\u00e9. Si c\u2019est votre cas, <strong>renseignez-vous davantage sur l\u2019admissibilit\u00e9 au <a href=\"https:\/\/www.wes.org\/fr\/impact-social\/programmes\/a-propos-du-programme-gateway-de-wes\/\">Programme Gateway de WES<\/a> et sur la fa\u00e7on de proc\u00e9der pour obtenir un rapport d\u2019\u00e9valuation du Programme Gateway de WES<\/strong>. Vous pouvez \u00e9galement communiquer directement avec l\u2019OTSTTSO pour obtenir de l\u2019aide.<\/p>\n<\/div>\n        \n        <!-- Button Type: Standard Link -->\n        \n        <!-- Button Type: Marketo Popup -->\n        \n      <\/div>\n    <\/div>\n  <\/div>\n<\/section>\n\n\n\n<div style=\"height:100px\" aria-hidden=\"true\" class=\"wp-block-spacer\"><\/div>\n\n\n\n\n\n<section \n   \n  class=\"relative sw-block alignwide wp-block-group is-layout-flow wp-block-storyware-floating-content-is-layout-flow\"\n  style=\"--wp--style--layout--content-size: var(--wp--custom--content-width); \n         --wp--style--layout--wide-size: var(--wp--custom--wide-width);\">\n\n  <div class=\"mx-auto px-5\">\n    <div class=\"grid gap-5 md:grid-cols-2 lg:gap-24 items-start\">\n\n      <!-- Image Column -->\n      <div class=\"not-prose\">\n                  <img loading=\"lazy\" decoding=\"async\" width=\"540\" height=\"356\" src=\"https:\/\/www.wes.org\/wp-content\/uploads\/2017\/04\/partners_2-iStock_465211473.jpg\" class=\"h-72 md:h-[480px] w-full object-cover object-center\" alt=\"Mailing envelope\" \/>\n                        <\/div>\n\n      <!-- Text Column -->\n      <div class=\"md:order-first\">\n\n                  <h2 class=\"font-medium text-[28px] text-black leading-snug\">Ce que WES fera pour vous :<\/h2>\n        \n                  <div class=\"mt-3\"><ol>\n<li>\n<p data-renderer-start-pos=\"361\">V\u00e9rifier votre dossier scolaire.<\/p>\n<\/li>\n<li>\n<p data-renderer-start-pos=\"361\">Pr\u00e9parer une \u00e9valuation officielle de vos titres de comp\u00e9tence.<\/p>\n<\/li>\n<li>\n<p data-renderer-start-pos=\"361\">Remettre votre rapport d&rsquo;\u00e9valuation et des copies \u00e9lectroniques authentifi\u00e9es de vos relev\u00e9s de notes directement \u00e0 l&rsquo;OTSTTSO.<\/p>\n<\/li>\n<\/ol>\n<\/div>\n        \n        <!-- Button Type: Standard Link -->\n        \n        <!-- Button Type: Marketo Popup -->\n        \n      <\/div>\n    <\/div>\n  <\/div>\n<\/section>\n\n\n\n<div style=\"height:100px\" aria-hidden=\"true\" class=\"wp-block-spacer\"><\/div>\n\n\n\n\n\n<section \n   \n  class=\"relative sw-block alignwide wp-block-group is-layout-flow wp-block-storyware-floating-content-is-layout-flow\"\n  style=\"--wp--style--layout--content-size: var(--wp--custom--content-width); \n         --wp--style--layout--wide-size: var(--wp--custom--wide-width);\">\n\n  <div class=\"mx-auto px-5\">\n    <div class=\"grid gap-5 md:grid-cols-2 lg:gap-24 items-start\">\n\n      <!-- Image Column -->\n      <div class=\"not-prose\">\n                  <img loading=\"lazy\" decoding=\"async\" width=\"540\" height=\"356\" src=\"https:\/\/www.wes.org\/wp-content\/uploads\/2017\/04\/partners_3-iStock_522739044.jpg\" class=\"h-72 md:h-[480px] w-full object-cover object-center\" alt=\"Woman looking at laptop\" \/>\n                        <\/div>\n\n      <!-- Text Column -->\n      <div class=\"md:order-last\">\n\n                  <h2 class=\"font-medium text-[28px] text-black leading-snug\">Renseignements suppl\u00e9mentaires<\/h2>\n        \n                  <div class=\"mt-3\"><p data-renderer-start-pos=\"580\">Si vous avez des questions au sujet de WES ou du processus d\u2019\u00e9valuation, veuillez consulter notre <strong><a href=\"https:\/\/www.wes.org\/ca\/help\/\">FAQ<\/a><\/strong>.<\/p>\n<p data-renderer-start-pos=\"664\">Si vous d\u00e9sirez obtenir des renseignements d\u00e9taill\u00e9s sur <strong>l&rsquo;OTSTTSO<\/strong> et sur ses exigences en mati\u00e8re d&rsquo;inscription, veuillez consulter le <strong><a href=\"https:\/\/www.ocswssw.org\/fr\/\">site Web de l\u2019OTSTTSO<\/a><\/strong>.<\/p>\n<\/div>\n        \n        <!-- Button Type: Standard Link -->\n                  <div class=\"mt-9 not-prose\">\n            <a class=\"sw-primary-button inline-block font-sans rounded-[50px] px-5 pb-1.5 pt-2 text-center text-sm font-semibold tracking-wide\"\n               href=\"https:\/\/applications.wes.org\/createaccount\"\n               target=\"_self\">\n               Commencer ma demande            <\/a>\n          <\/div>\n        \n        <!-- Button Type: Marketo Popup -->\n        \n      <\/div>\n    <\/div>\n  <\/div>\n<\/section>\n\n\n\n<p><\/p>\n","protected":false},"excerpt":{"rendered":"<p>Exigences relatives \u00e0 l\u2019\u00e9valuation des titres de comp\u00e9tences Ordre des travailleurs sociaux et des techniciens en travail social de l\u2019Ontario<\/p>\n","protected":false},"author":1090,"featured_media":0,"parent":49373,"menu_order":0,"comment_status":"closed","ping_status":"closed","template":"","meta":{"_acf_changed":false,"footnotes":""},"class_list":["post-55012","page","type-page","status-publish","hentry"],"better_featured_image":null,"acf":{"alert_msg":"default"},"yoast_head":"<!-- This site is optimized with the Yoast SEO Premium plugin v26.2 (Yoast SEO v27.5) - https:\/\/yoast.com\/product\/yoast-seo-premium-wordpress\/ -->\n<title>Exigences relatives \u00e0 l\u2019\u00e9valuation des titres de comp\u00e9tences de l\u2019Ordre des travailleurs sociaux et des techniciens en travail social de l\u2019Ontario - WES<\/title>\n<meta name=\"robots\" content=\"index, follow, max-snippet:-1, max-image-preview:large, max-video-preview:-1\" \/>\n<link rel=\"canonical\" href=\"https:\/\/www.wes.org\/fr\/domaines-lies-a-leducation\/exigences-relatives-a-levaluation-des-titres-de-competences-de-lordre-des-travailleurs-sociaux-et-des-techniciens-en-travail-social-de-lontario\/\" \/>\n<meta property=\"og:locale\" content=\"fr_FR\" \/>\n<meta property=\"og:type\" content=\"article\" \/>\n<meta property=\"og:title\" content=\"Exigences relatives \u00e0 l\u2019\u00e9valuation des titres de comp\u00e9tences de l\u2019Ordre des travailleurs sociaux et des techniciens en travail social de l\u2019Ontario\" \/>\n<meta property=\"og:description\" content=\"Exigences relatives \u00e0 l\u2019\u00e9valuation des titres de comp\u00e9tences Ordre des travailleurs sociaux et des techniciens en travail social de l\u2019Ontario\" \/>\n<meta property=\"og:url\" content=\"https:\/\/www.wes.org\/fr\/domaines-lies-a-leducation\/exigences-relatives-a-levaluation-des-titres-de-competences-de-lordre-des-travailleurs-sociaux-et-des-techniciens-en-travail-social-de-lontario\/\" \/>\n<meta property=\"og:site_name\" content=\"WES\" \/>\n<meta property=\"article:publisher\" content=\"https:\/\/www.facebook.com\/WorldEducationServices\/\" \/>\n<meta property=\"article:modified_time\" content=\"2026-03-18T16:58:41+00:00\" \/>\n<meta name=\"twitter:card\" content=\"summary_large_image\" \/>\n<meta name=\"twitter:site\" content=\"@WorldEdServices\" \/>\n<meta name=\"twitter:label1\" content=\"Dur\u00e9e de lecture estim\u00e9e\" \/>\n\t<meta name=\"twitter:data1\" content=\"1 minute\" \/>\n<script type=\"application\/ld+json\" class=\"yoast-schema-graph\">{\"@context\":\"https:\\\/\\\/schema.org\",\"@graph\":[{\"@type\":\"WebPage\",\"@id\":\"https:\\\/\\\/www.wes.org\\\/fr\\\/domaines-lies-a-leducation\\\/exigences-relatives-a-levaluation-des-titres-de-competences-de-lordre-des-travailleurs-sociaux-et-des-techniciens-en-travail-social-de-lontario\\\/\",\"url\":\"https:\\\/\\\/www.wes.org\\\/fr\\\/domaines-lies-a-leducation\\\/exigences-relatives-a-levaluation-des-titres-de-competences-de-lordre-des-travailleurs-sociaux-et-des-techniciens-en-travail-social-de-lontario\\\/\",\"name\":\"Exigences relatives \u00e0 l\u2019\u00e9valuation des titres de comp\u00e9tences de l\u2019Ordre des travailleurs sociaux et des techniciens en travail social de l\u2019Ontario - WES\",\"isPartOf\":{\"@id\":\"https:\\\/\\\/www.wes.org\\\/fr\\\/#website\"},\"primaryImageOfPage\":{\"@id\":\"https:\\\/\\\/www.wes.org\\\/fr\\\/domaines-lies-a-leducation\\\/exigences-relatives-a-levaluation-des-titres-de-competences-de-lordre-des-travailleurs-sociaux-et-des-techniciens-en-travail-social-de-lontario\\\/#primaryimage\"},\"image\":{\"@id\":\"https:\\\/\\\/www.wes.org\\\/fr\\\/domaines-lies-a-leducation\\\/exigences-relatives-a-levaluation-des-titres-de-competences-de-lordre-des-travailleurs-sociaux-et-des-techniciens-en-travail-social-de-lontario\\\/#primaryimage\"},\"thumbnailUrl\":\"https:\\\/\\\/staging.wes.org\\\/wp-content\\\/uploads\\\/2026\\\/03\\\/OCSWSSW_New_Logo_RGB_FRE-1024x222.jpg\",\"datePublished\":\"2026-03-18T16:51:18+00:00\",\"dateModified\":\"2026-03-18T16:58:41+00:00\",\"breadcrumb\":{\"@id\":\"https:\\\/\\\/www.wes.org\\\/fr\\\/domaines-lies-a-leducation\\\/exigences-relatives-a-levaluation-des-titres-de-competences-de-lordre-des-travailleurs-sociaux-et-des-techniciens-en-travail-social-de-lontario\\\/#breadcrumb\"},\"inLanguage\":\"fr-FR\",\"potentialAction\":[{\"@type\":\"ReadAction\",\"target\":[\"https:\\\/\\\/www.wes.org\\\/fr\\\/domaines-lies-a-leducation\\\/exigences-relatives-a-levaluation-des-titres-de-competences-de-lordre-des-travailleurs-sociaux-et-des-techniciens-en-travail-social-de-lontario\\\/\"]}]},{\"@type\":\"ImageObject\",\"inLanguage\":\"fr-FR\",\"@id\":\"https:\\\/\\\/www.wes.org\\\/fr\\\/domaines-lies-a-leducation\\\/exigences-relatives-a-levaluation-des-titres-de-competences-de-lordre-des-travailleurs-sociaux-et-des-techniciens-en-travail-social-de-lontario\\\/#primaryimage\",\"url\":\"https:\\\/\\\/staging.wes.org\\\/wp-content\\\/uploads\\\/2026\\\/03\\\/OCSWSSW_New_Logo_RGB_FRE-1024x222.jpg\",\"contentUrl\":\"https:\\\/\\\/staging.wes.org\\\/wp-content\\\/uploads\\\/2026\\\/03\\\/OCSWSSW_New_Logo_RGB_FRE-1024x222.jpg\"},{\"@type\":\"BreadcrumbList\",\"@id\":\"https:\\\/\\\/www.wes.org\\\/fr\\\/domaines-lies-a-leducation\\\/exigences-relatives-a-levaluation-des-titres-de-competences-de-lordre-des-travailleurs-sociaux-et-des-techniciens-en-travail-social-de-lontario\\\/#breadcrumb\",\"itemListElement\":[{\"@type\":\"ListItem\",\"position\":1,\"name\":\"Home\",\"item\":\"https:\\\/\\\/www.wes.org\\\/fr\\\/\"},{\"@type\":\"ListItem\",\"position\":2,\"name\":\"Domaines li\u00e9s \u00e0 l&rsquo;\u00e9ducation\",\"item\":\"https:\\\/\\\/www.wes.org\\\/fr\\\/domaines-lies-a-leducation\\\/\"},{\"@type\":\"ListItem\",\"position\":3,\"name\":\"Exigences relatives \u00e0 l\u2019\u00e9valuation des titres de comp\u00e9tences de l\u2019Ordre des travailleurs sociaux et des techniciens en travail social de l\u2019Ontario\"}]},{\"@type\":\"WebSite\",\"@id\":\"https:\\\/\\\/www.wes.org\\\/fr\\\/#website\",\"url\":\"https:\\\/\\\/www.wes.org\\\/fr\\\/\",\"name\":\"World Education Services\",\"description\":\"\",\"publisher\":{\"@id\":\"https:\\\/\\\/www.wes.org\\\/fr\\\/#organization\"},\"potentialAction\":[{\"@type\":\"SearchAction\",\"target\":{\"@type\":\"EntryPoint\",\"urlTemplate\":\"https:\\\/\\\/www.wes.org\\\/fr\\\/?s={search_term_string}\"},\"query-input\":{\"@type\":\"PropertyValueSpecification\",\"valueRequired\":true,\"valueName\":\"search_term_string\"}}],\"inLanguage\":\"fr-FR\"},{\"@type\":\"Organization\",\"@id\":\"https:\\\/\\\/www.wes.org\\\/fr\\\/#organization\",\"name\":\"World Education Services\",\"url\":\"https:\\\/\\\/www.wes.org\\\/fr\\\/\",\"logo\":{\"@type\":\"ImageObject\",\"inLanguage\":\"fr-FR\",\"@id\":\"https:\\\/\\\/www.wes.org\\\/fr\\\/#\\\/schema\\\/logo\\\/image\\\/\",\"url\":\"https:\\\/\\\/www.wes.org\\\/wp-content\\\/uploads\\\/2024\\\/07\\\/cropped-cropped-WES_Logo_RGB-Primary_Green-Clearspace-e1719869905447.png\",\"contentUrl\":\"https:\\\/\\\/www.wes.org\\\/wp-content\\\/uploads\\\/2024\\\/07\\\/cropped-cropped-WES_Logo_RGB-Primary_Green-Clearspace-e1719869905447.png\",\"width\":512,\"height\":512,\"caption\":\"World Education Services\"},\"image\":{\"@id\":\"https:\\\/\\\/www.wes.org\\\/fr\\\/#\\\/schema\\\/logo\\\/image\\\/\"},\"sameAs\":[\"https:\\\/\\\/www.facebook.com\\\/WorldEducationServices\\\/\",\"https:\\\/\\\/x.com\\\/WorldEdServices\",\"https:\\\/\\\/www.linkedin.com\\\/company\\\/worldeducationservices\\\/\"]}]}<\/script>\n<!-- \/ Yoast SEO Premium plugin. -->","yoast_head_json":{"title":"Exigences relatives \u00e0 l\u2019\u00e9valuation des titres de comp\u00e9tences de l\u2019Ordre des travailleurs sociaux et des techniciens en travail social de l\u2019Ontario - WES","robots":{"index":"index","follow":"follow","max-snippet":"max-snippet:-1","max-image-preview":"max-image-preview:large","max-video-preview":"max-video-preview:-1"},"canonical":"https:\/\/www.wes.org\/fr\/domaines-lies-a-leducation\/exigences-relatives-a-levaluation-des-titres-de-competences-de-lordre-des-travailleurs-sociaux-et-des-techniciens-en-travail-social-de-lontario\/","og_locale":"fr_FR","og_type":"article","og_title":"Exigences relatives \u00e0 l\u2019\u00e9valuation des titres de comp\u00e9tences de l\u2019Ordre des travailleurs sociaux et des techniciens en travail social de l\u2019Ontario","og_description":"Exigences relatives \u00e0 l\u2019\u00e9valuation des titres de comp\u00e9tences Ordre des travailleurs sociaux et des techniciens en travail social de l\u2019Ontario","og_url":"https:\/\/www.wes.org\/fr\/domaines-lies-a-leducation\/exigences-relatives-a-levaluation-des-titres-de-competences-de-lordre-des-travailleurs-sociaux-et-des-techniciens-en-travail-social-de-lontario\/","og_site_name":"WES","article_publisher":"https:\/\/www.facebook.com\/WorldEducationServices\/","article_modified_time":"2026-03-18T16:58:41+00:00","twitter_card":"summary_large_image","twitter_site":"@WorldEdServices","twitter_misc":{"Dur\u00e9e de lecture estim\u00e9e":"1 minute"},"schema":{"@context":"https:\/\/schema.org","@graph":[{"@type":"WebPage","@id":"https:\/\/www.wes.org\/fr\/domaines-lies-a-leducation\/exigences-relatives-a-levaluation-des-titres-de-competences-de-lordre-des-travailleurs-sociaux-et-des-techniciens-en-travail-social-de-lontario\/","url":"https:\/\/www.wes.org\/fr\/domaines-lies-a-leducation\/exigences-relatives-a-levaluation-des-titres-de-competences-de-lordre-des-travailleurs-sociaux-et-des-techniciens-en-travail-social-de-lontario\/","name":"Exigences relatives \u00e0 l\u2019\u00e9valuation des titres de comp\u00e9tences de l\u2019Ordre des travailleurs sociaux et des techniciens en travail social de l\u2019Ontario - WES","isPartOf":{"@id":"https:\/\/www.wes.org\/fr\/#website"},"primaryImageOfPage":{"@id":"https:\/\/www.wes.org\/fr\/domaines-lies-a-leducation\/exigences-relatives-a-levaluation-des-titres-de-competences-de-lordre-des-travailleurs-sociaux-et-des-techniciens-en-travail-social-de-lontario\/#primaryimage"},"image":{"@id":"https:\/\/www.wes.org\/fr\/domaines-lies-a-leducation\/exigences-relatives-a-levaluation-des-titres-de-competences-de-lordre-des-travailleurs-sociaux-et-des-techniciens-en-travail-social-de-lontario\/#primaryimage"},"thumbnailUrl":"https:\/\/staging.wes.org\/wp-content\/uploads\/2026\/03\/OCSWSSW_New_Logo_RGB_FRE-1024x222.jpg","datePublished":"2026-03-18T16:51:18+00:00","dateModified":"2026-03-18T16:58:41+00:00","breadcrumb":{"@id":"https:\/\/www.wes.org\/fr\/domaines-lies-a-leducation\/exigences-relatives-a-levaluation-des-titres-de-competences-de-lordre-des-travailleurs-sociaux-et-des-techniciens-en-travail-social-de-lontario\/#breadcrumb"},"inLanguage":"fr-FR","potentialAction":[{"@type":"ReadAction","target":["https:\/\/www.wes.org\/fr\/domaines-lies-a-leducation\/exigences-relatives-a-levaluation-des-titres-de-competences-de-lordre-des-travailleurs-sociaux-et-des-techniciens-en-travail-social-de-lontario\/"]}]},{"@type":"ImageObject","inLanguage":"fr-FR","@id":"https:\/\/www.wes.org\/fr\/domaines-lies-a-leducation\/exigences-relatives-a-levaluation-des-titres-de-competences-de-lordre-des-travailleurs-sociaux-et-des-techniciens-en-travail-social-de-lontario\/#primaryimage","url":"https:\/\/staging.wes.org\/wp-content\/uploads\/2026\/03\/OCSWSSW_New_Logo_RGB_FRE-1024x222.jpg","contentUrl":"https:\/\/staging.wes.org\/wp-content\/uploads\/2026\/03\/OCSWSSW_New_Logo_RGB_FRE-1024x222.jpg"},{"@type":"BreadcrumbList","@id":"https:\/\/www.wes.org\/fr\/domaines-lies-a-leducation\/exigences-relatives-a-levaluation-des-titres-de-competences-de-lordre-des-travailleurs-sociaux-et-des-techniciens-en-travail-social-de-lontario\/#breadcrumb","itemListElement":[{"@type":"ListItem","position":1,"name":"Home","item":"https:\/\/www.wes.org\/fr\/"},{"@type":"ListItem","position":2,"name":"Domaines li\u00e9s \u00e0 l&rsquo;\u00e9ducation","item":"https:\/\/www.wes.org\/fr\/domaines-lies-a-leducation\/"},{"@type":"ListItem","position":3,"name":"Exigences relatives \u00e0 l\u2019\u00e9valuation des titres de comp\u00e9tences de l\u2019Ordre des travailleurs sociaux et des techniciens en travail social de l\u2019Ontario"}]},{"@type":"WebSite","@id":"https:\/\/www.wes.org\/fr\/#website","url":"https:\/\/www.wes.org\/fr\/","name":"World Education Services","description":"","publisher":{"@id":"https:\/\/www.wes.org\/fr\/#organization"},"potentialAction":[{"@type":"SearchAction","target":{"@type":"EntryPoint","urlTemplate":"https:\/\/www.wes.org\/fr\/?s={search_term_string}"},"query-input":{"@type":"PropertyValueSpecification","valueRequired":true,"valueName":"search_term_string"}}],"inLanguage":"fr-FR"},{"@type":"Organization","@id":"https:\/\/www.wes.org\/fr\/#organization","name":"World Education Services","url":"https:\/\/www.wes.org\/fr\/","logo":{"@type":"ImageObject","inLanguage":"fr-FR","@id":"https:\/\/www.wes.org\/fr\/#\/schema\/logo\/image\/","url":"https:\/\/www.wes.org\/wp-content\/uploads\/2024\/07\/cropped-cropped-WES_Logo_RGB-Primary_Green-Clearspace-e1719869905447.png","contentUrl":"https:\/\/www.wes.org\/wp-content\/uploads\/2024\/07\/cropped-cropped-WES_Logo_RGB-Primary_Green-Clearspace-e1719869905447.png","width":512,"height":512,"caption":"World Education Services"},"image":{"@id":"https:\/\/www.wes.org\/fr\/#\/schema\/logo\/image\/"},"sameAs":["https:\/\/www.facebook.com\/WorldEducationServices\/","https:\/\/x.com\/WorldEdServices","https:\/\/www.linkedin.com\/company\/worldeducationservices\/"]}]}},"wpml_current_locale":"fr_FR","wpml_translations":[{"locale":"en_US","id":55009,"post_title":"Ontario College of Social Workers and Social Service Workers Credential Evaluation Requirements","href":"https:\/\/www.wes.org\/ontario-college-of-social-workers-and-social-service-workers-credential-evaluation-requirements\/"}],"_links":{"self":[{"href":"https:\/\/www.wes.org\/fr\/wp-json\/wp\/v2\/pages\/55012","targetHints":{"allow":["GET"]}}],"collection":[{"href":"https:\/\/www.wes.org\/fr\/wp-json\/wp\/v2\/pages"}],"about":[{"href":"https:\/\/www.wes.org\/fr\/wp-json\/wp\/v2\/types\/page"}],"author":[{"embeddable":true,"href":"https:\/\/www.wes.org\/fr\/wp-json\/wp\/v2\/users\/1090"}],"replies":[{"embeddable":true,"href":"https:\/\/www.wes.org\/fr\/wp-json\/wp\/v2\/comments?post=55012"}],"version-history":[{"count":2,"href":"https:\/\/www.wes.org\/fr\/wp-json\/wp\/v2\/pages\/55012\/revisions"}],"predecessor-version":[{"id":55016,"href":"https:\/\/www.wes.org\/fr\/wp-json\/wp\/v2\/pages\/55012\/revisions\/55016"}],"up":[{"embeddable":true,"href":"https:\/\/www.wes.org\/fr\/wp-json\/wp\/v2\/pages\/49373"}],"wp:attachment":[{"href":"https:\/\/www.wes.org\/fr\/wp-json\/wp\/v2\/media?parent=55012"}],"curies":[{"name":"wp","href":"https:\/\/api.w.org\/{rel}","templated":true}]}}