{"id":52987,"date":"2025-10-16T11:29:26","date_gmt":"2025-10-16T15:29:26","guid":{"rendered":"https:\/\/www.wes.org\/annonces\/reponse-de-wes-au-gouvernement-de-lontario-concernant-le-changement-de-politique-relatif-a-leligibilite-aux-postes-de-formation-en-residence-pour-les-diplomes-internationaux-en-medec\/"},"modified":"2025-10-16T11:29:28","modified_gmt":"2025-10-16T15:29:28","slug":"reponse-de-wes-au-gouvernement-de-lontario-concernant-le-changement-de-politique-relatif-a-leligibilite-aux-postes-de-formation-en-residence-pour-les-diplomes-internationaux-en-medec","status":"publish","type":"page","link":"https:\/\/www.wes.org\/fr\/annonces\/reponse-de-wes-au-gouvernement-de-lontario-concernant-le-changement-de-politique-relatif-a-leligibilite-aux-postes-de-formation-en-residence-pour-les-diplomes-internationaux-en-medec\/","title":{"rendered":"R\u00e9ponse de WES au gouvernement de l\u2019Ontario concernant le changement de politique relatif \u00e0 l\u2019\u00e9ligibilit\u00e9 aux postes de formation en r\u00e9sidence pour les dipl\u00f4m\u00e9s internationaux en m\u00e9decine (DIM)"},"content":{"rendered":"\n<h1 class=\"wp-block-heading\" id=\"h-wes-response-to-ontario-government-on-policy-change-regarding-eligibility-for-international-medical-graduate-img-residency-training-positions\">R\u00e9ponse de WES au gouvernement de l\u2019Ontario concernant le changement de politique relatif \u00e0 l\u2019\u00e9ligibilit\u00e9 aux postes de formation en r\u00e9sidence pour les dipl\u00f4m\u00e9s internationaux en m\u00e9decine (DIM)<\/h1>\n\n<p>10\/10\/2025<\/p>\n\n<p>Le Canada a besoin de plus de fournisseurs de soins de sant\u00e9. En Ontario, plus de 2,5\u00a0millions de personnes n\u2019ont pas de m\u00e9decin de famille, et les p\u00e9nuries sont particuli\u00e8rement aigu\u00ebs dans les r\u00e9gions rurales et septentrionales. Chaque Ontarien doit pouvoir avoir acc\u00e8s \u00e0 un m\u00e9decin qualifi\u00e9 et \u00e0 une \u00e9quipe de soins de sant\u00e9.<\/p>\n\n<p>Une partie essentielle de la solution consiste \u00e0 disposer de voies d\u2019acc\u00e8s coh\u00e9rentes afin que les m\u00e9decins, infirmi\u00e8res et autres professionnels de sant\u00e9 form\u00e9s \u00e0 l\u2019\u00e9tranger et ayant immigr\u00e9 au Canada puissent d\u00e9montrer leurs comp\u00e9tences, remplir les conditions pour obtenir une licence et mettre pleinement leurs comp\u00e9tences et leur exp\u00e9rience au service de notre syst\u00e8me de soins de sant\u00e9.<\/p>\n\n<p>\u00c0 ce jour, le gouvernement de l\u2019Ontario a fait d\u2019importants progr\u00e8s vers l\u2019\u00e9largissement de l\u2019acc\u00e8s \u00e0 l\u2019obtention d\u2019une licence pour les m\u00e9decins form\u00e9s au Canada et \u00e0 l\u2019\u00e9tranger, en prenant les mesures suivantes\u00a0:<\/p>\n\n<p>\u00b7 Augmenter le nombre d\u2019\u00e9coles de m\u00e9decine et le nombre de postes en r\u00e9sidence.<\/p>\n\n<p>\u00b7 Lancer le programme Practice Ready Ontario, qui permet \u00e0 certains m\u00e9decins \u00e9ligibles et exp\u00e9riment\u00e9s form\u00e9s \u00e0 l\u2019\u00e9tranger d\u2019effectuer une \u00e9valuation sur trois mois afin de d\u00e9montrer leurs comp\u00e9tences pour exercer en Ontario plut\u00f4t que de refaire inutilement une formation en r\u00e9sidence.<\/p>\n\n<p>Cependant, l\u2019annonce cette semaine de la politique visant \u00e0 limiter l\u2019acc\u00e8s \u00e0 la formation en r\u00e9sidence pour les dipl\u00f4m\u00e9s internationaux en m\u00e9decine (DIM) fait fausse route et sape les efforts existants visant \u00e0 \u00e9largir l\u2019acc\u00e8s \u00e0 l\u2019obtention d\u2019une licence pour ce groupe d\u2019Ontariens.<\/p>\n\n<p>Elle limite en effet l\u2019\u00e9ligibilit\u00e9 des DIM aux postes de formation \u00e0 ceux ayant pass\u00e9 au moins deux ans dans un \u00e9tablissement d\u2019enseignement secondaire en Ontario avant de poursuivre des \u00e9tudes de m\u00e9decine \u00e0 l\u2019\u00e9tranger.<\/p>\n\n<p>Cette interpr\u00e9tation de qui est consid\u00e9r\u00e9 comme Ontarien exclut les m\u00e9decins ayant immigr\u00e9 en Ontario et qui sont r\u00e9sidents permanents ou citoyens canadiens de la possibilit\u00e9 \u00e9quitable de concourir aux postes en r\u00e9sidence pour les DIM. Notre syst\u00e8me de sant\u00e9 perd de ce fait la possibilit\u00e9 de b\u00e9n\u00e9ficier de leurs comp\u00e9tences et de leur exp\u00e9rience, pourtant si n\u00e9cessaires.<\/p>\n\n<p>D\u2019autres provinces ayant mis en place des politiques similaires en mati\u00e8re de r\u00e9sidence en m\u00e9decine ont adopt\u00e9 des approches plus inclusives. Par exemple, le New Brunswick offre aux dipl\u00f4m\u00e9s internationaux en m\u00e9decine ayant un \u00ab\u00a0lien av\u00e9r\u00e9\u00a0\u00bb avec la province (\u00e0 savoir, y avoir r\u00e9sid\u00e9 pendant au moins six mois) la possibilit\u00e9 de postuler.<\/p>\n\n<p>Nous appelons le gouvernement de l\u2019Ontario \u00e0 reconsid\u00e9rer sa position et \u00e0 garantir un acc\u00e8s \u00e9quitable aux m\u00e9decins form\u00e9s \u00e0 l\u2019\u00e9tranger, y compris ceux invit\u00e9s par le syst\u00e8me d\u2019immigration du Canada, qui se sont install\u00e9s avec leur famille en Ontario et qui souhaitent mettre leurs comp\u00e9tences au service des patients de cette province.<\/p>\n\n<p class=\"has-text-align-center\">######<\/p>\n\n<p><\/p>\n","protected":false},"excerpt":{"rendered":"<p>R\u00e9ponse de WES au gouvernement de l\u2019Ontario concernant le changement de politique relatif \u00e0 l\u2019\u00e9ligibilit\u00e9 aux postes de formation en r\u00e9sidence pour les dipl\u00f4m\u00e9s internationaux en m\u00e9decine (DIM) 10\/10\/2025 Le Canada a besoin de plus de fournisseurs de soins de sant\u00e9. En Ontario, plus de 2,5\u00a0millions de personnes n\u2019ont pas de m\u00e9decin de famille, et [&hellip;]<\/p>\n","protected":false},"author":1090,"featured_media":0,"parent":49859,"menu_order":0,"comment_status":"closed","ping_status":"closed","template":"","meta":{"_acf_changed":false,"footnotes":""},"class_list":["post-52987","page","type-page","status-publish","hentry"],"better_featured_image":null,"acf":{"alert_msg":"default"},"yoast_head":"<!-- This site is optimized with the Yoast SEO Premium plugin v26.2 (Yoast SEO v27.5) - https:\/\/yoast.com\/product\/yoast-seo-premium-wordpress\/ -->\n<title>R\u00e9ponse de WES au gouvernement de l\u2019Ontario concernant le changement de politique relatif \u00e0 l\u2019\u00e9ligibilit\u00e9 aux postes de formation en r\u00e9sidence pour les dipl\u00f4m\u00e9s internationaux en m\u00e9decine (DIM) - WES<\/title>\n<meta name=\"robots\" content=\"index, follow, max-snippet:-1, max-image-preview:large, max-video-preview:-1\" \/>\n<link rel=\"canonical\" href=\"https:\/\/www.wes.org\/fr\/annonces\/reponse-de-wes-au-gouvernement-de-lontario-concernant-le-changement-de-politique-relatif-a-leligibilite-aux-postes-de-formation-en-residence-pour-les-diplomes-internationaux-en-medec\/\" \/>\n<meta property=\"og:locale\" content=\"fr_FR\" \/>\n<meta property=\"og:type\" content=\"article\" \/>\n<meta property=\"og:title\" content=\"R\u00e9ponse de WES au gouvernement de l\u2019Ontario concernant le changement de politique relatif \u00e0 l\u2019\u00e9ligibilit\u00e9 aux postes de formation en r\u00e9sidence pour les dipl\u00f4m\u00e9s internationaux en m\u00e9decine (DIM)\" \/>\n<meta property=\"og:description\" content=\"R\u00e9ponse de WES au gouvernement de l\u2019Ontario concernant le changement de politique relatif \u00e0 l\u2019\u00e9ligibilit\u00e9 aux postes de formation en r\u00e9sidence pour les dipl\u00f4m\u00e9s internationaux en m\u00e9decine (DIM) 10\/10\/2025 Le Canada a besoin de plus de fournisseurs de soins de sant\u00e9. En Ontario, plus de 2,5\u00a0millions de personnes n\u2019ont pas de m\u00e9decin de famille, et [&hellip;]\" \/>\n<meta property=\"og:url\" content=\"https:\/\/www.wes.org\/fr\/annonces\/reponse-de-wes-au-gouvernement-de-lontario-concernant-le-changement-de-politique-relatif-a-leligibilite-aux-postes-de-formation-en-residence-pour-les-diplomes-internationaux-en-medec\/\" \/>\n<meta property=\"og:site_name\" content=\"WES\" \/>\n<meta property=\"article:publisher\" content=\"https:\/\/www.facebook.com\/WorldEducationServices\/\" \/>\n<meta property=\"article:modified_time\" content=\"2025-10-16T15:29:28+00:00\" \/>\n<meta name=\"twitter:card\" content=\"summary_large_image\" \/>\n<meta name=\"twitter:site\" content=\"@WorldEdServices\" \/>\n<meta name=\"twitter:label1\" content=\"Dur\u00e9e de lecture estim\u00e9e\" \/>\n\t<meta name=\"twitter:data1\" content=\"3 minutes\" \/>\n<script type=\"application\/ld+json\" class=\"yoast-schema-graph\">{\"@context\":\"https:\\\/\\\/schema.org\",\"@graph\":[{\"@type\":\"WebPage\",\"@id\":\"https:\\\/\\\/www.wes.org\\\/fr\\\/annonces\\\/reponse-de-wes-au-gouvernement-de-lontario-concernant-le-changement-de-politique-relatif-a-leligibilite-aux-postes-de-formation-en-residence-pour-les-diplomes-internationaux-en-medec\\\/\",\"url\":\"https:\\\/\\\/www.wes.org\\\/fr\\\/annonces\\\/reponse-de-wes-au-gouvernement-de-lontario-concernant-le-changement-de-politique-relatif-a-leligibilite-aux-postes-de-formation-en-residence-pour-les-diplomes-internationaux-en-medec\\\/\",\"name\":\"R\u00e9ponse de WES au gouvernement de l\u2019Ontario concernant le changement de politique relatif \u00e0 l\u2019\u00e9ligibilit\u00e9 aux postes de formation en r\u00e9sidence pour les dipl\u00f4m\u00e9s internationaux en m\u00e9decine (DIM) - WES\",\"isPartOf\":{\"@id\":\"https:\\\/\\\/www.wes.org\\\/fr\\\/#website\"},\"datePublished\":\"2025-10-16T15:29:26+00:00\",\"dateModified\":\"2025-10-16T15:29:28+00:00\",\"breadcrumb\":{\"@id\":\"https:\\\/\\\/www.wes.org\\\/fr\\\/annonces\\\/reponse-de-wes-au-gouvernement-de-lontario-concernant-le-changement-de-politique-relatif-a-leligibilite-aux-postes-de-formation-en-residence-pour-les-diplomes-internationaux-en-medec\\\/#breadcrumb\"},\"inLanguage\":\"fr-FR\",\"potentialAction\":[{\"@type\":\"ReadAction\",\"target\":[\"https:\\\/\\\/www.wes.org\\\/fr\\\/annonces\\\/reponse-de-wes-au-gouvernement-de-lontario-concernant-le-changement-de-politique-relatif-a-leligibilite-aux-postes-de-formation-en-residence-pour-les-diplomes-internationaux-en-medec\\\/\"]}]},{\"@type\":\"BreadcrumbList\",\"@id\":\"https:\\\/\\\/www.wes.org\\\/fr\\\/annonces\\\/reponse-de-wes-au-gouvernement-de-lontario-concernant-le-changement-de-politique-relatif-a-leligibilite-aux-postes-de-formation-en-residence-pour-les-diplomes-internationaux-en-medec\\\/#breadcrumb\",\"itemListElement\":[{\"@type\":\"ListItem\",\"position\":1,\"name\":\"Home\",\"item\":\"https:\\\/\\\/www.wes.org\\\/fr\\\/\"},{\"@type\":\"ListItem\",\"position\":2,\"name\":\"Annonces\",\"item\":\"https:\\\/\\\/www.wes.org\\\/fr\\\/annonces\\\/\"},{\"@type\":\"ListItem\",\"position\":3,\"name\":\"R\u00e9ponse de WES au gouvernement de l\u2019Ontario concernant le changement de politique relatif \u00e0 l\u2019\u00e9ligibilit\u00e9 aux postes de formation en r\u00e9sidence pour les dipl\u00f4m\u00e9s internationaux en m\u00e9decine (DIM)\"}]},{\"@type\":\"WebSite\",\"@id\":\"https:\\\/\\\/www.wes.org\\\/fr\\\/#website\",\"url\":\"https:\\\/\\\/www.wes.org\\\/fr\\\/\",\"name\":\"World Education Services\",\"description\":\"\",\"publisher\":{\"@id\":\"https:\\\/\\\/www.wes.org\\\/fr\\\/#organization\"},\"potentialAction\":[{\"@type\":\"SearchAction\",\"target\":{\"@type\":\"EntryPoint\",\"urlTemplate\":\"https:\\\/\\\/www.wes.org\\\/fr\\\/?s={search_term_string}\"},\"query-input\":{\"@type\":\"PropertyValueSpecification\",\"valueRequired\":true,\"valueName\":\"search_term_string\"}}],\"inLanguage\":\"fr-FR\"},{\"@type\":\"Organization\",\"@id\":\"https:\\\/\\\/www.wes.org\\\/fr\\\/#organization\",\"name\":\"World Education Services\",\"url\":\"https:\\\/\\\/www.wes.org\\\/fr\\\/\",\"logo\":{\"@type\":\"ImageObject\",\"inLanguage\":\"fr-FR\",\"@id\":\"https:\\\/\\\/www.wes.org\\\/fr\\\/#\\\/schema\\\/logo\\\/image\\\/\",\"url\":\"https:\\\/\\\/www.wes.org\\\/wp-content\\\/uploads\\\/2024\\\/07\\\/cropped-cropped-WES_Logo_RGB-Primary_Green-Clearspace-e1719869905447.png\",\"contentUrl\":\"https:\\\/\\\/www.wes.org\\\/wp-content\\\/uploads\\\/2024\\\/07\\\/cropped-cropped-WES_Logo_RGB-Primary_Green-Clearspace-e1719869905447.png\",\"width\":512,\"height\":512,\"caption\":\"World Education Services\"},\"image\":{\"@id\":\"https:\\\/\\\/www.wes.org\\\/fr\\\/#\\\/schema\\\/logo\\\/image\\\/\"},\"sameAs\":[\"https:\\\/\\\/www.facebook.com\\\/WorldEducationServices\\\/\",\"https:\\\/\\\/x.com\\\/WorldEdServices\",\"https:\\\/\\\/www.linkedin.com\\\/company\\\/worldeducationservices\\\/\"]}]}<\/script>\n<!-- \/ Yoast SEO Premium plugin. -->","yoast_head_json":{"title":"R\u00e9ponse de WES au gouvernement de l\u2019Ontario concernant le changement de politique relatif \u00e0 l\u2019\u00e9ligibilit\u00e9 aux postes de formation en r\u00e9sidence pour les dipl\u00f4m\u00e9s internationaux en m\u00e9decine (DIM) - WES","robots":{"index":"index","follow":"follow","max-snippet":"max-snippet:-1","max-image-preview":"max-image-preview:large","max-video-preview":"max-video-preview:-1"},"canonical":"https:\/\/www.wes.org\/fr\/annonces\/reponse-de-wes-au-gouvernement-de-lontario-concernant-le-changement-de-politique-relatif-a-leligibilite-aux-postes-de-formation-en-residence-pour-les-diplomes-internationaux-en-medec\/","og_locale":"fr_FR","og_type":"article","og_title":"R\u00e9ponse de WES au gouvernement de l\u2019Ontario concernant le changement de politique relatif \u00e0 l\u2019\u00e9ligibilit\u00e9 aux postes de formation en r\u00e9sidence pour les dipl\u00f4m\u00e9s internationaux en m\u00e9decine (DIM)","og_description":"R\u00e9ponse de WES au gouvernement de l\u2019Ontario concernant le changement de politique relatif \u00e0 l\u2019\u00e9ligibilit\u00e9 aux postes de formation en r\u00e9sidence pour les dipl\u00f4m\u00e9s internationaux en m\u00e9decine (DIM) 10\/10\/2025 Le Canada a besoin de plus de fournisseurs de soins de sant\u00e9. En Ontario, plus de 2,5\u00a0millions de personnes n\u2019ont pas de m\u00e9decin de famille, et [&hellip;]","og_url":"https:\/\/www.wes.org\/fr\/annonces\/reponse-de-wes-au-gouvernement-de-lontario-concernant-le-changement-de-politique-relatif-a-leligibilite-aux-postes-de-formation-en-residence-pour-les-diplomes-internationaux-en-medec\/","og_site_name":"WES","article_publisher":"https:\/\/www.facebook.com\/WorldEducationServices\/","article_modified_time":"2025-10-16T15:29:28+00:00","twitter_card":"summary_large_image","twitter_site":"@WorldEdServices","twitter_misc":{"Dur\u00e9e de lecture estim\u00e9e":"3 minutes"},"schema":{"@context":"https:\/\/schema.org","@graph":[{"@type":"WebPage","@id":"https:\/\/www.wes.org\/fr\/annonces\/reponse-de-wes-au-gouvernement-de-lontario-concernant-le-changement-de-politique-relatif-a-leligibilite-aux-postes-de-formation-en-residence-pour-les-diplomes-internationaux-en-medec\/","url":"https:\/\/www.wes.org\/fr\/annonces\/reponse-de-wes-au-gouvernement-de-lontario-concernant-le-changement-de-politique-relatif-a-leligibilite-aux-postes-de-formation-en-residence-pour-les-diplomes-internationaux-en-medec\/","name":"R\u00e9ponse de WES au gouvernement de l\u2019Ontario concernant le changement de politique relatif \u00e0 l\u2019\u00e9ligibilit\u00e9 aux postes de formation en r\u00e9sidence pour les dipl\u00f4m\u00e9s internationaux en m\u00e9decine (DIM) - WES","isPartOf":{"@id":"https:\/\/www.wes.org\/fr\/#website"},"datePublished":"2025-10-16T15:29:26+00:00","dateModified":"2025-10-16T15:29:28+00:00","breadcrumb":{"@id":"https:\/\/www.wes.org\/fr\/annonces\/reponse-de-wes-au-gouvernement-de-lontario-concernant-le-changement-de-politique-relatif-a-leligibilite-aux-postes-de-formation-en-residence-pour-les-diplomes-internationaux-en-medec\/#breadcrumb"},"inLanguage":"fr-FR","potentialAction":[{"@type":"ReadAction","target":["https:\/\/www.wes.org\/fr\/annonces\/reponse-de-wes-au-gouvernement-de-lontario-concernant-le-changement-de-politique-relatif-a-leligibilite-aux-postes-de-formation-en-residence-pour-les-diplomes-internationaux-en-medec\/"]}]},{"@type":"BreadcrumbList","@id":"https:\/\/www.wes.org\/fr\/annonces\/reponse-de-wes-au-gouvernement-de-lontario-concernant-le-changement-de-politique-relatif-a-leligibilite-aux-postes-de-formation-en-residence-pour-les-diplomes-internationaux-en-medec\/#breadcrumb","itemListElement":[{"@type":"ListItem","position":1,"name":"Home","item":"https:\/\/www.wes.org\/fr\/"},{"@type":"ListItem","position":2,"name":"Annonces","item":"https:\/\/www.wes.org\/fr\/annonces\/"},{"@type":"ListItem","position":3,"name":"R\u00e9ponse de WES au gouvernement de l\u2019Ontario concernant le changement de politique relatif \u00e0 l\u2019\u00e9ligibilit\u00e9 aux postes de formation en r\u00e9sidence pour les dipl\u00f4m\u00e9s internationaux en m\u00e9decine (DIM)"}]},{"@type":"WebSite","@id":"https:\/\/www.wes.org\/fr\/#website","url":"https:\/\/www.wes.org\/fr\/","name":"World Education Services","description":"","publisher":{"@id":"https:\/\/www.wes.org\/fr\/#organization"},"potentialAction":[{"@type":"SearchAction","target":{"@type":"EntryPoint","urlTemplate":"https:\/\/www.wes.org\/fr\/?s={search_term_string}"},"query-input":{"@type":"PropertyValueSpecification","valueRequired":true,"valueName":"search_term_string"}}],"inLanguage":"fr-FR"},{"@type":"Organization","@id":"https:\/\/www.wes.org\/fr\/#organization","name":"World Education Services","url":"https:\/\/www.wes.org\/fr\/","logo":{"@type":"ImageObject","inLanguage":"fr-FR","@id":"https:\/\/www.wes.org\/fr\/#\/schema\/logo\/image\/","url":"https:\/\/www.wes.org\/wp-content\/uploads\/2024\/07\/cropped-cropped-WES_Logo_RGB-Primary_Green-Clearspace-e1719869905447.png","contentUrl":"https:\/\/www.wes.org\/wp-content\/uploads\/2024\/07\/cropped-cropped-WES_Logo_RGB-Primary_Green-Clearspace-e1719869905447.png","width":512,"height":512,"caption":"World Education Services"},"image":{"@id":"https:\/\/www.wes.org\/fr\/#\/schema\/logo\/image\/"},"sameAs":["https:\/\/www.facebook.com\/WorldEducationServices\/","https:\/\/x.com\/WorldEdServices","https:\/\/www.linkedin.com\/company\/worldeducationservices\/"]}]}},"wpml_current_locale":"fr_FR","wpml_translations":[{"locale":"en_US","id":52955,"post_title":"WES Response to Ontario Government on Policy Change Regarding Eligibility for International Medical Graduate (IMG) Residency Training Positions","href":"https:\/\/www.wes.org\/wes-response-to-ontario-government-on-policy-change-regarding-eligibility-for-international-medical-graduate-img-residency-training-positions\/"}],"_links":{"self":[{"href":"https:\/\/www.wes.org\/fr\/wp-json\/wp\/v2\/pages\/52987","targetHints":{"allow":["GET"]}}],"collection":[{"href":"https:\/\/www.wes.org\/fr\/wp-json\/wp\/v2\/pages"}],"about":[{"href":"https:\/\/www.wes.org\/fr\/wp-json\/wp\/v2\/types\/page"}],"author":[{"embeddable":true,"href":"https:\/\/www.wes.org\/fr\/wp-json\/wp\/v2\/users\/1090"}],"replies":[{"embeddable":true,"href":"https:\/\/www.wes.org\/fr\/wp-json\/wp\/v2\/comments?post=52987"}],"version-history":[{"count":0,"href":"https:\/\/www.wes.org\/fr\/wp-json\/wp\/v2\/pages\/52987\/revisions"}],"up":[{"embeddable":true,"href":"https:\/\/www.wes.org\/fr\/wp-json\/wp\/v2\/pages\/49859"}],"wp:attachment":[{"href":"https:\/\/www.wes.org\/fr\/wp-json\/wp\/v2\/media?parent=52987"}],"curies":[{"name":"wp","href":"https:\/\/api.w.org\/{rel}","templated":true}]}}