{"id":52965,"date":"2025-10-13T11:22:39","date_gmt":"2025-10-13T15:22:39","guid":{"rendered":"https:\/\/www.wes.org\/annonces\/world-education-services-and-verifdiploma-partner-to-enhance-security-and-efficiency-in-global-credential-verification\/"},"modified":"2025-10-16T21:22:17","modified_gmt":"2025-10-17T01:22:17","slug":"world-education-services-et-verifdiploma-un-partenariat-pour-renforcer-la-securite-et-lefficacite-de-la-verification-internationale-des-diplomes","status":"publish","type":"page","link":"https:\/\/www.wes.org\/fr\/annonces\/world-education-services-et-verifdiploma-un-partenariat-pour-renforcer-la-securite-et-lefficacite-de-la-verification-internationale-des-diplomes\/","title":{"rendered":"World Education Services et Verifdiploma, un partenariat pour renforcer la s\u00e9curit\u00e9 et l\u2019efficacit\u00e9 de la v\u00e9rification internationale des dipl\u00f4mes"},"content":{"rendered":"\n<h1 class=\"wp-block-heading\" id=\"h-world-education-services-et-verifdiploma-un-partenariat-pour-renforcer-la-securite-et-l-efficacite-de-la-verification-internationale-des-diplomes\">World Education Services et Verifdiploma, un partenariat pour renforcer la s\u00e9curit\u00e9 et l\u2019efficacit\u00e9 de la v\u00e9rification internationale des dipl\u00f4mes<\/h1>\n\n\n\n<p>Octobre 15, 2025 \u2014 World Education Services (WES) et <a href=\"https:\/\/verifdiploma.com\/\"><strong>Verifdiploma<\/strong><\/a> annoncent la conclusion d\u2019un partenariat visant \u00e0 am\u00e9liorer la d\u00e9livrance de v\u00e9rifications s\u00e9curis\u00e9es et efficaces des dipl\u00f4mes acad\u00e9miques \u00e0 destination des personnes en mobilit\u00e9 internationale (\u00e9tudiants, immigrants et professionnels).<\/p>\n\n\n\n<p>Ce partenariat constitue une \u00e9tape importante dans la strat\u00e9gie globale de WES et confirme son engagement constant \u00e0 \u00e9largir l\u2019acc\u00e8s \u00e0 des services fiables pour les communaut\u00e9s francophones et au-del\u00e0. En int\u00e9grant la technologie de Verifdiploma afin de renforcer la protection des documents acad\u00e9miques, WES offre ainsi aux candidats une exp\u00e9rience plus fluide et plus s\u00e9curis\u00e9e.<\/p>\n\n\n\n<p>Cette collaboration combine l\u2019expertise approfondie de WES en \u00e9valuation de dipl\u00f4mes avec la plateforme digitale avanc\u00e9e de v\u00e9rification de Verifdiploma, offrant des avantages cl\u00e9s :<\/p>\n\n\n\n<p>\u2022 S\u00e9curit\u00e9 infalsifiable : une v\u00e9rification aupr\u00e8s des sources officielles garantit l\u2019authenticit\u00e9 des documents et les prot\u00e8ge contre la fraude.<br>\u2022 Traitement acc\u00e9l\u00e9r\u00e9 : un mod\u00e8le hybride associant technologie et contr\u00f4le humain r\u00e9duit les d\u00e9lais de traitement.<br>\u2022 Couverture mondiale : Verifdiploma v\u00e9rifie les dipl\u00f4mes de plus de 25 000 \u00e9tablissements \u00e0 travers le monde.<br>\u2022 Analyses approfondies : l\u2019acc\u00e8s \u00e0 des donn\u00e9es d\u00e9taill\u00e9es permet d\u2019accompagner au mieux les candidats et d\u2019optimiser la qualit\u00e9 du service.<\/p>\n\n\n\n<p>La plateforme est d\u00e9j\u00e0 d\u00e9ploy\u00e9e dans plusieurs pays europ\u00e9ens et africains \u2014 France, C\u00f4te d\u2019Ivoire, Italie et Togo \u2014 et son expansion vers six autres pays est pr\u00e9vue d\u2019ici d\u00e9but 2026 : Belgique, Maroc, Allemagne, Burkina Faso, Suisse et S\u00e9n\u00e9gal.<\/p>\n\n\n\n<p>\u00ab Avec plus de quatre millions d\u2019\u00e9valuations de dipl\u00f4mes r\u00e9alis\u00e9es pour des personnes issues de plus de 200 pays et territoires, WES a eu le privil\u00e8ge d\u2019accompagner des parcours de vie transformants \u2014 qu\u2019il s\u2019agisse de poursuivre des \u00e9tudes, de b\u00e2tir une carri\u00e8re ou de commencer une nouvelle vie dans un autre pays, \u00bb d\u00e9clare Shamira Madhany, Directrice g\u00e9n\u00e9rale Canada et Directrice g\u00e9n\u00e9rale adjointe de WES. \u00ab Notre partenariat avec Verifdiploma renforce notre engagement \u00e0 aider chacun \u00e0 s\u2019\u00e9panouir partout, en particulier<\/p>\n\n\n\n<p>les candidats francophones. En associant une expertise \u00e9prouv\u00e9e \u00e0 une technologie innovante, nous rendons la mobilit\u00e9 internationale plus s\u00fbre, plus accessible et plus \u00e9quitable. \u00bb<\/p>\n\n\n\n<p>\u00ab \u00c0 l\u2019heure o\u00f9 la mobilit\u00e9 internationale des \u00e9tudiants et des candidats s\u2019intensifie, il est essentiel de garantir une reconnaissance fluide et fiable des dipl\u00f4mes et de simplifier les d\u00e9marches administratives, afin de leur offrir un acc\u00e8s \u00e9largi aux opportunit\u00e9s acad\u00e9miques et professionnelles \u00e0 travers le monde, \u00bb souligne Emmanuel Chomarat, Pr\u00e9sident Fondateur de Verifdiploma.<\/p>\n\n\n\n<p>\u00ab Avec une forte pr\u00e9sence en France, en Europe et en Afrique, une base de donn\u00e9es de 25 millions de dipl\u00f4m\u00e9s et un r\u00e9seau de plus de 25 000 \u00e9tablissements dans le monde, ce partenariat avec WES renforce notre mission : accompagner la mobilit\u00e9 des \u00e9tudiants en b\u00e2tissant des passerelles solides entre les continents, en collaboration avec des partenaires strat\u00e9giques et de confiance. \u00bb<\/p>\n\n\n\n<p>Contact WES : Jessica Cheng, Corporate Communications Manager, jcheng@wes.org<\/p>\n\n\n\n<p>Contact Verifdiploma : Rafael Melinon, Directeur G\u00e9n\u00e9ral Adjoint &#8211; Commerce et Marketing, r.melinon@verifdiploma.com<\/p>\n\n\n\n<p><\/p>\n","protected":false},"excerpt":{"rendered":"<p>World Education Services et Verifdiploma, un partenariat pour renforcer la s\u00e9curit\u00e9 et l\u2019efficacit\u00e9 de la v\u00e9rification internationale des dipl\u00f4mes Octobre 15, 2025 \u2014 World Education Services (WES) et Verifdiploma annoncent la conclusion d\u2019un partenariat visant \u00e0 am\u00e9liorer la d\u00e9livrance de v\u00e9rifications s\u00e9curis\u00e9es et efficaces des dipl\u00f4mes acad\u00e9miques \u00e0 destination des personnes en mobilit\u00e9 internationale (\u00e9tudiants, [&hellip;]<\/p>\n","protected":false},"author":1090,"featured_media":0,"parent":49859,"menu_order":0,"comment_status":"closed","ping_status":"closed","template":"","meta":{"_acf_changed":false,"footnotes":""},"class_list":["post-52965","page","type-page","status-publish","hentry"],"better_featured_image":null,"acf":{"alert_msg":"default"},"yoast_head":"<!-- This site is optimized with the Yoast SEO Premium plugin v26.2 (Yoast SEO v27.0) - https:\/\/yoast.com\/product\/yoast-seo-premium-wordpress\/ -->\n<title>World Education Services et Verifdiploma, un partenariat pour renforcer la s\u00e9curit\u00e9 et l\u2019efficacit\u00e9 de la v\u00e9rification internationale des dipl\u00f4mes - WES<\/title>\n<meta name=\"robots\" content=\"index, follow, max-snippet:-1, max-image-preview:large, max-video-preview:-1\" \/>\n<link rel=\"canonical\" href=\"https:\/\/www.wes.org\/fr\/annonces\/world-education-services-et-verifdiploma-un-partenariat-pour-renforcer-la-securite-et-lefficacite-de-la-verification-internationale-des-diplomes\/\" \/>\n<meta property=\"og:locale\" content=\"fr_FR\" \/>\n<meta property=\"og:type\" content=\"article\" \/>\n<meta property=\"og:title\" content=\"World Education Services et Verifdiploma, un partenariat pour renforcer la s\u00e9curit\u00e9 et l\u2019efficacit\u00e9 de la v\u00e9rification internationale des dipl\u00f4mes\" \/>\n<meta property=\"og:description\" content=\"World Education Services et Verifdiploma, un partenariat pour renforcer la s\u00e9curit\u00e9 et l\u2019efficacit\u00e9 de la v\u00e9rification internationale des dipl\u00f4mes Octobre 15, 2025 \u2014 World Education Services (WES) et Verifdiploma annoncent la conclusion d\u2019un partenariat visant \u00e0 am\u00e9liorer la d\u00e9livrance de v\u00e9rifications s\u00e9curis\u00e9es et efficaces des dipl\u00f4mes acad\u00e9miques \u00e0 destination des personnes en mobilit\u00e9 internationale (\u00e9tudiants, [&hellip;]\" \/>\n<meta property=\"og:url\" content=\"https:\/\/www.wes.org\/fr\/annonces\/world-education-services-et-verifdiploma-un-partenariat-pour-renforcer-la-securite-et-lefficacite-de-la-verification-internationale-des-diplomes\/\" \/>\n<meta property=\"og:site_name\" content=\"WES\" \/>\n<meta property=\"article:publisher\" content=\"https:\/\/www.facebook.com\/WorldEducationServices\/\" \/>\n<meta property=\"article:modified_time\" content=\"2025-10-17T01:22:17+00:00\" \/>\n<meta name=\"twitter:card\" content=\"summary_large_image\" \/>\n<meta name=\"twitter:site\" content=\"@WorldEdServices\" \/>\n<meta name=\"twitter:label1\" content=\"Dur\u00e9e de lecture estim\u00e9e\" \/>\n\t<meta name=\"twitter:data1\" content=\"3 minutes\" \/>\n<script type=\"application\/ld+json\" class=\"yoast-schema-graph\">{\"@context\":\"https:\/\/schema.org\",\"@graph\":[{\"@type\":\"WebPage\",\"@id\":\"https:\/\/www.wes.org\/fr\/annonces\/world-education-services-et-verifdiploma-un-partenariat-pour-renforcer-la-securite-et-lefficacite-de-la-verification-internationale-des-diplomes\/\",\"url\":\"https:\/\/www.wes.org\/fr\/annonces\/world-education-services-et-verifdiploma-un-partenariat-pour-renforcer-la-securite-et-lefficacite-de-la-verification-internationale-des-diplomes\/\",\"name\":\"World Education Services et Verifdiploma, un partenariat pour renforcer la s\u00e9curit\u00e9 et l\u2019efficacit\u00e9 de la v\u00e9rification internationale des dipl\u00f4mes - WES\",\"isPartOf\":{\"@id\":\"https:\/\/www.wes.org\/fr\/#website\"},\"datePublished\":\"2025-10-13T15:22:39+00:00\",\"dateModified\":\"2025-10-17T01:22:17+00:00\",\"breadcrumb\":{\"@id\":\"https:\/\/www.wes.org\/fr\/annonces\/world-education-services-et-verifdiploma-un-partenariat-pour-renforcer-la-securite-et-lefficacite-de-la-verification-internationale-des-diplomes\/#breadcrumb\"},\"inLanguage\":\"fr-FR\",\"potentialAction\":[{\"@type\":\"ReadAction\",\"target\":[\"https:\/\/www.wes.org\/fr\/annonces\/world-education-services-et-verifdiploma-un-partenariat-pour-renforcer-la-securite-et-lefficacite-de-la-verification-internationale-des-diplomes\/\"]}]},{\"@type\":\"BreadcrumbList\",\"@id\":\"https:\/\/www.wes.org\/fr\/annonces\/world-education-services-et-verifdiploma-un-partenariat-pour-renforcer-la-securite-et-lefficacite-de-la-verification-internationale-des-diplomes\/#breadcrumb\",\"itemListElement\":[{\"@type\":\"ListItem\",\"position\":1,\"name\":\"Home\",\"item\":\"https:\/\/www.wes.org\/fr\/\"},{\"@type\":\"ListItem\",\"position\":2,\"name\":\"Annonces\",\"item\":\"https:\/\/www.wes.org\/fr\/annonces\/\"},{\"@type\":\"ListItem\",\"position\":3,\"name\":\"World Education Services et Verifdiploma, un partenariat pour renforcer la s\u00e9curit\u00e9 et l\u2019efficacit\u00e9 de la v\u00e9rification internationale des dipl\u00f4mes\"}]},{\"@type\":\"WebSite\",\"@id\":\"https:\/\/www.wes.org\/fr\/#website\",\"url\":\"https:\/\/www.wes.org\/fr\/\",\"name\":\"World Education Services\",\"description\":\"\",\"publisher\":{\"@id\":\"https:\/\/www.wes.org\/fr\/#organization\"},\"potentialAction\":[{\"@type\":\"SearchAction\",\"target\":{\"@type\":\"EntryPoint\",\"urlTemplate\":\"https:\/\/www.wes.org\/fr\/?s={search_term_string}\"},\"query-input\":{\"@type\":\"PropertyValueSpecification\",\"valueRequired\":true,\"valueName\":\"search_term_string\"}}],\"inLanguage\":\"fr-FR\"},{\"@type\":\"Organization\",\"@id\":\"https:\/\/www.wes.org\/fr\/#organization\",\"name\":\"World Education Services\",\"url\":\"https:\/\/www.wes.org\/fr\/\",\"logo\":{\"@type\":\"ImageObject\",\"inLanguage\":\"fr-FR\",\"@id\":\"https:\/\/www.wes.org\/fr\/#\/schema\/logo\/image\/\",\"url\":\"https:\/\/www.wes.org\/wp-content\/uploads\/2024\/07\/cropped-cropped-WES_Logo_RGB-Primary_Green-Clearspace-e1719869905447.png\",\"contentUrl\":\"https:\/\/www.wes.org\/wp-content\/uploads\/2024\/07\/cropped-cropped-WES_Logo_RGB-Primary_Green-Clearspace-e1719869905447.png\",\"width\":512,\"height\":512,\"caption\":\"World Education Services\"},\"image\":{\"@id\":\"https:\/\/www.wes.org\/fr\/#\/schema\/logo\/image\/\"},\"sameAs\":[\"https:\/\/www.facebook.com\/WorldEducationServices\/\",\"https:\/\/x.com\/WorldEdServices\",\"https:\/\/www.linkedin.com\/company\/worldeducationservices\/\"]}]}<\/script>\n<!-- \/ Yoast SEO Premium plugin. -->","yoast_head_json":{"title":"World Education Services et Verifdiploma, un partenariat pour renforcer la s\u00e9curit\u00e9 et l\u2019efficacit\u00e9 de la v\u00e9rification internationale des dipl\u00f4mes - WES","robots":{"index":"index","follow":"follow","max-snippet":"max-snippet:-1","max-image-preview":"max-image-preview:large","max-video-preview":"max-video-preview:-1"},"canonical":"https:\/\/www.wes.org\/fr\/annonces\/world-education-services-et-verifdiploma-un-partenariat-pour-renforcer-la-securite-et-lefficacite-de-la-verification-internationale-des-diplomes\/","og_locale":"fr_FR","og_type":"article","og_title":"World Education Services et Verifdiploma, un partenariat pour renforcer la s\u00e9curit\u00e9 et l\u2019efficacit\u00e9 de la v\u00e9rification internationale des dipl\u00f4mes","og_description":"World Education Services et Verifdiploma, un partenariat pour renforcer la s\u00e9curit\u00e9 et l\u2019efficacit\u00e9 de la v\u00e9rification internationale des dipl\u00f4mes Octobre 15, 2025 \u2014 World Education Services (WES) et Verifdiploma annoncent la conclusion d\u2019un partenariat visant \u00e0 am\u00e9liorer la d\u00e9livrance de v\u00e9rifications s\u00e9curis\u00e9es et efficaces des dipl\u00f4mes acad\u00e9miques \u00e0 destination des personnes en mobilit\u00e9 internationale (\u00e9tudiants, [&hellip;]","og_url":"https:\/\/www.wes.org\/fr\/annonces\/world-education-services-et-verifdiploma-un-partenariat-pour-renforcer-la-securite-et-lefficacite-de-la-verification-internationale-des-diplomes\/","og_site_name":"WES","article_publisher":"https:\/\/www.facebook.com\/WorldEducationServices\/","article_modified_time":"2025-10-17T01:22:17+00:00","twitter_card":"summary_large_image","twitter_site":"@WorldEdServices","twitter_misc":{"Dur\u00e9e de lecture estim\u00e9e":"3 minutes"},"schema":{"@context":"https:\/\/schema.org","@graph":[{"@type":"WebPage","@id":"https:\/\/www.wes.org\/fr\/annonces\/world-education-services-et-verifdiploma-un-partenariat-pour-renforcer-la-securite-et-lefficacite-de-la-verification-internationale-des-diplomes\/","url":"https:\/\/www.wes.org\/fr\/annonces\/world-education-services-et-verifdiploma-un-partenariat-pour-renforcer-la-securite-et-lefficacite-de-la-verification-internationale-des-diplomes\/","name":"World Education Services et Verifdiploma, un partenariat pour renforcer la s\u00e9curit\u00e9 et l\u2019efficacit\u00e9 de la v\u00e9rification internationale des dipl\u00f4mes - WES","isPartOf":{"@id":"https:\/\/www.wes.org\/fr\/#website"},"datePublished":"2025-10-13T15:22:39+00:00","dateModified":"2025-10-17T01:22:17+00:00","breadcrumb":{"@id":"https:\/\/www.wes.org\/fr\/annonces\/world-education-services-et-verifdiploma-un-partenariat-pour-renforcer-la-securite-et-lefficacite-de-la-verification-internationale-des-diplomes\/#breadcrumb"},"inLanguage":"fr-FR","potentialAction":[{"@type":"ReadAction","target":["https:\/\/www.wes.org\/fr\/annonces\/world-education-services-et-verifdiploma-un-partenariat-pour-renforcer-la-securite-et-lefficacite-de-la-verification-internationale-des-diplomes\/"]}]},{"@type":"BreadcrumbList","@id":"https:\/\/www.wes.org\/fr\/annonces\/world-education-services-et-verifdiploma-un-partenariat-pour-renforcer-la-securite-et-lefficacite-de-la-verification-internationale-des-diplomes\/#breadcrumb","itemListElement":[{"@type":"ListItem","position":1,"name":"Home","item":"https:\/\/www.wes.org\/fr\/"},{"@type":"ListItem","position":2,"name":"Annonces","item":"https:\/\/www.wes.org\/fr\/annonces\/"},{"@type":"ListItem","position":3,"name":"World Education Services et Verifdiploma, un partenariat pour renforcer la s\u00e9curit\u00e9 et l\u2019efficacit\u00e9 de la v\u00e9rification internationale des dipl\u00f4mes"}]},{"@type":"WebSite","@id":"https:\/\/www.wes.org\/fr\/#website","url":"https:\/\/www.wes.org\/fr\/","name":"World Education Services","description":"","publisher":{"@id":"https:\/\/www.wes.org\/fr\/#organization"},"potentialAction":[{"@type":"SearchAction","target":{"@type":"EntryPoint","urlTemplate":"https:\/\/www.wes.org\/fr\/?s={search_term_string}"},"query-input":{"@type":"PropertyValueSpecification","valueRequired":true,"valueName":"search_term_string"}}],"inLanguage":"fr-FR"},{"@type":"Organization","@id":"https:\/\/www.wes.org\/fr\/#organization","name":"World Education Services","url":"https:\/\/www.wes.org\/fr\/","logo":{"@type":"ImageObject","inLanguage":"fr-FR","@id":"https:\/\/www.wes.org\/fr\/#\/schema\/logo\/image\/","url":"https:\/\/www.wes.org\/wp-content\/uploads\/2024\/07\/cropped-cropped-WES_Logo_RGB-Primary_Green-Clearspace-e1719869905447.png","contentUrl":"https:\/\/www.wes.org\/wp-content\/uploads\/2024\/07\/cropped-cropped-WES_Logo_RGB-Primary_Green-Clearspace-e1719869905447.png","width":512,"height":512,"caption":"World Education Services"},"image":{"@id":"https:\/\/www.wes.org\/fr\/#\/schema\/logo\/image\/"},"sameAs":["https:\/\/www.facebook.com\/WorldEducationServices\/","https:\/\/x.com\/WorldEdServices","https:\/\/www.linkedin.com\/company\/worldeducationservices\/"]}]}},"wpml_current_locale":"fr_FR","wpml_translations":[{"locale":"en_US","id":52960,"post_title":"World Education Services and Verifdiploma Partner to Enhance Security and Efficiency in Global Credential Verification","href":"https:\/\/www.wes.org\/world-education-services-and-verifdiploma-partner-to-enhance-security-and-efficiency-in-global-credential-verification\/"}],"_links":{"self":[{"href":"https:\/\/www.wes.org\/fr\/wp-json\/wp\/v2\/pages\/52965","targetHints":{"allow":["GET"]}}],"collection":[{"href":"https:\/\/www.wes.org\/fr\/wp-json\/wp\/v2\/pages"}],"about":[{"href":"https:\/\/www.wes.org\/fr\/wp-json\/wp\/v2\/types\/page"}],"author":[{"embeddable":true,"href":"https:\/\/www.wes.org\/fr\/wp-json\/wp\/v2\/users\/1090"}],"replies":[{"embeddable":true,"href":"https:\/\/www.wes.org\/fr\/wp-json\/wp\/v2\/comments?post=52965"}],"version-history":[{"count":0,"href":"https:\/\/www.wes.org\/fr\/wp-json\/wp\/v2\/pages\/52965\/revisions"}],"up":[{"embeddable":true,"href":"https:\/\/www.wes.org\/fr\/wp-json\/wp\/v2\/pages\/49859"}],"wp:attachment":[{"href":"https:\/\/www.wes.org\/fr\/wp-json\/wp\/v2\/media?parent=52965"}],"curies":[{"name":"wp","href":"https:\/\/api.w.org\/{rel}","templated":true}]}}