{"id":52183,"date":"2025-08-28T12:33:50","date_gmt":"2025-08-28T16:33:50","guid":{"rendered":"https:\/\/www.wes.org\/?page_id=52183"},"modified":"2025-09-11T11:42:51","modified_gmt":"2025-09-11T15:42:51","slug":"alliance-canadienne-des-organismes-de-reglementation-des-professionnels-de-laboratoire-medical","status":"publish","type":"page","link":"https:\/\/www.wes.org\/fr\/alliance-canadienne-des-organismes-de-reglementation-des-professionnels-de-laboratoire-medical\/","title":{"rendered":"Alliance canadienne des organismes de r\u00e9glementation des professionnels de laboratoire medical"},"content":{"rendered":"\n<h1 class=\"wp-block-heading has-text-align-center\" id=\"h-directives-de-soumission-des-demandes-en-ligne-wes-pour-les-candidates-et-candidats-a-l-inscription-par-l-entremise-de-l-alliance-canadienne-des-organismes-de-reglementation-des-professionnels-de-laboratoire-medical-acorplm\">Directives de soumission des demandes en ligne WES pour les candidates et candidats \u00e0 l\u2019inscription par l\u2019entremise de l\u2019Alliance canadienne des organismes de r\u00e9glementation des professionnels de laboratoire m\u00e9dical (ACORPLM)<\/h1>\n\n\n\n<p><\/p>\n\n\n\n<figure class=\"wp-block-image aligncenter size-full is-resized\"><img loading=\"lazy\" decoding=\"async\" width=\"800\" height=\"247\" src=\"https:\/\/www.wes.org\/wp-content\/uploads\/2025\/09\/2025-camlpr-logo-rgb.jpg\" alt=\"\" class=\"wp-image-52427\" style=\"width:650px\" srcset=\"https:\/\/www.wes.org\/wp-content\/uploads\/2025\/09\/2025-camlpr-logo-rgb.jpg 800w, https:\/\/www.wes.org\/wp-content\/uploads\/2025\/09\/2025-camlpr-logo-rgb-300x93.jpg 300w, https:\/\/www.wes.org\/wp-content\/uploads\/2025\/09\/2025-camlpr-logo-rgb-768x237.jpg 768w\" sizes=\"auto, (max-width: 800px) 100vw, 800px\" \/><\/figure>\n\n\n\n<p><\/p>\n\n\n\n<div style=\"height:100px\" aria-hidden=\"true\" class=\"wp-block-spacer\"><\/div>\n\n\n\n\n\n<section \n   \n  class=\"relative sw-block alignwide wp-block-group is-layout-flow wp-block-storyware-floating-content-is-layout-flow\"\n  style=\"--wp--style--layout--content-size: var(--wp--custom--content-width); \n         --wp--style--layout--wide-size: var(--wp--custom--wide-width);\">\n\n  <div class=\"mx-auto px-5\">\n    <div class=\"grid gap-5 md:grid-cols-2 lg:gap-24 items-start\">\n\n      <!-- Image Column -->\n      <div class=\"not-prose\">\n                  <img loading=\"lazy\" decoding=\"async\" width=\"540\" height=\"356\" src=\"https:\/\/www.wes.org\/wp-content\/uploads\/2017\/04\/partners_1-iStock_627576018.jpg\" class=\"h-72 md:h-[480px] w-full object-cover object-center\" alt=\"Image of laptop open\" \/>\n                        <\/div>\n\n      <!-- Text Column -->\n      <div class=\"md:order-last\">\n\n                  <h2 class=\"font-medium text-[28px] text-black leading-snug\">Volet 1 : Candidates et candidats WES existants disposant d\u00e9j\u00e0 d\u2019un rapport d\u2019\u00e9valuation document par document<\/h2>\n        \n                  <div class=\"mt-3\"><p>Si vous disposez d\u00e9j\u00e0 d\u2019un rapport d\u2019\u00e9valuation document par document, vous devrez effectuer une \u00ab mise \u00e0 niveau \u00bb vers l\u2019\u00e9valuation cours par cours (forfait International Credential Advantage Package, ou ICAP) et commander un \u00ab rapport suppl\u00e9mentaire \u00bb pour l\u2019ACORPLM :<\/p>\n<ol>\n<li><strong>Connectez-vous<\/strong> \u00e0 <a href=\"https:\/\/applications.wes.org\/createaccount\/login\/login\">MyAccount<\/a>.<\/li>\n<li><strong>Commandez<\/strong> la mise \u00e0 niveau vers Course-by-Course (cours par cours) et s\u00e9lectionnez Licensing (licence) comme objectif.<\/li>\n<li><strong>Ajoutez<\/strong> l\u2019ACORPLM en tant que destinataire de votre rapport d\u2019\u00e9valuation cours par cours.<\/li>\n<li><strong>Acquittez<\/strong> les <a href=\"https:\/\/www.wes.org\/fr\/evaluations-et-frais\/\">frais<\/a> applicables.<\/li>\n<li><strong>Rapport final <\/strong>: Le rapport d\u2019\u00e9valuation vous sera envoy\u00e9 par la poste, et l\u2019ACORPLM pourra acc\u00e9der \u00e0 votre rapport et aux documents d\u2019\u00e9tudes connexes par voie \u00e9lectronique.<\/li>\n<\/ol>\n<\/div>\n        \n        <!-- Button Type: Standard Link -->\n        \n        <!-- Button Type: Marketo Popup -->\n        \n      <\/div>\n    <\/div>\n  <\/div>\n<\/section>\n\n\n\n<div style=\"height:100px\" aria-hidden=\"true\" class=\"wp-block-spacer\"><\/div>\n\n\n\n\n\n<section \n   \n  class=\"relative sw-block alignwide wp-block-group is-layout-flow wp-block-storyware-floating-content-is-layout-flow\"\n  style=\"--wp--style--layout--content-size: var(--wp--custom--content-width); \n         --wp--style--layout--wide-size: var(--wp--custom--wide-width);\">\n\n  <div class=\"mx-auto px-5\">\n    <div class=\"grid gap-5 md:grid-cols-2 lg:gap-24 items-start\">\n\n      <!-- Image Column -->\n      <div class=\"not-prose\">\n                  <img loading=\"lazy\" decoding=\"async\" width=\"540\" height=\"356\" src=\"https:\/\/www.wes.org\/wp-content\/uploads\/2017\/04\/partners_2-iStock_465211473.jpg\" class=\"h-72 md:h-[480px] w-full object-cover object-center\" alt=\"Mailing envelope\" \/>\n                        <\/div>\n\n      <!-- Text Column -->\n      <div class=\"md:order-first\">\n\n                  <h2 class=\"font-medium text-[28px] text-black leading-snug\">Volet 2 : Candidates et candidats WES existants qui auraient d\u00e9j\u00e0 demand\u00e9 une EDE pour IRCC<\/h2>\n        \n                  <div class=\"mt-3\"><p>Si vous disposez d\u00e9j\u00e0 d\u2019un compte et d\u2019un rapport d\u2019\u00e9valuation WES, d\u2019une \u00e9valuation des dipl\u00f4mes d\u2019\u00e9tudes (EDE) pour le Programme d\u2019entr\u00e9e express d\u2019Immigration, R\u00e9fugi\u00e9s et Citoyennet\u00e9 Canada (IRCC) et que vous avez besoin d\u2019un rapport d\u2019\u00e9valuation cours par cours (forfait ICAP) aux fins de l\u2019ACORPLM :<\/p>\n<ol>\n<li><strong>Connectez-vous<\/strong> \u00e0 <a href=\"https:\/\/applications.wes.org\/createaccount\/login\/login\">MyAccount<\/a>.<\/li>\n<li><strong>Mettez \u00e0 niveau<\/strong> votre EDE pour passer au rapport d\u2019\u00e9valuation cours par cours et s\u00e9lectionnez \u00ab Licensing \u00bb (licence) comme objectif du rapport d\u2019\u00e9valuation. Vous recevrez un nouveau num\u00e9ro de r\u00e9f\u00e9rence WES, qui sera li\u00e9 \u00e0 votre dossier d\u2019EDE.<\/li>\n<li><strong>Ajoutez<\/strong> l\u2019ACORPLM en tant que destinataire de votre rapport d\u2019\u00e9valuation cours par cours.<\/li>\n<li><strong>Acquittez<\/strong> les <a href=\"https:\/\/www.wes.org\/fr\/evaluations-et-frais\/\">frais<\/a> applicables.<\/li>\n<li><strong>Surveillez l\u2019\u00e9tat de la demande<\/strong> dans MyAccount; comme vous disposez d\u00e9j\u00e0 d\u2019une EDE, WES pourrait demander des documents suppl\u00e9mentaires en lien avec vos \u00e9tudes.<\/li>\n<li><strong>Recevez le rapport final.<\/strong> Le rapport d\u2019\u00e9valuation vous sera envoy\u00e9 par la poste, et l\u2019ACORPLM pourra acc\u00e9der \u00e0 votre rapport et aux documents d\u2019\u00e9tudes connexes par voie \u00e9lectronique.<\/li>\n<\/ol>\n<p>Si vous avez des questions sur l\u2019inscription par l\u2019entremise de l\u2019ACORPLM, veuillez visiter le <a href=\"https:\/\/camlpr.org\/\" target=\"_blank\" rel=\"noopener\">site Web<\/a> de l\u2019organisation.<\/p>\n<\/div>\n        \n        <!-- Button Type: Standard Link -->\n        \n        <!-- Button Type: Marketo Popup -->\n        \n      <\/div>\n    <\/div>\n  <\/div>\n<\/section>\n\n\n\n<div style=\"height:100px\" aria-hidden=\"true\" class=\"wp-block-spacer\"><\/div>\n\n\n\n\n\n<section \n   \n  class=\"relative sw-block alignwide wp-block-group is-layout-flow wp-block-storyware-floating-content-is-layout-flow\"\n  style=\"--wp--style--layout--content-size: var(--wp--custom--content-width); \n         --wp--style--layout--wide-size: var(--wp--custom--wide-width);\">\n\n  <div class=\"mx-auto px-5\">\n    <div class=\"grid gap-5 md:grid-cols-2 lg:gap-24 items-start\">\n\n      <!-- Image Column -->\n      <div class=\"not-prose\">\n                  <img loading=\"lazy\" decoding=\"async\" width=\"540\" height=\"356\" src=\"https:\/\/www.wes.org\/wp-content\/uploads\/2018\/12\/partners_3-iStock_522739044.png\" class=\"h-72 md:h-[480px] w-full object-cover object-center\" alt=\"\" srcset=\"https:\/\/www.wes.org\/wp-content\/uploads\/2018\/12\/partners_3-iStock_522739044.png 540w, https:\/\/www.wes.org\/wp-content\/uploads\/2018\/12\/partners_3-iStock_522739044-300x198.png 300w\" sizes=\"auto, (max-width: 540px) 100vw, 540px\" \/>\n                        <\/div>\n\n      <!-- Text Column -->\n      <div class=\"md:order-last\">\n\n                  <h2 class=\"font-medium text-[28px] text-black leading-snug\">Volet 3 : Nouveaux candidats et candidates \u00e0 WES<\/h2>\n        \n                  <div class=\"mt-3\"><ol>\n<li><strong>Cr\u00e9ez un nouveau compte WES :<\/strong> Consultez la page de <a href=\"https:\/\/applications.wes.org\/createaccount?ln=2\">cr\u00e9ation d\u2019un compte WES<\/a>, s\u00e9lectionnez Canada et choisissez Demande d\u2019\u00e9valuation standard de WES.<\/li>\n<li><strong>S\u00e9lectionnez le type d\u2019\u00e9valuation :<\/strong> Choisissez Course-by-Course (ICAP) et \u00ab Licensing \u00bb (licence) comme objectif du rapport d\u2019\u00e9valuation.<\/li>\n<li><strong>Ajoutez<\/strong> l\u2019ACORPLM en tant que destinataire de votre rapport d\u2019\u00e9valuation cours par cours.<\/li>\n<li><strong>Soumettez la demande<\/strong>, acquittez les frais et obtenez un num\u00e9ro de r\u00e9f\u00e9rence : Une fois votre demande soumise, vous recevrez un num\u00e9ro de r\u00e9f\u00e9rence WES.<\/li>\n<li><strong>Soumettez vos documents d\u2019\u00e9tudes :<\/strong> Respectez les <a href=\"https:\/\/applications.wes.org\/required-documents\">exigences relatives aux documents<\/a> de WES pour chacun des pays, et faites en sorte que vos documents d\u2019\u00e9tudes soient envoy\u00e9s directement \u00e0 WES. Certains peuvent \u00eatre t\u00e9l\u00e9vers\u00e9s dans MyAccount.<\/li>\n<li><strong>Surveillez l\u2019\u00e9tat de la demande\u00a0:<\/strong>\u00a0Connectez-vous \u00e0 <a href=\"https:\/\/applications.wes.org\/createaccount\/login\/login?ln=2\">MyAccount<\/a> de WES pour suivre la progression de votre demande. WES communiquera avec vous si des documents suppl\u00e9mentaires sont requis.<\/li>\n<li><strong>Recevez le rapport final :<\/strong> Le rapport d\u2019\u00e9valuation vous sera envoy\u00e9 par la poste, et l\u2019ACORPLM pourra acc\u00e9der \u00e0 votre rapport et aux documents d\u2019\u00e9tudes connexes par voie \u00e9lectronique.<\/li>\n<\/ol>\n<p><strong>Remarques :<\/strong><\/p>\n<ul>\n<li>Les <a href=\"https:\/\/www.wes.org\/fr\/evaluations-et-frais\/\">frais de WES<\/a> sont appliqu\u00e9s par candidate ou candidat, et non par dipl\u00f4me.<\/li>\n<\/ul>\n<\/div>\n        \n        <!-- Button Type: Standard Link -->\n        \n        <!-- Button Type: Marketo Popup -->\n        \n      <\/div>\n    <\/div>\n  <\/div>\n<\/section>\n\n\n\n<p><\/p>\n","protected":false},"excerpt":{"rendered":"<p>Directives de soumission des demandes en ligne WES pour les candidates et candidats \u00e0 l\u2019inscription par l\u2019entremise de l\u2019Alliance canadienne des organismes de r\u00e9glementation des professionnels de laboratoire m\u00e9dical (ACORPLM)<\/p>\n","protected":false},"author":65,"featured_media":0,"parent":0,"menu_order":0,"comment_status":"closed","ping_status":"closed","template":"","meta":{"_acf_changed":false,"footnotes":""},"class_list":["post-52183","page","type-page","status-publish","hentry"],"better_featured_image":null,"acf":{"alert_msg":"default"},"yoast_head":"<!-- This site is optimized with the Yoast SEO Premium plugin v26.2 (Yoast SEO v27.0) - https:\/\/yoast.com\/product\/yoast-seo-premium-wordpress\/ -->\n<title>Alliance canadienne des organismes de r\u00e9glementation des professionnels de laboratoire medical - WES<\/title>\n<meta name=\"robots\" content=\"index, follow, max-snippet:-1, max-image-preview:large, max-video-preview:-1\" \/>\n<link rel=\"canonical\" href=\"https:\/\/www.wes.org\/fr\/alliance-canadienne-des-organismes-de-reglementation-des-professionnels-de-laboratoire-medical\/\" \/>\n<meta property=\"og:locale\" content=\"fr_FR\" \/>\n<meta property=\"og:type\" content=\"article\" \/>\n<meta property=\"og:title\" content=\"Alliance canadienne des organismes de r\u00e9glementation des professionnels de laboratoire medical\" \/>\n<meta property=\"og:description\" content=\"Directives de soumission des demandes en ligne WES pour les candidates et candidats \u00e0 l\u2019inscription par l\u2019entremise de l\u2019Alliance canadienne des organismes de r\u00e9glementation des professionnels de laboratoire m\u00e9dical (ACORPLM)\" \/>\n<meta property=\"og:url\" content=\"https:\/\/www.wes.org\/fr\/alliance-canadienne-des-organismes-de-reglementation-des-professionnels-de-laboratoire-medical\/\" \/>\n<meta property=\"og:site_name\" content=\"WES\" \/>\n<meta property=\"article:publisher\" content=\"https:\/\/www.facebook.com\/WorldEducationServices\/\" \/>\n<meta property=\"article:modified_time\" content=\"2025-09-11T15:42:51+00:00\" \/>\n<meta property=\"og:image\" content=\"https:\/\/www.wes.org\/wp-content\/uploads\/2025\/09\/2025-camlpr-logo-rgb.jpg\" \/>\n\t<meta property=\"og:image:width\" content=\"800\" \/>\n\t<meta property=\"og:image:height\" content=\"247\" \/>\n\t<meta property=\"og:image:type\" content=\"image\/jpeg\" \/>\n<meta name=\"twitter:card\" content=\"summary_large_image\" \/>\n<meta name=\"twitter:site\" content=\"@WorldEdServices\" \/>\n<meta name=\"twitter:label1\" content=\"Dur\u00e9e de lecture estim\u00e9e\" \/>\n\t<meta name=\"twitter:data1\" content=\"1 minute\" \/>\n<script type=\"application\/ld+json\" class=\"yoast-schema-graph\">{\"@context\":\"https:\/\/schema.org\",\"@graph\":[{\"@type\":\"WebPage\",\"@id\":\"https:\/\/www.wes.org\/fr\/alliance-canadienne-des-organismes-de-reglementation-des-professionnels-de-laboratoire-medical\/\",\"url\":\"https:\/\/www.wes.org\/fr\/alliance-canadienne-des-organismes-de-reglementation-des-professionnels-de-laboratoire-medical\/\",\"name\":\"Alliance canadienne des organismes de r\u00e9glementation des professionnels de laboratoire medical - WES\",\"isPartOf\":{\"@id\":\"https:\/\/www.wes.org\/fr\/#website\"},\"primaryImageOfPage\":{\"@id\":\"https:\/\/www.wes.org\/fr\/alliance-canadienne-des-organismes-de-reglementation-des-professionnels-de-laboratoire-medical\/#primaryimage\"},\"image\":{\"@id\":\"https:\/\/www.wes.org\/fr\/alliance-canadienne-des-organismes-de-reglementation-des-professionnels-de-laboratoire-medical\/#primaryimage\"},\"thumbnailUrl\":\"https:\/\/www.wes.org\/wp-content\/uploads\/2025\/09\/2025-camlpr-logo-rgb.jpg\",\"datePublished\":\"2025-08-28T16:33:50+00:00\",\"dateModified\":\"2025-09-11T15:42:51+00:00\",\"breadcrumb\":{\"@id\":\"https:\/\/www.wes.org\/fr\/alliance-canadienne-des-organismes-de-reglementation-des-professionnels-de-laboratoire-medical\/#breadcrumb\"},\"inLanguage\":\"fr-FR\",\"potentialAction\":[{\"@type\":\"ReadAction\",\"target\":[\"https:\/\/www.wes.org\/fr\/alliance-canadienne-des-organismes-de-reglementation-des-professionnels-de-laboratoire-medical\/\"]}]},{\"@type\":\"ImageObject\",\"inLanguage\":\"fr-FR\",\"@id\":\"https:\/\/www.wes.org\/fr\/alliance-canadienne-des-organismes-de-reglementation-des-professionnels-de-laboratoire-medical\/#primaryimage\",\"url\":\"https:\/\/www.wes.org\/wp-content\/uploads\/2025\/09\/2025-camlpr-logo-rgb.jpg\",\"contentUrl\":\"https:\/\/www.wes.org\/wp-content\/uploads\/2025\/09\/2025-camlpr-logo-rgb.jpg\"},{\"@type\":\"BreadcrumbList\",\"@id\":\"https:\/\/www.wes.org\/fr\/alliance-canadienne-des-organismes-de-reglementation-des-professionnels-de-laboratoire-medical\/#breadcrumb\",\"itemListElement\":[{\"@type\":\"ListItem\",\"position\":1,\"name\":\"Home\",\"item\":\"https:\/\/www.wes.org\/fr\/\"},{\"@type\":\"ListItem\",\"position\":2,\"name\":\"Alliance canadienne des organismes de r\u00e9glementation des professionnels de laboratoire medical\"}]},{\"@type\":\"WebSite\",\"@id\":\"https:\/\/www.wes.org\/fr\/#website\",\"url\":\"https:\/\/www.wes.org\/fr\/\",\"name\":\"World Education Services\",\"description\":\"\",\"publisher\":{\"@id\":\"https:\/\/www.wes.org\/fr\/#organization\"},\"potentialAction\":[{\"@type\":\"SearchAction\",\"target\":{\"@type\":\"EntryPoint\",\"urlTemplate\":\"https:\/\/www.wes.org\/fr\/?s={search_term_string}\"},\"query-input\":{\"@type\":\"PropertyValueSpecification\",\"valueRequired\":true,\"valueName\":\"search_term_string\"}}],\"inLanguage\":\"fr-FR\"},{\"@type\":\"Organization\",\"@id\":\"https:\/\/www.wes.org\/fr\/#organization\",\"name\":\"World Education Services\",\"url\":\"https:\/\/www.wes.org\/fr\/\",\"logo\":{\"@type\":\"ImageObject\",\"inLanguage\":\"fr-FR\",\"@id\":\"https:\/\/www.wes.org\/fr\/#\/schema\/logo\/image\/\",\"url\":\"https:\/\/www.wes.org\/wp-content\/uploads\/2024\/07\/cropped-cropped-WES_Logo_RGB-Primary_Green-Clearspace-e1719869905447.png\",\"contentUrl\":\"https:\/\/www.wes.org\/wp-content\/uploads\/2024\/07\/cropped-cropped-WES_Logo_RGB-Primary_Green-Clearspace-e1719869905447.png\",\"width\":512,\"height\":512,\"caption\":\"World Education Services\"},\"image\":{\"@id\":\"https:\/\/www.wes.org\/fr\/#\/schema\/logo\/image\/\"},\"sameAs\":[\"https:\/\/www.facebook.com\/WorldEducationServices\/\",\"https:\/\/x.com\/WorldEdServices\",\"https:\/\/www.linkedin.com\/company\/worldeducationservices\/\"]}]}<\/script>\n<!-- \/ Yoast SEO Premium plugin. -->","yoast_head_json":{"title":"Alliance canadienne des organismes de r\u00e9glementation des professionnels de laboratoire medical - WES","robots":{"index":"index","follow":"follow","max-snippet":"max-snippet:-1","max-image-preview":"max-image-preview:large","max-video-preview":"max-video-preview:-1"},"canonical":"https:\/\/www.wes.org\/fr\/alliance-canadienne-des-organismes-de-reglementation-des-professionnels-de-laboratoire-medical\/","og_locale":"fr_FR","og_type":"article","og_title":"Alliance canadienne des organismes de r\u00e9glementation des professionnels de laboratoire medical","og_description":"Directives de soumission des demandes en ligne WES pour les candidates et candidats \u00e0 l\u2019inscription par l\u2019entremise de l\u2019Alliance canadienne des organismes de r\u00e9glementation des professionnels de laboratoire m\u00e9dical (ACORPLM)","og_url":"https:\/\/www.wes.org\/fr\/alliance-canadienne-des-organismes-de-reglementation-des-professionnels-de-laboratoire-medical\/","og_site_name":"WES","article_publisher":"https:\/\/www.facebook.com\/WorldEducationServices\/","article_modified_time":"2025-09-11T15:42:51+00:00","og_image":[{"width":800,"height":247,"url":"https:\/\/www.wes.org\/wp-content\/uploads\/2025\/09\/2025-camlpr-logo-rgb.jpg","type":"image\/jpeg"}],"twitter_card":"summary_large_image","twitter_site":"@WorldEdServices","twitter_misc":{"Dur\u00e9e de lecture estim\u00e9e":"1 minute"},"schema":{"@context":"https:\/\/schema.org","@graph":[{"@type":"WebPage","@id":"https:\/\/www.wes.org\/fr\/alliance-canadienne-des-organismes-de-reglementation-des-professionnels-de-laboratoire-medical\/","url":"https:\/\/www.wes.org\/fr\/alliance-canadienne-des-organismes-de-reglementation-des-professionnels-de-laboratoire-medical\/","name":"Alliance canadienne des organismes de r\u00e9glementation des professionnels de laboratoire medical - WES","isPartOf":{"@id":"https:\/\/www.wes.org\/fr\/#website"},"primaryImageOfPage":{"@id":"https:\/\/www.wes.org\/fr\/alliance-canadienne-des-organismes-de-reglementation-des-professionnels-de-laboratoire-medical\/#primaryimage"},"image":{"@id":"https:\/\/www.wes.org\/fr\/alliance-canadienne-des-organismes-de-reglementation-des-professionnels-de-laboratoire-medical\/#primaryimage"},"thumbnailUrl":"https:\/\/www.wes.org\/wp-content\/uploads\/2025\/09\/2025-camlpr-logo-rgb.jpg","datePublished":"2025-08-28T16:33:50+00:00","dateModified":"2025-09-11T15:42:51+00:00","breadcrumb":{"@id":"https:\/\/www.wes.org\/fr\/alliance-canadienne-des-organismes-de-reglementation-des-professionnels-de-laboratoire-medical\/#breadcrumb"},"inLanguage":"fr-FR","potentialAction":[{"@type":"ReadAction","target":["https:\/\/www.wes.org\/fr\/alliance-canadienne-des-organismes-de-reglementation-des-professionnels-de-laboratoire-medical\/"]}]},{"@type":"ImageObject","inLanguage":"fr-FR","@id":"https:\/\/www.wes.org\/fr\/alliance-canadienne-des-organismes-de-reglementation-des-professionnels-de-laboratoire-medical\/#primaryimage","url":"https:\/\/www.wes.org\/wp-content\/uploads\/2025\/09\/2025-camlpr-logo-rgb.jpg","contentUrl":"https:\/\/www.wes.org\/wp-content\/uploads\/2025\/09\/2025-camlpr-logo-rgb.jpg"},{"@type":"BreadcrumbList","@id":"https:\/\/www.wes.org\/fr\/alliance-canadienne-des-organismes-de-reglementation-des-professionnels-de-laboratoire-medical\/#breadcrumb","itemListElement":[{"@type":"ListItem","position":1,"name":"Home","item":"https:\/\/www.wes.org\/fr\/"},{"@type":"ListItem","position":2,"name":"Alliance canadienne des organismes de r\u00e9glementation des professionnels de laboratoire medical"}]},{"@type":"WebSite","@id":"https:\/\/www.wes.org\/fr\/#website","url":"https:\/\/www.wes.org\/fr\/","name":"World Education Services","description":"","publisher":{"@id":"https:\/\/www.wes.org\/fr\/#organization"},"potentialAction":[{"@type":"SearchAction","target":{"@type":"EntryPoint","urlTemplate":"https:\/\/www.wes.org\/fr\/?s={search_term_string}"},"query-input":{"@type":"PropertyValueSpecification","valueRequired":true,"valueName":"search_term_string"}}],"inLanguage":"fr-FR"},{"@type":"Organization","@id":"https:\/\/www.wes.org\/fr\/#organization","name":"World Education Services","url":"https:\/\/www.wes.org\/fr\/","logo":{"@type":"ImageObject","inLanguage":"fr-FR","@id":"https:\/\/www.wes.org\/fr\/#\/schema\/logo\/image\/","url":"https:\/\/www.wes.org\/wp-content\/uploads\/2024\/07\/cropped-cropped-WES_Logo_RGB-Primary_Green-Clearspace-e1719869905447.png","contentUrl":"https:\/\/www.wes.org\/wp-content\/uploads\/2024\/07\/cropped-cropped-WES_Logo_RGB-Primary_Green-Clearspace-e1719869905447.png","width":512,"height":512,"caption":"World Education Services"},"image":{"@id":"https:\/\/www.wes.org\/fr\/#\/schema\/logo\/image\/"},"sameAs":["https:\/\/www.facebook.com\/WorldEducationServices\/","https:\/\/x.com\/WorldEdServices","https:\/\/www.linkedin.com\/company\/worldeducationservices\/"]}]}},"wpml_current_locale":"fr_FR","wpml_translations":[{"locale":"en_US","id":51388,"post_title":"Canadian Alliance of Medical Lab Prof Regulators","href":"https:\/\/www.wes.org\/canadian-alliance-of-medical-lab-prof-regulators\/"}],"_links":{"self":[{"href":"https:\/\/www.wes.org\/fr\/wp-json\/wp\/v2\/pages\/52183","targetHints":{"allow":["GET"]}}],"collection":[{"href":"https:\/\/www.wes.org\/fr\/wp-json\/wp\/v2\/pages"}],"about":[{"href":"https:\/\/www.wes.org\/fr\/wp-json\/wp\/v2\/types\/page"}],"author":[{"embeddable":true,"href":"https:\/\/www.wes.org\/fr\/wp-json\/wp\/v2\/users\/65"}],"replies":[{"embeddable":true,"href":"https:\/\/www.wes.org\/fr\/wp-json\/wp\/v2\/comments?post=52183"}],"version-history":[{"count":0,"href":"https:\/\/www.wes.org\/fr\/wp-json\/wp\/v2\/pages\/52183\/revisions"}],"wp:attachment":[{"href":"https:\/\/www.wes.org\/fr\/wp-json\/wp\/v2\/media?parent=52183"}],"curies":[{"name":"wp","href":"https:\/\/api.w.org\/{rel}","templated":true}]}}