{"id":51224,"date":"2025-06-03T13:59:57","date_gmt":"2025-06-03T17:59:57","guid":{"rendered":"https:\/\/www.wes.org\/programme-daffiliation-wes\/"},"modified":"2025-06-03T13:59:59","modified_gmt":"2025-06-03T17:59:59","slug":"programme-daffiliation-wes","status":"publish","type":"page","link":"https:\/\/www.wes.org\/fr\/programme-daffiliation-wes\/","title":{"rendered":"Programme d\u2019affiliation WES"},"content":{"rendered":"&#13;\n<h1 class=\"wp-block-heading\">Bienvenue dans le <strong>programme d\u2019affiliation\u00a0WES<\/strong><\/h1>&#13;\n&#13;\n<h2 class=\"wp-block-heading\">Qui est WES\u00a0?<\/h2>&#13;\n&#13;\n<p>World Education Services (WES) est une entreprise sociale \u00e0 but non lucratif. Chaque achat d\u2019une \u00e9valuation de dipl\u00f4me WES contribue \u00e0 notre mission qui consiste \u00e0 aider les \u00e9tudiants internationaux, les immigrants et les r\u00e9fugi\u00e9s \u00e0 atteindre leurs objectifs en mati\u00e8re d\u2019\u00e9ducation et de carri\u00e8re aux \u00c9tats-Unis et au Canada. Depuis des d\u00e9cennies, nous \u00e9tablissons la norme d\u2019excellence dans le domaine de l\u2019\u00e9valuation des dipl\u00f4mes internationaux en tirant parti de ressources in\u00e9gal\u00e9es.<\/p>&#13;\n&#13;\n<p>Depuis\u00a01974, nous avons fourni \u00e0 plus de 3\u00a0millions de candidats des rapports d\u2019\u00e9valuation des dipl\u00f4mes de premier ordre. En\u00a02021, notre entreprise sociale a g\u00e9n\u00e9r\u00e9 plus de 100\u00a0millions de dollars de revenus provenant de pr\u00e8s de 500\u00a0000\u00a0demandes. Plus de 2\u00a0500\u00a0employeurs, \u00e9tablissements d\u2019enseignement et organismes de r\u00e9glementation aux \u00c9tats-Unis et au Canada acceptent nos \u00e9valuations.<\/p>&#13;\n\r\n<div class=\"wp-block-spacer\" style=\"height: 60px;\" aria-hidden=\"true\">\u00a0<\/div>\r\n\r\n<div class=\"wp-block-columns is-layout-flex wp-container-core-columns-is-layout-28f84493 wp-block-columns-is-layout-flex\">\r\n<div class=\"wp-block-column is-layout-flow wp-block-column-is-layout-flow\">&#13;\n<figure class=\"wp-block-image size-full is-resized\"><img loading=\"lazy\" decoding=\"async\" width=\"300\" height=\"300\" class=\"wp-image-37289\" style=\"width: auto; height: 58px;\" src=\"https:\/\/wes.org\/wp-content\/uploads\/2022\/11\/credential-eveluation-icon-300x300-1.png\" alt=\"\" srcset=\"https:\/\/www.wes.org\/wp-content\/uploads\/2022\/11\/credential-eveluation-icon-300x300-1.png 300w, https:\/\/www.wes.org\/wp-content\/uploads\/2022\/11\/credential-eveluation-icon-300x300-1-150x150.png 150w, https:\/\/www.wes.org\/wp-content\/uploads\/2022\/11\/credential-eveluation-icon-300x300-1-195x195.png 195w, https:\/\/www.wes.org\/wp-content\/uploads\/2022\/11\/credential-eveluation-icon-300x300-1-185x185.png 185w\" sizes=\"auto, (max-width: 300px) 100vw, 300px\" \/><\/figure>&#13;\n\r\n\r\n&#13;\n<h2 class=\"wp-block-heading\">Qu\u2019est-ce qu\u2019une \u00e9valuation de dipl\u00f4me ?<\/h2>&#13;\n\r\n\r\n&#13;\n<p>Un rapport d\u2019\u00e9valuation des dipl\u00f4mes est une condition d\u2019admission standard pour les \u00e9tudiants internationaux qui souhaitent s\u2019inscrire dans un \u00e9tablissement d\u2019enseignement sup\u00e9rieur aux \u00c9tats-Unis et au Canada. Un rapport d\u2019\u00e9valuation des dipl\u00f4mes met en \u00e9vidence les r\u00e9sultats scolaires d\u2019une personne et v\u00e9rifie ses qualifications.<\/p>&#13;\n\r\n\r\n&#13;\n<p>Un rapport d\u2019\u00e9valuation des dipl\u00f4mes WES d\u00e9crit chaque dipl\u00f4me obtenu par un \u00e9tudiant en utilisant la terminologie standard am\u00e9ricaine ou canadienne en mati\u00e8re d\u2019\u00e9ducation et comprend une d\u00e9claration d\u2019\u00e9quivalence comparant les dipl\u00f4mes de la personne \u00e0 des dipl\u00f4mes similaires aux \u00c9tats-Unis ou au Canada.<\/p>&#13;\n<\/div>\r\n\r\n\r\n\r\n<div class=\"wp-block-column is-layout-flow wp-block-column-is-layout-flow\">&#13;\n<figure class=\"wp-block-image size-full is-resized\"><img decoding=\"async\" class=\"wp-image-37283\" style=\"width: auto; height: 58px;\" src=\"https:\/\/wes.org\/wp-content\/uploads\/2022\/11\/affiliate-program-icon.svg\" alt=\"\"\/><\/figure>&#13;\n\r\n\r\n&#13;\n<h2 class=\"wp-block-heading\">Qu\u2019est-ce que le programme d\u2019affiliation WES\u00a0?<\/h2>&#13;\n\r\n\r\n\r\n<ul class=\"wp-block-list\">&#13;\n<li>Notre programme offre un moyen unique pour votre site Web ou votre application de cr\u00e9er un lien vers WES.<\/li>&#13;\n\r\n\r\n&#13;\n<li>Gagnez des commissions sur les achats d\u2019\u00e9valuation de dipl\u00f4mes \u00e9ligibles.<\/li>&#13;\n<\/ul>\r\n<\/div>\r\n<\/div>\r\n\r\n<div class=\"wp-block-buttons is-content-justification-center is-layout-flex wp-container-core-buttons-is-layout-a89b3969 wp-block-buttons-is-layout-flex\">&#13;\n<div class=\"wp-block-button\"><a class=\"wp-block-button__link wp-element-button\" href=\"#marketo-affiliate-form\">Postulez pour devenir affili\u00e9 WES<\/a><\/div>&#13;\n<\/div>\r\n\r\n<div class=\"wp-block-spacer\" style=\"height: 60px;\" aria-hidden=\"true\">\u00a0<\/div>\r\n\r\n<div class=\"wp-block-columns is-layout-flex wp-container-core-columns-is-layout-14cf5ab5 wp-block-columns-is-layout-flex\">\r\n<div class=\"wp-block-column is-layout-flow wp-container-core-column-is-layout-5dafc681 wp-block-column-is-layout-flow\">&#13;\n<figure class=\"wp-block-image size-full is-resized\"><img decoding=\"async\" class=\"wp-image-37286\" style=\"width: auto; height: 58px;\" src=\"https:\/\/wes.org\/wp-content\/uploads\/2022\/11\/compensation-icon.svg\" alt=\"\"\/><\/figure>&#13;\n\r\n\r\n&#13;\n<h2 class=\"wp-block-heading\">R\u00e9mun\u00e9ration<\/h2>&#13;\n\r\n\r\n&#13;\n<p>Recevez 10\u00a0% sur chaque vente.<\/p>&#13;\n<\/div>\r\n\r\n\r\n\r\n<div class=\"wp-block-column is-layout-flow wp-container-core-column-is-layout-d7e64215 wp-block-column-is-layout-flow\">&#13;\n<figure class=\"wp-block-image size-full is-resized\"><img decoding=\"async\" class=\"wp-image-37292\" style=\"width: auto; height: 58px;\" src=\"https:\/\/wes.org\/wp-content\/uploads\/2022\/11\/program-icon.svg\" alt=\"\"\/><\/figure>&#13;\n\r\n\r\n&#13;\n<h2 class=\"wp-block-heading\">Comment fonctionne le programme\u00a0?<\/h2>&#13;\n\r\n\r\n\r\n<ul class=\"wp-block-list\">&#13;\n<li>Devenez un affili\u00e9 approuv\u00e9.<\/li>&#13;\n\r\n\r\n&#13;\n<li>Configurez les \u00e9l\u00e9ments cr\u00e9atifs et les liens.<\/li>&#13;\n\r\n\r\n&#13;\n<li>Gagnez des commissions.<\/li>&#13;\n<\/ul>\r\n<\/div>\r\n\r\n\r\n\r\n<div class=\"wp-block-column is-layout-flow wp-block-column-is-layout-flow\">&#13;\n<figure class=\"wp-block-image size-full is-resized\"><img decoding=\"async\" class=\"wp-image-37295\" style=\"width: auto; height: 58px;\" src=\"https:\/\/wes.org\/wp-content\/uploads\/2022\/11\/how-to-icon.svg\" alt=\"\"\/><\/figure>&#13;\n\r\n\r\n&#13;\n<h2 class=\"wp-block-heading\">Comment puis-je devenir affili\u00e9\u00a0?<\/h2>&#13;\n\r\n\r\n\r\n<ol class=\"wp-block-list\">&#13;\n<li>Soumettez une demande.<\/li>&#13;\n\r\n\r\n&#13;\n<li>Notre \u00e9quipe examinera et d\u00e9terminera si vous \u00eates un bon candidat.<\/li>&#13;\n\r\n\r\n&#13;\n<li>Si vous remplissez les conditions, nous vous contacterons.<\/li>&#13;\n<\/ol>\r\n<\/div>\r\n<\/div>\r\n&#13;\n<h2 class=\"wp-block-heading\">FAQ<\/h2>&#13;\n\r\n<div class=\"wp-block-columns is-layout-flex wp-container-core-columns-is-layout-28f84493 wp-block-columns-is-layout-flex\">\r\n<div class=\"wp-block-column is-layout-flow wp-block-column-is-layout-flow\">&#13;\n<h3 class=\"wp-block-heading\">Quelles sont les exigences pour \u00eatre affili\u00e9 \u00e0 WES\u00a0?<\/h3>&#13;\n\r\n\r\n&#13;\n<p>Vous devez disposer d\u2019un site Web actif pouvant \u00eatre consult\u00e9 ou d\u2019un autre moyen acceptable de joindre notre client\u00e8le cible.<\/p>&#13;\n<\/div>\r\n\r\n\r\n\r\n<div class=\"wp-block-column is-layout-flow wp-block-column-is-layout-flow\">&#13;\n<h3 class=\"wp-block-heading\">Quel est le d\u00e9lai de suivi\u00a0?<\/h3>&#13;\n\r\n\r\n&#13;\n<p>Toutes les banni\u00e8res et tous les liens textuels pourront \u00eatre suivis via un cookie de retour de 13\u00a0jours int\u00e9gr\u00e9 aux informations de votre identifiant d\u2019affili\u00e9.<\/p>&#13;\n<\/div>\r\n\r\n\r\n\r\n<div class=\"wp-block-column is-layout-flow wp-block-column-is-layout-flow\">&#13;\n<h3 class=\"wp-block-heading\">Puis-je \u00e9galement diffuser des annonces\u00a0?<\/h3>&#13;\n\r\n\r\n&#13;\n<p>Nous encourageons les affili\u00e9s \u00e0 utiliser des mots-cl\u00e9s g\u00e9n\u00e9riques dans leur optimisation des moteurs de recherche. Les affili\u00e9s ne sont pas autoris\u00e9s \u00e0 utiliser notre nom commercial, notre nom de domaine, ni des variantes ou des orthographes erron\u00e9es de ceux-ci dans les annonces de recherche.<\/p>&#13;\n<\/div>\r\n<\/div>\r\n\r\n<h2 id=\"marketo-affiliate-form\" class=\"wes-form-heading\" style=\"text-align: center;\">Remplir le formulaire de demande<\/h2>\r\n<script src=\"\/\/knowledge.wes.org\/js\/forms2\/js\/forms2.min.js\"><\/script>\r\n<div class=\"wes-marketo-styles\">\r\n  <form id=\"mktoForm_8410\"><\/form> <script>MktoForms2.loadForm(\"\/\/knowledge.wes.org\", \"317-CTM-316\", 8410);<\/script>\r\n<\/div>\r\n","protected":false},"excerpt":{"rendered":"<p>&#13; Bienvenue dans le programme d\u2019affiliation\u00a0WES &#13; &#13; Qui est WES\u00a0? &#13; &#13; World Education Services (WES) est une entreprise sociale \u00e0 but non lucratif. Chaque achat d\u2019une \u00e9valuation de dipl\u00f4me WES contribue \u00e0 notre mission qui consiste \u00e0 aider les \u00e9tudiants internationaux, les immigrants et les r\u00e9fugi\u00e9s \u00e0 atteindre leurs objectifs en mati\u00e8re d\u2019\u00e9ducation [&hellip;]<\/p>\n","protected":false},"author":65,"featured_media":0,"parent":0,"menu_order":0,"comment_status":"closed","ping_status":"closed","template":"","meta":{"_acf_changed":false,"footnotes":""},"class_list":["post-51224","page","type-page","status-publish","hentry"],"better_featured_image":null,"acf":{"alert_msg":"default"},"yoast_head":"<!-- This site is optimized with the Yoast SEO Premium plugin v26.2 (Yoast SEO v27.0) - https:\/\/yoast.com\/product\/yoast-seo-premium-wordpress\/ -->\n<title>Programme d\u2019affiliation WES - WES<\/title>\n<meta name=\"robots\" content=\"index, follow, max-snippet:-1, max-image-preview:large, max-video-preview:-1\" \/>\n<link rel=\"canonical\" href=\"https:\/\/www.wes.org\/fr\/programme-daffiliation-wes\/\" \/>\n<meta property=\"og:locale\" content=\"fr_FR\" \/>\n<meta property=\"og:type\" content=\"article\" \/>\n<meta property=\"og:title\" content=\"Programme d\u2019affiliation WES\" \/>\n<meta property=\"og:description\" content=\"&#013; Bienvenue dans le programme d\u2019affiliation\u00a0WES &#013; &#013; Qui est WES\u00a0? &#013; &#013; World Education Services (WES) est une entreprise sociale \u00e0 but non lucratif. Chaque achat d\u2019une \u00e9valuation de dipl\u00f4me WES contribue \u00e0 notre mission qui consiste \u00e0 aider les \u00e9tudiants internationaux, les immigrants et les r\u00e9fugi\u00e9s \u00e0 atteindre leurs objectifs en mati\u00e8re d\u2019\u00e9ducation [&hellip;]\" \/>\n<meta property=\"og:url\" content=\"https:\/\/www.wes.org\/fr\/programme-daffiliation-wes\/\" \/>\n<meta property=\"og:site_name\" content=\"WES\" \/>\n<meta property=\"article:publisher\" content=\"https:\/\/www.facebook.com\/WorldEducationServices\/\" \/>\n<meta property=\"article:modified_time\" content=\"2025-06-03T17:59:59+00:00\" \/>\n<meta property=\"og:image\" content=\"https:\/\/wes.org\/wp-content\/uploads\/2022\/11\/credential-eveluation-icon-300x300-1.png\" \/>\n<meta name=\"twitter:card\" content=\"summary_large_image\" \/>\n<meta name=\"twitter:site\" content=\"@WorldEdServices\" \/>\n<meta name=\"twitter:label1\" content=\"Dur\u00e9e de lecture estim\u00e9e\" \/>\n\t<meta name=\"twitter:data1\" content=\"2 minutes\" \/>\n<script type=\"application\/ld+json\" class=\"yoast-schema-graph\">{\"@context\":\"https:\/\/schema.org\",\"@graph\":[{\"@type\":\"WebPage\",\"@id\":\"https:\/\/www.wes.org\/fr\/programme-daffiliation-wes\/\",\"url\":\"https:\/\/www.wes.org\/fr\/programme-daffiliation-wes\/\",\"name\":\"Programme d\u2019affiliation WES - WES\",\"isPartOf\":{\"@id\":\"https:\/\/www.wes.org\/fr\/#website\"},\"primaryImageOfPage\":{\"@id\":\"https:\/\/www.wes.org\/fr\/programme-daffiliation-wes\/#primaryimage\"},\"image\":{\"@id\":\"https:\/\/www.wes.org\/fr\/programme-daffiliation-wes\/#primaryimage\"},\"thumbnailUrl\":\"https:\/\/wes.org\/wp-content\/uploads\/2022\/11\/credential-eveluation-icon-300x300-1.png\",\"datePublished\":\"2025-06-03T17:59:57+00:00\",\"dateModified\":\"2025-06-03T17:59:59+00:00\",\"breadcrumb\":{\"@id\":\"https:\/\/www.wes.org\/fr\/programme-daffiliation-wes\/#breadcrumb\"},\"inLanguage\":\"fr-FR\",\"potentialAction\":[{\"@type\":\"ReadAction\",\"target\":[\"https:\/\/www.wes.org\/fr\/programme-daffiliation-wes\/\"]}]},{\"@type\":\"ImageObject\",\"inLanguage\":\"fr-FR\",\"@id\":\"https:\/\/www.wes.org\/fr\/programme-daffiliation-wes\/#primaryimage\",\"url\":\"https:\/\/wes.org\/wp-content\/uploads\/2022\/11\/credential-eveluation-icon-300x300-1.png\",\"contentUrl\":\"https:\/\/wes.org\/wp-content\/uploads\/2022\/11\/credential-eveluation-icon-300x300-1.png\"},{\"@type\":\"BreadcrumbList\",\"@id\":\"https:\/\/www.wes.org\/fr\/programme-daffiliation-wes\/#breadcrumb\",\"itemListElement\":[{\"@type\":\"ListItem\",\"position\":1,\"name\":\"Home\",\"item\":\"https:\/\/www.wes.org\/fr\/\"},{\"@type\":\"ListItem\",\"position\":2,\"name\":\"Programme d\u2019affiliation WES\"}]},{\"@type\":\"WebSite\",\"@id\":\"https:\/\/www.wes.org\/fr\/#website\",\"url\":\"https:\/\/www.wes.org\/fr\/\",\"name\":\"World Education Services\",\"description\":\"\",\"publisher\":{\"@id\":\"https:\/\/www.wes.org\/fr\/#organization\"},\"potentialAction\":[{\"@type\":\"SearchAction\",\"target\":{\"@type\":\"EntryPoint\",\"urlTemplate\":\"https:\/\/www.wes.org\/fr\/?s={search_term_string}\"},\"query-input\":{\"@type\":\"PropertyValueSpecification\",\"valueRequired\":true,\"valueName\":\"search_term_string\"}}],\"inLanguage\":\"fr-FR\"},{\"@type\":\"Organization\",\"@id\":\"https:\/\/www.wes.org\/fr\/#organization\",\"name\":\"World Education Services\",\"url\":\"https:\/\/www.wes.org\/fr\/\",\"logo\":{\"@type\":\"ImageObject\",\"inLanguage\":\"fr-FR\",\"@id\":\"https:\/\/www.wes.org\/fr\/#\/schema\/logo\/image\/\",\"url\":\"https:\/\/www.wes.org\/wp-content\/uploads\/2024\/07\/cropped-cropped-WES_Logo_RGB-Primary_Green-Clearspace-e1719869905447.png\",\"contentUrl\":\"https:\/\/www.wes.org\/wp-content\/uploads\/2024\/07\/cropped-cropped-WES_Logo_RGB-Primary_Green-Clearspace-e1719869905447.png\",\"width\":512,\"height\":512,\"caption\":\"World Education Services\"},\"image\":{\"@id\":\"https:\/\/www.wes.org\/fr\/#\/schema\/logo\/image\/\"},\"sameAs\":[\"https:\/\/www.facebook.com\/WorldEducationServices\/\",\"https:\/\/x.com\/WorldEdServices\",\"https:\/\/www.linkedin.com\/company\/worldeducationservices\/\"]}]}<\/script>\n<!-- \/ Yoast SEO Premium plugin. -->","yoast_head_json":{"title":"Programme d\u2019affiliation WES - WES","robots":{"index":"index","follow":"follow","max-snippet":"max-snippet:-1","max-image-preview":"max-image-preview:large","max-video-preview":"max-video-preview:-1"},"canonical":"https:\/\/www.wes.org\/fr\/programme-daffiliation-wes\/","og_locale":"fr_FR","og_type":"article","og_title":"Programme d\u2019affiliation WES","og_description":"&#13; Bienvenue dans le programme d\u2019affiliation\u00a0WES &#13; &#13; Qui est WES\u00a0? &#13; &#13; World Education Services (WES) est une entreprise sociale \u00e0 but non lucratif. Chaque achat d\u2019une \u00e9valuation de dipl\u00f4me WES contribue \u00e0 notre mission qui consiste \u00e0 aider les \u00e9tudiants internationaux, les immigrants et les r\u00e9fugi\u00e9s \u00e0 atteindre leurs objectifs en mati\u00e8re d\u2019\u00e9ducation [&hellip;]","og_url":"https:\/\/www.wes.org\/fr\/programme-daffiliation-wes\/","og_site_name":"WES","article_publisher":"https:\/\/www.facebook.com\/WorldEducationServices\/","article_modified_time":"2025-06-03T17:59:59+00:00","og_image":[{"url":"https:\/\/wes.org\/wp-content\/uploads\/2022\/11\/credential-eveluation-icon-300x300-1.png","type":"","width":"","height":""}],"twitter_card":"summary_large_image","twitter_site":"@WorldEdServices","twitter_misc":{"Dur\u00e9e de lecture estim\u00e9e":"2 minutes"},"schema":{"@context":"https:\/\/schema.org","@graph":[{"@type":"WebPage","@id":"https:\/\/www.wes.org\/fr\/programme-daffiliation-wes\/","url":"https:\/\/www.wes.org\/fr\/programme-daffiliation-wes\/","name":"Programme d\u2019affiliation WES - WES","isPartOf":{"@id":"https:\/\/www.wes.org\/fr\/#website"},"primaryImageOfPage":{"@id":"https:\/\/www.wes.org\/fr\/programme-daffiliation-wes\/#primaryimage"},"image":{"@id":"https:\/\/www.wes.org\/fr\/programme-daffiliation-wes\/#primaryimage"},"thumbnailUrl":"https:\/\/wes.org\/wp-content\/uploads\/2022\/11\/credential-eveluation-icon-300x300-1.png","datePublished":"2025-06-03T17:59:57+00:00","dateModified":"2025-06-03T17:59:59+00:00","breadcrumb":{"@id":"https:\/\/www.wes.org\/fr\/programme-daffiliation-wes\/#breadcrumb"},"inLanguage":"fr-FR","potentialAction":[{"@type":"ReadAction","target":["https:\/\/www.wes.org\/fr\/programme-daffiliation-wes\/"]}]},{"@type":"ImageObject","inLanguage":"fr-FR","@id":"https:\/\/www.wes.org\/fr\/programme-daffiliation-wes\/#primaryimage","url":"https:\/\/wes.org\/wp-content\/uploads\/2022\/11\/credential-eveluation-icon-300x300-1.png","contentUrl":"https:\/\/wes.org\/wp-content\/uploads\/2022\/11\/credential-eveluation-icon-300x300-1.png"},{"@type":"BreadcrumbList","@id":"https:\/\/www.wes.org\/fr\/programme-daffiliation-wes\/#breadcrumb","itemListElement":[{"@type":"ListItem","position":1,"name":"Home","item":"https:\/\/www.wes.org\/fr\/"},{"@type":"ListItem","position":2,"name":"Programme d\u2019affiliation WES"}]},{"@type":"WebSite","@id":"https:\/\/www.wes.org\/fr\/#website","url":"https:\/\/www.wes.org\/fr\/","name":"World Education Services","description":"","publisher":{"@id":"https:\/\/www.wes.org\/fr\/#organization"},"potentialAction":[{"@type":"SearchAction","target":{"@type":"EntryPoint","urlTemplate":"https:\/\/www.wes.org\/fr\/?s={search_term_string}"},"query-input":{"@type":"PropertyValueSpecification","valueRequired":true,"valueName":"search_term_string"}}],"inLanguage":"fr-FR"},{"@type":"Organization","@id":"https:\/\/www.wes.org\/fr\/#organization","name":"World Education Services","url":"https:\/\/www.wes.org\/fr\/","logo":{"@type":"ImageObject","inLanguage":"fr-FR","@id":"https:\/\/www.wes.org\/fr\/#\/schema\/logo\/image\/","url":"https:\/\/www.wes.org\/wp-content\/uploads\/2024\/07\/cropped-cropped-WES_Logo_RGB-Primary_Green-Clearspace-e1719869905447.png","contentUrl":"https:\/\/www.wes.org\/wp-content\/uploads\/2024\/07\/cropped-cropped-WES_Logo_RGB-Primary_Green-Clearspace-e1719869905447.png","width":512,"height":512,"caption":"World Education Services"},"image":{"@id":"https:\/\/www.wes.org\/fr\/#\/schema\/logo\/image\/"},"sameAs":["https:\/\/www.facebook.com\/WorldEducationServices\/","https:\/\/x.com\/WorldEdServices","https:\/\/www.linkedin.com\/company\/worldeducationservices\/"]}]}},"wpml_current_locale":"fr_FR","wpml_translations":[{"locale":"en_US","id":37281,"post_title":"WES Affiliate Program","href":"https:\/\/www.wes.org\/wes-affiliate-program\/"}],"_links":{"self":[{"href":"https:\/\/www.wes.org\/fr\/wp-json\/wp\/v2\/pages\/51224","targetHints":{"allow":["GET"]}}],"collection":[{"href":"https:\/\/www.wes.org\/fr\/wp-json\/wp\/v2\/pages"}],"about":[{"href":"https:\/\/www.wes.org\/fr\/wp-json\/wp\/v2\/types\/page"}],"author":[{"embeddable":true,"href":"https:\/\/www.wes.org\/fr\/wp-json\/wp\/v2\/users\/65"}],"replies":[{"embeddable":true,"href":"https:\/\/www.wes.org\/fr\/wp-json\/wp\/v2\/comments?post=51224"}],"version-history":[{"count":0,"href":"https:\/\/www.wes.org\/fr\/wp-json\/wp\/v2\/pages\/51224\/revisions"}],"wp:attachment":[{"href":"https:\/\/www.wes.org\/fr\/wp-json\/wp\/v2\/media?parent=51224"}],"curies":[{"name":"wp","href":"https:\/\/api.w.org\/{rel}","templated":true}]}}