{"id":51220,"date":"2025-06-03T13:59:54","date_gmt":"2025-06-03T17:59:54","guid":{"rendered":"https:\/\/www.wes.org\/politiques-daccessibilite\/"},"modified":"2026-02-13T09:51:51","modified_gmt":"2026-02-13T14:51:51","slug":"politiques-daccessibilite","status":"publish","type":"page","link":"https:\/\/www.wes.org\/fr\/politiques-daccessibilite\/","title":{"rendered":"Politiques d&rsquo;accessibilit\u00e9"},"content":{"rendered":"\n<h1 class=\"wp-block-heading has-text-align-center\" id=\"h-accessibilite-pour-tous\">Accessibilit\u00e9 pour tous<\/h1>\n\n\n\n<p><\/p>\n\n\n\n<p class=\"has-text-align-center\">World Education Services (WES) est ravi de faciliter l&rsquo;acc\u00e8s \u00e0 ses services aux personnes en situation de handicap. En rendant notre site Web plus inclusif pour tous les utilisateurs, nous permettons \u00e0 chacun d&rsquo;acc\u00e9der facilement \u00e0 notre contenu et \u00e0 nos services en ligne. Veuillez consulter cette page pour en savoir plus sur la mani\u00e8re dont nous nous conformons aux normes \u00e9tablies dans la&nbsp;<a href=\"https:\/\/www.ontario.ca\/page\/accessibility-laws\" target=\"_blank\" rel=\"noreferrer noopener\">Loi sur l&rsquo;accessibilit\u00e9 pour les personnes handicap\u00e9es de l&rsquo;Ontario<\/a>&nbsp;(AODA).<\/p>\n\n\n\n<div style=\"height:100px\" aria-hidden=\"true\" class=\"wp-block-spacer\"><\/div>\n\n\n\n<p><\/p>\n\n\n\n\n\n<section \n   \n  class=\"relative sw-block alignwide wp-block-group is-layout-flow wp-block-storyware-floating-content-is-layout-flow\"\n  style=\"--wp--style--layout--content-size: var(--wp--custom--content-width); \n         --wp--style--layout--wide-size: var(--wp--custom--wide-width);\">\n\n  <div class=\"mx-auto px-5\">\n    <div class=\"grid gap-5 md:grid-cols-2 lg:gap-24 items-start\">\n\n      <!-- Image Column -->\n      <div class=\"not-prose\">\n                  <img loading=\"lazy\" decoding=\"async\" width=\"560\" height=\"376\" src=\"https:\/\/www.wes.org\/wp-content\/uploads\/2018\/12\/shutterstock_68059948-2.jpg\" class=\"h-72 md:h-[480px] w-full object-cover object-center\" alt=\"\" srcset=\"https:\/\/www.wes.org\/wp-content\/uploads\/2018\/12\/shutterstock_68059948-2.jpg 560w, https:\/\/www.wes.org\/wp-content\/uploads\/2018\/12\/shutterstock_68059948-2-300x201.jpg 300w\" sizes=\"auto, (max-width: 560px) 100vw, 560px\" \/>\n                        <\/div>\n\n      <!-- Text Column -->\n      <div class=\"md:order-last\">\n\n                  <h2 class=\"font-medium text-[28px] text-black leading-snug\">Notre politique d&#039;accessibilit\u00e9<\/h2>\n        \n                  <div class=\"mt-3\"><p>Nous nous effor\u00e7ons de garantir que l&rsquo;utilisation de nos services ne pr\u00e9sente aucun obstacle. Nous nous engageons \u00e0 respecter toutes les normes de la Loi sur l&rsquo;accessibilit\u00e9 pour les personnes handicap\u00e9es de l&rsquo;Ontario.<\/p>\n<\/div>\n        \n        <!-- Button Type: Standard Link -->\n                  <div class=\"mt-9 not-prose\">\n            <a class=\"sw-primary-button inline-block font-sans rounded-[50px] px-5 pb-1.5 pt-2 text-center text-sm font-semibold tracking-wide\"\n               href=\"https:\/\/www.wes.org\/fr\/politique-daccessibilite\/\"\n               target=\"_self\">\n               Afficher notre politique d&#039;accessibilit\u00e9            <\/a>\n          <\/div>\n        \n        <!-- Button Type: Marketo Popup -->\n        \n      <\/div>\n    <\/div>\n  <\/div>\n<\/section>\n\n\n\n<div style=\"height:100px\" aria-hidden=\"true\" class=\"wp-block-spacer\"><\/div>\n\n\n\n\n\n<section \n   \n  class=\"relative sw-block alignwide wp-block-group is-layout-flow wp-block-storyware-floating-content-is-layout-flow\"\n  style=\"--wp--style--layout--content-size: var(--wp--custom--content-width); \n         --wp--style--layout--wide-size: var(--wp--custom--wide-width);\">\n\n  <div class=\"mx-auto px-5\">\n    <div class=\"grid gap-5 md:grid-cols-2 lg:gap-24 items-start\">\n\n      <!-- Image Column -->\n      <div class=\"not-prose\">\n                  <img loading=\"lazy\" decoding=\"async\" width=\"622\" height=\"406\" src=\"https:\/\/www.wes.org\/wp-content\/uploads\/2016\/12\/WES-Blog-V2_07.jpg\" class=\"h-72 md:h-[480px] w-full object-cover object-center\" alt=\"Woman smiling at laptop\" \/>\n                        <\/div>\n\n      <!-- Text Column -->\n      <div class=\"md:order-first\">\n\n                  <h2 class=\"font-medium text-[28px] text-black leading-snug\">Notre politique d&#039;accessibilit\u00e9 du service client<\/h2>\n        \n                  <div class=\"mt-3\"><p>Nous nous engageons \u00e0 fournir un service client accessible et de qualit\u00e9 \u00e0 toutes les personnes qui utilisent ou souhaitent utiliser nos services.<\/p>\n<\/div>\n        \n        <!-- Button Type: Standard Link -->\n                  <div class=\"mt-9 not-prose\">\n            <a class=\"sw-primary-button inline-block font-sans rounded-[50px] px-5 pb-1.5 pt-2 text-center text-sm font-semibold tracking-wide\"\n               href=\"https:\/\/www.wes.org\/fr\/politique-daccessibilite-du-service-client\/\"\n               target=\"_self\">\n               Afficher notre politique d&#039;accessibilit\u00e9 du service client            <\/a>\n          <\/div>\n        \n        <!-- Button Type: Marketo Popup -->\n        \n      <\/div>\n    <\/div>\n  <\/div>\n<\/section>\n\n\n\n<div style=\"height:100px\" aria-hidden=\"true\" class=\"wp-block-spacer\"><\/div>\n\n\n\n\n\n<section \n   \n  class=\"relative sw-block alignwide wp-block-group is-layout-flow wp-block-storyware-floating-content-is-layout-flow\"\n  style=\"--wp--style--layout--content-size: var(--wp--custom--content-width); \n         --wp--style--layout--wide-size: var(--wp--custom--wide-width);\">\n\n  <div class=\"mx-auto px-5\">\n    <div class=\"grid gap-5 md:grid-cols-2 lg:gap-24 items-start\">\n\n      <!-- Image Column -->\n      <div class=\"not-prose\">\n                  <img loading=\"lazy\" decoding=\"async\" width=\"2121\" height=\"1414\" src=\"https:\/\/www.wes.org\/wp-content\/uploads\/2017\/12\/iStock-504105494.jpg\" class=\"h-72 md:h-[480px] w-full object-cover object-center\" alt=\"Protractor tool\" srcset=\"https:\/\/www.wes.org\/wp-content\/uploads\/2017\/12\/iStock-504105494.jpg 2121w, https:\/\/www.wes.org\/wp-content\/uploads\/2017\/12\/iStock-504105494-300x200.jpg 300w, https:\/\/www.wes.org\/wp-content\/uploads\/2017\/12\/iStock-504105494-1024x683.jpg 1024w, https:\/\/www.wes.org\/wp-content\/uploads\/2017\/12\/iStock-504105494-768x512.jpg 768w, https:\/\/www.wes.org\/wp-content\/uploads\/2017\/12\/iStock-504105494-1536x1024.jpg 1536w, https:\/\/www.wes.org\/wp-content\/uploads\/2017\/12\/iStock-504105494-2048x1365.jpg 2048w, https:\/\/www.wes.org\/wp-content\/uploads\/2017\/12\/iStock-504105494-541x362.jpg 541w\" sizes=\"auto, (max-width: 2121px) 100vw, 2121px\" \/>\n                        <\/div>\n\n      <!-- Text Column -->\n      <div class=\"md:order-last\">\n\n                  <h2 class=\"font-medium text-[28px] text-black leading-snug\">Notre plan pluriannuel d&#039;accessibilit\u00e9<\/h2>\n        \n                  <div class=\"mt-3\"><p>Veuillez t\u00e9l\u00e9charger notre plan pluriannuel d&rsquo;accessibilit\u00e9 pour d\u00e9couvrir les mesures prises par WES afin de garantir l&rsquo;\u00e9galit\u00e9 d&rsquo;acc\u00e8s.<\/p>\n<\/div>\n        \n        <!-- Button Type: Standard Link -->\n                  <div class=\"mt-9 not-prose\">\n            <a class=\"sw-primary-button inline-block font-sans rounded-[50px] px-5 pb-1.5 pt-2 text-center text-sm font-semibold tracking-wide\"\n               href=\"\/wp-content\/uploads\/2023\/02\/AODA-Multi-Year-Plan-2022_vFINAL.pdf\"\n               target=\"_blank\">\n               T\u00e9l\u00e9charger le plan pluriannuel (PDF)            <\/a>\n          <\/div>\n        \n        <!-- Button Type: Marketo Popup -->\n        \n      <\/div>\n    <\/div>\n  <\/div>\n<\/section>\n","protected":false},"excerpt":{"rendered":"<p>Accessibilit\u00e9 pour tous World Education Services (WES) est ravi de faciliter l&rsquo;acc\u00e8s \u00e0 ses services aux personnes en situation de handicap. En rendant notre site Web plus inclusif pour tous les utilisateurs, nous permettons \u00e0 chacun d&rsquo;acc\u00e9der facilement \u00e0 notre contenu et \u00e0 nos services en ligne. Veuillez consulter cette page pour en savoir plus [&hellip;]<\/p>\n","protected":false},"author":2,"featured_media":0,"parent":0,"menu_order":0,"comment_status":"closed","ping_status":"closed","template":"","meta":{"_acf_changed":false,"footnotes":""},"class_list":["post-51220","page","type-page","status-publish","hentry"],"better_featured_image":null,"acf":{"alert_msg":"default","intro_title":"Accessibilit\u00e9<span> pour tous <\/span>","sw_show_as_header":false,"sw_show_as_button":false,"sw_show_as_feature":false},"yoast_head":"<!-- This site is optimized with the Yoast SEO Premium plugin v26.2 (Yoast SEO v27.0) - https:\/\/yoast.com\/product\/yoast-seo-premium-wordpress\/ -->\n<title>Politiques d&#039;accessibilit\u00e9 - WES<\/title>\n<meta name=\"robots\" content=\"index, follow, max-snippet:-1, max-image-preview:large, max-video-preview:-1\" \/>\n<link rel=\"canonical\" href=\"https:\/\/www.wes.org\/fr\/politiques-daccessibilite\/\" \/>\n<meta property=\"og:locale\" content=\"fr_FR\" \/>\n<meta property=\"og:type\" content=\"article\" \/>\n<meta property=\"og:title\" content=\"Politiques d&#039;accessibilit\u00e9\" \/>\n<meta property=\"og:description\" content=\"Accessibilit\u00e9 pour tous World Education Services (WES) est ravi de faciliter l&rsquo;acc\u00e8s \u00e0 ses services aux personnes en situation de handicap. En rendant notre site Web plus inclusif pour tous les utilisateurs, nous permettons \u00e0 chacun d&rsquo;acc\u00e9der facilement \u00e0 notre contenu et \u00e0 nos services en ligne. Veuillez consulter cette page pour en savoir plus [&hellip;]\" \/>\n<meta property=\"og:url\" content=\"https:\/\/www.wes.org\/fr\/politiques-daccessibilite\/\" \/>\n<meta property=\"og:site_name\" content=\"WES\" \/>\n<meta property=\"article:publisher\" content=\"https:\/\/www.facebook.com\/WorldEducationServices\/\" \/>\n<meta property=\"article:modified_time\" content=\"2026-02-13T14:51:51+00:00\" \/>\n<meta name=\"twitter:card\" content=\"summary_large_image\" \/>\n<meta name=\"twitter:site\" content=\"@WorldEdServices\" \/>\n<meta name=\"twitter:label1\" content=\"Dur\u00e9e de lecture estim\u00e9e\" \/>\n\t<meta name=\"twitter:data1\" content=\"1 minute\" \/>\n<script type=\"application\/ld+json\" class=\"yoast-schema-graph\">{\"@context\":\"https:\/\/schema.org\",\"@graph\":[{\"@type\":\"WebPage\",\"@id\":\"https:\/\/www.wes.org\/fr\/politiques-daccessibilite\/\",\"url\":\"https:\/\/www.wes.org\/fr\/politiques-daccessibilite\/\",\"name\":\"Politiques d'accessibilit\u00e9 - WES\",\"isPartOf\":{\"@id\":\"https:\/\/www.wes.org\/fr\/#website\"},\"datePublished\":\"2025-06-03T17:59:54+00:00\",\"dateModified\":\"2026-02-13T14:51:51+00:00\",\"breadcrumb\":{\"@id\":\"https:\/\/www.wes.org\/fr\/politiques-daccessibilite\/#breadcrumb\"},\"inLanguage\":\"fr-FR\",\"potentialAction\":[{\"@type\":\"ReadAction\",\"target\":[\"https:\/\/www.wes.org\/fr\/politiques-daccessibilite\/\"]}]},{\"@type\":\"BreadcrumbList\",\"@id\":\"https:\/\/www.wes.org\/fr\/politiques-daccessibilite\/#breadcrumb\",\"itemListElement\":[{\"@type\":\"ListItem\",\"position\":1,\"name\":\"Home\",\"item\":\"https:\/\/www.wes.org\/fr\/\"},{\"@type\":\"ListItem\",\"position\":2,\"name\":\"Politiques d&#8217;accessibilit\u00e9\"}]},{\"@type\":\"WebSite\",\"@id\":\"https:\/\/www.wes.org\/fr\/#website\",\"url\":\"https:\/\/www.wes.org\/fr\/\",\"name\":\"World Education Services\",\"description\":\"\",\"publisher\":{\"@id\":\"https:\/\/www.wes.org\/fr\/#organization\"},\"potentialAction\":[{\"@type\":\"SearchAction\",\"target\":{\"@type\":\"EntryPoint\",\"urlTemplate\":\"https:\/\/www.wes.org\/fr\/?s={search_term_string}\"},\"query-input\":{\"@type\":\"PropertyValueSpecification\",\"valueRequired\":true,\"valueName\":\"search_term_string\"}}],\"inLanguage\":\"fr-FR\"},{\"@type\":\"Organization\",\"@id\":\"https:\/\/www.wes.org\/fr\/#organization\",\"name\":\"World Education Services\",\"url\":\"https:\/\/www.wes.org\/fr\/\",\"logo\":{\"@type\":\"ImageObject\",\"inLanguage\":\"fr-FR\",\"@id\":\"https:\/\/www.wes.org\/fr\/#\/schema\/logo\/image\/\",\"url\":\"https:\/\/www.wes.org\/wp-content\/uploads\/2024\/07\/cropped-cropped-WES_Logo_RGB-Primary_Green-Clearspace-e1719869905447.png\",\"contentUrl\":\"https:\/\/www.wes.org\/wp-content\/uploads\/2024\/07\/cropped-cropped-WES_Logo_RGB-Primary_Green-Clearspace-e1719869905447.png\",\"width\":512,\"height\":512,\"caption\":\"World Education Services\"},\"image\":{\"@id\":\"https:\/\/www.wes.org\/fr\/#\/schema\/logo\/image\/\"},\"sameAs\":[\"https:\/\/www.facebook.com\/WorldEducationServices\/\",\"https:\/\/x.com\/WorldEdServices\",\"https:\/\/www.linkedin.com\/company\/worldeducationservices\/\"]}]}<\/script>\n<!-- \/ Yoast SEO Premium plugin. -->","yoast_head_json":{"title":"Politiques d'accessibilit\u00e9 - WES","robots":{"index":"index","follow":"follow","max-snippet":"max-snippet:-1","max-image-preview":"max-image-preview:large","max-video-preview":"max-video-preview:-1"},"canonical":"https:\/\/www.wes.org\/fr\/politiques-daccessibilite\/","og_locale":"fr_FR","og_type":"article","og_title":"Politiques d'accessibilit\u00e9","og_description":"Accessibilit\u00e9 pour tous World Education Services (WES) est ravi de faciliter l&rsquo;acc\u00e8s \u00e0 ses services aux personnes en situation de handicap. En rendant notre site Web plus inclusif pour tous les utilisateurs, nous permettons \u00e0 chacun d&rsquo;acc\u00e9der facilement \u00e0 notre contenu et \u00e0 nos services en ligne. Veuillez consulter cette page pour en savoir plus [&hellip;]","og_url":"https:\/\/www.wes.org\/fr\/politiques-daccessibilite\/","og_site_name":"WES","article_publisher":"https:\/\/www.facebook.com\/WorldEducationServices\/","article_modified_time":"2026-02-13T14:51:51+00:00","twitter_card":"summary_large_image","twitter_site":"@WorldEdServices","twitter_misc":{"Dur\u00e9e de lecture estim\u00e9e":"1 minute"},"schema":{"@context":"https:\/\/schema.org","@graph":[{"@type":"WebPage","@id":"https:\/\/www.wes.org\/fr\/politiques-daccessibilite\/","url":"https:\/\/www.wes.org\/fr\/politiques-daccessibilite\/","name":"Politiques d'accessibilit\u00e9 - WES","isPartOf":{"@id":"https:\/\/www.wes.org\/fr\/#website"},"datePublished":"2025-06-03T17:59:54+00:00","dateModified":"2026-02-13T14:51:51+00:00","breadcrumb":{"@id":"https:\/\/www.wes.org\/fr\/politiques-daccessibilite\/#breadcrumb"},"inLanguage":"fr-FR","potentialAction":[{"@type":"ReadAction","target":["https:\/\/www.wes.org\/fr\/politiques-daccessibilite\/"]}]},{"@type":"BreadcrumbList","@id":"https:\/\/www.wes.org\/fr\/politiques-daccessibilite\/#breadcrumb","itemListElement":[{"@type":"ListItem","position":1,"name":"Home","item":"https:\/\/www.wes.org\/fr\/"},{"@type":"ListItem","position":2,"name":"Politiques d&#8217;accessibilit\u00e9"}]},{"@type":"WebSite","@id":"https:\/\/www.wes.org\/fr\/#website","url":"https:\/\/www.wes.org\/fr\/","name":"World Education Services","description":"","publisher":{"@id":"https:\/\/www.wes.org\/fr\/#organization"},"potentialAction":[{"@type":"SearchAction","target":{"@type":"EntryPoint","urlTemplate":"https:\/\/www.wes.org\/fr\/?s={search_term_string}"},"query-input":{"@type":"PropertyValueSpecification","valueRequired":true,"valueName":"search_term_string"}}],"inLanguage":"fr-FR"},{"@type":"Organization","@id":"https:\/\/www.wes.org\/fr\/#organization","name":"World Education Services","url":"https:\/\/www.wes.org\/fr\/","logo":{"@type":"ImageObject","inLanguage":"fr-FR","@id":"https:\/\/www.wes.org\/fr\/#\/schema\/logo\/image\/","url":"https:\/\/www.wes.org\/wp-content\/uploads\/2024\/07\/cropped-cropped-WES_Logo_RGB-Primary_Green-Clearspace-e1719869905447.png","contentUrl":"https:\/\/www.wes.org\/wp-content\/uploads\/2024\/07\/cropped-cropped-WES_Logo_RGB-Primary_Green-Clearspace-e1719869905447.png","width":512,"height":512,"caption":"World Education Services"},"image":{"@id":"https:\/\/www.wes.org\/fr\/#\/schema\/logo\/image\/"},"sameAs":["https:\/\/www.facebook.com\/WorldEducationServices\/","https:\/\/x.com\/WorldEdServices","https:\/\/www.linkedin.com\/company\/worldeducationservices\/"]}]}},"wpml_current_locale":"fr_FR","wpml_translations":[{"locale":"en_US","id":2589,"post_title":"Accessibility Policies","href":"https:\/\/www.wes.org\/accessibility-policies\/"}],"_links":{"self":[{"href":"https:\/\/www.wes.org\/fr\/wp-json\/wp\/v2\/pages\/51220","targetHints":{"allow":["GET"]}}],"collection":[{"href":"https:\/\/www.wes.org\/fr\/wp-json\/wp\/v2\/pages"}],"about":[{"href":"https:\/\/www.wes.org\/fr\/wp-json\/wp\/v2\/types\/page"}],"author":[{"embeddable":true,"href":"https:\/\/www.wes.org\/fr\/wp-json\/wp\/v2\/users\/2"}],"replies":[{"embeddable":true,"href":"https:\/\/www.wes.org\/fr\/wp-json\/wp\/v2\/comments?post=51220"}],"version-history":[{"count":0,"href":"https:\/\/www.wes.org\/fr\/wp-json\/wp\/v2\/pages\/51220\/revisions"}],"wp:attachment":[{"href":"https:\/\/www.wes.org\/fr\/wp-json\/wp\/v2\/media?parent=51220"}],"curies":[{"name":"wp","href":"https:\/\/api.w.org\/{rel}","templated":true}]}}