{"id":50852,"date":"2025-05-27T10:07:46","date_gmt":"2025-05-27T14:07:46","guid":{"rendered":"https:\/\/www.wes.org\/impact-social\/politique-publique\/politique-publique-aux-etats-unis\/imprint-coalition\/adhesion-a-imprint\/"},"modified":"2025-05-27T10:07:47","modified_gmt":"2025-05-27T14:07:47","slug":"adhesion-a-imprint","status":"publish","type":"page","link":"https:\/\/www.wes.org\/fr\/impact-social\/politique-publique\/politique-publique-aux-etats-unis\/imprint-coalition\/adhesion-a-imprint\/","title":{"rendered":"Adh\u00e9sion \u00e0 IMPRINT"},"content":{"rendered":"\n<h1 class=\"wp-block-heading has-text-align-center\" id=\"h-join-imprint\">Rejoignez IMPRINT<\/h1>\n\n<p><\/p>\n\n<p class=\"has-text-align-center\">Devenez membre de IMPRINT Coalition et rejoignez une coalition nationale h\u00e9berg\u00e9e par World Education Services (WES) qui soutient les efforts nationaux, \u00e9tatiques et locaux visant \u00e0 faire progresser des politiques et des pratiques \u00e9quitables et inclusives qui \u00e9liminent les obstacles \u00e0 l\u2019ascension \u00e9conomique des immigrants et des r\u00e9fugi\u00e9s ayant des dipl\u00f4mes internationaux. En cette p\u00e9riode charni\u00e8re, ce r\u00e9seau croissant d\u2019organisations fait la promotion active de parcours professionnels destin\u00e9s aux immigrants et aux r\u00e9fugi\u00e9s qui cherchent \u00e0 mettre \u00e0 profit leurs dipl\u00f4mes internationaux.<\/p>\n\n<p><\/p>\n\n\n\n<section \n   \n  class=\"relative sw-block alignwide wp-block-group is-layout-flow wp-block-storyware-floating-content-is-layout-flow\"\n  style=\"--wp--style--layout--content-size: var(--wp--custom--content-width); \n         --wp--style--layout--wide-size: var(--wp--custom--wide-width);\">\n\n  <div class=\"mx-auto px-5\">\n    <div class=\"grid gap-5 md:grid-cols-2 lg:gap-24 items-center\">\n\n      <!-- Image Column -->\n      <div class=\"not-prose\">\n                  <img loading=\"lazy\" decoding=\"async\" width=\"2120\" height=\"1414\" src=\"https:\/\/www.wes.org\/wp-content\/uploads\/2021\/02\/iStock-1255773295-1.jpg\" class=\"h-72 md:h-[480px] w-full object-cover object-center\" alt=\"Man speaking on phone\" srcset=\"https:\/\/www.wes.org\/wp-content\/uploads\/2021\/02\/iStock-1255773295-1.jpg 2120w, https:\/\/www.wes.org\/wp-content\/uploads\/2021\/02\/iStock-1255773295-1-300x200.jpg 300w, https:\/\/www.wes.org\/wp-content\/uploads\/2021\/02\/iStock-1255773295-1-1024x683.jpg 1024w, https:\/\/www.wes.org\/wp-content\/uploads\/2021\/02\/iStock-1255773295-1-768x512.jpg 768w, https:\/\/www.wes.org\/wp-content\/uploads\/2021\/02\/iStock-1255773295-1-1536x1024.jpg 1536w, https:\/\/www.wes.org\/wp-content\/uploads\/2021\/02\/iStock-1255773295-1-2048x1366.jpg 2048w, https:\/\/www.wes.org\/wp-content\/uploads\/2021\/02\/iStock-1255773295-1-541x362.jpg 541w\" sizes=\"auto, (max-width: 2120px) 100vw, 2120px\" \/>\n                        <\/div>\n\n      <!-- Text Column -->\n      <div class=\"md:order-last\">\n\n                  <h2 class=\"font-medium text-[28px] text-black leading-snug\">Pourquoi rejoindre IMPRINT\u00a0?<\/h2>\n        \n                  <div class=\"mt-3\"><p>En rejoignant IMPRINT, votre organisation aura acc\u00e8s \u00e0 des experts, \u00e0 des mises \u00e0 jour sur les politiques, \u00e0 des occasions de d\u00e9fendre ses int\u00e9r\u00eats et \u00e0 des ressources pertinentes pour soutenir votre travail.<\/p>\n<ul>\n<li>Amplifiez votre voix<\/li>\n<li>Acc\u00e9l\u00e9rez l\u2019impact<\/li>\n<li>Nouez des liens<\/li>\n<li>D\u00e9fendez vos int\u00e9r\u00eats<\/li>\n<li>Collaborez avec les membres<\/li>\n<\/ul>\n<\/div>\n        \n        <!-- Button Type: Standard Link -->\n        \n        <!-- Button Type: Marketo Popup -->\n        \n      <\/div>\n    <\/div>\n  <\/div>\n<\/section>\n\n<div style=\"height:100px\" aria-hidden=\"true\" class=\"wp-block-spacer\"><\/div>\n\n\n\n<section \n   \n  class=\"relative sw-block alignwide wp-block-group is-layout-flow wp-block-storyware-floating-content-is-layout-flow\"\n  style=\"--wp--style--layout--content-size: var(--wp--custom--content-width); \n         --wp--style--layout--wide-size: var(--wp--custom--wide-width);\">\n\n  <div class=\"mx-auto px-5\">\n    <div class=\"grid gap-5 md:grid-cols-2 lg:gap-24 items-center\">\n\n      <!-- Image Column -->\n      <div class=\"not-prose\">\n                  <img loading=\"lazy\" decoding=\"async\" width=\"2121\" height=\"1414\" src=\"https:\/\/www.wes.org\/wp-content\/uploads\/2021\/02\/iStock-1255469811-1.jpg\" class=\"h-72 md:h-[480px] w-full object-cover object-center\" alt=\"Medical professional wearing mask and goggles\" srcset=\"https:\/\/www.wes.org\/wp-content\/uploads\/2021\/02\/iStock-1255469811-1.jpg 2121w, https:\/\/www.wes.org\/wp-content\/uploads\/2021\/02\/iStock-1255469811-1-300x200.jpg 300w, https:\/\/www.wes.org\/wp-content\/uploads\/2021\/02\/iStock-1255469811-1-1024x683.jpg 1024w, https:\/\/www.wes.org\/wp-content\/uploads\/2021\/02\/iStock-1255469811-1-768x512.jpg 768w, https:\/\/www.wes.org\/wp-content\/uploads\/2021\/02\/iStock-1255469811-1-1536x1024.jpg 1536w, https:\/\/www.wes.org\/wp-content\/uploads\/2021\/02\/iStock-1255469811-1-2048x1365.jpg 2048w, https:\/\/www.wes.org\/wp-content\/uploads\/2021\/02\/iStock-1255469811-1-541x362.jpg 541w\" sizes=\"auto, (max-width: 2121px) 100vw, 2121px\" \/>\n                        <\/div>\n\n      <!-- Text Column -->\n      <div class=\"md:order-first\">\n\n                  <h2 class=\"font-medium text-[28px] text-black leading-snug\">Crit\u00e8res d\u2019adh\u00e9sion<\/h2>\n        \n                  <div class=\"mt-3\"><p>L\u2019adh\u00e9sion \u00e0 IMPRINT est gratuite et ouverte aux organisations qui soutiennent notre mission et qui r\u00e9pondent aux crit\u00e8res suivants\u00a0:<\/p>\n<ul>\n<li>Engagement av\u00e9r\u00e9 envers la mission, la vision et les priorit\u00e9s d\u2019IMPRINT Coalition<\/li>\n<li> Volont\u00e9 de d\u00e9fendre l\u2019int\u00e9gration \u00e9conomique des immigrants et des r\u00e9fugi\u00e9s ayant des dipl\u00f4mes internationaux<\/li>\n<li> D\u00e9sir de favoriser un environnement inclusif qui accueille la diversit\u00e9 et favorise l\u2019\u00e9quit\u00e9<\/li>\n<li> Possibilit\u00e9 de d\u00e9signer un membre du personnel qui peut consacrer du temps aux activit\u00e9s associ\u00e9es aux campagnes de la coalition et participer aux r\u00e9unions virtuelles mensuelles<\/li>\n<\/ul>\n<\/div>\n        \n        <!-- Button Type: Standard Link -->\n        \n        <!-- Button Type: Marketo Popup -->\n        \n      <\/div>\n    <\/div>\n  <\/div>\n<\/section>\n\n<div style=\"height:100px\" aria-hidden=\"true\" class=\"wp-block-spacer\"><\/div>\n","protected":false},"excerpt":{"rendered":"<p>Rejoignez IMPRINT Devenez membre de IMPRINT Coalition et rejoignez une coalition nationale h\u00e9berg\u00e9e par World Education Services (WES) qui soutient les efforts nationaux, \u00e9tatiques et locaux visant \u00e0 faire progresser des politiques et des pratiques \u00e9quitables et inclusives qui \u00e9liminent les obstacles \u00e0 l\u2019ascension \u00e9conomique des immigrants et des r\u00e9fugi\u00e9s ayant des dipl\u00f4mes internationaux. En [&hellip;]<\/p>\n","protected":false},"author":38,"featured_media":0,"parent":49379,"menu_order":0,"comment_status":"closed","ping_status":"closed","template":"","meta":{"_acf_changed":false,"footnotes":""},"class_list":["post-50852","page","type-page","status-publish","hentry"],"better_featured_image":null,"acf":{"alert_msg":"default"},"yoast_head":"<!-- This site is optimized with the Yoast SEO Premium plugin v26.2 (Yoast SEO v27.0) - https:\/\/yoast.com\/product\/yoast-seo-premium-wordpress\/ -->\n<title>Adh\u00e9sion \u00e0 IMPRINT - WES<\/title>\n<meta name=\"robots\" content=\"index, follow, max-snippet:-1, max-image-preview:large, max-video-preview:-1\" \/>\n<link rel=\"canonical\" href=\"https:\/\/www.wes.org\/fr\/impact-social\/politique-publique\/politique-publique-aux-etats-unis\/imprint-coalition\/adhesion-a-imprint\/\" \/>\n<meta property=\"og:locale\" content=\"fr_FR\" \/>\n<meta property=\"og:type\" content=\"article\" \/>\n<meta property=\"og:title\" content=\"Adh\u00e9sion \u00e0 IMPRINT\" \/>\n<meta property=\"og:description\" content=\"Rejoignez IMPRINT Devenez membre de IMPRINT Coalition et rejoignez une coalition nationale h\u00e9berg\u00e9e par World Education Services (WES) qui soutient les efforts nationaux, \u00e9tatiques et locaux visant \u00e0 faire progresser des politiques et des pratiques \u00e9quitables et inclusives qui \u00e9liminent les obstacles \u00e0 l\u2019ascension \u00e9conomique des immigrants et des r\u00e9fugi\u00e9s ayant des dipl\u00f4mes internationaux. En [&hellip;]\" \/>\n<meta property=\"og:url\" content=\"https:\/\/www.wes.org\/fr\/impact-social\/politique-publique\/politique-publique-aux-etats-unis\/imprint-coalition\/adhesion-a-imprint\/\" \/>\n<meta property=\"og:site_name\" content=\"WES\" \/>\n<meta property=\"article:publisher\" content=\"https:\/\/www.facebook.com\/WorldEducationServices\/\" \/>\n<meta property=\"article:modified_time\" content=\"2025-05-27T14:07:47+00:00\" \/>\n<meta property=\"og:image\" content=\"https:\/\/www.wes.org\/wp-content\/uploads\/2021\/02\/iStock-1255773295-1.jpg\" \/>\n<meta name=\"twitter:card\" content=\"summary_large_image\" \/>\n<meta name=\"twitter:site\" content=\"@WorldEdServices\" \/>\n<script type=\"application\/ld+json\" class=\"yoast-schema-graph\">{\"@context\":\"https:\/\/schema.org\",\"@graph\":[{\"@type\":\"WebPage\",\"@id\":\"https:\/\/www.wes.org\/fr\/impact-social\/politique-publique\/politique-publique-aux-etats-unis\/imprint-coalition\/adhesion-a-imprint\/\",\"url\":\"https:\/\/www.wes.org\/fr\/impact-social\/politique-publique\/politique-publique-aux-etats-unis\/imprint-coalition\/adhesion-a-imprint\/\",\"name\":\"Adh\u00e9sion \u00e0 IMPRINT - WES\",\"isPartOf\":{\"@id\":\"https:\/\/www.wes.org\/fr\/#website\"},\"datePublished\":\"2025-05-27T14:07:46+00:00\",\"dateModified\":\"2025-05-27T14:07:47+00:00\",\"breadcrumb\":{\"@id\":\"https:\/\/www.wes.org\/fr\/impact-social\/politique-publique\/politique-publique-aux-etats-unis\/imprint-coalition\/adhesion-a-imprint\/#breadcrumb\"},\"inLanguage\":\"fr-FR\",\"potentialAction\":[{\"@type\":\"ReadAction\",\"target\":[\"https:\/\/www.wes.org\/fr\/impact-social\/politique-publique\/politique-publique-aux-etats-unis\/imprint-coalition\/adhesion-a-imprint\/\"]}]},{\"@type\":\"BreadcrumbList\",\"@id\":\"https:\/\/www.wes.org\/fr\/impact-social\/politique-publique\/politique-publique-aux-etats-unis\/imprint-coalition\/adhesion-a-imprint\/#breadcrumb\",\"itemListElement\":[{\"@type\":\"ListItem\",\"position\":1,\"name\":\"Home\",\"item\":\"https:\/\/www.wes.org\/fr\/\"},{\"@type\":\"ListItem\",\"position\":2,\"name\":\"Impact Social\",\"item\":\"https:\/\/www.wes.org\/fr\/impact-social\/\"},{\"@type\":\"ListItem\",\"position\":3,\"name\":\"Politique publique\",\"item\":\"https:\/\/www.wes.org\/fr\/impact-social\/politique-publique\/\"},{\"@type\":\"ListItem\",\"position\":4,\"name\":\"Politique publique aux \u00c9tats-Unis\",\"item\":\"https:\/\/www.wes.org\/fr\/impact-social\/politique-publique\/politique-publique-aux-etats-unis\/\"},{\"@type\":\"ListItem\",\"position\":5,\"name\":\"IMPRINT Coalition\",\"item\":\"https:\/\/www.wes.org\/fr\/impact-social\/politique-publique\/politique-publique-aux-etats-unis\/imprint-coalition\/\"},{\"@type\":\"ListItem\",\"position\":6,\"name\":\"Adh\u00e9sion \u00e0 IMPRINT\"}]},{\"@type\":\"WebSite\",\"@id\":\"https:\/\/www.wes.org\/fr\/#website\",\"url\":\"https:\/\/www.wes.org\/fr\/\",\"name\":\"World Education Services\",\"description\":\"\",\"publisher\":{\"@id\":\"https:\/\/www.wes.org\/fr\/#organization\"},\"potentialAction\":[{\"@type\":\"SearchAction\",\"target\":{\"@type\":\"EntryPoint\",\"urlTemplate\":\"https:\/\/www.wes.org\/fr\/?s={search_term_string}\"},\"query-input\":{\"@type\":\"PropertyValueSpecification\",\"valueRequired\":true,\"valueName\":\"search_term_string\"}}],\"inLanguage\":\"fr-FR\"},{\"@type\":\"Organization\",\"@id\":\"https:\/\/www.wes.org\/fr\/#organization\",\"name\":\"World Education Services\",\"url\":\"https:\/\/www.wes.org\/fr\/\",\"logo\":{\"@type\":\"ImageObject\",\"inLanguage\":\"fr-FR\",\"@id\":\"https:\/\/www.wes.org\/fr\/#\/schema\/logo\/image\/\",\"url\":\"https:\/\/www.wes.org\/wp-content\/uploads\/2024\/07\/cropped-cropped-WES_Logo_RGB-Primary_Green-Clearspace-e1719869905447.png\",\"contentUrl\":\"https:\/\/www.wes.org\/wp-content\/uploads\/2024\/07\/cropped-cropped-WES_Logo_RGB-Primary_Green-Clearspace-e1719869905447.png\",\"width\":512,\"height\":512,\"caption\":\"World Education Services\"},\"image\":{\"@id\":\"https:\/\/www.wes.org\/fr\/#\/schema\/logo\/image\/\"},\"sameAs\":[\"https:\/\/www.facebook.com\/WorldEducationServices\/\",\"https:\/\/x.com\/WorldEdServices\",\"https:\/\/www.linkedin.com\/company\/worldeducationservices\/\"]}]}<\/script>\n<!-- \/ Yoast SEO Premium plugin. -->","yoast_head_json":{"title":"Adh\u00e9sion \u00e0 IMPRINT - WES","robots":{"index":"index","follow":"follow","max-snippet":"max-snippet:-1","max-image-preview":"max-image-preview:large","max-video-preview":"max-video-preview:-1"},"canonical":"https:\/\/www.wes.org\/fr\/impact-social\/politique-publique\/politique-publique-aux-etats-unis\/imprint-coalition\/adhesion-a-imprint\/","og_locale":"fr_FR","og_type":"article","og_title":"Adh\u00e9sion \u00e0 IMPRINT","og_description":"Rejoignez IMPRINT Devenez membre de IMPRINT Coalition et rejoignez une coalition nationale h\u00e9berg\u00e9e par World Education Services (WES) qui soutient les efforts nationaux, \u00e9tatiques et locaux visant \u00e0 faire progresser des politiques et des pratiques \u00e9quitables et inclusives qui \u00e9liminent les obstacles \u00e0 l\u2019ascension \u00e9conomique des immigrants et des r\u00e9fugi\u00e9s ayant des dipl\u00f4mes internationaux. En [&hellip;]","og_url":"https:\/\/www.wes.org\/fr\/impact-social\/politique-publique\/politique-publique-aux-etats-unis\/imprint-coalition\/adhesion-a-imprint\/","og_site_name":"WES","article_publisher":"https:\/\/www.facebook.com\/WorldEducationServices\/","article_modified_time":"2025-05-27T14:07:47+00:00","og_image":[{"url":"https:\/\/www.wes.org\/wp-content\/uploads\/2021\/02\/iStock-1255773295-1.jpg","type":"","width":"","height":""}],"twitter_card":"summary_large_image","twitter_site":"@WorldEdServices","schema":{"@context":"https:\/\/schema.org","@graph":[{"@type":"WebPage","@id":"https:\/\/www.wes.org\/fr\/impact-social\/politique-publique\/politique-publique-aux-etats-unis\/imprint-coalition\/adhesion-a-imprint\/","url":"https:\/\/www.wes.org\/fr\/impact-social\/politique-publique\/politique-publique-aux-etats-unis\/imprint-coalition\/adhesion-a-imprint\/","name":"Adh\u00e9sion \u00e0 IMPRINT - WES","isPartOf":{"@id":"https:\/\/www.wes.org\/fr\/#website"},"datePublished":"2025-05-27T14:07:46+00:00","dateModified":"2025-05-27T14:07:47+00:00","breadcrumb":{"@id":"https:\/\/www.wes.org\/fr\/impact-social\/politique-publique\/politique-publique-aux-etats-unis\/imprint-coalition\/adhesion-a-imprint\/#breadcrumb"},"inLanguage":"fr-FR","potentialAction":[{"@type":"ReadAction","target":["https:\/\/www.wes.org\/fr\/impact-social\/politique-publique\/politique-publique-aux-etats-unis\/imprint-coalition\/adhesion-a-imprint\/"]}]},{"@type":"BreadcrumbList","@id":"https:\/\/www.wes.org\/fr\/impact-social\/politique-publique\/politique-publique-aux-etats-unis\/imprint-coalition\/adhesion-a-imprint\/#breadcrumb","itemListElement":[{"@type":"ListItem","position":1,"name":"Home","item":"https:\/\/www.wes.org\/fr\/"},{"@type":"ListItem","position":2,"name":"Impact Social","item":"https:\/\/www.wes.org\/fr\/impact-social\/"},{"@type":"ListItem","position":3,"name":"Politique publique","item":"https:\/\/www.wes.org\/fr\/impact-social\/politique-publique\/"},{"@type":"ListItem","position":4,"name":"Politique publique aux \u00c9tats-Unis","item":"https:\/\/www.wes.org\/fr\/impact-social\/politique-publique\/politique-publique-aux-etats-unis\/"},{"@type":"ListItem","position":5,"name":"IMPRINT Coalition","item":"https:\/\/www.wes.org\/fr\/impact-social\/politique-publique\/politique-publique-aux-etats-unis\/imprint-coalition\/"},{"@type":"ListItem","position":6,"name":"Adh\u00e9sion \u00e0 IMPRINT"}]},{"@type":"WebSite","@id":"https:\/\/www.wes.org\/fr\/#website","url":"https:\/\/www.wes.org\/fr\/","name":"World Education Services","description":"","publisher":{"@id":"https:\/\/www.wes.org\/fr\/#organization"},"potentialAction":[{"@type":"SearchAction","target":{"@type":"EntryPoint","urlTemplate":"https:\/\/www.wes.org\/fr\/?s={search_term_string}"},"query-input":{"@type":"PropertyValueSpecification","valueRequired":true,"valueName":"search_term_string"}}],"inLanguage":"fr-FR"},{"@type":"Organization","@id":"https:\/\/www.wes.org\/fr\/#organization","name":"World Education Services","url":"https:\/\/www.wes.org\/fr\/","logo":{"@type":"ImageObject","inLanguage":"fr-FR","@id":"https:\/\/www.wes.org\/fr\/#\/schema\/logo\/image\/","url":"https:\/\/www.wes.org\/wp-content\/uploads\/2024\/07\/cropped-cropped-WES_Logo_RGB-Primary_Green-Clearspace-e1719869905447.png","contentUrl":"https:\/\/www.wes.org\/wp-content\/uploads\/2024\/07\/cropped-cropped-WES_Logo_RGB-Primary_Green-Clearspace-e1719869905447.png","width":512,"height":512,"caption":"World Education Services"},"image":{"@id":"https:\/\/www.wes.org\/fr\/#\/schema\/logo\/image\/"},"sameAs":["https:\/\/www.facebook.com\/WorldEducationServices\/","https:\/\/x.com\/WorldEdServices","https:\/\/www.linkedin.com\/company\/worldeducationservices\/"]}]}},"wpml_current_locale":"fr_FR","wpml_translations":[{"locale":"en_US","id":26959,"post_title":"IMPRINT Membership","href":"https:\/\/www.wes.org\/membership\/"}],"_links":{"self":[{"href":"https:\/\/www.wes.org\/fr\/wp-json\/wp\/v2\/pages\/50852","targetHints":{"allow":["GET"]}}],"collection":[{"href":"https:\/\/www.wes.org\/fr\/wp-json\/wp\/v2\/pages"}],"about":[{"href":"https:\/\/www.wes.org\/fr\/wp-json\/wp\/v2\/types\/page"}],"author":[{"embeddable":true,"href":"https:\/\/www.wes.org\/fr\/wp-json\/wp\/v2\/users\/38"}],"replies":[{"embeddable":true,"href":"https:\/\/www.wes.org\/fr\/wp-json\/wp\/v2\/comments?post=50852"}],"version-history":[{"count":0,"href":"https:\/\/www.wes.org\/fr\/wp-json\/wp\/v2\/pages\/50852\/revisions"}],"up":[{"embeddable":true,"href":"https:\/\/www.wes.org\/fr\/wp-json\/wp\/v2\/pages\/49379"}],"wp:attachment":[{"href":"https:\/\/www.wes.org\/fr\/wp-json\/wp\/v2\/media?parent=50852"}],"curies":[{"name":"wp","href":"https:\/\/api.w.org\/{rel}","templated":true}]}}