{"id":50851,"date":"2025-05-27T10:07:44","date_gmt":"2025-05-27T14:07:44","guid":{"rendered":"https:\/\/www.wes.org\/annonces\/imprint-coalition-accueille-dix-nouveaux-membres\/"},"modified":"2025-05-27T10:07:49","modified_gmt":"2025-05-27T14:07:49","slug":"imprint-coalition-accueille-dix-nouveaux-membres","status":"publish","type":"page","link":"https:\/\/www.wes.org\/fr\/annonces\/imprint-coalition-accueille-dix-nouveaux-membres\/","title":{"rendered":"IMPRINT Coalition accueille dix nouveaux membres\u00a0"},"content":{"rendered":"\n<h1 class=\"wp-block-heading has-text-align-center\" id=\"h-the-imprint-coalition-welcomes-ten-new-members\">IMPRINT Coalition accueille dix nouveaux membres\u00a0<\/h1>\n\n<div style=\"height:50px\" aria-hidden=\"true\" class=\"wp-block-spacer\"><\/div>\n\n<p>NEW YORK, NY \u2014 (12\u00a0juillet\u00a02022) La IMPRINT Coalition, entend accueillir dix nouvelles organisations membres pour renforcer son rayonnement national. L\u2019organisation est \u00e9galement ravie d\u2019annoncer l\u2019\u00e9lection du membre actuel Washington Academy for International Medical Graduates (WAIMG) au Comit\u00e9 directeur de la coalition.<\/p>\n\n<p>Lanc\u00e9e en\u00a02011 aupr\u00e8s de World Education Services (WES) et comptant alors cinq membres, IMPRINT entend faire progresser les politiques publiques et les mod\u00e8les porteurs qui \u00e9liminent les obstacles \u00e0 la mobilit\u00e9 \u00e9conomique des immigrants et des r\u00e9fugi\u00e9s qui d\u00e9tiennent des dipl\u00f4mes internationaux.<\/p>\n\n<p>Les nouvelles organisations membres d\u2019IMPRINT sont les suivantes\u00a0:<\/p>\n\n<ul class=\"wp-block-list\">\n<li><a href=\"https:\/\/www.americanimmigrationcouncil.org\/\" target=\"_blank\" rel=\"noreferrer noopener\">American Immigration Council<\/a>\u00a0\u00e0 Washington, D.C.\u00a0;<\/li>\n\n\n\n<li><a href=\"https:\/\/globaldetroitmi.org\/\" target=\"_blank\" rel=\"noreferrer noopener\">Global Detroit<\/a>\u00a0\u00e0 D\u00e9troit, Michigan\u00a0;<\/li>\n\n\n\n<li><a href=\"https:\/\/glotalent.org\/\" target=\"_blank\" rel=\"noreferrer noopener\">Global Talent<\/a>\u00a0\u00e0 Boise, Idaho\u00a0;<\/li>\n\n\n\n<li><a href=\"https:\/\/www.ilctr.org\/\" target=\"_blank\" rel=\"noreferrer noopener\">Immigrant Learning Center<\/a>\u00a0\u00e0 Malden, Massachusetts\u00a0;<\/li>\n\n\n\n<li><a href=\"https:\/\/iibuffalo.org\/\" target=\"_blank\" rel=\"noreferrer noopener\">International Institute of Buffalo<\/a>\u00a0\u00e0 Buffalo, New York\u00a0;<\/li>\n\n\n\n<li><a href=\"https:\/\/maineimmigrantrights.org\/\" target=\"_blank\" rel=\"noreferrer noopener\">Maine Immigrants\u2019 Rights Coalition (MIRC)<\/a>\u00a0\u00e0 Portland, Maine\u00a0;<\/li>\n\n\n\n<li><a href=\"https:\/\/www.onerefugee.org\/\" target=\"_blank\" rel=\"noreferrer noopener\">One Refugee<\/a>\u00a0\u00e0 Salt Lake City, Utah;<\/li>\n\n\n\n<li><a href=\"https:\/\/refugeecongress.org\/\" target=\"_blank\" rel=\"noreferrer noopener\">Refugee Congress<\/a>\u00a0\u00e0 Washington, D.C.\u00a0;<\/li>\n\n\n\n<li><a href=\"https:\/\/www.rewa.org\/\" target=\"_blank\" rel=\"noreferrer noopener\">Refugee Women\u2019s Alliance (ReWA)<\/a>\u00a0\u00e0 Seattle, Washington\u00a0;<\/li>\n\n\n\n<li><a href=\"https:\/\/restoreeducation.org\/\" target=\"_blank\" rel=\"noreferrer noopener\">Restore Education<\/a>\u00a0\u00e0 San Antonio, Texas.<\/li>\n<\/ul>\n\n<p>Gr\u00e2ce \u00e0 ces nouveaux ajouts, IMPRINT compte d\u00e9sormais 29\u00a0membres unis par un objectif commun\u00a0: promouvoir des voies d\u2019acc\u00e8s \u00e9quitables vers l\u2019emploi pour les immigrants et les r\u00e9fugi\u00e9s aux \u00c9tats-Unis.<\/p>\n\n<p>Esther\u00a0Benjamin, chef de la direction et directrice g\u00e9n\u00e9rale de WES, a affirm\u00e9\u00a0: \u00ab\u00a0Le travail de la IMPRINT Coalition s\u2019inscrit dans le prolongement direct de la mission et des valeurs de WES. IMPRINT aide WES \u00e0 respecter son engagement qui consiste \u00e0 b\u00e2tir des communaut\u00e9s plus inclusives et plus \u00e9quitables, o\u00f9 les immigrants et les r\u00e9fugi\u00e9s peuvent s\u2019\u00e9panouir. L\u2019\u00e9largissement d\u2019IMPRINT est le gage qu\u2019un r\u00e9seau mobilis\u00e9 et d\u00e9vou\u00e9 a le pouvoir de faire avancer les r\u00e9formes.\u00a0\u00bb<\/p>\n\n<p>\u00ab\u00a0Nous sommes ravis d\u2019assister \u00e0 la croissance d\u2019IMPRINT, un organisme qui suscite des changements \u00e0 l\u2019\u00e9chelle nationale. Le fort soutien bipartite en faveur de la r\u00e9forme que nous recevons des d\u00e9cideurs politiques \u00e9tatiques, f\u00e9d\u00e9raux et des communaut\u00e9s nous encourage \u00e9galement\u00a0\u00bb, a d\u00e9clar\u00e9 Jacki Esposito, directrice de la IMPRINT Coalition. \u00ab\u00a0Nous comptons tirer parti de cette lanc\u00e9e et mener nos r\u00e9formes partout aux \u00c9tats-Unis.\u00a0\u00bb<\/p>\n\n<p>Apprenez-en plus sur\u00a0<a href=\"https:\/\/www.wes.org\/partners\/gtb-blog\/imprint-welcomes-ten-new-members\">l\u2019arriv\u00e9e de nouveaux membres<\/a> sur le blog des partenaires de WES Global Talent Bridge.<\/p>\n\n<h2 class=\"wp-block-heading\" id=\"h-about-world-education-services-wes\">\u00c0 propos de World Education Services (WES)<\/h2>\n\n<p>World Education Services (WES) est une entreprise sociale \u00e0 but non lucratif qui aide les \u00e9tudiants internationaux, les immigrants et les r\u00e9fugi\u00e9s \u00e0 atteindre leurs objectifs \u00e9ducatifs et professionnels aux \u00c9tats-Unis et au Canada. Depuis plus de 45\u00a0ans, WES a \u00e9tabli la norme d\u2019excellence dans le domaine de l\u2019\u00e9valuation des dipl\u00f4mes universitaires internationaux. Par l\u2019interm\u00e9diaire de WES Global Talent Bridge, l\u2019organisation s\u2019associe \u00e0 des partenaires institutionnels, \u00e0 des organisations communautaires et \u00e0 des d\u00e9cideurs politiques pour aider les immigrants et les r\u00e9fugi\u00e9s qui d\u00e9tiennent des dipl\u00f4mes internationaux \u00e0 utiliser pleinement leurs talents et leur \u00e9ducation pour atteindre leurs objectifs acad\u00e9miques et professionnels. Sa branche philanthropique, le Fonds WES Mariam Assefa, soutient des leaders et des organisations catalyseurs qui travaillent \u00e0 b\u00e2tir des \u00e9conomies inclusives et \u00e0 faire en sorte que les immigrants et les r\u00e9fugi\u00e9s puissent r\u00e9aliser leurs aspirations et prosp\u00e9rer.<\/p>\n\n<h2 class=\"wp-block-heading\" id=\"h-about-the-imprint-coalition\">\u00c0 propos d\u2019Imprint Coalition<\/h2>\n\n<p>H\u00e9berg\u00e9e aupr\u00e8s de WES, la IMPRINT coalition fait progresser les politiques publiques et les mod\u00e8les porteurs favorisant l\u2019inclusion \u00e9conomique des immigrants et des r\u00e9fugi\u00e9s qui d\u00e9tiennent des dipl\u00f4mes internationaux aux \u00c9tats-Unis. IMPRINT envisage un avenir o\u00f9 les \u00c9tats-Unis valorisent l\u2019\u00e9ducation, l\u2019exp\u00e9rience et l\u2019expertise des immigrants et des r\u00e9fugi\u00e9s et garantissent un acc\u00e8s \u00e9quitables aux voies de la r\u00e9ussite. En septembre\u00a02021, la Coalition a lanc\u00e9 la campagne #UntappedTalent\u00a0: Inclusive Economies for All afin de promouvoir des politiques qui incluent tous les travailleurs et ouvrent des voies afin que chacun ait une chance \u00e9quitable d\u2019atteindre ses objectifs \u00e9ducatifs et professionnels.\u00a0<a href=\"https:\/\/www.wes.org\/partners\/global-talent-bridge\/untapped-talent\/\">Apprenez-en plus sur la campagne #UntappedTalent.<\/a><\/p>\n","protected":false},"excerpt":{"rendered":"<p>IMPRINT Coalition accueille dix nouveaux membres\u00a0 NEW YORK, NY \u2014 (12\u00a0juillet\u00a02022) La IMPRINT Coalition, entend accueillir dix nouvelles organisations membres pour renforcer son rayonnement national. L\u2019organisation est \u00e9galement ravie d\u2019annoncer l\u2019\u00e9lection du membre actuel Washington Academy for International Medical Graduates (WAIMG) au Comit\u00e9 directeur de la coalition. Lanc\u00e9e en\u00a02011 aupr\u00e8s de World Education Services (WES) [&hellip;]<\/p>\n","protected":false},"author":1090,"featured_media":35498,"parent":49859,"menu_order":0,"comment_status":"closed","ping_status":"closed","template":"","meta":{"_acf_changed":false,"footnotes":""},"class_list":["post-50851","page","type-page","status-publish","has-post-thumbnail","hentry"],"better_featured_image":{"id":35498,"alt_text":"","caption":"","description":"","media_type":"image","media_details":{"width":640,"height":360,"file":"2022\/07\/wes-core-twitter-card-640x360-1.png","sizes":{"medium":{"file":"wes-core-twitter-card-640x360-1-300x169.png","width":300,"height":169,"mime-type":"image\/png","source_url":"https:\/\/www.wes.org\/wp-content\/uploads\/2022\/07\/wes-core-twitter-card-640x360-1-300x169.png"},"thumbnail":{"file":"wes-core-twitter-card-640x360-1-150x150.png","width":150,"height":150,"mime-type":"image\/png","source_url":"https:\/\/www.wes.org\/wp-content\/uploads\/2022\/07\/wes-core-twitter-card-640x360-1-150x150.png"},"testimonial-thumb":{"file":"wes-core-twitter-card-640x360-1-165x190.png","width":165,"height":190,"mime-type":"image\/png","source_url":"https:\/\/www.wes.org\/wp-content\/uploads\/2022\/07\/wes-core-twitter-card-640x360-1-165x190.png"},"carousel-post-thumb":{"file":"wes-core-twitter-card-640x360-1-540x277.png","width":540,"height":277,"mime-type":"image\/png","source_url":"https:\/\/www.wes.org\/wp-content\/uploads\/2022\/07\/wes-core-twitter-card-640x360-1-540x277.png"},"col-profile-thumb":{"file":"wes-core-twitter-card-640x360-1-195x195.png","width":195,"height":195,"mime-type":"image\/png","source_url":"https:\/\/www.wes.org\/wp-content\/uploads\/2022\/07\/wes-core-twitter-card-640x360-1-195x195.png"},"team":{"file":"wes-core-twitter-card-640x360-1-185x185.png","width":185,"height":185,"mime-type":"image\/png","source_url":"https:\/\/www.wes.org\/wp-content\/uploads\/2022\/07\/wes-core-twitter-card-640x360-1-185x185.png"},"people":{"file":"wes-core-twitter-card-640x360-1-394x276.png","width":394,"height":276,"mime-type":"image\/png","source_url":"https:\/\/www.wes.org\/wp-content\/uploads\/2022\/07\/wes-core-twitter-card-640x360-1-394x276.png"},"insight":{"file":"wes-core-twitter-card-640x360-1-541x360.png","width":541,"height":360,"mime-type":"image\/png","source_url":"https:\/\/www.wes.org\/wp-content\/uploads\/2022\/07\/wes-core-twitter-card-640x360-1-541x360.png"}},"image_meta":{"aperture":"0","credit":"","camera":"","caption":"","created_timestamp":"0","copyright":"","focal_length":"0","iso":"0","shutter_speed":"0","title":"","orientation":"0","keywords":[]},"ShortPixel":{"type":"lossy","exifKept":"0","date":"2022-07-12 14:38:03","thumbsOpt":8,"thumbsOptList":["wes-core-twitter-card-640x360-1-300x169.png","wes-core-twitter-card-640x360-1-150x150.png","wes-core-twitter-card-640x360-1-165x190.png","wes-core-twitter-card-640x360-1-540x277.png","wes-core-twitter-card-640x360-1-195x195.png","wes-core-twitter-card-640x360-1-185x185.png","wes-core-twitter-card-640x360-1-394x276.png","wes-core-twitter-card-640x360-1-541x360.png"],"excludeSizes":[],"retinasOpt":0},"ShortPixelImprovement":"79.28"},"post":50851,"source_url":"https:\/\/www.wes.org\/wp-content\/uploads\/2022\/07\/wes-core-twitter-card-640x360-1.png"},"acf":{"alert_msg":"default"},"yoast_head":"<!-- This site is optimized with the Yoast SEO Premium plugin v26.2 (Yoast SEO v27.0) - https:\/\/yoast.com\/product\/yoast-seo-premium-wordpress\/ -->\n<title>IMPRINT Coalition accueille dix nouveaux membres\u00a0 - WES<\/title>\n<meta name=\"robots\" content=\"index, follow, max-snippet:-1, max-image-preview:large, max-video-preview:-1\" \/>\n<link rel=\"canonical\" href=\"https:\/\/www.wes.org\/fr\/annonces\/imprint-coalition-accueille-dix-nouveaux-membres\/\" \/>\n<meta property=\"og:locale\" content=\"fr_FR\" \/>\n<meta property=\"og:type\" content=\"article\" \/>\n<meta property=\"og:title\" content=\"IMPRINT Coalition accueille dix nouveaux membres\u00a0\" \/>\n<meta property=\"og:description\" content=\"IMPRINT Coalition accueille dix nouveaux membres\u00a0 NEW YORK, NY \u2014 (12\u00a0juillet\u00a02022) La IMPRINT Coalition, entend accueillir dix nouvelles organisations membres pour renforcer son rayonnement national. L\u2019organisation est \u00e9galement ravie d\u2019annoncer l\u2019\u00e9lection du membre actuel Washington Academy for International Medical Graduates (WAIMG) au Comit\u00e9 directeur de la coalition. Lanc\u00e9e en\u00a02011 aupr\u00e8s de World Education Services (WES) [&hellip;]\" \/>\n<meta property=\"og:url\" content=\"https:\/\/www.wes.org\/fr\/annonces\/imprint-coalition-accueille-dix-nouveaux-membres\/\" \/>\n<meta property=\"og:site_name\" content=\"WES\" \/>\n<meta property=\"article:publisher\" content=\"https:\/\/www.facebook.com\/WorldEducationServices\/\" \/>\n<meta property=\"article:modified_time\" content=\"2025-05-27T14:07:49+00:00\" \/>\n<meta property=\"og:image\" content=\"https:\/\/www.wes.org\/wp-content\/uploads\/2022\/07\/wes-core-twitter-card-640x360-1.png\" \/>\n\t<meta property=\"og:image:width\" content=\"640\" \/>\n\t<meta property=\"og:image:height\" content=\"360\" \/>\n\t<meta property=\"og:image:type\" content=\"image\/png\" \/>\n<meta name=\"twitter:card\" content=\"summary_large_image\" \/>\n<meta name=\"twitter:site\" content=\"@WorldEdServices\" \/>\n<meta name=\"twitter:label1\" content=\"Dur\u00e9e de lecture estim\u00e9e\" \/>\n\t<meta name=\"twitter:data1\" content=\"3 minutes\" \/>\n<script type=\"application\/ld+json\" class=\"yoast-schema-graph\">{\"@context\":\"https:\/\/schema.org\",\"@graph\":[{\"@type\":\"WebPage\",\"@id\":\"https:\/\/www.wes.org\/fr\/annonces\/imprint-coalition-accueille-dix-nouveaux-membres\/\",\"url\":\"https:\/\/www.wes.org\/fr\/annonces\/imprint-coalition-accueille-dix-nouveaux-membres\/\",\"name\":\"IMPRINT Coalition accueille dix nouveaux membres\u00a0 - WES\",\"isPartOf\":{\"@id\":\"https:\/\/www.wes.org\/fr\/#website\"},\"primaryImageOfPage\":{\"@id\":\"https:\/\/www.wes.org\/fr\/annonces\/imprint-coalition-accueille-dix-nouveaux-membres\/#primaryimage\"},\"image\":{\"@id\":\"https:\/\/www.wes.org\/fr\/annonces\/imprint-coalition-accueille-dix-nouveaux-membres\/#primaryimage\"},\"thumbnailUrl\":\"https:\/\/www.wes.org\/wp-content\/uploads\/2022\/07\/wes-core-twitter-card-640x360-1.png\",\"datePublished\":\"2025-05-27T14:07:44+00:00\",\"dateModified\":\"2025-05-27T14:07:49+00:00\",\"breadcrumb\":{\"@id\":\"https:\/\/www.wes.org\/fr\/annonces\/imprint-coalition-accueille-dix-nouveaux-membres\/#breadcrumb\"},\"inLanguage\":\"fr-FR\",\"potentialAction\":[{\"@type\":\"ReadAction\",\"target\":[\"https:\/\/www.wes.org\/fr\/annonces\/imprint-coalition-accueille-dix-nouveaux-membres\/\"]}]},{\"@type\":\"ImageObject\",\"inLanguage\":\"fr-FR\",\"@id\":\"https:\/\/www.wes.org\/fr\/annonces\/imprint-coalition-accueille-dix-nouveaux-membres\/#primaryimage\",\"url\":\"https:\/\/www.wes.org\/wp-content\/uploads\/2022\/07\/wes-core-twitter-card-640x360-1.png\",\"contentUrl\":\"https:\/\/www.wes.org\/wp-content\/uploads\/2022\/07\/wes-core-twitter-card-640x360-1.png\",\"width\":640,\"height\":360},{\"@type\":\"BreadcrumbList\",\"@id\":\"https:\/\/www.wes.org\/fr\/annonces\/imprint-coalition-accueille-dix-nouveaux-membres\/#breadcrumb\",\"itemListElement\":[{\"@type\":\"ListItem\",\"position\":1,\"name\":\"Home\",\"item\":\"https:\/\/www.wes.org\/fr\/\"},{\"@type\":\"ListItem\",\"position\":2,\"name\":\"Annonces\",\"item\":\"https:\/\/www.wes.org\/fr\/annonces\/\"},{\"@type\":\"ListItem\",\"position\":3,\"name\":\"IMPRINT Coalition accueille dix nouveaux membres\u00a0\"}]},{\"@type\":\"WebSite\",\"@id\":\"https:\/\/www.wes.org\/fr\/#website\",\"url\":\"https:\/\/www.wes.org\/fr\/\",\"name\":\"World Education Services\",\"description\":\"\",\"publisher\":{\"@id\":\"https:\/\/www.wes.org\/fr\/#organization\"},\"potentialAction\":[{\"@type\":\"SearchAction\",\"target\":{\"@type\":\"EntryPoint\",\"urlTemplate\":\"https:\/\/www.wes.org\/fr\/?s={search_term_string}\"},\"query-input\":{\"@type\":\"PropertyValueSpecification\",\"valueRequired\":true,\"valueName\":\"search_term_string\"}}],\"inLanguage\":\"fr-FR\"},{\"@type\":\"Organization\",\"@id\":\"https:\/\/www.wes.org\/fr\/#organization\",\"name\":\"World Education Services\",\"url\":\"https:\/\/www.wes.org\/fr\/\",\"logo\":{\"@type\":\"ImageObject\",\"inLanguage\":\"fr-FR\",\"@id\":\"https:\/\/www.wes.org\/fr\/#\/schema\/logo\/image\/\",\"url\":\"https:\/\/www.wes.org\/wp-content\/uploads\/2024\/07\/cropped-cropped-WES_Logo_RGB-Primary_Green-Clearspace-e1719869905447.png\",\"contentUrl\":\"https:\/\/www.wes.org\/wp-content\/uploads\/2024\/07\/cropped-cropped-WES_Logo_RGB-Primary_Green-Clearspace-e1719869905447.png\",\"width\":512,\"height\":512,\"caption\":\"World Education Services\"},\"image\":{\"@id\":\"https:\/\/www.wes.org\/fr\/#\/schema\/logo\/image\/\"},\"sameAs\":[\"https:\/\/www.facebook.com\/WorldEducationServices\/\",\"https:\/\/x.com\/WorldEdServices\",\"https:\/\/www.linkedin.com\/company\/worldeducationservices\/\"]}]}<\/script>\n<!-- \/ Yoast SEO Premium plugin. -->","yoast_head_json":{"title":"IMPRINT Coalition accueille dix nouveaux membres\u00a0 - WES","robots":{"index":"index","follow":"follow","max-snippet":"max-snippet:-1","max-image-preview":"max-image-preview:large","max-video-preview":"max-video-preview:-1"},"canonical":"https:\/\/www.wes.org\/fr\/annonces\/imprint-coalition-accueille-dix-nouveaux-membres\/","og_locale":"fr_FR","og_type":"article","og_title":"IMPRINT Coalition accueille dix nouveaux membres\u00a0","og_description":"IMPRINT Coalition accueille dix nouveaux membres\u00a0 NEW YORK, NY \u2014 (12\u00a0juillet\u00a02022) La IMPRINT Coalition, entend accueillir dix nouvelles organisations membres pour renforcer son rayonnement national. L\u2019organisation est \u00e9galement ravie d\u2019annoncer l\u2019\u00e9lection du membre actuel Washington Academy for International Medical Graduates (WAIMG) au Comit\u00e9 directeur de la coalition. Lanc\u00e9e en\u00a02011 aupr\u00e8s de World Education Services (WES) [&hellip;]","og_url":"https:\/\/www.wes.org\/fr\/annonces\/imprint-coalition-accueille-dix-nouveaux-membres\/","og_site_name":"WES","article_publisher":"https:\/\/www.facebook.com\/WorldEducationServices\/","article_modified_time":"2025-05-27T14:07:49+00:00","og_image":[{"width":640,"height":360,"url":"https:\/\/www.wes.org\/wp-content\/uploads\/2022\/07\/wes-core-twitter-card-640x360-1.png","type":"image\/png"}],"twitter_card":"summary_large_image","twitter_site":"@WorldEdServices","twitter_misc":{"Dur\u00e9e de lecture estim\u00e9e":"3 minutes"},"schema":{"@context":"https:\/\/schema.org","@graph":[{"@type":"WebPage","@id":"https:\/\/www.wes.org\/fr\/annonces\/imprint-coalition-accueille-dix-nouveaux-membres\/","url":"https:\/\/www.wes.org\/fr\/annonces\/imprint-coalition-accueille-dix-nouveaux-membres\/","name":"IMPRINT Coalition accueille dix nouveaux membres\u00a0 - WES","isPartOf":{"@id":"https:\/\/www.wes.org\/fr\/#website"},"primaryImageOfPage":{"@id":"https:\/\/www.wes.org\/fr\/annonces\/imprint-coalition-accueille-dix-nouveaux-membres\/#primaryimage"},"image":{"@id":"https:\/\/www.wes.org\/fr\/annonces\/imprint-coalition-accueille-dix-nouveaux-membres\/#primaryimage"},"thumbnailUrl":"https:\/\/www.wes.org\/wp-content\/uploads\/2022\/07\/wes-core-twitter-card-640x360-1.png","datePublished":"2025-05-27T14:07:44+00:00","dateModified":"2025-05-27T14:07:49+00:00","breadcrumb":{"@id":"https:\/\/www.wes.org\/fr\/annonces\/imprint-coalition-accueille-dix-nouveaux-membres\/#breadcrumb"},"inLanguage":"fr-FR","potentialAction":[{"@type":"ReadAction","target":["https:\/\/www.wes.org\/fr\/annonces\/imprint-coalition-accueille-dix-nouveaux-membres\/"]}]},{"@type":"ImageObject","inLanguage":"fr-FR","@id":"https:\/\/www.wes.org\/fr\/annonces\/imprint-coalition-accueille-dix-nouveaux-membres\/#primaryimage","url":"https:\/\/www.wes.org\/wp-content\/uploads\/2022\/07\/wes-core-twitter-card-640x360-1.png","contentUrl":"https:\/\/www.wes.org\/wp-content\/uploads\/2022\/07\/wes-core-twitter-card-640x360-1.png","width":640,"height":360},{"@type":"BreadcrumbList","@id":"https:\/\/www.wes.org\/fr\/annonces\/imprint-coalition-accueille-dix-nouveaux-membres\/#breadcrumb","itemListElement":[{"@type":"ListItem","position":1,"name":"Home","item":"https:\/\/www.wes.org\/fr\/"},{"@type":"ListItem","position":2,"name":"Annonces","item":"https:\/\/www.wes.org\/fr\/annonces\/"},{"@type":"ListItem","position":3,"name":"IMPRINT Coalition accueille dix nouveaux membres\u00a0"}]},{"@type":"WebSite","@id":"https:\/\/www.wes.org\/fr\/#website","url":"https:\/\/www.wes.org\/fr\/","name":"World Education Services","description":"","publisher":{"@id":"https:\/\/www.wes.org\/fr\/#organization"},"potentialAction":[{"@type":"SearchAction","target":{"@type":"EntryPoint","urlTemplate":"https:\/\/www.wes.org\/fr\/?s={search_term_string}"},"query-input":{"@type":"PropertyValueSpecification","valueRequired":true,"valueName":"search_term_string"}}],"inLanguage":"fr-FR"},{"@type":"Organization","@id":"https:\/\/www.wes.org\/fr\/#organization","name":"World Education Services","url":"https:\/\/www.wes.org\/fr\/","logo":{"@type":"ImageObject","inLanguage":"fr-FR","@id":"https:\/\/www.wes.org\/fr\/#\/schema\/logo\/image\/","url":"https:\/\/www.wes.org\/wp-content\/uploads\/2024\/07\/cropped-cropped-WES_Logo_RGB-Primary_Green-Clearspace-e1719869905447.png","contentUrl":"https:\/\/www.wes.org\/wp-content\/uploads\/2024\/07\/cropped-cropped-WES_Logo_RGB-Primary_Green-Clearspace-e1719869905447.png","width":512,"height":512,"caption":"World Education Services"},"image":{"@id":"https:\/\/www.wes.org\/fr\/#\/schema\/logo\/image\/"},"sameAs":["https:\/\/www.facebook.com\/WorldEducationServices\/","https:\/\/x.com\/WorldEdServices","https:\/\/www.linkedin.com\/company\/worldeducationservices\/"]}]}},"wpml_current_locale":"fr_FR","wpml_translations":[{"locale":"en_US","id":35494,"post_title":"The IMPRINT Coalition Welcomes Ten New Members\u00a0","href":"https:\/\/www.wes.org\/the-imprint-coalition-welcomes-10-new-members\/"}],"_links":{"self":[{"href":"https:\/\/www.wes.org\/fr\/wp-json\/wp\/v2\/pages\/50851","targetHints":{"allow":["GET"]}}],"collection":[{"href":"https:\/\/www.wes.org\/fr\/wp-json\/wp\/v2\/pages"}],"about":[{"href":"https:\/\/www.wes.org\/fr\/wp-json\/wp\/v2\/types\/page"}],"author":[{"embeddable":true,"href":"https:\/\/www.wes.org\/fr\/wp-json\/wp\/v2\/users\/1090"}],"replies":[{"embeddable":true,"href":"https:\/\/www.wes.org\/fr\/wp-json\/wp\/v2\/comments?post=50851"}],"version-history":[{"count":0,"href":"https:\/\/www.wes.org\/fr\/wp-json\/wp\/v2\/pages\/50851\/revisions"}],"up":[{"embeddable":true,"href":"https:\/\/www.wes.org\/fr\/wp-json\/wp\/v2\/pages\/49859"}],"wp:featuredmedia":[{"embeddable":true,"href":"https:\/\/www.wes.org\/fr\/wp-json\/wp\/v2\/media\/35498"}],"wp:attachment":[{"href":"https:\/\/www.wes.org\/fr\/wp-json\/wp\/v2\/media?parent=50851"}],"curies":[{"name":"wp","href":"https:\/\/api.w.org\/{rel}","templated":true}]}}