{"id":49862,"date":"2025-05-08T13:59:57","date_gmt":"2025-05-08T17:59:57","guid":{"rendered":"https:\/\/www.wes.org\/bibliotheque-de-ressources\/"},"modified":"2025-05-22T16:03:11","modified_gmt":"2025-05-22T20:03:11","slug":"bibliotheque-de-ressources","status":"publish","type":"page","link":"https:\/\/www.wes.org\/fr\/bibliotheque-de-ressources\/","title":{"rendered":"Biblioth\u00e8que de ressources"},"content":{"rendered":"\n<h1 class=\"wp-block-heading has-text-align-center\" id=\"h-bibliotheque-de-ressources\">Biblioth\u00e8que de ressources<\/h1>\n\n\n\n<p><\/p>\n\n\n\n<p class=\"has-text-align-center\">WES produit et publie r\u00e9guli\u00e8rement des recherches et des enqu\u00eates originales, des recommandations de politiques, des billets de blog, des livres blancs, et plus encore. Cette biblioth\u00e8que fournit des renseignements exploitables sur les principaux sujets de la mobilit\u00e9 mondiale, des \u00e9tudes internationales, de l\u2019\u00e9valuation des dipl\u00f4mes, des pratiques exemplaires pour l\u2019inclusion des immigrants et des r\u00e9fugi\u00e9s ainsi que du changement de politique.<\/p>\n\n\n\n<p class=\"has-text-align-center\">La biblioth\u00e8que de ressources s\u2019appuie sur nos d\u00e9cennies d\u2019exp\u00e9rience en \u00e9valuation des dipl\u00f4mes internationaux et en mobilit\u00e9 mondiale, et elle est con\u00e7ue pour aider les immigrants, les r\u00e9fugi\u00e9s, les \u00e9tudiants internationaux et leurs communaut\u00e9s \u00e0 prosp\u00e9rer.<\/p>\n\n\n\n\n\n<section  class=\"sw-block not-prose\">\n  <div class=\"mx-auto max-w-[1230px] px-5\">\n    <div class=\"text-center\">\n      \n          <\/div>\n\n          <div class=\"mt-10 grid gap-6 md:mt-14 md:grid-cols-2 md:gap-7\">\n                  \n                      <a href=\"https:\/\/wenr.wes.org\/\" target=\"_blank\"\n               class=\"group relative block overflow-hidden rounded-[30px] min-h-[300px]\">\n          \n                          <!-- Desktop Image -->\n              <img loading=\"lazy\" decoding=\"async\" width=\"800\" height=\"506\" src=\"https:\/\/www.wes.org\/wp-content\/uploads\/2024\/07\/iStock-858079810.jpg\" class=\"absolute inset-0 z-0 h-full w-full object-cover hidden md:block\" alt=\"Group of Students walking through a campus\" style=\"object-position: 50% 50%;\" srcset=\"https:\/\/www.wes.org\/wp-content\/uploads\/2024\/07\/iStock-858079810.jpg 800w, https:\/\/www.wes.org\/wp-content\/uploads\/2024\/07\/iStock-858079810-300x190.jpg 300w, https:\/\/www.wes.org\/wp-content\/uploads\/2024\/07\/iStock-858079810-768x486.jpg 768w\" sizes=\"auto, (max-width: 800px) 100vw, 800px\" \/>              <!-- Mobile Image -->\n                              <img loading=\"lazy\" decoding=\"async\" width=\"800\" height=\"506\" src=\"https:\/\/www.wes.org\/wp-content\/uploads\/2024\/07\/iStock-858079810.jpg\" class=\"absolute inset-0 z-0 h-full w-full object-cover block md:hidden\" alt=\"Group of Students walking through a campus\" style=\"object-position: 50% 50%;\" srcset=\"https:\/\/www.wes.org\/wp-content\/uploads\/2024\/07\/iStock-858079810.jpg 800w, https:\/\/www.wes.org\/wp-content\/uploads\/2024\/07\/iStock-858079810-300x190.jpg 300w, https:\/\/www.wes.org\/wp-content\/uploads\/2024\/07\/iStock-858079810-768x486.jpg 768w\" sizes=\"auto, (max-width: 800px) 100vw, 800px\" \/>                            <!-- Overlay -->\n              <div class=\"absolute inset-0 z-10 bg-gradient-to-b from-white to-[#212121] opacity-70 mix-blend-multiply transition-all duration-300 group-hover:opacity-90\"><\/div>\n            \n            <!-- Content -->\n            <div class=\"relative z-20 flex h-full w-full flex-col items-center justify-center p-6 text-center md:p-10\">\n                              <p class=\"transition-transform group-hover:-translate-y-2 text-balance break-words text-3xl font-bold leading-tight text-white shadow-black [text-shadow:0px_4px_44px_var(--tw-shadow-color)] md:text-[38px] md:leading-none\">\n                  WENR                <\/p>\n              \n                              <div class=\"mt-4 md:mt-7\">\n                                      <span class=\"font-sans bg-wes-green inline-block rounded-[50px] px-5 pb-1.5 pt-2 text-center text-sm font-semibold leading-snug tracking-wide text-black\">\n                      Lire Plus                    <\/span>\n                                  <\/div>\n              \n                          <\/div>\n\n                      <\/a>\n          \n                  \n                      <a href=\"https:\/\/www.wes.org\/fr\/bibliotheque-de-ressources\/evenements\/\" target=\"_self\"\n               class=\"group relative block overflow-hidden rounded-[30px] min-h-[300px]\">\n          \n                          <!-- Desktop Image -->\n              <img loading=\"lazy\" decoding=\"async\" width=\"800\" height=\"534\" src=\"https:\/\/www.wes.org\/wp-content\/uploads\/2024\/07\/trozzo_221025_1289.jpg\" class=\"absolute inset-0 z-0 h-full w-full object-cover hidden md:block\" alt=\"A photo from WES Economic Inclusion Forum, 2023 \u2013 \u00a9 David Trozzo, All Rights Reserved.\" style=\"object-position: 50% 50%;\" srcset=\"https:\/\/www.wes.org\/wp-content\/uploads\/2024\/07\/trozzo_221025_1289.jpg 800w, https:\/\/www.wes.org\/wp-content\/uploads\/2024\/07\/trozzo_221025_1289-300x200.jpg 300w, https:\/\/www.wes.org\/wp-content\/uploads\/2024\/07\/trozzo_221025_1289-768x513.jpg 768w, https:\/\/www.wes.org\/wp-content\/uploads\/2024\/07\/trozzo_221025_1289-541x362.jpg 541w\" sizes=\"auto, (max-width: 800px) 100vw, 800px\" \/>              <!-- Mobile Image -->\n                              <img loading=\"lazy\" decoding=\"async\" width=\"800\" height=\"534\" src=\"https:\/\/www.wes.org\/wp-content\/uploads\/2024\/07\/trozzo_221025_1289.jpg\" class=\"absolute inset-0 z-0 h-full w-full object-cover block md:hidden\" alt=\"A photo from WES Economic Inclusion Forum, 2023 \u2013 \u00a9 David Trozzo, All Rights Reserved.\" style=\"object-position: 50% 50%;\" srcset=\"https:\/\/www.wes.org\/wp-content\/uploads\/2024\/07\/trozzo_221025_1289.jpg 800w, https:\/\/www.wes.org\/wp-content\/uploads\/2024\/07\/trozzo_221025_1289-300x200.jpg 300w, https:\/\/www.wes.org\/wp-content\/uploads\/2024\/07\/trozzo_221025_1289-768x513.jpg 768w, https:\/\/www.wes.org\/wp-content\/uploads\/2024\/07\/trozzo_221025_1289-541x362.jpg 541w\" sizes=\"auto, (max-width: 800px) 100vw, 800px\" \/>                            <!-- Overlay -->\n              <div class=\"absolute inset-0 z-10 bg-gradient-to-b from-white to-[#212121] opacity-70 mix-blend-multiply transition-all duration-300 group-hover:opacity-90\"><\/div>\n            \n            <!-- Content -->\n            <div class=\"relative z-20 flex h-full w-full flex-col items-center justify-center p-6 text-center md:p-10\">\n                              <p class=\"transition-transform group-hover:-translate-y-2 text-balance break-words text-3xl font-bold leading-tight text-white shadow-black [text-shadow:0px_4px_44px_var(--tw-shadow-color)] md:text-[38px] md:leading-none\">\n                  \u00c9v\u00e9nements                <\/p>\n              \n                              <div class=\"mt-4 md:mt-7\">\n                                      <span class=\"font-sans bg-wes-green inline-block rounded-[50px] px-5 pb-1.5 pt-2 text-center text-sm font-semibold leading-snug tracking-wide text-black\">\n                      Voir \u00c9v\u00e9nements                    <\/span>\n                                  <\/div>\n              \n                          <\/div>\n\n                      <\/a>\n          \n                  \n                      <a href=\"https:\/\/www.wes.org\/fr\/bibliotheque-de-ressources\/blog-wes\/\" target=\"_self\"\n               class=\"group relative block overflow-hidden rounded-[30px] min-h-[300px]\">\n          \n                          <!-- Desktop Image -->\n              <img loading=\"lazy\" decoding=\"async\" width=\"2048\" height=\"1365\" src=\"https:\/\/www.wes.org\/wp-content\/uploads\/2024\/07\/Refugeehiringevent40.jpeg\" class=\"absolute inset-0 z-0 h-full w-full object-cover hidden md:block\" alt=\"Young woman speaking from podium at Refugee Hiring Event\" style=\"object-position: 50% 50%;\" srcset=\"https:\/\/www.wes.org\/wp-content\/uploads\/2024\/07\/Refugeehiringevent40.jpeg 2048w, https:\/\/www.wes.org\/wp-content\/uploads\/2024\/07\/Refugeehiringevent40-300x200.jpeg 300w, https:\/\/www.wes.org\/wp-content\/uploads\/2024\/07\/Refugeehiringevent40-1024x683.jpeg 1024w, https:\/\/www.wes.org\/wp-content\/uploads\/2024\/07\/Refugeehiringevent40-768x512.jpeg 768w, https:\/\/www.wes.org\/wp-content\/uploads\/2024\/07\/Refugeehiringevent40-1536x1024.jpeg 1536w, https:\/\/www.wes.org\/wp-content\/uploads\/2024\/07\/Refugeehiringevent40-541x362.jpeg 541w\" sizes=\"auto, (max-width: 2048px) 100vw, 2048px\" \/>              <!-- Mobile Image -->\n                              <img loading=\"lazy\" decoding=\"async\" width=\"2048\" height=\"1365\" src=\"https:\/\/www.wes.org\/wp-content\/uploads\/2024\/07\/Refugeehiringevent40.jpeg\" class=\"absolute inset-0 z-0 h-full w-full object-cover block md:hidden\" alt=\"Young woman speaking from podium at Refugee Hiring Event\" style=\"object-position: 50% 50%;\" srcset=\"https:\/\/www.wes.org\/wp-content\/uploads\/2024\/07\/Refugeehiringevent40.jpeg 2048w, https:\/\/www.wes.org\/wp-content\/uploads\/2024\/07\/Refugeehiringevent40-300x200.jpeg 300w, https:\/\/www.wes.org\/wp-content\/uploads\/2024\/07\/Refugeehiringevent40-1024x683.jpeg 1024w, https:\/\/www.wes.org\/wp-content\/uploads\/2024\/07\/Refugeehiringevent40-768x512.jpeg 768w, https:\/\/www.wes.org\/wp-content\/uploads\/2024\/07\/Refugeehiringevent40-1536x1024.jpeg 1536w, https:\/\/www.wes.org\/wp-content\/uploads\/2024\/07\/Refugeehiringevent40-541x362.jpeg 541w\" sizes=\"auto, (max-width: 2048px) 100vw, 2048px\" \/>                            <!-- Overlay -->\n              <div class=\"absolute inset-0 z-10 bg-gradient-to-b from-white to-[#212121] opacity-70 mix-blend-multiply transition-all duration-300 group-hover:opacity-90\"><\/div>\n            \n            <!-- Content -->\n            <div class=\"relative z-20 flex h-full w-full flex-col items-center justify-center p-6 text-center md:p-10\">\n                              <p class=\"transition-transform group-hover:-translate-y-2 text-balance break-words text-3xl font-bold leading-tight text-white shadow-black [text-shadow:0px_4px_44px_var(--tw-shadow-color)] md:text-[38px] md:leading-none\">\n                  Blog WES                <\/p>\n              \n                              <div class=\"mt-4 md:mt-7\">\n                                      <span class=\"font-sans bg-wes-green inline-block rounded-[50px] px-5 pb-1.5 pt-2 text-center text-sm font-semibold leading-snug tracking-wide text-black\">\n                      Lire Plus                    <\/span>\n                                  <\/div>\n              \n                          <\/div>\n\n                      <\/a>\n          \n                  \n                      <a href=\"https:\/\/www.wes.org\/fr\/bibliotheque-de-ressources\/recherches-et-rapports\/\" target=\"_self\"\n               class=\"group relative block overflow-hidden rounded-[30px] min-h-[300px]\">\n          \n                          <!-- Desktop Image -->\n              <img loading=\"lazy\" decoding=\"async\" width=\"800\" height=\"534\" src=\"https:\/\/www.wes.org\/wp-content\/uploads\/2024\/07\/iStock-1459391230.jpg\" class=\"absolute inset-0 z-0 h-full w-full object-cover hidden md:block\" alt=\"\" style=\"object-position: 50% 50%;\" srcset=\"https:\/\/www.wes.org\/wp-content\/uploads\/2024\/07\/iStock-1459391230.jpg 800w, https:\/\/www.wes.org\/wp-content\/uploads\/2024\/07\/iStock-1459391230-300x200.jpg 300w, https:\/\/www.wes.org\/wp-content\/uploads\/2024\/07\/iStock-1459391230-768x513.jpg 768w, https:\/\/www.wes.org\/wp-content\/uploads\/2024\/07\/iStock-1459391230-541x362.jpg 541w\" sizes=\"auto, (max-width: 800px) 100vw, 800px\" \/>              <!-- Mobile Image -->\n                              <img loading=\"lazy\" decoding=\"async\" width=\"800\" height=\"534\" src=\"https:\/\/www.wes.org\/wp-content\/uploads\/2024\/07\/iStock-1459391230.jpg\" class=\"absolute inset-0 z-0 h-full w-full object-cover block md:hidden\" alt=\"\" style=\"object-position: 50% 50%;\" srcset=\"https:\/\/www.wes.org\/wp-content\/uploads\/2024\/07\/iStock-1459391230.jpg 800w, https:\/\/www.wes.org\/wp-content\/uploads\/2024\/07\/iStock-1459391230-300x200.jpg 300w, https:\/\/www.wes.org\/wp-content\/uploads\/2024\/07\/iStock-1459391230-768x513.jpg 768w, https:\/\/www.wes.org\/wp-content\/uploads\/2024\/07\/iStock-1459391230-541x362.jpg 541w\" sizes=\"auto, (max-width: 800px) 100vw, 800px\" \/>                            <!-- Overlay -->\n              <div class=\"absolute inset-0 z-10 bg-gradient-to-b from-white to-[#212121] opacity-70 mix-blend-multiply transition-all duration-300 group-hover:opacity-90\"><\/div>\n            \n            <!-- Content -->\n            <div class=\"relative z-20 flex h-full w-full flex-col items-center justify-center p-6 text-center md:p-10\">\n                              <p class=\"transition-transform group-hover:-translate-y-2 text-balance break-words text-3xl font-bold leading-tight text-white shadow-black [text-shadow:0px_4px_44px_var(--tw-shadow-color)] md:text-[38px] md:leading-none\">\n                  Recherches et rapports                <\/p>\n              \n                              <div class=\"mt-4 md:mt-7\">\n                                      <span class=\"font-sans bg-wes-green inline-block rounded-[50px] px-5 pb-1.5 pt-2 text-center text-sm font-semibold leading-snug tracking-wide text-black\">\n                      Recherches et rapports                    <\/span>\n                                  <\/div>\n              \n                          <\/div>\n\n                      <\/a>\n          \n              <\/div>\n      <\/div>\n<\/section>\n","protected":false},"excerpt":{"rendered":"<p>Biblioth\u00e8que de ressources WES produit et publie r\u00e9guli\u00e8rement des recherches et des enqu\u00eates originales, des recommandations de politiques, des billets de blog, des livres blancs, et plus encore. Cette biblioth\u00e8que fournit des renseignements exploitables sur les principaux sujets de la mobilit\u00e9 mondiale, des \u00e9tudes internationales, de l\u2019\u00e9valuation des dipl\u00f4mes, des pratiques exemplaires pour l\u2019inclusion des [&hellip;]<\/p>\n","protected":false},"author":1090,"featured_media":0,"parent":0,"menu_order":0,"comment_status":"closed","ping_status":"closed","template":"","meta":{"_acf_changed":false,"footnotes":""},"class_list":["post-49862","page","type-page","status-publish","hentry"],"better_featured_image":null,"acf":{"alert_msg":"default"},"yoast_head":"<!-- This site is optimized with the Yoast SEO Premium plugin v26.2 (Yoast SEO v27.0) - https:\/\/yoast.com\/product\/yoast-seo-premium-wordpress\/ -->\n<title>Biblioth\u00e8que de ressources - WES<\/title>\n<meta name=\"robots\" content=\"index, follow, max-snippet:-1, max-image-preview:large, max-video-preview:-1\" \/>\n<link rel=\"canonical\" href=\"https:\/\/www.wes.org\/fr\/bibliotheque-de-ressources\/\" \/>\n<meta property=\"og:locale\" content=\"fr_FR\" \/>\n<meta property=\"og:type\" content=\"article\" \/>\n<meta property=\"og:title\" content=\"Biblioth\u00e8que de ressources\" \/>\n<meta property=\"og:description\" content=\"Biblioth\u00e8que de ressources WES produit et publie r\u00e9guli\u00e8rement des recherches et des enqu\u00eates originales, des recommandations de politiques, des billets de blog, des livres blancs, et plus encore. Cette biblioth\u00e8que fournit des renseignements exploitables sur les principaux sujets de la mobilit\u00e9 mondiale, des \u00e9tudes internationales, de l\u2019\u00e9valuation des dipl\u00f4mes, des pratiques exemplaires pour l\u2019inclusion des [&hellip;]\" \/>\n<meta property=\"og:url\" content=\"https:\/\/www.wes.org\/fr\/bibliotheque-de-ressources\/\" \/>\n<meta property=\"og:site_name\" content=\"WES\" \/>\n<meta property=\"article:publisher\" content=\"https:\/\/www.facebook.com\/WorldEducationServices\/\" \/>\n<meta property=\"article:modified_time\" content=\"2025-05-22T20:03:11+00:00\" \/>\n<meta name=\"twitter:card\" content=\"summary_large_image\" \/>\n<meta name=\"twitter:site\" content=\"@WorldEdServices\" \/>\n<meta name=\"twitter:label1\" content=\"Dur\u00e9e de lecture estim\u00e9e\" \/>\n\t<meta name=\"twitter:data1\" content=\"1 minute\" \/>\n<script type=\"application\/ld+json\" class=\"yoast-schema-graph\">{\"@context\":\"https:\/\/schema.org\",\"@graph\":[{\"@type\":\"WebPage\",\"@id\":\"https:\/\/www.wes.org\/fr\/bibliotheque-de-ressources\/\",\"url\":\"https:\/\/www.wes.org\/fr\/bibliotheque-de-ressources\/\",\"name\":\"Biblioth\u00e8que de ressources - WES\",\"isPartOf\":{\"@id\":\"https:\/\/www.wes.org\/fr\/#website\"},\"datePublished\":\"2025-05-08T17:59:57+00:00\",\"dateModified\":\"2025-05-22T20:03:11+00:00\",\"breadcrumb\":{\"@id\":\"https:\/\/www.wes.org\/fr\/bibliotheque-de-ressources\/#breadcrumb\"},\"inLanguage\":\"fr-FR\",\"potentialAction\":[{\"@type\":\"ReadAction\",\"target\":[\"https:\/\/www.wes.org\/fr\/bibliotheque-de-ressources\/\"]}]},{\"@type\":\"BreadcrumbList\",\"@id\":\"https:\/\/www.wes.org\/fr\/bibliotheque-de-ressources\/#breadcrumb\",\"itemListElement\":[{\"@type\":\"ListItem\",\"position\":1,\"name\":\"Home\",\"item\":\"https:\/\/www.wes.org\/fr\/\"},{\"@type\":\"ListItem\",\"position\":2,\"name\":\"Biblioth\u00e8que de ressources\"}]},{\"@type\":\"WebSite\",\"@id\":\"https:\/\/www.wes.org\/fr\/#website\",\"url\":\"https:\/\/www.wes.org\/fr\/\",\"name\":\"World Education Services\",\"description\":\"\",\"publisher\":{\"@id\":\"https:\/\/www.wes.org\/fr\/#organization\"},\"potentialAction\":[{\"@type\":\"SearchAction\",\"target\":{\"@type\":\"EntryPoint\",\"urlTemplate\":\"https:\/\/www.wes.org\/fr\/?s={search_term_string}\"},\"query-input\":{\"@type\":\"PropertyValueSpecification\",\"valueRequired\":true,\"valueName\":\"search_term_string\"}}],\"inLanguage\":\"fr-FR\"},{\"@type\":\"Organization\",\"@id\":\"https:\/\/www.wes.org\/fr\/#organization\",\"name\":\"World Education Services\",\"url\":\"https:\/\/www.wes.org\/fr\/\",\"logo\":{\"@type\":\"ImageObject\",\"inLanguage\":\"fr-FR\",\"@id\":\"https:\/\/www.wes.org\/fr\/#\/schema\/logo\/image\/\",\"url\":\"https:\/\/www.wes.org\/wp-content\/uploads\/2024\/07\/cropped-cropped-WES_Logo_RGB-Primary_Green-Clearspace-e1719869905447.png\",\"contentUrl\":\"https:\/\/www.wes.org\/wp-content\/uploads\/2024\/07\/cropped-cropped-WES_Logo_RGB-Primary_Green-Clearspace-e1719869905447.png\",\"width\":512,\"height\":512,\"caption\":\"World Education Services\"},\"image\":{\"@id\":\"https:\/\/www.wes.org\/fr\/#\/schema\/logo\/image\/\"},\"sameAs\":[\"https:\/\/www.facebook.com\/WorldEducationServices\/\",\"https:\/\/x.com\/WorldEdServices\",\"https:\/\/www.linkedin.com\/company\/worldeducationservices\/\"]}]}<\/script>\n<!-- \/ Yoast SEO Premium plugin. -->","yoast_head_json":{"title":"Biblioth\u00e8que de ressources - WES","robots":{"index":"index","follow":"follow","max-snippet":"max-snippet:-1","max-image-preview":"max-image-preview:large","max-video-preview":"max-video-preview:-1"},"canonical":"https:\/\/www.wes.org\/fr\/bibliotheque-de-ressources\/","og_locale":"fr_FR","og_type":"article","og_title":"Biblioth\u00e8que de ressources","og_description":"Biblioth\u00e8que de ressources WES produit et publie r\u00e9guli\u00e8rement des recherches et des enqu\u00eates originales, des recommandations de politiques, des billets de blog, des livres blancs, et plus encore. Cette biblioth\u00e8que fournit des renseignements exploitables sur les principaux sujets de la mobilit\u00e9 mondiale, des \u00e9tudes internationales, de l\u2019\u00e9valuation des dipl\u00f4mes, des pratiques exemplaires pour l\u2019inclusion des [&hellip;]","og_url":"https:\/\/www.wes.org\/fr\/bibliotheque-de-ressources\/","og_site_name":"WES","article_publisher":"https:\/\/www.facebook.com\/WorldEducationServices\/","article_modified_time":"2025-05-22T20:03:11+00:00","twitter_card":"summary_large_image","twitter_site":"@WorldEdServices","twitter_misc":{"Dur\u00e9e de lecture estim\u00e9e":"1 minute"},"schema":{"@context":"https:\/\/schema.org","@graph":[{"@type":"WebPage","@id":"https:\/\/www.wes.org\/fr\/bibliotheque-de-ressources\/","url":"https:\/\/www.wes.org\/fr\/bibliotheque-de-ressources\/","name":"Biblioth\u00e8que de ressources - WES","isPartOf":{"@id":"https:\/\/www.wes.org\/fr\/#website"},"datePublished":"2025-05-08T17:59:57+00:00","dateModified":"2025-05-22T20:03:11+00:00","breadcrumb":{"@id":"https:\/\/www.wes.org\/fr\/bibliotheque-de-ressources\/#breadcrumb"},"inLanguage":"fr-FR","potentialAction":[{"@type":"ReadAction","target":["https:\/\/www.wes.org\/fr\/bibliotheque-de-ressources\/"]}]},{"@type":"BreadcrumbList","@id":"https:\/\/www.wes.org\/fr\/bibliotheque-de-ressources\/#breadcrumb","itemListElement":[{"@type":"ListItem","position":1,"name":"Home","item":"https:\/\/www.wes.org\/fr\/"},{"@type":"ListItem","position":2,"name":"Biblioth\u00e8que de ressources"}]},{"@type":"WebSite","@id":"https:\/\/www.wes.org\/fr\/#website","url":"https:\/\/www.wes.org\/fr\/","name":"World Education Services","description":"","publisher":{"@id":"https:\/\/www.wes.org\/fr\/#organization"},"potentialAction":[{"@type":"SearchAction","target":{"@type":"EntryPoint","urlTemplate":"https:\/\/www.wes.org\/fr\/?s={search_term_string}"},"query-input":{"@type":"PropertyValueSpecification","valueRequired":true,"valueName":"search_term_string"}}],"inLanguage":"fr-FR"},{"@type":"Organization","@id":"https:\/\/www.wes.org\/fr\/#organization","name":"World Education Services","url":"https:\/\/www.wes.org\/fr\/","logo":{"@type":"ImageObject","inLanguage":"fr-FR","@id":"https:\/\/www.wes.org\/fr\/#\/schema\/logo\/image\/","url":"https:\/\/www.wes.org\/wp-content\/uploads\/2024\/07\/cropped-cropped-WES_Logo_RGB-Primary_Green-Clearspace-e1719869905447.png","contentUrl":"https:\/\/www.wes.org\/wp-content\/uploads\/2024\/07\/cropped-cropped-WES_Logo_RGB-Primary_Green-Clearspace-e1719869905447.png","width":512,"height":512,"caption":"World Education Services"},"image":{"@id":"https:\/\/www.wes.org\/fr\/#\/schema\/logo\/image\/"},"sameAs":["https:\/\/www.facebook.com\/WorldEducationServices\/","https:\/\/x.com\/WorldEdServices","https:\/\/www.linkedin.com\/company\/worldeducationservices\/"]}]}},"wpml_current_locale":"fr_FR","wpml_translations":[{"locale":"en_US","id":27808,"post_title":"WES Resource Library: Tools, Guides, and Research","href":"https:\/\/www.wes.org\/resource-library\/"}],"_links":{"self":[{"href":"https:\/\/www.wes.org\/fr\/wp-json\/wp\/v2\/pages\/49862","targetHints":{"allow":["GET"]}}],"collection":[{"href":"https:\/\/www.wes.org\/fr\/wp-json\/wp\/v2\/pages"}],"about":[{"href":"https:\/\/www.wes.org\/fr\/wp-json\/wp\/v2\/types\/page"}],"author":[{"embeddable":true,"href":"https:\/\/www.wes.org\/fr\/wp-json\/wp\/v2\/users\/1090"}],"replies":[{"embeddable":true,"href":"https:\/\/www.wes.org\/fr\/wp-json\/wp\/v2\/comments?post=49862"}],"version-history":[{"count":0,"href":"https:\/\/www.wes.org\/fr\/wp-json\/wp\/v2\/pages\/49862\/revisions"}],"wp:attachment":[{"href":"https:\/\/www.wes.org\/fr\/wp-json\/wp\/v2\/media?parent=49862"}],"curies":[{"name":"wp","href":"https:\/\/api.w.org\/{rel}","templated":true}]}}