{"id":49822,"date":"2025-05-08T09:58:33","date_gmt":"2025-05-08T13:58:33","guid":{"rendered":"https:\/\/www.wes.org\/evaluations-de-diplomes\/etablissement-dun-lien-vers-wes-depuis-votre-site-web\/"},"modified":"2025-05-08T09:58:35","modified_gmt":"2025-05-08T13:58:35","slug":"etablissement-dun-lien-vers-wes-depuis-votre-site-web","status":"publish","type":"page","link":"https:\/\/www.wes.org\/fr\/evaluations-de-diplomes\/etablissement-dun-lien-vers-wes-depuis-votre-site-web\/","title":{"rendered":"\u00c9tablissement d\u2019un lien vers WES depuis votre site Web"},"content":{"rendered":"\n<h1 class=\"wp-block-heading\" id=\"h-connect-with-wes\">Communiquer avec WES<\/h1>\n\n<p><\/p>\n\n<p><br\/>Les \u00e9tablissements peuvent facilement recommander aux demandeurs de s\u2019adresser \u00e0 WES pour recevoir une \u00e9valuation de leurs dipl\u00f4mes universitaires internationaux. Pour faciliter ce processus, veuillez ajouter les renseignements ci-dessous \u00e0 votre site Web ou \u00e0 d\u2019autres canaux num\u00e9riques.<\/p>\n\n<h2 class=\"wp-block-heading\" id=\"h-recommended-information-to-include\">Renseignements recommand\u00e9s \u00e0 inclure\u00a0:<\/h2>\n\n<h3 class=\"wp-block-heading\" id=\"h-who-needs-a-credential-evaluation\">Personnes qui ont besoin d\u2019une \u00e9valuation de dipl\u00f4mes<\/h3>\n\n<ul class=\"wp-block-list\">\n<li>Dur\u00e9e des \u00e9tudes internationales (par exemple, plus de la moiti\u00e9 d\u2019un programme de licence de 3\u00a0ans)<\/li>\n\n\n\n<li>Demandeurs qui ont \u00e9tudi\u00e9 \u00e0 l\u2019ext\u00e9rieur des \u00c9tats-Unis et du Canada<\/li>\n<\/ul>\n\n<h3 class=\"wp-block-heading\" id=\"h-when-is-a-credential-evaluation-needed\">Situations dans lesquelles une \u00e9valuation des dipl\u00f4mes est n\u00e9cessaire<\/h3>\n\n<ul class=\"wp-block-list\">\n<li>Lorsque les \u00e9tudes sont en cours<\/li>\n\n\n\n<li>\u00c0 la fin des \u00e9tudes<\/li>\n<\/ul>\n\n<h3 class=\"wp-block-heading\" id=\"h-what-type-of-credential-evaluation-is-needed\">Type d\u2019\u00e9valuation des dipl\u00f4mes n\u00e9cessaire<\/h3>\n\n<ul class=\"wp-block-list\">\n<li>Cours par cours<\/li>\n\n\n\n<li>Document par document<\/li>\n<\/ul>\n\n<h3 class=\"wp-block-heading\" id=\"h-wes-applicant-is-responsible-for\">Le demandeur de WES est responsable de ce qui suit\u00a0:<\/h3>\n\n<ul class=\"wp-block-list\">\n<li>Co\u00fbt de l\u2019\u00e9valuation des dipl\u00f4mes<\/li>\n\n\n\n<li>Obtention de la version traduite des documents universitaires dont l\u2019original n\u2019est pas en anglais<\/li>\n<\/ul>\n\n<h2 class=\"wp-block-heading\" id=\"h-wes-also-provides-sample-language-for-your-institution-to-utilized-on-your-referral-page\">WES fournit \u00e9galement un exemple de message que votre \u00e9tablissement peut utiliser sur votre page de recommandation.<\/h2>\n\n<h3 class=\"wp-block-heading\" id=\"h-sample-language-recommended-by-wes\">Exemple de message recommand\u00e9 par WES<\/h3>\n\n<p>Les demandeurs qui ont termin\u00e9 ou sont en voie de terminer une licence ou un dipl\u00f4me d\u2019\u00e9tudes sup\u00e9rieures dans un \u00e9tablissement situ\u00e9 \u00e0 l\u2019ext\u00e9rieur des \u00c9tats-Unis doivent soumettre leurs dossiers universitaires pour faire effectuer leur \u00e9valuation des dipl\u00f4mes.<\/p>\n\n<p>Les \u00e9valuations sont une composante obligatoire, car elles d\u00e9terminent la fa\u00e7on dont vos \u00e9tudes sont not\u00e9es par rapport au syst\u00e8me \u00e9ducatif am\u00e9ricain ou canadien. Assurez-vous de suivre les \u00e9tapes ci-dessous pour obtenir votre \u00e9valuation des dipl\u00f4mes\u00a0:<\/p>\n\n<ol class=\"wp-block-list\">\n<li>Les demandeurs peuvent cr\u00e9er un compte WES en visitant\u00a0:\u00a0<a href=\"https:\/\/applications.wes.org\/createaccount\/login\/login\" target=\"_blank\" rel=\"noreferrer noopener\">https:\/\/applications.wes.org\/createaccount\/login\/login<\/a><\/li>\n\n\n\n<li>S\u00e9lectionnez l\u2019option d\u2019\u00e9valuation cours par cours pour que votre \u00e9valuation r\u00e9ponde \u00e0 nos exigences pour l\u2019examen d\u2019admission.<\/li>\n\n\n\n<li>Pour vous assurer que l\u2019\u00e9tablissement {University \u2013 School Name} re\u00e7oit une copie officielle de votre \u00e9valuation, s\u00e9lectionnez-le dans la liste d\u00e9roulante et ajoutez-le comme destinataire.<\/li>\n<\/ol>\n\n<p>Si vous avez fourni un relev\u00e9 de notes WES qui indiquent des \u00e9tudes en cours, il se peut que vous deviez obtenir une \u00e9valuation WES de suivi cours par cours qui montre le dossier universitaire complet et la remise du dipl\u00f4me. Il incombe aux demandeurs de payer tous les frais li\u00e9s \u00e0 ces \u00e9valuations et mises \u00e0 niveau, ainsi que de prendre des dispositions avec WES pour envoyer et recevoir leurs documents.<\/p>\n\n<p>Les demandeurs internationaux doivent obtenir une traduction officielle en anglais de tous leurs relev\u00e9s de notes. Ils doivent soumettre \u00e0 la fois la version non officielle et la version traduite en anglais. Les \u00e9valuations WES ne comprennent pas les services de traduction. WES ne fournit pas de services de traduction.<\/p>\n\n<p>Pour en savoir plus, les demandeurs de WES peuvent visiter\u00a0:\u00a0<a href=\"https:\/\/www.wes.org\/fr\/contactez-nous\/\" target=\"_blank\" rel=\"noreferrer noopener\">https:\/\/www.wes.org\/contact-us\/<\/a>\u00a0pour obtenir de l\u2019aide.<\/p>\n\n<h3 class=\"wp-block-heading\" id=\"h-how-to-insert-a-text-link-into-your-website\">Comment ins\u00e9rer un lien texte dans votre site Web\u00a0:<\/h3>\n\n<p>Exemple\u00a0: <a href=\"https:\/\/wes.org\/\" target=\"_blank\" rel=\"noreferrer noopener\">World Education Services<\/a><\/p>\n\n<p>Copiez le code ci-dessous\u00a0:<\/p>\n\n<p><code><a href=\"https:\/\/wes.org\">World Education Services<\/a><\/code><\/p>\n\n<h3 class=\"wp-block-heading\" id=\"h-how-to-insert-the-wes-logo-into-your-website\">Comment ins\u00e9rer le logo de WES dans votre site Web\u00a0:<\/h3>\n\n<p>Exemple\u00a0:<\/p>\n\n<figure class=\"wp-block-image size-medium\"><img loading=\"lazy\" decoding=\"async\" width=\"300\" height=\"99\" src=\"https:\/\/www.wes.org\/wp-content\/uploads\/2024\/06\/WES_Logo_RGB-2line_Green-Clearspace-300x99.png\" alt=\"\" class=\"wp-image-42116\" srcset=\"https:\/\/www.wes.org\/wp-content\/uploads\/2024\/06\/WES_Logo_RGB-2line_Green-Clearspace-300x99.png 300w, https:\/\/www.wes.org\/wp-content\/uploads\/2024\/06\/WES_Logo_RGB-2line_Green-Clearspace-1024x337.png 1024w, https:\/\/www.wes.org\/wp-content\/uploads\/2024\/06\/WES_Logo_RGB-2line_Green-Clearspace-768x253.png 768w, https:\/\/www.wes.org\/wp-content\/uploads\/2024\/06\/WES_Logo_RGB-2line_Green-Clearspace.png 1224w\" sizes=\"auto, (max-width: 300px) 100vw, 300px\" \/><\/figure>\n\n<p><\/p>\n\n<p><a href=\"\/wp-content\/uploads\/2024\/06\/WES_Logo_RGB-2line_Green-Clearspace.png\">T\u00e9l\u00e9charger le logo<\/a><\/p>\n\n<p>Si vous avez besoin d\u2019une taille diff\u00e9rente, veuillez communiquer avec votre partenaire en lui indiquant les dimensions souhait\u00e9es, et nous pourrons g\u00e9n\u00e9rer un logo pour vous.<\/p>\n\n<div style=\"height:100px\" aria-hidden=\"true\" class=\"wp-block-spacer\"><\/div>\n","protected":false},"excerpt":{"rendered":"<p>L\u2019ajout d\u2019un lien direct vers WES depuis votre propre site Web est rapide et facile et permet aux demandeurs form\u00e9s \u00e0 l\u2019\u00e9tranger de savoir qu\u2019ils doivent faire \u00e9valuer leurs dipl\u00f4mes de mani\u00e8re fiable et \u00e9quitable. Pour ce faire, il vous suffit de copier le code HTML fourni ci-dessous (soit pour un lien texte, soit pour un logo de WES) et de l\u2019ins\u00e9rer dans la page appropri\u00e9e de votre site Web.<\/p>\n","protected":false},"author":2,"featured_media":0,"parent":43797,"menu_order":0,"comment_status":"closed","ping_status":"closed","template":"","meta":{"_acf_changed":false,"footnotes":""},"class_list":["post-49822","page","type-page","status-publish","hentry"],"better_featured_image":null,"acf":{"alert_msg":"default"},"yoast_head":"<!-- This site is optimized with the Yoast SEO Premium plugin v26.2 (Yoast SEO v27.0) - https:\/\/yoast.com\/product\/yoast-seo-premium-wordpress\/ -->\n<title>\u00c9tablissement d\u2019un lien vers WES depuis votre site Web - WES<\/title>\n<meta name=\"robots\" content=\"index, follow, max-snippet:-1, max-image-preview:large, max-video-preview:-1\" \/>\n<link rel=\"canonical\" href=\"https:\/\/www.wes.org\/fr\/evaluations-de-diplomes\/etablissement-dun-lien-vers-wes-depuis-votre-site-web\/\" \/>\n<meta property=\"og:locale\" content=\"fr_FR\" \/>\n<meta property=\"og:type\" content=\"article\" \/>\n<meta property=\"og:title\" content=\"\u00c9tablissement d\u2019un lien vers WES depuis votre site Web\" \/>\n<meta property=\"og:description\" content=\"L\u2019ajout d\u2019un lien direct vers WES depuis votre propre site Web est rapide et facile et permet aux demandeurs form\u00e9s \u00e0 l\u2019\u00e9tranger de savoir qu\u2019ils doivent faire \u00e9valuer leurs dipl\u00f4mes de mani\u00e8re fiable et \u00e9quitable. Pour ce faire, il vous suffit de copier le code HTML fourni ci-dessous (soit pour un lien texte, soit pour un logo de WES) et de l\u2019ins\u00e9rer dans la page appropri\u00e9e de votre site Web.\" \/>\n<meta property=\"og:url\" content=\"https:\/\/www.wes.org\/fr\/evaluations-de-diplomes\/etablissement-dun-lien-vers-wes-depuis-votre-site-web\/\" \/>\n<meta property=\"og:site_name\" content=\"WES\" \/>\n<meta property=\"article:publisher\" content=\"https:\/\/www.facebook.com\/WorldEducationServices\/\" \/>\n<meta property=\"article:modified_time\" content=\"2025-05-08T13:58:35+00:00\" \/>\n<meta property=\"og:image\" content=\"https:\/\/www.wes.org\/wp-content\/uploads\/2024\/06\/WES_Logo_RGB-2line_Green-Clearspace-300x99.png\" \/>\n<meta name=\"twitter:card\" content=\"summary_large_image\" \/>\n<meta name=\"twitter:site\" content=\"@WorldEdServices\" \/>\n<meta name=\"twitter:label1\" content=\"Dur\u00e9e de lecture estim\u00e9e\" \/>\n\t<meta name=\"twitter:data1\" content=\"3 minutes\" \/>\n<script type=\"application\/ld+json\" class=\"yoast-schema-graph\">{\"@context\":\"https:\/\/schema.org\",\"@graph\":[{\"@type\":\"WebPage\",\"@id\":\"https:\/\/www.wes.org\/fr\/evaluations-de-diplomes\/etablissement-dun-lien-vers-wes-depuis-votre-site-web\/\",\"url\":\"https:\/\/www.wes.org\/fr\/evaluations-de-diplomes\/etablissement-dun-lien-vers-wes-depuis-votre-site-web\/\",\"name\":\"\u00c9tablissement d\u2019un lien vers WES depuis votre site Web - WES\",\"isPartOf\":{\"@id\":\"https:\/\/www.wes.org\/fr\/#website\"},\"primaryImageOfPage\":{\"@id\":\"https:\/\/www.wes.org\/fr\/evaluations-de-diplomes\/etablissement-dun-lien-vers-wes-depuis-votre-site-web\/#primaryimage\"},\"image\":{\"@id\":\"https:\/\/www.wes.org\/fr\/evaluations-de-diplomes\/etablissement-dun-lien-vers-wes-depuis-votre-site-web\/#primaryimage\"},\"thumbnailUrl\":\"https:\/\/www.wes.org\/wp-content\/uploads\/2024\/06\/WES_Logo_RGB-2line_Green-Clearspace-300x99.png\",\"datePublished\":\"2025-05-08T13:58:33+00:00\",\"dateModified\":\"2025-05-08T13:58:35+00:00\",\"breadcrumb\":{\"@id\":\"https:\/\/www.wes.org\/fr\/evaluations-de-diplomes\/etablissement-dun-lien-vers-wes-depuis-votre-site-web\/#breadcrumb\"},\"inLanguage\":\"fr-FR\",\"potentialAction\":[{\"@type\":\"ReadAction\",\"target\":[\"https:\/\/www.wes.org\/fr\/evaluations-de-diplomes\/etablissement-dun-lien-vers-wes-depuis-votre-site-web\/\"]}]},{\"@type\":\"ImageObject\",\"inLanguage\":\"fr-FR\",\"@id\":\"https:\/\/www.wes.org\/fr\/evaluations-de-diplomes\/etablissement-dun-lien-vers-wes-depuis-votre-site-web\/#primaryimage\",\"url\":\"https:\/\/www.wes.org\/wp-content\/uploads\/2024\/06\/WES_Logo_RGB-2line_Green-Clearspace-300x99.png\",\"contentUrl\":\"https:\/\/www.wes.org\/wp-content\/uploads\/2024\/06\/WES_Logo_RGB-2line_Green-Clearspace-300x99.png\"},{\"@type\":\"BreadcrumbList\",\"@id\":\"https:\/\/www.wes.org\/fr\/evaluations-de-diplomes\/etablissement-dun-lien-vers-wes-depuis-votre-site-web\/#breadcrumb\",\"itemListElement\":[{\"@type\":\"ListItem\",\"position\":1,\"name\":\"Home\",\"item\":\"https:\/\/www.wes.org\/fr\/\"},{\"@type\":\"ListItem\",\"position\":2,\"name\":\"\u00c9valuation de dipl\u00f4mes\",\"item\":\"https:\/\/www.wes.org\/fr\/evaluations-de-diplomes\/\"},{\"@type\":\"ListItem\",\"position\":3,\"name\":\"\u00c9tablissement d\u2019un lien vers WES depuis votre site Web\"}]},{\"@type\":\"WebSite\",\"@id\":\"https:\/\/www.wes.org\/fr\/#website\",\"url\":\"https:\/\/www.wes.org\/fr\/\",\"name\":\"World Education Services\",\"description\":\"\",\"publisher\":{\"@id\":\"https:\/\/www.wes.org\/fr\/#organization\"},\"potentialAction\":[{\"@type\":\"SearchAction\",\"target\":{\"@type\":\"EntryPoint\",\"urlTemplate\":\"https:\/\/www.wes.org\/fr\/?s={search_term_string}\"},\"query-input\":{\"@type\":\"PropertyValueSpecification\",\"valueRequired\":true,\"valueName\":\"search_term_string\"}}],\"inLanguage\":\"fr-FR\"},{\"@type\":\"Organization\",\"@id\":\"https:\/\/www.wes.org\/fr\/#organization\",\"name\":\"World Education Services\",\"url\":\"https:\/\/www.wes.org\/fr\/\",\"logo\":{\"@type\":\"ImageObject\",\"inLanguage\":\"fr-FR\",\"@id\":\"https:\/\/www.wes.org\/fr\/#\/schema\/logo\/image\/\",\"url\":\"https:\/\/www.wes.org\/wp-content\/uploads\/2024\/07\/cropped-cropped-WES_Logo_RGB-Primary_Green-Clearspace-e1719869905447.png\",\"contentUrl\":\"https:\/\/www.wes.org\/wp-content\/uploads\/2024\/07\/cropped-cropped-WES_Logo_RGB-Primary_Green-Clearspace-e1719869905447.png\",\"width\":512,\"height\":512,\"caption\":\"World Education Services\"},\"image\":{\"@id\":\"https:\/\/www.wes.org\/fr\/#\/schema\/logo\/image\/\"},\"sameAs\":[\"https:\/\/www.facebook.com\/WorldEducationServices\/\",\"https:\/\/x.com\/WorldEdServices\",\"https:\/\/www.linkedin.com\/company\/worldeducationservices\/\"]}]}<\/script>\n<!-- \/ Yoast SEO Premium plugin. -->","yoast_head_json":{"title":"\u00c9tablissement d\u2019un lien vers WES depuis votre site Web - WES","robots":{"index":"index","follow":"follow","max-snippet":"max-snippet:-1","max-image-preview":"max-image-preview:large","max-video-preview":"max-video-preview:-1"},"canonical":"https:\/\/www.wes.org\/fr\/evaluations-de-diplomes\/etablissement-dun-lien-vers-wes-depuis-votre-site-web\/","og_locale":"fr_FR","og_type":"article","og_title":"\u00c9tablissement d\u2019un lien vers WES depuis votre site Web","og_description":"L\u2019ajout d\u2019un lien direct vers WES depuis votre propre site Web est rapide et facile et permet aux demandeurs form\u00e9s \u00e0 l\u2019\u00e9tranger de savoir qu\u2019ils doivent faire \u00e9valuer leurs dipl\u00f4mes de mani\u00e8re fiable et \u00e9quitable. Pour ce faire, il vous suffit de copier le code HTML fourni ci-dessous (soit pour un lien texte, soit pour un logo de WES) et de l\u2019ins\u00e9rer dans la page appropri\u00e9e de votre site Web.","og_url":"https:\/\/www.wes.org\/fr\/evaluations-de-diplomes\/etablissement-dun-lien-vers-wes-depuis-votre-site-web\/","og_site_name":"WES","article_publisher":"https:\/\/www.facebook.com\/WorldEducationServices\/","article_modified_time":"2025-05-08T13:58:35+00:00","og_image":[{"url":"https:\/\/www.wes.org\/wp-content\/uploads\/2024\/06\/WES_Logo_RGB-2line_Green-Clearspace-300x99.png","type":"","width":"","height":""}],"twitter_card":"summary_large_image","twitter_site":"@WorldEdServices","twitter_misc":{"Dur\u00e9e de lecture estim\u00e9e":"3 minutes"},"schema":{"@context":"https:\/\/schema.org","@graph":[{"@type":"WebPage","@id":"https:\/\/www.wes.org\/fr\/evaluations-de-diplomes\/etablissement-dun-lien-vers-wes-depuis-votre-site-web\/","url":"https:\/\/www.wes.org\/fr\/evaluations-de-diplomes\/etablissement-dun-lien-vers-wes-depuis-votre-site-web\/","name":"\u00c9tablissement d\u2019un lien vers WES depuis votre site Web - WES","isPartOf":{"@id":"https:\/\/www.wes.org\/fr\/#website"},"primaryImageOfPage":{"@id":"https:\/\/www.wes.org\/fr\/evaluations-de-diplomes\/etablissement-dun-lien-vers-wes-depuis-votre-site-web\/#primaryimage"},"image":{"@id":"https:\/\/www.wes.org\/fr\/evaluations-de-diplomes\/etablissement-dun-lien-vers-wes-depuis-votre-site-web\/#primaryimage"},"thumbnailUrl":"https:\/\/www.wes.org\/wp-content\/uploads\/2024\/06\/WES_Logo_RGB-2line_Green-Clearspace-300x99.png","datePublished":"2025-05-08T13:58:33+00:00","dateModified":"2025-05-08T13:58:35+00:00","breadcrumb":{"@id":"https:\/\/www.wes.org\/fr\/evaluations-de-diplomes\/etablissement-dun-lien-vers-wes-depuis-votre-site-web\/#breadcrumb"},"inLanguage":"fr-FR","potentialAction":[{"@type":"ReadAction","target":["https:\/\/www.wes.org\/fr\/evaluations-de-diplomes\/etablissement-dun-lien-vers-wes-depuis-votre-site-web\/"]}]},{"@type":"ImageObject","inLanguage":"fr-FR","@id":"https:\/\/www.wes.org\/fr\/evaluations-de-diplomes\/etablissement-dun-lien-vers-wes-depuis-votre-site-web\/#primaryimage","url":"https:\/\/www.wes.org\/wp-content\/uploads\/2024\/06\/WES_Logo_RGB-2line_Green-Clearspace-300x99.png","contentUrl":"https:\/\/www.wes.org\/wp-content\/uploads\/2024\/06\/WES_Logo_RGB-2line_Green-Clearspace-300x99.png"},{"@type":"BreadcrumbList","@id":"https:\/\/www.wes.org\/fr\/evaluations-de-diplomes\/etablissement-dun-lien-vers-wes-depuis-votre-site-web\/#breadcrumb","itemListElement":[{"@type":"ListItem","position":1,"name":"Home","item":"https:\/\/www.wes.org\/fr\/"},{"@type":"ListItem","position":2,"name":"\u00c9valuation de dipl\u00f4mes","item":"https:\/\/www.wes.org\/fr\/evaluations-de-diplomes\/"},{"@type":"ListItem","position":3,"name":"\u00c9tablissement d\u2019un lien vers WES depuis votre site Web"}]},{"@type":"WebSite","@id":"https:\/\/www.wes.org\/fr\/#website","url":"https:\/\/www.wes.org\/fr\/","name":"World Education Services","description":"","publisher":{"@id":"https:\/\/www.wes.org\/fr\/#organization"},"potentialAction":[{"@type":"SearchAction","target":{"@type":"EntryPoint","urlTemplate":"https:\/\/www.wes.org\/fr\/?s={search_term_string}"},"query-input":{"@type":"PropertyValueSpecification","valueRequired":true,"valueName":"search_term_string"}}],"inLanguage":"fr-FR"},{"@type":"Organization","@id":"https:\/\/www.wes.org\/fr\/#organization","name":"World Education Services","url":"https:\/\/www.wes.org\/fr\/","logo":{"@type":"ImageObject","inLanguage":"fr-FR","@id":"https:\/\/www.wes.org\/fr\/#\/schema\/logo\/image\/","url":"https:\/\/www.wes.org\/wp-content\/uploads\/2024\/07\/cropped-cropped-WES_Logo_RGB-Primary_Green-Clearspace-e1719869905447.png","contentUrl":"https:\/\/www.wes.org\/wp-content\/uploads\/2024\/07\/cropped-cropped-WES_Logo_RGB-Primary_Green-Clearspace-e1719869905447.png","width":512,"height":512,"caption":"World Education Services"},"image":{"@id":"https:\/\/www.wes.org\/fr\/#\/schema\/logo\/image\/"},"sameAs":["https:\/\/www.facebook.com\/WorldEducationServices\/","https:\/\/x.com\/WorldEdServices","https:\/\/www.linkedin.com\/company\/worldeducationservices\/"]}]}},"wpml_current_locale":"fr_FR","wpml_translations":[{"locale":"en_US","id":3466,"post_title":"Linking Your Website to WES","href":"https:\/\/www.wes.org\/linking-website-wes\/"}],"_links":{"self":[{"href":"https:\/\/www.wes.org\/fr\/wp-json\/wp\/v2\/pages\/49822","targetHints":{"allow":["GET"]}}],"collection":[{"href":"https:\/\/www.wes.org\/fr\/wp-json\/wp\/v2\/pages"}],"about":[{"href":"https:\/\/www.wes.org\/fr\/wp-json\/wp\/v2\/types\/page"}],"author":[{"embeddable":true,"href":"https:\/\/www.wes.org\/fr\/wp-json\/wp\/v2\/users\/2"}],"replies":[{"embeddable":true,"href":"https:\/\/www.wes.org\/fr\/wp-json\/wp\/v2\/comments?post=49822"}],"version-history":[{"count":0,"href":"https:\/\/www.wes.org\/fr\/wp-json\/wp\/v2\/pages\/49822\/revisions"}],"up":[{"embeddable":true,"href":"https:\/\/www.wes.org\/fr\/wp-json\/wp\/v2\/pages\/43797"}],"wp:attachment":[{"href":"https:\/\/www.wes.org\/fr\/wp-json\/wp\/v2\/media?parent=49822"}],"curies":[{"name":"wp","href":"https:\/\/api.w.org\/{rel}","templated":true}]}}