{"id":49765,"date":"2025-05-05T14:06:02","date_gmt":"2025-05-05T18:06:02","guid":{"rendered":"https:\/\/www.wes.org\/impact-social\/le-fonds-mariam-assefa-de-wes\/opportunites\/"},"modified":"2025-05-05T14:06:04","modified_gmt":"2025-05-05T18:06:04","slug":"opportunites","status":"publish","type":"page","link":"https:\/\/www.wes.org\/fr\/impact-social\/le-fonds-mariam-assefa-de-wes\/opportunites\/","title":{"rendered":"Opportunit\u00e9s"},"content":{"rendered":"\n<div style=\"height:100px\" aria-hidden=\"true\" class=\"wp-block-spacer\"><\/div>\n\n\n\n<section  class=\"sw-block font-sans\">\n    <div class=\"max-w-[1240px] px-5 mx-auto\">\n        <div class=\"text-center max-w-[926px] mx-auto\">\n                            <div class=\"not-prose\">\n                    <h2 class=\"font-display text-black text-[32px] leading-tight md:leading-none md:text-5xl\">Opportunit\u00e9s de financement<\/h2>\n                <\/div>\n            \n                            <div class=\"font-sans text-black mt-6 md:text-lg md:leading-normal\">\n                    <p>Le Fonds Mariam Assefa de WES s\u00e9lectionne les partenaires b\u00e9n\u00e9ficiaires et octroie des fonds par le biais de divers m\u00e9canismes, notamment la sensibilisation d\u2019organisations align\u00e9es et des appels de propositions ouverts.<\/p>\n<p>\u00c0 l\u2019heure actuelle, nous n\u2019acceptons aucune proposition spontan\u00e9e. Cependant, nous accordons une grande importance aux id\u00e9es novatrices des organisations et praticiens sur le terrain, et lan\u00e7ons p\u00e9riodiquement des appels \u00e0 projets align\u00e9s en ad\u00e9quation avec nos domaines d\u2019int\u00e9r\u00eat.<\/p>\n<p><strong>Tous les futurs appels \u00e0 propositions ouverts seront partag\u00e9s ici et \u00e0 l&rsquo;aide de notre liste de distribution.<\/strong><\/p>\n                <\/div>\n            \n                            <div class=\"not-prose\">\n                    <a class=\"inline-block text-sm text-cobalt underline md:mt-6\" href=\"https:\/\/www.wes.org\/faq\/#faq-mafund\" target=\"_self\">Lisez notre FAQ<\/a>\n                <\/div>\n                    <\/div>\n            <\/div>\n<\/section>\n\n\n\n\n\n\n\n<div style=\"height:100px\" aria-hidden=\"true\" class=\"wp-block-spacer\"><\/div>\n\n<h2 class=\"wp-block-heading has-text-align-center\" id=\"h-previous-opportunities\">Opportunit\u00e9s pr\u00e9c\u00e9dentes<\/h2>\n\n<p><\/p>\n\n<figure class=\"wp-block-image aligncenter size-full is-resized\"><a href=\"https:\/\/www.wes.org\/fund\/opportunity-challenge\/\"><img loading=\"lazy\" decoding=\"async\" width=\"1354\" height=\"521\" src=\"https:\/\/www.wes.org\/wp-content\/uploads\/2020\/03\/wes_fund-opp_challenge-logo-color.png\" alt=\"L&#x2019;Opportunity Challenge de WES&#xA0;: 1&#xA0;million de dollars en faveur des communaut&#xE9;s d&#x2019;immigrants, avec le parrainage du Fonds Mariam Assefa et de la Fondation Tarsadia\" class=\"wp-image-23524\" style=\"width:500px\" srcset=\"https:\/\/www.wes.org\/wp-content\/uploads\/2020\/03\/wes_fund-opp_challenge-logo-color.png 1354w, https:\/\/www.wes.org\/wp-content\/uploads\/2020\/03\/wes_fund-opp_challenge-logo-color-300x115.png 300w, https:\/\/www.wes.org\/wp-content\/uploads\/2020\/03\/wes_fund-opp_challenge-logo-color-1024x394.png 1024w, https:\/\/www.wes.org\/wp-content\/uploads\/2020\/03\/wes_fund-opp_challenge-logo-color-768x296.png 768w\" sizes=\"auto, (max-width: 1354px) 100vw, 1354px\" \/><\/a><\/figure>\n\n<div style=\"height:100px\" aria-hidden=\"true\" class=\"wp-block-spacer\"><\/div>\n\n<div class=\"wp-block-columns is-layout-flex wp-container-core-columns-is-layout-28f84493 wp-block-columns-is-layout-flex\">\n<div class=\"wp-block-column is-layout-flow wp-block-column-is-layout-flow\">\n<h2 class=\"wp-block-heading has-text-align-center\" id=\"h-partner-with-us\">Collaborez avec nous<\/h2>\n\n\n\n<p class=\"has-text-align-left\">Nous sommes ouverts \u00e0 toute collaboration avec des bailleurs de fonds publics et priv\u00e9s afin d&rsquo;apporter davantage de ressources et de connaissances dans ce domaine. Avec des efforts, des capitaux et une expertise suppl\u00e9mentaires, l\u2019impact peut s&rsquo;intensifier et entra\u00eener des changements plus significatifs.<\/p>\n\n\n\n<p class=\"has-text-align-left\">Pour plus d&rsquo;informations, veuillez envoyer un e-mail \u00e0 l&rsquo;adresse\u00a0<a href=\"mailto:fund@wes.org\">fund@wes.org<\/a>.<\/p>\n<\/div>\n\n\n\n<div class=\"wp-block-column is-layout-flow wp-block-column-is-layout-flow\">\n<h2 class=\"wp-block-heading has-text-align-center\" id=\"h-stay-nbsp-in-touch\">Restez en contact<\/h2>\n\n\n\n<p class=\"has-text-align-left\">Merci de l\u2019int\u00e9r\u00eat que vous portez au Fonds Mariam Assefa de WES. Notre liste de distribution nous aide \u00e0 faire le point sur les efforts d\u00e9ploy\u00e9s dans le cadre du Fonds, sur les apprentissages et sur les possibilit\u00e9s.<\/p>\n\n\n\n<div class=\"wp-block-buttons is-content-justification-center is-layout-flex wp-container-core-buttons-is-layout-a89b3969 wp-block-buttons-is-layout-flex\">\n<div class=\"wp-block-button\"><a class=\"wp-block-button__link wp-element-button\" href=\"\/subscribe\">Inscrivez-vous \u00e0 notre liste<\/a><\/div>\n<\/div>\n<\/div>\n<\/div>\n\n<div style=\"height:0px\" aria-hidden=\"true\" class=\"wp-block-spacer\"><\/div>\n","protected":false},"excerpt":{"rendered":"<p>Opportunit\u00e9s pr\u00e9c\u00e9dentes Collaborez avec nous Nous sommes ouverts \u00e0 toute collaboration avec des bailleurs de fonds publics et priv\u00e9s afin d&rsquo;apporter davantage de ressources et de connaissances dans ce domaine. Avec des efforts, des capitaux et une expertise suppl\u00e9mentaires, l\u2019impact peut s&rsquo;intensifier et entra\u00eener des changements plus significatifs. Pour plus d&rsquo;informations, veuillez envoyer un e-mail [&hellip;]<\/p>\n","protected":false},"author":1090,"featured_media":0,"parent":48788,"menu_order":0,"comment_status":"closed","ping_status":"closed","template":"","meta":{"_acf_changed":false,"footnotes":""},"class_list":["post-49765","page","type-page","status-publish","hentry"],"better_featured_image":null,"acf":{"alert_msg":"default"},"yoast_head":"<!-- This site is optimized with the Yoast SEO Premium plugin v26.2 (Yoast SEO v27.0) - https:\/\/yoast.com\/product\/yoast-seo-premium-wordpress\/ -->\n<title>Opportunit\u00e9s - WES<\/title>\n<meta name=\"robots\" content=\"index, follow, max-snippet:-1, max-image-preview:large, max-video-preview:-1\" \/>\n<link rel=\"canonical\" href=\"https:\/\/www.wes.org\/fr\/impact-social\/le-fonds-mariam-assefa-de-wes\/opportunites\/\" \/>\n<meta property=\"og:locale\" content=\"fr_FR\" \/>\n<meta property=\"og:type\" content=\"article\" \/>\n<meta property=\"og:title\" content=\"Opportunit\u00e9s\" \/>\n<meta property=\"og:description\" content=\"Opportunit\u00e9s pr\u00e9c\u00e9dentes Collaborez avec nous Nous sommes ouverts \u00e0 toute collaboration avec des bailleurs de fonds publics et priv\u00e9s afin d&rsquo;apporter davantage de ressources et de connaissances dans ce domaine. Avec des efforts, des capitaux et une expertise suppl\u00e9mentaires, l\u2019impact peut s&rsquo;intensifier et entra\u00eener des changements plus significatifs. Pour plus d&rsquo;informations, veuillez envoyer un e-mail [&hellip;]\" \/>\n<meta property=\"og:url\" content=\"https:\/\/www.wes.org\/fr\/impact-social\/le-fonds-mariam-assefa-de-wes\/opportunites\/\" \/>\n<meta property=\"og:site_name\" content=\"WES\" \/>\n<meta property=\"article:publisher\" content=\"https:\/\/www.facebook.com\/WorldEducationServices\/\" \/>\n<meta property=\"article:modified_time\" content=\"2025-05-05T18:06:04+00:00\" \/>\n<meta property=\"og:image\" content=\"https:\/\/www.wes.org\/wp-content\/uploads\/2020\/03\/wes_fund-opp_challenge-logo-color.png\" \/>\n<meta name=\"twitter:card\" content=\"summary_large_image\" \/>\n<meta name=\"twitter:site\" content=\"@WorldEdServices\" \/>\n<meta name=\"twitter:label1\" content=\"Dur\u00e9e de lecture estim\u00e9e\" \/>\n\t<meta name=\"twitter:data1\" content=\"1 minute\" \/>\n<script type=\"application\/ld+json\" class=\"yoast-schema-graph\">{\"@context\":\"https:\/\/schema.org\",\"@graph\":[{\"@type\":\"WebPage\",\"@id\":\"https:\/\/www.wes.org\/fr\/impact-social\/le-fonds-mariam-assefa-de-wes\/opportunites\/\",\"url\":\"https:\/\/www.wes.org\/fr\/impact-social\/le-fonds-mariam-assefa-de-wes\/opportunites\/\",\"name\":\"Opportunit\u00e9s - WES\",\"isPartOf\":{\"@id\":\"https:\/\/www.wes.org\/fr\/#website\"},\"primaryImageOfPage\":{\"@id\":\"https:\/\/www.wes.org\/fr\/impact-social\/le-fonds-mariam-assefa-de-wes\/opportunites\/#primaryimage\"},\"image\":{\"@id\":\"https:\/\/www.wes.org\/fr\/impact-social\/le-fonds-mariam-assefa-de-wes\/opportunites\/#primaryimage\"},\"thumbnailUrl\":\"https:\/\/www.wes.org\/wp-content\/uploads\/2020\/03\/wes_fund-opp_challenge-logo-color.png\",\"datePublished\":\"2025-05-05T18:06:02+00:00\",\"dateModified\":\"2025-05-05T18:06:04+00:00\",\"breadcrumb\":{\"@id\":\"https:\/\/www.wes.org\/fr\/impact-social\/le-fonds-mariam-assefa-de-wes\/opportunites\/#breadcrumb\"},\"inLanguage\":\"fr-FR\",\"potentialAction\":[{\"@type\":\"ReadAction\",\"target\":[\"https:\/\/www.wes.org\/fr\/impact-social\/le-fonds-mariam-assefa-de-wes\/opportunites\/\"]}]},{\"@type\":\"ImageObject\",\"inLanguage\":\"fr-FR\",\"@id\":\"https:\/\/www.wes.org\/fr\/impact-social\/le-fonds-mariam-assefa-de-wes\/opportunites\/#primaryimage\",\"url\":\"https:\/\/www.wes.org\/wp-content\/uploads\/2020\/03\/wes_fund-opp_challenge-logo-color.png\",\"contentUrl\":\"https:\/\/www.wes.org\/wp-content\/uploads\/2020\/03\/wes_fund-opp_challenge-logo-color.png\"},{\"@type\":\"BreadcrumbList\",\"@id\":\"https:\/\/www.wes.org\/fr\/impact-social\/le-fonds-mariam-assefa-de-wes\/opportunites\/#breadcrumb\",\"itemListElement\":[{\"@type\":\"ListItem\",\"position\":1,\"name\":\"Home\",\"item\":\"https:\/\/www.wes.org\/fr\/\"},{\"@type\":\"ListItem\",\"position\":2,\"name\":\"Impact Social\",\"item\":\"https:\/\/www.wes.org\/fr\/impact-social\/\"},{\"@type\":\"ListItem\",\"position\":3,\"name\":\"Le Fonds Mariam Assefa de WES\",\"item\":\"https:\/\/www.wes.org\/fr\/impact-social\/le-fonds-mariam-assefa-de-wes\/\"},{\"@type\":\"ListItem\",\"position\":4,\"name\":\"Opportunit\u00e9s\"}]},{\"@type\":\"WebSite\",\"@id\":\"https:\/\/www.wes.org\/fr\/#website\",\"url\":\"https:\/\/www.wes.org\/fr\/\",\"name\":\"World Education Services\",\"description\":\"\",\"publisher\":{\"@id\":\"https:\/\/www.wes.org\/fr\/#organization\"},\"potentialAction\":[{\"@type\":\"SearchAction\",\"target\":{\"@type\":\"EntryPoint\",\"urlTemplate\":\"https:\/\/www.wes.org\/fr\/?s={search_term_string}\"},\"query-input\":{\"@type\":\"PropertyValueSpecification\",\"valueRequired\":true,\"valueName\":\"search_term_string\"}}],\"inLanguage\":\"fr-FR\"},{\"@type\":\"Organization\",\"@id\":\"https:\/\/www.wes.org\/fr\/#organization\",\"name\":\"World Education Services\",\"url\":\"https:\/\/www.wes.org\/fr\/\",\"logo\":{\"@type\":\"ImageObject\",\"inLanguage\":\"fr-FR\",\"@id\":\"https:\/\/www.wes.org\/fr\/#\/schema\/logo\/image\/\",\"url\":\"https:\/\/www.wes.org\/wp-content\/uploads\/2024\/07\/cropped-cropped-WES_Logo_RGB-Primary_Green-Clearspace-e1719869905447.png\",\"contentUrl\":\"https:\/\/www.wes.org\/wp-content\/uploads\/2024\/07\/cropped-cropped-WES_Logo_RGB-Primary_Green-Clearspace-e1719869905447.png\",\"width\":512,\"height\":512,\"caption\":\"World Education Services\"},\"image\":{\"@id\":\"https:\/\/www.wes.org\/fr\/#\/schema\/logo\/image\/\"},\"sameAs\":[\"https:\/\/www.facebook.com\/WorldEducationServices\/\",\"https:\/\/x.com\/WorldEdServices\",\"https:\/\/www.linkedin.com\/company\/worldeducationservices\/\"]}]}<\/script>\n<!-- \/ Yoast SEO Premium plugin. -->","yoast_head_json":{"title":"Opportunit\u00e9s - WES","robots":{"index":"index","follow":"follow","max-snippet":"max-snippet:-1","max-image-preview":"max-image-preview:large","max-video-preview":"max-video-preview:-1"},"canonical":"https:\/\/www.wes.org\/fr\/impact-social\/le-fonds-mariam-assefa-de-wes\/opportunites\/","og_locale":"fr_FR","og_type":"article","og_title":"Opportunit\u00e9s","og_description":"Opportunit\u00e9s pr\u00e9c\u00e9dentes Collaborez avec nous Nous sommes ouverts \u00e0 toute collaboration avec des bailleurs de fonds publics et priv\u00e9s afin d&rsquo;apporter davantage de ressources et de connaissances dans ce domaine. Avec des efforts, des capitaux et une expertise suppl\u00e9mentaires, l\u2019impact peut s&rsquo;intensifier et entra\u00eener des changements plus significatifs. Pour plus d&rsquo;informations, veuillez envoyer un e-mail [&hellip;]","og_url":"https:\/\/www.wes.org\/fr\/impact-social\/le-fonds-mariam-assefa-de-wes\/opportunites\/","og_site_name":"WES","article_publisher":"https:\/\/www.facebook.com\/WorldEducationServices\/","article_modified_time":"2025-05-05T18:06:04+00:00","og_image":[{"url":"https:\/\/www.wes.org\/wp-content\/uploads\/2020\/03\/wes_fund-opp_challenge-logo-color.png","type":"","width":"","height":""}],"twitter_card":"summary_large_image","twitter_site":"@WorldEdServices","twitter_misc":{"Dur\u00e9e de lecture estim\u00e9e":"1 minute"},"schema":{"@context":"https:\/\/schema.org","@graph":[{"@type":"WebPage","@id":"https:\/\/www.wes.org\/fr\/impact-social\/le-fonds-mariam-assefa-de-wes\/opportunites\/","url":"https:\/\/www.wes.org\/fr\/impact-social\/le-fonds-mariam-assefa-de-wes\/opportunites\/","name":"Opportunit\u00e9s - WES","isPartOf":{"@id":"https:\/\/www.wes.org\/fr\/#website"},"primaryImageOfPage":{"@id":"https:\/\/www.wes.org\/fr\/impact-social\/le-fonds-mariam-assefa-de-wes\/opportunites\/#primaryimage"},"image":{"@id":"https:\/\/www.wes.org\/fr\/impact-social\/le-fonds-mariam-assefa-de-wes\/opportunites\/#primaryimage"},"thumbnailUrl":"https:\/\/www.wes.org\/wp-content\/uploads\/2020\/03\/wes_fund-opp_challenge-logo-color.png","datePublished":"2025-05-05T18:06:02+00:00","dateModified":"2025-05-05T18:06:04+00:00","breadcrumb":{"@id":"https:\/\/www.wes.org\/fr\/impact-social\/le-fonds-mariam-assefa-de-wes\/opportunites\/#breadcrumb"},"inLanguage":"fr-FR","potentialAction":[{"@type":"ReadAction","target":["https:\/\/www.wes.org\/fr\/impact-social\/le-fonds-mariam-assefa-de-wes\/opportunites\/"]}]},{"@type":"ImageObject","inLanguage":"fr-FR","@id":"https:\/\/www.wes.org\/fr\/impact-social\/le-fonds-mariam-assefa-de-wes\/opportunites\/#primaryimage","url":"https:\/\/www.wes.org\/wp-content\/uploads\/2020\/03\/wes_fund-opp_challenge-logo-color.png","contentUrl":"https:\/\/www.wes.org\/wp-content\/uploads\/2020\/03\/wes_fund-opp_challenge-logo-color.png"},{"@type":"BreadcrumbList","@id":"https:\/\/www.wes.org\/fr\/impact-social\/le-fonds-mariam-assefa-de-wes\/opportunites\/#breadcrumb","itemListElement":[{"@type":"ListItem","position":1,"name":"Home","item":"https:\/\/www.wes.org\/fr\/"},{"@type":"ListItem","position":2,"name":"Impact Social","item":"https:\/\/www.wes.org\/fr\/impact-social\/"},{"@type":"ListItem","position":3,"name":"Le Fonds Mariam Assefa de WES","item":"https:\/\/www.wes.org\/fr\/impact-social\/le-fonds-mariam-assefa-de-wes\/"},{"@type":"ListItem","position":4,"name":"Opportunit\u00e9s"}]},{"@type":"WebSite","@id":"https:\/\/www.wes.org\/fr\/#website","url":"https:\/\/www.wes.org\/fr\/","name":"World Education Services","description":"","publisher":{"@id":"https:\/\/www.wes.org\/fr\/#organization"},"potentialAction":[{"@type":"SearchAction","target":{"@type":"EntryPoint","urlTemplate":"https:\/\/www.wes.org\/fr\/?s={search_term_string}"},"query-input":{"@type":"PropertyValueSpecification","valueRequired":true,"valueName":"search_term_string"}}],"inLanguage":"fr-FR"},{"@type":"Organization","@id":"https:\/\/www.wes.org\/fr\/#organization","name":"World Education Services","url":"https:\/\/www.wes.org\/fr\/","logo":{"@type":"ImageObject","inLanguage":"fr-FR","@id":"https:\/\/www.wes.org\/fr\/#\/schema\/logo\/image\/","url":"https:\/\/www.wes.org\/wp-content\/uploads\/2024\/07\/cropped-cropped-WES_Logo_RGB-Primary_Green-Clearspace-e1719869905447.png","contentUrl":"https:\/\/www.wes.org\/wp-content\/uploads\/2024\/07\/cropped-cropped-WES_Logo_RGB-Primary_Green-Clearspace-e1719869905447.png","width":512,"height":512,"caption":"World Education Services"},"image":{"@id":"https:\/\/www.wes.org\/fr\/#\/schema\/logo\/image\/"},"sameAs":["https:\/\/www.facebook.com\/WorldEducationServices\/","https:\/\/x.com\/WorldEdServices","https:\/\/www.linkedin.com\/company\/worldeducationservices\/"]}]}},"wpml_current_locale":"fr_FR","wpml_translations":[{"locale":"en_US","id":23523,"post_title":"Opportunities","href":"https:\/\/www.wes.org\/opportunities\/"}],"_links":{"self":[{"href":"https:\/\/www.wes.org\/fr\/wp-json\/wp\/v2\/pages\/49765","targetHints":{"allow":["GET"]}}],"collection":[{"href":"https:\/\/www.wes.org\/fr\/wp-json\/wp\/v2\/pages"}],"about":[{"href":"https:\/\/www.wes.org\/fr\/wp-json\/wp\/v2\/types\/page"}],"author":[{"embeddable":true,"href":"https:\/\/www.wes.org\/fr\/wp-json\/wp\/v2\/users\/1090"}],"replies":[{"embeddable":true,"href":"https:\/\/www.wes.org\/fr\/wp-json\/wp\/v2\/comments?post=49765"}],"version-history":[{"count":0,"href":"https:\/\/www.wes.org\/fr\/wp-json\/wp\/v2\/pages\/49765\/revisions"}],"up":[{"embeddable":true,"href":"https:\/\/www.wes.org\/fr\/wp-json\/wp\/v2\/pages\/48788"}],"wp:attachment":[{"href":"https:\/\/www.wes.org\/fr\/wp-json\/wp\/v2\/media?parent=49765"}],"curies":[{"name":"wp","href":"https:\/\/api.w.org\/{rel}","templated":true}]}}