{"id":49760,"date":"2025-05-05T13:01:56","date_gmt":"2025-05-05T17:01:56","guid":{"rendered":"https:\/\/www.wes.org\/cartes-des-politiques-et-des-programmes-aux-etats-unis-2\/"},"modified":"2025-07-01T10:36:46","modified_gmt":"2025-07-01T14:36:46","slug":"cartes-des-politiques-et-des-programmes-aux-etats-unis","status":"publish","type":"page","link":"https:\/\/www.wes.org\/fr\/cartes-des-politiques-et-des-programmes-aux-etats-unis\/","title":{"rendered":"Cartes des politiques et des programmes aux \u00c9tats-Unis"},"content":{"rendered":"\n<div style=\"height:50px\" aria-hidden=\"true\" class=\"wp-block-spacer\"><\/div>\n\n\n\n\n\n<section  class=\"sw-block font-sans\">\n    <div class=\"max-w-[1240px] px-5 mx-auto\">\n        <div class=\"text-center max-w-[926px] mx-auto\">\n                            <div class=\"not-prose\">\n                    <h2 class=\"font-display text-black text-[32px] leading-tight md:leading-none md:text-5xl\">Cartes des Politiques et des Programmes aux \u00c9tats-Unis<\/h2>\n                <\/div>\n            \n                            <div class=\"font-sans text-black mt-6 md:text-lg md:leading-normal\">\n                    <p>Nos outils de cartographie des politiques et des programmes sont r\u00e9guli\u00e8rement mis \u00e0 jour. Notre outil de suivi des politiques aux \u00c9tats-Unis comprend une carte thermique interactive et une base de donn\u00e9es des projets de loi \u00e0 l\u2019\u00e9chelle f\u00e9d\u00e9rale et des \u00c9tats qui cr\u00e9ent des voies d\u2019acc\u00e8s \u00e0 l\u2019emploi et des possibilit\u00e9s d\u2019\u00e9ducation pour les immigrants. La carte des programmes aux \u00c9tats-Unis permet de mettre en relation et d\u2019informer les prestataires de services, les fournisseurs d\u2019assistance technique, les chercheurs, les d\u00e9cideurs politiques, les groupes de d\u00e9fense de droits et les bailleurs de fonds.<\/p>\n                <\/div>\n            \n                    <\/div>\n            <\/div>\n<\/section>\n\n\n\n\n\n\n\n\n\n<div style=\"height:50px\" aria-hidden=\"true\" class=\"wp-block-spacer\"><\/div>\n\n\n\n<div class=\"wp-block-buttons is-content-justification-center is-layout-flex wp-container-core-buttons-is-layout-a89b3969 wp-block-buttons-is-layout-flex\">\n<div class=\"wp-block-button\"><a class=\"wp-block-button__link wp-element-button\" href=\"https:\/\/www.wes.org\/fr\/bibliotheque-de-ressources\/page-de-la-carte-des-politiques-aux-etats-unis-suivies-par-wes\/\">Carte de suivi des politiques aux \u00c9tats-Unis<\/a><\/div>\n\n\n\n<div class=\"wp-block-button\"><a class=\"wp-block-button__link wp-element-button\" href=\"https:\/\/www.wes.org\/fr\/carte-des-programmes-aux-etats-unis-decouvrez-les-initiatives-mondiales-en-faveur-des-immigrants-et-des-refugies\/\">Carte des programmes aux \u00c9tats-Unis<\/a><\/div>\n<\/div>\n\n\n\n<p><\/p>\n","protected":false},"excerpt":{"rendered":"","protected":false},"author":1090,"featured_media":0,"parent":0,"menu_order":0,"comment_status":"closed","ping_status":"closed","template":"","meta":{"_acf_changed":false,"footnotes":""},"class_list":["post-49760","page","type-page","status-publish","hentry"],"better_featured_image":null,"acf":{"alert_msg":"default"},"yoast_head":"<!-- This site is optimized with the Yoast SEO Premium plugin v26.2 (Yoast SEO v27.0) - https:\/\/yoast.com\/product\/yoast-seo-premium-wordpress\/ -->\n<title>Cartes des politiques et des programmes aux \u00c9tats-Unis - WES<\/title>\n<meta name=\"robots\" content=\"index, follow, max-snippet:-1, max-image-preview:large, max-video-preview:-1\" \/>\n<link rel=\"canonical\" href=\"https:\/\/www.wes.org\/fr\/cartes-des-politiques-et-des-programmes-aux-etats-unis\/\" \/>\n<meta property=\"og:locale\" content=\"fr_FR\" \/>\n<meta property=\"og:type\" content=\"article\" \/>\n<meta property=\"og:title\" content=\"Cartes des politiques et des programmes aux \u00c9tats-Unis\" \/>\n<meta property=\"og:url\" content=\"https:\/\/www.wes.org\/fr\/cartes-des-politiques-et-des-programmes-aux-etats-unis\/\" \/>\n<meta property=\"og:site_name\" content=\"WES\" \/>\n<meta property=\"article:publisher\" content=\"https:\/\/www.facebook.com\/WorldEducationServices\/\" \/>\n<meta property=\"article:modified_time\" content=\"2025-07-01T14:36:46+00:00\" \/>\n<meta name=\"twitter:card\" content=\"summary_large_image\" \/>\n<meta name=\"twitter:site\" content=\"@WorldEdServices\" \/>\n<meta name=\"twitter:label1\" content=\"Dur\u00e9e de lecture estim\u00e9e\" \/>\n\t<meta name=\"twitter:data1\" content=\"1 minute\" \/>\n<script type=\"application\/ld+json\" class=\"yoast-schema-graph\">{\"@context\":\"https:\/\/schema.org\",\"@graph\":[{\"@type\":\"WebPage\",\"@id\":\"https:\/\/www.wes.org\/fr\/cartes-des-politiques-et-des-programmes-aux-etats-unis\/\",\"url\":\"https:\/\/www.wes.org\/fr\/cartes-des-politiques-et-des-programmes-aux-etats-unis\/\",\"name\":\"Cartes des politiques et des programmes aux \u00c9tats-Unis - WES\",\"isPartOf\":{\"@id\":\"https:\/\/www.wes.org\/fr\/#website\"},\"datePublished\":\"2025-05-05T17:01:56+00:00\",\"dateModified\":\"2025-07-01T14:36:46+00:00\",\"breadcrumb\":{\"@id\":\"https:\/\/www.wes.org\/fr\/cartes-des-politiques-et-des-programmes-aux-etats-unis\/#breadcrumb\"},\"inLanguage\":\"fr-FR\",\"potentialAction\":[{\"@type\":\"ReadAction\",\"target\":[\"https:\/\/www.wes.org\/fr\/cartes-des-politiques-et-des-programmes-aux-etats-unis\/\"]}]},{\"@type\":\"BreadcrumbList\",\"@id\":\"https:\/\/www.wes.org\/fr\/cartes-des-politiques-et-des-programmes-aux-etats-unis\/#breadcrumb\",\"itemListElement\":[{\"@type\":\"ListItem\",\"position\":1,\"name\":\"Home\",\"item\":\"https:\/\/www.wes.org\/fr\/\"},{\"@type\":\"ListItem\",\"position\":2,\"name\":\"Cartes des politiques et des programmes aux \u00c9tats-Unis\"}]},{\"@type\":\"WebSite\",\"@id\":\"https:\/\/www.wes.org\/fr\/#website\",\"url\":\"https:\/\/www.wes.org\/fr\/\",\"name\":\"World Education Services\",\"description\":\"\",\"publisher\":{\"@id\":\"https:\/\/www.wes.org\/fr\/#organization\"},\"potentialAction\":[{\"@type\":\"SearchAction\",\"target\":{\"@type\":\"EntryPoint\",\"urlTemplate\":\"https:\/\/www.wes.org\/fr\/?s={search_term_string}\"},\"query-input\":{\"@type\":\"PropertyValueSpecification\",\"valueRequired\":true,\"valueName\":\"search_term_string\"}}],\"inLanguage\":\"fr-FR\"},{\"@type\":\"Organization\",\"@id\":\"https:\/\/www.wes.org\/fr\/#organization\",\"name\":\"World Education Services\",\"url\":\"https:\/\/www.wes.org\/fr\/\",\"logo\":{\"@type\":\"ImageObject\",\"inLanguage\":\"fr-FR\",\"@id\":\"https:\/\/www.wes.org\/fr\/#\/schema\/logo\/image\/\",\"url\":\"https:\/\/www.wes.org\/wp-content\/uploads\/2024\/07\/cropped-cropped-WES_Logo_RGB-Primary_Green-Clearspace-e1719869905447.png\",\"contentUrl\":\"https:\/\/www.wes.org\/wp-content\/uploads\/2024\/07\/cropped-cropped-WES_Logo_RGB-Primary_Green-Clearspace-e1719869905447.png\",\"width\":512,\"height\":512,\"caption\":\"World Education Services\"},\"image\":{\"@id\":\"https:\/\/www.wes.org\/fr\/#\/schema\/logo\/image\/\"},\"sameAs\":[\"https:\/\/www.facebook.com\/WorldEducationServices\/\",\"https:\/\/x.com\/WorldEdServices\",\"https:\/\/www.linkedin.com\/company\/worldeducationservices\/\"]}]}<\/script>\n<!-- \/ Yoast SEO Premium plugin. -->","yoast_head_json":{"title":"Cartes des politiques et des programmes aux \u00c9tats-Unis - WES","robots":{"index":"index","follow":"follow","max-snippet":"max-snippet:-1","max-image-preview":"max-image-preview:large","max-video-preview":"max-video-preview:-1"},"canonical":"https:\/\/www.wes.org\/fr\/cartes-des-politiques-et-des-programmes-aux-etats-unis\/","og_locale":"fr_FR","og_type":"article","og_title":"Cartes des politiques et des programmes aux \u00c9tats-Unis","og_url":"https:\/\/www.wes.org\/fr\/cartes-des-politiques-et-des-programmes-aux-etats-unis\/","og_site_name":"WES","article_publisher":"https:\/\/www.facebook.com\/WorldEducationServices\/","article_modified_time":"2025-07-01T14:36:46+00:00","twitter_card":"summary_large_image","twitter_site":"@WorldEdServices","twitter_misc":{"Dur\u00e9e de lecture estim\u00e9e":"1 minute"},"schema":{"@context":"https:\/\/schema.org","@graph":[{"@type":"WebPage","@id":"https:\/\/www.wes.org\/fr\/cartes-des-politiques-et-des-programmes-aux-etats-unis\/","url":"https:\/\/www.wes.org\/fr\/cartes-des-politiques-et-des-programmes-aux-etats-unis\/","name":"Cartes des politiques et des programmes aux \u00c9tats-Unis - WES","isPartOf":{"@id":"https:\/\/www.wes.org\/fr\/#website"},"datePublished":"2025-05-05T17:01:56+00:00","dateModified":"2025-07-01T14:36:46+00:00","breadcrumb":{"@id":"https:\/\/www.wes.org\/fr\/cartes-des-politiques-et-des-programmes-aux-etats-unis\/#breadcrumb"},"inLanguage":"fr-FR","potentialAction":[{"@type":"ReadAction","target":["https:\/\/www.wes.org\/fr\/cartes-des-politiques-et-des-programmes-aux-etats-unis\/"]}]},{"@type":"BreadcrumbList","@id":"https:\/\/www.wes.org\/fr\/cartes-des-politiques-et-des-programmes-aux-etats-unis\/#breadcrumb","itemListElement":[{"@type":"ListItem","position":1,"name":"Home","item":"https:\/\/www.wes.org\/fr\/"},{"@type":"ListItem","position":2,"name":"Cartes des politiques et des programmes aux \u00c9tats-Unis"}]},{"@type":"WebSite","@id":"https:\/\/www.wes.org\/fr\/#website","url":"https:\/\/www.wes.org\/fr\/","name":"World Education Services","description":"","publisher":{"@id":"https:\/\/www.wes.org\/fr\/#organization"},"potentialAction":[{"@type":"SearchAction","target":{"@type":"EntryPoint","urlTemplate":"https:\/\/www.wes.org\/fr\/?s={search_term_string}"},"query-input":{"@type":"PropertyValueSpecification","valueRequired":true,"valueName":"search_term_string"}}],"inLanguage":"fr-FR"},{"@type":"Organization","@id":"https:\/\/www.wes.org\/fr\/#organization","name":"World Education Services","url":"https:\/\/www.wes.org\/fr\/","logo":{"@type":"ImageObject","inLanguage":"fr-FR","@id":"https:\/\/www.wes.org\/fr\/#\/schema\/logo\/image\/","url":"https:\/\/www.wes.org\/wp-content\/uploads\/2024\/07\/cropped-cropped-WES_Logo_RGB-Primary_Green-Clearspace-e1719869905447.png","contentUrl":"https:\/\/www.wes.org\/wp-content\/uploads\/2024\/07\/cropped-cropped-WES_Logo_RGB-Primary_Green-Clearspace-e1719869905447.png","width":512,"height":512,"caption":"World Education Services"},"image":{"@id":"https:\/\/www.wes.org\/fr\/#\/schema\/logo\/image\/"},"sameAs":["https:\/\/www.facebook.com\/WorldEducationServices\/","https:\/\/x.com\/WorldEdServices","https:\/\/www.linkedin.com\/company\/worldeducationservices\/"]}]}},"wpml_current_locale":"fr_FR","wpml_translations":[{"locale":"en_US","id":47450,"post_title":"U.S. Policy and Programs Maps","href":"https:\/\/www.wes.org\/u-s-policy-and-programs-maps\/"}],"_links":{"self":[{"href":"https:\/\/www.wes.org\/fr\/wp-json\/wp\/v2\/pages\/49760","targetHints":{"allow":["GET"]}}],"collection":[{"href":"https:\/\/www.wes.org\/fr\/wp-json\/wp\/v2\/pages"}],"about":[{"href":"https:\/\/www.wes.org\/fr\/wp-json\/wp\/v2\/types\/page"}],"author":[{"embeddable":true,"href":"https:\/\/www.wes.org\/fr\/wp-json\/wp\/v2\/users\/1090"}],"replies":[{"embeddable":true,"href":"https:\/\/www.wes.org\/fr\/wp-json\/wp\/v2\/comments?post=49760"}],"version-history":[{"count":0,"href":"https:\/\/www.wes.org\/fr\/wp-json\/wp\/v2\/pages\/49760\/revisions"}],"wp:attachment":[{"href":"https:\/\/www.wes.org\/fr\/wp-json\/wp\/v2\/media?parent=49760"}],"curies":[{"name":"wp","href":"https:\/\/api.w.org\/{rel}","templated":true}]}}