{"id":49695,"date":"2017-04-11T17:18:06","date_gmt":"2017-04-11T17:18:06","guid":{"rendered":"https:\/\/www.wes.org\/events\/"},"modified":"2025-05-08T13:59:58","modified_gmt":"2025-05-08T17:59:58","slug":"evenements","status":"publish","type":"page","link":"https:\/\/www.wes.org\/fr\/bibliotheque-de-ressources\/evenements\/","title":{"rendered":"\u00c9v\u00e9nements"},"content":{"rendered":"\n\n\n\n<div  class=\"sw-block\">\n\n    <div class=\"mb-9 md:mb-12 max-w-[862px]\" id=\"evenements\">\n                    <h2 class=\"text-wes-green font-sans text-[28px] leading-[38px] md:text-[38px] md:leading-none font-normal m-0 mb-[22px]\">\u00c9v\u00e9nements<\/h2>\n        \n                    <p class=\" text-black font-serif text-base md:text-xl md:leading-[26px]\">Nos \u00e9v\u00e9nements en direct et \u00e0 la demande sont con\u00e7us pour aider les \u00e9tudiants internationaux et les immigrants qualifi\u00e9s dans leur d\u00e9marche pour poursuivre des \u00e9tudes ou une carri\u00e8re aux \u00c9tats-Unis ou au Canada.<\/p>\n        \n    <\/div>\n\n\n    <form action=\"#evenements\" method=\"GET\" class=\"mb-9 md:mb-14\">\n\n        <div class=\"flex flex-col md:flex-row justify-between\">\n            <div class=\"*:w-full md:*:min-w-[300px] mb-4 md:mb-0\">\n\n                \n<div class=\"relative md:h-10\">\n    <div x-data=\"toggler\" class=\"z-40 relative border bg-white  border-black  max-w-[300px] overflow-hidden text-sm leading-none font-medium\" x-bind:class=\"!open ? 'rounded-full' : 'rounded-[20px]'\">\n\n        <!-- Open tag list button -->\n        <button class=\"relative w-full bg-transparent hover:bg-transparent flex items-center justify-between px-5 h-10 border-none\n                rounded-full\" type=\"button\" x-on:click=\"toggle\">\n\n            <span class=\"flex items-center\">\n                Pays de destination            <\/span>\n\n            <span class=\"flex items-center\">\n                \n                                    <span class=\"ml-2\">\n                    <svg\n                            class=\"transition-all  fill-black \"\n                            \n                                                            x-bind:class=\"open ? 'rotate-180' : ''\"\n                            \n                            width=\"10\" height=\"7\" viewBox=\"0 0 10 7\" xmlns=\"http:\/\/www.w3.org\/2000\/svg\"\n                        >\n\n                            <g id=\"Image\/NavArrow-Down\">\n                                <path id=\"Chevron\" fill-rule=\"evenodd\" clip-rule=\"evenodd\" d=\"M4.23935 6.64881C4.25433 6.66632 4.27001 6.68344 4.28639 6.70013C4.47931 6.89665 4.73346 6.99663 4.98867 6.99952C5.25328 7.00395 5.51914 6.90397 5.71917 6.70021C5.73585 6.68322 5.7518 6.66578 5.76702 6.64794L9.7061 2.78099C10.1002 2.39409 10.1061 1.76096 9.71917 1.36684C9.33227 0.972724 8.69913 0.966873 8.30502 1.35377L5.00274 4.59557L1.70054 1.35385C1.30643 0.96695 0.673288 0.972801 0.28639 1.36692C-0.100509 1.76103 -0.0946586 2.39417 0.299458 2.78107L4.23935 6.64881Z\" \/>\n                            <\/g>\n                        <\/svg>\n                    <\/span>\n                \n                            <\/span>\n\n        <\/button>\n\n        <!-- Teleport breaks out of the form so don't use -->\n        <!--  -->\n\n            <!-- Tag list or modal -->\n            <div x-cloak x-show=\"open\"\n\n                x-on:click.outside=\"open = false\"\n            \n                class=\"bg-white z-[999]\n                \n                                            m-4 mt-0 pt-5 border-t\n                    \n                                            border-black\n                                    \"\n\n                \n                            >\n\n                \n\n                <!-- List of tag checkboxes -->\n                <div x-data=\"toggler\"\n                    class=\"\">\n\n                    \n                    <!-- Show selected tags first -->\n                    \n                                            \n                    <!-- Checked items border -->\n                                    \n                    <!-- Show first ten tags -->\n                    \n                                                    <span class=\"block mb-5 last-of-type:mb-0\">\n\n                                <label>\n                                    <input class=\"opacity-0 absolute cursor-pointer h-0 w-0 peer\" type=\"checkbox\" name=\"countryevenements[]\" value=\"1820\" >\n\n                                    <span class=\"inline-block mr-2 w-3 h-3 cursor-pointer bg-white  border-black peer-checked:bg-black  border rounded-full peer-focus-visible:outline-black peer-focus-visible:outline\"><\/span>\n\n                                    United States                                <\/label>\n                            <\/span>\n                                            \n                    <!-- List rest of the tags and a button to reveal them -->\n\n                    \n                    \n                    <div class=\"mt-5\" x-show=\"open\"\n                        x-bind:aria-expanded=\"!open ? 'false' : 'true'\"\n                    >\n\n                            \n                                                                        <\/div>\n\n                    <!-- Reset button -->\n                    <a class=\"inline-block mt-5 text-dark-green hover:border-dark-green hover:bg-dark-green hover:text-white focus:border-dark-green focus:bg-dark-green focus:text-white bg-white border-dark-green rounded-full border-2 px-4 py-2 font-sans font-semibold\"\n                        href=\"\/fr\/wp-json\/wp\/v2\/pages\/49695#evenements\">\n                        Tout effacer                    <\/a>\n\n                    <!-- Submit button -->\n                    <button class=\"inline-block ml-5 text-black bg-wes-green rounded-full border-2 border-wes-green hover:border-dark-green hover:bg-dark-green hover:text-white focus:border-dark-green focus:bg-dark-green focus:text-white px-4 py-2 font-sans font-semibold\"\n                        type=\"submit\">\n                        Afficher les r\u00e9sultats                    <\/button>\n\n                <\/div>\n            <\/div>\n        <!--  -->\n\n    <\/div>\n<\/div>            <\/div>\n\n            <div class=\"flex flex-col md:flex-row md:items-baseline\">\n                            <\/div>\n        <\/div>\n    <\/form>\n\n\n    \n\n\n    <p class=\"font-sans text-center\">No results found.<\/p>\n\n    <div class=\"not-prose grid sm:grid-cols-2 md:grid-cols-3 gap-[20px] sm:gap-[24px]  max-w-[268px] sm:max-w-[1144px] mx-auto\">\n\n    <\/div>\n\n<\/div>","protected":false},"excerpt":{"rendered":"","protected":false},"author":1,"featured_media":0,"parent":49862,"menu_order":0,"comment_status":"closed","ping_status":"closed","template":"","meta":{"_acf_changed":false,"footnotes":""},"class_list":["post-49695","page","type-page","status-publish","hentry"],"better_featured_image":null,"acf":{"alert_msg":"default"},"yoast_head":"<!-- This site is optimized with the Yoast SEO Premium plugin v26.2 (Yoast SEO v27.5) - https:\/\/yoast.com\/product\/yoast-seo-premium-wordpress\/ -->\n<title>\u00c9v\u00e9nements - WES<\/title>\n<meta name=\"robots\" content=\"index, follow, max-snippet:-1, max-image-preview:large, max-video-preview:-1\" \/>\n<link rel=\"canonical\" href=\"https:\/\/www.wes.org\/fr\/bibliotheque-de-ressources\/evenements\/\" \/>\n<meta property=\"og:locale\" content=\"fr_FR\" \/>\n<meta property=\"og:type\" content=\"article\" \/>\n<meta property=\"og:title\" content=\"\u00c9v\u00e9nements\" \/>\n<meta property=\"og:url\" content=\"https:\/\/www.wes.org\/fr\/bibliotheque-de-ressources\/evenements\/\" \/>\n<meta property=\"og:site_name\" content=\"WES\" \/>\n<meta property=\"article:publisher\" content=\"https:\/\/www.facebook.com\/WorldEducationServices\/\" \/>\n<meta property=\"article:modified_time\" content=\"2025-05-08T17:59:58+00:00\" \/>\n<meta name=\"twitter:card\" content=\"summary_large_image\" \/>\n<meta name=\"twitter:site\" content=\"@WorldEdServices\" \/>\n<script type=\"application\/ld+json\" class=\"yoast-schema-graph\">{\"@context\":\"https:\\\/\\\/schema.org\",\"@graph\":[{\"@type\":\"WebPage\",\"@id\":\"https:\\\/\\\/www.wes.org\\\/fr\\\/bibliotheque-de-ressources\\\/evenements\\\/\",\"url\":\"https:\\\/\\\/www.wes.org\\\/fr\\\/bibliotheque-de-ressources\\\/evenements\\\/\",\"name\":\"\u00c9v\u00e9nements - WES\",\"isPartOf\":{\"@id\":\"https:\\\/\\\/www.wes.org\\\/fr\\\/#website\"},\"datePublished\":\"2017-04-11T17:18:06+00:00\",\"dateModified\":\"2025-05-08T17:59:58+00:00\",\"breadcrumb\":{\"@id\":\"https:\\\/\\\/www.wes.org\\\/fr\\\/bibliotheque-de-ressources\\\/evenements\\\/#breadcrumb\"},\"inLanguage\":\"fr-FR\",\"potentialAction\":[{\"@type\":\"ReadAction\",\"target\":[\"https:\\\/\\\/www.wes.org\\\/fr\\\/bibliotheque-de-ressources\\\/evenements\\\/\"]}]},{\"@type\":\"BreadcrumbList\",\"@id\":\"https:\\\/\\\/www.wes.org\\\/fr\\\/bibliotheque-de-ressources\\\/evenements\\\/#breadcrumb\",\"itemListElement\":[{\"@type\":\"ListItem\",\"position\":1,\"name\":\"Home\",\"item\":\"https:\\\/\\\/www.wes.org\\\/fr\\\/\"},{\"@type\":\"ListItem\",\"position\":2,\"name\":\"Biblioth\u00e8que de ressources\",\"item\":\"https:\\\/\\\/www.wes.org\\\/fr\\\/bibliotheque-de-ressources\\\/\"},{\"@type\":\"ListItem\",\"position\":3,\"name\":\"\u00c9v\u00e9nements\"}]},{\"@type\":\"WebSite\",\"@id\":\"https:\\\/\\\/www.wes.org\\\/fr\\\/#website\",\"url\":\"https:\\\/\\\/www.wes.org\\\/fr\\\/\",\"name\":\"World Education Services\",\"description\":\"\",\"publisher\":{\"@id\":\"https:\\\/\\\/www.wes.org\\\/fr\\\/#organization\"},\"potentialAction\":[{\"@type\":\"SearchAction\",\"target\":{\"@type\":\"EntryPoint\",\"urlTemplate\":\"https:\\\/\\\/www.wes.org\\\/fr\\\/?s={search_term_string}\"},\"query-input\":{\"@type\":\"PropertyValueSpecification\",\"valueRequired\":true,\"valueName\":\"search_term_string\"}}],\"inLanguage\":\"fr-FR\"},{\"@type\":\"Organization\",\"@id\":\"https:\\\/\\\/www.wes.org\\\/fr\\\/#organization\",\"name\":\"World Education Services\",\"url\":\"https:\\\/\\\/www.wes.org\\\/fr\\\/\",\"logo\":{\"@type\":\"ImageObject\",\"inLanguage\":\"fr-FR\",\"@id\":\"https:\\\/\\\/www.wes.org\\\/fr\\\/#\\\/schema\\\/logo\\\/image\\\/\",\"url\":\"https:\\\/\\\/www.wes.org\\\/wp-content\\\/uploads\\\/2024\\\/07\\\/cropped-cropped-WES_Logo_RGB-Primary_Green-Clearspace-e1719869905447.png\",\"contentUrl\":\"https:\\\/\\\/www.wes.org\\\/wp-content\\\/uploads\\\/2024\\\/07\\\/cropped-cropped-WES_Logo_RGB-Primary_Green-Clearspace-e1719869905447.png\",\"width\":512,\"height\":512,\"caption\":\"World Education Services\"},\"image\":{\"@id\":\"https:\\\/\\\/www.wes.org\\\/fr\\\/#\\\/schema\\\/logo\\\/image\\\/\"},\"sameAs\":[\"https:\\\/\\\/www.facebook.com\\\/WorldEducationServices\\\/\",\"https:\\\/\\\/x.com\\\/WorldEdServices\",\"https:\\\/\\\/www.linkedin.com\\\/company\\\/worldeducationservices\\\/\"]}]}<\/script>\n<!-- \/ Yoast SEO Premium plugin. -->","yoast_head_json":{"title":"\u00c9v\u00e9nements - WES","robots":{"index":"index","follow":"follow","max-snippet":"max-snippet:-1","max-image-preview":"max-image-preview:large","max-video-preview":"max-video-preview:-1"},"canonical":"https:\/\/www.wes.org\/fr\/bibliotheque-de-ressources\/evenements\/","og_locale":"fr_FR","og_type":"article","og_title":"\u00c9v\u00e9nements","og_url":"https:\/\/www.wes.org\/fr\/bibliotheque-de-ressources\/evenements\/","og_site_name":"WES","article_publisher":"https:\/\/www.facebook.com\/WorldEducationServices\/","article_modified_time":"2025-05-08T17:59:58+00:00","twitter_card":"summary_large_image","twitter_site":"@WorldEdServices","schema":{"@context":"https:\/\/schema.org","@graph":[{"@type":"WebPage","@id":"https:\/\/www.wes.org\/fr\/bibliotheque-de-ressources\/evenements\/","url":"https:\/\/www.wes.org\/fr\/bibliotheque-de-ressources\/evenements\/","name":"\u00c9v\u00e9nements - WES","isPartOf":{"@id":"https:\/\/www.wes.org\/fr\/#website"},"datePublished":"2017-04-11T17:18:06+00:00","dateModified":"2025-05-08T17:59:58+00:00","breadcrumb":{"@id":"https:\/\/www.wes.org\/fr\/bibliotheque-de-ressources\/evenements\/#breadcrumb"},"inLanguage":"fr-FR","potentialAction":[{"@type":"ReadAction","target":["https:\/\/www.wes.org\/fr\/bibliotheque-de-ressources\/evenements\/"]}]},{"@type":"BreadcrumbList","@id":"https:\/\/www.wes.org\/fr\/bibliotheque-de-ressources\/evenements\/#breadcrumb","itemListElement":[{"@type":"ListItem","position":1,"name":"Home","item":"https:\/\/www.wes.org\/fr\/"},{"@type":"ListItem","position":2,"name":"Biblioth\u00e8que de ressources","item":"https:\/\/www.wes.org\/fr\/bibliotheque-de-ressources\/"},{"@type":"ListItem","position":3,"name":"\u00c9v\u00e9nements"}]},{"@type":"WebSite","@id":"https:\/\/www.wes.org\/fr\/#website","url":"https:\/\/www.wes.org\/fr\/","name":"World Education Services","description":"","publisher":{"@id":"https:\/\/www.wes.org\/fr\/#organization"},"potentialAction":[{"@type":"SearchAction","target":{"@type":"EntryPoint","urlTemplate":"https:\/\/www.wes.org\/fr\/?s={search_term_string}"},"query-input":{"@type":"PropertyValueSpecification","valueRequired":true,"valueName":"search_term_string"}}],"inLanguage":"fr-FR"},{"@type":"Organization","@id":"https:\/\/www.wes.org\/fr\/#organization","name":"World Education Services","url":"https:\/\/www.wes.org\/fr\/","logo":{"@type":"ImageObject","inLanguage":"fr-FR","@id":"https:\/\/www.wes.org\/fr\/#\/schema\/logo\/image\/","url":"https:\/\/www.wes.org\/wp-content\/uploads\/2024\/07\/cropped-cropped-WES_Logo_RGB-Primary_Green-Clearspace-e1719869905447.png","contentUrl":"https:\/\/www.wes.org\/wp-content\/uploads\/2024\/07\/cropped-cropped-WES_Logo_RGB-Primary_Green-Clearspace-e1719869905447.png","width":512,"height":512,"caption":"World Education Services"},"image":{"@id":"https:\/\/www.wes.org\/fr\/#\/schema\/logo\/image\/"},"sameAs":["https:\/\/www.facebook.com\/WorldEducationServices\/","https:\/\/x.com\/WorldEdServices","https:\/\/www.linkedin.com\/company\/worldeducationservices\/"]}]}},"wpml_current_locale":"fr_FR","wpml_translations":[{"locale":"en_US","id":2591,"post_title":"Events","href":"https:\/\/www.wes.org\/events\/"}],"_links":{"self":[{"href":"https:\/\/www.wes.org\/fr\/wp-json\/wp\/v2\/pages\/49695","targetHints":{"allow":["GET"]}}],"collection":[{"href":"https:\/\/www.wes.org\/fr\/wp-json\/wp\/v2\/pages"}],"about":[{"href":"https:\/\/www.wes.org\/fr\/wp-json\/wp\/v2\/types\/page"}],"author":[{"embeddable":true,"href":"https:\/\/www.wes.org\/fr\/wp-json\/wp\/v2\/users\/1"}],"replies":[{"embeddable":true,"href":"https:\/\/www.wes.org\/fr\/wp-json\/wp\/v2\/comments?post=49695"}],"version-history":[{"count":0,"href":"https:\/\/www.wes.org\/fr\/wp-json\/wp\/v2\/pages\/49695\/revisions"}],"up":[{"embeddable":true,"href":"https:\/\/www.wes.org\/fr\/wp-json\/wp\/v2\/pages\/49862"}],"wp:attachment":[{"href":"https:\/\/www.wes.org\/fr\/wp-json\/wp\/v2\/media?parent=49695"}],"curies":[{"name":"wp","href":"https:\/\/api.w.org\/{rel}","templated":true}]}}