{"id":49381,"date":"2025-04-25T08:56:17","date_gmt":"2025-04-25T12:56:17","guid":{"rendered":"https:\/\/www.wes.org\/impact-social\/politique-publique\/politique-publique-aux-etats-unis\/office-of-new-americans-network\/"},"modified":"2025-04-25T08:56:19","modified_gmt":"2025-04-25T12:56:19","slug":"office-of-new-americans-network","status":"publish","type":"page","link":"https:\/\/www.wes.org\/fr\/impact-social\/politique-publique\/politique-publique-aux-etats-unis\/office-of-new-americans-network\/","title":{"rendered":"Office of New Americans Network"},"content":{"rendered":"\n\n\n<section  class=\"sw-block alignfull lg:min-h-[620px] sm:overflow-hidden font-sans\">\n  <div>\n    <div class=\"md:flex md:items-center\">\n\n      <!-- Text Column -->\n      <div class=\"px-10 md:w-2\/5 md:order-2 hero-text-right\">\n        <div>\n                      <div class=\"not-prose mt-10 md:mt-0\">\n              <h1 class=\"font-display text-black text-5xl leading-none xl:text-[68px] xl:leading-none\">Office of New Americans Network<\/h1>\n            <\/div>\n          \n                      <div class=\"text-black text-lg mt-3 xl:mt-9 xl:text-[26px] xl:leading-snug xl:font-light\">\n              <p>En collaboration avec l\u2019American Immigration Council (AIC), WES a favoris\u00e9 le d\u00e9veloppement croissant du r\u00e9seau Office of New Americans (ONA). Le r\u00e9seau de l\u2019ONA offre un forum aux responsables politiques des \u00c9tats pour susciter des changements positifs en faveur de l\u2019int\u00e9gration des personnes issues de l\u2019immigration dans la population active et l\u2019\u00e9conomie. Le r\u00e9seau ONA s\u2019\u00e9tend \u00e0 travers le pays.<\/p>\n            <\/div>\n          \n          <!-- CTA Button -->\n                  <\/div>\n      <\/div>\n\n      <!-- Image Column -->\n              <div class=\"relative md:w-3\/5 h-[336px] md:h-[620px] not-prose md:order-1\">\n          <img loading=\"lazy\" decoding=\"async\" width=\"720\" height=\"428\" src=\"https:\/\/www.wes.org\/wp-content\/uploads\/2023\/05\/Office_stock.jpg\" class=\"h-full w-full object-cover\" alt=\"Professionals talking in meeting\" srcset=\"https:\/\/www.wes.org\/wp-content\/uploads\/2023\/05\/Office_stock.jpg 720w, https:\/\/www.wes.org\/wp-content\/uploads\/2023\/05\/Office_stock-300x178.jpg 300w\" sizes=\"auto, (max-width: 720px) 100vw, 720px\" \/>\n          <div class=\"block md:hidden absolute top-0 left-0 right-0 w-full h-[72px] text-wes-green\">\n            <svg xmlns=\"http:\/\/www.w3.org\/2000\/svg\" viewBox=\"0 0 391 72.11\">\n              <path fill=\"#fff\" d=\"M391 0S219.5 113.21 0 26.22V0h391Z\"\/>\n              <path fill=\"currentColor\" d=\"M391 0v23.74s-179 104-391 7v-4.52C219.5 113.21 391 0 391 0Z\"\/>\n            <\/svg>\n          <\/div>\n\n                      <!-- If text on right -->\n            <div class=\"hidden md:block absolute top-0 bottom-0 right-0 w-[189px] h-full text-wes-green\">\n              <svg class=\"h-full\" xmlns=\"http:\/\/www.w3.org\/2000\/svg\" viewBox=\"0 0 189.08 575\">\n                <path fill=\"#fff\" d=\"M189.08 0v575H61.18c-10.21-25.79-18.63-50.61-25.43-74.49C11.59 430.49 1.08 367.99.08 312.56v-17.09C2.68 146.48 74.56 51.05 128.9 0h60.18Z\"\/>\n                <path fill=\"none\" d=\"M.08 295.47v17.09c-.1-5.78-.11-11.47 0-17.09Z\"\/>\n                <path class=\"fill-seafoam\" d=\"M189.08 0v.18c-2.87 1.85-6.46 4.25-10.63 7.21-58.08 41.37-228.37 192.28-142.7 493.12C11.59 430.49 1.08 367.99.08 312.56v-17.09C2.68 146.48 74.56 51.05 128.9 0h60.18Z\"\/>\n                <path fill=\"#fff\" d=\"M189.08.18V575H61.18c-10.21-25.79-18.63-50.61-25.43-74.49-85.67-300.84 84.62-451.75 142.7-493.12 4.17-2.96 7.76-5.36 10.63-7.21Z\"\/>\n              <\/svg>\n            <\/div>\n                  <\/div>\n      \n    <\/div>\n  <\/div>\n<\/section>\n\n<div style=\"height:100px\" aria-hidden=\"true\" class=\"wp-block-spacer\"><\/div>\n\n<figure class=\"wp-block-image aligncenter size-full is-resized\"><img loading=\"lazy\" decoding=\"async\" width=\"1102\" height=\"233\" src=\"https:\/\/www.wes.org\/wp-content\/uploads\/2023\/06\/ONA-Logo.jpg\" alt=\"Logo du r&#xE9;seau d&#x2019;&#xC9;tat de l&#x2019;Office of New Americans\" class=\"wp-image-39011\" style=\"width:574px;height:auto\" srcset=\"https:\/\/www.wes.org\/wp-content\/uploads\/2023\/06\/ONA-Logo.jpg 1102w, https:\/\/www.wes.org\/wp-content\/uploads\/2023\/06\/ONA-Logo-300x63.jpg 300w, https:\/\/www.wes.org\/wp-content\/uploads\/2023\/06\/ONA-Logo-1024x217.jpg 1024w, https:\/\/www.wes.org\/wp-content\/uploads\/2023\/06\/ONA-Logo-768x162.jpg 768w\" sizes=\"auto, (max-width: 1102px) 100vw, 1102px\" \/><\/figure>\n\n<div style=\"height:100px\" aria-hidden=\"true\" class=\"wp-block-spacer\"><\/div>\n\n\n\n<section \n   \n  class=\"relative sw-block alignwide wp-block-group is-layout-flow wp-block-storyware-floating-content-is-layout-flow\"\n  style=\"--wp--style--layout--content-size: var(--wp--custom--content-width); \n         --wp--style--layout--wide-size: var(--wp--custom--wide-width);\">\n\n  <div class=\"mx-auto px-5\">\n    <div class=\"grid gap-5 md:grid-cols-2 lg:gap-24 items-center\">\n\n      <!-- Image Column -->\n      <div class=\"not-prose\">\n                  <img loading=\"lazy\" decoding=\"async\" width=\"560\" height=\"376\" src=\"https:\/\/www.wes.org\/wp-content\/uploads\/2020\/12\/iStock-1255371697-ONA-560x376-1.jpg\" class=\"h-72 md:h-[480px] w-full object-cover object-center\" alt=\"Man on Zoom call\" srcset=\"https:\/\/www.wes.org\/wp-content\/uploads\/2020\/12\/iStock-1255371697-ONA-560x376-1.jpg 560w, https:\/\/www.wes.org\/wp-content\/uploads\/2020\/12\/iStock-1255371697-ONA-560x376-1-300x201.jpg 300w, https:\/\/www.wes.org\/wp-content\/uploads\/2020\/12\/iStock-1255371697-ONA-560x376-1-541x362.jpg 541w\" sizes=\"auto, (max-width: 560px) 100vw, 560px\" \/>\n                        <\/div>\n\n      <!-- Text Column -->\n      <div class=\"md:order-first\">\n\n                  <h2 class=\"font-medium text-[28px] text-black leading-snug\">Cr\u00e9er des opportunit\u00e9s de collaboration<\/h2>\n        \n                  <div class=\"mt-3\"><p>Le r\u00e9seau de l\u2019ONA offre un forum aux responsables politiques des \u00c9tats pour susciter des changements positifs en faveur de l\u2019int\u00e9gration des personnes issues de l\u2019immigration dans la population active et l\u2019\u00e9conomie. En plus de soutenir le travail des bureaux d\u2019\u00c9tat existants et du personnel charg\u00e9 de la politique d\u2019immigration, le r\u00e9seau d\u2019\u00c9tat de l\u2019ONA offre des services de mentorat, de coaching et de recherche entre pairs aux fonctionnaires d\u2019autres \u00c9tats qui envisagent de cr\u00e9er un bureau des nouveaux Am\u00e9ricains au niveau de l\u2019\u00c9tat, un groupe de travail ou un poste d\u00e9di\u00e9 aux questions d\u2019int\u00e9gration des personnes issues de l\u2019immigration.<\/p>\n<\/div>\n        \n        <!-- Button Type: Standard Link -->\n        \n        <!-- Button Type: Marketo Popup -->\n        \n      <\/div>\n    <\/div>\n  <\/div>\n<\/section>\n\n<div style=\"height:100px\" aria-hidden=\"true\" class=\"wp-block-spacer\"><\/div>\n\n<div style=\"height:100px\" aria-hidden=\"true\" class=\"wp-block-spacer\"><\/div>\n","protected":false},"excerpt":{"rendered":"","protected":false},"author":1090,"featured_media":0,"parent":49270,"menu_order":0,"comment_status":"closed","ping_status":"closed","template":"","meta":{"_acf_changed":false,"footnotes":""},"class_list":["post-49381","page","type-page","status-publish","hentry"],"better_featured_image":null,"acf":{"alert_msg":"default"},"yoast_head":"<!-- This site is optimized with the Yoast SEO Premium plugin v26.2 (Yoast SEO v27.0) - https:\/\/yoast.com\/product\/yoast-seo-premium-wordpress\/ -->\n<title>Office of New Americans Network<\/title>\n<meta name=\"robots\" content=\"index, follow, max-snippet:-1, max-image-preview:large, max-video-preview:-1\" \/>\n<link rel=\"canonical\" href=\"https:\/\/www.wes.org\/fr\/impact-social\/politique-publique\/politique-publique-aux-etats-unis\/office-of-new-americans-network\/\" \/>\n<meta property=\"og:locale\" content=\"fr_FR\" \/>\n<meta property=\"og:type\" content=\"article\" \/>\n<meta property=\"og:title\" content=\"Office of New Americans Network\" \/>\n<meta property=\"og:url\" content=\"https:\/\/www.wes.org\/fr\/impact-social\/politique-publique\/politique-publique-aux-etats-unis\/office-of-new-americans-network\/\" \/>\n<meta property=\"og:site_name\" content=\"WES\" \/>\n<meta property=\"article:publisher\" content=\"https:\/\/www.facebook.com\/WorldEducationServices\/\" \/>\n<meta property=\"article:modified_time\" content=\"2025-04-25T12:56:19+00:00\" \/>\n<meta property=\"og:image\" content=\"https:\/\/www.wes.org\/wp-content\/uploads\/2023\/06\/ONA-Logo.jpg\" \/>\n<meta name=\"twitter:card\" content=\"summary_large_image\" \/>\n<meta name=\"twitter:site\" content=\"@WorldEdServices\" \/>\n<script type=\"application\/ld+json\" class=\"yoast-schema-graph\">{\"@context\":\"https:\/\/schema.org\",\"@graph\":[{\"@type\":\"WebPage\",\"@id\":\"https:\/\/www.wes.org\/fr\/impact-social\/politique-publique\/politique-publique-aux-etats-unis\/office-of-new-americans-network\/\",\"url\":\"https:\/\/www.wes.org\/fr\/impact-social\/politique-publique\/politique-publique-aux-etats-unis\/office-of-new-americans-network\/\",\"name\":\"Office of New Americans Network\",\"isPartOf\":{\"@id\":\"https:\/\/www.wes.org\/fr\/#website\"},\"primaryImageOfPage\":{\"@id\":\"https:\/\/www.wes.org\/fr\/impact-social\/politique-publique\/politique-publique-aux-etats-unis\/office-of-new-americans-network\/#primaryimage\"},\"image\":{\"@id\":\"https:\/\/www.wes.org\/fr\/impact-social\/politique-publique\/politique-publique-aux-etats-unis\/office-of-new-americans-network\/#primaryimage\"},\"thumbnailUrl\":\"https:\/\/www.wes.org\/wp-content\/uploads\/2023\/06\/ONA-Logo.jpg\",\"datePublished\":\"2025-04-25T12:56:17+00:00\",\"dateModified\":\"2025-04-25T12:56:19+00:00\",\"breadcrumb\":{\"@id\":\"https:\/\/www.wes.org\/fr\/impact-social\/politique-publique\/politique-publique-aux-etats-unis\/office-of-new-americans-network\/#breadcrumb\"},\"inLanguage\":\"fr-FR\",\"potentialAction\":[{\"@type\":\"ReadAction\",\"target\":[\"https:\/\/www.wes.org\/fr\/impact-social\/politique-publique\/politique-publique-aux-etats-unis\/office-of-new-americans-network\/\"]}]},{\"@type\":\"ImageObject\",\"inLanguage\":\"fr-FR\",\"@id\":\"https:\/\/www.wes.org\/fr\/impact-social\/politique-publique\/politique-publique-aux-etats-unis\/office-of-new-americans-network\/#primaryimage\",\"url\":\"https:\/\/www.wes.org\/wp-content\/uploads\/2023\/06\/ONA-Logo.jpg\",\"contentUrl\":\"https:\/\/www.wes.org\/wp-content\/uploads\/2023\/06\/ONA-Logo.jpg\"},{\"@type\":\"BreadcrumbList\",\"@id\":\"https:\/\/www.wes.org\/fr\/impact-social\/politique-publique\/politique-publique-aux-etats-unis\/office-of-new-americans-network\/#breadcrumb\",\"itemListElement\":[{\"@type\":\"ListItem\",\"position\":1,\"name\":\"Home\",\"item\":\"https:\/\/www.wes.org\/fr\/\"},{\"@type\":\"ListItem\",\"position\":2,\"name\":\"Impact Social\",\"item\":\"https:\/\/www.wes.org\/fr\/impact-social\/\"},{\"@type\":\"ListItem\",\"position\":3,\"name\":\"Politique publique\",\"item\":\"https:\/\/www.wes.org\/fr\/impact-social\/politique-publique\/\"},{\"@type\":\"ListItem\",\"position\":4,\"name\":\"Politique publique aux \u00c9tats-Unis\",\"item\":\"https:\/\/www.wes.org\/fr\/impact-social\/politique-publique\/politique-publique-aux-etats-unis\/\"},{\"@type\":\"ListItem\",\"position\":5,\"name\":\"Office of New Americans Network\"}]},{\"@type\":\"WebSite\",\"@id\":\"https:\/\/www.wes.org\/fr\/#website\",\"url\":\"https:\/\/www.wes.org\/fr\/\",\"name\":\"World Education Services\",\"description\":\"\",\"publisher\":{\"@id\":\"https:\/\/www.wes.org\/fr\/#organization\"},\"potentialAction\":[{\"@type\":\"SearchAction\",\"target\":{\"@type\":\"EntryPoint\",\"urlTemplate\":\"https:\/\/www.wes.org\/fr\/?s={search_term_string}\"},\"query-input\":{\"@type\":\"PropertyValueSpecification\",\"valueRequired\":true,\"valueName\":\"search_term_string\"}}],\"inLanguage\":\"fr-FR\"},{\"@type\":\"Organization\",\"@id\":\"https:\/\/www.wes.org\/fr\/#organization\",\"name\":\"World Education Services\",\"url\":\"https:\/\/www.wes.org\/fr\/\",\"logo\":{\"@type\":\"ImageObject\",\"inLanguage\":\"fr-FR\",\"@id\":\"https:\/\/www.wes.org\/fr\/#\/schema\/logo\/image\/\",\"url\":\"https:\/\/www.wes.org\/wp-content\/uploads\/2024\/07\/cropped-cropped-WES_Logo_RGB-Primary_Green-Clearspace-e1719869905447.png\",\"contentUrl\":\"https:\/\/www.wes.org\/wp-content\/uploads\/2024\/07\/cropped-cropped-WES_Logo_RGB-Primary_Green-Clearspace-e1719869905447.png\",\"width\":512,\"height\":512,\"caption\":\"World Education Services\"},\"image\":{\"@id\":\"https:\/\/www.wes.org\/fr\/#\/schema\/logo\/image\/\"},\"sameAs\":[\"https:\/\/www.facebook.com\/WorldEducationServices\/\",\"https:\/\/x.com\/WorldEdServices\",\"https:\/\/www.linkedin.com\/company\/worldeducationservices\/\"]}]}<\/script>\n<!-- \/ Yoast SEO Premium plugin. -->","yoast_head_json":{"title":"Office of New Americans Network","robots":{"index":"index","follow":"follow","max-snippet":"max-snippet:-1","max-image-preview":"max-image-preview:large","max-video-preview":"max-video-preview:-1"},"canonical":"https:\/\/www.wes.org\/fr\/impact-social\/politique-publique\/politique-publique-aux-etats-unis\/office-of-new-americans-network\/","og_locale":"fr_FR","og_type":"article","og_title":"Office of New Americans Network","og_url":"https:\/\/www.wes.org\/fr\/impact-social\/politique-publique\/politique-publique-aux-etats-unis\/office-of-new-americans-network\/","og_site_name":"WES","article_publisher":"https:\/\/www.facebook.com\/WorldEducationServices\/","article_modified_time":"2025-04-25T12:56:19+00:00","og_image":[{"url":"https:\/\/www.wes.org\/wp-content\/uploads\/2023\/06\/ONA-Logo.jpg","type":"","width":"","height":""}],"twitter_card":"summary_large_image","twitter_site":"@WorldEdServices","schema":{"@context":"https:\/\/schema.org","@graph":[{"@type":"WebPage","@id":"https:\/\/www.wes.org\/fr\/impact-social\/politique-publique\/politique-publique-aux-etats-unis\/office-of-new-americans-network\/","url":"https:\/\/www.wes.org\/fr\/impact-social\/politique-publique\/politique-publique-aux-etats-unis\/office-of-new-americans-network\/","name":"Office of New Americans Network","isPartOf":{"@id":"https:\/\/www.wes.org\/fr\/#website"},"primaryImageOfPage":{"@id":"https:\/\/www.wes.org\/fr\/impact-social\/politique-publique\/politique-publique-aux-etats-unis\/office-of-new-americans-network\/#primaryimage"},"image":{"@id":"https:\/\/www.wes.org\/fr\/impact-social\/politique-publique\/politique-publique-aux-etats-unis\/office-of-new-americans-network\/#primaryimage"},"thumbnailUrl":"https:\/\/www.wes.org\/wp-content\/uploads\/2023\/06\/ONA-Logo.jpg","datePublished":"2025-04-25T12:56:17+00:00","dateModified":"2025-04-25T12:56:19+00:00","breadcrumb":{"@id":"https:\/\/www.wes.org\/fr\/impact-social\/politique-publique\/politique-publique-aux-etats-unis\/office-of-new-americans-network\/#breadcrumb"},"inLanguage":"fr-FR","potentialAction":[{"@type":"ReadAction","target":["https:\/\/www.wes.org\/fr\/impact-social\/politique-publique\/politique-publique-aux-etats-unis\/office-of-new-americans-network\/"]}]},{"@type":"ImageObject","inLanguage":"fr-FR","@id":"https:\/\/www.wes.org\/fr\/impact-social\/politique-publique\/politique-publique-aux-etats-unis\/office-of-new-americans-network\/#primaryimage","url":"https:\/\/www.wes.org\/wp-content\/uploads\/2023\/06\/ONA-Logo.jpg","contentUrl":"https:\/\/www.wes.org\/wp-content\/uploads\/2023\/06\/ONA-Logo.jpg"},{"@type":"BreadcrumbList","@id":"https:\/\/www.wes.org\/fr\/impact-social\/politique-publique\/politique-publique-aux-etats-unis\/office-of-new-americans-network\/#breadcrumb","itemListElement":[{"@type":"ListItem","position":1,"name":"Home","item":"https:\/\/www.wes.org\/fr\/"},{"@type":"ListItem","position":2,"name":"Impact Social","item":"https:\/\/www.wes.org\/fr\/impact-social\/"},{"@type":"ListItem","position":3,"name":"Politique publique","item":"https:\/\/www.wes.org\/fr\/impact-social\/politique-publique\/"},{"@type":"ListItem","position":4,"name":"Politique publique aux \u00c9tats-Unis","item":"https:\/\/www.wes.org\/fr\/impact-social\/politique-publique\/politique-publique-aux-etats-unis\/"},{"@type":"ListItem","position":5,"name":"Office of New Americans Network"}]},{"@type":"WebSite","@id":"https:\/\/www.wes.org\/fr\/#website","url":"https:\/\/www.wes.org\/fr\/","name":"World Education Services","description":"","publisher":{"@id":"https:\/\/www.wes.org\/fr\/#organization"},"potentialAction":[{"@type":"SearchAction","target":{"@type":"EntryPoint","urlTemplate":"https:\/\/www.wes.org\/fr\/?s={search_term_string}"},"query-input":{"@type":"PropertyValueSpecification","valueRequired":true,"valueName":"search_term_string"}}],"inLanguage":"fr-FR"},{"@type":"Organization","@id":"https:\/\/www.wes.org\/fr\/#organization","name":"World Education Services","url":"https:\/\/www.wes.org\/fr\/","logo":{"@type":"ImageObject","inLanguage":"fr-FR","@id":"https:\/\/www.wes.org\/fr\/#\/schema\/logo\/image\/","url":"https:\/\/www.wes.org\/wp-content\/uploads\/2024\/07\/cropped-cropped-WES_Logo_RGB-Primary_Green-Clearspace-e1719869905447.png","contentUrl":"https:\/\/www.wes.org\/wp-content\/uploads\/2024\/07\/cropped-cropped-WES_Logo_RGB-Primary_Green-Clearspace-e1719869905447.png","width":512,"height":512,"caption":"World Education Services"},"image":{"@id":"https:\/\/www.wes.org\/fr\/#\/schema\/logo\/image\/"},"sameAs":["https:\/\/www.facebook.com\/WorldEducationServices\/","https:\/\/x.com\/WorldEdServices","https:\/\/www.linkedin.com\/company\/worldeducationservices\/"]}]}},"wpml_current_locale":"fr_FR","wpml_translations":[{"locale":"en_US","id":26596,"post_title":"Office of New Americans State Network","href":"https:\/\/www.wes.org\/office-of-new-americans-network\/"}],"_links":{"self":[{"href":"https:\/\/www.wes.org\/fr\/wp-json\/wp\/v2\/pages\/49381","targetHints":{"allow":["GET"]}}],"collection":[{"href":"https:\/\/www.wes.org\/fr\/wp-json\/wp\/v2\/pages"}],"about":[{"href":"https:\/\/www.wes.org\/fr\/wp-json\/wp\/v2\/types\/page"}],"author":[{"embeddable":true,"href":"https:\/\/www.wes.org\/fr\/wp-json\/wp\/v2\/users\/1090"}],"replies":[{"embeddable":true,"href":"https:\/\/www.wes.org\/fr\/wp-json\/wp\/v2\/comments?post=49381"}],"version-history":[{"count":0,"href":"https:\/\/www.wes.org\/fr\/wp-json\/wp\/v2\/pages\/49381\/revisions"}],"up":[{"embeddable":true,"href":"https:\/\/www.wes.org\/fr\/wp-json\/wp\/v2\/pages\/49270"}],"wp:attachment":[{"href":"https:\/\/www.wes.org\/fr\/wp-json\/wp\/v2\/media?parent=49381"}],"curies":[{"name":"wp","href":"https:\/\/api.w.org\/{rel}","templated":true}]}}