{"id":49368,"date":"2025-04-24T17:04:10","date_gmt":"2025-04-24T21:04:10","guid":{"rendered":"https:\/\/www.wes.org\/page-de-la-carte-des-politiques-aux-etats-unis-suivies-par-wes\/"},"modified":"2025-05-08T14:00:01","modified_gmt":"2025-05-08T18:00:01","slug":"page-de-la-carte-des-politiques-aux-etats-unis-suivies-par-wes","status":"publish","type":"page","link":"https:\/\/www.wes.org\/fr\/bibliotheque-de-ressources\/page-de-la-carte-des-politiques-aux-etats-unis-suivies-par-wes\/","title":{"rendered":"Page de la carte des politiques aux \u00c9tats-Unis suivies par WES"},"content":{"rendered":"\n\n\n<section  class=\"sw-block alignfull lg:min-h-[620px] sm:overflow-hidden font-sans\">\n  <div>\n    <div class=\"md:flex md:items-center\">\n\n      <!-- Text Column -->\n      <div class=\"px-10 md:w-2\/5 md:order-first hero-text-left\">\n        <div>\n                      <div class=\"not-prose mt-10 md:mt-0\">\n              <h1 class=\"font-display text-black text-5xl leading-none xl:text-[68px] xl:leading-none\">Outil de suivi WES des politiques \u00c9tats-Unis<\/h1>\n            <\/div>\n          \n                      <div class=\"text-black text-lg mt-3 xl:mt-9 xl:text-[26px] xl:leading-snug xl:font-light\">\n              <p>L\u2019outil de suivi WES des politiques aux \u00c9tats-Unis surveille les politiques f\u00e9d\u00e9rales et \u00e9tatiques qui cr\u00e9ent des passerelles vers l\u2019emploi et l\u2019\u00e9ducation pour les immigrants, les r\u00e9fugi\u00e9s et les autres personnes d\u00e9plac\u00e9es aux \u00c9tats-Unis. Cet outil de suivi soutient les efforts des groupes de plaidoyer, des d\u00e9cideurs politiques et de toute personne engag\u00e9e, qui \u0153uvrent en faveur de l\u2019inclusion \u00e9conomique.<\/p>\n<p>L\u2019outil de suivi WES des politiques aux \u00c9tats-Unis comprend une carte interactive et une base de donn\u00e9es des projets de loi.<\/p>\n            <\/div>\n          \n          <!-- CTA Button -->\n                  <\/div>\n      <\/div>\n\n      <!-- Image Column -->\n              <div class=\"relative md:w-3\/5 h-[336px] md:h-[620px] not-prose md:order-last\">\n          <img loading=\"lazy\" decoding=\"async\" width=\"1306\" height=\"870\" src=\"https:\/\/www.wes.org\/wp-content\/uploads\/2023\/06\/0623-fed-healthcare-bill.jpg\" class=\"h-full w-full object-cover\" alt=\"Capitol building in Washington, D.C.\" srcset=\"https:\/\/www.wes.org\/wp-content\/uploads\/2023\/06\/0623-fed-healthcare-bill.jpg 1306w, https:\/\/www.wes.org\/wp-content\/uploads\/2023\/06\/0623-fed-healthcare-bill-300x200.jpg 300w, https:\/\/www.wes.org\/wp-content\/uploads\/2023\/06\/0623-fed-healthcare-bill-1024x682.jpg 1024w, https:\/\/www.wes.org\/wp-content\/uploads\/2023\/06\/0623-fed-healthcare-bill-768x512.jpg 768w\" sizes=\"auto, (max-width: 1306px) 100vw, 1306px\" \/>\n          <div class=\"block md:hidden absolute top-0 left-0 right-0 w-full h-[72px] text-wes-green\">\n            <svg xmlns=\"http:\/\/www.w3.org\/2000\/svg\" viewBox=\"0 0 391 72.11\">\n              <path fill=\"#fff\" d=\"M391 0S219.5 113.21 0 26.22V0h391Z\"\/>\n              <path fill=\"currentColor\" d=\"M391 0v23.74s-179 104-391 7v-4.52C219.5 113.21 391 0 391 0Z\"\/>\n            <\/svg>\n          <\/div>\n\n                      <!-- If text on left -->\n            <div class=\"hidden md:block absolute top-0 bottom-0 left-0 w-[189px] h-full text-wes-green\">\n              <svg class=\"h-full\" xmlns=\"http:\/\/www.w3.org\/2000\/svg\" viewBox=\"0 0 189 575\">\n                <path fill=\"currentColor\" d=\"M0 575v-.18c2.87-1.85 6.46-4.25 10.63-7.21C68.71 526.24 239 375.33 153.33 74.49 177.49 144.51 188 207.01 189 262.44v17.09C186.4 428.52 114.52 523.95 60.18 575H0Z\"\/>\n                <path fill=\"#ffffff\" d=\"M0 574.82V0h127.9c10.21 25.79 18.63 50.61 25.43 74.49C239 375.33 68.71 526.24 10.63 567.61c-4.17 2.96-7.76 5.36-10.63 7.21Z\"\/>\n              <\/svg>\n            <\/div>\n                  <\/div>\n      \n    <\/div>\n  <\/div>\n<\/section>\n\n<div style=\"height:100px\" aria-hidden=\"true\" class=\"wp-block-spacer\"><\/div>\n\n<h2 class=\"wp-block-heading\" id=\"h-to-navigate-the-tracker\">Pour naviguer dans l\u2019outil de suivi, proc\u00e9dez comme suit\u00a0:<\/h2>\n\n<ul class=\"wp-block-list\">\n<li>Filtrez les r\u00e9sultats en s\u00e9lectionnant un \u00c9tat sur la carte interactive.<\/li>\n\n\n\n<li>Pour d\u00e9velopper la base de donn\u00e9es des projets de loi, s\u00e9lectionnez \u00ab\u00a0Masquer la carte\u00a0\u00bb.<\/li>\n\n\n\n<li>Affinez la liste des politiques affich\u00e9es en utilisant la barre de recherche ou la fonction de filtrage en haut de chaque colonne et en r\u00e9organisant les colonnes.<\/li>\n<\/ul>\n\n<div style=\"height:50px\" aria-hidden=\"true\" class=\"wp-block-spacer\"><\/div>\n\n<iframe style=\"border-radius: 4px; border: 1px solid #303d60; width: 100%; min-height: 800px;\" src=\"https:\/\/www.quorum.us\/spreadsheet\/external\/fZITKJrnzODJocngGyaS\/\"><\/iframe>\n\n<h6 class=\"wp-block-heading\" id=\"h-data-in-the-wes-u-s-policy-tracker-is-sourced-from-quorum-legislative-tracking-software\"><em>Les donn\u00e9es de l\u2019outil de suivi WES des politiques aux \u00c9tats-Unis proviennent du <a href=\"https:\/\/www.quorum.us\/\" target=\"_blank\" rel=\"noopener\">logiciel de suivi l\u00e9gislatif Quorum<\/a>.<\/em><\/h6>\n","protected":false},"excerpt":{"rendered":"<p>Pour naviguer dans l\u2019outil de suivi, proc\u00e9dez comme suit\u00a0: Les donn\u00e9es de l\u2019outil de suivi WES des politiques aux \u00c9tats-Unis proviennent du logiciel de suivi l\u00e9gislatif Quorum.<\/p>\n","protected":false},"author":1090,"featured_media":51774,"parent":49862,"menu_order":0,"comment_status":"closed","ping_status":"closed","template":"","meta":{"_acf_changed":false,"footnotes":""},"class_list":["post-49368","page","type-page","status-publish","has-post-thumbnail","hentry"],"better_featured_image":{"id":51774,"alt_text":"","caption":"","description":"","media_type":"image","media_details":{"width":501,"height":180,"file":"2021\/04\/wes-logo-rgb-green-500px-1.png","filesize":13707,"sizes":{"medium":{"file":"wes-logo-rgb-green-500px-1-300x108.png","width":300,"height":108,"mime-type":"image\/png","filesize":5567,"source_url":"https:\/\/www.wes.org\/wp-content\/uploads\/2021\/04\/wes-logo-rgb-green-500px-1-300x108.png"},"thumbnail":{"file":"wes-logo-rgb-green-500px-1-150x150.png","width":150,"height":150,"mime-type":"image\/png","filesize":3643,"source_url":"https:\/\/www.wes.org\/wp-content\/uploads\/2021\/04\/wes-logo-rgb-green-500px-1-150x150.png"},"testimonial-thumb":{"file":"wes-logo-rgb-green-500px-1-165x180.png","width":165,"height":180,"mime-type":"image\/png","filesize":2528,"source_url":"https:\/\/www.wes.org\/wp-content\/uploads\/2021\/04\/wes-logo-rgb-green-500px-1-165x180.png"},"col-profile-thumb":{"file":"wes-logo-rgb-green-500px-1-195x180.png","width":195,"height":180,"mime-type":"image\/png","filesize":2981,"source_url":"https:\/\/www.wes.org\/wp-content\/uploads\/2021\/04\/wes-logo-rgb-green-500px-1-195x180.png"},"team":{"file":"wes-logo-rgb-green-500px-1-185x180.png","width":185,"height":180,"mime-type":"image\/png","filesize":2851,"source_url":"https:\/\/www.wes.org\/wp-content\/uploads\/2021\/04\/wes-logo-rgb-green-500px-1-185x180.png"},"people":{"file":"wes-logo-rgb-green-500px-1-394x180.png","width":394,"height":180,"mime-type":"image\/png","filesize":5620,"source_url":"https:\/\/www.wes.org\/wp-content\/uploads\/2021\/04\/wes-logo-rgb-green-500px-1-394x180.png"}},"image_meta":{"aperture":"0","credit":"","camera":"","caption":"","created_timestamp":"0","copyright":"","focal_length":"0","iso":"0","shutter_speed":"0","title":"","orientation":"0","keywords":[]}},"post":null,"source_url":"https:\/\/www.wes.org\/wp-content\/uploads\/2021\/04\/wes-logo-rgb-green-500px-1.png"},"acf":{"alert_msg":"default"},"yoast_head":"<!-- This site is optimized with the Yoast SEO Premium plugin v26.2 (Yoast SEO v27.0) - https:\/\/yoast.com\/product\/yoast-seo-premium-wordpress\/ -->\n<title>Page de la carte des politiques aux \u00c9tats-Unis suivies par WES - WES<\/title>\n<meta name=\"description\" content=\"Suivez les principales \u00e9volutions politiques aux \u00c9tats-Unis ayant un impact sur les personnes issues de l\u2019immigration et r\u00e9fugi\u00e9es gr\u00e2ce \u00e0 l\u2019outil interactif WES de suivi des politiques. Restez inform\u00e9(e) de la l\u00e9gislation qui fa\u00e7onne l\u2019inclusion \u00e9conomique et les opportunit\u00e9s professionnelles.\" \/>\n<meta name=\"robots\" content=\"index, follow, max-snippet:-1, max-image-preview:large, max-video-preview:-1\" \/>\n<link rel=\"canonical\" href=\"https:\/\/www.wes.org\/fr\/bibliotheque-de-ressources\/page-de-la-carte-des-politiques-aux-etats-unis-suivies-par-wes\/\" \/>\n<meta property=\"og:locale\" content=\"fr_FR\" \/>\n<meta property=\"og:type\" content=\"article\" \/>\n<meta property=\"og:title\" content=\"Page de la carte des politiques aux \u00c9tats-Unis suivies par WES\" \/>\n<meta property=\"og:description\" content=\"Suivez les principales \u00e9volutions politiques aux \u00c9tats-Unis ayant un impact sur les personnes issues de l\u2019immigration et r\u00e9fugi\u00e9es gr\u00e2ce \u00e0 l\u2019outil interactif WES de suivi des politiques. Restez inform\u00e9(e) de la l\u00e9gislation qui fa\u00e7onne l\u2019inclusion \u00e9conomique et les opportunit\u00e9s professionnelles.\" \/>\n<meta property=\"og:url\" content=\"https:\/\/www.wes.org\/fr\/bibliotheque-de-ressources\/page-de-la-carte-des-politiques-aux-etats-unis-suivies-par-wes\/\" \/>\n<meta property=\"og:site_name\" content=\"WES\" \/>\n<meta property=\"article:publisher\" content=\"https:\/\/www.facebook.com\/WorldEducationServices\/\" \/>\n<meta property=\"article:modified_time\" content=\"2025-05-08T18:00:01+00:00\" \/>\n<meta property=\"og:image\" content=\"https:\/\/www.wes.org\/wp-content\/uploads\/2022\/07\/wes-core-twitter-card-640x360-1.png\" \/>\n\t<meta property=\"og:image:width\" content=\"640\" \/>\n\t<meta property=\"og:image:height\" content=\"360\" \/>\n\t<meta property=\"og:image:type\" content=\"image\/png\" \/>\n<meta name=\"twitter:card\" content=\"summary_large_image\" \/>\n<meta name=\"twitter:site\" content=\"@WorldEdServices\" \/>\n<script type=\"application\/ld+json\" class=\"yoast-schema-graph\">{\"@context\":\"https:\/\/schema.org\",\"@graph\":[{\"@type\":\"WebPage\",\"@id\":\"https:\/\/www.wes.org\/fr\/bibliotheque-de-ressources\/page-de-la-carte-des-politiques-aux-etats-unis-suivies-par-wes\/\",\"url\":\"https:\/\/www.wes.org\/fr\/bibliotheque-de-ressources\/page-de-la-carte-des-politiques-aux-etats-unis-suivies-par-wes\/\",\"name\":\"Page de la carte des politiques aux \u00c9tats-Unis suivies par WES - WES\",\"isPartOf\":{\"@id\":\"https:\/\/www.wes.org\/fr\/#website\"},\"primaryImageOfPage\":{\"@id\":\"https:\/\/www.wes.org\/fr\/bibliotheque-de-ressources\/page-de-la-carte-des-politiques-aux-etats-unis-suivies-par-wes\/#primaryimage\"},\"image\":{\"@id\":\"https:\/\/www.wes.org\/fr\/bibliotheque-de-ressources\/page-de-la-carte-des-politiques-aux-etats-unis-suivies-par-wes\/#primaryimage\"},\"thumbnailUrl\":\"https:\/\/www.wes.org\/wp-content\/uploads\/2021\/04\/wes-logo-rgb-green-500px-1.png\",\"datePublished\":\"2025-04-24T21:04:10+00:00\",\"dateModified\":\"2025-05-08T18:00:01+00:00\",\"description\":\"Suivez les principales \u00e9volutions politiques aux \u00c9tats-Unis ayant un impact sur les personnes issues de l\u2019immigration et r\u00e9fugi\u00e9es gr\u00e2ce \u00e0 l\u2019outil interactif WES de suivi des politiques. Restez inform\u00e9(e) de la l\u00e9gislation qui fa\u00e7onne l\u2019inclusion \u00e9conomique et les opportunit\u00e9s professionnelles.\",\"breadcrumb\":{\"@id\":\"https:\/\/www.wes.org\/fr\/bibliotheque-de-ressources\/page-de-la-carte-des-politiques-aux-etats-unis-suivies-par-wes\/#breadcrumb\"},\"inLanguage\":\"fr-FR\",\"potentialAction\":[{\"@type\":\"ReadAction\",\"target\":[\"https:\/\/www.wes.org\/fr\/bibliotheque-de-ressources\/page-de-la-carte-des-politiques-aux-etats-unis-suivies-par-wes\/\"]}]},{\"@type\":\"ImageObject\",\"inLanguage\":\"fr-FR\",\"@id\":\"https:\/\/www.wes.org\/fr\/bibliotheque-de-ressources\/page-de-la-carte-des-politiques-aux-etats-unis-suivies-par-wes\/#primaryimage\",\"url\":\"https:\/\/www.wes.org\/wp-content\/uploads\/2021\/04\/wes-logo-rgb-green-500px-1.png\",\"contentUrl\":\"https:\/\/www.wes.org\/wp-content\/uploads\/2021\/04\/wes-logo-rgb-green-500px-1.png\",\"width\":501,\"height\":180},{\"@type\":\"BreadcrumbList\",\"@id\":\"https:\/\/www.wes.org\/fr\/bibliotheque-de-ressources\/page-de-la-carte-des-politiques-aux-etats-unis-suivies-par-wes\/#breadcrumb\",\"itemListElement\":[{\"@type\":\"ListItem\",\"position\":1,\"name\":\"Home\",\"item\":\"https:\/\/www.wes.org\/fr\/\"},{\"@type\":\"ListItem\",\"position\":2,\"name\":\"Biblioth\u00e8que de ressources\",\"item\":\"https:\/\/www.wes.org\/fr\/bibliotheque-de-ressources\/\"},{\"@type\":\"ListItem\",\"position\":3,\"name\":\"Page de la carte des politiques aux \u00c9tats-Unis suivies par WES\"}]},{\"@type\":\"WebSite\",\"@id\":\"https:\/\/www.wes.org\/fr\/#website\",\"url\":\"https:\/\/www.wes.org\/fr\/\",\"name\":\"World Education Services\",\"description\":\"\",\"publisher\":{\"@id\":\"https:\/\/www.wes.org\/fr\/#organization\"},\"potentialAction\":[{\"@type\":\"SearchAction\",\"target\":{\"@type\":\"EntryPoint\",\"urlTemplate\":\"https:\/\/www.wes.org\/fr\/?s={search_term_string}\"},\"query-input\":{\"@type\":\"PropertyValueSpecification\",\"valueRequired\":true,\"valueName\":\"search_term_string\"}}],\"inLanguage\":\"fr-FR\"},{\"@type\":\"Organization\",\"@id\":\"https:\/\/www.wes.org\/fr\/#organization\",\"name\":\"World Education Services\",\"url\":\"https:\/\/www.wes.org\/fr\/\",\"logo\":{\"@type\":\"ImageObject\",\"inLanguage\":\"fr-FR\",\"@id\":\"https:\/\/www.wes.org\/fr\/#\/schema\/logo\/image\/\",\"url\":\"https:\/\/www.wes.org\/wp-content\/uploads\/2024\/07\/cropped-cropped-WES_Logo_RGB-Primary_Green-Clearspace-e1719869905447.png\",\"contentUrl\":\"https:\/\/www.wes.org\/wp-content\/uploads\/2024\/07\/cropped-cropped-WES_Logo_RGB-Primary_Green-Clearspace-e1719869905447.png\",\"width\":512,\"height\":512,\"caption\":\"World Education Services\"},\"image\":{\"@id\":\"https:\/\/www.wes.org\/fr\/#\/schema\/logo\/image\/\"},\"sameAs\":[\"https:\/\/www.facebook.com\/WorldEducationServices\/\",\"https:\/\/x.com\/WorldEdServices\",\"https:\/\/www.linkedin.com\/company\/worldeducationservices\/\"]}]}<\/script>\n<!-- \/ Yoast SEO Premium plugin. -->","yoast_head_json":{"title":"Page de la carte des politiques aux \u00c9tats-Unis suivies par WES - WES","description":"Suivez les principales \u00e9volutions politiques aux \u00c9tats-Unis ayant un impact sur les personnes issues de l\u2019immigration et r\u00e9fugi\u00e9es gr\u00e2ce \u00e0 l\u2019outil interactif WES de suivi des politiques. Restez inform\u00e9(e) de la l\u00e9gislation qui fa\u00e7onne l\u2019inclusion \u00e9conomique et les opportunit\u00e9s professionnelles.","robots":{"index":"index","follow":"follow","max-snippet":"max-snippet:-1","max-image-preview":"max-image-preview:large","max-video-preview":"max-video-preview:-1"},"canonical":"https:\/\/www.wes.org\/fr\/bibliotheque-de-ressources\/page-de-la-carte-des-politiques-aux-etats-unis-suivies-par-wes\/","og_locale":"fr_FR","og_type":"article","og_title":"Page de la carte des politiques aux \u00c9tats-Unis suivies par WES","og_description":"Suivez les principales \u00e9volutions politiques aux \u00c9tats-Unis ayant un impact sur les personnes issues de l\u2019immigration et r\u00e9fugi\u00e9es gr\u00e2ce \u00e0 l\u2019outil interactif WES de suivi des politiques. Restez inform\u00e9(e) de la l\u00e9gislation qui fa\u00e7onne l\u2019inclusion \u00e9conomique et les opportunit\u00e9s professionnelles.","og_url":"https:\/\/www.wes.org\/fr\/bibliotheque-de-ressources\/page-de-la-carte-des-politiques-aux-etats-unis-suivies-par-wes\/","og_site_name":"WES","article_publisher":"https:\/\/www.facebook.com\/WorldEducationServices\/","article_modified_time":"2025-05-08T18:00:01+00:00","og_image":[{"width":640,"height":360,"url":"https:\/\/www.wes.org\/wp-content\/uploads\/2022\/07\/wes-core-twitter-card-640x360-1.png","type":"image\/png"}],"twitter_card":"summary_large_image","twitter_site":"@WorldEdServices","schema":{"@context":"https:\/\/schema.org","@graph":[{"@type":"WebPage","@id":"https:\/\/www.wes.org\/fr\/bibliotheque-de-ressources\/page-de-la-carte-des-politiques-aux-etats-unis-suivies-par-wes\/","url":"https:\/\/www.wes.org\/fr\/bibliotheque-de-ressources\/page-de-la-carte-des-politiques-aux-etats-unis-suivies-par-wes\/","name":"Page de la carte des politiques aux \u00c9tats-Unis suivies par WES - WES","isPartOf":{"@id":"https:\/\/www.wes.org\/fr\/#website"},"primaryImageOfPage":{"@id":"https:\/\/www.wes.org\/fr\/bibliotheque-de-ressources\/page-de-la-carte-des-politiques-aux-etats-unis-suivies-par-wes\/#primaryimage"},"image":{"@id":"https:\/\/www.wes.org\/fr\/bibliotheque-de-ressources\/page-de-la-carte-des-politiques-aux-etats-unis-suivies-par-wes\/#primaryimage"},"thumbnailUrl":"https:\/\/www.wes.org\/wp-content\/uploads\/2021\/04\/wes-logo-rgb-green-500px-1.png","datePublished":"2025-04-24T21:04:10+00:00","dateModified":"2025-05-08T18:00:01+00:00","description":"Suivez les principales \u00e9volutions politiques aux \u00c9tats-Unis ayant un impact sur les personnes issues de l\u2019immigration et r\u00e9fugi\u00e9es gr\u00e2ce \u00e0 l\u2019outil interactif WES de suivi des politiques. Restez inform\u00e9(e) de la l\u00e9gislation qui fa\u00e7onne l\u2019inclusion \u00e9conomique et les opportunit\u00e9s professionnelles.","breadcrumb":{"@id":"https:\/\/www.wes.org\/fr\/bibliotheque-de-ressources\/page-de-la-carte-des-politiques-aux-etats-unis-suivies-par-wes\/#breadcrumb"},"inLanguage":"fr-FR","potentialAction":[{"@type":"ReadAction","target":["https:\/\/www.wes.org\/fr\/bibliotheque-de-ressources\/page-de-la-carte-des-politiques-aux-etats-unis-suivies-par-wes\/"]}]},{"@type":"ImageObject","inLanguage":"fr-FR","@id":"https:\/\/www.wes.org\/fr\/bibliotheque-de-ressources\/page-de-la-carte-des-politiques-aux-etats-unis-suivies-par-wes\/#primaryimage","url":"https:\/\/www.wes.org\/wp-content\/uploads\/2021\/04\/wes-logo-rgb-green-500px-1.png","contentUrl":"https:\/\/www.wes.org\/wp-content\/uploads\/2021\/04\/wes-logo-rgb-green-500px-1.png","width":501,"height":180},{"@type":"BreadcrumbList","@id":"https:\/\/www.wes.org\/fr\/bibliotheque-de-ressources\/page-de-la-carte-des-politiques-aux-etats-unis-suivies-par-wes\/#breadcrumb","itemListElement":[{"@type":"ListItem","position":1,"name":"Home","item":"https:\/\/www.wes.org\/fr\/"},{"@type":"ListItem","position":2,"name":"Biblioth\u00e8que de ressources","item":"https:\/\/www.wes.org\/fr\/bibliotheque-de-ressources\/"},{"@type":"ListItem","position":3,"name":"Page de la carte des politiques aux \u00c9tats-Unis suivies par WES"}]},{"@type":"WebSite","@id":"https:\/\/www.wes.org\/fr\/#website","url":"https:\/\/www.wes.org\/fr\/","name":"World Education Services","description":"","publisher":{"@id":"https:\/\/www.wes.org\/fr\/#organization"},"potentialAction":[{"@type":"SearchAction","target":{"@type":"EntryPoint","urlTemplate":"https:\/\/www.wes.org\/fr\/?s={search_term_string}"},"query-input":{"@type":"PropertyValueSpecification","valueRequired":true,"valueName":"search_term_string"}}],"inLanguage":"fr-FR"},{"@type":"Organization","@id":"https:\/\/www.wes.org\/fr\/#organization","name":"World Education Services","url":"https:\/\/www.wes.org\/fr\/","logo":{"@type":"ImageObject","inLanguage":"fr-FR","@id":"https:\/\/www.wes.org\/fr\/#\/schema\/logo\/image\/","url":"https:\/\/www.wes.org\/wp-content\/uploads\/2024\/07\/cropped-cropped-WES_Logo_RGB-Primary_Green-Clearspace-e1719869905447.png","contentUrl":"https:\/\/www.wes.org\/wp-content\/uploads\/2024\/07\/cropped-cropped-WES_Logo_RGB-Primary_Green-Clearspace-e1719869905447.png","width":512,"height":512,"caption":"World Education Services"},"image":{"@id":"https:\/\/www.wes.org\/fr\/#\/schema\/logo\/image\/"},"sameAs":["https:\/\/www.facebook.com\/WorldEducationServices\/","https:\/\/x.com\/WorldEdServices","https:\/\/www.linkedin.com\/company\/worldeducationservices\/"]}]}},"wpml_current_locale":"fr_FR","wpml_translations":[{"locale":"en_US","id":39817,"post_title":"World Education Services US Policy Tracker Map Page","href":"https:\/\/www.wes.org\/wes-u-s-policy-tracker-map\/"}],"_links":{"self":[{"href":"https:\/\/www.wes.org\/fr\/wp-json\/wp\/v2\/pages\/49368","targetHints":{"allow":["GET"]}}],"collection":[{"href":"https:\/\/www.wes.org\/fr\/wp-json\/wp\/v2\/pages"}],"about":[{"href":"https:\/\/www.wes.org\/fr\/wp-json\/wp\/v2\/types\/page"}],"author":[{"embeddable":true,"href":"https:\/\/www.wes.org\/fr\/wp-json\/wp\/v2\/users\/1090"}],"replies":[{"embeddable":true,"href":"https:\/\/www.wes.org\/fr\/wp-json\/wp\/v2\/comments?post=49368"}],"version-history":[{"count":0,"href":"https:\/\/www.wes.org\/fr\/wp-json\/wp\/v2\/pages\/49368\/revisions"}],"up":[{"embeddable":true,"href":"https:\/\/www.wes.org\/fr\/wp-json\/wp\/v2\/pages\/49862"}],"wp:featuredmedia":[{"embeddable":true,"href":"https:\/\/www.wes.org\/fr\/wp-json\/wp\/v2\/media\/51774"}],"wp:attachment":[{"href":"https:\/\/www.wes.org\/fr\/wp-json\/wp\/v2\/media?parent=49368"}],"curies":[{"name":"wp","href":"https:\/\/api.w.org\/{rel}","templated":true}]}}