{"id":49338,"date":"2025-04-23T15:57:10","date_gmt":"2025-04-23T19:57:10","guid":{"rendered":"https:\/\/www.wes.org\/instructions-a-lattention-des-candidats-a-linscription-aupres-de-lordre-des-infirmieres-et-infirmiers-de-lontario\/"},"modified":"2025-04-23T15:57:12","modified_gmt":"2025-04-23T19:57:12","slug":"instructions-a-lattention-des-candidats-a-linscription-aupres-de-lordre-des-infirmieres-et-infirmiers-de-lontario","status":"publish","type":"page","link":"https:\/\/www.wes.org\/fr\/instructions-a-lattention-des-candidats-a-linscription-aupres-de-lordre-des-infirmieres-et-infirmiers-de-lontario\/","title":{"rendered":"Instructions \u00e0 l&rsquo;attention des candidats \u00e0 l&rsquo;inscription aupr\u00e8s de l\u2019Ordre des infirmi\u00e8res et infirmiers de l\u2019Ontario"},"content":{"rendered":"\n<h1 class=\"wp-block-heading has-text-align-center\" id=\"h-wes-online-application-submission-instructions-for-the-candidates-for-registration-with-the-college-of-nurses-of-ontario\"> Pr\u00e9sentation d&rsquo;une demande en ligne aupr\u00e8s de WES\u00a0\u2013 Instructions \u00e0 l&rsquo;attention des candidats \u00e0 l&rsquo;inscription aupr\u00e8s de l\u2019Ordre des infirmi\u00e8res et infirmiers de l\u2019Ontario<\/h1>\n\n<p><\/p>\n\n<figure class=\"wp-block-image aligncenter size-full is-resized\"><img loading=\"lazy\" decoding=\"async\" width=\"557\" height=\"128\" src=\"https:\/\/www.wes.org\/wp-content\/uploads\/2025\/04\/CNOEng_PMS_RGB-web.png\" alt=\"Ordre des infirmi&#xE8;res et infirmiers de l&#x2019;Ontario\" class=\"wp-image-49022\" style=\"width:300px\" srcset=\"https:\/\/www.wes.org\/wp-content\/uploads\/2025\/04\/CNOEng_PMS_RGB-web.png 557w, https:\/\/www.wes.org\/wp-content\/uploads\/2025\/04\/CNOEng_PMS_RGB-web-300x69.png 300w\" sizes=\"auto, (max-width: 557px) 100vw, 557px\" \/><\/figure>\n\n<p><\/p>\n\n<div style=\"height:100px\" aria-hidden=\"true\" class=\"wp-block-spacer\"><\/div>\n\n\n\n<section \n   \n  class=\"relative sw-block alignwide wp-block-group is-layout-flow wp-block-storyware-floating-content-is-layout-flow\"\n  style=\"--wp--style--layout--content-size: var(--wp--custom--content-width); \n         --wp--style--layout--wide-size: var(--wp--custom--wide-width);\">\n\n  <div class=\"mx-auto px-5\">\n    <div class=\"grid gap-5 md:grid-cols-2 lg:gap-24 items-start\">\n\n      <!-- Image Column -->\n      <div class=\"not-prose\">\n                  <img loading=\"lazy\" decoding=\"async\" width=\"540\" height=\"356\" src=\"https:\/\/www.wes.org\/wp-content\/uploads\/2017\/04\/partners_1-iStock_627576018.jpg\" class=\"h-72 md:h-[480px] w-full object-cover object-center\" alt=\"Image of laptop open\" \/>\n                        <\/div>\n\n      <!-- Text Column -->\n      <div class=\"md:order-last\">\n\n                  <h2 class=\"font-medium text-[28px] text-black leading-snug\">Premier\u00a0volet\u00a0: candidats existants de WES disposant d&#039;un rapport existant d\u2019\u00e9valuation document par document<\/h2>\n        \n                  <div class=\"mt-3\"><p>Si vous poss\u00e9dez d\u00e9j\u00e0 un rapport d\u2019\u00e9valuation document par document ou cours par cours de WES, vous devrez commander un rapport suppl\u00e9mentaire pour l&rsquo;Ordre des infirmi\u00e8res et infirmiers de l\u2019Ontario\u00a0:<\/p>\n<ol>\n<li><strong>Connectez-vous<\/strong> \u00e0 votre compte <a href=\"https:\/\/applications.wes.org\/createaccount\/login\/login\">MyAccount<\/a>.<\/li>\n<li><strong>Commandez<\/strong> un rapport suppl\u00e9mentaire.<\/li>\n<li><strong>Ajoutez<\/strong> l\u2019Ordre des infirmi\u00e8res et infirmiers de l\u2019Ontario (OIIO) en tant que destinataire de votre rapport d\u2019\u00e9valuation document par document ou cours par cours.<\/li>\n<li><strong>Payez<\/strong> les frais <a href=\"https:\/\/www.wes.org\/fr\/evaluations-et-frais\/\">applicables<\/a>.<\/li>\n<li><strong>Rapport final\u00a0:<\/strong> l\u2019OIIO b\u00e9n\u00e9ficiera d&rsquo;un acc\u00e8s \u00e9lectronique \u00e0 votre rapport d\u2019\u00e9valuation et aux documents acad\u00e9miques associ\u00e9s.<\/li>\n<\/ol>\n<\/div>\n        \n        <!-- Button Type: Standard Link -->\n        \n        <!-- Button Type: Marketo Popup -->\n        \n      <\/div>\n    <\/div>\n  <\/div>\n<\/section>\n\n<div style=\"height:100px\" aria-hidden=\"true\" class=\"wp-block-spacer\"><\/div>\n\n\n\n<section \n   \n  class=\"relative sw-block alignwide wp-block-group is-layout-flow wp-block-storyware-floating-content-is-layout-flow\"\n  style=\"--wp--style--layout--content-size: var(--wp--custom--content-width); \n         --wp--style--layout--wide-size: var(--wp--custom--wide-width);\">\n\n  <div class=\"mx-auto px-5\">\n    <div class=\"grid gap-5 md:grid-cols-2 lg:gap-24 items-start\">\n\n      <!-- Image Column -->\n      <div class=\"not-prose\">\n                  <img loading=\"lazy\" decoding=\"async\" width=\"540\" height=\"356\" src=\"https:\/\/www.wes.org\/wp-content\/uploads\/2017\/04\/partners_2-iStock_465211473.jpg\" class=\"h-72 md:h-[480px] w-full object-cover object-center\" alt=\"Mailing envelope\" \/>\n                        <\/div>\n\n      <!-- Text Column -->\n      <div class=\"md:order-first\">\n\n                  <h2 class=\"font-medium text-[28px] text-black leading-snug\">Deuxi\u00e8me\u00a0volet\u00a0: demandeurs actuels de WES disposant d&#039;une \u00e9valuation des dipl\u00f4mes d&#039;\u00e9tudes pour IRCC<\/h2>\n        \n                  <div class=\"mt-3\"><p>Si vous poss\u00e9dez d\u00e9j\u00e0 un compte WES et un rapport d\u2019\u00e9valuation, par exemple une \u00e9valuation des dipl\u00f4mes d\u2019\u00e9tudes (EDE) pour le programme Entr\u00e9e express d\u2019Immigration, R\u00e9fugi\u00e9s et Citoyennet\u00e9 Canada (IRCC), et que vous avez besoin d\u2019un rapport d\u2019\u00e9valuation standard document par document aux fins de l&rsquo;inscription \u00e0 la profession d&rsquo;infirmier\u00a0:<\/p>\n<ol>\n<li><strong>Connectez-vous<\/strong> \u00e0 votre compte <a href=\"https:\/\/applications.wes.org\/createaccount\/login\/login\">MyAccount<\/a>.<\/li>\n<li><strong>Convertissez<\/strong> votre EDE en rapport d\u2019\u00e9valuation standard document par document et s\u00e9lectionnez \u00ab\u00a0Licensing\u00a0\u00bb (D\u00e9livrance de licence) comme objectif du rapport d\u2019\u00e9valuation. Vous recevrez un nouveau num\u00e9ro de r\u00e9f\u00e9rence de WES associ\u00e9 \u00e0 votre dossier d&rsquo;EDE.<\/li>\n<li><strong>Ajoutez<\/strong> l\u2019Ordre des infirmi\u00e8res et infirmiers de l\u2019Ontario (OIIO) en tant que destinataire de votre rapport d\u2019\u00e9valuation document par document ou cours par cours.<\/li>\n<li><strong>Payez<\/strong> les frais <a href=\"https:\/\/www.wes.org\/fr\/evaluations-et-frais\/\">applicables<\/a>.<\/li>\n<li><strong>Consultez l\u2019\u00e9tat de votre demande<\/strong> dans MyAccount\u00a0; puisque vous avez d\u00e9j\u00e0 un rapport d&rsquo;EDE, WES peut vous demander des documents acad\u00e9miques suppl\u00e9mentaires.<\/li>\n<li><strong>Recevez le rapport final<\/strong>. Le rapport d\u2019\u00e9valuation vous sera envoy\u00e9 par voie postale et l\u2019OIIO b\u00e9n\u00e9ficiera d&rsquo;un acc\u00e8s \u00e9lectronique \u00e0 votre rapport d\u2019\u00e9valuation et aux documents acad\u00e9miques connexes.<\/li>\n<\/ol>\n<p><strong>Remarques\u00a0:<\/strong><\/p>\n<ul>\n<li><a href=\"https:\/\/www.wes.org\/fr\/evaluations-et-frais\/\">les frais de WES<\/a> s&rsquo;appliquent par demandeur pour une mise \u00e0 niveau d&rsquo;\u00e9valuation, et non pas par dipl\u00f4me d&rsquo;\u00e9tudes.<\/li>\n<\/ul>\n<p>Pour toute question concernant votre inscription aupr\u00e8s de l&rsquo;OIIO, consultez son <a href=\"https:\/\/www.cno.org\/become-a-nurse\/approved-educational-credential-assessment-service-providers\" target=\"_blank\" rel=\"noopener\">site Web<\/a>.<\/p>\n<\/div>\n        \n        <!-- Button Type: Standard Link -->\n        \n        <!-- Button Type: Marketo Popup -->\n        \n      <\/div>\n    <\/div>\n  <\/div>\n<\/section>\n\n<div style=\"height:100px\" aria-hidden=\"true\" class=\"wp-block-spacer\"><\/div>\n\n\n\n<section \n   \n  class=\"relative sw-block alignwide wp-block-group is-layout-flow wp-block-storyware-floating-content-is-layout-flow\"\n  style=\"--wp--style--layout--content-size: var(--wp--custom--content-width); \n         --wp--style--layout--wide-size: var(--wp--custom--wide-width);\">\n\n  <div class=\"mx-auto px-5\">\n    <div class=\"grid gap-5 md:grid-cols-2 lg:gap-24 items-start\">\n\n      <!-- Image Column -->\n      <div class=\"not-prose\">\n                  <img loading=\"lazy\" decoding=\"async\" width=\"540\" height=\"356\" src=\"https:\/\/www.wes.org\/wp-content\/uploads\/2018\/12\/partners_3-iStock_522739044.png\" class=\"h-72 md:h-[480px] w-full object-cover object-center\" alt=\"\" srcset=\"https:\/\/www.wes.org\/wp-content\/uploads\/2018\/12\/partners_3-iStock_522739044.png 540w, https:\/\/www.wes.org\/wp-content\/uploads\/2018\/12\/partners_3-iStock_522739044-300x198.png 300w\" sizes=\"auto, (max-width: 540px) 100vw, 540px\" \/>\n                        <\/div>\n\n      <!-- Text Column -->\n      <div class=\"md:order-last\">\n\n                  <h2 class=\"font-medium text-[28px] text-black leading-snug\">Troisi\u00e8me volet\u00a0: nouveaux demandeurs aupr\u00e8s de WES<\/h2>\n        \n                  <div class=\"mt-3\"><ol>\n<li><strong>Cr\u00e9ez un nouveau compte WES\u00a0:<\/strong> acc\u00e9dez \u00e0 <a href=\"https:\/\/applications.wes.org\/createaccount\">\u00ab\u00a0Create a WES Account\u00a0\u00bb (Cr\u00e9er un compte WES)<\/a>, s\u00e9lectionnez Canada, puis choisissez \u00ab\u00a0WES Standard Application\u00a0\u00bb (Demande standard WES).<\/li>\n<li><strong>S\u00e9lectionnez le type d\u2019\u00e9valuation\u00a0:<\/strong> choisissez une \u00e9valuation document par document (avec forfait ICAP) et \u00ab\u00a0Licensing\u00a0\u00bb (D\u00e9livrance de licence) comme objectif du rapport d\u2019\u00e9valuation.<\/li>\n<li><strong>Soumettez votre demande, payez et obtenez un num\u00e9ro de r\u00e9f\u00e9rence\u00a0:<\/strong> une fois votre demande soumise, vous recevrez un num\u00e9ro de r\u00e9f\u00e9rence WES.<\/li>\n<li><strong>Soumettez vos documents acad\u00e9miques\u00a0:<\/strong> suivez les <a href=\"https:\/\/applications.wes.org\/required-documents\">exigences documentaires de WES propres \u00e0 chaque pays<\/a> et faites envoyer vos documents acad\u00e9miques directement \u00e0 WES. Certains documents acad\u00e9miques peuvent \u00eatre t\u00e9l\u00e9vers\u00e9s dans votre compte MyAccount.<\/li>\n<li><strong>Consultez l\u2019\u00e9tat de votre demande\u00a0:<\/strong> connectez-vous \u00e0 votre compte <a href=\"https:\/\/applications.wes.org\/createaccount\/login\/login\">WES MyAccount<\/a> pour suivre les mises \u00e0 jour. WES communiquera avec vous si des documents suppl\u00e9mentaires sont n\u00e9cessaires.<\/li>\n<li><strong>R\u00e9ception du rapport final\u00a0:<\/strong> le rapport d\u2019\u00e9valuation vous sera envoy\u00e9 par voie postale et l\u2019OIIO b\u00e9n\u00e9ficiera d&rsquo;un acc\u00e8s \u00e9lectronique \u00e0 votre rapport d\u2019\u00e9valuation et aux documents acad\u00e9miques connexes.<\/li>\n<\/ol>\n<\/div>\n        \n        <!-- Button Type: Standard Link -->\n        \n        <!-- Button Type: Marketo Popup -->\n        \n      <\/div>\n    <\/div>\n  <\/div>\n<\/section>\n\n<p><\/p>\n","protected":false},"excerpt":{"rendered":"<p>Pr\u00e9sentation d&rsquo;une demande en ligne aupr\u00e8s de WES\u00a0\u2013 Instructions \u00e0 l&rsquo;attention des candidats \u00e0 l&rsquo;inscription aupr\u00e8s de l\u2019Ordre des infirmi\u00e8res et infirmiers de l\u2019Ontario<\/p>\n","protected":false},"author":65,"featured_media":0,"parent":0,"menu_order":0,"comment_status":"closed","ping_status":"closed","template":"","meta":{"_acf_changed":false,"footnotes":""},"class_list":["post-49338","page","type-page","status-publish","hentry"],"better_featured_image":null,"acf":{"alert_msg":"default"},"yoast_head":"<!-- This site is optimized with the Yoast SEO Premium plugin v26.2 (Yoast SEO v27.0) - https:\/\/yoast.com\/product\/yoast-seo-premium-wordpress\/ -->\n<title>Instructions \u00e0 l&#039;attention des candidats \u00e0 l&#039;inscription aupr\u00e8s de l\u2019Ordre des infirmi\u00e8res et infirmiers de l\u2019Ontario - WES<\/title>\n<meta name=\"robots\" content=\"index, follow, max-snippet:-1, max-image-preview:large, max-video-preview:-1\" \/>\n<link rel=\"canonical\" href=\"https:\/\/www.wes.org\/fr\/instructions-a-lattention-des-candidats-a-linscription-aupres-de-lordre-des-infirmieres-et-infirmiers-de-lontario\/\" \/>\n<meta property=\"og:locale\" content=\"fr_FR\" \/>\n<meta property=\"og:type\" content=\"article\" \/>\n<meta property=\"og:title\" content=\"Instructions \u00e0 l&#039;attention des candidats \u00e0 l&#039;inscription aupr\u00e8s de l\u2019Ordre des infirmi\u00e8res et infirmiers de l\u2019Ontario\" \/>\n<meta property=\"og:description\" content=\"Pr\u00e9sentation d&rsquo;une demande en ligne aupr\u00e8s de WES\u00a0\u2013 Instructions \u00e0 l&rsquo;attention des candidats \u00e0 l&rsquo;inscription aupr\u00e8s de l\u2019Ordre des infirmi\u00e8res et infirmiers de l\u2019Ontario\" \/>\n<meta property=\"og:url\" content=\"https:\/\/www.wes.org\/fr\/instructions-a-lattention-des-candidats-a-linscription-aupres-de-lordre-des-infirmieres-et-infirmiers-de-lontario\/\" \/>\n<meta property=\"og:site_name\" content=\"WES\" \/>\n<meta property=\"article:publisher\" content=\"https:\/\/www.facebook.com\/WorldEducationServices\/\" \/>\n<meta property=\"article:modified_time\" content=\"2025-04-23T19:57:12+00:00\" \/>\n<meta property=\"og:image\" content=\"https:\/\/www.wes.org\/wp-content\/uploads\/2025\/04\/CNOEng_PMS_RGB-web.png\" \/>\n<meta name=\"twitter:card\" content=\"summary_large_image\" \/>\n<meta name=\"twitter:site\" content=\"@WorldEdServices\" \/>\n<script type=\"application\/ld+json\" class=\"yoast-schema-graph\">{\"@context\":\"https:\/\/schema.org\",\"@graph\":[{\"@type\":\"WebPage\",\"@id\":\"https:\/\/www.wes.org\/fr\/instructions-a-lattention-des-candidats-a-linscription-aupres-de-lordre-des-infirmieres-et-infirmiers-de-lontario\/\",\"url\":\"https:\/\/www.wes.org\/fr\/instructions-a-lattention-des-candidats-a-linscription-aupres-de-lordre-des-infirmieres-et-infirmiers-de-lontario\/\",\"name\":\"Instructions \u00e0 l'attention des candidats \u00e0 l'inscription aupr\u00e8s de l\u2019Ordre des infirmi\u00e8res et infirmiers de l\u2019Ontario - WES\",\"isPartOf\":{\"@id\":\"https:\/\/www.wes.org\/fr\/#website\"},\"primaryImageOfPage\":{\"@id\":\"https:\/\/www.wes.org\/fr\/instructions-a-lattention-des-candidats-a-linscription-aupres-de-lordre-des-infirmieres-et-infirmiers-de-lontario\/#primaryimage\"},\"image\":{\"@id\":\"https:\/\/www.wes.org\/fr\/instructions-a-lattention-des-candidats-a-linscription-aupres-de-lordre-des-infirmieres-et-infirmiers-de-lontario\/#primaryimage\"},\"thumbnailUrl\":\"https:\/\/www.wes.org\/wp-content\/uploads\/2025\/04\/CNOEng_PMS_RGB-web.png\",\"datePublished\":\"2025-04-23T19:57:10+00:00\",\"dateModified\":\"2025-04-23T19:57:12+00:00\",\"breadcrumb\":{\"@id\":\"https:\/\/www.wes.org\/fr\/instructions-a-lattention-des-candidats-a-linscription-aupres-de-lordre-des-infirmieres-et-infirmiers-de-lontario\/#breadcrumb\"},\"inLanguage\":\"fr-FR\",\"potentialAction\":[{\"@type\":\"ReadAction\",\"target\":[\"https:\/\/www.wes.org\/fr\/instructions-a-lattention-des-candidats-a-linscription-aupres-de-lordre-des-infirmieres-et-infirmiers-de-lontario\/\"]}]},{\"@type\":\"ImageObject\",\"inLanguage\":\"fr-FR\",\"@id\":\"https:\/\/www.wes.org\/fr\/instructions-a-lattention-des-candidats-a-linscription-aupres-de-lordre-des-infirmieres-et-infirmiers-de-lontario\/#primaryimage\",\"url\":\"https:\/\/www.wes.org\/wp-content\/uploads\/2025\/04\/CNOEng_PMS_RGB-web.png\",\"contentUrl\":\"https:\/\/www.wes.org\/wp-content\/uploads\/2025\/04\/CNOEng_PMS_RGB-web.png\"},{\"@type\":\"BreadcrumbList\",\"@id\":\"https:\/\/www.wes.org\/fr\/instructions-a-lattention-des-candidats-a-linscription-aupres-de-lordre-des-infirmieres-et-infirmiers-de-lontario\/#breadcrumb\",\"itemListElement\":[{\"@type\":\"ListItem\",\"position\":1,\"name\":\"Home\",\"item\":\"https:\/\/www.wes.org\/fr\/\"},{\"@type\":\"ListItem\",\"position\":2,\"name\":\"Instructions \u00e0 l&rsquo;attention des candidats \u00e0 l&rsquo;inscription aupr\u00e8s de l\u2019Ordre des infirmi\u00e8res et infirmiers de l\u2019Ontario\"}]},{\"@type\":\"WebSite\",\"@id\":\"https:\/\/www.wes.org\/fr\/#website\",\"url\":\"https:\/\/www.wes.org\/fr\/\",\"name\":\"World Education Services\",\"description\":\"\",\"publisher\":{\"@id\":\"https:\/\/www.wes.org\/fr\/#organization\"},\"potentialAction\":[{\"@type\":\"SearchAction\",\"target\":{\"@type\":\"EntryPoint\",\"urlTemplate\":\"https:\/\/www.wes.org\/fr\/?s={search_term_string}\"},\"query-input\":{\"@type\":\"PropertyValueSpecification\",\"valueRequired\":true,\"valueName\":\"search_term_string\"}}],\"inLanguage\":\"fr-FR\"},{\"@type\":\"Organization\",\"@id\":\"https:\/\/www.wes.org\/fr\/#organization\",\"name\":\"World Education Services\",\"url\":\"https:\/\/www.wes.org\/fr\/\",\"logo\":{\"@type\":\"ImageObject\",\"inLanguage\":\"fr-FR\",\"@id\":\"https:\/\/www.wes.org\/fr\/#\/schema\/logo\/image\/\",\"url\":\"https:\/\/www.wes.org\/wp-content\/uploads\/2024\/07\/cropped-cropped-WES_Logo_RGB-Primary_Green-Clearspace-e1719869905447.png\",\"contentUrl\":\"https:\/\/www.wes.org\/wp-content\/uploads\/2024\/07\/cropped-cropped-WES_Logo_RGB-Primary_Green-Clearspace-e1719869905447.png\",\"width\":512,\"height\":512,\"caption\":\"World Education Services\"},\"image\":{\"@id\":\"https:\/\/www.wes.org\/fr\/#\/schema\/logo\/image\/\"},\"sameAs\":[\"https:\/\/www.facebook.com\/WorldEducationServices\/\",\"https:\/\/x.com\/WorldEdServices\",\"https:\/\/www.linkedin.com\/company\/worldeducationservices\/\"]}]}<\/script>\n<!-- \/ Yoast SEO Premium plugin. -->","yoast_head_json":{"title":"Instructions \u00e0 l'attention des candidats \u00e0 l'inscription aupr\u00e8s de l\u2019Ordre des infirmi\u00e8res et infirmiers de l\u2019Ontario - WES","robots":{"index":"index","follow":"follow","max-snippet":"max-snippet:-1","max-image-preview":"max-image-preview:large","max-video-preview":"max-video-preview:-1"},"canonical":"https:\/\/www.wes.org\/fr\/instructions-a-lattention-des-candidats-a-linscription-aupres-de-lordre-des-infirmieres-et-infirmiers-de-lontario\/","og_locale":"fr_FR","og_type":"article","og_title":"Instructions \u00e0 l'attention des candidats \u00e0 l'inscription aupr\u00e8s de l\u2019Ordre des infirmi\u00e8res et infirmiers de l\u2019Ontario","og_description":"Pr\u00e9sentation d&rsquo;une demande en ligne aupr\u00e8s de WES\u00a0\u2013 Instructions \u00e0 l&rsquo;attention des candidats \u00e0 l&rsquo;inscription aupr\u00e8s de l\u2019Ordre des infirmi\u00e8res et infirmiers de l\u2019Ontario","og_url":"https:\/\/www.wes.org\/fr\/instructions-a-lattention-des-candidats-a-linscription-aupres-de-lordre-des-infirmieres-et-infirmiers-de-lontario\/","og_site_name":"WES","article_publisher":"https:\/\/www.facebook.com\/WorldEducationServices\/","article_modified_time":"2025-04-23T19:57:12+00:00","og_image":[{"url":"https:\/\/www.wes.org\/wp-content\/uploads\/2025\/04\/CNOEng_PMS_RGB-web.png","type":"","width":"","height":""}],"twitter_card":"summary_large_image","twitter_site":"@WorldEdServices","schema":{"@context":"https:\/\/schema.org","@graph":[{"@type":"WebPage","@id":"https:\/\/www.wes.org\/fr\/instructions-a-lattention-des-candidats-a-linscription-aupres-de-lordre-des-infirmieres-et-infirmiers-de-lontario\/","url":"https:\/\/www.wes.org\/fr\/instructions-a-lattention-des-candidats-a-linscription-aupres-de-lordre-des-infirmieres-et-infirmiers-de-lontario\/","name":"Instructions \u00e0 l'attention des candidats \u00e0 l'inscription aupr\u00e8s de l\u2019Ordre des infirmi\u00e8res et infirmiers de l\u2019Ontario - WES","isPartOf":{"@id":"https:\/\/www.wes.org\/fr\/#website"},"primaryImageOfPage":{"@id":"https:\/\/www.wes.org\/fr\/instructions-a-lattention-des-candidats-a-linscription-aupres-de-lordre-des-infirmieres-et-infirmiers-de-lontario\/#primaryimage"},"image":{"@id":"https:\/\/www.wes.org\/fr\/instructions-a-lattention-des-candidats-a-linscription-aupres-de-lordre-des-infirmieres-et-infirmiers-de-lontario\/#primaryimage"},"thumbnailUrl":"https:\/\/www.wes.org\/wp-content\/uploads\/2025\/04\/CNOEng_PMS_RGB-web.png","datePublished":"2025-04-23T19:57:10+00:00","dateModified":"2025-04-23T19:57:12+00:00","breadcrumb":{"@id":"https:\/\/www.wes.org\/fr\/instructions-a-lattention-des-candidats-a-linscription-aupres-de-lordre-des-infirmieres-et-infirmiers-de-lontario\/#breadcrumb"},"inLanguage":"fr-FR","potentialAction":[{"@type":"ReadAction","target":["https:\/\/www.wes.org\/fr\/instructions-a-lattention-des-candidats-a-linscription-aupres-de-lordre-des-infirmieres-et-infirmiers-de-lontario\/"]}]},{"@type":"ImageObject","inLanguage":"fr-FR","@id":"https:\/\/www.wes.org\/fr\/instructions-a-lattention-des-candidats-a-linscription-aupres-de-lordre-des-infirmieres-et-infirmiers-de-lontario\/#primaryimage","url":"https:\/\/www.wes.org\/wp-content\/uploads\/2025\/04\/CNOEng_PMS_RGB-web.png","contentUrl":"https:\/\/www.wes.org\/wp-content\/uploads\/2025\/04\/CNOEng_PMS_RGB-web.png"},{"@type":"BreadcrumbList","@id":"https:\/\/www.wes.org\/fr\/instructions-a-lattention-des-candidats-a-linscription-aupres-de-lordre-des-infirmieres-et-infirmiers-de-lontario\/#breadcrumb","itemListElement":[{"@type":"ListItem","position":1,"name":"Home","item":"https:\/\/www.wes.org\/fr\/"},{"@type":"ListItem","position":2,"name":"Instructions \u00e0 l&rsquo;attention des candidats \u00e0 l&rsquo;inscription aupr\u00e8s de l\u2019Ordre des infirmi\u00e8res et infirmiers de l\u2019Ontario"}]},{"@type":"WebSite","@id":"https:\/\/www.wes.org\/fr\/#website","url":"https:\/\/www.wes.org\/fr\/","name":"World Education Services","description":"","publisher":{"@id":"https:\/\/www.wes.org\/fr\/#organization"},"potentialAction":[{"@type":"SearchAction","target":{"@type":"EntryPoint","urlTemplate":"https:\/\/www.wes.org\/fr\/?s={search_term_string}"},"query-input":{"@type":"PropertyValueSpecification","valueRequired":true,"valueName":"search_term_string"}}],"inLanguage":"fr-FR"},{"@type":"Organization","@id":"https:\/\/www.wes.org\/fr\/#organization","name":"World Education Services","url":"https:\/\/www.wes.org\/fr\/","logo":{"@type":"ImageObject","inLanguage":"fr-FR","@id":"https:\/\/www.wes.org\/fr\/#\/schema\/logo\/image\/","url":"https:\/\/www.wes.org\/wp-content\/uploads\/2024\/07\/cropped-cropped-WES_Logo_RGB-Primary_Green-Clearspace-e1719869905447.png","contentUrl":"https:\/\/www.wes.org\/wp-content\/uploads\/2024\/07\/cropped-cropped-WES_Logo_RGB-Primary_Green-Clearspace-e1719869905447.png","width":512,"height":512,"caption":"World Education Services"},"image":{"@id":"https:\/\/www.wes.org\/fr\/#\/schema\/logo\/image\/"},"sameAs":["https:\/\/www.facebook.com\/WorldEducationServices\/","https:\/\/x.com\/WorldEdServices","https:\/\/www.linkedin.com\/company\/worldeducationservices\/"]}]}},"wpml_current_locale":"fr_FR","wpml_translations":[{"locale":"en_US","id":49021,"post_title":"Instructions for the Candidates for Registration with the College of Nurses of Ontario","href":"https:\/\/www.wes.org\/instructions-for-the-candidates-for-registration-with-the-college-of-nurses-of-ontario\/"}],"_links":{"self":[{"href":"https:\/\/www.wes.org\/fr\/wp-json\/wp\/v2\/pages\/49338","targetHints":{"allow":["GET"]}}],"collection":[{"href":"https:\/\/www.wes.org\/fr\/wp-json\/wp\/v2\/pages"}],"about":[{"href":"https:\/\/www.wes.org\/fr\/wp-json\/wp\/v2\/types\/page"}],"author":[{"embeddable":true,"href":"https:\/\/www.wes.org\/fr\/wp-json\/wp\/v2\/users\/65"}],"replies":[{"embeddable":true,"href":"https:\/\/www.wes.org\/fr\/wp-json\/wp\/v2\/comments?post=49338"}],"version-history":[{"count":0,"href":"https:\/\/www.wes.org\/fr\/wp-json\/wp\/v2\/pages\/49338\/revisions"}],"wp:attachment":[{"href":"https:\/\/www.wes.org\/fr\/wp-json\/wp\/v2\/media?parent=49338"}],"curies":[{"name":"wp","href":"https:\/\/api.w.org\/{rel}","templated":true}]}}