{"id":49307,"date":"2025-04-21T16:33:44","date_gmt":"2025-04-21T20:33:44","guid":{"rendered":"https:\/\/www.wes.org\/carte-des-programmes-aux-etats-unis-decouvrez-les-initiatives-mondiales-en-faveur-des-immigrants-et-des-refugies\/"},"modified":"2025-04-21T16:33:45","modified_gmt":"2025-04-21T20:33:45","slug":"carte-des-programmes-aux-etats-unis-decouvrez-les-initiatives-mondiales-en-faveur-des-immigrants-et-des-refugies","status":"publish","type":"page","link":"https:\/\/www.wes.org\/fr\/carte-des-programmes-aux-etats-unis-decouvrez-les-initiatives-mondiales-en-faveur-des-immigrants-et-des-refugies\/","title":{"rendered":"Carte des programmes aux \u00c9tats-Unis | D\u00e9couvrez les initiatives mondiales en faveur des immigrants et des r\u00e9fugi\u00e9s"},"content":{"rendered":"\n<h1 class=\"wp-block-heading has-text-align-center\" id=\"h-u-s-program-map\">Carte des programmes aux \u00c9tats-Unis<\/h1>\n\n<p>La carte des programmes aux \u00c9tats-Unis, cr\u00e9\u00e9e et mise \u00e0 jour par WES, r\u00e9pertorie plus de 100\u00a0programmes et services destin\u00e9s \u00e0 favoriser l\u2019avancement \u00e9conomique et professionnel des immigrants et r\u00e9fugi\u00e9s form\u00e9s \u00e0 l\u2019\u00e9tranger aux \u00c9tats-Unis. Les programmes sont ax\u00e9s sur la pr\u00e9paration \u00e0 la carri\u00e8re, l\u2019apprentissage de l\u2019anglais en contexte et l\u2019orientation en mati\u00e8re d\u2019obtention de licences et de certifications. Ils sont propos\u00e9s par divers prestataires de services, notamment des organismes de d\u00e9fense des droits et d\u2019\u00e9ducation publique, ainsi que des prestataires d\u2019assistance technique et de ressources. L\u2019outil\u00a0<a href=\"https:\/\/www.wes.org\/fr\/outil-dacces-aux-donnees-des-etats-unis-des-donnees-sur-la-sous-utilisation-des-competences-des-immigrants-titulaires-dun-diplome-de-lenseignement-superieur-a-l\/\" target=\"_blank\" rel=\"noreferrer noopener\">de donn\u00e9es de la carte<\/a>\u00a0affiche des donn\u00e9es d\u00e9mographiques sur les personnes issues de l\u2019immigration ou r\u00e9fugi\u00e9es titulaires de dipl\u00f4mes universitaires aux \u00c9tats-Unis.<\/p>\n\n<div class=\"wp-block-buttons is-content-justification-center is-layout-flex wp-container-core-buttons-is-layout-a89b3969 wp-block-buttons-is-layout-flex\">\n<div class=\"wp-block-button\"><a class=\"wp-block-button__link wp-element-button\" href=\"https:\/\/www.surveymonkey.com\/r\/TPB7YMX?marketo_6dlv2cl2uo={{marketo_6dlv2cl2uo_value}}&amp;amp;marketo_vpx468hawg={{marketo_vpx468hawg_value}}\" target=\"_blank\" rel=\"noreferrer noopener\">Rejoignez la carte des programmes aux \u00c9tats-Unis<\/a><\/div>\n<\/div>\n\n<h2 class=\"wp-block-heading\">\u00c0 propos de la carte\u00a0:<\/h2>\n\n<p>La carte des programmes aux \u00c9tats-Unis a \u00e9t\u00e9 con\u00e7ue pour mettre en relation et informer les prestataires de services, les fournisseurs d\u2019assistance technique, les chercheurs, les d\u00e9cideurs politiques, les groupes de d\u00e9fense de droits et les bailleurs de fonds. La carte indique les r\u00e9gions o\u00f9 des efforts sont d\u00e9ploy\u00e9s pour ouvrir des voies d\u2019acc\u00e8s \u00e0 l\u2019emploi correspondant aux comp\u00e9tences et \u00e0 l\u2019exp\u00e9rience des immigrants et des r\u00e9fugi\u00e9s ayant fait leurs \u00e9tudes \u00e0 l\u2019\u00e9tranger. Elle met \u00e9galement en \u00e9vidence les opportunit\u00e9s d\u2019engagement local.<\/p>\n\n<p><strong>La carte des programmes aux \u00c9tats-Unis pr\u00e9sente les programmes et services qui r\u00e9pondent aux crit\u00e8res suivants\u00a0:<\/strong><\/p>\n\n<ul class=\"wp-block-list\">\n<li>Ils sont sp\u00e9cifiquement con\u00e7us pour r\u00e9pondre aux besoins des immigrants et des r\u00e9fugi\u00e9s ayant fait leurs \u00e9tudes \u00e0 l\u2019\u00e9tranger et ont publi\u00e9 des ressources visant \u00e0 r\u00e9pondre \u00e0 ces besoins.<\/li>\n\n\n\n<li>Ils ont \u00e9tabli ou sont en train d\u2019\u00e9tablir des partenariats avec des organisations ou des agences qui viennent en aide aux immigrants et aux r\u00e9fugi\u00e9s.<\/li>\n\n\n\n<li>Leur personnel s\u2019engage activement aupr\u00e8s des immigrants et des r\u00e9fugi\u00e9s ayant fait leurs \u00e9tudes \u00e0 l\u2019\u00e9tranger<\/li>\n<\/ul>\n\n<p>Les programmes indiqu\u00e9s sur la carte sont ceux qui ont \u00e9t\u00e9 d\u00e9clar\u00e9s par les \u00e9tablissements eux-m\u00eames et ne sont pas n\u00e9cessairement approuv\u00e9s par WES.<\/p>\n\n<h2 class=\"wp-block-heading\">Vous souhaitez y figurer\u00a0?<\/h2>\n\n<p>Si vous souhaitez que votre programme ou service figure sur cette carte, veuillez r\u00e9pondre \u00e0 ce\u00a0<a href=\"https:\/\/www.surveymonkey.com\/r\/TPB7YMX?marketo_6dlv2cl2uo={{marketo_6dlv2cl2uo_value}}&amp;marketo_vpx468hawg={{marketo_vpx468hawg_value}}\" target=\"_blank\" rel=\"noreferrer noopener\">questionnaire<\/a>\u00a0de 3\u00a0minutes, ce qui nous aidera \u00e0 d\u00e9terminer l\u2019\u00e9ligibilit\u00e9 de votre programme. Veuillez transmettre le lien vers l\u2019enqu\u00eate si vous connaissez une autre organisation qui pourrait \u00eatre int\u00e9ress\u00e9e. <\/p>\n\n\n\n<!-- Note: calc is to calculate the headerHeight + padding that was already there. -->\n\n<section  class=\"sw-block\">\n\n\n<div id=\"viz1623281988564\" class=\"tableauPlaceholder\" style=\"position: relative;\"><noscript><a href='#'><img alt='Programs and Services for Skilled Immigrants and Refugees ' src='https:\/\/public.tableau.com\/static\/images\/Re\/Revised_2021_Mobiledisplay_ProgramMap\/ProgramandServiceMap\/1_rss.png' style='border: none' \/><\/a><\/noscript><object class=\"tableauViz\" style=\"display: none;\" width=\"300\" height=\"150\"><param name=\"host_url\" value=\"https%3A%2F%2Fpublic.tableau.com%2F\" \/> <param name=\"embed_code_version\" value=\"3\" \/> <param name=\"site_root\" value=\"\" \/><param name=\"name\" value=\"Revised_2021_Mobiledisplay_ProgramMap\/ProgramandServiceMap\" \/><param name=\"tabs\" value=\"no\" \/><param name=\"toolbar\" value=\"yes\" \/><param name=\"static_image\" value=\"https:\/\/public.tableau.com\/static\/images\/Re\/Revised_2021_Mobiledisplay_ProgramMap\/ProgramandServiceMap\/1.png\" \/> <param name=\"animate_transition\" value=\"yes\" \/><param name=\"display_static_image\" value=\"yes\" \/><param name=\"display_spinner\" value=\"yes\" \/><param name=\"display_overlay\" value=\"yes\" \/><param name=\"display_count\" value=\"yes\" \/><param name=\"language\" value=\"en-US\" \/><\/object><\/div>\n<script type='text\/javascript'>                    var divElement = document.getElementById('viz1623281988564');                    var vizElement = divElement.getElementsByTagName('object')[0];                    if ( divElement.offsetWidth > 800 ) { vizElement.style.width='100%';vizElement.style.height=(divElement.offsetWidth*0.75)+'px';} else if ( divElement.offsetWidth > 500 ) { vizElement.style.width='100%';vizElement.style.height=(divElement.offsetWidth*0.75)+'px';} else { vizElement.style.width='100%';vizElement.style.height='1227px';}                     var scriptElement = document.createElement('script');                    scriptElement.src = 'https:\/\/public.tableau.com\/javascripts\/api\/viz_v1.js';                    vizElement.parentNode.insertBefore(scriptElement, vizElement);                <\/script>\n\n\n<\/section>","protected":false},"excerpt":{"rendered":"<p>Carte des programmes aux \u00c9tats-Unis La carte des programmes aux \u00c9tats-Unis, cr\u00e9\u00e9e et mise \u00e0 jour par WES, r\u00e9pertorie plus de 100\u00a0programmes et services destin\u00e9s \u00e0 favoriser l\u2019avancement \u00e9conomique et professionnel des immigrants et r\u00e9fugi\u00e9s form\u00e9s \u00e0 l\u2019\u00e9tranger aux \u00c9tats-Unis. Les programmes sont ax\u00e9s sur la pr\u00e9paration \u00e0 la carri\u00e8re, l\u2019apprentissage de l\u2019anglais en contexte [&hellip;]<\/p>\n","protected":false},"author":38,"featured_media":0,"parent":0,"menu_order":0,"comment_status":"closed","ping_status":"closed","template":"","meta":{"_acf_changed":false,"footnotes":""},"class_list":["post-49307","page","type-page","status-publish","hentry"],"better_featured_image":null,"acf":{"intro_more_button_cta_link":"","main_content_item_1_cta_link":"","main_content_item_2_cta_link":"","main_content_item_3_cta_link":"","main_content_item_4_cta_link":"","main_content_item_5_cta_link":"","main_content_item_6_cta_link":"","main_content_item_7_cta_link":"","main_content_item_8_cta_link":"","main_content_item_9_cta_link":"","main_content_item_10_cta_link":"","intro_text_cta_link":"","alert_msg":"default","alert_msg_global":33027},"yoast_head":"<!-- This site is optimized with the Yoast SEO Premium plugin v26.2 (Yoast SEO v27.0) - https:\/\/yoast.com\/product\/yoast-seo-premium-wordpress\/ -->\n<title>Carte des programmes aux \u00c9tats-Unis | D\u00e9couvrez les initiatives mondiales en faveur des immigrants et des r\u00e9fugi\u00e9s - WES<\/title>\n<meta name=\"description\" content=\"D\u00e9couvrez les programmes de WES destin\u00e9s aux immigrants, aux r\u00e9fugi\u00e9s et aux \u00e9tudiants internationaux. Consultez notre carte interactive pour en savoir plus sur les initiatives en faveur de l\u2019inclusion \u00e9conomique et du d\u00e9veloppement des comp\u00e9tences.\" \/>\n<meta name=\"robots\" content=\"index, nofollow, max-snippet:-1, max-image-preview:large, max-video-preview:-1\" \/>\n<link rel=\"canonical\" href=\"https:\/\/www.wes.org\/fr\/carte-des-programmes-aux-etats-unis-decouvrez-les-initiatives-mondiales-en-faveur-des-immigrants-et-des-refugies\/\" \/>\n<meta property=\"og:locale\" content=\"fr_FR\" \/>\n<meta property=\"og:type\" content=\"article\" \/>\n<meta property=\"og:title\" content=\"Carte nationale du programme WES Global Talent Bridge\" \/>\n<meta property=\"og:description\" content=\"Carte interactive pr\u00e9sentant les programmes et services locaux, nationaux et r\u00e9gionaux qui favorisent l\u2019int\u00e9gration des immigrants et des r\u00e9fugi\u00e9s qualifi\u00e9s.\" \/>\n<meta property=\"og:url\" content=\"https:\/\/www.wes.org\/fr\/carte-des-programmes-aux-etats-unis-decouvrez-les-initiatives-mondiales-en-faveur-des-immigrants-et-des-refugies\/\" \/>\n<meta property=\"og:site_name\" content=\"WES\" \/>\n<meta property=\"article:publisher\" content=\"https:\/\/www.facebook.com\/WorldEducationServices\/\" \/>\n<meta property=\"article:modified_time\" content=\"2025-04-21T20:33:45+00:00\" \/>\n<meta property=\"og:image\" content=\"https:\/\/www.wes.org\/wp-content\/uploads\/2021\/06\/Imprint-Program-Map-vFinal.jpg\" \/>\n<meta name=\"twitter:card\" content=\"summary_large_image\" \/>\n<meta name=\"twitter:title\" content=\"Carte nationale du programme WES Global Talent Bridge\" \/>\n<meta name=\"twitter:description\" content=\"Carte interactive pr\u00e9sentant les programmes et services locaux, nationaux et r\u00e9gionaux qui favorisent l\u2019int\u00e9gration des immigrants et des r\u00e9fugi\u00e9s qualifi\u00e9s.\" \/>\n<meta name=\"twitter:image\" content=\"https:\/\/www.wes.org\/wp-content\/uploads\/2021\/06\/Imprint-Program-Map-vFinal.jpg\" \/>\n<meta name=\"twitter:site\" content=\"@WorldEdServices\" \/>\n<meta name=\"twitter:label1\" content=\"Dur\u00e9e de lecture estim\u00e9e\" \/>\n\t<meta name=\"twitter:data1\" content=\"2 minutes\" \/>\n<script type=\"application\/ld+json\" class=\"yoast-schema-graph\">{\"@context\":\"https:\/\/schema.org\",\"@graph\":[{\"@type\":\"WebPage\",\"@id\":\"https:\/\/www.wes.org\/fr\/carte-des-programmes-aux-etats-unis-decouvrez-les-initiatives-mondiales-en-faveur-des-immigrants-et-des-refugies\/\",\"url\":\"https:\/\/www.wes.org\/fr\/carte-des-programmes-aux-etats-unis-decouvrez-les-initiatives-mondiales-en-faveur-des-immigrants-et-des-refugies\/\",\"name\":\"Carte des programmes aux \u00c9tats-Unis | D\u00e9couvrez les initiatives mondiales en faveur des immigrants et des r\u00e9fugi\u00e9s - WES\",\"isPartOf\":{\"@id\":\"https:\/\/www.wes.org\/fr\/#website\"},\"datePublished\":\"2025-04-21T20:33:44+00:00\",\"dateModified\":\"2025-04-21T20:33:45+00:00\",\"description\":\"D\u00e9couvrez les programmes de WES destin\u00e9s aux immigrants, aux r\u00e9fugi\u00e9s et aux \u00e9tudiants internationaux. Consultez notre carte interactive pour en savoir plus sur les initiatives en faveur de l\u2019inclusion \u00e9conomique et du d\u00e9veloppement des comp\u00e9tences.\",\"breadcrumb\":{\"@id\":\"https:\/\/www.wes.org\/fr\/carte-des-programmes-aux-etats-unis-decouvrez-les-initiatives-mondiales-en-faveur-des-immigrants-et-des-refugies\/#breadcrumb\"},\"inLanguage\":\"fr-FR\",\"potentialAction\":[{\"@type\":\"ReadAction\",\"target\":[\"https:\/\/www.wes.org\/fr\/carte-des-programmes-aux-etats-unis-decouvrez-les-initiatives-mondiales-en-faveur-des-immigrants-et-des-refugies\/\"]}]},{\"@type\":\"BreadcrumbList\",\"@id\":\"https:\/\/www.wes.org\/fr\/carte-des-programmes-aux-etats-unis-decouvrez-les-initiatives-mondiales-en-faveur-des-immigrants-et-des-refugies\/#breadcrumb\",\"itemListElement\":[{\"@type\":\"ListItem\",\"position\":1,\"name\":\"Home\",\"item\":\"https:\/\/www.wes.org\/fr\/\"},{\"@type\":\"ListItem\",\"position\":2,\"name\":\"Carte des programmes aux \u00c9tats-Unis | D\u00e9couvrez les initiatives mondiales en faveur des immigrants et des r\u00e9fugi\u00e9s\"}]},{\"@type\":\"WebSite\",\"@id\":\"https:\/\/www.wes.org\/fr\/#website\",\"url\":\"https:\/\/www.wes.org\/fr\/\",\"name\":\"World Education Services\",\"description\":\"\",\"publisher\":{\"@id\":\"https:\/\/www.wes.org\/fr\/#organization\"},\"potentialAction\":[{\"@type\":\"SearchAction\",\"target\":{\"@type\":\"EntryPoint\",\"urlTemplate\":\"https:\/\/www.wes.org\/fr\/?s={search_term_string}\"},\"query-input\":{\"@type\":\"PropertyValueSpecification\",\"valueRequired\":true,\"valueName\":\"search_term_string\"}}],\"inLanguage\":\"fr-FR\"},{\"@type\":\"Organization\",\"@id\":\"https:\/\/www.wes.org\/fr\/#organization\",\"name\":\"World Education Services\",\"url\":\"https:\/\/www.wes.org\/fr\/\",\"logo\":{\"@type\":\"ImageObject\",\"inLanguage\":\"fr-FR\",\"@id\":\"https:\/\/www.wes.org\/fr\/#\/schema\/logo\/image\/\",\"url\":\"https:\/\/www.wes.org\/wp-content\/uploads\/2024\/07\/cropped-cropped-WES_Logo_RGB-Primary_Green-Clearspace-e1719869905447.png\",\"contentUrl\":\"https:\/\/www.wes.org\/wp-content\/uploads\/2024\/07\/cropped-cropped-WES_Logo_RGB-Primary_Green-Clearspace-e1719869905447.png\",\"width\":512,\"height\":512,\"caption\":\"World Education Services\"},\"image\":{\"@id\":\"https:\/\/www.wes.org\/fr\/#\/schema\/logo\/image\/\"},\"sameAs\":[\"https:\/\/www.facebook.com\/WorldEducationServices\/\",\"https:\/\/x.com\/WorldEdServices\",\"https:\/\/www.linkedin.com\/company\/worldeducationservices\/\"]}]}<\/script>\n<!-- \/ Yoast SEO Premium plugin. -->","yoast_head_json":{"title":"Carte des programmes aux \u00c9tats-Unis | D\u00e9couvrez les initiatives mondiales en faveur des immigrants et des r\u00e9fugi\u00e9s - WES","description":"D\u00e9couvrez les programmes de WES destin\u00e9s aux immigrants, aux r\u00e9fugi\u00e9s et aux \u00e9tudiants internationaux. Consultez notre carte interactive pour en savoir plus sur les initiatives en faveur de l\u2019inclusion \u00e9conomique et du d\u00e9veloppement des comp\u00e9tences.","robots":{"index":"index","follow":"nofollow","max-snippet":"max-snippet:-1","max-image-preview":"max-image-preview:large","max-video-preview":"max-video-preview:-1"},"canonical":"https:\/\/www.wes.org\/fr\/carte-des-programmes-aux-etats-unis-decouvrez-les-initiatives-mondiales-en-faveur-des-immigrants-et-des-refugies\/","og_locale":"fr_FR","og_type":"article","og_title":"Carte nationale du programme WES Global Talent Bridge","og_description":"Carte interactive pr\u00e9sentant les programmes et services locaux, nationaux et r\u00e9gionaux qui favorisent l\u2019int\u00e9gration des immigrants et des r\u00e9fugi\u00e9s qualifi\u00e9s.","og_url":"https:\/\/www.wes.org\/fr\/carte-des-programmes-aux-etats-unis-decouvrez-les-initiatives-mondiales-en-faveur-des-immigrants-et-des-refugies\/","og_site_name":"WES","article_publisher":"https:\/\/www.facebook.com\/WorldEducationServices\/","article_modified_time":"2025-04-21T20:33:45+00:00","og_image":[{"url":"https:\/\/www.wes.org\/wp-content\/uploads\/2021\/06\/Imprint-Program-Map-vFinal.jpg","type":"","width":"","height":""}],"twitter_card":"summary_large_image","twitter_title":"Carte nationale du programme WES Global Talent Bridge","twitter_description":"Carte interactive pr\u00e9sentant les programmes et services locaux, nationaux et r\u00e9gionaux qui favorisent l\u2019int\u00e9gration des immigrants et des r\u00e9fugi\u00e9s qualifi\u00e9s.","twitter_image":"https:\/\/www.wes.org\/wp-content\/uploads\/2021\/06\/Imprint-Program-Map-vFinal.jpg","twitter_site":"@WorldEdServices","twitter_misc":{"Dur\u00e9e de lecture estim\u00e9e":"2 minutes"},"schema":{"@context":"https:\/\/schema.org","@graph":[{"@type":"WebPage","@id":"https:\/\/www.wes.org\/fr\/carte-des-programmes-aux-etats-unis-decouvrez-les-initiatives-mondiales-en-faveur-des-immigrants-et-des-refugies\/","url":"https:\/\/www.wes.org\/fr\/carte-des-programmes-aux-etats-unis-decouvrez-les-initiatives-mondiales-en-faveur-des-immigrants-et-des-refugies\/","name":"Carte des programmes aux \u00c9tats-Unis | D\u00e9couvrez les initiatives mondiales en faveur des immigrants et des r\u00e9fugi\u00e9s - WES","isPartOf":{"@id":"https:\/\/www.wes.org\/fr\/#website"},"datePublished":"2025-04-21T20:33:44+00:00","dateModified":"2025-04-21T20:33:45+00:00","description":"D\u00e9couvrez les programmes de WES destin\u00e9s aux immigrants, aux r\u00e9fugi\u00e9s et aux \u00e9tudiants internationaux. Consultez notre carte interactive pour en savoir plus sur les initiatives en faveur de l\u2019inclusion \u00e9conomique et du d\u00e9veloppement des comp\u00e9tences.","breadcrumb":{"@id":"https:\/\/www.wes.org\/fr\/carte-des-programmes-aux-etats-unis-decouvrez-les-initiatives-mondiales-en-faveur-des-immigrants-et-des-refugies\/#breadcrumb"},"inLanguage":"fr-FR","potentialAction":[{"@type":"ReadAction","target":["https:\/\/www.wes.org\/fr\/carte-des-programmes-aux-etats-unis-decouvrez-les-initiatives-mondiales-en-faveur-des-immigrants-et-des-refugies\/"]}]},{"@type":"BreadcrumbList","@id":"https:\/\/www.wes.org\/fr\/carte-des-programmes-aux-etats-unis-decouvrez-les-initiatives-mondiales-en-faveur-des-immigrants-et-des-refugies\/#breadcrumb","itemListElement":[{"@type":"ListItem","position":1,"name":"Home","item":"https:\/\/www.wes.org\/fr\/"},{"@type":"ListItem","position":2,"name":"Carte des programmes aux \u00c9tats-Unis | D\u00e9couvrez les initiatives mondiales en faveur des immigrants et des r\u00e9fugi\u00e9s"}]},{"@type":"WebSite","@id":"https:\/\/www.wes.org\/fr\/#website","url":"https:\/\/www.wes.org\/fr\/","name":"World Education Services","description":"","publisher":{"@id":"https:\/\/www.wes.org\/fr\/#organization"},"potentialAction":[{"@type":"SearchAction","target":{"@type":"EntryPoint","urlTemplate":"https:\/\/www.wes.org\/fr\/?s={search_term_string}"},"query-input":{"@type":"PropertyValueSpecification","valueRequired":true,"valueName":"search_term_string"}}],"inLanguage":"fr-FR"},{"@type":"Organization","@id":"https:\/\/www.wes.org\/fr\/#organization","name":"World Education Services","url":"https:\/\/www.wes.org\/fr\/","logo":{"@type":"ImageObject","inLanguage":"fr-FR","@id":"https:\/\/www.wes.org\/fr\/#\/schema\/logo\/image\/","url":"https:\/\/www.wes.org\/wp-content\/uploads\/2024\/07\/cropped-cropped-WES_Logo_RGB-Primary_Green-Clearspace-e1719869905447.png","contentUrl":"https:\/\/www.wes.org\/wp-content\/uploads\/2024\/07\/cropped-cropped-WES_Logo_RGB-Primary_Green-Clearspace-e1719869905447.png","width":512,"height":512,"caption":"World Education Services"},"image":{"@id":"https:\/\/www.wes.org\/fr\/#\/schema\/logo\/image\/"},"sameAs":["https:\/\/www.facebook.com\/WorldEducationServices\/","https:\/\/x.com\/WorldEdServices","https:\/\/www.linkedin.com\/company\/worldeducationservices\/"]}]}},"wpml_current_locale":"fr_FR","wpml_translations":[{"locale":"en_US","id":31759,"post_title":"US Program Map | Initiatives for Immigrants &amp; Refugees","href":"https:\/\/www.wes.org\/program-map\/"}],"_links":{"self":[{"href":"https:\/\/www.wes.org\/fr\/wp-json\/wp\/v2\/pages\/49307","targetHints":{"allow":["GET"]}}],"collection":[{"href":"https:\/\/www.wes.org\/fr\/wp-json\/wp\/v2\/pages"}],"about":[{"href":"https:\/\/www.wes.org\/fr\/wp-json\/wp\/v2\/types\/page"}],"author":[{"embeddable":true,"href":"https:\/\/www.wes.org\/fr\/wp-json\/wp\/v2\/users\/38"}],"replies":[{"embeddable":true,"href":"https:\/\/www.wes.org\/fr\/wp-json\/wp\/v2\/comments?post=49307"}],"version-history":[{"count":0,"href":"https:\/\/www.wes.org\/fr\/wp-json\/wp\/v2\/pages\/49307\/revisions"}],"wp:attachment":[{"href":"https:\/\/www.wes.org\/fr\/wp-json\/wp\/v2\/media?parent=49307"}],"curies":[{"name":"wp","href":"https:\/\/api.w.org\/{rel}","templated":true}]}}