{"id":49295,"date":"2025-04-21T16:30:31","date_gmt":"2025-04-21T20:30:31","guid":{"rendered":"https:\/\/www.wes.org\/outil-dacces-aux-donnees-des-etats-unis-des-donnees-sur-la-sous-utilisation-des-competences-des-immigrants-titulaires-dun-diplome-de-lenseignement-superieur-a-l\/"},"modified":"2025-05-08T14:00:00","modified_gmt":"2025-05-08T18:00:00","slug":"outil-dacces-aux-donnees-des-etats-unis-des-donnees-sur-la-sous-utilisation-des-competences-des-immigrants-titulaires-dun-diplome-de-lenseignement-superieur-a-l","status":"publish","type":"page","link":"https:\/\/www.wes.org\/fr\/bibliotheque-de-ressources\/outil-dacces-aux-donnees-des-etats-unis-des-donnees-sur-la-sous-utilisation-des-competences-des-immigrants-titulaires-dun-diplome-de-lenseignement-superieur-a-l\/","title":{"rendered":"Outil d\u2019acc\u00e8s aux donn\u00e9es des \u00c9tats-Unis\u00a0: des donn\u00e9es sur la sous-utilisation des comp\u00e9tences des immigrants titulaires d\u2019un dipl\u00f4me de l\u2019enseignement sup\u00e9rieur \u00e0 l\u2019\u00e9chelle nationale et des \u00c9tats."},"content":{"rendered":"\n<div style=\"height:100px\" aria-hidden=\"true\" class=\"wp-block-spacer\"><\/div>\n\n\n\n<section  class=\"sw-block font-sans\">\n    <div class=\"max-w-[1240px] px-5 mx-auto\">\n        <div class=\"text-center max-w-[926px] mx-auto\">\n                            <div class=\"not-prose\">\n                    <h2 class=\"font-display text-black text-[32px] leading-tight md:leading-none md:text-5xl\">Outil d\u2019acc\u00e8s aux donn\u00e9es des \u00c9tats-Unis\u00a0: une ressource interactive pr\u00e9sentant des donn\u00e9es sur la sous-utilisation des comp\u00e9tences des travailleurs immigr\u00e9s, \u00e0 l\u2019\u00e9chelle nationale et des \u00c9tats.<\/h2>\n                <\/div>\n            \n                            <div class=\"font-sans text-black mt-6 md:text-lg md:leading-normal\">\n                    <p>Notre outil interactif d\u2019acc\u00e8s aux donn\u00e9es des \u00c9tats-Unis fournit des donn\u00e9es nationales et r\u00e9gionales sur le sous-emploi et la sous-utilisation des comp\u00e9tences des immigrants dipl\u00f4m\u00e9s de l\u2019enseignement sup\u00e9rieur aux \u00c9tats-Unis. Vous pouvez filtrer les donn\u00e9es par \u00c9tat afin de les comparer.<\/p>\n<p>Pour en savoir plus sur cette ressource, veuillez <strong><a href=\"https:\/\/www.wes.org\/partners\/global-talent-bridge-partners\/engage-with-us\/\">nous contacter<\/a>.<\/strong><\/p>\n                <\/div>\n            \n                    <\/div>\n            <\/div>\n<\/section>\n\n\n\n\n\n\n\n<div style=\"height:100px\" aria-hidden=\"true\" class=\"wp-block-spacer\"><\/div>\n\n\n\n<!-- Note: calc is to calculate the headerHeight + padding that was already there. -->\n\n<section  class=\"sw-block\">\n\n\n\n<div id=\"viz1623689430768\" class=\"tableauPlaceholder\" style=\"position: relative;\"><noscript><a href='#'><img alt='Data Tool ' src='https:\/\/public.tableau.com\/static\/images\/Re\/Revised_2021_Mobiledisplay_MappingImmigrantProfessionalIntegrationPrograms\/DataToolMap\/1_rss.png' style='border: none' \/><\/a><\/noscript><object class=\"tableauViz\" style=\"display: none;\" width=\"300\" height=\"150\"><param name=\"host_url\" value=\"https%3A%2F%2Fpublic.tableau.com%2F\" \/> <param name=\"embed_code_version\" value=\"3\" \/> <param name=\"site_root\" value=\"\" \/><param name=\"name\" value=\"Revised_2021_Mobiledisplay_MappingImmigrantProfessionalIntegrationPrograms\/DataToolMap\" \/><param name=\"tabs\" value=\"no\" \/><param name=\"toolbar\" value=\"yes\" \/><param name=\"static_image\" value=\"https:\/\/public.tableau.com\/static\/images\/Re\/Revised_2021_Mobiledisplay_MappingImmigrantProfessionalIntegrationPrograms\/DataToolMap\/1.png\" \/> <param name=\"animate_transition\" value=\"yes\" \/><param name=\"display_static_image\" value=\"yes\" \/><param name=\"display_spinner\" value=\"yes\" \/><param name=\"display_overlay\" value=\"yes\" \/><param name=\"display_count\" value=\"yes\" \/><param name=\"language\" value=\"en-US\" \/><\/object><\/div>\n<script type='text\/javascript'>                    var divElement = document.getElementById('viz1623689430768');                    var vizElement = divElement.getElementsByTagName('object')[0];                    if ( divElement.offsetWidth > 800 ) { vizElement.style.width='100%';vizElement.style.height=(divElement.offsetWidth*0.75)+'px';} else if ( divElement.offsetWidth > 500 ) { vizElement.style.width='100%';vizElement.style.height=(divElement.offsetWidth*0.75)+'px';} else { vizElement.style.width='100%';vizElement.style.height='1077px';}                     var scriptElement = document.createElement('script');                    scriptElement.src = 'https:\/\/public.tableau.com\/javascripts\/api\/viz_v1.js';                    vizElement.parentNode.insertBefore(scriptElement, vizElement);                <\/script>\n\n\n\n\n<\/section>\n<p><\/p>\n","protected":false},"excerpt":{"rendered":"","protected":false},"author":38,"featured_media":0,"parent":49862,"menu_order":0,"comment_status":"closed","ping_status":"closed","template":"","meta":{"_acf_changed":false,"footnotes":""},"class_list":["post-49295","page","type-page","status-publish","hentry"],"better_featured_image":null,"acf":{"intro_more_button_cta_link":"","main_content_item_1_cta_link":"","main_content_item_2_cta_link":"","main_content_item_3_cta_link":"","main_content_item_4_cta_link":"","main_content_item_5_cta_link":"","main_content_item_6_cta_link":"","main_content_item_7_cta_link":"","main_content_item_8_cta_link":"","main_content_item_9_cta_link":"","main_content_item_10_cta_link":"","intro_text_cta_link":"","alert_msg":"global","alert_msg_global":33027},"yoast_head":"<!-- This site is optimized with the Yoast SEO Premium plugin v26.2 (Yoast SEO v27.0) - https:\/\/yoast.com\/product\/yoast-seo-premium-wordpress\/ -->\n<title>Outil d\u2019acc\u00e8s aux donn\u00e9es des \u00c9tats-Unis\u00a0: des donn\u00e9es sur la sous-utilisation des comp\u00e9tences des immigrants titulaires d\u2019un dipl\u00f4me de l\u2019enseignement sup\u00e9rieur \u00e0 l\u2019\u00e9chelle nationale et des \u00c9tats. - WES<\/title>\n<meta name=\"robots\" content=\"index, nofollow, max-snippet:-1, max-image-preview:large, max-video-preview:-1\" \/>\n<link rel=\"canonical\" href=\"https:\/\/www.wes.org\/fr\/bibliotheque-de-ressources\/outil-dacces-aux-donnees-des-etats-unis-des-donnees-sur-la-sous-utilisation-des-competences-des-immigrants-titulaires-dun-diplome-de-lenseignement-superieur-a-l\/\" \/>\n<meta property=\"og:locale\" content=\"fr_FR\" \/>\n<meta property=\"og:type\" content=\"article\" \/>\n<meta property=\"og:title\" content=\"Outil d\u2019acc\u00e8s aux donn\u00e9es des \u00c9tats-Unis\u00a0: une ressource interactive pr\u00e9sentant des donn\u00e9es sur la sous-utilisation des comp\u00e9tences des travailleurs immigr\u00e9s, \u00e0 l\u2019\u00e9chelle nationale et des \u00c9tats.\" \/>\n<meta property=\"og:url\" content=\"https:\/\/www.wes.org\/fr\/bibliotheque-de-ressources\/outil-dacces-aux-donnees-des-etats-unis-des-donnees-sur-la-sous-utilisation-des-competences-des-immigrants-titulaires-dun-diplome-de-lenseignement-superieur-a-l\/\" \/>\n<meta property=\"og:site_name\" content=\"WES\" \/>\n<meta property=\"article:publisher\" content=\"https:\/\/www.facebook.com\/WorldEducationServices\/\" \/>\n<meta property=\"article:modified_time\" content=\"2025-05-08T18:00:00+00:00\" \/>\n<meta property=\"og:image\" content=\"https:\/\/www.wes.org\/wp-content\/uploads\/2021\/06\/IMPRINT-Data-Policy-Map-final.jpg\" \/>\n<meta name=\"twitter:card\" content=\"summary_large_image\" \/>\n<meta name=\"twitter:title\" content=\"Outil d\u2019acc\u00e8s aux donn\u00e9es des \u00c9tats-Unis\u00a0: une ressource interactive pr\u00e9sentant des donn\u00e9es sur la sous-utilisation des comp\u00e9tences des travailleurs immigr\u00e9s, \u00e0 l\u2019\u00e9chelle nationale et des \u00c9tats.\" \/>\n<meta name=\"twitter:image\" content=\"https:\/\/www.wes.org\/wp-content\/uploads\/2021\/06\/IMPRINT-Data-Policy-Map-final.jpg\" \/>\n<meta name=\"twitter:site\" content=\"@WorldEdServices\" \/>\n<script type=\"application\/ld+json\" class=\"yoast-schema-graph\">{\"@context\":\"https:\/\/schema.org\",\"@graph\":[{\"@type\":\"WebPage\",\"@id\":\"https:\/\/www.wes.org\/fr\/bibliotheque-de-ressources\/outil-dacces-aux-donnees-des-etats-unis-des-donnees-sur-la-sous-utilisation-des-competences-des-immigrants-titulaires-dun-diplome-de-lenseignement-superieur-a-l\/\",\"url\":\"https:\/\/www.wes.org\/fr\/bibliotheque-de-ressources\/outil-dacces-aux-donnees-des-etats-unis-des-donnees-sur-la-sous-utilisation-des-competences-des-immigrants-titulaires-dun-diplome-de-lenseignement-superieur-a-l\/\",\"name\":\"Outil d\u2019acc\u00e8s aux donn\u00e9es des \u00c9tats-Unis\u00a0: des donn\u00e9es sur la sous-utilisation des comp\u00e9tences des immigrants titulaires d\u2019un dipl\u00f4me de l\u2019enseignement sup\u00e9rieur \u00e0 l\u2019\u00e9chelle nationale et des \u00c9tats. - WES\",\"isPartOf\":{\"@id\":\"https:\/\/www.wes.org\/fr\/#website\"},\"datePublished\":\"2025-04-21T20:30:31+00:00\",\"dateModified\":\"2025-05-08T18:00:00+00:00\",\"breadcrumb\":{\"@id\":\"https:\/\/www.wes.org\/fr\/bibliotheque-de-ressources\/outil-dacces-aux-donnees-des-etats-unis-des-donnees-sur-la-sous-utilisation-des-competences-des-immigrants-titulaires-dun-diplome-de-lenseignement-superieur-a-l\/#breadcrumb\"},\"inLanguage\":\"fr-FR\",\"potentialAction\":[{\"@type\":\"ReadAction\",\"target\":[\"https:\/\/www.wes.org\/fr\/bibliotheque-de-ressources\/outil-dacces-aux-donnees-des-etats-unis-des-donnees-sur-la-sous-utilisation-des-competences-des-immigrants-titulaires-dun-diplome-de-lenseignement-superieur-a-l\/\"]}]},{\"@type\":\"BreadcrumbList\",\"@id\":\"https:\/\/www.wes.org\/fr\/bibliotheque-de-ressources\/outil-dacces-aux-donnees-des-etats-unis-des-donnees-sur-la-sous-utilisation-des-competences-des-immigrants-titulaires-dun-diplome-de-lenseignement-superieur-a-l\/#breadcrumb\",\"itemListElement\":[{\"@type\":\"ListItem\",\"position\":1,\"name\":\"Home\",\"item\":\"https:\/\/www.wes.org\/fr\/\"},{\"@type\":\"ListItem\",\"position\":2,\"name\":\"Biblioth\u00e8que de ressources\",\"item\":\"https:\/\/www.wes.org\/fr\/bibliotheque-de-ressources\/\"},{\"@type\":\"ListItem\",\"position\":3,\"name\":\"Outil d\u2019acc\u00e8s aux donn\u00e9es des \u00c9tats-Unis\u00a0: des donn\u00e9es sur la sous-utilisation des comp\u00e9tences des immigrants titulaires d\u2019un dipl\u00f4me de l\u2019enseignement sup\u00e9rieur \u00e0 l\u2019\u00e9chelle nationale et des \u00c9tats.\"}]},{\"@type\":\"WebSite\",\"@id\":\"https:\/\/www.wes.org\/fr\/#website\",\"url\":\"https:\/\/www.wes.org\/fr\/\",\"name\":\"World Education Services\",\"description\":\"\",\"publisher\":{\"@id\":\"https:\/\/www.wes.org\/fr\/#organization\"},\"potentialAction\":[{\"@type\":\"SearchAction\",\"target\":{\"@type\":\"EntryPoint\",\"urlTemplate\":\"https:\/\/www.wes.org\/fr\/?s={search_term_string}\"},\"query-input\":{\"@type\":\"PropertyValueSpecification\",\"valueRequired\":true,\"valueName\":\"search_term_string\"}}],\"inLanguage\":\"fr-FR\"},{\"@type\":\"Organization\",\"@id\":\"https:\/\/www.wes.org\/fr\/#organization\",\"name\":\"World Education Services\",\"url\":\"https:\/\/www.wes.org\/fr\/\",\"logo\":{\"@type\":\"ImageObject\",\"inLanguage\":\"fr-FR\",\"@id\":\"https:\/\/www.wes.org\/fr\/#\/schema\/logo\/image\/\",\"url\":\"https:\/\/www.wes.org\/wp-content\/uploads\/2024\/07\/cropped-cropped-WES_Logo_RGB-Primary_Green-Clearspace-e1719869905447.png\",\"contentUrl\":\"https:\/\/www.wes.org\/wp-content\/uploads\/2024\/07\/cropped-cropped-WES_Logo_RGB-Primary_Green-Clearspace-e1719869905447.png\",\"width\":512,\"height\":512,\"caption\":\"World Education Services\"},\"image\":{\"@id\":\"https:\/\/www.wes.org\/fr\/#\/schema\/logo\/image\/\"},\"sameAs\":[\"https:\/\/www.facebook.com\/WorldEducationServices\/\",\"https:\/\/x.com\/WorldEdServices\",\"https:\/\/www.linkedin.com\/company\/worldeducationservices\/\"]}]}<\/script>\n<!-- \/ Yoast SEO Premium plugin. -->","yoast_head_json":{"title":"Outil d\u2019acc\u00e8s aux donn\u00e9es des \u00c9tats-Unis\u00a0: des donn\u00e9es sur la sous-utilisation des comp\u00e9tences des immigrants titulaires d\u2019un dipl\u00f4me de l\u2019enseignement sup\u00e9rieur \u00e0 l\u2019\u00e9chelle nationale et des \u00c9tats. - WES","robots":{"index":"index","follow":"nofollow","max-snippet":"max-snippet:-1","max-image-preview":"max-image-preview:large","max-video-preview":"max-video-preview:-1"},"canonical":"https:\/\/www.wes.org\/fr\/bibliotheque-de-ressources\/outil-dacces-aux-donnees-des-etats-unis-des-donnees-sur-la-sous-utilisation-des-competences-des-immigrants-titulaires-dun-diplome-de-lenseignement-superieur-a-l\/","og_locale":"fr_FR","og_type":"article","og_title":"Outil d\u2019acc\u00e8s aux donn\u00e9es des \u00c9tats-Unis\u00a0: une ressource interactive pr\u00e9sentant des donn\u00e9es sur la sous-utilisation des comp\u00e9tences des travailleurs immigr\u00e9s, \u00e0 l\u2019\u00e9chelle nationale et des \u00c9tats.","og_url":"https:\/\/www.wes.org\/fr\/bibliotheque-de-ressources\/outil-dacces-aux-donnees-des-etats-unis-des-donnees-sur-la-sous-utilisation-des-competences-des-immigrants-titulaires-dun-diplome-de-lenseignement-superieur-a-l\/","og_site_name":"WES","article_publisher":"https:\/\/www.facebook.com\/WorldEducationServices\/","article_modified_time":"2025-05-08T18:00:00+00:00","og_image":[{"url":"https:\/\/www.wes.org\/wp-content\/uploads\/2021\/06\/IMPRINT-Data-Policy-Map-final.jpg","type":"","width":"","height":""}],"twitter_card":"summary_large_image","twitter_title":"Outil d\u2019acc\u00e8s aux donn\u00e9es des \u00c9tats-Unis\u00a0: une ressource interactive pr\u00e9sentant des donn\u00e9es sur la sous-utilisation des comp\u00e9tences des travailleurs immigr\u00e9s, \u00e0 l\u2019\u00e9chelle nationale et des \u00c9tats.","twitter_image":"https:\/\/www.wes.org\/wp-content\/uploads\/2021\/06\/IMPRINT-Data-Policy-Map-final.jpg","twitter_site":"@WorldEdServices","schema":{"@context":"https:\/\/schema.org","@graph":[{"@type":"WebPage","@id":"https:\/\/www.wes.org\/fr\/bibliotheque-de-ressources\/outil-dacces-aux-donnees-des-etats-unis-des-donnees-sur-la-sous-utilisation-des-competences-des-immigrants-titulaires-dun-diplome-de-lenseignement-superieur-a-l\/","url":"https:\/\/www.wes.org\/fr\/bibliotheque-de-ressources\/outil-dacces-aux-donnees-des-etats-unis-des-donnees-sur-la-sous-utilisation-des-competences-des-immigrants-titulaires-dun-diplome-de-lenseignement-superieur-a-l\/","name":"Outil d\u2019acc\u00e8s aux donn\u00e9es des \u00c9tats-Unis\u00a0: des donn\u00e9es sur la sous-utilisation des comp\u00e9tences des immigrants titulaires d\u2019un dipl\u00f4me de l\u2019enseignement sup\u00e9rieur \u00e0 l\u2019\u00e9chelle nationale et des \u00c9tats. - WES","isPartOf":{"@id":"https:\/\/www.wes.org\/fr\/#website"},"datePublished":"2025-04-21T20:30:31+00:00","dateModified":"2025-05-08T18:00:00+00:00","breadcrumb":{"@id":"https:\/\/www.wes.org\/fr\/bibliotheque-de-ressources\/outil-dacces-aux-donnees-des-etats-unis-des-donnees-sur-la-sous-utilisation-des-competences-des-immigrants-titulaires-dun-diplome-de-lenseignement-superieur-a-l\/#breadcrumb"},"inLanguage":"fr-FR","potentialAction":[{"@type":"ReadAction","target":["https:\/\/www.wes.org\/fr\/bibliotheque-de-ressources\/outil-dacces-aux-donnees-des-etats-unis-des-donnees-sur-la-sous-utilisation-des-competences-des-immigrants-titulaires-dun-diplome-de-lenseignement-superieur-a-l\/"]}]},{"@type":"BreadcrumbList","@id":"https:\/\/www.wes.org\/fr\/bibliotheque-de-ressources\/outil-dacces-aux-donnees-des-etats-unis-des-donnees-sur-la-sous-utilisation-des-competences-des-immigrants-titulaires-dun-diplome-de-lenseignement-superieur-a-l\/#breadcrumb","itemListElement":[{"@type":"ListItem","position":1,"name":"Home","item":"https:\/\/www.wes.org\/fr\/"},{"@type":"ListItem","position":2,"name":"Biblioth\u00e8que de ressources","item":"https:\/\/www.wes.org\/fr\/bibliotheque-de-ressources\/"},{"@type":"ListItem","position":3,"name":"Outil d\u2019acc\u00e8s aux donn\u00e9es des \u00c9tats-Unis\u00a0: des donn\u00e9es sur la sous-utilisation des comp\u00e9tences des immigrants titulaires d\u2019un dipl\u00f4me de l\u2019enseignement sup\u00e9rieur \u00e0 l\u2019\u00e9chelle nationale et des \u00c9tats."}]},{"@type":"WebSite","@id":"https:\/\/www.wes.org\/fr\/#website","url":"https:\/\/www.wes.org\/fr\/","name":"World Education Services","description":"","publisher":{"@id":"https:\/\/www.wes.org\/fr\/#organization"},"potentialAction":[{"@type":"SearchAction","target":{"@type":"EntryPoint","urlTemplate":"https:\/\/www.wes.org\/fr\/?s={search_term_string}"},"query-input":{"@type":"PropertyValueSpecification","valueRequired":true,"valueName":"search_term_string"}}],"inLanguage":"fr-FR"},{"@type":"Organization","@id":"https:\/\/www.wes.org\/fr\/#organization","name":"World Education Services","url":"https:\/\/www.wes.org\/fr\/","logo":{"@type":"ImageObject","inLanguage":"fr-FR","@id":"https:\/\/www.wes.org\/fr\/#\/schema\/logo\/image\/","url":"https:\/\/www.wes.org\/wp-content\/uploads\/2024\/07\/cropped-cropped-WES_Logo_RGB-Primary_Green-Clearspace-e1719869905447.png","contentUrl":"https:\/\/www.wes.org\/wp-content\/uploads\/2024\/07\/cropped-cropped-WES_Logo_RGB-Primary_Green-Clearspace-e1719869905447.png","width":512,"height":512,"caption":"World Education Services"},"image":{"@id":"https:\/\/www.wes.org\/fr\/#\/schema\/logo\/image\/"},"sameAs":["https:\/\/www.facebook.com\/WorldEducationServices\/","https:\/\/x.com\/WorldEdServices","https:\/\/www.linkedin.com\/company\/worldeducationservices\/"]}]}},"wpml_current_locale":"fr_FR","wpml_translations":[{"locale":"en_US","id":31809,"post_title":"U.S. Data Tool: National- and state-level data on skill underutilization of college-educated immigrants","href":"https:\/\/www.wes.org\/u-s-data-tool-interactive-resource-featuring-national-and-state-level-workforce-data-on-immigrant-skill-underutilization\/"}],"_links":{"self":[{"href":"https:\/\/www.wes.org\/fr\/wp-json\/wp\/v2\/pages\/49295","targetHints":{"allow":["GET"]}}],"collection":[{"href":"https:\/\/www.wes.org\/fr\/wp-json\/wp\/v2\/pages"}],"about":[{"href":"https:\/\/www.wes.org\/fr\/wp-json\/wp\/v2\/types\/page"}],"author":[{"embeddable":true,"href":"https:\/\/www.wes.org\/fr\/wp-json\/wp\/v2\/users\/38"}],"replies":[{"embeddable":true,"href":"https:\/\/www.wes.org\/fr\/wp-json\/wp\/v2\/comments?post=49295"}],"version-history":[{"count":0,"href":"https:\/\/www.wes.org\/fr\/wp-json\/wp\/v2\/pages\/49295\/revisions"}],"up":[{"embeddable":true,"href":"https:\/\/www.wes.org\/fr\/wp-json\/wp\/v2\/pages\/49862"}],"wp:attachment":[{"href":"https:\/\/www.wes.org\/fr\/wp-json\/wp\/v2\/media?parent=49295"}],"curies":[{"name":"wp","href":"https:\/\/api.w.org\/{rel}","templated":true}]}}