{"id":49268,"date":"2025-04-21T11:47:31","date_gmt":"2025-04-21T15:47:31","guid":{"rendered":"https:\/\/www.wes.org\/impact-social\/politique-publique\/"},"modified":"2025-05-19T14:25:15","modified_gmt":"2025-05-19T18:25:15","slug":"politique-publique","status":"publish","type":"page","link":"https:\/\/www.wes.org\/fr\/impact-social\/politique-publique\/","title":{"rendered":"Politique publique"},"content":{"rendered":"\n\n\n<section  class=\"sw-block alignfull lg:min-h-[620px] sm:overflow-hidden font-sans\">\n  <div>\n    <div class=\"md:flex md:items-center\">\n\n      <!-- Text Column -->\n      <div class=\"px-10 md:w-2\/5 md:order-last hero-text-right\">\n        <div>\n                      <div class=\"not-prose mt-10 md:mt-0\">\n              <h1 class=\"font-display text-black text-5xl leading-none xl:text-[68px] xl:leading-none\">Politique publique<\/h1>\n            <\/div>\n          \n                      <div class=\"text-black text-lg mt-3 xl:mt-9 xl:text-[26px] xl:leading-snug xl:font-light\">\n              <p>Une politique publique de qualit\u00e9 constitue le socle de communaut\u00e9s prosp\u00e8res et r\u00e9silientes. Au Canada et aux \u00c9tats-Unis, WES collabore avec de nombreux partenaires afin d\u2019\u00e9laborer et de promouvoir des politiques qui permettent aux personnes issues de l\u2019immigration, aux r\u00e9fugi\u00e9s et aux \u00e9tudiants internationaux de contribuer pleinement aux communaut\u00e9s dans lesquelles ils vivent.<\/p>\n<p>Veuillez poursuivre votre lecture pour en savoir plus sur notre travail en mati\u00e8re de politiques et nos recommandations.<\/p>\n            <\/div>\n          \n          <!-- CTA Button -->\n                  <\/div>\n      <\/div>\n\n      <!-- Image Column -->\n              <div class=\"relative md:w-3\/5 h-[336px] md:h-[620px] not-prose md:order-first\">\n          <img loading=\"lazy\" decoding=\"async\" width=\"2560\" height=\"1707\" src=\"https:\/\/www.wes.org\/wp-content\/uploads\/2024\/07\/iStock-932357700-1-scaled.jpg\" class=\"h-full w-full object-cover\" alt=\"U.S. Senate Russell Office Building Rotunda in Washington DC\" srcset=\"https:\/\/www.wes.org\/wp-content\/uploads\/2024\/07\/iStock-932357700-1-scaled.jpg 2560w, https:\/\/www.wes.org\/wp-content\/uploads\/2024\/07\/iStock-932357700-1-300x200.jpg 300w, https:\/\/www.wes.org\/wp-content\/uploads\/2024\/07\/iStock-932357700-1-1024x683.jpg 1024w, https:\/\/www.wes.org\/wp-content\/uploads\/2024\/07\/iStock-932357700-1-768x512.jpg 768w, https:\/\/www.wes.org\/wp-content\/uploads\/2024\/07\/iStock-932357700-1-1536x1024.jpg 1536w, https:\/\/www.wes.org\/wp-content\/uploads\/2024\/07\/iStock-932357700-1-2048x1366.jpg 2048w, https:\/\/www.wes.org\/wp-content\/uploads\/2024\/07\/iStock-932357700-1-541x362.jpg 541w\" sizes=\"auto, (max-width: 2560px) 100vw, 2560px\" \/>\n          <div class=\"block md:hidden absolute top-0 left-0 right-0 w-full h-[72px] text-wes-green\">\n            <svg xmlns=\"http:\/\/www.w3.org\/2000\/svg\" viewBox=\"0 0 391 72.11\">\n              <path fill=\"#fff\" d=\"M391 0S219.5 113.21 0 26.22V0h391Z\"\/>\n              <path fill=\"currentColor\" d=\"M391 0v23.74s-179 104-391 7v-4.52C219.5 113.21 391 0 391 0Z\"\/>\n            <\/svg>\n          <\/div>\n\n                      <!-- If text on right -->\n            <div class=\"hidden md:block absolute top-0 bottom-0 right-0 w-[189px] h-full text-wes-green\">\n              <svg class=\"h-full\" xmlns=\"http:\/\/www.w3.org\/2000\/svg\" viewBox=\"0 0 189.08 575\">\n                <path fill=\"#fff\" d=\"M189.08 0v575H61.18c-10.21-25.79-18.63-50.61-25.43-74.49C11.59 430.49 1.08 367.99.08 312.56v-17.09C2.68 146.48 74.56 51.05 128.9 0h60.18Z\"\/>\n                <path fill=\"none\" d=\"M.08 295.47v17.09c-.1-5.78-.11-11.47 0-17.09Z\"\/>\n                <path class=\"fill-seafoam\" d=\"M189.08 0v.18c-2.87 1.85-6.46 4.25-10.63 7.21-58.08 41.37-228.37 192.28-142.7 493.12C11.59 430.49 1.08 367.99.08 312.56v-17.09C2.68 146.48 74.56 51.05 128.9 0h60.18Z\"\/>\n                <path fill=\"#fff\" d=\"M189.08.18V575H61.18c-10.21-25.79-18.63-50.61-25.43-74.49-85.67-300.84 84.62-451.75 142.7-493.12 4.17-2.96 7.76-5.36 10.63-7.21Z\"\/>\n              <\/svg>\n            <\/div>\n                  <\/div>\n      \n    <\/div>\n  <\/div>\n<\/section>\n\n\n\n<div style=\"height:100px\" aria-hidden=\"true\" class=\"wp-block-spacer\"><\/div>\n\n\n\n<div class=\"wp-block-buttons is-content-justification-center is-layout-flex wp-container-core-buttons-is-layout-a89b3969 wp-block-buttons-is-layout-flex\">\n<div class=\"wp-block-button\"><a class=\"wp-block-button__link wp-element-button\" href=\"https:\/\/www.wes.org\/fr\/impact-social\/politique-publique\/politique-publique-aux-etats-unis\/\">Politique publique aux \u00c9tats-Unis<\/a><\/div>\n\n\n\n<div class=\"wp-block-button\"><a class=\"wp-block-button__link wp-element-button\" href=\"https:\/\/www.wes.org\/fr\/impact-social\/politique-publique\/politique-publique-au-canada\/\">Politique publique au Canada<\/a><\/div>\n<\/div>\n\n\n\n<div style=\"height:100px\" aria-hidden=\"true\" class=\"wp-block-spacer\"><\/div>\n\n\n\n\n\n<section  class=\"sw-block not-prose\">\n  \n<div class=\"mx-auto max-w-[1200px] px-5\">\n    <div class=\"text-center max-w-[926px] mx-auto\">\n                    <h2 class=\"font-display text-black text-[32px] leading-tight md:leading-none md:text-5xl\">Id\u00e9es et impact<\/h2>\n        \n                    <p class=\"font-sans text-black mt-6 md:text-lg md:leading-normal\">Afin de contribuer \u00e0 ce changement, nous collaborons avec des organisations, des institutions, des r\u00e9seaux et des gouvernements afin d\u2019\u00e9laborer des programmes, des politiques, des actions de sensibilisation, des travaux de recherches et de permettre l\u2019octroi de subventions au profit des immigrants, des r\u00e9fugi\u00e9s, des \u00e9tudiants internationaux et des communaut\u00e9s qui les accueillent.<\/p>\n        \n                    <a class=\"font-sans inline-block text-sm text-cobalt underline md:mt-6\" href=\"https:\/\/www.wes.org\/fr\/bibliotheque-de-ressources\/\" target=\"_self\">Voir plus de ressources<\/a>\n            <\/div>\n\n                    <div class=\"mt-16 md:mt-14\">\n            \n\n\n\n    <div class=\"not-prose grid sm:grid-cols-2 md:grid-cols-3 lg:grid-cols-4 gap-[20px] sm:gap-[24px]  max-w-[268px] sm:max-w-[1144px] mx-auto\">\n\n    \n                    <article class=\"post-card group relative bg-white flex flex-col rounded-[20px] overflow-hidden transition-all duration-300\"\n            role=\"link\"\n            tabindex=\"0\"\n            onclick=\"window.location='https:\/\/www.wes.org\/fr\/resource-library\/blog\/des-communautes-accueillantes-en-action\/comment-les-initiatives-au-niveau-des-etats-et-des-collectivites-locales-montrent-la-voie-en-matiere-de-collecte-de-donnees-pour-mieux-servir-les-immigrants-et-les-refugies\/'\"\n            onkeydown=\"if (event.key === 'Enter' || event.key === ' ') { event.preventDefault(); window.location='https:\/\/www.wes.org\/fr\/resource-library\/blog\/des-communautes-accueillantes-en-action\/comment-les-initiatives-au-niveau-des-etats-et-des-collectivites-locales-montrent-la-voie-en-matiere-de-collecte-de-donnees-pour-mieux-servir-les-immigrants-et-les-refugies\/'; }\"\n        >\n            \n                            <a class=\"block relative\"  tabindex=\"-1\" href=\"https:\/\/www.wes.org\/fr\/resource-library\/blog\/des-communautes-accueillantes-en-action\/comment-les-initiatives-au-niveau-des-etats-et-des-collectivites-locales-montrent-la-voie-en-matiere-de-collecte-de-donnees-pour-mieux-servir-les-immigrants-et-les-refugies\/\" title=\"Comment les initiatives au niveau des \u00c9tats et des collectivit\u00e9s locales montrent la voie en mati\u00e8re de collecte de donn\u00e9es pour mieux servir les immigrants et les r\u00e9fugi\u00e9s\">\n                    <span class=\"block aspect-[1.87\/1] *:object-cover *:w-full *:h-full *:bg-medium-gray\">\n                        <img loading=\"lazy\" decoding=\"async\" width=\"1024\" height=\"669\" src=\"https:\/\/www.wes.org\/wp-content\/uploads\/2024\/10\/iStock-1353407359-1-1024x669.jpg\" class=\"attachment-large size-large wp-post-image\" alt=\"\" srcset=\"https:\/\/www.wes.org\/wp-content\/uploads\/2024\/10\/iStock-1353407359-1-1024x669.jpg 1024w, https:\/\/www.wes.org\/wp-content\/uploads\/2024\/10\/iStock-1353407359-1-300x196.jpg 300w, https:\/\/www.wes.org\/wp-content\/uploads\/2024\/10\/iStock-1353407359-1-768x502.jpg 768w, https:\/\/www.wes.org\/wp-content\/uploads\/2024\/10\/iStock-1353407359-1-1536x1003.jpg 1536w, https:\/\/www.wes.org\/wp-content\/uploads\/2024\/10\/iStock-1353407359-1-2048x1338.jpg 2048w\" sizes=\"auto, (max-width: 1024px) 100vw, 1024px\" \/>                    <\/span>\n\n                                            <div class=\"absolute top-0 left-0 h-full w-full bg-transparent transition-all duration-500\"><\/div>\n                                    <\/a>\n            \n            <div class=\"pt-[12px] px-6 pb-6 relative flex flex-col grow bg-transparent transition-all duration-500\">\n                \n                                   <span class=\"tbi-block block text-[11px] leading-4 font-sans capitalize font-semibold text-gray *:hover:text-wes-green *:transition-all\">\n                    <a tabindex=\"-1\" href=\"https:\/\/www.wes.org\/fr\/blog\/des-communautes-accueillantes-en-action\/\">Des communaut\u00e9s accueillantes en action<\/a>                <\/span>\n                \n                <h2 class=\"card-b2 mt-1 mb-4 text-lg md:text-xl text-black font-sans font-normal\">\n\n                    <a \n                        class=\"\n                            text-black line-clamp-4\n                            \n                            hover:text-wes-green focus:text-wes-green transition-all duration-500\n                        \"\n                        tabindex=\"-1\"\n                    \n                        title=\"Comment les initiatives au niveau des \u00c9tats et des collectivit\u00e9s locales montrent la voie en mati\u00e8re de collecte de donn\u00e9es pour mieux servir les immigrants et les r\u00e9fugi\u00e9s\"\n                        \n                        href=\"https:\/\/www.wes.org\/fr\/resource-library\/blog\/des-communautes-accueillantes-en-action\/comment-les-initiatives-au-niveau-des-etats-et-des-collectivites-locales-montrent-la-voie-en-matiere-de-collecte-de-donnees-pour-mieux-servir-les-immigrants-et-les-refugies\/\"\n                    >\n                        Comment les initiatives au niveau des \u00c9tats et des collectivit\u00e9s locales montrent la voie en mati\u00e8re de collecte de donn\u00e9es pour mieux servir les immigrants et les r\u00e9fugi\u00e9s                    <\/a>\n                <\/h2>\n\n                \n                \n                    <p class=\"text-[11px] text-black font-sans\">\n                        <span class=\"*:hover:text-wes-green *:transition-all\">\n                            <a href=\"https:\/\/www.wes.org\/fr\/resource-library\/blog\/author\/mlandfield\/\">WES<\/a>                        <\/span>\n                        \n                        \n                        <span class=\"inline-block px-1.5\">|<\/span>\n                        \n                        <time>mai 22, 2025<\/time><\/p>\n\n                \n                                    <!-- <p class=\"absolute top-full left-0 m-6 line-clamp-4 text-black text-sm md:text-base font-sans leading-[23px] font-normal\">\n                        \n                        En avril 2024, le minist\u00e8re du Travail des \u00c9tats-Unis a publi\u00e9 le rapport final \u00ab\u00a0Bridging the Gap for New Americans\u00a0\u00bb (favoriser l\u2019int\u00e9gration des nouveaux Am\u00e9ricains), qui analyse les obstacles \u00e0 l\u2019inclusion \u00e9conomique ainsi que les strat\u00e9gies pour les surmonter. Dans son analyse des ressources actuellement disponibles, le rapport souligne le besoin de disposer de donn\u00e9es [&hellip;]                    \n                    <\/p> -->\n\n                    <!-- New solution -->\n                    <!-- <div class=\"relative h-0 overflow-visible\">\n\n                        <p class=\"mt-6 translate-y-full group-hover:translate-y-0 transition-all line-clamp-4 text-black text-sm md:text-base font-sans leading-[23px] font-normal\">\n                            \n                            En avril 2024, le minist\u00e8re du Travail des \u00c9tats-Unis a publi\u00e9 le rapport final \u00ab\u00a0Bridging the Gap for New Americans\u00a0\u00bb (favoriser l\u2019int\u00e9gration des nouveaux Am\u00e9ricains), qui analyse les obstacles \u00e0 l\u2019inclusion \u00e9conomique ainsi que les strat\u00e9gies pour les surmonter. Dans son analyse des ressources actuellement disponibles, le rapport souligne le besoin de disposer de donn\u00e9es [&hellip;]                        \n                        <\/p>\n                    <\/div> -->\n                                \n            <\/div>\n\n\n        <\/article>\n\n            <\/div>\n\n        <\/div>\n    <\/div><\/section>\n","protected":false},"excerpt":{"rendered":"","protected":false},"author":1090,"featured_media":0,"parent":43799,"menu_order":0,"comment_status":"closed","ping_status":"closed","template":"","meta":{"_acf_changed":false,"footnotes":""},"class_list":["post-49268","page","type-page","status-publish","hentry"],"better_featured_image":null,"acf":{"alert_msg":"default"},"yoast_head":"<!-- This site is optimized with the Yoast SEO Premium plugin v26.2 (Yoast SEO v27.0) - https:\/\/yoast.com\/product\/yoast-seo-premium-wordpress\/ -->\n<title>Politique publique - WES<\/title>\n<meta name=\"robots\" content=\"index, follow, max-snippet:-1, max-image-preview:large, max-video-preview:-1\" \/>\n<link rel=\"canonical\" href=\"https:\/\/www.wes.org\/fr\/impact-social\/politique-publique\/\" \/>\n<meta property=\"og:locale\" content=\"fr_FR\" \/>\n<meta property=\"og:type\" content=\"article\" \/>\n<meta property=\"og:title\" content=\"Politique publique\" \/>\n<meta property=\"og:url\" content=\"https:\/\/www.wes.org\/fr\/impact-social\/politique-publique\/\" \/>\n<meta property=\"og:site_name\" content=\"WES\" \/>\n<meta property=\"article:publisher\" content=\"https:\/\/www.facebook.com\/WorldEducationServices\/\" \/>\n<meta property=\"article:modified_time\" content=\"2025-05-19T18:25:15+00:00\" \/>\n<meta name=\"twitter:card\" content=\"summary_large_image\" \/>\n<meta name=\"twitter:site\" content=\"@WorldEdServices\" \/>\n<meta name=\"twitter:label1\" content=\"Dur\u00e9e de lecture estim\u00e9e\" \/>\n\t<meta name=\"twitter:data1\" content=\"1 minute\" \/>\n<script type=\"application\/ld+json\" class=\"yoast-schema-graph\">{\"@context\":\"https:\/\/schema.org\",\"@graph\":[{\"@type\":\"WebPage\",\"@id\":\"https:\/\/www.wes.org\/fr\/impact-social\/politique-publique\/\",\"url\":\"https:\/\/www.wes.org\/fr\/impact-social\/politique-publique\/\",\"name\":\"Politique publique - WES\",\"isPartOf\":{\"@id\":\"https:\/\/www.wes.org\/fr\/#website\"},\"datePublished\":\"2025-04-21T15:47:31+00:00\",\"dateModified\":\"2025-05-19T18:25:15+00:00\",\"breadcrumb\":{\"@id\":\"https:\/\/www.wes.org\/fr\/impact-social\/politique-publique\/#breadcrumb\"},\"inLanguage\":\"fr-FR\",\"potentialAction\":[{\"@type\":\"ReadAction\",\"target\":[\"https:\/\/www.wes.org\/fr\/impact-social\/politique-publique\/\"]}]},{\"@type\":\"BreadcrumbList\",\"@id\":\"https:\/\/www.wes.org\/fr\/impact-social\/politique-publique\/#breadcrumb\",\"itemListElement\":[{\"@type\":\"ListItem\",\"position\":1,\"name\":\"Home\",\"item\":\"https:\/\/www.wes.org\/fr\/\"},{\"@type\":\"ListItem\",\"position\":2,\"name\":\"Impact Social\",\"item\":\"https:\/\/www.wes.org\/fr\/impact-social\/\"},{\"@type\":\"ListItem\",\"position\":3,\"name\":\"Politique publique\"}]},{\"@type\":\"WebSite\",\"@id\":\"https:\/\/www.wes.org\/fr\/#website\",\"url\":\"https:\/\/www.wes.org\/fr\/\",\"name\":\"World Education Services\",\"description\":\"\",\"publisher\":{\"@id\":\"https:\/\/www.wes.org\/fr\/#organization\"},\"potentialAction\":[{\"@type\":\"SearchAction\",\"target\":{\"@type\":\"EntryPoint\",\"urlTemplate\":\"https:\/\/www.wes.org\/fr\/?s={search_term_string}\"},\"query-input\":{\"@type\":\"PropertyValueSpecification\",\"valueRequired\":true,\"valueName\":\"search_term_string\"}}],\"inLanguage\":\"fr-FR\"},{\"@type\":\"Organization\",\"@id\":\"https:\/\/www.wes.org\/fr\/#organization\",\"name\":\"World Education Services\",\"url\":\"https:\/\/www.wes.org\/fr\/\",\"logo\":{\"@type\":\"ImageObject\",\"inLanguage\":\"fr-FR\",\"@id\":\"https:\/\/www.wes.org\/fr\/#\/schema\/logo\/image\/\",\"url\":\"https:\/\/www.wes.org\/wp-content\/uploads\/2024\/07\/cropped-cropped-WES_Logo_RGB-Primary_Green-Clearspace-e1719869905447.png\",\"contentUrl\":\"https:\/\/www.wes.org\/wp-content\/uploads\/2024\/07\/cropped-cropped-WES_Logo_RGB-Primary_Green-Clearspace-e1719869905447.png\",\"width\":512,\"height\":512,\"caption\":\"World Education Services\"},\"image\":{\"@id\":\"https:\/\/www.wes.org\/fr\/#\/schema\/logo\/image\/\"},\"sameAs\":[\"https:\/\/www.facebook.com\/WorldEducationServices\/\",\"https:\/\/x.com\/WorldEdServices\",\"https:\/\/www.linkedin.com\/company\/worldeducationservices\/\"]}]}<\/script>\n<!-- \/ Yoast SEO Premium plugin. -->","yoast_head_json":{"title":"Politique publique - WES","robots":{"index":"index","follow":"follow","max-snippet":"max-snippet:-1","max-image-preview":"max-image-preview:large","max-video-preview":"max-video-preview:-1"},"canonical":"https:\/\/www.wes.org\/fr\/impact-social\/politique-publique\/","og_locale":"fr_FR","og_type":"article","og_title":"Politique publique","og_url":"https:\/\/www.wes.org\/fr\/impact-social\/politique-publique\/","og_site_name":"WES","article_publisher":"https:\/\/www.facebook.com\/WorldEducationServices\/","article_modified_time":"2025-05-19T18:25:15+00:00","twitter_card":"summary_large_image","twitter_site":"@WorldEdServices","twitter_misc":{"Dur\u00e9e de lecture estim\u00e9e":"1 minute"},"schema":{"@context":"https:\/\/schema.org","@graph":[{"@type":"WebPage","@id":"https:\/\/www.wes.org\/fr\/impact-social\/politique-publique\/","url":"https:\/\/www.wes.org\/fr\/impact-social\/politique-publique\/","name":"Politique publique - WES","isPartOf":{"@id":"https:\/\/www.wes.org\/fr\/#website"},"datePublished":"2025-04-21T15:47:31+00:00","dateModified":"2025-05-19T18:25:15+00:00","breadcrumb":{"@id":"https:\/\/www.wes.org\/fr\/impact-social\/politique-publique\/#breadcrumb"},"inLanguage":"fr-FR","potentialAction":[{"@type":"ReadAction","target":["https:\/\/www.wes.org\/fr\/impact-social\/politique-publique\/"]}]},{"@type":"BreadcrumbList","@id":"https:\/\/www.wes.org\/fr\/impact-social\/politique-publique\/#breadcrumb","itemListElement":[{"@type":"ListItem","position":1,"name":"Home","item":"https:\/\/www.wes.org\/fr\/"},{"@type":"ListItem","position":2,"name":"Impact Social","item":"https:\/\/www.wes.org\/fr\/impact-social\/"},{"@type":"ListItem","position":3,"name":"Politique publique"}]},{"@type":"WebSite","@id":"https:\/\/www.wes.org\/fr\/#website","url":"https:\/\/www.wes.org\/fr\/","name":"World Education Services","description":"","publisher":{"@id":"https:\/\/www.wes.org\/fr\/#organization"},"potentialAction":[{"@type":"SearchAction","target":{"@type":"EntryPoint","urlTemplate":"https:\/\/www.wes.org\/fr\/?s={search_term_string}"},"query-input":{"@type":"PropertyValueSpecification","valueRequired":true,"valueName":"search_term_string"}}],"inLanguage":"fr-FR"},{"@type":"Organization","@id":"https:\/\/www.wes.org\/fr\/#organization","name":"World Education Services","url":"https:\/\/www.wes.org\/fr\/","logo":{"@type":"ImageObject","inLanguage":"fr-FR","@id":"https:\/\/www.wes.org\/fr\/#\/schema\/logo\/image\/","url":"https:\/\/www.wes.org\/wp-content\/uploads\/2024\/07\/cropped-cropped-WES_Logo_RGB-Primary_Green-Clearspace-e1719869905447.png","contentUrl":"https:\/\/www.wes.org\/wp-content\/uploads\/2024\/07\/cropped-cropped-WES_Logo_RGB-Primary_Green-Clearspace-e1719869905447.png","width":512,"height":512,"caption":"World Education Services"},"image":{"@id":"https:\/\/www.wes.org\/fr\/#\/schema\/logo\/image\/"},"sameAs":["https:\/\/www.facebook.com\/WorldEducationServices\/","https:\/\/x.com\/WorldEdServices","https:\/\/www.linkedin.com\/company\/worldeducationservices\/"]}]}},"wpml_current_locale":"fr_FR","wpml_translations":[{"locale":"en_US","id":42130,"post_title":"Social impact Programs - Public Policy","href":"https:\/\/www.wes.org\/public-policy\/"}],"_links":{"self":[{"href":"https:\/\/www.wes.org\/fr\/wp-json\/wp\/v2\/pages\/49268","targetHints":{"allow":["GET"]}}],"collection":[{"href":"https:\/\/www.wes.org\/fr\/wp-json\/wp\/v2\/pages"}],"about":[{"href":"https:\/\/www.wes.org\/fr\/wp-json\/wp\/v2\/types\/page"}],"author":[{"embeddable":true,"href":"https:\/\/www.wes.org\/fr\/wp-json\/wp\/v2\/users\/1090"}],"replies":[{"embeddable":true,"href":"https:\/\/www.wes.org\/fr\/wp-json\/wp\/v2\/comments?post=49268"}],"version-history":[{"count":0,"href":"https:\/\/www.wes.org\/fr\/wp-json\/wp\/v2\/pages\/49268\/revisions"}],"up":[{"embeddable":true,"href":"https:\/\/www.wes.org\/fr\/wp-json\/wp\/v2\/pages\/43799"}],"wp:attachment":[{"href":"https:\/\/www.wes.org\/fr\/wp-json\/wp\/v2\/media?parent=49268"}],"curies":[{"name":"wp","href":"https:\/\/api.w.org\/{rel}","templated":true}]}}