{"id":49262,"date":"2025-04-21T08:05:35","date_gmt":"2025-04-21T12:05:35","guid":{"rendered":"https:\/\/www.wes.org\/evaluations-de-diplomes\/demarrer-un-partenariat-numerique-avec-wes\/"},"modified":"2026-01-29T11:57:12","modified_gmt":"2026-01-29T16:57:12","slug":"demarrer-un-partenariat-numerique-avec-wes","status":"publish","type":"page","link":"https:\/\/www.wes.org\/fr\/evaluations-de-diplomes\/demarrer-un-partenariat-numerique-avec-wes\/","title":{"rendered":"D\u00e9marrer un partenariat num\u00e9rique avec WES"},"content":{"rendered":"\n<div style=\"height:100px\" aria-hidden=\"true\" class=\"wp-block-spacer\"><\/div>\n\n<h1 class=\"wp-block-heading has-text-align-center\" id=\"h-start-a-digital-partnership-with-wes\">D\u00e9marrer un partenariat num\u00e9rique avec WES<\/h1>\n\n\n\n<section  class=\"sw-block font-sans\">\n    <div class=\"max-w-[1240px] px-5 mx-auto\">\n        <div class=\"text-center max-w-[926px] mx-auto\">\n            \n                            <div class=\"font-sans text-black mt-6 md:text-lg md:leading-normal\">\n                    <p><!-- wp:paragraph --> <!-- \/wp:paragraph --> <!-- wp:paragraph --><\/p>\n<p>Seuls les repr\u00e9sentants autoris\u00e9s d\u2019un \u00e9tablissement d\u2019enseignement peuvent initier un partenariat num\u00e9rique avec WES. La saisie de fausses informations ci-dessous peut retarder, voire interdire, notre capacit\u00e9 \u00e0 proc\u00e9der. Nous sommes impatients de travailler avec vous\u00a0!<\/p>\n<p><!-- \/wp:paragraph --> <!-- wp:paragraph --><\/p>\n<p><strong>Ce formulaire s\u2019adresse aux demandes de renseignements des partenaires institutionnels qui envoient des documents \u00e0 WES. Il ne s\u2019adresse PAS aux \u00e9tablissements qui re\u00e7oivent des rapports d\u2019\u00e9valuation. Ce formulaire n\u2019est PAS destin\u00e9 aux candidats. <\/strong><strong>Les candidats peuvent envoyer des demandes de renseignements via le <a href=\"https:\/\/www.wes.org\/fr\/contactez-nous\/\">formulaire de demande de renseignements des candidats<\/a>.<\/strong><\/p>\n                <\/div>\n            \n                    <\/div>\n            <\/div>\n<\/section>\n\n\n\n\n\n\n\n<div style=\"height:100px\" aria-hidden=\"true\" class=\"wp-block-spacer\"><\/div>\n\n<p><iframe loading=\"lazy\" style=\"width: 100%; border: none;\" src=\"https:\/\/apps.wes.org\/institution\/digitalPartnership.asp\" width=\"1000px\" height=\"1750px\"><span data-mce-type=\"bookmark\" style=\"display: inline-block; width: 0px; overflow: hidden; line-height: 0;\" class=\"mce_SELRES_start\">\ufeff<\/span><\/iframe><\/p>\n","protected":false},"excerpt":{"rendered":"<p>D\u00e9marrer un partenariat num\u00e9rique avec WES \ufeff<\/p>\n","protected":false},"author":60,"featured_media":0,"parent":43797,"menu_order":0,"comment_status":"closed","ping_status":"closed","template":"","meta":{"_acf_changed":false,"footnotes":""},"class_list":["post-49262","page","type-page","status-publish","hentry"],"better_featured_image":null,"acf":{"alert_msg":"default"},"yoast_head":"<!-- This site is optimized with the Yoast SEO Premium plugin v26.2 (Yoast SEO v27.5) - https:\/\/yoast.com\/product\/yoast-seo-premium-wordpress\/ -->\n<title>D\u00e9marrer un partenariat num\u00e9rique avec WES - WES<\/title>\n<meta name=\"robots\" content=\"index, follow, max-snippet:-1, max-image-preview:large, max-video-preview:-1\" \/>\n<link rel=\"canonical\" href=\"https:\/\/www.wes.org\/fr\/evaluations-de-diplomes\/demarrer-un-partenariat-numerique-avec-wes\/\" \/>\n<meta property=\"og:locale\" content=\"fr_FR\" \/>\n<meta property=\"og:type\" content=\"article\" \/>\n<meta property=\"og:title\" content=\"D\u00e9marrer un partenariat num\u00e9rique avec WES\" \/>\n<meta property=\"og:description\" content=\"D\u00e9marrer un partenariat num\u00e9rique avec WES \ufeff\" \/>\n<meta property=\"og:url\" content=\"https:\/\/www.wes.org\/fr\/evaluations-de-diplomes\/demarrer-un-partenariat-numerique-avec-wes\/\" \/>\n<meta property=\"og:site_name\" content=\"WES\" \/>\n<meta property=\"article:publisher\" content=\"https:\/\/www.facebook.com\/WorldEducationServices\/\" \/>\n<meta property=\"article:modified_time\" content=\"2026-01-29T16:57:12+00:00\" \/>\n<meta name=\"twitter:card\" content=\"summary_large_image\" \/>\n<meta name=\"twitter:site\" content=\"@WorldEdServices\" \/>\n<meta name=\"twitter:label1\" content=\"Dur\u00e9e de lecture estim\u00e9e\" \/>\n\t<meta name=\"twitter:data1\" content=\"1 minute\" \/>\n<script type=\"application\/ld+json\" class=\"yoast-schema-graph\">{\"@context\":\"https:\\\/\\\/schema.org\",\"@graph\":[{\"@type\":\"WebPage\",\"@id\":\"https:\\\/\\\/www.wes.org\\\/fr\\\/evaluations-de-diplomes\\\/demarrer-un-partenariat-numerique-avec-wes\\\/\",\"url\":\"https:\\\/\\\/www.wes.org\\\/fr\\\/evaluations-de-diplomes\\\/demarrer-un-partenariat-numerique-avec-wes\\\/\",\"name\":\"D\u00e9marrer un partenariat num\u00e9rique avec WES - WES\",\"isPartOf\":{\"@id\":\"https:\\\/\\\/www.wes.org\\\/fr\\\/#website\"},\"datePublished\":\"2025-04-21T12:05:35+00:00\",\"dateModified\":\"2026-01-29T16:57:12+00:00\",\"breadcrumb\":{\"@id\":\"https:\\\/\\\/www.wes.org\\\/fr\\\/evaluations-de-diplomes\\\/demarrer-un-partenariat-numerique-avec-wes\\\/#breadcrumb\"},\"inLanguage\":\"fr-FR\",\"potentialAction\":[{\"@type\":\"ReadAction\",\"target\":[\"https:\\\/\\\/www.wes.org\\\/fr\\\/evaluations-de-diplomes\\\/demarrer-un-partenariat-numerique-avec-wes\\\/\"]}]},{\"@type\":\"BreadcrumbList\",\"@id\":\"https:\\\/\\\/www.wes.org\\\/fr\\\/evaluations-de-diplomes\\\/demarrer-un-partenariat-numerique-avec-wes\\\/#breadcrumb\",\"itemListElement\":[{\"@type\":\"ListItem\",\"position\":1,\"name\":\"Home\",\"item\":\"https:\\\/\\\/www.wes.org\\\/fr\\\/\"},{\"@type\":\"ListItem\",\"position\":2,\"name\":\"\u00c9valuation de dipl\u00f4mes\",\"item\":\"https:\\\/\\\/www.wes.org\\\/fr\\\/evaluations-de-diplomes\\\/\"},{\"@type\":\"ListItem\",\"position\":3,\"name\":\"D\u00e9marrer un partenariat num\u00e9rique avec WES\"}]},{\"@type\":\"WebSite\",\"@id\":\"https:\\\/\\\/www.wes.org\\\/fr\\\/#website\",\"url\":\"https:\\\/\\\/www.wes.org\\\/fr\\\/\",\"name\":\"World Education Services\",\"description\":\"\",\"publisher\":{\"@id\":\"https:\\\/\\\/www.wes.org\\\/fr\\\/#organization\"},\"potentialAction\":[{\"@type\":\"SearchAction\",\"target\":{\"@type\":\"EntryPoint\",\"urlTemplate\":\"https:\\\/\\\/www.wes.org\\\/fr\\\/?s={search_term_string}\"},\"query-input\":{\"@type\":\"PropertyValueSpecification\",\"valueRequired\":true,\"valueName\":\"search_term_string\"}}],\"inLanguage\":\"fr-FR\"},{\"@type\":\"Organization\",\"@id\":\"https:\\\/\\\/www.wes.org\\\/fr\\\/#organization\",\"name\":\"World Education Services\",\"url\":\"https:\\\/\\\/www.wes.org\\\/fr\\\/\",\"logo\":{\"@type\":\"ImageObject\",\"inLanguage\":\"fr-FR\",\"@id\":\"https:\\\/\\\/www.wes.org\\\/fr\\\/#\\\/schema\\\/logo\\\/image\\\/\",\"url\":\"https:\\\/\\\/www.wes.org\\\/wp-content\\\/uploads\\\/2024\\\/07\\\/cropped-cropped-WES_Logo_RGB-Primary_Green-Clearspace-e1719869905447.png\",\"contentUrl\":\"https:\\\/\\\/www.wes.org\\\/wp-content\\\/uploads\\\/2024\\\/07\\\/cropped-cropped-WES_Logo_RGB-Primary_Green-Clearspace-e1719869905447.png\",\"width\":512,\"height\":512,\"caption\":\"World Education Services\"},\"image\":{\"@id\":\"https:\\\/\\\/www.wes.org\\\/fr\\\/#\\\/schema\\\/logo\\\/image\\\/\"},\"sameAs\":[\"https:\\\/\\\/www.facebook.com\\\/WorldEducationServices\\\/\",\"https:\\\/\\\/x.com\\\/WorldEdServices\",\"https:\\\/\\\/www.linkedin.com\\\/company\\\/worldeducationservices\\\/\"]}]}<\/script>\n<!-- \/ Yoast SEO Premium plugin. -->","yoast_head_json":{"title":"D\u00e9marrer un partenariat num\u00e9rique avec WES - WES","robots":{"index":"index","follow":"follow","max-snippet":"max-snippet:-1","max-image-preview":"max-image-preview:large","max-video-preview":"max-video-preview:-1"},"canonical":"https:\/\/www.wes.org\/fr\/evaluations-de-diplomes\/demarrer-un-partenariat-numerique-avec-wes\/","og_locale":"fr_FR","og_type":"article","og_title":"D\u00e9marrer un partenariat num\u00e9rique avec WES","og_description":"D\u00e9marrer un partenariat num\u00e9rique avec WES \ufeff","og_url":"https:\/\/www.wes.org\/fr\/evaluations-de-diplomes\/demarrer-un-partenariat-numerique-avec-wes\/","og_site_name":"WES","article_publisher":"https:\/\/www.facebook.com\/WorldEducationServices\/","article_modified_time":"2026-01-29T16:57:12+00:00","twitter_card":"summary_large_image","twitter_site":"@WorldEdServices","twitter_misc":{"Dur\u00e9e de lecture estim\u00e9e":"1 minute"},"schema":{"@context":"https:\/\/schema.org","@graph":[{"@type":"WebPage","@id":"https:\/\/www.wes.org\/fr\/evaluations-de-diplomes\/demarrer-un-partenariat-numerique-avec-wes\/","url":"https:\/\/www.wes.org\/fr\/evaluations-de-diplomes\/demarrer-un-partenariat-numerique-avec-wes\/","name":"D\u00e9marrer un partenariat num\u00e9rique avec WES - WES","isPartOf":{"@id":"https:\/\/www.wes.org\/fr\/#website"},"datePublished":"2025-04-21T12:05:35+00:00","dateModified":"2026-01-29T16:57:12+00:00","breadcrumb":{"@id":"https:\/\/www.wes.org\/fr\/evaluations-de-diplomes\/demarrer-un-partenariat-numerique-avec-wes\/#breadcrumb"},"inLanguage":"fr-FR","potentialAction":[{"@type":"ReadAction","target":["https:\/\/www.wes.org\/fr\/evaluations-de-diplomes\/demarrer-un-partenariat-numerique-avec-wes\/"]}]},{"@type":"BreadcrumbList","@id":"https:\/\/www.wes.org\/fr\/evaluations-de-diplomes\/demarrer-un-partenariat-numerique-avec-wes\/#breadcrumb","itemListElement":[{"@type":"ListItem","position":1,"name":"Home","item":"https:\/\/www.wes.org\/fr\/"},{"@type":"ListItem","position":2,"name":"\u00c9valuation de dipl\u00f4mes","item":"https:\/\/www.wes.org\/fr\/evaluations-de-diplomes\/"},{"@type":"ListItem","position":3,"name":"D\u00e9marrer un partenariat num\u00e9rique avec WES"}]},{"@type":"WebSite","@id":"https:\/\/www.wes.org\/fr\/#website","url":"https:\/\/www.wes.org\/fr\/","name":"World Education Services","description":"","publisher":{"@id":"https:\/\/www.wes.org\/fr\/#organization"},"potentialAction":[{"@type":"SearchAction","target":{"@type":"EntryPoint","urlTemplate":"https:\/\/www.wes.org\/fr\/?s={search_term_string}"},"query-input":{"@type":"PropertyValueSpecification","valueRequired":true,"valueName":"search_term_string"}}],"inLanguage":"fr-FR"},{"@type":"Organization","@id":"https:\/\/www.wes.org\/fr\/#organization","name":"World Education Services","url":"https:\/\/www.wes.org\/fr\/","logo":{"@type":"ImageObject","inLanguage":"fr-FR","@id":"https:\/\/www.wes.org\/fr\/#\/schema\/logo\/image\/","url":"https:\/\/www.wes.org\/wp-content\/uploads\/2024\/07\/cropped-cropped-WES_Logo_RGB-Primary_Green-Clearspace-e1719869905447.png","contentUrl":"https:\/\/www.wes.org\/wp-content\/uploads\/2024\/07\/cropped-cropped-WES_Logo_RGB-Primary_Green-Clearspace-e1719869905447.png","width":512,"height":512,"caption":"World Education Services"},"image":{"@id":"https:\/\/www.wes.org\/fr\/#\/schema\/logo\/image\/"},"sameAs":["https:\/\/www.facebook.com\/WorldEducationServices\/","https:\/\/x.com\/WorldEdServices","https:\/\/www.linkedin.com\/company\/worldeducationservices\/"]}]}},"wpml_current_locale":"fr_FR","wpml_translations":[{"locale":"en_US","id":32844,"post_title":"Start a Digital Partnership with WES Today","href":"https:\/\/www.wes.org\/digital-partnership-form\/"}],"_links":{"self":[{"href":"https:\/\/www.wes.org\/fr\/wp-json\/wp\/v2\/pages\/49262","targetHints":{"allow":["GET"]}}],"collection":[{"href":"https:\/\/www.wes.org\/fr\/wp-json\/wp\/v2\/pages"}],"about":[{"href":"https:\/\/www.wes.org\/fr\/wp-json\/wp\/v2\/types\/page"}],"author":[{"embeddable":true,"href":"https:\/\/www.wes.org\/fr\/wp-json\/wp\/v2\/users\/60"}],"replies":[{"embeddable":true,"href":"https:\/\/www.wes.org\/fr\/wp-json\/wp\/v2\/comments?post=49262"}],"version-history":[{"count":0,"href":"https:\/\/www.wes.org\/fr\/wp-json\/wp\/v2\/pages\/49262\/revisions"}],"up":[{"embeddable":true,"href":"https:\/\/www.wes.org\/fr\/wp-json\/wp\/v2\/pages\/43797"}],"wp:attachment":[{"href":"https:\/\/www.wes.org\/fr\/wp-json\/wp\/v2\/media?parent=49262"}],"curies":[{"name":"wp","href":"https:\/\/api.w.org\/{rel}","templated":true}]}}