{"id":49250,"date":"2025-04-17T13:57:31","date_gmt":"2025-04-17T17:57:31","guid":{"rendered":"https:\/\/www.wes.org\/traitement-actuel\/"},"modified":"2025-04-17T13:57:31","modified_gmt":"2025-04-17T17:57:31","slug":"traitement-actuel","status":"publish","type":"page","link":"https:\/\/www.wes.org\/fr\/traitement-actuel\/","title":{"rendered":"Traitement actuel"},"content":{"rendered":"","protected":false},"excerpt":{"rendered":"","protected":false},"author":65,"featured_media":0,"parent":0,"menu_order":0,"comment_status":"closed","ping_status":"closed","template":"template-current-processing.php","meta":{"_acf_changed":false,"footnotes":""},"class_list":["post-49250","page","type-page","status-publish","hentry"],"better_featured_image":null,"acf":{"alert_msg":"default","report_types":[{"report_title":"\u00c9valuation des dipl\u00f4mes d\u2019\u00e9tudes (EDE) pour IRCC","applicant_group":{"applicant_title":"Candidat","applicant_steps":[{"applicant_step_number":"1","applicant_step_title":"Compl\u00e9tez votre candidature","applicant_step_description":"<p>Passez votre commande dans votre compte WES.<\/p>\n"},{"applicant_step_number":"2","applicant_step_title":"Effectuez le paiement","applicant_step_description":"<p>Le paiement est effectu\u00e9 via une plateforme s\u00e9curis\u00e9e une fois que votre candidature est d\u00fbment remplie.<\/p>\n"},{"applicant_step_number":"3","applicant_step_title":"Envoyez vos documents","applicant_step_description":"<p>Soumettez les documents requis pour commencer votre \u00e9valuation. D\u00e9couvrez les documents \u00e0 soumettre <a href=\"https:\/\/applications.wes.org\/required-documents\" target=\"_blank\" rel=\"noopener\">ici<\/a>.<\/p>\n"}]},"wes_group":{"wes_title":"WES","wes_steps":[{"wes_step_number":"4","wes_step_title":"Tous les documents requis ont \u00e9t\u00e9 re\u00e7us, examin\u00e9s et accept\u00e9s","wes_step_description":"<p>WES re\u00e7oit vos documents aupr\u00e8s de <em><strong>l\u2019\u00e9tablissement d\u2019enseignement qui vous a d\u00e9livr\u00e9 vos dipl\u00f4mes, ou aupr\u00e8s de votre commission d\u2019examen<\/strong><\/em>. Une fois tous les documents re\u00e7us, notre \u00e9quipe les examine et v\u00e9rifie leur authenticit\u00e9. <strong><em>Il s\u2019agit d\u2019une \u00e9tape essentielle de notre processus<\/em>.<\/strong> Une fois approuv\u00e9e, votre commande passe \u00e0 l\u2019\u00e9tape suivante.<\/p>\n","wes_step_time":"G\u00e9n\u00e9ralement 2\u00a0semaines (jusqu\u2019\u00e0 4-6\u00a0semaines)"},{"wes_step_number":"5","wes_step_title":"D\u00e9but de l\u2019\u00e9valuation","wes_step_description":"<p>Votre \u00e9valuation commence imm\u00e9diatement apr\u00e8s l\u2019acceptation de vos documents.<\/p>\n","wes_step_time":"Jusqu\u2019\u00e0 2\u00a0semaines"},{"wes_step_number":"","wes_step_title":"\u00c9valuation termin\u00e9e\u00a0!","wes_step_description":"","wes_step_time":""}]}},{"report_title":"Document par document","applicant_group":{"applicant_title":"Candidat","applicant_steps":[{"applicant_step_number":"1","applicant_step_title":"Compl\u00e9tez votre candidature","applicant_step_description":"<p>Passez votre commande dans votre compte WES.<\/p>\n"},{"applicant_step_number":"2","applicant_step_title":"Effectuez le paiement","applicant_step_description":"<p>Le paiement est effectu\u00e9 via une plateforme s\u00e9curis\u00e9e une fois que votre candidature est d\u00fbment remplie.<\/p>\n"},{"applicant_step_number":"3","applicant_step_title":"Envoyez vos documents","applicant_step_description":"<p>Soumettez les documents requis pour commencer votre \u00e9valuation. D\u00e9couvrez les documents \u00e0 soumettre <a href=\"https:\/\/applications.wes.org\/required-documents\" target=\"_blank\" rel=\"noopener\">ici<\/a>.<\/p>\n"}]},"wes_group":{"wes_title":"WES","wes_steps":[{"wes_step_number":"4","wes_step_title":"Tous les documents requis ont \u00e9t\u00e9 re\u00e7us, examin\u00e9s et accept\u00e9s","wes_step_description":"<p>WES re\u00e7oit vos documents aupr\u00e8s de\u00a0<strong><em>l\u2019\u00e9tablissement d\u2019enseignement qui vous a d\u00e9livr\u00e9 vos dipl\u00f4mes, ou aupr\u00e8s de votre commission d\u2019examen<\/em><\/strong>. Une fois tous les documents re\u00e7us, notre \u00e9quipe les examine et v\u00e9rifie leur authenticit\u00e9.\u00a0<strong><em>Il s\u2019agit d\u2019une \u00e9tape essentielle de notre processus.<\/em><\/strong>\u00a0Une fois approuv\u00e9e, votre commande passe \u00e0 l\u2019\u00e9tape suivante.<\/p>\n","wes_step_time":"G\u00e9n\u00e9ralement 2\u00a0semaines (jusqu\u2019\u00e0 4-6\u00a0semaines)"},{"wes_step_number":"5","wes_step_title":"D\u00e9but de l\u2019\u00e9valuation","wes_step_description":"<p>Votre \u00e9valuation commence imm\u00e9diatement apr\u00e8s l\u2019acceptation de vos documents.<\/p>\n","wes_step_time":"Jusqu\u2019\u00e0 2\u00a0semaines"},{"wes_step_number":"","wes_step_title":"\u00c9valuation termin\u00e9e\u00a0!","wes_step_description":"","wes_step_time":""}]}},{"report_title":"Cours par cours","applicant_group":{"applicant_title":"Candidat","applicant_steps":[{"applicant_step_number":"1","applicant_step_title":"Compl\u00e9tez votre candidature","applicant_step_description":"<p>Passez votre commande dans votre compte WES.<\/p>\n"},{"applicant_step_number":"2","applicant_step_title":"Effectuez le paiement","applicant_step_description":"<p>Le paiement est effectu\u00e9 via une plateforme s\u00e9curis\u00e9e une fois que votre candidature est d\u00fbment remplie.<\/p>\n"},{"applicant_step_number":"3","applicant_step_title":"Envoyez vos documents","applicant_step_description":"<p>Soumettez les documents requis pour commencer votre \u00e9valuation. D\u00e9couvrez les documents \u00e0 soumettre\u00a0<a href=\"https:\/\/applications.wes.org\/required-documents\" target=\"_blank\" rel=\"noopener\">ici.<\/a><\/p>\n"}]},"wes_group":{"wes_title":"WES","wes_steps":[{"wes_step_number":"4","wes_step_title":"Tous les documents requis ont \u00e9t\u00e9 re\u00e7us, examin\u00e9s et accept\u00e9s","wes_step_description":"<p>WES re\u00e7oit vos documents aupr\u00e8s de\u00a0<strong><em>l\u2019\u00e9tablissement d\u2019enseignement qui vous a d\u00e9livr\u00e9 vos dipl\u00f4mes, ou aupr\u00e8s de votre commission d\u2019examen<\/em><\/strong>. Une fois tous les documents re\u00e7us, notre \u00e9quipe les examine et v\u00e9rifie leur authenticit\u00e9.\u00a0<strong><em>Il s\u2019agit d\u2019une \u00e9tape essentielle de notre processus.<\/em><\/strong>\u00a0Une fois approuv\u00e9e, votre commande passe \u00e0 l\u2019\u00e9tape suivante.<\/p>\n","wes_step_time":"G\u00e9n\u00e9ralement 2\u00a0semaines (jusqu\u2019\u00e0 4-6\u00a0semaines)"},{"wes_step_number":"5","wes_step_title":"D\u00e9but de l\u2019\u00e9valuation","wes_step_description":"<p>Votre \u00e9valuation commence imm\u00e9diatement apr\u00e8s l\u2019acceptation de vos documents.<\/p>\n","wes_step_time":"Jusqu\u2019\u00e0 4\u00a0semaines"},{"wes_step_number":"","wes_step_title":"\u00c9valuation termin\u00e9e\u00a0!","wes_step_description":"","wes_step_time":""}]}},{"report_title":"Dossier de v\u00e9rification WES Global pour NZQA","applicant_group":{"applicant_title":"Candidat","applicant_steps":[{"applicant_step_number":"1","applicant_step_title":"Compl\u00e9tez votre candidature","applicant_step_description":"<p>Passez votre commande dans votre compte WES.<\/p>\n"},{"applicant_step_number":"2","applicant_step_title":"Effectuez le paiement","applicant_step_description":"<p>Le paiement est effectu\u00e9 via une plateforme s\u00e9curis\u00e9e une fois que votre candidature est d\u00fbment remplie.<\/p>\n"},{"applicant_step_number":"3","applicant_step_title":"Envoyez vos documents","applicant_step_description":"<p>Soumettez les documents requis pour commencer votre \u00e9valuation. D\u00e9couvrez les documents \u00e0 soumettre\u00a0<a href=\"https:\/\/applications.wes.org\/required-documents\" target=\"_blank\" rel=\"noopener\">ici.<\/a><\/p>\n"}]},"wes_group":{"wes_title":"WES","wes_steps":[{"wes_step_number":"4","wes_step_title":"Tous les documents requis ont \u00e9t\u00e9 re\u00e7us, examin\u00e9s et accept\u00e9s","wes_step_description":"<p>WES re\u00e7oit vos documents aupr\u00e8s de\u00a0<strong><em>l\u2019\u00e9tablissement d\u2019enseignement qui vous a d\u00e9livr\u00e9 vos dipl\u00f4mes, ou aupr\u00e8s de votre commission d\u2019examen<\/em><\/strong>. Une fois tous les documents re\u00e7us, notre \u00e9quipe les examine et v\u00e9rifie leur authenticit\u00e9.\u00a0<strong><em>Il s\u2019agit d\u2019une \u00e9tape essentielle de notre processus.<\/em><\/strong>\u00a0Une fois approuv\u00e9e, votre commande passe \u00e0 l\u2019\u00e9tape suivante.<\/p>\n","wes_step_time":"G\u00e9n\u00e9ralement 2\u00a0semaines (jusqu\u2019\u00e0 4-6\u00a0semaines)"},{"wes_step_number":"5","wes_step_title":"D\u00e9but de l\u2019\u00e9valuation","wes_step_description":"<p>Votre \u00e9valuation commence imm\u00e9diatement apr\u00e8s l\u2019acceptation de vos documents.<\/p>\n","wes_step_time":"Jusqu\u2019\u00e0 1\u00a0semaine"},{"wes_step_number":"","wes_step_title":"\u00c9valuation termin\u00e9e\u00a0!","wes_step_description":"","wes_step_time":""}]}},{"report_title":"\u00c9valuation personnalis\u00e9e des dipl\u00f4mes d\u2019\u00e9tudes pour le Parcours vers l\u2019enseignement Canada","applicant_group":{"applicant_title":"Candidat","applicant_steps":[{"applicant_step_number":"1","applicant_step_title":"Compl\u00e9tez votre candidature","applicant_step_description":"<p>Soumettez votre demande via votre compte WES.<\/p>\n"},{"applicant_step_number":"2","applicant_step_title":"Envoyez vos documents","applicant_step_description":"<p>Soumettez les documents requis pour commencer votre \u00e9valuation. Pour en savoir plus, cliquez\u00a0<a href=\"https:\/\/ptc.wes.org\/\" target=\"_blank\" rel=\"noopener\">ici.<\/a><\/p>\n"}]},"wes_group":{"wes_title":"WES","wes_steps":[{"wes_step_number":"3","wes_step_title":"Tous les documents requis ont \u00e9t\u00e9 re\u00e7us, examin\u00e9s et accept\u00e9s","wes_step_description":"<p>WES re\u00e7oit vos documents aupr\u00e8s de\u00a0<strong><em>l\u2019\u00e9tablissement d\u2019enseignement qui vous a d\u00e9livr\u00e9 vos dipl\u00f4mes, ou aupr\u00e8s de votre commission d\u2019examen<\/em><\/strong>. Une fois tous les documents re\u00e7us, notre \u00e9quipe les examine et v\u00e9rifie leur authenticit\u00e9.\u00a0<strong><em>Il s\u2019agit d\u2019une \u00e9tape essentielle de notre processus.<\/em><\/strong>\u00a0Une fois approuv\u00e9e, votre commande passe \u00e0 l\u2019\u00e9tape suivante.<\/p>\n","wes_step_time":"G\u00e9n\u00e9ralement 2\u00a0semaines (jusqu\u2019\u00e0 4-6\u00a0semaines)"},{"wes_step_number":"4","wes_step_title":"D\u00e9but de l\u2019\u00e9valuation","wes_step_description":"<p>Votre \u00e9valuation commence imm\u00e9diatement apr\u00e8s l\u2019acceptation de vos documents.<\/p>\n","wes_step_time":"Jusqu\u2019\u00e0 3\u00a0semaines"},{"wes_step_number":"","wes_step_title":"\u00c9valuation termin\u00e9e\u00a0!","wes_step_description":"<p>L\u2019\u00e9valuation a \u00e9t\u00e9 transmise au Parcours vers l\u2019enseignement Canada.<\/p>\n","wes_step_time":""}]}}],"status_link":{"title":"Log in to your WES account","url":"https:\/\/applications.wes.org\/createaccount\/login\/login","target":"_blank"},"title":"D\u00e9lais de traitement","description":"<p>WES s\u2019engage \u00e0 \u00e9valuer de mani\u00e8re approfondie et pr\u00e9cise vos dipl\u00f4mes universitaires. Apr\u00e8s r\u00e9ception et v\u00e9rification des documents requis, transmis par votre \u00e9tablissement d\u2019enseignement ou votre commission d\u2019examen, la dur\u00e9e du processus d\u2019\u00e9valuation varie en fonction de votre \u00e9valuation.<\/p>\n","select_title":"S\u00e9lectionnez votre type de rapport","select_note":"<p>Veuillez noter que les d\u00e9lais de traitement indiqu\u00e9s sont approximatifs et peuvent varier en fonction du volume, du personnel mobilis\u00e9 et d\u2019autres facteurs. Si vous avez des questions ou si vous avez besoin d\u2019aide, veuillez <a href=\"https:\/\/www.wes.org\/contact-us\/\">communiquer avec notre \u00e9quipe d\u2019assistance client<\/a> ou vous connecter \u00e0 <a href=\"https:\/\/applications.wes.org\/createaccount\/login\/login\" target=\"_blank\" rel=\"noopener\">Mon compte<\/a> pour suivre l\u2019\u00e9tat d\u2019avancement de votre candidature.<\/p>\n","status_title":"Vous souhaitez conna\u00eetre l\u2019\u00e9tat d\u2019avancement de l\u2019\u00e9valuation de vos dipl\u00f4mes d\u2019\u00e9tudes\u00a0?","status_description":"<p>Connectez-vous \u00e0 votre portail WES pour voir la derni\u00e8re mise \u00e0 jour concernant votre application et trouver des options de support client suppl\u00e9mentaires.<\/p>\n"},"yoast_head":"<!-- This site is optimized with the Yoast SEO Premium plugin v26.2 (Yoast SEO v27.0) - https:\/\/yoast.com\/product\/yoast-seo-premium-wordpress\/ -->\n<title>Traitement actuel - WES<\/title>\n<meta name=\"robots\" content=\"index, follow, max-snippet:-1, max-image-preview:large, max-video-preview:-1\" \/>\n<link rel=\"canonical\" href=\"https:\/\/www.wes.org\/fr\/traitement-actuel\/\" \/>\n<meta property=\"og:locale\" content=\"fr_FR\" \/>\n<meta property=\"og:type\" content=\"article\" \/>\n<meta property=\"og:title\" content=\"Traitement actuel\" \/>\n<meta property=\"og:url\" content=\"https:\/\/www.wes.org\/fr\/traitement-actuel\/\" \/>\n<meta property=\"og:site_name\" content=\"WES\" \/>\n<meta property=\"article:publisher\" content=\"https:\/\/www.facebook.com\/WorldEducationServices\/\" \/>\n<meta name=\"twitter:card\" content=\"summary_large_image\" \/>\n<meta name=\"twitter:site\" content=\"@WorldEdServices\" \/>\n<script type=\"application\/ld+json\" class=\"yoast-schema-graph\">{\"@context\":\"https:\/\/schema.org\",\"@graph\":[{\"@type\":\"WebPage\",\"@id\":\"https:\/\/www.wes.org\/fr\/traitement-actuel\/\",\"url\":\"https:\/\/www.wes.org\/fr\/traitement-actuel\/\",\"name\":\"Traitement actuel - WES\",\"isPartOf\":{\"@id\":\"https:\/\/www.wes.org\/fr\/#website\"},\"datePublished\":\"2025-04-17T17:57:31+00:00\",\"breadcrumb\":{\"@id\":\"https:\/\/www.wes.org\/fr\/traitement-actuel\/#breadcrumb\"},\"inLanguage\":\"fr-FR\",\"potentialAction\":[{\"@type\":\"ReadAction\",\"target\":[\"https:\/\/www.wes.org\/fr\/traitement-actuel\/\"]}]},{\"@type\":\"BreadcrumbList\",\"@id\":\"https:\/\/www.wes.org\/fr\/traitement-actuel\/#breadcrumb\",\"itemListElement\":[{\"@type\":\"ListItem\",\"position\":1,\"name\":\"Home\",\"item\":\"https:\/\/www.wes.org\/fr\/\"},{\"@type\":\"ListItem\",\"position\":2,\"name\":\"Traitement actuel\"}]},{\"@type\":\"WebSite\",\"@id\":\"https:\/\/www.wes.org\/fr\/#website\",\"url\":\"https:\/\/www.wes.org\/fr\/\",\"name\":\"World Education Services\",\"description\":\"\",\"publisher\":{\"@id\":\"https:\/\/www.wes.org\/fr\/#organization\"},\"potentialAction\":[{\"@type\":\"SearchAction\",\"target\":{\"@type\":\"EntryPoint\",\"urlTemplate\":\"https:\/\/www.wes.org\/fr\/?s={search_term_string}\"},\"query-input\":{\"@type\":\"PropertyValueSpecification\",\"valueRequired\":true,\"valueName\":\"search_term_string\"}}],\"inLanguage\":\"fr-FR\"},{\"@type\":\"Organization\",\"@id\":\"https:\/\/www.wes.org\/fr\/#organization\",\"name\":\"World Education Services\",\"url\":\"https:\/\/www.wes.org\/fr\/\",\"logo\":{\"@type\":\"ImageObject\",\"inLanguage\":\"fr-FR\",\"@id\":\"https:\/\/www.wes.org\/fr\/#\/schema\/logo\/image\/\",\"url\":\"https:\/\/www.wes.org\/wp-content\/uploads\/2024\/07\/cropped-cropped-WES_Logo_RGB-Primary_Green-Clearspace-e1719869905447.png\",\"contentUrl\":\"https:\/\/www.wes.org\/wp-content\/uploads\/2024\/07\/cropped-cropped-WES_Logo_RGB-Primary_Green-Clearspace-e1719869905447.png\",\"width\":512,\"height\":512,\"caption\":\"World Education Services\"},\"image\":{\"@id\":\"https:\/\/www.wes.org\/fr\/#\/schema\/logo\/image\/\"},\"sameAs\":[\"https:\/\/www.facebook.com\/WorldEducationServices\/\",\"https:\/\/x.com\/WorldEdServices\",\"https:\/\/www.linkedin.com\/company\/worldeducationservices\/\"]}]}<\/script>\n<!-- \/ Yoast SEO Premium plugin. -->","yoast_head_json":{"title":"Traitement actuel - WES","robots":{"index":"index","follow":"follow","max-snippet":"max-snippet:-1","max-image-preview":"max-image-preview:large","max-video-preview":"max-video-preview:-1"},"canonical":"https:\/\/www.wes.org\/fr\/traitement-actuel\/","og_locale":"fr_FR","og_type":"article","og_title":"Traitement actuel","og_url":"https:\/\/www.wes.org\/fr\/traitement-actuel\/","og_site_name":"WES","article_publisher":"https:\/\/www.facebook.com\/WorldEducationServices\/","twitter_card":"summary_large_image","twitter_site":"@WorldEdServices","schema":{"@context":"https:\/\/schema.org","@graph":[{"@type":"WebPage","@id":"https:\/\/www.wes.org\/fr\/traitement-actuel\/","url":"https:\/\/www.wes.org\/fr\/traitement-actuel\/","name":"Traitement actuel - WES","isPartOf":{"@id":"https:\/\/www.wes.org\/fr\/#website"},"datePublished":"2025-04-17T17:57:31+00:00","breadcrumb":{"@id":"https:\/\/www.wes.org\/fr\/traitement-actuel\/#breadcrumb"},"inLanguage":"fr-FR","potentialAction":[{"@type":"ReadAction","target":["https:\/\/www.wes.org\/fr\/traitement-actuel\/"]}]},{"@type":"BreadcrumbList","@id":"https:\/\/www.wes.org\/fr\/traitement-actuel\/#breadcrumb","itemListElement":[{"@type":"ListItem","position":1,"name":"Home","item":"https:\/\/www.wes.org\/fr\/"},{"@type":"ListItem","position":2,"name":"Traitement actuel"}]},{"@type":"WebSite","@id":"https:\/\/www.wes.org\/fr\/#website","url":"https:\/\/www.wes.org\/fr\/","name":"World Education Services","description":"","publisher":{"@id":"https:\/\/www.wes.org\/fr\/#organization"},"potentialAction":[{"@type":"SearchAction","target":{"@type":"EntryPoint","urlTemplate":"https:\/\/www.wes.org\/fr\/?s={search_term_string}"},"query-input":{"@type":"PropertyValueSpecification","valueRequired":true,"valueName":"search_term_string"}}],"inLanguage":"fr-FR"},{"@type":"Organization","@id":"https:\/\/www.wes.org\/fr\/#organization","name":"World Education Services","url":"https:\/\/www.wes.org\/fr\/","logo":{"@type":"ImageObject","inLanguage":"fr-FR","@id":"https:\/\/www.wes.org\/fr\/#\/schema\/logo\/image\/","url":"https:\/\/www.wes.org\/wp-content\/uploads\/2024\/07\/cropped-cropped-WES_Logo_RGB-Primary_Green-Clearspace-e1719869905447.png","contentUrl":"https:\/\/www.wes.org\/wp-content\/uploads\/2024\/07\/cropped-cropped-WES_Logo_RGB-Primary_Green-Clearspace-e1719869905447.png","width":512,"height":512,"caption":"World Education Services"},"image":{"@id":"https:\/\/www.wes.org\/fr\/#\/schema\/logo\/image\/"},"sameAs":["https:\/\/www.facebook.com\/WorldEducationServices\/","https:\/\/x.com\/WorldEdServices","https:\/\/www.linkedin.com\/company\/worldeducationservices\/"]}]}},"wpml_current_locale":"fr_FR","wpml_translations":[{"locale":"en_US","id":49199,"post_title":"Current Processing Times for WES Credential Evaluations","href":"https:\/\/www.wes.org\/current-processing\/"}],"_links":{"self":[{"href":"https:\/\/www.wes.org\/fr\/wp-json\/wp\/v2\/pages\/49250","targetHints":{"allow":["GET"]}}],"collection":[{"href":"https:\/\/www.wes.org\/fr\/wp-json\/wp\/v2\/pages"}],"about":[{"href":"https:\/\/www.wes.org\/fr\/wp-json\/wp\/v2\/types\/page"}],"author":[{"embeddable":true,"href":"https:\/\/www.wes.org\/fr\/wp-json\/wp\/v2\/users\/65"}],"replies":[{"embeddable":true,"href":"https:\/\/www.wes.org\/fr\/wp-json\/wp\/v2\/comments?post=49250"}],"version-history":[{"count":0,"href":"https:\/\/www.wes.org\/fr\/wp-json\/wp\/v2\/pages\/49250\/revisions"}],"wp:attachment":[{"href":"https:\/\/www.wes.org\/fr\/wp-json\/wp\/v2\/media?parent=49250"}],"curies":[{"name":"wp","href":"https:\/\/api.w.org\/{rel}","templated":true}]}}