{"id":49042,"date":"2025-04-03T10:38:52","date_gmt":"2025-04-03T14:38:52","guid":{"rendered":"https:\/\/www.wes.org\/evaluations-de-diplomes\/lavantage-accesswes\/"},"modified":"2025-05-30T16:24:32","modified_gmt":"2025-05-30T20:24:32","slug":"lavantage-accesswes","status":"publish","type":"page","link":"https:\/\/www.wes.org\/fr\/evaluations-de-diplomes\/lavantage-accesswes\/","title":{"rendered":"L\u2019avantage AccessWES\u00ae"},"content":{"rendered":"\n<h1 class=\"wp-block-heading has-text-align-center\" id=\"h-l-avantage-accesswes\">L\u2019avantage AccessWES\u00ae<\/h1>\n\n\n\n<p><\/p>\n\n\n\n<div class=\"wp-block-columns is-layout-flex wp-container-core-columns-is-layout-28f84493 wp-block-columns-is-layout-flex\">\n<div class=\"wp-block-column is-layout-flow wp-block-column-is-layout-flow\" style=\"flex-basis:100%\">\n<p class=\"has-text-align-center\">AccessWES\u00ae est le syst\u00e8me de livraison en ligne s\u00e9curis\u00e9 que nous utilisons pour envoyer les rapports d\u2019\u00e9valuation WES aux \u00e9tablissements d\u2019enseignement et \u00e0 d\u2019autres organisations agr\u00e9\u00e9es.<\/p>\n<\/div>\n<\/div>\n\n\n\n<p><\/p>\n\n\n\n<figure class=\"wp-block-embed aligncenter is-type-video is-provider-youtube wp-block-embed-youtube wp-embed-aspect-16-9 wp-has-aspect-ratio\"><div class=\"wp-block-embed__wrapper\">\n<iframe loading=\"lazy\" title=\"Bienvenue sur AccessWES\" width=\"500\" height=\"281\" src=\"https:\/\/www.youtube.com\/embed\/HY3fDuKzG8I?feature=oembed\" frameborder=\"0\" allow=\"accelerometer; autoplay; clipboard-write; encrypted-media; gyroscope; picture-in-picture; web-share\" referrerpolicy=\"strict-origin-when-cross-origin\" allowfullscreen><\/iframe>\n<\/div><\/figure>\n\n\n\n<div style=\"height:100px\" aria-hidden=\"true\" class=\"wp-block-spacer\"><\/div>\n\n\n\n\n\n<section  class=\"sw-block not-prose font-sans\">\n  <div class=\"mx-auto max-w-[1040px] px-5\">\n    <div class=\"text-center max-w-[926px] mx-auto\">\n              <h2 class=\"font-display text-black text-[32px] leading-tight md:leading-none md:text-5xl\">Les b\u00e9n\u00e9fices d\u2019AccessWES\u00ae<\/h2>\n      \n      \n          <\/div>\n\n          <div class=\"grid\n      \n                      grid-cols-2\n          \n          gap-3.5 md:gap-8 mt-7 md:mt-14\n\n                      grid\n                  \">\n\n                  \n          <button type=\"button\" class=\"cursor-default  bg-light-cobalt   text-cobalt group relative rounded-[28px] md:rounded-[20px] px-2 pt-3.5 pb-5  md:pt-10 md:pb-16 \">\n            <div class=\"h-14 w-14 md:h-20 md:w-20 mx-auto flex items-center justify-center\">\n               <img decoding=\"async\" src=\"https:\/\/www.wes.org\/wp-content\/uploads\/2024\/06\/Group-1.svg\" class=\"h-full w-full object-cover\" alt=\"Star icon\" \/>            <\/div>\n            <p class=\"text-center text-sm leading-tight md:text-base md:leading-tight mt-2.5 font-sans\">Mises \u00e0 jour en temps r\u00e9el de l\u2019\u00e9tat de l\u2019\u00e9valuation des candidats<\/p>\n\n\n                      <\/button>\n                  \n          <button type=\"button\" class=\"cursor-default  bg-light-cobalt   text-cobalt group relative rounded-[28px] md:rounded-[20px] px-2 pt-3.5 pb-5  md:pt-10 md:pb-16 \">\n            <div class=\"h-14 w-14 md:h-20 md:w-20 mx-auto flex items-center justify-center\">\n               <img decoding=\"async\" src=\"https:\/\/www.wes.org\/wp-content\/uploads\/2024\/06\/Group-54.svg\" class=\"h-full w-full object-cover\" alt=\"Government Building icon\" \/>            <\/div>\n            <p class=\"text-center text-sm leading-tight md:text-base md:leading-tight mt-2.5 font-sans\">Livraison en ligne s\u00e9curis\u00e9e des \u00e9valuations termin\u00e9es<\/p>\n\n\n                      <\/button>\n                  \n          <button type=\"button\" class=\"cursor-default  bg-light-cobalt   text-cobalt group relative rounded-[28px] md:rounded-[20px] px-2 pt-3.5 pb-5  md:pt-10 md:pb-16 \">\n            <div class=\"h-14 w-14 md:h-20 md:w-20 mx-auto flex items-center justify-center\">\n               <img decoding=\"async\" src=\"https:\/\/www.wes.org\/wp-content\/uploads\/2024\/06\/home-degree-equivalency-v2-1-3.svg\" class=\"h-full w-full object-cover\" alt=\"Degree icon\" \/>            <\/div>\n            <p class=\"text-center text-sm leading-tight md:text-base md:leading-tight mt-2.5 font-sans\">Images haute r\u00e9solution de relev\u00e9s de note v\u00e9rifi\u00e9s<\/p>\n\n\n                      <\/button>\n                  \n          <button type=\"button\" class=\"cursor-default  bg-light-cobalt   text-cobalt group relative rounded-[28px] md:rounded-[20px] px-2 pt-3.5 pb-5  md:pt-10 md:pb-16 \">\n            <div class=\"h-14 w-14 md:h-20 md:w-20 mx-auto flex items-center justify-center\">\n               <img decoding=\"async\" src=\"https:\/\/www.wes.org\/wp-content\/uploads\/2024\/06\/Group-55-1.svg\" class=\"h-full w-full object-cover\" alt=\"Bullseye icon\" \/>            <\/div>\n            <p class=\"text-center text-sm leading-tight md:text-base md:leading-tight mt-2.5 font-sans\">\u00c9valuations de dipl\u00f4mes au format PDF<\/p>\n\n\n                      <\/button>\n              <\/div>\n\n\n\n\n          \n      <\/div>\n<\/section>\n\n\n<div style=\"height:100px\" aria-hidden=\"true\" class=\"wp-block-spacer\"><\/div>\n\n\n\n\n\n<section \n   \n  class=\"relative sw-block alignwide wp-block-group is-layout-flow wp-block-storyware-floating-content-is-layout-flow\"\n  style=\"--wp--style--layout--content-size: var(--wp--custom--content-width); \n         --wp--style--layout--wide-size: var(--wp--custom--wide-width);\">\n\n  <div class=\"mx-auto px-5\">\n    <div class=\"grid gap-5 md:grid-cols-2 lg:gap-24 items-start\">\n\n      <!-- Image Column -->\n      <div class=\"not-prose\">\n                  <img loading=\"lazy\" decoding=\"async\" width=\"635\" height=\"423\" src=\"https:\/\/www.wes.org\/wp-content\/uploads\/2016\/11\/blog_20161107_iStock_72294687.jpg\" class=\"h-72 md:h-[480px] w-full object-cover object-center\" alt=\"A college student writing for the IEW essay contest\" srcset=\"https:\/\/www.wes.org\/wp-content\/uploads\/2016\/11\/blog_20161107_iStock_72294687.jpg 635w, https:\/\/www.wes.org\/wp-content\/uploads\/2016\/11\/blog_20161107_iStock_72294687-300x200.jpg 300w\" sizes=\"auto, (max-width: 635px) 100vw, 635px\" \/>\n                        <\/div>\n\n      <!-- Text Column -->\n      <div class=\"md:order-last\">\n\n                  <h2 class=\"font-medium text-[28px] text-black leading-snug\">Int\u00e9grer AccessWES\u00ae \u00e0 Slate<\/h2>\n        \n                  <div class=\"mt-3\"><p>L\u2019int\u00e9gration de Slate t\u00e9l\u00e9charge automatiquement les \u00e9valuations de dipl\u00f4mes WES termin\u00e9es directement dans votre syst\u00e8me Slate, ce qui permet de gagner un temps pr\u00e9cieux et d&rsquo;all\u00e9ger la charge administrative. Cette int\u00e9gration gratuite est d\u00e9sormais disponible pour toutes les institutions qui ont un compte AccessWES\u00ae et qui utilisent Slate.<\/p>\n<\/div>\n        \n        <!-- Button Type: Standard Link -->\n        \n        <!-- Button Type: Marketo Popup -->\n        \n      <\/div>\n    <\/div>\n  <\/div>\n<\/section>\n\n\n\n<div style=\"height:100px\" aria-hidden=\"true\" class=\"wp-block-spacer\"><\/div>\n\n\n\n<section class=\"wp-block-group alignfull wp-block-spacer has-background is-vertical is-content-justification-center is-nowrap is-layout-flex wp-container-core-group-is-layout-54be60bd wp-block-group-is-layout-flex\" id=\"si-us-contactus\" style=\"background-color:#e9f5fe\">\n<div style=\"height:100px;width:0px\" aria-hidden=\"true\" class=\"wp-block-spacer wp-container-content-c0740251\"><\/div>\n\n\n\n<h2 class=\"wp-block-heading has-text-align-center\" id=\"h-demander-un-nouveau-compte-accesswes\">Demander un nouveau compte AccessWES\u00ae<\/h2>\n\n\n\n\n\n<!-- Note: calc is to calculate the headerHeight + padding that was already there. -->\n<script src=\"\/\/knowledge.wes.org\/js\/forms2\/js\/forms2.min.js\"><\/script>\n<section  class=\"sw-block sw-marketo-embed\">\n\n    \n        \n            \n            <form id=\"mktoForm_9161\"><\/form>\n            <div id=\"thank-you-message_9161\" style=\"visibility: hidden;\"><p>Merci de nous avoir contact\u00e9s. Nous vous r\u00e9pondrons dans les plus brefs d\u00e9lais.<\/p><\/div>\n\n        \n    \n\n\n    <div>\n        \n        <script>MktoForms2.loadForm(\"\/\/knowledge.wes.org\", \"317-CTM-316\", 9161, function(form) {\n                \/\/Add an onSuccess handler\n                form.onSuccess(function(values, followUpUrl) {\n                    \/\/get the form's jQuery element and hide it.\n                    form.getFormElem().hide();\n                    jQuery('.hide-on-success-mktoForm_9161').slideUp(200);\n                    document.getElementById('thank-you-message_9161').style.visibility = 'visible';\n\n                    \/\/return false to prevent the submission handler from taking the lead to the follow up url.\n                    return false;\n                });\n            });\n        <\/script>\n        \n    <\/div>\n\n<\/section>\n\n\n<div style=\"height:100px;width:0px\" aria-hidden=\"true\" class=\"wp-block-spacer wp-container-content-c0740251\"><\/div>\n<\/section>\n","protected":false},"excerpt":{"rendered":"<p>L\u2019avantage AccessWES\u00ae AccessWES\u00ae est le syst\u00e8me de livraison en ligne s\u00e9curis\u00e9 que nous utilisons pour envoyer les rapports d\u2019\u00e9valuation WES aux \u00e9tablissements d\u2019enseignement et \u00e0 d\u2019autres organisations agr\u00e9\u00e9es. Demander un nouveau compte AccessWES\u00ae<\/p>\n","protected":false},"author":1,"featured_media":0,"parent":43797,"menu_order":0,"comment_status":"closed","ping_status":"closed","template":"","meta":{"_acf_changed":false,"footnotes":""},"class_list":["post-49042","page","type-page","status-publish","hentry"],"better_featured_image":null,"acf":{"intro_more_button_cta_link":"","main_content_item_1_cta_link":"","main_content_item_2_cta_link":"","main_content_item_3_cta_link":"","main_content_item_4_cta_link":"","main_content_item_5_cta_link":"","main_content_item_6_cta_link":"","main_content_item_7_cta_link":"","main_content_item_8_cta_link":"","main_content_item_9_cta_link":"","main_content_item_10_cta_link":"","intro_text_cta_link":"https:\/\/www.wes.org\/partners\/integrating-with-slate\/","alert_msg":"default","features":[{"feature_icon":"https:\/\/www.wes.org\/wp-content\/uploads\/2020\/07\/Frame-3.png","feature_title":""},{"feature_icon":"https:\/\/www.wes.org\/wp-content\/uploads\/2020\/07\/Frame-4.png","feature_title":""},{"feature_icon":"https:\/\/www.wes.org\/wp-content\/uploads\/2020\/07\/Frame-5.png","feature_title":""},{"feature_icon":"https:\/\/www.wes.org\/wp-content\/uploads\/2020\/07\/Frame-6.png","feature_title":""}]},"yoast_head":"<!-- This site is optimized with the Yoast SEO Premium plugin v26.2 (Yoast SEO v27.0) - https:\/\/yoast.com\/product\/yoast-seo-premium-wordpress\/ -->\n<title>L\u2019avantage AccessWES\u00ae - WES<\/title>\n<meta name=\"robots\" content=\"noindex, follow\" \/>\n<meta property=\"og:locale\" content=\"fr_FR\" \/>\n<meta property=\"og:type\" content=\"article\" \/>\n<meta property=\"og:title\" content=\"L\u2019avantage AccessWES\u00ae\" \/>\n<meta property=\"og:description\" content=\"L\u2019avantage AccessWES\u00ae AccessWES\u00ae est le syst\u00e8me de livraison en ligne s\u00e9curis\u00e9 que nous utilisons pour envoyer les rapports d\u2019\u00e9valuation WES aux \u00e9tablissements d\u2019enseignement et \u00e0 d\u2019autres organisations agr\u00e9\u00e9es. Demander un nouveau compte AccessWES\u00ae\" \/>\n<meta property=\"og:url\" content=\"https:\/\/www.wes.org\/fr\/evaluations-de-diplomes\/lavantage-accesswes\/\" \/>\n<meta property=\"og:site_name\" content=\"WES\" \/>\n<meta property=\"article:publisher\" content=\"https:\/\/www.facebook.com\/WorldEducationServices\/\" \/>\n<meta property=\"article:modified_time\" content=\"2025-05-30T20:24:32+00:00\" \/>\n<meta name=\"twitter:card\" content=\"summary_large_image\" \/>\n<meta name=\"twitter:site\" content=\"@WorldEdServices\" \/>\n<meta name=\"twitter:label1\" content=\"Dur\u00e9e de lecture estim\u00e9e\" \/>\n\t<meta name=\"twitter:data1\" content=\"1 minute\" \/>\n<script type=\"application\/ld+json\" class=\"yoast-schema-graph\">{\"@context\":\"https:\/\/schema.org\",\"@graph\":[{\"@type\":\"WebPage\",\"@id\":\"https:\/\/www.wes.org\/fr\/evaluations-de-diplomes\/lavantage-accesswes\/\",\"url\":\"https:\/\/www.wes.org\/fr\/evaluations-de-diplomes\/lavantage-accesswes\/\",\"name\":\"L\u2019avantage AccessWES\u00ae - WES\",\"isPartOf\":{\"@id\":\"https:\/\/www.wes.org\/fr\/#website\"},\"datePublished\":\"2025-04-03T14:38:52+00:00\",\"dateModified\":\"2025-05-30T20:24:32+00:00\",\"breadcrumb\":{\"@id\":\"https:\/\/www.wes.org\/fr\/evaluations-de-diplomes\/lavantage-accesswes\/#breadcrumb\"},\"inLanguage\":\"fr-FR\",\"potentialAction\":[{\"@type\":\"ReadAction\",\"target\":[\"https:\/\/www.wes.org\/fr\/evaluations-de-diplomes\/lavantage-accesswes\/\"]}]},{\"@type\":\"BreadcrumbList\",\"@id\":\"https:\/\/www.wes.org\/fr\/evaluations-de-diplomes\/lavantage-accesswes\/#breadcrumb\",\"itemListElement\":[{\"@type\":\"ListItem\",\"position\":1,\"name\":\"Home\",\"item\":\"https:\/\/www.wes.org\/fr\/\"},{\"@type\":\"ListItem\",\"position\":2,\"name\":\"\u00c9valuation de dipl\u00f4mes\",\"item\":\"https:\/\/www.wes.org\/fr\/evaluations-de-diplomes\/\"},{\"@type\":\"ListItem\",\"position\":3,\"name\":\"L\u2019avantage AccessWES\u00ae\"}]},{\"@type\":\"WebSite\",\"@id\":\"https:\/\/www.wes.org\/fr\/#website\",\"url\":\"https:\/\/www.wes.org\/fr\/\",\"name\":\"World Education Services\",\"description\":\"\",\"publisher\":{\"@id\":\"https:\/\/www.wes.org\/fr\/#organization\"},\"potentialAction\":[{\"@type\":\"SearchAction\",\"target\":{\"@type\":\"EntryPoint\",\"urlTemplate\":\"https:\/\/www.wes.org\/fr\/?s={search_term_string}\"},\"query-input\":{\"@type\":\"PropertyValueSpecification\",\"valueRequired\":true,\"valueName\":\"search_term_string\"}}],\"inLanguage\":\"fr-FR\"},{\"@type\":\"Organization\",\"@id\":\"https:\/\/www.wes.org\/fr\/#organization\",\"name\":\"World Education Services\",\"url\":\"https:\/\/www.wes.org\/fr\/\",\"logo\":{\"@type\":\"ImageObject\",\"inLanguage\":\"fr-FR\",\"@id\":\"https:\/\/www.wes.org\/fr\/#\/schema\/logo\/image\/\",\"url\":\"https:\/\/www.wes.org\/wp-content\/uploads\/2024\/07\/cropped-cropped-WES_Logo_RGB-Primary_Green-Clearspace-e1719869905447.png\",\"contentUrl\":\"https:\/\/www.wes.org\/wp-content\/uploads\/2024\/07\/cropped-cropped-WES_Logo_RGB-Primary_Green-Clearspace-e1719869905447.png\",\"width\":512,\"height\":512,\"caption\":\"World Education Services\"},\"image\":{\"@id\":\"https:\/\/www.wes.org\/fr\/#\/schema\/logo\/image\/\"},\"sameAs\":[\"https:\/\/www.facebook.com\/WorldEducationServices\/\",\"https:\/\/x.com\/WorldEdServices\",\"https:\/\/www.linkedin.com\/company\/worldeducationservices\/\"]}]}<\/script>\n<!-- \/ Yoast SEO Premium plugin. -->","yoast_head_json":{"title":"L\u2019avantage AccessWES\u00ae - WES","robots":{"index":"noindex","follow":"follow"},"og_locale":"fr_FR","og_type":"article","og_title":"L\u2019avantage AccessWES\u00ae","og_description":"L\u2019avantage AccessWES\u00ae AccessWES\u00ae est le syst\u00e8me de livraison en ligne s\u00e9curis\u00e9 que nous utilisons pour envoyer les rapports d\u2019\u00e9valuation WES aux \u00e9tablissements d\u2019enseignement et \u00e0 d\u2019autres organisations agr\u00e9\u00e9es. Demander un nouveau compte AccessWES\u00ae","og_url":"https:\/\/www.wes.org\/fr\/evaluations-de-diplomes\/lavantage-accesswes\/","og_site_name":"WES","article_publisher":"https:\/\/www.facebook.com\/WorldEducationServices\/","article_modified_time":"2025-05-30T20:24:32+00:00","twitter_card":"summary_large_image","twitter_site":"@WorldEdServices","twitter_misc":{"Dur\u00e9e de lecture estim\u00e9e":"1 minute"},"schema":{"@context":"https:\/\/schema.org","@graph":[{"@type":"WebPage","@id":"https:\/\/www.wes.org\/fr\/evaluations-de-diplomes\/lavantage-accesswes\/","url":"https:\/\/www.wes.org\/fr\/evaluations-de-diplomes\/lavantage-accesswes\/","name":"L\u2019avantage AccessWES\u00ae - WES","isPartOf":{"@id":"https:\/\/www.wes.org\/fr\/#website"},"datePublished":"2025-04-03T14:38:52+00:00","dateModified":"2025-05-30T20:24:32+00:00","breadcrumb":{"@id":"https:\/\/www.wes.org\/fr\/evaluations-de-diplomes\/lavantage-accesswes\/#breadcrumb"},"inLanguage":"fr-FR","potentialAction":[{"@type":"ReadAction","target":["https:\/\/www.wes.org\/fr\/evaluations-de-diplomes\/lavantage-accesswes\/"]}]},{"@type":"BreadcrumbList","@id":"https:\/\/www.wes.org\/fr\/evaluations-de-diplomes\/lavantage-accesswes\/#breadcrumb","itemListElement":[{"@type":"ListItem","position":1,"name":"Home","item":"https:\/\/www.wes.org\/fr\/"},{"@type":"ListItem","position":2,"name":"\u00c9valuation de dipl\u00f4mes","item":"https:\/\/www.wes.org\/fr\/evaluations-de-diplomes\/"},{"@type":"ListItem","position":3,"name":"L\u2019avantage AccessWES\u00ae"}]},{"@type":"WebSite","@id":"https:\/\/www.wes.org\/fr\/#website","url":"https:\/\/www.wes.org\/fr\/","name":"World Education Services","description":"","publisher":{"@id":"https:\/\/www.wes.org\/fr\/#organization"},"potentialAction":[{"@type":"SearchAction","target":{"@type":"EntryPoint","urlTemplate":"https:\/\/www.wes.org\/fr\/?s={search_term_string}"},"query-input":{"@type":"PropertyValueSpecification","valueRequired":true,"valueName":"search_term_string"}}],"inLanguage":"fr-FR"},{"@type":"Organization","@id":"https:\/\/www.wes.org\/fr\/#organization","name":"World Education Services","url":"https:\/\/www.wes.org\/fr\/","logo":{"@type":"ImageObject","inLanguage":"fr-FR","@id":"https:\/\/www.wes.org\/fr\/#\/schema\/logo\/image\/","url":"https:\/\/www.wes.org\/wp-content\/uploads\/2024\/07\/cropped-cropped-WES_Logo_RGB-Primary_Green-Clearspace-e1719869905447.png","contentUrl":"https:\/\/www.wes.org\/wp-content\/uploads\/2024\/07\/cropped-cropped-WES_Logo_RGB-Primary_Green-Clearspace-e1719869905447.png","width":512,"height":512,"caption":"World Education Services"},"image":{"@id":"https:\/\/www.wes.org\/fr\/#\/schema\/logo\/image\/"},"sameAs":["https:\/\/www.facebook.com\/WorldEducationServices\/","https:\/\/x.com\/WorldEdServices","https:\/\/www.linkedin.com\/company\/worldeducationservices\/"]}]}},"wpml_current_locale":"fr_FR","wpml_translations":[{"locale":"en_US","id":1145,"post_title":"The AccessWES&reg; Advantage","href":"https:\/\/www.wes.org\/why-accesswes\/"}],"_links":{"self":[{"href":"https:\/\/www.wes.org\/fr\/wp-json\/wp\/v2\/pages\/49042","targetHints":{"allow":["GET"]}}],"collection":[{"href":"https:\/\/www.wes.org\/fr\/wp-json\/wp\/v2\/pages"}],"about":[{"href":"https:\/\/www.wes.org\/fr\/wp-json\/wp\/v2\/types\/page"}],"author":[{"embeddable":true,"href":"https:\/\/www.wes.org\/fr\/wp-json\/wp\/v2\/users\/1"}],"replies":[{"embeddable":true,"href":"https:\/\/www.wes.org\/fr\/wp-json\/wp\/v2\/comments?post=49042"}],"version-history":[{"count":0,"href":"https:\/\/www.wes.org\/fr\/wp-json\/wp\/v2\/pages\/49042\/revisions"}],"up":[{"embeddable":true,"href":"https:\/\/www.wes.org\/fr\/wp-json\/wp\/v2\/pages\/43797"}],"wp:attachment":[{"href":"https:\/\/www.wes.org\/fr\/wp-json\/wp\/v2\/media?parent=49042"}],"curies":[{"name":"wp","href":"https:\/\/api.w.org\/{rel}","templated":true}]}}