{"id":48992,"date":"2025-03-27T13:27:27","date_gmt":"2025-03-27T17:27:27","guid":{"rendered":"https:\/\/www.wes.org\/evaluations-de-diplomes\/notre-travail-avec-les-etablissements-denseignement-superieur-du-monde-entier\/"},"modified":"2025-05-02T14:57:35","modified_gmt":"2025-05-02T18:57:35","slug":"notre-travail-avec-les-etablissements-denseignement-superieur-du-monde-entier","status":"publish","type":"page","link":"https:\/\/www.wes.org\/fr\/evaluations-de-diplomes\/notre-travail-avec-les-etablissements-denseignement-superieur-du-monde-entier\/","title":{"rendered":"Notre travail avec les \u00e9tablissements d&rsquo;enseignement sup\u00e9rieur du monde entier"},"content":{"rendered":"\n<h1 class=\"wp-block-heading has-text-align-center\" id=\"h-notre-travail-avec-les-etablissements-d-enseignement-superieur-du-monde-entier\">Notre travail avec les \u00e9tablissements d&rsquo;enseignement sup\u00e9rieur du monde entier<\/h1>\n\n\n\n<div style=\"height:100px\" aria-hidden=\"true\" class=\"wp-block-spacer\"><\/div>\n\n\n\n\n\n<section \n   \n  class=\"relative sw-block alignwide wp-block-group is-layout-flow wp-block-storyware-floating-content-is-layout-flow\"\n  style=\"--wp--style--layout--content-size: var(--wp--custom--content-width); \n         --wp--style--layout--wide-size: var(--wp--custom--wide-width);\">\n\n  <div class=\"mx-auto px-5\">\n    <div class=\"grid gap-5 md:grid-cols-2 lg:gap-24 items-center\">\n\n      <!-- Image Column -->\n      <div class=\"not-prose\">\n                  <img loading=\"lazy\" decoding=\"async\" width=\"720\" height=\"394\" src=\"https:\/\/www.wes.org\/wp-content\/uploads\/2021\/03\/01-iStock-1288579028-US-CAN.jpg\" class=\"h-72 md:h-[480px] w-full object-cover object-center\" alt=\"University building\" srcset=\"https:\/\/www.wes.org\/wp-content\/uploads\/2021\/03\/01-iStock-1288579028-US-CAN.jpg 720w, https:\/\/www.wes.org\/wp-content\/uploads\/2021\/03\/01-iStock-1288579028-US-CAN-300x164.jpg 300w\" sizes=\"auto, (max-width: 720px) 100vw, 720px\" \/>\n                        <\/div>\n\n      <!-- Text Column -->\n      <div class=\"md:order-last\">\n\n                  <h2 class=\"font-medium text-[28px] text-black leading-snug\">Un engagement en faveur des meilleures pratiques<\/h2>\n        \n                  <div class=\"mt-3\"><p>Avec des partenariats dans plus de 48\u00a0000\u00a0\u00e9tablissements d&rsquo;enseignement sup\u00e9rieur dans plus de 200\u00a0pays et territoires, notre exp\u00e9rience avec les \u00e9coles, les anciens \u00e9l\u00e8ves et les candidats est sans \u00e9gale. Notre base de donn\u00e9es sur l&rsquo;\u00e9tat du secteur et notre connaissance de premi\u00e8re main des normes internationales garantissent que nos m\u00e9thodes sont \u00e0 jour et refl\u00e8tent les meilleures pratiques du secteur en fonction des institutions, des r\u00e9gions et des pays. Nous nous engageons \u00e0 travailler directement avec les instituts d&rsquo;enseignement sup\u00e9rieur pour que la remise des documents et l&rsquo;\u00e9valuation des dipl\u00f4mes se fassent de mani\u00e8re transparente et s\u00fbre, gr\u00e2ce \u00e0 nos nouveaux outils num\u00e9riques innovants.<\/p>\n<\/div>\n        \n        <!-- Button Type: Standard Link -->\n        \n        <!-- Button Type: Marketo Popup -->\n        \n      <\/div>\n    <\/div>\n  <\/div>\n<\/section>\n\n\n\n<div style=\"height:100px\" aria-hidden=\"true\" class=\"wp-block-spacer\"><\/div>\n\n\n\n\n\n<section \n   \n  class=\"relative sw-block alignwide wp-block-group is-layout-flow wp-block-storyware-floating-content-is-layout-flow\"\n  style=\"--wp--style--layout--content-size: var(--wp--custom--content-width); \n         --wp--style--layout--wide-size: var(--wp--custom--wide-width);\">\n\n  <div class=\"mx-auto px-5\">\n    <div class=\"grid gap-5 md:grid-cols-2 lg:gap-24 items-center\">\n\n      <!-- Image Column -->\n      <div class=\"not-prose\">\n                  <img loading=\"lazy\" decoding=\"async\" width=\"540\" height=\"360\" src=\"https:\/\/www.wes.org\/wp-content\/uploads\/2021\/03\/02-iStock-1203933872-US-CAN.jpg\" class=\"h-72 md:h-[480px] w-full object-cover object-center\" alt=\"Men collaborating in front of laptop\" srcset=\"https:\/\/www.wes.org\/wp-content\/uploads\/2021\/03\/02-iStock-1203933872-US-CAN.jpg 540w, https:\/\/www.wes.org\/wp-content\/uploads\/2021\/03\/02-iStock-1203933872-US-CAN-300x200.jpg 300w\" sizes=\"auto, (max-width: 540px) 100vw, 540px\" \/>\n                        <\/div>\n\n      <!-- Text Column -->\n      <div class=\"md:order-first\">\n\n                  <h2 class=\"font-medium text-[28px] text-black leading-snug\">Retour d&#039;information collaboratif<\/h2>\n        \n                  <div class=\"mt-3\"><p>Lorsqu&rsquo;un \u00e9tablissement collabore avec WES, il b\u00e9n\u00e9ficie d&rsquo;un partenaire mondialement reconnu en mati\u00e8re d&rsquo;\u00e9valuation des dipl\u00f4mes, mais aussi de ressources d\u00e9di\u00e9es \u00e0 l&rsquo;am\u00e9lioration de la vie de ses anciens \u00e9l\u00e8ves aux \u00c9tats-Unis et au Canada. Nos relations avec les instituts d&rsquo;enseignement sup\u00e9rieur se sont d\u00e9velopp\u00e9es au fil des d\u00e9cennies, dans le cadre de la confiance r\u00e9ciproque qui d\u00e9coule d&rsquo;un retour d&rsquo;information collaboratif. Les instituts d&rsquo;enseignement sup\u00e9rieur re\u00e7oivent de l&rsquo;aide pour la mise en place de technologies s\u00e9curis\u00e9es telles que la livraison de documents num\u00e9riques, tandis que WES d\u00e9veloppe des connaissances, des connexions r\u00e9gionales et une meilleure compr\u00e9hension des syst\u00e8mes \u00e9ducatifs locaux afin d&rsquo;informer nos processus et de guider nos initiatives en mati\u00e8re d&rsquo;impact social.<\/p>\n<\/div>\n        \n        <!-- Button Type: Standard Link -->\n        \n        <!-- Button Type: Marketo Popup -->\n        \n      <\/div>\n    <\/div>\n  <\/div>\n<\/section>\n\n\n\n<div style=\"height:100px\" aria-hidden=\"true\" class=\"wp-block-spacer\"><\/div>\n\n\n\n\n\n<section \n   \n  class=\"relative sw-block alignwide wp-block-group is-layout-flow wp-block-storyware-floating-content-is-layout-flow\"\n  style=\"--wp--style--layout--content-size: var(--wp--custom--content-width); \n         --wp--style--layout--wide-size: var(--wp--custom--wide-width);\">\n\n  <div class=\"mx-auto px-5\">\n    <div class=\"grid gap-5 md:grid-cols-2 lg:gap-24 items-center\">\n\n      <!-- Image Column -->\n      <div class=\"not-prose\">\n                  <img loading=\"lazy\" decoding=\"async\" width=\"540\" height=\"360\" src=\"https:\/\/www.wes.org\/wp-content\/uploads\/2021\/03\/03-iStock-1191816130-US.jpg\" class=\"h-72 md:h-[480px] w-full object-cover object-center\" alt=\"Woman pasting sticky notes on board\" srcset=\"https:\/\/www.wes.org\/wp-content\/uploads\/2021\/03\/03-iStock-1191816130-US.jpg 540w, https:\/\/www.wes.org\/wp-content\/uploads\/2021\/03\/03-iStock-1191816130-US-300x200.jpg 300w\" sizes=\"auto, (max-width: 540px) 100vw, 540px\" \/>\n                        <\/div>\n\n      <!-- Text Column -->\n      <div class=\"md:order-last\">\n\n                  <h2 class=\"font-medium text-[28px] text-black leading-snug\">Des r\u00e9sultats qui changent la vie des anciens \u00e9l\u00e8ves<\/h2>\n        \n                  <div class=\"mt-3\"><div class=\"col-sm-12 col-md-6 item__content\">\n<div class=\"copy\">\n<p>Les instituts d&rsquo;enseignement sup\u00e9rieur b\u00e9n\u00e9ficient de la collaboration avec WES au sein de leurs r\u00e9seaux, qui leur permet d&rsquo;obtenir des donn\u00e9es et des informations pr\u00e9cieuses tout en favorisant des r\u00e9sultats positifs qui changent la vie des anciens \u00e9l\u00e8ves dans les domaines de l&rsquo;enseignement, de l&#8217;emploi et de l&rsquo;immigration. De leur c\u00f4t\u00e9, les quelque 2\u00a0500\u00a0\u00e9tablissements avec lesquels nous travaillons aux \u00c9tats-Unis et au Canada ont la possibilit\u00e9 d&rsquo;\u00e9largir leurs programmes pour inclure des candidats form\u00e9s \u00e0 l&rsquo;\u00e9tranger, avec la certitude que leurs dipl\u00f4mes sont v\u00e9rifi\u00e9s par des experts selon un processus rigoureux et fiable.<\/p>\n<\/div>\n<\/div>\n<\/div>\n        \n        <!-- Button Type: Standard Link -->\n        \n        <!-- Button Type: Marketo Popup -->\n        \n      <\/div>\n    <\/div>\n  <\/div>\n<\/section>\n\n\n\n<div style=\"height:100px\" aria-hidden=\"true\" class=\"wp-block-spacer\"><\/div>\n\n\n\n\n\n<section \n   \n  class=\"relative sw-block alignwide wp-block-group is-layout-flow wp-block-storyware-floating-content-is-layout-flow\"\n  style=\"--wp--style--layout--content-size: var(--wp--custom--content-width); \n         --wp--style--layout--wide-size: var(--wp--custom--wide-width);\">\n\n  <div class=\"mx-auto px-5\">\n    <div class=\"grid gap-5 md:grid-cols-2 lg:gap-24 items-center\">\n\n      <!-- Image Column -->\n      <div class=\"not-prose\">\n                  <img loading=\"lazy\" decoding=\"async\" width=\"540\" height=\"360\" src=\"https:\/\/www.wes.org\/wp-content\/uploads\/2021\/03\/04-iStock-1132123971-US.jpg\" class=\"h-72 md:h-[480px] w-full object-cover object-center\" alt=\"People listening and taking notes\" srcset=\"https:\/\/www.wes.org\/wp-content\/uploads\/2021\/03\/04-iStock-1132123971-US.jpg 540w, https:\/\/www.wes.org\/wp-content\/uploads\/2021\/03\/04-iStock-1132123971-US-300x200.jpg 300w\" sizes=\"auto, (max-width: 540px) 100vw, 540px\" \/>\n                        <\/div>\n\n      <!-- Text Column -->\n      <div class=\"md:order-first\">\n\n                  <h2 class=\"font-medium text-[28px] text-black leading-snug\">Normes de s\u00e9curit\u00e9<\/h2>\n        \n                  <div class=\"mt-3\"><p>WES s&rsquo;engage \u00e0 assurer la s\u00e9curit\u00e9 des candidats, la coh\u00e9rence des normes et une bonne compr\u00e9hension des \u00e9quivalences globales entre les programmes. Nous n&rsquo;oublions jamais que derri\u00e8re chaque rapport que nous publions se cache une personne form\u00e9e \u00e0 l&rsquo;\u00e9tranger qui cherche \u00e0 am\u00e9liorer sa vie et sa communaut\u00e9. Dans un avenir de plus en plus num\u00e9rique et interconnect\u00e9, la mobilit\u00e9 mondiale d\u00e9pendra de plus en plus de normes fiables et de partenariats de collaboration. WES est pr\u00eat pour cet avenir.<\/p>\n<\/div>\n        \n        <!-- Button Type: Standard Link -->\n        \n        <!-- Button Type: Marketo Popup -->\n        \n      <\/div>\n    <\/div>\n  <\/div>\n<\/section>\n\n\n\n<div style=\"height:100px\" aria-hidden=\"true\" class=\"wp-block-spacer\"><\/div>\n","protected":false},"excerpt":{"rendered":"<p>Notre travail avec les \u00e9tablissements d&rsquo;enseignement sup\u00e9rieur du monde entier<\/p>\n","protected":false},"author":1090,"featured_media":0,"parent":43797,"menu_order":0,"comment_status":"closed","ping_status":"closed","template":"","meta":{"_acf_changed":false,"footnotes":""},"class_list":["post-48992","page","type-page","status-publish","hentry"],"better_featured_image":null,"acf":{"intro_more_button_cta_link":"","main_content_item_1_cta_link":"","main_content_item_2_cta_link":"","main_content_item_3_cta_link":"https:\/\/www.wes.org\/digital-partnership-form\/","main_content_item_4_cta_link":"","main_content_item_5_cta_link":"","main_content_item_6_cta_link":"","main_content_item_7_cta_link":"","main_content_item_8_cta_link":"","main_content_item_9_cta_link":"","main_content_item_10_cta_link":"","alert_msg":"default"},"yoast_head":"<!-- This site is optimized with the Yoast SEO Premium plugin v26.2 (Yoast SEO v27.0) - https:\/\/yoast.com\/product\/yoast-seo-premium-wordpress\/ -->\n<title>Notre travail avec les \u00e9tablissements d&#039;enseignement sup\u00e9rieur du monde entier - WES<\/title>\n<meta name=\"robots\" content=\"index, follow, max-snippet:-1, max-image-preview:large, max-video-preview:-1\" \/>\n<link rel=\"canonical\" href=\"https:\/\/www.wes.org\/fr\/evaluations-de-diplomes\/notre-travail-avec-les-etablissements-denseignement-superieur-du-monde-entier\/\" \/>\n<meta property=\"og:locale\" content=\"fr_FR\" \/>\n<meta property=\"og:type\" content=\"article\" \/>\n<meta property=\"og:title\" content=\"Notre travail avec les \u00e9tablissements d&#039;enseignement sup\u00e9rieur du monde entier\" \/>\n<meta property=\"og:description\" content=\"Notre travail avec les \u00e9tablissements d&rsquo;enseignement sup\u00e9rieur du monde entier\" \/>\n<meta property=\"og:url\" content=\"https:\/\/www.wes.org\/fr\/evaluations-de-diplomes\/notre-travail-avec-les-etablissements-denseignement-superieur-du-monde-entier\/\" \/>\n<meta property=\"og:site_name\" content=\"WES\" \/>\n<meta property=\"article:publisher\" content=\"https:\/\/www.facebook.com\/WorldEducationServices\/\" \/>\n<meta property=\"article:modified_time\" content=\"2025-05-02T18:57:35+00:00\" \/>\n<meta name=\"twitter:card\" content=\"summary_large_image\" \/>\n<meta name=\"twitter:site\" content=\"@WorldEdServices\" \/>\n<meta name=\"twitter:label1\" content=\"Dur\u00e9e de lecture estim\u00e9e\" \/>\n\t<meta name=\"twitter:data1\" content=\"1 minute\" \/>\n<script type=\"application\/ld+json\" class=\"yoast-schema-graph\">{\"@context\":\"https:\/\/schema.org\",\"@graph\":[{\"@type\":\"WebPage\",\"@id\":\"https:\/\/www.wes.org\/fr\/evaluations-de-diplomes\/notre-travail-avec-les-etablissements-denseignement-superieur-du-monde-entier\/\",\"url\":\"https:\/\/www.wes.org\/fr\/evaluations-de-diplomes\/notre-travail-avec-les-etablissements-denseignement-superieur-du-monde-entier\/\",\"name\":\"Notre travail avec les \u00e9tablissements d'enseignement sup\u00e9rieur du monde entier - WES\",\"isPartOf\":{\"@id\":\"https:\/\/www.wes.org\/fr\/#website\"},\"datePublished\":\"2025-03-27T17:27:27+00:00\",\"dateModified\":\"2025-05-02T18:57:35+00:00\",\"breadcrumb\":{\"@id\":\"https:\/\/www.wes.org\/fr\/evaluations-de-diplomes\/notre-travail-avec-les-etablissements-denseignement-superieur-du-monde-entier\/#breadcrumb\"},\"inLanguage\":\"fr-FR\",\"potentialAction\":[{\"@type\":\"ReadAction\",\"target\":[\"https:\/\/www.wes.org\/fr\/evaluations-de-diplomes\/notre-travail-avec-les-etablissements-denseignement-superieur-du-monde-entier\/\"]}]},{\"@type\":\"BreadcrumbList\",\"@id\":\"https:\/\/www.wes.org\/fr\/evaluations-de-diplomes\/notre-travail-avec-les-etablissements-denseignement-superieur-du-monde-entier\/#breadcrumb\",\"itemListElement\":[{\"@type\":\"ListItem\",\"position\":1,\"name\":\"Home\",\"item\":\"https:\/\/www.wes.org\/fr\/\"},{\"@type\":\"ListItem\",\"position\":2,\"name\":\"\u00c9valuation de dipl\u00f4mes\",\"item\":\"https:\/\/www.wes.org\/fr\/evaluations-de-diplomes\/\"},{\"@type\":\"ListItem\",\"position\":3,\"name\":\"Notre travail avec les \u00e9tablissements d&rsquo;enseignement sup\u00e9rieur du monde entier\"}]},{\"@type\":\"WebSite\",\"@id\":\"https:\/\/www.wes.org\/fr\/#website\",\"url\":\"https:\/\/www.wes.org\/fr\/\",\"name\":\"World Education Services\",\"description\":\"\",\"publisher\":{\"@id\":\"https:\/\/www.wes.org\/fr\/#organization\"},\"potentialAction\":[{\"@type\":\"SearchAction\",\"target\":{\"@type\":\"EntryPoint\",\"urlTemplate\":\"https:\/\/www.wes.org\/fr\/?s={search_term_string}\"},\"query-input\":{\"@type\":\"PropertyValueSpecification\",\"valueRequired\":true,\"valueName\":\"search_term_string\"}}],\"inLanguage\":\"fr-FR\"},{\"@type\":\"Organization\",\"@id\":\"https:\/\/www.wes.org\/fr\/#organization\",\"name\":\"World Education Services\",\"url\":\"https:\/\/www.wes.org\/fr\/\",\"logo\":{\"@type\":\"ImageObject\",\"inLanguage\":\"fr-FR\",\"@id\":\"https:\/\/www.wes.org\/fr\/#\/schema\/logo\/image\/\",\"url\":\"https:\/\/www.wes.org\/wp-content\/uploads\/2024\/07\/cropped-cropped-WES_Logo_RGB-Primary_Green-Clearspace-e1719869905447.png\",\"contentUrl\":\"https:\/\/www.wes.org\/wp-content\/uploads\/2024\/07\/cropped-cropped-WES_Logo_RGB-Primary_Green-Clearspace-e1719869905447.png\",\"width\":512,\"height\":512,\"caption\":\"World Education Services\"},\"image\":{\"@id\":\"https:\/\/www.wes.org\/fr\/#\/schema\/logo\/image\/\"},\"sameAs\":[\"https:\/\/www.facebook.com\/WorldEducationServices\/\",\"https:\/\/x.com\/WorldEdServices\",\"https:\/\/www.linkedin.com\/company\/worldeducationservices\/\"]}]}<\/script>\n<!-- \/ Yoast SEO Premium plugin. -->","yoast_head_json":{"title":"Notre travail avec les \u00e9tablissements d'enseignement sup\u00e9rieur du monde entier - WES","robots":{"index":"index","follow":"follow","max-snippet":"max-snippet:-1","max-image-preview":"max-image-preview:large","max-video-preview":"max-video-preview:-1"},"canonical":"https:\/\/www.wes.org\/fr\/evaluations-de-diplomes\/notre-travail-avec-les-etablissements-denseignement-superieur-du-monde-entier\/","og_locale":"fr_FR","og_type":"article","og_title":"Notre travail avec les \u00e9tablissements d'enseignement sup\u00e9rieur du monde entier","og_description":"Notre travail avec les \u00e9tablissements d&rsquo;enseignement sup\u00e9rieur du monde entier","og_url":"https:\/\/www.wes.org\/fr\/evaluations-de-diplomes\/notre-travail-avec-les-etablissements-denseignement-superieur-du-monde-entier\/","og_site_name":"WES","article_publisher":"https:\/\/www.facebook.com\/WorldEducationServices\/","article_modified_time":"2025-05-02T18:57:35+00:00","twitter_card":"summary_large_image","twitter_site":"@WorldEdServices","twitter_misc":{"Dur\u00e9e de lecture estim\u00e9e":"1 minute"},"schema":{"@context":"https:\/\/schema.org","@graph":[{"@type":"WebPage","@id":"https:\/\/www.wes.org\/fr\/evaluations-de-diplomes\/notre-travail-avec-les-etablissements-denseignement-superieur-du-monde-entier\/","url":"https:\/\/www.wes.org\/fr\/evaluations-de-diplomes\/notre-travail-avec-les-etablissements-denseignement-superieur-du-monde-entier\/","name":"Notre travail avec les \u00e9tablissements d'enseignement sup\u00e9rieur du monde entier - WES","isPartOf":{"@id":"https:\/\/www.wes.org\/fr\/#website"},"datePublished":"2025-03-27T17:27:27+00:00","dateModified":"2025-05-02T18:57:35+00:00","breadcrumb":{"@id":"https:\/\/www.wes.org\/fr\/evaluations-de-diplomes\/notre-travail-avec-les-etablissements-denseignement-superieur-du-monde-entier\/#breadcrumb"},"inLanguage":"fr-FR","potentialAction":[{"@type":"ReadAction","target":["https:\/\/www.wes.org\/fr\/evaluations-de-diplomes\/notre-travail-avec-les-etablissements-denseignement-superieur-du-monde-entier\/"]}]},{"@type":"BreadcrumbList","@id":"https:\/\/www.wes.org\/fr\/evaluations-de-diplomes\/notre-travail-avec-les-etablissements-denseignement-superieur-du-monde-entier\/#breadcrumb","itemListElement":[{"@type":"ListItem","position":1,"name":"Home","item":"https:\/\/www.wes.org\/fr\/"},{"@type":"ListItem","position":2,"name":"\u00c9valuation de dipl\u00f4mes","item":"https:\/\/www.wes.org\/fr\/evaluations-de-diplomes\/"},{"@type":"ListItem","position":3,"name":"Notre travail avec les \u00e9tablissements d&rsquo;enseignement sup\u00e9rieur du monde entier"}]},{"@type":"WebSite","@id":"https:\/\/www.wes.org\/fr\/#website","url":"https:\/\/www.wes.org\/fr\/","name":"World Education Services","description":"","publisher":{"@id":"https:\/\/www.wes.org\/fr\/#organization"},"potentialAction":[{"@type":"SearchAction","target":{"@type":"EntryPoint","urlTemplate":"https:\/\/www.wes.org\/fr\/?s={search_term_string}"},"query-input":{"@type":"PropertyValueSpecification","valueRequired":true,"valueName":"search_term_string"}}],"inLanguage":"fr-FR"},{"@type":"Organization","@id":"https:\/\/www.wes.org\/fr\/#organization","name":"World Education Services","url":"https:\/\/www.wes.org\/fr\/","logo":{"@type":"ImageObject","inLanguage":"fr-FR","@id":"https:\/\/www.wes.org\/fr\/#\/schema\/logo\/image\/","url":"https:\/\/www.wes.org\/wp-content\/uploads\/2024\/07\/cropped-cropped-WES_Logo_RGB-Primary_Green-Clearspace-e1719869905447.png","contentUrl":"https:\/\/www.wes.org\/wp-content\/uploads\/2024\/07\/cropped-cropped-WES_Logo_RGB-Primary_Green-Clearspace-e1719869905447.png","width":512,"height":512,"caption":"World Education Services"},"image":{"@id":"https:\/\/www.wes.org\/fr\/#\/schema\/logo\/image\/"},"sameAs":["https:\/\/www.facebook.com\/WorldEducationServices\/","https:\/\/x.com\/WorldEdServices","https:\/\/www.linkedin.com\/company\/worldeducationservices\/"]}]}},"wpml_current_locale":"fr_FR","wpml_translations":[{"locale":"en_US","id":28628,"post_title":"Our Work with Global Higher Education Institutions","href":"https:\/\/www.wes.org\/our-work-with-global-higher-education-institutions\/"}],"_links":{"self":[{"href":"https:\/\/www.wes.org\/fr\/wp-json\/wp\/v2\/pages\/48992","targetHints":{"allow":["GET"]}}],"collection":[{"href":"https:\/\/www.wes.org\/fr\/wp-json\/wp\/v2\/pages"}],"about":[{"href":"https:\/\/www.wes.org\/fr\/wp-json\/wp\/v2\/types\/page"}],"author":[{"embeddable":true,"href":"https:\/\/www.wes.org\/fr\/wp-json\/wp\/v2\/users\/1090"}],"replies":[{"embeddable":true,"href":"https:\/\/www.wes.org\/fr\/wp-json\/wp\/v2\/comments?post=48992"}],"version-history":[{"count":0,"href":"https:\/\/www.wes.org\/fr\/wp-json\/wp\/v2\/pages\/48992\/revisions"}],"up":[{"embeddable":true,"href":"https:\/\/www.wes.org\/fr\/wp-json\/wp\/v2\/pages\/43797"}],"wp:attachment":[{"href":"https:\/\/www.wes.org\/fr\/wp-json\/wp\/v2\/media?parent=48992"}],"curies":[{"name":"wp","href":"https:\/\/api.w.org\/{rel}","templated":true}]}}