{"id":48865,"date":"2025-03-24T12:00:53","date_gmt":"2025-03-24T16:00:53","guid":{"rendered":"https:\/\/www.wes.org\/impact-social\/partenaires-du-canada\/"},"modified":"2025-03-24T14:30:05","modified_gmt":"2025-03-24T18:30:05","slug":"partenaires-du-canada","status":"publish","type":"page","link":"https:\/\/www.wes.org\/fr\/impact-social\/partenaires-du-canada\/","title":{"rendered":"Partenaires du Canada"},"content":{"rendered":"\n<h1 class=\"wp-block-heading has-text-align-center\" id=\"h-wes-partners-in-canada\">Partenaires WES au Canada<br\/><\/h1>\n\n<p>WES aide les immigrants et r\u00e9fugi\u00e9s \u00e0 tirer parti de leurs formations, \u00e0 atteindre leurs objectifs professionnels et \u00e0 exploiter pleinement leurs talents au Canada. Nous collaborons avec des organisations communautaires, des institutions universitaires, des organisations de d\u00e9veloppement de la main-d\u2019\u0153uvre et d\u2019autres groupes pour mettre en pratique les travaux de recherche et les bonnes pratiques et promouvoir des politiques en faveur de l\u2019\u00e9quit\u00e9 et de l\u2019inclusion des immigrants et des r\u00e9fugi\u00e9s. Voici un aper\u00e7u de nos partenaires au Canada. Pour de plus amples informations sur le partenariat avec WES,\u00a0<a href=\"https:\/\/www.wes.org\/fr\/impact-social\/programmes\/programmes-du-canada\/#si-ca-contactus\">veuillez nous contacter ici<\/a>.<br\/><\/p>\n\n<h2 class=\"wp-block-heading\" id=\"h-iehp-work\">IEHP WORK<\/h2>\n\n<p>WES travaille avec bon nombre de partenaires pour sensibiliser le public au profond d\u00e9calage entre la sous-utilisation des professionnels de la sant\u00e9 form\u00e9s \u00e0 l\u2019\u00e9tranger (PSFE) et les besoins des syst\u00e8mes de sant\u00e9 et de soins de longue dur\u00e9e du Canada.<\/p>\n\n<ul class=\"wp-block-list\">\n<li>Institut pour la citoyennet\u00e9 canadienne (#EqualChance)<\/li>\n\n\n\n<li>Infirmi\u00e8res form\u00e9es \u00e0 l\u2019\u00e9tranger \u2013 Groupe consultatif WES<\/li>\n\n\n\n<li>Coalition pour l\u2019acc\u00e8s des m\u00e9decins form\u00e9s \u00e0 l\u2019\u00e9tranger (ITPAC)\u00a0: R\u00e9seau canadien des m\u00e9decins form\u00e9s \u00e0 l\u2019\u00e9tranger (iCaN), Access Alliance \u2013 R\u00e9seau de soutien aux chercheurs immigrants (IRSN), R\u00e9seau international des m\u00e9decins (IDN), M\u00e9decins form\u00e9s \u00e0 l\u2019\u00e9tranger de l\u2019Ontario (ITPO), Association des m\u00e9decins et chirurgiens internationaux de l\u2019Ontario (AIPSO), Groupe de soutien Niagara IMG\/IEN, Programme de transition pour les m\u00e9decins form\u00e9s \u00e0 l\u2019\u00e9tranger (ITMD) de l\u2019Universit\u00e9 Ryerson, Community Matters Toronto, Learning Enrichment Foundation, WIL Employment Connections \/ Centre d\u2019acc\u00e8s aux emplois r\u00e9glement\u00e9s, Centre multiculturel des arts populaires de Niagara.<\/li>\n\n\n\n<li>OCASI<\/li>\n\n\n\n<li>Association ontarienne des soins de longue dur\u00e9e<\/li>\n\n\n\n<li>AdvantAge Ontario<\/li>\n\n\n\n<li>Centre de soins pour infirmi\u00e8res form\u00e9es \u00e0 l\u2019\u00e9tranger<\/li>\n\n\n\n<li>Syndicat international des employ\u00e9s des services (SEIU)<\/li>\n\n\n\n<li>F\u00e9d\u00e9ration canadienne des syndicats d\u2019infirmi\u00e8res et d\u2019infirmiers (FCSII)<\/li>\n<\/ul>\n\n<h3 class=\"wp-block-heading\" id=\"h-research-partners\">Partenaires de recherche<\/h3>\n\n<ul class=\"wp-block-list\">\n<li>Soins \u00e0 domicile VHA<\/li>\n\n\n\n<li>Chaire d\u2019excellence en recherche du Canada (CERC) sur la migration et l\u2019int\u00e9gration, Universit\u00e9 Ryerson<\/li>\n<\/ul>\n\n<h2 class=\"wp-block-heading\" id=\"h-wes-gateway-program\">PROGRAMME WES GATEWAY<\/h2>\n\n<p>Le programme WES Gateway \u00e9value les dipl\u00f4mes de personnes d\u00e9plac\u00e9es en raison de circonstances d\u00e9favorables dans leur pays et ayant peu de justificatifs de leurs qualifications universitaires. WES collabore avec des organisations partenaires partout au Canada pour orienter les clients vers ce programme. Consultez la liste compl\u00e8te des partenaires de r\u00e9f\u00e9rence\u00a0<a href=\"https:\/\/wes.org\/ca\/about-the-wes-gateway-program\/#main-content-2\">ici<\/a>.<br\/><\/p>\n\n<h2 class=\"wp-block-heading\" id=\"h-employer-engagement\">ENGAGEMENT DES EMPLOYEURS<\/h2>\n\n<h3 class=\"wp-block-heading\" id=\"h-community-projects\">Projets communautaires<\/h3>\n\n<p>WES collabore aupr\u00e8s d\u2019organismes communautaires pour former des agents de changement et favoriser l\u2019inclusion des immigrants dans les collectivit\u00e9s locales du Canada. WES collabore avec des partenaires pour \u00e9laborer des strat\u00e9gies propres \u00e0 chaque communaut\u00e9, notamment des ateliers pour les employeurs, des guides locaux pour l\u2019embauche et la r\u00e9tention des nouveaux arrivants, des salons de l\u2019emploi et des campagnes de communication mettant en exergue les talents des immigrants.<\/p>\n\n<h4 class=\"wp-block-heading\">R\u00e9gion de Waterloo\u00a0:<\/h4>\n\n<ul class=\"wp-block-list\">\n<li>Partenariat en mati\u00e8re d\u2019immigration (r\u00e9gion de Waterloo)<\/li>\n\n\n\n<li>Agilec<\/li>\n\n\n\n<li>Chambre de commerce de Cambridge<\/li>\n\n\n\n<li>Carizon<\/li>\n\n\n\n<li>R\u00e9duction du bruit dB<\/li>\n\n\n\n<li>Chambre de commerce du Grand Kitchener-Waterloo<\/li>\n\n\n\n<li>Centre multiculturel de Kitchener-Waterloo<\/li>\n\n\n\n<li>R\u00e9gion de Waterloo<\/li>\n\n\n\n<li>Centre des petites entreprises de la r\u00e9gion de Waterloo<\/li>\n\n\n\n<li>Conseil de planification de la main-d\u2019\u0153uvre de Waterloo Wellington Dufferin<\/li>\n<\/ul>\n\n<h4 class=\"wp-block-heading\">Grand Moncton\u00a0:<\/h4>\n\n<ul class=\"wp-block-list\">\n<li>Partenariat local d\u2019immigration du Grand Moncton<\/li>\n\n\n\n<li>Chambre de commerce<\/li>\n\n\n\n<li>Questions engageantes<\/li>\n\n\n\n<li>Agrandissement de Dieppe<\/li>\n\n\n\n<li>Le CAFI<\/li>\n\n\n\n<li>MAGMA<\/li>\n\n\n\n<li>Province du Nouveau-Brunswick<\/li>\n\n\n\n<li>Ville de Riverview<\/li>\n\n\n\n<li>3+ Corporation<\/li>\n<\/ul>\n\n<h2 class=\"wp-block-heading\" id=\"h-immigrantswork-national-coalition\">Coalition nationale #ImmigrantsWork<\/h2>\n\n<p><a href=\"https:\/\/wes.org\/partners\/gtb-blog\/immigrantswork-building-immigrant-inclusion-into-business-recovery-plans\/\">La coalition #ImmigrantsWork <\/a>\u00a0a \u00e9t\u00e9 fond\u00e9e pour mettre en avant l\u2019apport des migrants sur le march\u00e9 du travail canadien en vue du redressement des entreprises au lendemain de la pand\u00e9mie. Cette coalition se compose de huit organisations, dont WES, qui ont \u00e0 leur actif des d\u00e9cennies d\u2019exp\u00e9rience dans l\u2019assistance aux employeurs en ce qui concerne l\u2019exploitation au travail des formations, des comp\u00e9tences et de l\u2019exp\u00e9rience des immigrants talentueux.<\/p>\n\n<ul class=\"wp-block-list\">\n<li><a href=\"https:\/\/www.criec.ca\/\">Conseil d\u2019emploi des immigrants de la r\u00e9gion de Calgary (CRIEC)<\/a><\/li>\n\n\n\n<li><a href=\"https:\/\/eriec.ca\/\">Conseil d\u2019emploi des immigrants de la r\u00e9gion d\u2019Edmonton (ERIEC)<\/a><\/li>\n\n\n\n<li><a href=\"https:\/\/www.hireimmigrantsottawa.ca\/\">Embaucher des immigrants \u00e0 Ottawa<\/a><\/li>\n\n\n\n<li><a href=\"https:\/\/halifaxpartnership.com\/\">Partenariat d\u2019Halifax<\/a><\/li>\n\n\n\n<li><a href=\"https:\/\/iecbc.ca\/\">Conseil pour l\u2019emploi des immigrants de la Colombie-Britannique (IEC-BC)<\/a><\/li>\n\n\n\n<li><a href=\"https:\/\/www.niagaraworkforce.ca\/site\/home\">Conseil de planification de la main-d\u2019\u0153uvre de Niagara (NIEC)<\/a><\/li>\n\n\n\n<li><a href=\"https:\/\/triec.ca\/\">Conseil d\u2019emploi des immigrants de la r\u00e9gion de Toronto (TRIEC)<\/a><\/li>\n<\/ul>\n\n<h2 class=\"wp-block-heading\" id=\"h-pre-arrival-and-referral-programs\">PROGRAMMES DE PR\u00c9-ARRIV\u00c9E ET DE R\u00c9F\u00c9RENCE<\/h2>\n\n<p>Le programme de r\u00e9f\u00e9rence de WES facilite la mise en lien des professionnels form\u00e9s \u00e0 l\u2019\u00e9tranger avec les programmes et services, permettant aux migrants d\u2019atteindre leurs objectifs d\u2019int\u00e9gration et de carri\u00e8re au Canada.<\/p>\n\n<ul class=\"wp-block-list\">\n<li><a href=\"https:\/\/accesemployment.ca\/learn-about-us\/talk-to-us\">Emploi ACCES<\/a><\/li>\n\n\n\n<li><a href=\"https:\/\/aeipsuccess.ca\/eligibility\">Projet d\u2019engagement actif et d\u2019int\u00e9gration (AEIP)<\/a><\/li>\n\n\n\n<li><a href=\"https:\/\/www.axiscareers.net\/home\">Services de carri\u00e8re AXIS<\/a><\/li>\n\n\n\n<li><a href=\"https:\/\/accesemp.formtitan.com\/bfteb58cc341619360996554#\/\">R\u00e9seautage d\u2019emploi canadien<\/a><\/li>\n\n\n\n<li><a href=\"https:\/\/www.canadainfonet.org\/registration\/\">Canada InfoNet<\/a><\/li>\n\n\n\n<li><a href=\"https:\/\/accesemp.formtitan.com\/bftc98be7181623361585637#\/\">R\u00e9seautage entrepreneurial avant l\u2019arriv\u00e9e<\/a><\/li>\n\n\n\n<li><a href=\"https:\/\/iecbc.insite.com\/custom\/iecbc\/accounts\/register\">Faciliter l\u2019acc\u00e8s aux talents qualifi\u00e9s (FAST)<\/a><\/li>\n\n\n\n<li><a href=\"https:\/\/jobs.etalentcanada.ca\/register\/\">GO Talent<\/a><\/li>\n\n\n\n<li><a href=\"https:\/\/www.icmanitoba.com\/\">Centre d\u2019immigration du Manitoba<\/a><\/li>\n\n\n\n<li><a href=\"https:\/\/www.isans.ca\/about\/get-started-at-isans\/\">Association des services aux immigrants de la Nouvelle-\u00c9cosse (ISANS)<\/a><\/li>\n\n\n\n<li><a href=\"http:\/\/www.ictc-ctic.ca\/\">Conseil des technologies de l\u2019information et des communications (CTIC)<\/a><\/li>\n\n\n\n<li><a href=\"https:\/\/www.jvstoronto.org\/new-clients\/\">JVS Toronto<\/a><\/li>\n\n\n\n<li><a href=\"https:\/\/www.lfsfamily.ca\/\">Services aux familles de Lethbridge<\/a><\/li>\n\n\n\n<li><a href=\"https:\/\/nextstop-canada.secure.force.com\/\">Next Stop Canada<\/a><\/li>\n\n\n\n<li><a href=\"https:\/\/2register.planningforcanada.ca\/register\/index.php?wes=y\">Planification pour le Canada<\/a><\/li>\n\n\n\n<li><a href=\"http:\/\/www.pass4nurses.org\/register\">Programme de soutien et services avant l\u2019arriv\u00e9e (PASS)<\/a><\/li>\n\n\n\n<li><a href=\"mailto:esuregistrations@sods.sk.ca?subject=Client%20Referral%20from%20WES%20Referral%20Program\">Soci\u00e9t\u00e9 de la porte ouverte de Saskatoon (SODS)<\/a><\/li>\n\n\n\n<li><a href=\"https:\/\/arriveprepared.ca\/\">R\u00e8glement en ligne avant l\u2019arriv\u00e9e (SOPA)<\/a><\/li>\n\n\n\n<li><a href=\"https:\/\/iecbc.insite.com\/custom\/iecbc\/accounts\/register\">Passeport de comp\u00e9tences pour les nouveaux arrivants en technologies (SPRINT)<\/a><\/li>\n\n\n\n<li><a href=\"https:\/\/successbc.ca\/\">S.U.C.C.E.S.S<\/a><\/li>\n\n\n\n<li><a href=\"https:\/\/newcomersincanada.ca\/\">YMCA de la r\u00e9gion du Grand Toronto<\/a><\/li>\n<\/ul>\n\n<h2 class=\"wp-block-heading\" id=\"h-immigrant-youth\">JEUNES IMMIGR\u00c9S<\/h2>\n\n<p>WES s\u2019engage aupr\u00e8s des principales parties prenantes et des organisations de d\u00e9veloppement de la main-d\u2019\u0153uvre pour insuffler le changement, produire un impact et soutenir des r\u00e9sultats d\u2019emploi positifs \u00e0 long terme ainsi que l\u2019autonomisation financi\u00e8re des jeunes immigrants. WES copr\u00e9side la Table ronde nationale pour les jeunes immigrants avec le\u00a0<a href=\"https:\/\/www.ccyp-ccpj.org\/\">Conseil canadien pour la prosp\u00e9rit\u00e9 des jeunes<\/a>\u00a0avec un r\u00e9seau d\u2019adh\u00e9rents.<\/p>\n\n<ul class=\"wp-block-list\">\n<li><a href=\"https:\/\/brookfieldinstitute.ca\/\">Institut Brookfield pour l\u2019innovation et l\u2019entrepreneuriat<\/a><\/li>\n\n\n\n<li><a href=\"https:\/\/www.ccisab.ca\/\">Soci\u00e9t\u00e9 catholique d\u2019immigration de Calgary (CCIS)<\/a><\/li>\n\n\n\n<li><a href=\"https:\/\/careerfoundation.com\/\">La Fondation Carri\u00e8re<\/a><\/li>\n\n\n\n<li><a href=\"https:\/\/www.toronto.ca\/\">Ville de Toronto<\/a><\/li>\n\n\n\n<li><a href=\"https:\/\/www.concordia.ca\/\">Universit\u00e9 Concordia<\/a><\/li>\n\n\n\n<li><a href=\"https:\/\/www.cooperatorsgroupinsurance.ca\/\">Les Coop\u00e9rateurs<\/a><\/li>\n\n\n\n<li><a href=\"http:\/\/www.costi.org\/\">COSTI<\/a><\/li>\n\n\n\n<li><a href=\"https:\/\/iecbc.ca\/\">Conseil pour l\u2019emploi des immigrants de la Colombie-Britannique (IEC-BC)<\/a><\/li>\n\n\n\n<li><a href=\"https:\/\/lmic-cimt.ca\/\">Conseil d\u2019information sur le march\u00e9 du travail (CIMT)<\/a><\/li>\n\n\n\n<li><a href=\"https:\/\/magnet.today\/\">Aimant<\/a><\/li>\n\n\n\n<li><a href=\"https:\/\/npowercanada.ca\/\">NPower<\/a><\/li>\n\n\n\n<li><a href=\"https:\/\/opportunityforallyouth.ca\/\">Opportunit\u00e9s pour tous les jeunes (O4AY)<\/a><\/li>\n\n\n\n<li><a href=\"https:\/\/otec.org\/\">OTEC<\/a><\/li>\n\n\n\n<li><a href=\"https:\/\/peelnewcomer.org\/\">Groupe de strat\u00e9gie pour les nouveaux arrivants de Peel<\/a><\/li>\n\n\n\n<li><a href=\"https:\/\/successbc.ca\/\">S.U.C.C.E.S.S<\/a><\/li>\n\n\n\n<li><a href=\"https:\/\/www.ryerson.ca\/tedrogersschool\/\">\u00c9cole de gestion Ted Rogers (Universit\u00e9 Ryerson)<\/a><\/li>\n\n\n\n<li><a href=\"https:\/\/workforcecollaborative.ca\/\">Collaboration pour le financement de la main-d\u2019\u0153uvre de Toronto<\/a><\/li>\n\n\n\n<li><a href=\"https:\/\/ventureforcanada.ca\/\">Une aventure pour le Canada<\/a><\/li>\n\n\n\n<li><a href=\"https:\/\/wusc.ca\/\">Service universitaire mondial<\/a><\/li>\n<\/ul>\n\n<p>WES a lanc\u00e9 un projet d\u2019apprentissage int\u00e9gr\u00e9 au travail avec\u00a0<a href=\"https:\/\/www2.deloitte.com\/ca\/en.html\">Deloitte<\/a>\u00a0et\u00a0<a href=\"https:\/\/www.ryerson.ca\/tedrogersschool\/\">\u00c9cole de gestion Ted Rogers (Universit\u00e9 Ryerson)<\/a>. Nos partenaires \u00e0 but non lucratif sont\u00a0:<\/p>\n\n<ul class=\"wp-block-list\">\n<li><a href=\"https:\/\/successcentre.ca\/\">Centre de comp\u00e9tences de r\u00e9ussite<\/a><\/li>\n\n\n\n<li><a href=\"https:\/\/www.woodgreen.org\/\">Services communautaires de Woodgreen<\/a><\/li>\n\n\n\n<li><a href=\"https:\/\/successbc.ca\/\">S.U.C.C.E.S.S.<\/a><\/li>\n\n\n\n<li><a href=\"https:\/\/www.wanasah.ca\/\">Wanasah\u00a0: services de sant\u00e9 mentale pour jeunes noirs<\/a><\/li>\n<\/ul>\n\n<h2 class=\"wp-block-heading\" id=\"h-other-key-programs-and-partners\">AUTRES PROGRAMMES ET PARTENAIRES CL\u00c9S<\/h2>\n\n<ul class=\"wp-block-list\">\n<li>SkyHive<\/li>\n\n\n\n<li>SkillLab<\/li>\n\n\n\n<li>WES a travaill\u00e9 en partenariat avec le\u00a0<a href=\"https:\/\/lmic-cimt.ca\/projects\/future-of-work\/\">Conseil d\u2019information sur le march\u00e9 du travail (CIMT)<\/a>\u00a0sur la\u00a0<a href=\"https:\/\/lmic-cimt.ca\/projects\/future-of-work\/\">Bibliographie annot\u00e9e sur l\u2019avenir du travail<\/a>\u00a0pour s\u2019assurer que les d\u00e9cideurs politiques et les parties prenantes disposent des outils et des connaissances n\u00e9cessaires.<\/li>\n<\/ul>\n\n<p><\/p>\n","protected":false},"excerpt":{"rendered":"<p>Partenaires WES au Canada WES aide les immigrants et r\u00e9fugi\u00e9s \u00e0 tirer parti de leurs formations, \u00e0 atteindre leurs objectifs professionnels et \u00e0 exploiter pleinement leurs talents au Canada. Nous collaborons avec des organisations communautaires, des institutions universitaires, des organisations de d\u00e9veloppement de la main-d\u2019\u0153uvre et d\u2019autres groupes pour mettre en pratique les travaux de [&hellip;]<\/p>\n","protected":false},"author":65,"featured_media":0,"parent":43799,"menu_order":0,"comment_status":"closed","ping_status":"closed","template":"","meta":{"_acf_changed":false,"footnotes":""},"class_list":["post-48865","page","type-page","status-publish","hentry"],"better_featured_image":null,"acf":{"alert_msg":null,"alert_msg_global":null,"alert_msg_custom":null},"yoast_head":"<!-- This site is optimized with the Yoast SEO Premium plugin v26.2 (Yoast SEO v27.0) - https:\/\/yoast.com\/product\/yoast-seo-premium-wordpress\/ -->\n<title>Partenaires du Canada - WES<\/title>\n<meta name=\"robots\" content=\"index, follow, max-snippet:-1, max-image-preview:large, max-video-preview:-1\" \/>\n<link rel=\"canonical\" href=\"https:\/\/www.wes.org\/fr\/impact-social\/partenaires-du-canada\/\" \/>\n<meta property=\"og:locale\" content=\"fr_FR\" \/>\n<meta property=\"og:type\" content=\"article\" \/>\n<meta property=\"og:title\" content=\"Partenaires du Canada\" \/>\n<meta property=\"og:description\" content=\"Partenaires WES au Canada WES aide les immigrants et r\u00e9fugi\u00e9s \u00e0 tirer parti de leurs formations, \u00e0 atteindre leurs objectifs professionnels et \u00e0 exploiter pleinement leurs talents au Canada. Nous collaborons avec des organisations communautaires, des institutions universitaires, des organisations de d\u00e9veloppement de la main-d\u2019\u0153uvre et d\u2019autres groupes pour mettre en pratique les travaux de [&hellip;]\" \/>\n<meta property=\"og:url\" content=\"https:\/\/www.wes.org\/fr\/impact-social\/partenaires-du-canada\/\" \/>\n<meta property=\"og:site_name\" content=\"WES\" \/>\n<meta property=\"article:publisher\" content=\"https:\/\/www.facebook.com\/WorldEducationServices\/\" \/>\n<meta property=\"article:modified_time\" content=\"2025-03-24T18:30:05+00:00\" \/>\n<meta name=\"twitter:card\" content=\"summary_large_image\" \/>\n<meta name=\"twitter:site\" content=\"@WorldEdServices\" \/>\n<meta name=\"twitter:label1\" content=\"Dur\u00e9e de lecture estim\u00e9e\" \/>\n\t<meta name=\"twitter:data1\" content=\"6 minutes\" \/>\n<script type=\"application\/ld+json\" class=\"yoast-schema-graph\">{\"@context\":\"https:\/\/schema.org\",\"@graph\":[{\"@type\":\"WebPage\",\"@id\":\"https:\/\/www.wes.org\/fr\/impact-social\/partenaires-du-canada\/\",\"url\":\"https:\/\/www.wes.org\/fr\/impact-social\/partenaires-du-canada\/\",\"name\":\"Partenaires du Canada - WES\",\"isPartOf\":{\"@id\":\"https:\/\/www.wes.org\/fr\/#website\"},\"datePublished\":\"2025-03-24T16:00:53+00:00\",\"dateModified\":\"2025-03-24T18:30:05+00:00\",\"breadcrumb\":{\"@id\":\"https:\/\/www.wes.org\/fr\/impact-social\/partenaires-du-canada\/#breadcrumb\"},\"inLanguage\":\"fr-FR\",\"potentialAction\":[{\"@type\":\"ReadAction\",\"target\":[\"https:\/\/www.wes.org\/fr\/impact-social\/partenaires-du-canada\/\"]}]},{\"@type\":\"BreadcrumbList\",\"@id\":\"https:\/\/www.wes.org\/fr\/impact-social\/partenaires-du-canada\/#breadcrumb\",\"itemListElement\":[{\"@type\":\"ListItem\",\"position\":1,\"name\":\"Home\",\"item\":\"https:\/\/www.wes.org\/fr\/\"},{\"@type\":\"ListItem\",\"position\":2,\"name\":\"Impact Social\",\"item\":\"https:\/\/www.wes.org\/fr\/impact-social\/\"},{\"@type\":\"ListItem\",\"position\":3,\"name\":\"Partenaires du Canada\"}]},{\"@type\":\"WebSite\",\"@id\":\"https:\/\/www.wes.org\/fr\/#website\",\"url\":\"https:\/\/www.wes.org\/fr\/\",\"name\":\"World Education Services\",\"description\":\"\",\"publisher\":{\"@id\":\"https:\/\/www.wes.org\/fr\/#organization\"},\"potentialAction\":[{\"@type\":\"SearchAction\",\"target\":{\"@type\":\"EntryPoint\",\"urlTemplate\":\"https:\/\/www.wes.org\/fr\/?s={search_term_string}\"},\"query-input\":{\"@type\":\"PropertyValueSpecification\",\"valueRequired\":true,\"valueName\":\"search_term_string\"}}],\"inLanguage\":\"fr-FR\"},{\"@type\":\"Organization\",\"@id\":\"https:\/\/www.wes.org\/fr\/#organization\",\"name\":\"World Education Services\",\"url\":\"https:\/\/www.wes.org\/fr\/\",\"logo\":{\"@type\":\"ImageObject\",\"inLanguage\":\"fr-FR\",\"@id\":\"https:\/\/www.wes.org\/fr\/#\/schema\/logo\/image\/\",\"url\":\"https:\/\/www.wes.org\/wp-content\/uploads\/2024\/07\/cropped-cropped-WES_Logo_RGB-Primary_Green-Clearspace-e1719869905447.png\",\"contentUrl\":\"https:\/\/www.wes.org\/wp-content\/uploads\/2024\/07\/cropped-cropped-WES_Logo_RGB-Primary_Green-Clearspace-e1719869905447.png\",\"width\":512,\"height\":512,\"caption\":\"World Education Services\"},\"image\":{\"@id\":\"https:\/\/www.wes.org\/fr\/#\/schema\/logo\/image\/\"},\"sameAs\":[\"https:\/\/www.facebook.com\/WorldEducationServices\/\",\"https:\/\/x.com\/WorldEdServices\",\"https:\/\/www.linkedin.com\/company\/worldeducationservices\/\"]}]}<\/script>\n<!-- \/ Yoast SEO Premium plugin. -->","yoast_head_json":{"title":"Partenaires du Canada - WES","robots":{"index":"index","follow":"follow","max-snippet":"max-snippet:-1","max-image-preview":"max-image-preview:large","max-video-preview":"max-video-preview:-1"},"canonical":"https:\/\/www.wes.org\/fr\/impact-social\/partenaires-du-canada\/","og_locale":"fr_FR","og_type":"article","og_title":"Partenaires du Canada","og_description":"Partenaires WES au Canada WES aide les immigrants et r\u00e9fugi\u00e9s \u00e0 tirer parti de leurs formations, \u00e0 atteindre leurs objectifs professionnels et \u00e0 exploiter pleinement leurs talents au Canada. Nous collaborons avec des organisations communautaires, des institutions universitaires, des organisations de d\u00e9veloppement de la main-d\u2019\u0153uvre et d\u2019autres groupes pour mettre en pratique les travaux de [&hellip;]","og_url":"https:\/\/www.wes.org\/fr\/impact-social\/partenaires-du-canada\/","og_site_name":"WES","article_publisher":"https:\/\/www.facebook.com\/WorldEducationServices\/","article_modified_time":"2025-03-24T18:30:05+00:00","twitter_card":"summary_large_image","twitter_site":"@WorldEdServices","twitter_misc":{"Dur\u00e9e de lecture estim\u00e9e":"6 minutes"},"schema":{"@context":"https:\/\/schema.org","@graph":[{"@type":"WebPage","@id":"https:\/\/www.wes.org\/fr\/impact-social\/partenaires-du-canada\/","url":"https:\/\/www.wes.org\/fr\/impact-social\/partenaires-du-canada\/","name":"Partenaires du Canada - WES","isPartOf":{"@id":"https:\/\/www.wes.org\/fr\/#website"},"datePublished":"2025-03-24T16:00:53+00:00","dateModified":"2025-03-24T18:30:05+00:00","breadcrumb":{"@id":"https:\/\/www.wes.org\/fr\/impact-social\/partenaires-du-canada\/#breadcrumb"},"inLanguage":"fr-FR","potentialAction":[{"@type":"ReadAction","target":["https:\/\/www.wes.org\/fr\/impact-social\/partenaires-du-canada\/"]}]},{"@type":"BreadcrumbList","@id":"https:\/\/www.wes.org\/fr\/impact-social\/partenaires-du-canada\/#breadcrumb","itemListElement":[{"@type":"ListItem","position":1,"name":"Home","item":"https:\/\/www.wes.org\/fr\/"},{"@type":"ListItem","position":2,"name":"Impact Social","item":"https:\/\/www.wes.org\/fr\/impact-social\/"},{"@type":"ListItem","position":3,"name":"Partenaires du Canada"}]},{"@type":"WebSite","@id":"https:\/\/www.wes.org\/fr\/#website","url":"https:\/\/www.wes.org\/fr\/","name":"World Education Services","description":"","publisher":{"@id":"https:\/\/www.wes.org\/fr\/#organization"},"potentialAction":[{"@type":"SearchAction","target":{"@type":"EntryPoint","urlTemplate":"https:\/\/www.wes.org\/fr\/?s={search_term_string}"},"query-input":{"@type":"PropertyValueSpecification","valueRequired":true,"valueName":"search_term_string"}}],"inLanguage":"fr-FR"},{"@type":"Organization","@id":"https:\/\/www.wes.org\/fr\/#organization","name":"World Education Services","url":"https:\/\/www.wes.org\/fr\/","logo":{"@type":"ImageObject","inLanguage":"fr-FR","@id":"https:\/\/www.wes.org\/fr\/#\/schema\/logo\/image\/","url":"https:\/\/www.wes.org\/wp-content\/uploads\/2024\/07\/cropped-cropped-WES_Logo_RGB-Primary_Green-Clearspace-e1719869905447.png","contentUrl":"https:\/\/www.wes.org\/wp-content\/uploads\/2024\/07\/cropped-cropped-WES_Logo_RGB-Primary_Green-Clearspace-e1719869905447.png","width":512,"height":512,"caption":"World Education Services"},"image":{"@id":"https:\/\/www.wes.org\/fr\/#\/schema\/logo\/image\/"},"sameAs":["https:\/\/www.facebook.com\/WorldEducationServices\/","https:\/\/x.com\/WorldEdServices","https:\/\/www.linkedin.com\/company\/worldeducationservices\/"]}]}},"wpml_current_locale":"fr_FR","wpml_translations":[{"locale":"en_US","id":47476,"post_title":"Canada Partners","href":"https:\/\/www.wes.org\/canada-partners\/"}],"_links":{"self":[{"href":"https:\/\/www.wes.org\/fr\/wp-json\/wp\/v2\/pages\/48865","targetHints":{"allow":["GET"]}}],"collection":[{"href":"https:\/\/www.wes.org\/fr\/wp-json\/wp\/v2\/pages"}],"about":[{"href":"https:\/\/www.wes.org\/fr\/wp-json\/wp\/v2\/types\/page"}],"author":[{"embeddable":true,"href":"https:\/\/www.wes.org\/fr\/wp-json\/wp\/v2\/users\/65"}],"replies":[{"embeddable":true,"href":"https:\/\/www.wes.org\/fr\/wp-json\/wp\/v2\/comments?post=48865"}],"version-history":[{"count":0,"href":"https:\/\/www.wes.org\/fr\/wp-json\/wp\/v2\/pages\/48865\/revisions"}],"up":[{"embeddable":true,"href":"https:\/\/www.wes.org\/fr\/wp-json\/wp\/v2\/pages\/43799"}],"wp:attachment":[{"href":"https:\/\/www.wes.org\/fr\/wp-json\/wp\/v2\/media?parent=48865"}],"curies":[{"name":"wp","href":"https:\/\/api.w.org\/{rel}","templated":true}]}}