{"id":48815,"date":"2025-03-21T10:01:13","date_gmt":"2025-03-21T14:01:13","guid":{"rendered":"https:\/\/www.wes.org\/note-a-lattention-des-medecins-et-pharmaciens\/"},"modified":"2025-03-21T10:01:14","modified_gmt":"2025-03-21T14:01:14","slug":"note-a-lattention-des-medecins-et-pharmaciens","status":"publish","type":"page","link":"https:\/\/www.wes.org\/fr\/note-a-lattention-des-medecins-et-pharmaciens\/","title":{"rendered":"Note \u00e0 l&rsquo;attention des m\u00e9decins et pharmaciens\u00a0:"},"content":{"rendered":"\n<h1 class=\"wp-block-heading\" id=\"h-note-to-physicians-and-pharmacists\">Note \u00e0 l&rsquo;attention des m\u00e9decins et pharmaciens\u00a0:<\/h1>\n\n<p><\/p>\n\n<p>Les principaux candidats souhaitant postuler en qualit\u00e9 de m\u00e9decin ou de sp\u00e9cialiste (CNP 3111 ou 3112) doivent \u00eatre soumis \u00e0 l&rsquo;\u00e9valuation du Conseil m\u00e9dical du Canada (<a href=\"https:\/\/mcc.ca\/\" target=\"_blank\" rel=\"noreferrer noopener\">CMC<\/a>).<\/p>\n\n<p>Les personnes souhaitant postuler en qualit\u00e9 de pharmacien (CNP\u00a03131) doivent avoir fait l&rsquo;objet d&rsquo;une \u00e9valuation du Bureau des examinateurs en pharmacie du Canada (<a href=\"https:\/\/pebc.ca\/\" target=\"_blank\" rel=\"noreferrer noopener\">BEPC<\/a>).<\/p>\n\n<p>Les personnes souhaitant postuler en qualit\u00e9 d\u2019architecte (code\u00a021200) doivent avoir fait l&rsquo;objet d&rsquo;une \u00e9valuation du Conseil canadien de certification en architecture (<a href=\"https:\/\/cacb.ca\/\" target=\"_blank\" rel=\"noreferrer noopener\">CACB<\/a>).<\/p>\n\n<p>Pour en savoir plus sur les m\u00e9decins, les pharmaciens et les architectes, veuillez consulter le site\u00a0<a href=\"https:\/\/www.canada.ca\/en\/immigration-refugees-citizenship\/services\/immigrate-canada\/express-entry\/documents\/education-assessed.html#designated\" target=\"_blank\" rel=\"noreferrer noopener\"> Immigration, R\u00e9fugi\u00e9s et Citoyennet\u00e9 Canada<\/a>.<\/p>\n\n<div style=\"height:100px\" aria-hidden=\"true\" class=\"wp-block-spacer\"><\/div>\n","protected":false},"excerpt":{"rendered":"<p>Note \u00e0 l&rsquo;attention des m\u00e9decins et pharmaciens\u00a0: Les principaux candidats souhaitant postuler en qualit\u00e9 de m\u00e9decin ou de sp\u00e9cialiste (CNP 3111 ou 3112) doivent \u00eatre soumis \u00e0 l&rsquo;\u00e9valuation du Conseil m\u00e9dical du Canada (CMC). Les personnes souhaitant postuler en qualit\u00e9 de pharmacien (CNP\u00a03131) doivent avoir fait l&rsquo;objet d&rsquo;une \u00e9valuation du Bureau des examinateurs en pharmacie [&hellip;]<\/p>\n","protected":false},"author":1,"featured_media":0,"parent":0,"menu_order":0,"comment_status":"closed","ping_status":"closed","template":"","meta":{"_acf_changed":false,"footnotes":""},"class_list":["post-48815","page","type-page","status-publish","hentry"],"better_featured_image":null,"acf":{"intro_more_button_cta_link":"","main_content_item_1_cta_link":"","main_content_item_2_cta_link":"","main_content_item_3_cta_link":"","main_content_item_4_cta_link":"","main_content_item_5_cta_link":"","main_content_item_6_cta_link":"","main_content_item_7_cta_link":""},"yoast_head":"<!-- This site is optimized with the Yoast SEO Premium plugin v26.2 (Yoast SEO v27.0) - https:\/\/yoast.com\/product\/yoast-seo-premium-wordpress\/ -->\n<title>Note \u00e0 l&#039;attention des m\u00e9decins et pharmaciens\u00a0: - WES<\/title>\n<meta name=\"robots\" content=\"index, follow, max-snippet:-1, max-image-preview:large, max-video-preview:-1\" \/>\n<link rel=\"canonical\" href=\"https:\/\/www.wes.org\/fr\/note-a-lattention-des-medecins-et-pharmaciens\/\" \/>\n<meta property=\"og:locale\" content=\"fr_FR\" \/>\n<meta property=\"og:type\" content=\"article\" \/>\n<meta property=\"og:title\" content=\"Note \u00e0 l&#039;attention des m\u00e9decins et pharmaciens\u00a0:\" \/>\n<meta property=\"og:description\" content=\"Note \u00e0 l&rsquo;attention des m\u00e9decins et pharmaciens\u00a0: Les principaux candidats souhaitant postuler en qualit\u00e9 de m\u00e9decin ou de sp\u00e9cialiste (CNP 3111 ou 3112) doivent \u00eatre soumis \u00e0 l&rsquo;\u00e9valuation du Conseil m\u00e9dical du Canada (CMC). Les personnes souhaitant postuler en qualit\u00e9 de pharmacien (CNP\u00a03131) doivent avoir fait l&rsquo;objet d&rsquo;une \u00e9valuation du Bureau des examinateurs en pharmacie [&hellip;]\" \/>\n<meta property=\"og:url\" content=\"https:\/\/www.wes.org\/fr\/note-a-lattention-des-medecins-et-pharmaciens\/\" \/>\n<meta property=\"og:site_name\" content=\"WES\" \/>\n<meta property=\"article:publisher\" content=\"https:\/\/www.facebook.com\/WorldEducationServices\/\" \/>\n<meta property=\"article:modified_time\" content=\"2025-03-21T14:01:14+00:00\" \/>\n<meta name=\"twitter:card\" content=\"summary_large_image\" \/>\n<meta name=\"twitter:site\" content=\"@WorldEdServices\" \/>\n<meta name=\"twitter:label1\" content=\"Dur\u00e9e de lecture estim\u00e9e\" \/>\n\t<meta name=\"twitter:data1\" content=\"1 minute\" \/>\n<script type=\"application\/ld+json\" class=\"yoast-schema-graph\">{\"@context\":\"https:\/\/schema.org\",\"@graph\":[{\"@type\":\"WebPage\",\"@id\":\"https:\/\/www.wes.org\/fr\/note-a-lattention-des-medecins-et-pharmaciens\/\",\"url\":\"https:\/\/www.wes.org\/fr\/note-a-lattention-des-medecins-et-pharmaciens\/\",\"name\":\"Note \u00e0 l'attention des m\u00e9decins et pharmaciens\u00a0: - WES\",\"isPartOf\":{\"@id\":\"https:\/\/www.wes.org\/fr\/#website\"},\"datePublished\":\"2025-03-21T14:01:13+00:00\",\"dateModified\":\"2025-03-21T14:01:14+00:00\",\"breadcrumb\":{\"@id\":\"https:\/\/www.wes.org\/fr\/note-a-lattention-des-medecins-et-pharmaciens\/#breadcrumb\"},\"inLanguage\":\"fr-FR\",\"potentialAction\":[{\"@type\":\"ReadAction\",\"target\":[\"https:\/\/www.wes.org\/fr\/note-a-lattention-des-medecins-et-pharmaciens\/\"]}]},{\"@type\":\"BreadcrumbList\",\"@id\":\"https:\/\/www.wes.org\/fr\/note-a-lattention-des-medecins-et-pharmaciens\/#breadcrumb\",\"itemListElement\":[{\"@type\":\"ListItem\",\"position\":1,\"name\":\"Home\",\"item\":\"https:\/\/www.wes.org\/fr\/\"},{\"@type\":\"ListItem\",\"position\":2,\"name\":\"Note \u00e0 l&rsquo;attention des m\u00e9decins et pharmaciens\u00a0:\"}]},{\"@type\":\"WebSite\",\"@id\":\"https:\/\/www.wes.org\/fr\/#website\",\"url\":\"https:\/\/www.wes.org\/fr\/\",\"name\":\"World Education Services\",\"description\":\"\",\"publisher\":{\"@id\":\"https:\/\/www.wes.org\/fr\/#organization\"},\"potentialAction\":[{\"@type\":\"SearchAction\",\"target\":{\"@type\":\"EntryPoint\",\"urlTemplate\":\"https:\/\/www.wes.org\/fr\/?s={search_term_string}\"},\"query-input\":{\"@type\":\"PropertyValueSpecification\",\"valueRequired\":true,\"valueName\":\"search_term_string\"}}],\"inLanguage\":\"fr-FR\"},{\"@type\":\"Organization\",\"@id\":\"https:\/\/www.wes.org\/fr\/#organization\",\"name\":\"World Education Services\",\"url\":\"https:\/\/www.wes.org\/fr\/\",\"logo\":{\"@type\":\"ImageObject\",\"inLanguage\":\"fr-FR\",\"@id\":\"https:\/\/www.wes.org\/fr\/#\/schema\/logo\/image\/\",\"url\":\"https:\/\/www.wes.org\/wp-content\/uploads\/2024\/07\/cropped-cropped-WES_Logo_RGB-Primary_Green-Clearspace-e1719869905447.png\",\"contentUrl\":\"https:\/\/www.wes.org\/wp-content\/uploads\/2024\/07\/cropped-cropped-WES_Logo_RGB-Primary_Green-Clearspace-e1719869905447.png\",\"width\":512,\"height\":512,\"caption\":\"World Education Services\"},\"image\":{\"@id\":\"https:\/\/www.wes.org\/fr\/#\/schema\/logo\/image\/\"},\"sameAs\":[\"https:\/\/www.facebook.com\/WorldEducationServices\/\",\"https:\/\/x.com\/WorldEdServices\",\"https:\/\/www.linkedin.com\/company\/worldeducationservices\/\"]}]}<\/script>\n<!-- \/ Yoast SEO Premium plugin. -->","yoast_head_json":{"title":"Note \u00e0 l'attention des m\u00e9decins et pharmaciens\u00a0: - WES","robots":{"index":"index","follow":"follow","max-snippet":"max-snippet:-1","max-image-preview":"max-image-preview:large","max-video-preview":"max-video-preview:-1"},"canonical":"https:\/\/www.wes.org\/fr\/note-a-lattention-des-medecins-et-pharmaciens\/","og_locale":"fr_FR","og_type":"article","og_title":"Note \u00e0 l'attention des m\u00e9decins et pharmaciens\u00a0:","og_description":"Note \u00e0 l&rsquo;attention des m\u00e9decins et pharmaciens\u00a0: Les principaux candidats souhaitant postuler en qualit\u00e9 de m\u00e9decin ou de sp\u00e9cialiste (CNP 3111 ou 3112) doivent \u00eatre soumis \u00e0 l&rsquo;\u00e9valuation du Conseil m\u00e9dical du Canada (CMC). Les personnes souhaitant postuler en qualit\u00e9 de pharmacien (CNP\u00a03131) doivent avoir fait l&rsquo;objet d&rsquo;une \u00e9valuation du Bureau des examinateurs en pharmacie [&hellip;]","og_url":"https:\/\/www.wes.org\/fr\/note-a-lattention-des-medecins-et-pharmaciens\/","og_site_name":"WES","article_publisher":"https:\/\/www.facebook.com\/WorldEducationServices\/","article_modified_time":"2025-03-21T14:01:14+00:00","twitter_card":"summary_large_image","twitter_site":"@WorldEdServices","twitter_misc":{"Dur\u00e9e de lecture estim\u00e9e":"1 minute"},"schema":{"@context":"https:\/\/schema.org","@graph":[{"@type":"WebPage","@id":"https:\/\/www.wes.org\/fr\/note-a-lattention-des-medecins-et-pharmaciens\/","url":"https:\/\/www.wes.org\/fr\/note-a-lattention-des-medecins-et-pharmaciens\/","name":"Note \u00e0 l'attention des m\u00e9decins et pharmaciens\u00a0: - WES","isPartOf":{"@id":"https:\/\/www.wes.org\/fr\/#website"},"datePublished":"2025-03-21T14:01:13+00:00","dateModified":"2025-03-21T14:01:14+00:00","breadcrumb":{"@id":"https:\/\/www.wes.org\/fr\/note-a-lattention-des-medecins-et-pharmaciens\/#breadcrumb"},"inLanguage":"fr-FR","potentialAction":[{"@type":"ReadAction","target":["https:\/\/www.wes.org\/fr\/note-a-lattention-des-medecins-et-pharmaciens\/"]}]},{"@type":"BreadcrumbList","@id":"https:\/\/www.wes.org\/fr\/note-a-lattention-des-medecins-et-pharmaciens\/#breadcrumb","itemListElement":[{"@type":"ListItem","position":1,"name":"Home","item":"https:\/\/www.wes.org\/fr\/"},{"@type":"ListItem","position":2,"name":"Note \u00e0 l&rsquo;attention des m\u00e9decins et pharmaciens\u00a0:"}]},{"@type":"WebSite","@id":"https:\/\/www.wes.org\/fr\/#website","url":"https:\/\/www.wes.org\/fr\/","name":"World Education Services","description":"","publisher":{"@id":"https:\/\/www.wes.org\/fr\/#organization"},"potentialAction":[{"@type":"SearchAction","target":{"@type":"EntryPoint","urlTemplate":"https:\/\/www.wes.org\/fr\/?s={search_term_string}"},"query-input":{"@type":"PropertyValueSpecification","valueRequired":true,"valueName":"search_term_string"}}],"inLanguage":"fr-FR"},{"@type":"Organization","@id":"https:\/\/www.wes.org\/fr\/#organization","name":"World Education Services","url":"https:\/\/www.wes.org\/fr\/","logo":{"@type":"ImageObject","inLanguage":"fr-FR","@id":"https:\/\/www.wes.org\/fr\/#\/schema\/logo\/image\/","url":"https:\/\/www.wes.org\/wp-content\/uploads\/2024\/07\/cropped-cropped-WES_Logo_RGB-Primary_Green-Clearspace-e1719869905447.png","contentUrl":"https:\/\/www.wes.org\/wp-content\/uploads\/2024\/07\/cropped-cropped-WES_Logo_RGB-Primary_Green-Clearspace-e1719869905447.png","width":512,"height":512,"caption":"World Education Services"},"image":{"@id":"https:\/\/www.wes.org\/fr\/#\/schema\/logo\/image\/"},"sameAs":["https:\/\/www.facebook.com\/WorldEducationServices\/","https:\/\/x.com\/WorldEdServices","https:\/\/www.linkedin.com\/company\/worldeducationservices\/"]}]}},"wpml_current_locale":"fr_FR","wpml_translations":[{"locale":"en_US","id":6923,"post_title":"Note to Physicians and Pharmacists:","href":"https:\/\/www.wes.org\/note-physicians-pharmacists\/"}],"_links":{"self":[{"href":"https:\/\/www.wes.org\/fr\/wp-json\/wp\/v2\/pages\/48815","targetHints":{"allow":["GET"]}}],"collection":[{"href":"https:\/\/www.wes.org\/fr\/wp-json\/wp\/v2\/pages"}],"about":[{"href":"https:\/\/www.wes.org\/fr\/wp-json\/wp\/v2\/types\/page"}],"author":[{"embeddable":true,"href":"https:\/\/www.wes.org\/fr\/wp-json\/wp\/v2\/users\/1"}],"replies":[{"embeddable":true,"href":"https:\/\/www.wes.org\/fr\/wp-json\/wp\/v2\/comments?post=48815"}],"version-history":[{"count":0,"href":"https:\/\/www.wes.org\/fr\/wp-json\/wp\/v2\/pages\/48815\/revisions"}],"wp:attachment":[{"href":"https:\/\/www.wes.org\/fr\/wp-json\/wp\/v2\/media?parent=48815"}],"curies":[{"name":"wp","href":"https:\/\/api.w.org\/{rel}","templated":true}]}}