{"id":48796,"date":"2025-03-20T15:28:18","date_gmt":"2025-03-20T19:28:18","guid":{"rendered":"https:\/\/www.wes.org\/le-fonds-mariam-assefa-de-wes-lance-une-initiative-pour-renforcer-le-leadership-des-migrants-et-batir-un-avenir-inclusif\/"},"modified":"2025-05-08T13:59:56","modified_gmt":"2025-05-08T17:59:56","slug":"le-fonds-mariam-assefa-de-wes-lance-une-initiative-pour-renforcer-le-leadership-des-migrants-et-batir-un-avenir-inclusif","status":"publish","type":"page","link":"https:\/\/www.wes.org\/fr\/annonces\/le-fonds-mariam-assefa-de-wes-lance-une-initiative-pour-renforcer-le-leadership-des-migrants-et-batir-un-avenir-inclusif\/","title":{"rendered":"Le Fonds Mariam Assefa de WES lance une initiative pour renforcer le leadership des migrants et b\u00e2tir un avenir inclusif"},"content":{"rendered":"\n<h1 class=\"wp-block-heading has-text-align-center\" id=\"h-wes-mariam-assefa-fund-launches-initiative-to-elevate-migrant-leadership-and-build-inclusive-futures\">Le Fonds Mariam Assefa de WES lance une initiative pour renforcer le leadership des migrants et b\u00e2tir un avenir inclusif<\/h1>\n\n<p><\/p>\n\n<p><strong>Une nouvelle possibilit\u00e9 de financement vise \u00e0 soutenir les organismes qui accentuent la voix et l\u2019influence des immigrants et des r\u00e9fugi\u00e9s dans les collectivit\u00e9s am\u00e9ricaines.<\/strong><\/p>\n\n<p>NEW YORK, NY\u00a0\u2014\u00a0(le 23\u00a0janvier\u00a02024) Le Fonds Mariam Assefa de World Education Services (WES) a annonc\u00e9 aujourd\u2019hui le lancement d\u2019une nouvelle initiative de subvention. L\u2019initiative Renforcer le leadership des migrants\u00a0: b\u00e2tir un avenir inclusif soutiendra les organismes am\u00e9ricains qui s\u2019efforcent d\u2019accentuer les voix et le leadership des immigrants et des r\u00e9fugi\u00e9s.<\/p>\n\n<p>Sept laur\u00e9ats recevront chacun des subventions de 100\u00a0000\u00a0$ sur deux ans. En plus du financement, chaque organisme retenu aura acc\u00e8s \u00e0 des programmes qui contribueront \u00e0 l\u2019apprentissage par les pairs et \u00e0 la consolidation des capacit\u00e9s et \u00e0 un vaste r\u00e9seau d\u2019organismes et d\u2019activistes qui partagent les m\u00eames valeurs. L\u2019objectif est de doter de comp\u00e9tences en leadership civique les personnes qui ont v\u00e9cu une situation r\u00e9elle et d\u2019aider ces derni\u00e8res \u00e0 \u00e9tablir les liens n\u00e9cessaires pour influencer les programmes et les politiques qui leur permettent d\u2019am\u00e9liorer les collectivit\u00e9s dans lesquelles elles vivent.<\/p>\n\n<p>\u00ab\u00a0Dans la prise de d\u00e9cisions qui touchent la vie des immigrants et des r\u00e9fugi\u00e9s, c\u2019est la voix de ces derniers qui devrait \u00eatre la plus forte, a d\u00e9clar\u00e9 L\u00e9a Tienou-Gustafson, directrice principale du Fonds Mariam Assefa de WES. Trop souvent, ce n\u2019est pas le cas. En tant qu\u2019entreprise sociale qui soutient l\u2019inclusion \u00e9conomique et civique des immigrants, des r\u00e9fugi\u00e9s et des \u00e9tudiants internationaux, WES tient \u00e0 s\u2019assurer que ceux qui vivent le plus \u00e9troitement les obstacles au progr\u00e8s disposent des outils dont ils ont besoin pour concevoir des solutions efficaces et cr\u00e9er des possibilit\u00e9s visant \u00e0 accro\u00eetre leur influence. L\u2019initiative Renforcer le leadership des migrants est un moyen d\u2019y parvenir.\u00a0\u00bb<\/p>\n\n<p>Pour concevoir l\u2019initiative, WES a travaill\u00e9 en \u00e9troite collaboration avec un comit\u00e9 consultatif compos\u00e9 de dirigeants ayant eux-m\u00eames v\u00e9cu une exp\u00e9rience d\u2019immigrants ou de r\u00e9fugi\u00e9s et poss\u00e9dant une expertise approfondie du domaine. Ce comit\u00e9 a cocon\u00e7u les objectifs de l\u2019initiative, ses domaines d\u2019int\u00e9r\u00eat et les crit\u00e8res de s\u00e9lection des b\u00e9n\u00e9ficiaires. Pour s\u2019assurer que la bonne perspective demeure au centre du processus de s\u00e9lection, le comit\u00e9 consultatif participera \u00e0 chaque \u00e9tape.<\/p>\n\n<p>Le processus de demande initial est ouvert jusqu\u2019au 25\u00a0mars 2024, apr\u00e8s quoi les organismes s\u00e9lectionn\u00e9s seront invit\u00e9s \u00e0 soumettre une proposition compl\u00e8te. Les propositions retenues seront ax\u00e9es sur le leadership civique et les programmes de d\u00e9fense des immigrants et des r\u00e9fugi\u00e9s issus de groupes raciaux et ethniques sous-repr\u00e9sent\u00e9s.<\/p>\n\n<p>Pour en savoir plus ou pour pr\u00e9senter une proposition dans le cadre de l\u2019initiative Renforcer le leadership des migrants, visitez cette page Web.<\/p>\n\n<p>\u00ab\u00a0Lorsque les besoins des immigrants et des r\u00e9fugi\u00e9s sont au centre de discussions et que des politiques et des programmes qui les touchent sont con\u00e7us, ces derniers doivent avoir une place \u00e0 la table et ils doivent avoir la confiance n\u00e9cessaire pour se faire entendre\u00a0\u00bb, a d\u00e9clar\u00e9 Karla Gregorio, gestionnaire principale de programmes du Fonds Mariam Assefa de WES.<\/p>\n\n<p>\u00ab\u00a0C\u2019est inspirant de voir un bailleur de fonds tel que le Fonds Mariam Assefa de WES \u00e0 l\u2019\u00e9coute des recommandations des repr\u00e9sentants du mouvement, qui manifeste son profond engagement en faveur de l\u2019inclusion, quel que soit l\u2019endroit o\u00f9 la personne est n\u00e9e, et donner la priorit\u00e9 aux leaders immigrants et r\u00e9fugi\u00e9s\u00a0\u00bb, a d\u00e9clar\u00e9 Ivy O. Suriyopas, membre du comit\u00e9 consultatif et vice-pr\u00e9sidente des programmes chez Grantmakers Concerned with Immigrants and Refugees.<\/p>\n\n<p>Les programmes qui visent \u00e0 faire participer les immigrants et les personnes d\u00e9plac\u00e9es, y compris les r\u00e9fugi\u00e9s, au discours civique se font de plus en plus n\u00e9cessaires. En\u00a02023, l\u2019immigration a \u00e9t\u00e9 le moteur de la croissance d\u00e9mographique des \u00c9tats-Unis pour la deuxi\u00e8me ann\u00e9e cons\u00e9cutive\u00a0: plus des deux tiers des 1,6 million de nouveaux Am\u00e9ricains de l\u2019ann\u00e9e derni\u00e8re sont issus de la migration internationale. Plus de 45\u00a0millions de personnes vivant aux \u00c9tats-Unis sont n\u00e9es dans d\u2019autres pays; la repr\u00e9sentation des immigrants et des r\u00e9fugi\u00e9s dans les postes de direction reste donc disproportionnellement faible. Les voix des personnes les plus touch\u00e9es sont donc trop souvent absentes des discussions organisationnelles et politiques qui portent sur les besoins les plus pressants dans leurs collectivit\u00e9s.<\/p>\n\n<p>L\u2019initiative Renforcer le leadership des migrants permettra de former des leaders immigrants et r\u00e9fugi\u00e9s pour combler ces foss\u00e9s par l\u2019\u00e9laboration de r\u00e9cits, l\u2019apprentissage exp\u00e9rientiel et le mentorat.<\/p>\n\n<p>L\u2019initiative mettra \u00e9galement \u00e0 profit le pouvoir du r\u00e9seautage pour influencer les efforts de d\u00e9fense, tant au niveau individuel qu\u2019au niveau de la cohorte organisationnelle. Le comit\u00e9 consultatif a reconnu l\u2019importance vitale de cr\u00e9er un r\u00e9seau entre les b\u00e9n\u00e9ficiaires comme moyen de renforcer l\u2019\u00e9cosyst\u00e8me global du leadership des immigrants et des r\u00e9fugi\u00e9s. En s\u2019associant \u00e0 des pairs, les organismes seront plus \u00e0 m\u00eame de comprendre les implications nationales et de se doter d\u2019une vision strat\u00e9gique plus large, de renforcer la capacit\u00e9 organisationnelle et de cr\u00e9er un front uni pour faire entendre plus efficacement la voix des migrants. De plus, les immigrants et les r\u00e9fugi\u00e9s qui participent aux programmes des b\u00e9n\u00e9ficiaires de subventions b\u00e9n\u00e9ficieront tout autant des liens qu\u2019ils entretiendront avec leurs r\u00e9seaux collectifs.<\/p>\n\n<p>\u00ab\u00a0Les dirigeants immigrants et r\u00e9fugi\u00e9s fa\u00e7onnent de plus en plus la vision derri\u00e8re la cr\u00e9ation d\u2019un mouvement dans nos collectivit\u00e9s locales. Cette initiative vise \u00e0 soutenir les efforts novateurs des organismes communautaires \u00e0 but non lucratif qui s\u2019engagent \u00e0 long terme \u00e0 faire en sorte que la voix des migrants stimule les mouvements en faveur de l\u2019inclusion, a d\u00e9clar\u00e9 Andrea Plaza, membre du comit\u00e9 consultatif et fondatrice d\u2019Encuentro. Les organismes communautaires sont les mieux plac\u00e9s pour comprendre les possibilit\u00e9s et les d\u00e9fis li\u00e9s au d\u00e9veloppement du leadership des migrants, et cette initiative renforcera leur capacit\u00e9 \u00e0 faire avancer les pratiques exemplaires d\u2019un leadership civique dirig\u00e9 par les migrants.\u00a0\u00bb<\/p>\n\n<p>###<\/p>\n\n<h2 class=\"wp-block-heading\" id=\"h-about-world-education-services\">\u00c0 propos de World Education Services<\/h2>\n\n<p>Fond\u00e9e en 1974, WES est une entreprise sociale \u00e0 but non lucratif\u00a0501(c)3 qui soutient l\u2019inclusion \u00e9ducative, \u00e9conomique et sociale des immigrants, des r\u00e9fugi\u00e9s et des \u00e9tudiants internationaux. De l\u2019\u00e9valuation des dipl\u00f4mes \u00e0 l\u2019\u00e9laboration de politiques, en passant par la conception de programmes et le financement philanthropique, WES s\u2019associe \u00e0 un ensemble vari\u00e9 d\u2019organisations, de dirigeants et de r\u00e9seaux pour \u00e9lever les personnes et favoriser le changement des syst\u00e8mes.<\/p>\n","protected":false},"excerpt":{"rendered":"<p>Le Fonds Mariam Assefa de WES lance une initiative pour renforcer le leadership des migrants et b\u00e2tir un avenir inclusif Une nouvelle possibilit\u00e9 de financement vise \u00e0 soutenir les organismes qui accentuent la voix et l\u2019influence des immigrants et des r\u00e9fugi\u00e9s dans les collectivit\u00e9s am\u00e9ricaines. NEW YORK, NY\u00a0\u2014\u00a0(le 23\u00a0janvier\u00a02024) Le Fonds Mariam Assefa de World [&hellip;]<\/p>\n","protected":false},"author":1090,"featured_media":0,"parent":49859,"menu_order":0,"comment_status":"closed","ping_status":"closed","template":"","meta":{"_acf_changed":false,"footnotes":""},"class_list":["post-48796","page","type-page","status-publish","hentry"],"better_featured_image":null,"acf":{"alert_msg":null,"alert_msg_global":null,"alert_msg_custom":null},"yoast_head":"<!-- This site is optimized with the Yoast SEO Premium plugin v26.2 (Yoast SEO v27.0) - https:\/\/yoast.com\/product\/yoast-seo-premium-wordpress\/ -->\n<title>Le Fonds Mariam Assefa de WES lance une initiative pour renforcer le leadership des migrants et b\u00e2tir un avenir inclusif - WES<\/title>\n<meta name=\"robots\" content=\"index, follow, max-snippet:-1, max-image-preview:large, max-video-preview:-1\" \/>\n<link rel=\"canonical\" href=\"https:\/\/www.wes.org\/fr\/annonces\/le-fonds-mariam-assefa-de-wes-lance-une-initiative-pour-renforcer-le-leadership-des-migrants-et-batir-un-avenir-inclusif\/\" \/>\n<meta property=\"og:locale\" content=\"fr_FR\" \/>\n<meta property=\"og:type\" content=\"article\" \/>\n<meta property=\"og:title\" content=\"Le Fonds Mariam Assefa de WES lance une initiative pour renforcer le leadership des migrants et b\u00e2tir un avenir inclusif\" \/>\n<meta property=\"og:description\" content=\"Le Fonds Mariam Assefa de WES lance une initiative pour renforcer le leadership des migrants et b\u00e2tir un avenir inclusif Une nouvelle possibilit\u00e9 de financement vise \u00e0 soutenir les organismes qui accentuent la voix et l\u2019influence des immigrants et des r\u00e9fugi\u00e9s dans les collectivit\u00e9s am\u00e9ricaines. NEW YORK, NY\u00a0\u2014\u00a0(le 23\u00a0janvier\u00a02024) Le Fonds Mariam Assefa de World [&hellip;]\" \/>\n<meta property=\"og:url\" content=\"https:\/\/www.wes.org\/fr\/annonces\/le-fonds-mariam-assefa-de-wes-lance-une-initiative-pour-renforcer-le-leadership-des-migrants-et-batir-un-avenir-inclusif\/\" \/>\n<meta property=\"og:site_name\" content=\"WES\" \/>\n<meta property=\"article:publisher\" content=\"https:\/\/www.facebook.com\/WorldEducationServices\/\" \/>\n<meta property=\"article:modified_time\" content=\"2025-05-08T17:59:56+00:00\" \/>\n<meta name=\"twitter:card\" content=\"summary_large_image\" \/>\n<meta name=\"twitter:site\" content=\"@WorldEdServices\" \/>\n<meta name=\"twitter:label1\" content=\"Dur\u00e9e de lecture estim\u00e9e\" \/>\n\t<meta name=\"twitter:data1\" content=\"6 minutes\" \/>\n<script type=\"application\/ld+json\" class=\"yoast-schema-graph\">{\"@context\":\"https:\/\/schema.org\",\"@graph\":[{\"@type\":\"WebPage\",\"@id\":\"https:\/\/www.wes.org\/fr\/annonces\/le-fonds-mariam-assefa-de-wes-lance-une-initiative-pour-renforcer-le-leadership-des-migrants-et-batir-un-avenir-inclusif\/\",\"url\":\"https:\/\/www.wes.org\/fr\/annonces\/le-fonds-mariam-assefa-de-wes-lance-une-initiative-pour-renforcer-le-leadership-des-migrants-et-batir-un-avenir-inclusif\/\",\"name\":\"Le Fonds Mariam Assefa de WES lance une initiative pour renforcer le leadership des migrants et b\u00e2tir un avenir inclusif - WES\",\"isPartOf\":{\"@id\":\"https:\/\/www.wes.org\/fr\/#website\"},\"datePublished\":\"2025-03-20T19:28:18+00:00\",\"dateModified\":\"2025-05-08T17:59:56+00:00\",\"breadcrumb\":{\"@id\":\"https:\/\/www.wes.org\/fr\/annonces\/le-fonds-mariam-assefa-de-wes-lance-une-initiative-pour-renforcer-le-leadership-des-migrants-et-batir-un-avenir-inclusif\/#breadcrumb\"},\"inLanguage\":\"fr-FR\",\"potentialAction\":[{\"@type\":\"ReadAction\",\"target\":[\"https:\/\/www.wes.org\/fr\/annonces\/le-fonds-mariam-assefa-de-wes-lance-une-initiative-pour-renforcer-le-leadership-des-migrants-et-batir-un-avenir-inclusif\/\"]}]},{\"@type\":\"BreadcrumbList\",\"@id\":\"https:\/\/www.wes.org\/fr\/annonces\/le-fonds-mariam-assefa-de-wes-lance-une-initiative-pour-renforcer-le-leadership-des-migrants-et-batir-un-avenir-inclusif\/#breadcrumb\",\"itemListElement\":[{\"@type\":\"ListItem\",\"position\":1,\"name\":\"Home\",\"item\":\"https:\/\/www.wes.org\/fr\/\"},{\"@type\":\"ListItem\",\"position\":2,\"name\":\"Annonces\",\"item\":\"https:\/\/www.wes.org\/fr\/annonces\/\"},{\"@type\":\"ListItem\",\"position\":3,\"name\":\"Le Fonds Mariam Assefa de WES lance une initiative pour renforcer le leadership des migrants et b\u00e2tir un avenir inclusif\"}]},{\"@type\":\"WebSite\",\"@id\":\"https:\/\/www.wes.org\/fr\/#website\",\"url\":\"https:\/\/www.wes.org\/fr\/\",\"name\":\"World Education Services\",\"description\":\"\",\"publisher\":{\"@id\":\"https:\/\/www.wes.org\/fr\/#organization\"},\"potentialAction\":[{\"@type\":\"SearchAction\",\"target\":{\"@type\":\"EntryPoint\",\"urlTemplate\":\"https:\/\/www.wes.org\/fr\/?s={search_term_string}\"},\"query-input\":{\"@type\":\"PropertyValueSpecification\",\"valueRequired\":true,\"valueName\":\"search_term_string\"}}],\"inLanguage\":\"fr-FR\"},{\"@type\":\"Organization\",\"@id\":\"https:\/\/www.wes.org\/fr\/#organization\",\"name\":\"World Education Services\",\"url\":\"https:\/\/www.wes.org\/fr\/\",\"logo\":{\"@type\":\"ImageObject\",\"inLanguage\":\"fr-FR\",\"@id\":\"https:\/\/www.wes.org\/fr\/#\/schema\/logo\/image\/\",\"url\":\"https:\/\/www.wes.org\/wp-content\/uploads\/2024\/07\/cropped-cropped-WES_Logo_RGB-Primary_Green-Clearspace-e1719869905447.png\",\"contentUrl\":\"https:\/\/www.wes.org\/wp-content\/uploads\/2024\/07\/cropped-cropped-WES_Logo_RGB-Primary_Green-Clearspace-e1719869905447.png\",\"width\":512,\"height\":512,\"caption\":\"World Education Services\"},\"image\":{\"@id\":\"https:\/\/www.wes.org\/fr\/#\/schema\/logo\/image\/\"},\"sameAs\":[\"https:\/\/www.facebook.com\/WorldEducationServices\/\",\"https:\/\/x.com\/WorldEdServices\",\"https:\/\/www.linkedin.com\/company\/worldeducationservices\/\"]}]}<\/script>\n<!-- \/ Yoast SEO Premium plugin. -->","yoast_head_json":{"title":"Le Fonds Mariam Assefa de WES lance une initiative pour renforcer le leadership des migrants et b\u00e2tir un avenir inclusif - WES","robots":{"index":"index","follow":"follow","max-snippet":"max-snippet:-1","max-image-preview":"max-image-preview:large","max-video-preview":"max-video-preview:-1"},"canonical":"https:\/\/www.wes.org\/fr\/annonces\/le-fonds-mariam-assefa-de-wes-lance-une-initiative-pour-renforcer-le-leadership-des-migrants-et-batir-un-avenir-inclusif\/","og_locale":"fr_FR","og_type":"article","og_title":"Le Fonds Mariam Assefa de WES lance une initiative pour renforcer le leadership des migrants et b\u00e2tir un avenir inclusif","og_description":"Le Fonds Mariam Assefa de WES lance une initiative pour renforcer le leadership des migrants et b\u00e2tir un avenir inclusif Une nouvelle possibilit\u00e9 de financement vise \u00e0 soutenir les organismes qui accentuent la voix et l\u2019influence des immigrants et des r\u00e9fugi\u00e9s dans les collectivit\u00e9s am\u00e9ricaines. NEW YORK, NY\u00a0\u2014\u00a0(le 23\u00a0janvier\u00a02024) Le Fonds Mariam Assefa de World [&hellip;]","og_url":"https:\/\/www.wes.org\/fr\/annonces\/le-fonds-mariam-assefa-de-wes-lance-une-initiative-pour-renforcer-le-leadership-des-migrants-et-batir-un-avenir-inclusif\/","og_site_name":"WES","article_publisher":"https:\/\/www.facebook.com\/WorldEducationServices\/","article_modified_time":"2025-05-08T17:59:56+00:00","twitter_card":"summary_large_image","twitter_site":"@WorldEdServices","twitter_misc":{"Dur\u00e9e de lecture estim\u00e9e":"6 minutes"},"schema":{"@context":"https:\/\/schema.org","@graph":[{"@type":"WebPage","@id":"https:\/\/www.wes.org\/fr\/annonces\/le-fonds-mariam-assefa-de-wes-lance-une-initiative-pour-renforcer-le-leadership-des-migrants-et-batir-un-avenir-inclusif\/","url":"https:\/\/www.wes.org\/fr\/annonces\/le-fonds-mariam-assefa-de-wes-lance-une-initiative-pour-renforcer-le-leadership-des-migrants-et-batir-un-avenir-inclusif\/","name":"Le Fonds Mariam Assefa de WES lance une initiative pour renforcer le leadership des migrants et b\u00e2tir un avenir inclusif - WES","isPartOf":{"@id":"https:\/\/www.wes.org\/fr\/#website"},"datePublished":"2025-03-20T19:28:18+00:00","dateModified":"2025-05-08T17:59:56+00:00","breadcrumb":{"@id":"https:\/\/www.wes.org\/fr\/annonces\/le-fonds-mariam-assefa-de-wes-lance-une-initiative-pour-renforcer-le-leadership-des-migrants-et-batir-un-avenir-inclusif\/#breadcrumb"},"inLanguage":"fr-FR","potentialAction":[{"@type":"ReadAction","target":["https:\/\/www.wes.org\/fr\/annonces\/le-fonds-mariam-assefa-de-wes-lance-une-initiative-pour-renforcer-le-leadership-des-migrants-et-batir-un-avenir-inclusif\/"]}]},{"@type":"BreadcrumbList","@id":"https:\/\/www.wes.org\/fr\/annonces\/le-fonds-mariam-assefa-de-wes-lance-une-initiative-pour-renforcer-le-leadership-des-migrants-et-batir-un-avenir-inclusif\/#breadcrumb","itemListElement":[{"@type":"ListItem","position":1,"name":"Home","item":"https:\/\/www.wes.org\/fr\/"},{"@type":"ListItem","position":2,"name":"Annonces","item":"https:\/\/www.wes.org\/fr\/annonces\/"},{"@type":"ListItem","position":3,"name":"Le Fonds Mariam Assefa de WES lance une initiative pour renforcer le leadership des migrants et b\u00e2tir un avenir inclusif"}]},{"@type":"WebSite","@id":"https:\/\/www.wes.org\/fr\/#website","url":"https:\/\/www.wes.org\/fr\/","name":"World Education Services","description":"","publisher":{"@id":"https:\/\/www.wes.org\/fr\/#organization"},"potentialAction":[{"@type":"SearchAction","target":{"@type":"EntryPoint","urlTemplate":"https:\/\/www.wes.org\/fr\/?s={search_term_string}"},"query-input":{"@type":"PropertyValueSpecification","valueRequired":true,"valueName":"search_term_string"}}],"inLanguage":"fr-FR"},{"@type":"Organization","@id":"https:\/\/www.wes.org\/fr\/#organization","name":"World Education Services","url":"https:\/\/www.wes.org\/fr\/","logo":{"@type":"ImageObject","inLanguage":"fr-FR","@id":"https:\/\/www.wes.org\/fr\/#\/schema\/logo\/image\/","url":"https:\/\/www.wes.org\/wp-content\/uploads\/2024\/07\/cropped-cropped-WES_Logo_RGB-Primary_Green-Clearspace-e1719869905447.png","contentUrl":"https:\/\/www.wes.org\/wp-content\/uploads\/2024\/07\/cropped-cropped-WES_Logo_RGB-Primary_Green-Clearspace-e1719869905447.png","width":512,"height":512,"caption":"World Education Services"},"image":{"@id":"https:\/\/www.wes.org\/fr\/#\/schema\/logo\/image\/"},"sameAs":["https:\/\/www.facebook.com\/WorldEducationServices\/","https:\/\/x.com\/WorldEdServices","https:\/\/www.linkedin.com\/company\/worldeducationservices\/"]}]}},"wpml_current_locale":"fr_FR","wpml_translations":[{"locale":"en_US","id":43924,"post_title":"WES Mariam Assefa Fund Launches Initiative to Elevate Migrant Leadership and Build Inclusive Futures","href":"https:\/\/www.wes.org\/wes-mariam-assefa-fund-launches-initiative-to-elevate-migrant-leadership-and-build-inclusive-futures\/"}],"_links":{"self":[{"href":"https:\/\/www.wes.org\/fr\/wp-json\/wp\/v2\/pages\/48796","targetHints":{"allow":["GET"]}}],"collection":[{"href":"https:\/\/www.wes.org\/fr\/wp-json\/wp\/v2\/pages"}],"about":[{"href":"https:\/\/www.wes.org\/fr\/wp-json\/wp\/v2\/types\/page"}],"author":[{"embeddable":true,"href":"https:\/\/www.wes.org\/fr\/wp-json\/wp\/v2\/users\/1090"}],"replies":[{"embeddable":true,"href":"https:\/\/www.wes.org\/fr\/wp-json\/wp\/v2\/comments?post=48796"}],"version-history":[{"count":0,"href":"https:\/\/www.wes.org\/fr\/wp-json\/wp\/v2\/pages\/48796\/revisions"}],"up":[{"embeddable":true,"href":"https:\/\/www.wes.org\/fr\/wp-json\/wp\/v2\/pages\/49859"}],"wp:attachment":[{"href":"https:\/\/www.wes.org\/fr\/wp-json\/wp\/v2\/media?parent=48796"}],"curies":[{"name":"wp","href":"https:\/\/api.w.org\/{rel}","templated":true}]}}