{"id":48735,"date":"2025-03-18T15:22:03","date_gmt":"2025-03-18T19:22:03","guid":{"rendered":"https:\/\/www.wes.org\/impact-social\/programmes\/"},"modified":"2025-05-05T16:55:56","modified_gmt":"2025-05-05T20:55:56","slug":"programmes","status":"publish","type":"page","link":"https:\/\/www.wes.org\/fr\/impact-social\/programmes\/","title":{"rendered":"Programmes"},"content":{"rendered":"\n\n\n<section  class=\"sw-block alignfull lg:min-h-[620px] sm:overflow-hidden font-sans\">\n  <div>\n    <div class=\"md:flex md:items-center\">\n\n      <!-- Text Column -->\n      <div class=\"px-10 md:w-2\/5 md:order-last hero-text-right\">\n        <div>\n                      <div class=\"not-prose mt-10 md:mt-0\">\n              <h1 class=\"font-display text-black text-5xl leading-none xl:text-[68px] xl:leading-none\">Programmes<\/h1>\n            <\/div>\n          \n                      <div class=\"text-black text-lg mt-3 xl:mt-9 xl:text-[26px] xl:leading-snug xl:font-light\">\n              <p>WES con\u00e7oit et soutient des programmes novateurs qui offrent aux immigrants, aux r\u00e9fugi\u00e9s et aux \u00e9tudiants internationaux des parcours accessibles vers l\u2019inclusion \u00e9conomique.<\/p>\n            <\/div>\n          \n          <!-- CTA Button -->\n                  <\/div>\n      <\/div>\n\n      <!-- Image Column -->\n              <div class=\"relative md:w-3\/5 h-[336px] md:h-[620px] not-prose md:order-first\">\n          <img loading=\"lazy\" decoding=\"async\" width=\"2560\" height=\"1707\" src=\"https:\/\/www.wes.org\/wp-content\/uploads\/2024\/07\/iStock-1466734944-1-scaled.jpg\" class=\"h-full w-full object-cover\" alt=\"Group of students having an discussion.\" srcset=\"https:\/\/www.wes.org\/wp-content\/uploads\/2024\/07\/iStock-1466734944-1-scaled.jpg 2560w, https:\/\/www.wes.org\/wp-content\/uploads\/2024\/07\/iStock-1466734944-1-300x200.jpg 300w, https:\/\/www.wes.org\/wp-content\/uploads\/2024\/07\/iStock-1466734944-1-1024x683.jpg 1024w, https:\/\/www.wes.org\/wp-content\/uploads\/2024\/07\/iStock-1466734944-1-768x512.jpg 768w, https:\/\/www.wes.org\/wp-content\/uploads\/2024\/07\/iStock-1466734944-1-1536x1024.jpg 1536w, https:\/\/www.wes.org\/wp-content\/uploads\/2024\/07\/iStock-1466734944-1-2048x1366.jpg 2048w, https:\/\/www.wes.org\/wp-content\/uploads\/2024\/07\/iStock-1466734944-1-541x362.jpg 541w\" sizes=\"auto, (max-width: 2560px) 100vw, 2560px\" \/>\n          <div class=\"block md:hidden absolute top-0 left-0 right-0 w-full h-[72px] text-wes-green\">\n            <svg xmlns=\"http:\/\/www.w3.org\/2000\/svg\" viewBox=\"0 0 391 72.11\">\n              <path fill=\"#fff\" d=\"M391 0S219.5 113.21 0 26.22V0h391Z\"\/>\n              <path fill=\"currentColor\" d=\"M391 0v23.74s-179 104-391 7v-4.52C219.5 113.21 391 0 391 0Z\"\/>\n            <\/svg>\n          <\/div>\n\n                      <!-- If text on right -->\n            <div class=\"hidden md:block absolute top-0 bottom-0 right-0 w-[189px] h-full text-wes-green\">\n              <svg class=\"h-full\" xmlns=\"http:\/\/www.w3.org\/2000\/svg\" viewBox=\"0 0 189.08 575\">\n                <path fill=\"#fff\" d=\"M189.08 0v575H61.18c-10.21-25.79-18.63-50.61-25.43-74.49C11.59 430.49 1.08 367.99.08 312.56v-17.09C2.68 146.48 74.56 51.05 128.9 0h60.18Z\"\/>\n                <path fill=\"none\" d=\"M.08 295.47v17.09c-.1-5.78-.11-11.47 0-17.09Z\"\/>\n                <path class=\"fill-seafoam\" d=\"M189.08 0v.18c-2.87 1.85-6.46 4.25-10.63 7.21-58.08 41.37-228.37 192.28-142.7 493.12C11.59 430.49 1.08 367.99.08 312.56v-17.09C2.68 146.48 74.56 51.05 128.9 0h60.18Z\"\/>\n                <path fill=\"#fff\" d=\"M189.08.18V575H61.18c-10.21-25.79-18.63-50.61-25.43-74.49-85.67-300.84 84.62-451.75 142.7-493.12 4.17-2.96 7.76-5.36 10.63-7.21Z\"\/>\n              <\/svg>\n            <\/div>\n                  <\/div>\n      \n    <\/div>\n  <\/div>\n<\/section>\n\n\n\n<div style=\"height:60px\" aria-hidden=\"true\" class=\"wp-block-spacer\"><\/div>\n\n\n\n\n\n<section  class=\"sw-block font-sans\">\n    <div class=\"max-w-[1240px] px-5 mx-auto\">\n        <div class=\"text-center max-w-[926px] mx-auto\">\n                            <div class=\"not-prose\">\n                    <h2 class=\"font-display text-black text-[32px] leading-tight md:leading-none md:text-5xl\">Ce travail est dynamique, complexe et hautement collaboratif.<\/h2>\n                <\/div>\n            \n                            <div class=\"font-sans text-black mt-6 md:text-lg md:leading-normal\">\n                    <p>Il implique des dirigeants et des particuliers parmi les immigrants, les r\u00e9fugi\u00e9s et les \u00e9tudiants, des fonctionnaires, des employeurs, des organisations communautaires et une foule d\u2019organisations \u00e0 but non lucratif, nationales et mondiales. L\u2019objectif ultime est d\u2019\u00e9tablir des solutions durables qui renforcent les \u00e9conomies et permettent aux immigrants, aux r\u00e9fugi\u00e9s et aux \u00e9tudiants internationaux de s\u2019\u00e9panouir.<\/p>\n                <\/div>\n            \n                    <\/div>\n            <\/div>\n<\/section>\n\n\n\n\n\n\n\n\n\n<div style=\"height:60px\" aria-hidden=\"true\" class=\"wp-block-spacer\"><\/div>\n\n\n\n<div class=\"wp-block-buttons is-content-justification-center is-layout-flex wp-container-core-buttons-is-layout-a89b3969 wp-block-buttons-is-layout-flex\">\n<div class=\"wp-block-button\"><a class=\"wp-block-button__link wp-element-button\" href=\"https:\/\/www.wes.org\/fr\/impact-social\/programmes\/programmes-des-etats-unis\/\">Programmes des \u00c9tats-Unis<\/a><\/div>\n\n\n\n<div class=\"wp-block-button\"><a class=\"wp-block-button__link wp-element-button\" href=\"https:\/\/www.wes.org\/fr\/impact-social\/programmes\/programmes-du-canada\/\">Programmes du Canada<\/a><\/div>\n<\/div>\n\n\n\n<div style=\"height:100px\" aria-hidden=\"true\" class=\"wp-block-spacer\"><\/div>\n\n\n\n\n\n<section \n   \n  class=\"relative sw-block alignwide wp-block-group is-layout-flow wp-block-storyware-floating-content-is-layout-flow\"\n  style=\"--wp--style--layout--content-size: var(--wp--custom--content-width); \n         --wp--style--layout--wide-size: var(--wp--custom--wide-width);\">\n\n  <div class=\"mx-auto px-5\">\n    <div class=\"grid gap-5 md:grid-cols-2 lg:gap-24 items-center\">\n\n      <!-- Image Column -->\n      <div class=\"not-prose\">\n                  <img loading=\"lazy\" decoding=\"async\" width=\"2145\" height=\"1398\" src=\"https:\/\/www.wes.org\/wp-content\/uploads\/2024\/07\/iStock-1144994334.jpg\" class=\"h-72 md:h-[480px] w-full object-cover object-center\" alt=\"Portrait of a beautiful young muslim woman at a gathering with friends indoors\" srcset=\"https:\/\/www.wes.org\/wp-content\/uploads\/2024\/07\/iStock-1144994334.jpg 2145w, https:\/\/www.wes.org\/wp-content\/uploads\/2024\/07\/iStock-1144994334-300x196.jpg 300w, https:\/\/www.wes.org\/wp-content\/uploads\/2024\/07\/iStock-1144994334-1024x667.jpg 1024w, https:\/\/www.wes.org\/wp-content\/uploads\/2024\/07\/iStock-1144994334-768x501.jpg 768w, https:\/\/www.wes.org\/wp-content\/uploads\/2024\/07\/iStock-1144994334-1536x1001.jpg 1536w, https:\/\/www.wes.org\/wp-content\/uploads\/2024\/07\/iStock-1144994334-2048x1335.jpg 2048w\" sizes=\"auto, (max-width: 2145px) 100vw, 2145px\" \/>\n                        <\/div>\n\n      <!-- Text Column -->\n      <div class=\"md:order-last\">\n\n                  <h2 class=\"font-medium text-[28px] text-black leading-snug\">Le programme Gateway de WES<\/h2>\n        \n                  <div class=\"mt-3\"><p><span class=\"TrackChangeTextInsertion TrackedChange TrackChangeHoverSelectColorRed SCXW98357843 BCX0\"><span class=\"TextRun SCXW98357843 BCX0\" lang=\"EN-US\" xml:lang=\"EN-US\" data-contrast=\"auto\"><span class=\"NormalTextRun TrackChangeHoverSelectHighlightRed SCXW98357843 BCX0\">Le programme Gateway de WES aide<\/span><\/span><\/span><span class=\"TrackChangeTextInsertion TrackedChange SCXW98357843 BCX0\"><span class=\"TextRun SCXW98357843 BCX0\" lang=\"EN-US\" xml:lang=\"EN-US\" data-contrast=\"auto\"><span class=\"NormalTextRun SCXW98357843 BCX0\">s<\/span><\/span><\/span><span class=\"TrackChangeTextInsertion TrackedChange SCXW98357843 BCX0\"><span class=\"TextRun SCXW98357843 BCX0\" lang=\"EN-US\" xml:lang=\"EN-US\" data-contrast=\"auto\"><span class=\"NormalTextRun SCXW98357843 BCX0\"> les<\/span><\/span><\/span><span class=\"TrackChangeTextInsertion TrackedChange SCXW98357843 BCX0\"><span class=\"TextRun SCXW98357843 BCX0\" lang=\"EN-US\" xml:lang=\"EN-US\" data-contrast=\"auto\"><span class=\"NormalTextRun SCXW98357843 BCX0\"> r\u00e9fugi\u00e9s et autres personnes d\u00e9plac\u00e9es de force <\/span><\/span><\/span><span class=\"TrackChangeTextInsertion TrackedChange SCXW98357843 BCX0\"><span class=\"TextRun SCXW98357843 BCX0\" lang=\"EN-US\" xml:lang=\"EN-US\" data-contrast=\"auto\"><span class=\"NormalTextRun SCXW98357843 BCX0\">qui ne peuvent pas obtenir de documents acad\u00e9miques officiels<\/span><\/span><\/span><span class=\"TrackChangeTextInsertion TrackedChange SCXW98357843 BCX0\"><span class=\"TextRun SCXW98357843 BCX0\" lang=\"EN-US\" xml:lang=\"EN-US\" data-contrast=\"auto\"><span class=\"NormalTextRun SCXW98357843 BCX0\"> dans leur pays d&rsquo;\u00e9tudes<\/span><\/span><\/span><span class=\"TrackChangeTextDeletionMarker TrackedChange SCXW98357843 BCX0\"><span class=\"TextRun Strikethrough SCXW98357843 BCX0\" lang=\"EN-US\" xml:lang=\"EN-US\" data-contrast=\"none\"><span class=\"NormalTextRun TrackChangeTextDeletion SCXW98357843 BCX0\">\u00a0<\/span><\/span><\/span> <span class=\"TrackChangeTextInsertion TrackedChange SCXW98357843 BCX0\"><span class=\"TextRun SCXW98357843 BCX0\" lang=\"EN-US\" xml:lang=\"EN-US\" data-contrast=\"auto\"><span class=\"NormalTextRun SCXW98357843 BCX0\">\u00e0 poursuivre leurs parcours \u00e9ducatif et professionnel.<\/span><\/span><\/span><span class=\"EOP TrackedChange SCXW98357843 BCX0\" data-ccp-props=\"{\">\u00a0<\/span><\/p>\n<p>Cit\u00e9 par l\u2019UNESCO comme un mod\u00e8le de meilleure pratique, le programme Gateway de WES fournit des services aux personnes qualifi\u00e9es qui, \u00e0 cause de circonstances d\u00e9favorables dans le pays o\u00f9 elles ont \u00e9t\u00e9 form\u00e9es, ont peu de preuves de leur niveau scolaire. Le programme est actuellement ouvert aux personnes form\u00e9es en Afghanistan, en \u00c9rythr\u00e9e, en Irak, en Syrie, en Turquie, en Ukraine et au Venezuela.<\/p>\n<\/div>\n        \n        <!-- Button Type: Standard Link -->\n        \n        <!-- Button Type: Marketo Popup -->\n        \n      <\/div>\n    <\/div>\n  <\/div>\n<\/section>\n\n\n\n<p><\/p>\n","protected":false},"excerpt":{"rendered":"","protected":false},"author":1090,"featured_media":0,"parent":43799,"menu_order":0,"comment_status":"closed","ping_status":"closed","template":"","meta":{"_acf_changed":false,"footnotes":""},"class_list":["post-48735","page","type-page","status-publish","hentry"],"better_featured_image":null,"acf":{"alert_msg":"default"},"yoast_head":"<!-- This site is optimized with the Yoast SEO Premium plugin v26.2 (Yoast SEO v27.0) - https:\/\/yoast.com\/product\/yoast-seo-premium-wordpress\/ -->\n<title>Programmes - WES<\/title>\n<meta name=\"description\" content=\"WES con\u00e7oit et soutient des programmes novateurs qui offrent aux immigrants, aux r\u00e9fugi\u00e9s et aux \u00e9tudiants internationaux des parcours clairs vers l\u2019inclusion \u00e9conomique.\" \/>\n<meta name=\"robots\" content=\"index, follow, max-snippet:-1, max-image-preview:large, max-video-preview:-1\" \/>\n<link rel=\"canonical\" href=\"https:\/\/www.wes.org\/fr\/impact-social\/programmes\/\" \/>\n<meta property=\"og:locale\" content=\"fr_FR\" \/>\n<meta property=\"og:type\" content=\"article\" \/>\n<meta property=\"og:title\" content=\"Programmes\" \/>\n<meta property=\"og:description\" content=\"WES con\u00e7oit et soutient des programmes novateurs qui offrent aux immigrants, aux r\u00e9fugi\u00e9s et aux \u00e9tudiants internationaux des parcours clairs vers l\u2019inclusion \u00e9conomique.\" \/>\n<meta property=\"og:url\" content=\"https:\/\/www.wes.org\/fr\/impact-social\/programmes\/\" \/>\n<meta property=\"og:site_name\" content=\"WES\" \/>\n<meta property=\"article:publisher\" content=\"https:\/\/www.facebook.com\/WorldEducationServices\/\" \/>\n<meta property=\"article:modified_time\" content=\"2025-05-05T20:55:56+00:00\" \/>\n<meta name=\"twitter:card\" content=\"summary_large_image\" \/>\n<meta name=\"twitter:site\" content=\"@WorldEdServices\" \/>\n<meta name=\"twitter:label1\" content=\"Dur\u00e9e de lecture estim\u00e9e\" \/>\n\t<meta name=\"twitter:data1\" content=\"1 minute\" \/>\n<script type=\"application\/ld+json\" class=\"yoast-schema-graph\">{\"@context\":\"https:\/\/schema.org\",\"@graph\":[{\"@type\":\"WebPage\",\"@id\":\"https:\/\/www.wes.org\/fr\/impact-social\/programmes\/\",\"url\":\"https:\/\/www.wes.org\/fr\/impact-social\/programmes\/\",\"name\":\"Programmes - WES\",\"isPartOf\":{\"@id\":\"https:\/\/www.wes.org\/fr\/#website\"},\"datePublished\":\"2025-03-18T19:22:03+00:00\",\"dateModified\":\"2025-05-05T20:55:56+00:00\",\"description\":\"WES con\u00e7oit et soutient des programmes novateurs qui offrent aux immigrants, aux r\u00e9fugi\u00e9s et aux \u00e9tudiants internationaux des parcours clairs vers l\u2019inclusion \u00e9conomique.\",\"breadcrumb\":{\"@id\":\"https:\/\/www.wes.org\/fr\/impact-social\/programmes\/#breadcrumb\"},\"inLanguage\":\"fr-FR\",\"potentialAction\":[{\"@type\":\"ReadAction\",\"target\":[\"https:\/\/www.wes.org\/fr\/impact-social\/programmes\/\"]}]},{\"@type\":\"BreadcrumbList\",\"@id\":\"https:\/\/www.wes.org\/fr\/impact-social\/programmes\/#breadcrumb\",\"itemListElement\":[{\"@type\":\"ListItem\",\"position\":1,\"name\":\"Home\",\"item\":\"https:\/\/www.wes.org\/fr\/\"},{\"@type\":\"ListItem\",\"position\":2,\"name\":\"Impact Social\",\"item\":\"https:\/\/www.wes.org\/fr\/impact-social\/\"},{\"@type\":\"ListItem\",\"position\":3,\"name\":\"Programmes\"}]},{\"@type\":\"WebSite\",\"@id\":\"https:\/\/www.wes.org\/fr\/#website\",\"url\":\"https:\/\/www.wes.org\/fr\/\",\"name\":\"World Education Services\",\"description\":\"\",\"publisher\":{\"@id\":\"https:\/\/www.wes.org\/fr\/#organization\"},\"potentialAction\":[{\"@type\":\"SearchAction\",\"target\":{\"@type\":\"EntryPoint\",\"urlTemplate\":\"https:\/\/www.wes.org\/fr\/?s={search_term_string}\"},\"query-input\":{\"@type\":\"PropertyValueSpecification\",\"valueRequired\":true,\"valueName\":\"search_term_string\"}}],\"inLanguage\":\"fr-FR\"},{\"@type\":\"Organization\",\"@id\":\"https:\/\/www.wes.org\/fr\/#organization\",\"name\":\"World Education Services\",\"url\":\"https:\/\/www.wes.org\/fr\/\",\"logo\":{\"@type\":\"ImageObject\",\"inLanguage\":\"fr-FR\",\"@id\":\"https:\/\/www.wes.org\/fr\/#\/schema\/logo\/image\/\",\"url\":\"https:\/\/www.wes.org\/wp-content\/uploads\/2024\/07\/cropped-cropped-WES_Logo_RGB-Primary_Green-Clearspace-e1719869905447.png\",\"contentUrl\":\"https:\/\/www.wes.org\/wp-content\/uploads\/2024\/07\/cropped-cropped-WES_Logo_RGB-Primary_Green-Clearspace-e1719869905447.png\",\"width\":512,\"height\":512,\"caption\":\"World Education Services\"},\"image\":{\"@id\":\"https:\/\/www.wes.org\/fr\/#\/schema\/logo\/image\/\"},\"sameAs\":[\"https:\/\/www.facebook.com\/WorldEducationServices\/\",\"https:\/\/x.com\/WorldEdServices\",\"https:\/\/www.linkedin.com\/company\/worldeducationservices\/\"]}]}<\/script>\n<!-- \/ Yoast SEO Premium plugin. -->","yoast_head_json":{"title":"Programmes - WES","description":"WES con\u00e7oit et soutient des programmes novateurs qui offrent aux immigrants, aux r\u00e9fugi\u00e9s et aux \u00e9tudiants internationaux des parcours clairs vers l\u2019inclusion \u00e9conomique.","robots":{"index":"index","follow":"follow","max-snippet":"max-snippet:-1","max-image-preview":"max-image-preview:large","max-video-preview":"max-video-preview:-1"},"canonical":"https:\/\/www.wes.org\/fr\/impact-social\/programmes\/","og_locale":"fr_FR","og_type":"article","og_title":"Programmes","og_description":"WES con\u00e7oit et soutient des programmes novateurs qui offrent aux immigrants, aux r\u00e9fugi\u00e9s et aux \u00e9tudiants internationaux des parcours clairs vers l\u2019inclusion \u00e9conomique.","og_url":"https:\/\/www.wes.org\/fr\/impact-social\/programmes\/","og_site_name":"WES","article_publisher":"https:\/\/www.facebook.com\/WorldEducationServices\/","article_modified_time":"2025-05-05T20:55:56+00:00","twitter_card":"summary_large_image","twitter_site":"@WorldEdServices","twitter_misc":{"Dur\u00e9e de lecture estim\u00e9e":"1 minute"},"schema":{"@context":"https:\/\/schema.org","@graph":[{"@type":"WebPage","@id":"https:\/\/www.wes.org\/fr\/impact-social\/programmes\/","url":"https:\/\/www.wes.org\/fr\/impact-social\/programmes\/","name":"Programmes - WES","isPartOf":{"@id":"https:\/\/www.wes.org\/fr\/#website"},"datePublished":"2025-03-18T19:22:03+00:00","dateModified":"2025-05-05T20:55:56+00:00","description":"WES con\u00e7oit et soutient des programmes novateurs qui offrent aux immigrants, aux r\u00e9fugi\u00e9s et aux \u00e9tudiants internationaux des parcours clairs vers l\u2019inclusion \u00e9conomique.","breadcrumb":{"@id":"https:\/\/www.wes.org\/fr\/impact-social\/programmes\/#breadcrumb"},"inLanguage":"fr-FR","potentialAction":[{"@type":"ReadAction","target":["https:\/\/www.wes.org\/fr\/impact-social\/programmes\/"]}]},{"@type":"BreadcrumbList","@id":"https:\/\/www.wes.org\/fr\/impact-social\/programmes\/#breadcrumb","itemListElement":[{"@type":"ListItem","position":1,"name":"Home","item":"https:\/\/www.wes.org\/fr\/"},{"@type":"ListItem","position":2,"name":"Impact Social","item":"https:\/\/www.wes.org\/fr\/impact-social\/"},{"@type":"ListItem","position":3,"name":"Programmes"}]},{"@type":"WebSite","@id":"https:\/\/www.wes.org\/fr\/#website","url":"https:\/\/www.wes.org\/fr\/","name":"World Education Services","description":"","publisher":{"@id":"https:\/\/www.wes.org\/fr\/#organization"},"potentialAction":[{"@type":"SearchAction","target":{"@type":"EntryPoint","urlTemplate":"https:\/\/www.wes.org\/fr\/?s={search_term_string}"},"query-input":{"@type":"PropertyValueSpecification","valueRequired":true,"valueName":"search_term_string"}}],"inLanguage":"fr-FR"},{"@type":"Organization","@id":"https:\/\/www.wes.org\/fr\/#organization","name":"World Education Services","url":"https:\/\/www.wes.org\/fr\/","logo":{"@type":"ImageObject","inLanguage":"fr-FR","@id":"https:\/\/www.wes.org\/fr\/#\/schema\/logo\/image\/","url":"https:\/\/www.wes.org\/wp-content\/uploads\/2024\/07\/cropped-cropped-WES_Logo_RGB-Primary_Green-Clearspace-e1719869905447.png","contentUrl":"https:\/\/www.wes.org\/wp-content\/uploads\/2024\/07\/cropped-cropped-WES_Logo_RGB-Primary_Green-Clearspace-e1719869905447.png","width":512,"height":512,"caption":"World Education Services"},"image":{"@id":"https:\/\/www.wes.org\/fr\/#\/schema\/logo\/image\/"},"sameAs":["https:\/\/www.facebook.com\/WorldEducationServices\/","https:\/\/x.com\/WorldEdServices","https:\/\/www.linkedin.com\/company\/worldeducationservices\/"]}]}},"wpml_current_locale":"fr_FR","wpml_translations":[{"locale":"en_US","id":42487,"post_title":"Social Impact Programs - Programming","href":"https:\/\/www.wes.org\/programming\/"}],"_links":{"self":[{"href":"https:\/\/www.wes.org\/fr\/wp-json\/wp\/v2\/pages\/48735","targetHints":{"allow":["GET"]}}],"collection":[{"href":"https:\/\/www.wes.org\/fr\/wp-json\/wp\/v2\/pages"}],"about":[{"href":"https:\/\/www.wes.org\/fr\/wp-json\/wp\/v2\/types\/page"}],"author":[{"embeddable":true,"href":"https:\/\/www.wes.org\/fr\/wp-json\/wp\/v2\/users\/1090"}],"replies":[{"embeddable":true,"href":"https:\/\/www.wes.org\/fr\/wp-json\/wp\/v2\/comments?post=48735"}],"version-history":[{"count":0,"href":"https:\/\/www.wes.org\/fr\/wp-json\/wp\/v2\/pages\/48735\/revisions"}],"up":[{"embeddable":true,"href":"https:\/\/www.wes.org\/fr\/wp-json\/wp\/v2\/pages\/43799"}],"wp:attachment":[{"href":"https:\/\/www.wes.org\/fr\/wp-json\/wp\/v2\/media?parent=48735"}],"curies":[{"name":"wp","href":"https:\/\/api.w.org\/{rel}","templated":true}]}}