{"id":48452,"date":"2025-03-10T14:38:06","date_gmt":"2025-03-10T18:38:06","guid":{"rendered":"https:\/\/www.wes.org\/note-aux-medecins-pharmaciens-et-architectes\/"},"modified":"2026-01-08T09:20:55","modified_gmt":"2026-01-08T14:20:55","slug":"note-aux-medecins-pharmaciens-et-architectes","status":"publish","type":"page","link":"https:\/\/www.wes.org\/fr\/note-aux-medecins-pharmaciens-et-architectes\/","title":{"rendered":"Note aux m\u00e9decins, pharmaciens et architectes"},"content":{"rendered":"\n<h1 class=\"wp-block-heading has-text-align-center\" id=\"h-note-aux-medecins-pharmaciens-et-architectes-nbsp\">Note aux m\u00e9decins, pharmaciens et architectes&nbsp;:<\/h1>\n\n\n\n<p>Les candidats principaux qui ont l\u2019intention de pr\u00e9senter une demande \u00e0 titre de m\u00e9decin ou de m\u00e9decin sp\u00e9cialiste (CNP 3111 ou 3112) doivent \u00eatre \u00e9valu\u00e9s par le Conseil m\u00e9dical du Canada (<a href=\"https:\/\/web.archive.org\/web\/20240715123400\/https:\/\/mcc.ca\/\" target=\"_blank\" rel=\"noreferrer noopener\">CMC<\/a>).<\/p>\n\n\n\n<p>Les personnes qui ont l\u2019intention de pr\u00e9senter une demande \u00e0 titre de pharmacien (CNP&nbsp;3131) doivent avoir subi une \u00e9valuation du Bureau des examinateurs en pharmacie du Canada (<a href=\"https:\/\/web.archive.org\/web\/20240715123400\/https:\/\/pebc.ca\/\" target=\"_blank\" rel=\"noreferrer noopener\">BEPC<\/a>).<\/p>\n\n\n\n<p>Les personnes qui ont l\u2019intention de postuler \u00e0 titre d\u2019architecte (code\u00a021200) doivent avoir une \u00e9valuation du Conseil canadien de certification en architecture (<a href=\"https:\/\/cacb.ca\/fr\/\" target=\"_blank\" rel=\"noreferrer noopener\">CACB<\/a>).<\/p>\n\n\n\n<p>Pour en savoir plus sur les m\u00e9decins, les pharmaciens et les architectes, veuillez consulter le site&nbsp;<a href=\"https:\/\/web.archive.org\/web\/20240715123400\/https:\/\/www.canada.ca\/en\/immigration-refugees-citizenship\/services\/immigrate-canada\/express-entry\/documents\/education-assessed.html#designated\" target=\"_blank\" rel=\"noreferrer noopener\"> d\u2019Immigration, R\u00e9fugi\u00e9s et Citoyennet\u00e9 Canada<\/a>.<\/p>\n","protected":false},"excerpt":{"rendered":"<p>Note aux m\u00e9decins, pharmaciens et architectes&nbsp;: Les candidats principaux qui ont l\u2019intention de pr\u00e9senter une demande \u00e0 titre de m\u00e9decin ou de m\u00e9decin sp\u00e9cialiste (CNP 3111 ou 3112) doivent \u00eatre \u00e9valu\u00e9s par le Conseil m\u00e9dical du Canada (CMC). Les personnes qui ont l\u2019intention de pr\u00e9senter une demande \u00e0 titre de pharmacien (CNP&nbsp;3131) doivent avoir subi [&hellip;]<\/p>\n","protected":false},"author":1090,"featured_media":0,"parent":0,"menu_order":0,"comment_status":"closed","ping_status":"closed","template":"","meta":{"_acf_changed":false,"footnotes":""},"class_list":["post-48452","page","type-page","status-publish","hentry"],"better_featured_image":null,"acf":{"alert_msg":"default"},"yoast_head":"<!-- This site is optimized with the Yoast SEO Premium plugin v26.2 (Yoast SEO v27.5) - https:\/\/yoast.com\/product\/yoast-seo-premium-wordpress\/ -->\n<title>Note aux m\u00e9decins, pharmaciens et architectes - WES<\/title>\n<meta name=\"robots\" content=\"index, follow, max-snippet:-1, max-image-preview:large, max-video-preview:-1\" \/>\n<link rel=\"canonical\" href=\"https:\/\/www.wes.org\/fr\/note-aux-medecins-pharmaciens-et-architectes\/\" \/>\n<meta property=\"og:locale\" content=\"fr_FR\" \/>\n<meta property=\"og:type\" content=\"article\" \/>\n<meta property=\"og:title\" content=\"Note aux m\u00e9decins, pharmaciens et architectes\" \/>\n<meta property=\"og:description\" content=\"Note aux m\u00e9decins, pharmaciens et architectes&nbsp;: Les candidats principaux qui ont l\u2019intention de pr\u00e9senter une demande \u00e0 titre de m\u00e9decin ou de m\u00e9decin sp\u00e9cialiste (CNP 3111 ou 3112) doivent \u00eatre \u00e9valu\u00e9s par le Conseil m\u00e9dical du Canada (CMC). Les personnes qui ont l\u2019intention de pr\u00e9senter une demande \u00e0 titre de pharmacien (CNP&nbsp;3131) doivent avoir subi [&hellip;]\" \/>\n<meta property=\"og:url\" content=\"https:\/\/www.wes.org\/fr\/note-aux-medecins-pharmaciens-et-architectes\/\" \/>\n<meta property=\"og:site_name\" content=\"WES\" \/>\n<meta property=\"article:publisher\" content=\"https:\/\/www.facebook.com\/WorldEducationServices\/\" \/>\n<meta property=\"article:modified_time\" content=\"2026-01-08T14:20:55+00:00\" \/>\n<meta name=\"twitter:card\" content=\"summary_large_image\" \/>\n<meta name=\"twitter:site\" content=\"@WorldEdServices\" \/>\n<meta name=\"twitter:label1\" content=\"Dur\u00e9e de lecture estim\u00e9e\" \/>\n\t<meta name=\"twitter:data1\" content=\"1 minute\" \/>\n<script type=\"application\/ld+json\" class=\"yoast-schema-graph\">{\"@context\":\"https:\\\/\\\/schema.org\",\"@graph\":[{\"@type\":\"WebPage\",\"@id\":\"https:\\\/\\\/www.wes.org\\\/fr\\\/note-aux-medecins-pharmaciens-et-architectes\\\/\",\"url\":\"https:\\\/\\\/www.wes.org\\\/fr\\\/note-aux-medecins-pharmaciens-et-architectes\\\/\",\"name\":\"Note aux m\u00e9decins, pharmaciens et architectes - WES\",\"isPartOf\":{\"@id\":\"https:\\\/\\\/www.wes.org\\\/fr\\\/#website\"},\"datePublished\":\"2025-03-10T18:38:06+00:00\",\"dateModified\":\"2026-01-08T14:20:55+00:00\",\"breadcrumb\":{\"@id\":\"https:\\\/\\\/www.wes.org\\\/fr\\\/note-aux-medecins-pharmaciens-et-architectes\\\/#breadcrumb\"},\"inLanguage\":\"fr-FR\",\"potentialAction\":[{\"@type\":\"ReadAction\",\"target\":[\"https:\\\/\\\/www.wes.org\\\/fr\\\/note-aux-medecins-pharmaciens-et-architectes\\\/\"]}]},{\"@type\":\"BreadcrumbList\",\"@id\":\"https:\\\/\\\/www.wes.org\\\/fr\\\/note-aux-medecins-pharmaciens-et-architectes\\\/#breadcrumb\",\"itemListElement\":[{\"@type\":\"ListItem\",\"position\":1,\"name\":\"Home\",\"item\":\"https:\\\/\\\/www.wes.org\\\/fr\\\/\"},{\"@type\":\"ListItem\",\"position\":2,\"name\":\"Note aux m\u00e9decins, pharmaciens et architectes\"}]},{\"@type\":\"WebSite\",\"@id\":\"https:\\\/\\\/www.wes.org\\\/fr\\\/#website\",\"url\":\"https:\\\/\\\/www.wes.org\\\/fr\\\/\",\"name\":\"World Education Services\",\"description\":\"\",\"publisher\":{\"@id\":\"https:\\\/\\\/www.wes.org\\\/fr\\\/#organization\"},\"potentialAction\":[{\"@type\":\"SearchAction\",\"target\":{\"@type\":\"EntryPoint\",\"urlTemplate\":\"https:\\\/\\\/www.wes.org\\\/fr\\\/?s={search_term_string}\"},\"query-input\":{\"@type\":\"PropertyValueSpecification\",\"valueRequired\":true,\"valueName\":\"search_term_string\"}}],\"inLanguage\":\"fr-FR\"},{\"@type\":\"Organization\",\"@id\":\"https:\\\/\\\/www.wes.org\\\/fr\\\/#organization\",\"name\":\"World Education Services\",\"url\":\"https:\\\/\\\/www.wes.org\\\/fr\\\/\",\"logo\":{\"@type\":\"ImageObject\",\"inLanguage\":\"fr-FR\",\"@id\":\"https:\\\/\\\/www.wes.org\\\/fr\\\/#\\\/schema\\\/logo\\\/image\\\/\",\"url\":\"https:\\\/\\\/www.wes.org\\\/wp-content\\\/uploads\\\/2024\\\/07\\\/cropped-cropped-WES_Logo_RGB-Primary_Green-Clearspace-e1719869905447.png\",\"contentUrl\":\"https:\\\/\\\/www.wes.org\\\/wp-content\\\/uploads\\\/2024\\\/07\\\/cropped-cropped-WES_Logo_RGB-Primary_Green-Clearspace-e1719869905447.png\",\"width\":512,\"height\":512,\"caption\":\"World Education Services\"},\"image\":{\"@id\":\"https:\\\/\\\/www.wes.org\\\/fr\\\/#\\\/schema\\\/logo\\\/image\\\/\"},\"sameAs\":[\"https:\\\/\\\/www.facebook.com\\\/WorldEducationServices\\\/\",\"https:\\\/\\\/x.com\\\/WorldEdServices\",\"https:\\\/\\\/www.linkedin.com\\\/company\\\/worldeducationservices\\\/\"]}]}<\/script>\n<!-- \/ Yoast SEO Premium plugin. -->","yoast_head_json":{"title":"Note aux m\u00e9decins, pharmaciens et architectes - WES","robots":{"index":"index","follow":"follow","max-snippet":"max-snippet:-1","max-image-preview":"max-image-preview:large","max-video-preview":"max-video-preview:-1"},"canonical":"https:\/\/www.wes.org\/fr\/note-aux-medecins-pharmaciens-et-architectes\/","og_locale":"fr_FR","og_type":"article","og_title":"Note aux m\u00e9decins, pharmaciens et architectes","og_description":"Note aux m\u00e9decins, pharmaciens et architectes&nbsp;: Les candidats principaux qui ont l\u2019intention de pr\u00e9senter une demande \u00e0 titre de m\u00e9decin ou de m\u00e9decin sp\u00e9cialiste (CNP 3111 ou 3112) doivent \u00eatre \u00e9valu\u00e9s par le Conseil m\u00e9dical du Canada (CMC). Les personnes qui ont l\u2019intention de pr\u00e9senter une demande \u00e0 titre de pharmacien (CNP&nbsp;3131) doivent avoir subi [&hellip;]","og_url":"https:\/\/www.wes.org\/fr\/note-aux-medecins-pharmaciens-et-architectes\/","og_site_name":"WES","article_publisher":"https:\/\/www.facebook.com\/WorldEducationServices\/","article_modified_time":"2026-01-08T14:20:55+00:00","twitter_card":"summary_large_image","twitter_site":"@WorldEdServices","twitter_misc":{"Dur\u00e9e de lecture estim\u00e9e":"1 minute"},"schema":{"@context":"https:\/\/schema.org","@graph":[{"@type":"WebPage","@id":"https:\/\/www.wes.org\/fr\/note-aux-medecins-pharmaciens-et-architectes\/","url":"https:\/\/www.wes.org\/fr\/note-aux-medecins-pharmaciens-et-architectes\/","name":"Note aux m\u00e9decins, pharmaciens et architectes - WES","isPartOf":{"@id":"https:\/\/www.wes.org\/fr\/#website"},"datePublished":"2025-03-10T18:38:06+00:00","dateModified":"2026-01-08T14:20:55+00:00","breadcrumb":{"@id":"https:\/\/www.wes.org\/fr\/note-aux-medecins-pharmaciens-et-architectes\/#breadcrumb"},"inLanguage":"fr-FR","potentialAction":[{"@type":"ReadAction","target":["https:\/\/www.wes.org\/fr\/note-aux-medecins-pharmaciens-et-architectes\/"]}]},{"@type":"BreadcrumbList","@id":"https:\/\/www.wes.org\/fr\/note-aux-medecins-pharmaciens-et-architectes\/#breadcrumb","itemListElement":[{"@type":"ListItem","position":1,"name":"Home","item":"https:\/\/www.wes.org\/fr\/"},{"@type":"ListItem","position":2,"name":"Note aux m\u00e9decins, pharmaciens et architectes"}]},{"@type":"WebSite","@id":"https:\/\/www.wes.org\/fr\/#website","url":"https:\/\/www.wes.org\/fr\/","name":"World Education Services","description":"","publisher":{"@id":"https:\/\/www.wes.org\/fr\/#organization"},"potentialAction":[{"@type":"SearchAction","target":{"@type":"EntryPoint","urlTemplate":"https:\/\/www.wes.org\/fr\/?s={search_term_string}"},"query-input":{"@type":"PropertyValueSpecification","valueRequired":true,"valueName":"search_term_string"}}],"inLanguage":"fr-FR"},{"@type":"Organization","@id":"https:\/\/www.wes.org\/fr\/#organization","name":"World Education Services","url":"https:\/\/www.wes.org\/fr\/","logo":{"@type":"ImageObject","inLanguage":"fr-FR","@id":"https:\/\/www.wes.org\/fr\/#\/schema\/logo\/image\/","url":"https:\/\/www.wes.org\/wp-content\/uploads\/2024\/07\/cropped-cropped-WES_Logo_RGB-Primary_Green-Clearspace-e1719869905447.png","contentUrl":"https:\/\/www.wes.org\/wp-content\/uploads\/2024\/07\/cropped-cropped-WES_Logo_RGB-Primary_Green-Clearspace-e1719869905447.png","width":512,"height":512,"caption":"World Education Services"},"image":{"@id":"https:\/\/www.wes.org\/fr\/#\/schema\/logo\/image\/"},"sameAs":["https:\/\/www.facebook.com\/WorldEducationServices\/","https:\/\/x.com\/WorldEdServices","https:\/\/www.linkedin.com\/company\/worldeducationservices\/"]}]}},"wpml_current_locale":"fr_FR","wpml_translations":[{"locale":"en_US","id":45043,"post_title":"Note to Physicians, Pharmacists and Architects","href":"https:\/\/www.wes.org\/note-physicians-pharmacists-architects\/"}],"_links":{"self":[{"href":"https:\/\/www.wes.org\/fr\/wp-json\/wp\/v2\/pages\/48452","targetHints":{"allow":["GET"]}}],"collection":[{"href":"https:\/\/www.wes.org\/fr\/wp-json\/wp\/v2\/pages"}],"about":[{"href":"https:\/\/www.wes.org\/fr\/wp-json\/wp\/v2\/types\/page"}],"author":[{"embeddable":true,"href":"https:\/\/www.wes.org\/fr\/wp-json\/wp\/v2\/users\/1090"}],"replies":[{"embeddable":true,"href":"https:\/\/www.wes.org\/fr\/wp-json\/wp\/v2\/comments?post=48452"}],"version-history":[{"count":0,"href":"https:\/\/www.wes.org\/fr\/wp-json\/wp\/v2\/pages\/48452\/revisions"}],"wp:attachment":[{"href":"https:\/\/www.wes.org\/fr\/wp-json\/wp\/v2\/media?parent=48452"}],"curies":[{"name":"wp","href":"https:\/\/api.w.org\/{rel}","templated":true}]}}