{"id":47381,"date":"2025-01-09T13:08:35","date_gmt":"2025-01-09T18:08:35","guid":{"rendered":"https:\/\/www.wes.org\/?page_id=47381"},"modified":"2025-12-02T15:44:49","modified_gmt":"2025-12-02T20:44:49","slug":"conseil-national-dexamen-dassistance-dentaire","status":"publish","type":"page","link":"https:\/\/www.wes.org\/fr\/conseil-national-dexamen-dassistance-dentaire\/","title":{"rendered":"Conseil national d\u2019examen d\u2019assistance dentaire"},"content":{"rendered":"\n<h1 class=\"wp-block-heading has-text-align-center\" id=\"h-exigences-pour-l-evaluation-des-titres-de-competences\">Exigences pour l&rsquo;\u00e9valuation des titres de comp\u00e9tences<\/h1>\n\n\n\n<p><\/p>\n\n\n\n<figure class=\"wp-block-image aligncenter size-full is-resized\"><img loading=\"lazy\" decoding=\"async\" width=\"1130\" height=\"815\" src=\"https:\/\/www.wes.org\/wp-content\/uploads\/2024\/12\/ndaeb.jpg\" alt=\"National Dental Assisting Examining Board\" class=\"wp-image-47241\" style=\"width:300px\" srcset=\"https:\/\/www.wes.org\/wp-content\/uploads\/2024\/12\/ndaeb.jpg 1130w, https:\/\/www.wes.org\/wp-content\/uploads\/2024\/12\/ndaeb-300x216.jpg 300w, https:\/\/www.wes.org\/wp-content\/uploads\/2024\/12\/ndaeb-1024x739.jpg 1024w, https:\/\/www.wes.org\/wp-content\/uploads\/2024\/12\/ndaeb-768x554.jpg 768w\" sizes=\"auto, (max-width: 1130px) 100vw, 1130px\" \/><\/figure>\n\n\n\n<p><\/p>\n\n\n\n<h2 class=\"wp-block-heading has-text-align-center\" id=\"h-conseil-national-d-examen-d-assistance-dentaire-ndaeb\"><strong>Conseil national d\u2019examen d\u2019assistance dentaire (NDAEB)<\/strong><\/h2>\n\n\n\n<div style=\"height:100px\" aria-hidden=\"true\" class=\"wp-block-spacer\"><\/div>\n\n\n\n\n\n<section \n   \n  class=\"relative sw-block alignwide wp-block-group is-layout-flow wp-block-storyware-floating-content-is-layout-flow\"\n  style=\"--wp--style--layout--content-size: var(--wp--custom--content-width); \n         --wp--style--layout--wide-size: var(--wp--custom--wide-width);\">\n\n  <div class=\"mx-auto px-5\">\n    <div class=\"grid gap-5 md:grid-cols-2 lg:gap-24 items-start\">\n\n      <!-- Image Column -->\n      <div class=\"not-prose\">\n                  <img loading=\"lazy\" decoding=\"async\" width=\"540\" height=\"356\" src=\"https:\/\/www.wes.org\/wp-content\/uploads\/2017\/04\/partners_1-iStock_627576018.jpg\" class=\"h-72 md:h-[480px] w-full object-cover object-center\" alt=\"Image of laptop open\" \/>\n                        <\/div>\n\n      <!-- Text Column -->\n      <div class=\"md:order-last\">\n\n                  <h2 class=\"font-medium text-[28px] text-black leading-snug\">Ce que vous devez faire\u00a0:<\/h2>\n        \n                  <div class=\"mt-3\"><div class=\"headline\">\n<p><strong>Le Conseil national d\u2019examen d\u2019assistance dentaire (NDAEB)<\/strong> exige un rapport ICAP de cours en cours. Ils exigent \u00e9galement que votre rapport leur soit transmis par voie \u00e9lectronique.<\/p>\n<p>Suivez les \u00e9tapes ci-dessous pour compl\u00e9ter votre demande WES.<\/p>\n<p><strong>Si\u00a0vous n\u2019avez pas encore fait une demande au WES<\/strong>, suivez les \u00e9tapes ci-dessous avant de commencer votre candidature\u00a0:<\/p>\n<ol>\n<li>S\u00e9lectionnez le Canada pour votre \u00e9valuation.<\/li>\n<li>S\u00e9lectionnez la demande WES standard.<\/li>\n<li>Ajoutez <strong>National Dental Assisting Examining Board (NDAEB)<\/strong> comme destinataire. (Dans le menu d\u00e9roulant, s\u00e9lectionnez \u00ab National Dental Assisting Examining Board (NDAEB) \u00bb.<\/li>\n<li>S\u00e9lectionnez <strong>WES CxC ICAP<\/strong>\u00a0comme type d\u2019\u00e9valuation<\/li>\n<\/ol>\n<p><strong>Si vous avez d\u00e9j\u00e0 un ECA de WES<\/strong>,\u00a0suivez les \u00e9tapes ci-dessous pour mettre \u00e0 niveau votre rapport\u00a0:<\/p>\n<ol>\n<li>S\u00e9lectionnez la mise \u00e0 niveau de rapport (<a href=\"https:\/\/www.wes.org\/evaluations\/\">voir\u00a0r\u00e9partition des co\u00fbts<\/a>)<\/li>\n<li>Choisissez \u00ab Changer le rapport ECA pour une \u00e9valuation standard de cours par cours \u00bb<\/li>\n<li>Ajoutez le <strong>\u00a0National Dental Assisting Examining Board\u00a0(NDAEB)<\/strong> comme destinataire. (Dans le menu d\u00e9roulant, s\u00e9lectionnez <strong>\u00ab\u00a0National Dental Assisting Examining Board (NDAEB)\u00a0\u00bb.<\/strong><\/li>\n<\/ol>\n<p><strong>Si vous avez d\u00e9j\u00e0 un ICAP CxC de WES<\/strong>,\u00a0suivez les \u00e9tapes ci-dessous\u00a0:<\/p>\n<ol>\n<li>S\u00e9lectionnez Dupliquer le rapport (<a href=\"https:\/\/www.wes.org\/evaluations\/\">voir\u00a0r\u00e9partition des co\u00fbts<\/a>).<\/li>\n<li>Ajoutez\u00a0<strong>National Dental Assisting Examining Board (NDAEB)\u00a0<\/strong>comme destinataire. (Dans le menu d\u00e9roulant, s\u00e9lectionnez\u00a0<strong>\u00ab\u00a0National Dental Assisting Examining Board (NDAEB)\u00a0\u00bb<\/strong>.<\/li>\n<\/ol>\n<p><strong>Remarque\u00a0:<\/strong>\u00a0les candidats au \u00ab\u00a0<strong>National Dental Assisting Examining Board (NDAEB)<\/strong>\u00a0\u00bb\u00a0<em><span style=\"text-decoration: underline;\">doivent<\/span><\/em>\u00a0demander le rapport cours par cours \u00ab\u00a0International Credential Advantage Package (ICAP) Course-by-Course\u00a0\u00bb de WES. Si vous disposez d\u2019un rapport WES ant\u00e9rieur, vous devez effectuer une mise \u00e0 niveau vers\u00a0<strong>WES\u00a0CxC ICAP<\/strong>.<\/p>\n<p><strong>Pour les r\u00e9fugi\u00e9s et les personnes d\u00e9plac\u00e9es souhaitant postuler au NDAEB en tant que dipl\u00f4m\u00e9s d\u2019un programme non agr\u00e9\u00e9 (GNRP)<br \/>\n<\/strong>Le programme WES Gateway soutient l\u2019avancement \u00e9ducatif et professionnel des r\u00e9fugi\u00e9s et autres personnes d\u00e9plac\u00e9es de force qui ne peuvent pas obtenir de documents acad\u00e9miques officiels de leur pays d\u2019\u00e9ducation. Si cela vous concerne, <a href=\"https:\/\/www.wes.org\/fr\/impact-social\/programmes\/a-propos-du-programme-gateway-de-wes\/\"><strong>d\u00e9couvrez les crit\u00e8res d\u2019admissibilit\u00e9 au programme WES Gateway et comment obtenir un rapport d\u2019\u00e9valuation WES Gateway.<\/strong><\/a><\/p>\n<p>Suivez les\u00a0<a href=\"https:\/\/applications.wes.org\/required-documents\">exigences en mati\u00e8re de documents particuliers \u00e0 chaque pays<\/a>\u00a0et faites transmettre vos documents \u00e0 WES.<\/p>\n<\/div>\n<\/div>\n        \n        <!-- Button Type: Standard Link -->\n        \n        <!-- Button Type: Marketo Popup -->\n        \n      <\/div>\n    <\/div>\n  <\/div>\n<\/section>\n\n\n\n<div style=\"height:100px\" aria-hidden=\"true\" class=\"wp-block-spacer\"><\/div>\n\n\n\n\n\n<section \n   \n  class=\"relative sw-block alignwide wp-block-group is-layout-flow wp-block-storyware-floating-content-is-layout-flow\"\n  style=\"--wp--style--layout--content-size: var(--wp--custom--content-width); \n         --wp--style--layout--wide-size: var(--wp--custom--wide-width);\">\n\n  <div class=\"mx-auto px-5\">\n    <div class=\"grid gap-5 md:grid-cols-2 lg:gap-24 items-start\">\n\n      <!-- Image Column -->\n      <div class=\"not-prose\">\n                  <img loading=\"lazy\" decoding=\"async\" width=\"540\" height=\"356\" src=\"https:\/\/www.wes.org\/wp-content\/uploads\/2017\/04\/partners_2-iStock_465211473.jpg\" class=\"h-72 md:h-[480px] w-full object-cover object-center\" alt=\"Mailing envelope\" \/>\n                        <\/div>\n\n      <!-- Text Column -->\n      <div class=\"md:order-first\">\n\n                  <h2 class=\"font-medium text-[28px] text-black leading-snug\">Ce que WES fera pour vous\u00a0:<\/h2>\n        \n                  <div class=\"mt-3\"><ol>\n<li>V\u00e9rifier vos dossiers acad\u00e9miques.<\/li>\n<li>Pr\u00e9parer une \u00e9valuation officielle des qualifications.<\/li>\n<li>Vous livrer directement votre rapport d\u2019\u00e9valuation et des copies v\u00e9rifi\u00e9es de vos relev\u00e9s de notes.<\/li>\n<li>Remettez un duplicata du rapport par voie \u00e9lectronique au \u00a0<strong>NDAEB<\/strong> (si le duplicata du rapport est s\u00e9lectionn\u00e9).<\/li>\n<\/ol>\n<p><strong>Remarque\u00a0:<\/strong> Si vous ne s\u00e9lectionnez pas un rapport en double par l\u2019interm\u00e9diaire de WES, vous devez envoyer votre rapport ICAP comprenant les pages cours par cours ayant \u00e9t\u00e9 notari\u00e9es comme copie conforme de l\u2019original par un notaire public, un avocat ou un commissaire aux serments au Canada et l\u2019envoyer avec votre demande au bureau du NDAEB.<\/p>\n<\/div>\n        \n        <!-- Button Type: Standard Link -->\n        \n        <!-- Button Type: Marketo Popup -->\n        \n      <\/div>\n    <\/div>\n  <\/div>\n<\/section>\n\n\n\n<div style=\"height:100px\" aria-hidden=\"true\" class=\"wp-block-spacer\"><\/div>\n\n\n\n\n\n<section \n   \n  class=\"relative sw-block alignwide wp-block-group is-layout-flow wp-block-storyware-floating-content-is-layout-flow\"\n  style=\"--wp--style--layout--content-size: var(--wp--custom--content-width); \n         --wp--style--layout--wide-size: var(--wp--custom--wide-width);\">\n\n  <div class=\"mx-auto px-5\">\n    <div class=\"grid gap-5 md:grid-cols-2 lg:gap-24 items-start\">\n\n      <!-- Image Column -->\n      <div class=\"not-prose\">\n                  <img loading=\"lazy\" decoding=\"async\" width=\"540\" height=\"356\" src=\"https:\/\/www.wes.org\/wp-content\/uploads\/2017\/04\/partners_3-iStock_522739044.jpg\" class=\"h-72 md:h-[480px] w-full object-cover object-center\" alt=\"Woman looking at laptop\" \/>\n                        <\/div>\n\n      <!-- Text Column -->\n      <div class=\"md:order-last\">\n\n                  <h2 class=\"font-medium text-[28px] text-black leading-snug\">Informations compl\u00e9mentaires<\/h2>\n        \n                  <div class=\"mt-3\"><div class=\"headline\">\n<p>Si vous avez des questions au sujet de WES ou du processus d\u2019\u00e9valuation, veuillez consulter notre\u00a0<a href=\"https:\/\/www.wes.org\/help\/\">FAQ<\/a>\u00a0ou contactez notre service \u00e0 la client\u00e8le \u00e0 l&rsquo;aide du\u00a0<a href=\"https:\/\/www.wes.org\/contact-us\/\">formulaire de contact<\/a>.<\/p>\n<p>Pour des informations d\u00e9taill\u00e9es au sujet du\u00a0<strong>National Dental Assisting Examining Board (NDAEB)<\/strong>\u00a0et de ses exigences, consultez le\u00a0<a href=\"https:\/\/ndaeb.ca\/\">site Web<\/a>.<\/p>\n<\/div>\n<\/div>\n        \n        <!-- Button Type: Standard Link -->\n        \n        <!-- Button Type: Marketo Popup -->\n        \n      <\/div>\n    <\/div>\n  <\/div>\n<\/section>\n","protected":false},"excerpt":{"rendered":"<p>Exigences pour l&rsquo;\u00e9valuation des titres de comp\u00e9tences Conseil national d\u2019examen d\u2019assistance dentaire (NDAEB)<\/p>\n","protected":false},"author":1090,"featured_media":0,"parent":0,"menu_order":0,"comment_status":"closed","ping_status":"closed","template":"","meta":{"_acf_changed":false,"footnotes":""},"class_list":["post-47381","page","type-page","status-publish","hentry"],"better_featured_image":null,"acf":{"alert_msg":"default"},"yoast_head":"<!-- This site is optimized with the Yoast SEO Premium plugin v26.2 (Yoast SEO v27.5) - https:\/\/yoast.com\/product\/yoast-seo-premium-wordpress\/ -->\n<title>Conseil national d\u2019examen d\u2019assistance dentaire - WES<\/title>\n<meta name=\"robots\" content=\"index, follow, max-snippet:-1, max-image-preview:large, max-video-preview:-1\" \/>\n<link rel=\"canonical\" href=\"https:\/\/www.wes.org\/fr\/conseil-national-dexamen-dassistance-dentaire\/\" \/>\n<meta property=\"og:locale\" content=\"fr_FR\" \/>\n<meta property=\"og:type\" content=\"article\" \/>\n<meta property=\"og:title\" content=\"Conseil national d\u2019examen d\u2019assistance dentaire\" \/>\n<meta property=\"og:description\" content=\"Exigences pour l&rsquo;\u00e9valuation des titres de comp\u00e9tences Conseil national d\u2019examen d\u2019assistance dentaire (NDAEB)\" \/>\n<meta property=\"og:url\" content=\"https:\/\/www.wes.org\/fr\/conseil-national-dexamen-dassistance-dentaire\/\" \/>\n<meta property=\"og:site_name\" content=\"WES\" \/>\n<meta property=\"article:publisher\" content=\"https:\/\/www.facebook.com\/WorldEducationServices\/\" \/>\n<meta property=\"article:modified_time\" content=\"2025-12-02T20:44:49+00:00\" \/>\n<meta property=\"og:image\" content=\"https:\/\/www.wes.org\/wp-content\/uploads\/2024\/12\/ndaeb.jpg\" \/>\n\t<meta property=\"og:image:width\" content=\"1130\" \/>\n\t<meta property=\"og:image:height\" content=\"815\" \/>\n\t<meta property=\"og:image:type\" content=\"image\/jpeg\" \/>\n<meta name=\"twitter:card\" content=\"summary_large_image\" \/>\n<meta name=\"twitter:site\" content=\"@WorldEdServices\" \/>\n<meta name=\"twitter:label1\" content=\"Dur\u00e9e de lecture estim\u00e9e\" \/>\n\t<meta name=\"twitter:data1\" content=\"1 minute\" \/>\n<script type=\"application\/ld+json\" class=\"yoast-schema-graph\">{\"@context\":\"https:\\\/\\\/schema.org\",\"@graph\":[{\"@type\":\"WebPage\",\"@id\":\"https:\\\/\\\/www.wes.org\\\/fr\\\/conseil-national-dexamen-dassistance-dentaire\\\/\",\"url\":\"https:\\\/\\\/www.wes.org\\\/fr\\\/conseil-national-dexamen-dassistance-dentaire\\\/\",\"name\":\"Conseil national d\u2019examen d\u2019assistance dentaire - WES\",\"isPartOf\":{\"@id\":\"https:\\\/\\\/www.wes.org\\\/fr\\\/#website\"},\"primaryImageOfPage\":{\"@id\":\"https:\\\/\\\/www.wes.org\\\/fr\\\/conseil-national-dexamen-dassistance-dentaire\\\/#primaryimage\"},\"image\":{\"@id\":\"https:\\\/\\\/www.wes.org\\\/fr\\\/conseil-national-dexamen-dassistance-dentaire\\\/#primaryimage\"},\"thumbnailUrl\":\"https:\\\/\\\/www.wes.org\\\/wp-content\\\/uploads\\\/2024\\\/12\\\/ndaeb.jpg\",\"datePublished\":\"2025-01-09T18:08:35+00:00\",\"dateModified\":\"2025-12-02T20:44:49+00:00\",\"breadcrumb\":{\"@id\":\"https:\\\/\\\/www.wes.org\\\/fr\\\/conseil-national-dexamen-dassistance-dentaire\\\/#breadcrumb\"},\"inLanguage\":\"fr-FR\",\"potentialAction\":[{\"@type\":\"ReadAction\",\"target\":[\"https:\\\/\\\/www.wes.org\\\/fr\\\/conseil-national-dexamen-dassistance-dentaire\\\/\"]}]},{\"@type\":\"ImageObject\",\"inLanguage\":\"fr-FR\",\"@id\":\"https:\\\/\\\/www.wes.org\\\/fr\\\/conseil-national-dexamen-dassistance-dentaire\\\/#primaryimage\",\"url\":\"https:\\\/\\\/www.wes.org\\\/wp-content\\\/uploads\\\/2024\\\/12\\\/ndaeb.jpg\",\"contentUrl\":\"https:\\\/\\\/www.wes.org\\\/wp-content\\\/uploads\\\/2024\\\/12\\\/ndaeb.jpg\"},{\"@type\":\"BreadcrumbList\",\"@id\":\"https:\\\/\\\/www.wes.org\\\/fr\\\/conseil-national-dexamen-dassistance-dentaire\\\/#breadcrumb\",\"itemListElement\":[{\"@type\":\"ListItem\",\"position\":1,\"name\":\"Home\",\"item\":\"https:\\\/\\\/www.wes.org\\\/fr\\\/\"},{\"@type\":\"ListItem\",\"position\":2,\"name\":\"Conseil national d\u2019examen d\u2019assistance dentaire\"}]},{\"@type\":\"WebSite\",\"@id\":\"https:\\\/\\\/www.wes.org\\\/fr\\\/#website\",\"url\":\"https:\\\/\\\/www.wes.org\\\/fr\\\/\",\"name\":\"World Education Services\",\"description\":\"\",\"publisher\":{\"@id\":\"https:\\\/\\\/www.wes.org\\\/fr\\\/#organization\"},\"potentialAction\":[{\"@type\":\"SearchAction\",\"target\":{\"@type\":\"EntryPoint\",\"urlTemplate\":\"https:\\\/\\\/www.wes.org\\\/fr\\\/?s={search_term_string}\"},\"query-input\":{\"@type\":\"PropertyValueSpecification\",\"valueRequired\":true,\"valueName\":\"search_term_string\"}}],\"inLanguage\":\"fr-FR\"},{\"@type\":\"Organization\",\"@id\":\"https:\\\/\\\/www.wes.org\\\/fr\\\/#organization\",\"name\":\"World Education Services\",\"url\":\"https:\\\/\\\/www.wes.org\\\/fr\\\/\",\"logo\":{\"@type\":\"ImageObject\",\"inLanguage\":\"fr-FR\",\"@id\":\"https:\\\/\\\/www.wes.org\\\/fr\\\/#\\\/schema\\\/logo\\\/image\\\/\",\"url\":\"https:\\\/\\\/www.wes.org\\\/wp-content\\\/uploads\\\/2024\\\/07\\\/cropped-cropped-WES_Logo_RGB-Primary_Green-Clearspace-e1719869905447.png\",\"contentUrl\":\"https:\\\/\\\/www.wes.org\\\/wp-content\\\/uploads\\\/2024\\\/07\\\/cropped-cropped-WES_Logo_RGB-Primary_Green-Clearspace-e1719869905447.png\",\"width\":512,\"height\":512,\"caption\":\"World Education Services\"},\"image\":{\"@id\":\"https:\\\/\\\/www.wes.org\\\/fr\\\/#\\\/schema\\\/logo\\\/image\\\/\"},\"sameAs\":[\"https:\\\/\\\/www.facebook.com\\\/WorldEducationServices\\\/\",\"https:\\\/\\\/x.com\\\/WorldEdServices\",\"https:\\\/\\\/www.linkedin.com\\\/company\\\/worldeducationservices\\\/\"]}]}<\/script>\n<!-- \/ Yoast SEO Premium plugin. -->","yoast_head_json":{"title":"Conseil national d\u2019examen d\u2019assistance dentaire - WES","robots":{"index":"index","follow":"follow","max-snippet":"max-snippet:-1","max-image-preview":"max-image-preview:large","max-video-preview":"max-video-preview:-1"},"canonical":"https:\/\/www.wes.org\/fr\/conseil-national-dexamen-dassistance-dentaire\/","og_locale":"fr_FR","og_type":"article","og_title":"Conseil national d\u2019examen d\u2019assistance dentaire","og_description":"Exigences pour l&rsquo;\u00e9valuation des titres de comp\u00e9tences Conseil national d\u2019examen d\u2019assistance dentaire (NDAEB)","og_url":"https:\/\/www.wes.org\/fr\/conseil-national-dexamen-dassistance-dentaire\/","og_site_name":"WES","article_publisher":"https:\/\/www.facebook.com\/WorldEducationServices\/","article_modified_time":"2025-12-02T20:44:49+00:00","og_image":[{"width":1130,"height":815,"url":"https:\/\/www.wes.org\/wp-content\/uploads\/2024\/12\/ndaeb.jpg","type":"image\/jpeg"}],"twitter_card":"summary_large_image","twitter_site":"@WorldEdServices","twitter_misc":{"Dur\u00e9e de lecture estim\u00e9e":"1 minute"},"schema":{"@context":"https:\/\/schema.org","@graph":[{"@type":"WebPage","@id":"https:\/\/www.wes.org\/fr\/conseil-national-dexamen-dassistance-dentaire\/","url":"https:\/\/www.wes.org\/fr\/conseil-national-dexamen-dassistance-dentaire\/","name":"Conseil national d\u2019examen d\u2019assistance dentaire - WES","isPartOf":{"@id":"https:\/\/www.wes.org\/fr\/#website"},"primaryImageOfPage":{"@id":"https:\/\/www.wes.org\/fr\/conseil-national-dexamen-dassistance-dentaire\/#primaryimage"},"image":{"@id":"https:\/\/www.wes.org\/fr\/conseil-national-dexamen-dassistance-dentaire\/#primaryimage"},"thumbnailUrl":"https:\/\/www.wes.org\/wp-content\/uploads\/2024\/12\/ndaeb.jpg","datePublished":"2025-01-09T18:08:35+00:00","dateModified":"2025-12-02T20:44:49+00:00","breadcrumb":{"@id":"https:\/\/www.wes.org\/fr\/conseil-national-dexamen-dassistance-dentaire\/#breadcrumb"},"inLanguage":"fr-FR","potentialAction":[{"@type":"ReadAction","target":["https:\/\/www.wes.org\/fr\/conseil-national-dexamen-dassistance-dentaire\/"]}]},{"@type":"ImageObject","inLanguage":"fr-FR","@id":"https:\/\/www.wes.org\/fr\/conseil-national-dexamen-dassistance-dentaire\/#primaryimage","url":"https:\/\/www.wes.org\/wp-content\/uploads\/2024\/12\/ndaeb.jpg","contentUrl":"https:\/\/www.wes.org\/wp-content\/uploads\/2024\/12\/ndaeb.jpg"},{"@type":"BreadcrumbList","@id":"https:\/\/www.wes.org\/fr\/conseil-national-dexamen-dassistance-dentaire\/#breadcrumb","itemListElement":[{"@type":"ListItem","position":1,"name":"Home","item":"https:\/\/www.wes.org\/fr\/"},{"@type":"ListItem","position":2,"name":"Conseil national d\u2019examen d\u2019assistance dentaire"}]},{"@type":"WebSite","@id":"https:\/\/www.wes.org\/fr\/#website","url":"https:\/\/www.wes.org\/fr\/","name":"World Education Services","description":"","publisher":{"@id":"https:\/\/www.wes.org\/fr\/#organization"},"potentialAction":[{"@type":"SearchAction","target":{"@type":"EntryPoint","urlTemplate":"https:\/\/www.wes.org\/fr\/?s={search_term_string}"},"query-input":{"@type":"PropertyValueSpecification","valueRequired":true,"valueName":"search_term_string"}}],"inLanguage":"fr-FR"},{"@type":"Organization","@id":"https:\/\/www.wes.org\/fr\/#organization","name":"World Education Services","url":"https:\/\/www.wes.org\/fr\/","logo":{"@type":"ImageObject","inLanguage":"fr-FR","@id":"https:\/\/www.wes.org\/fr\/#\/schema\/logo\/image\/","url":"https:\/\/www.wes.org\/wp-content\/uploads\/2024\/07\/cropped-cropped-WES_Logo_RGB-Primary_Green-Clearspace-e1719869905447.png","contentUrl":"https:\/\/www.wes.org\/wp-content\/uploads\/2024\/07\/cropped-cropped-WES_Logo_RGB-Primary_Green-Clearspace-e1719869905447.png","width":512,"height":512,"caption":"World Education Services"},"image":{"@id":"https:\/\/www.wes.org\/fr\/#\/schema\/logo\/image\/"},"sameAs":["https:\/\/www.facebook.com\/WorldEducationServices\/","https:\/\/x.com\/WorldEdServices","https:\/\/www.linkedin.com\/company\/worldeducationservices\/"]}]}},"wpml_current_locale":"fr_FR","wpml_translations":[{"locale":"en_US","id":47240,"post_title":"National Dental Assisting Examining Board","href":"https:\/\/www.wes.org\/national-dental-assisting-examining-board\/"}],"_links":{"self":[{"href":"https:\/\/www.wes.org\/fr\/wp-json\/wp\/v2\/pages\/47381","targetHints":{"allow":["GET"]}}],"collection":[{"href":"https:\/\/www.wes.org\/fr\/wp-json\/wp\/v2\/pages"}],"about":[{"href":"https:\/\/www.wes.org\/fr\/wp-json\/wp\/v2\/types\/page"}],"author":[{"embeddable":true,"href":"https:\/\/www.wes.org\/fr\/wp-json\/wp\/v2\/users\/1090"}],"replies":[{"embeddable":true,"href":"https:\/\/www.wes.org\/fr\/wp-json\/wp\/v2\/comments?post=47381"}],"version-history":[{"count":0,"href":"https:\/\/www.wes.org\/fr\/wp-json\/wp\/v2\/pages\/47381\/revisions"}],"wp:attachment":[{"href":"https:\/\/www.wes.org\/fr\/wp-json\/wp\/v2\/media?parent=47381"}],"curies":[{"name":"wp","href":"https:\/\/api.w.org\/{rel}","templated":true}]}}