{"id":45267,"date":"2024-08-27T08:33:48","date_gmt":"2024-08-27T12:33:48","guid":{"rendered":"https:\/\/www.wes.org\/?page_id=45267"},"modified":"2025-12-24T12:59:07","modified_gmt":"2025-12-24T17:59:07","slug":"ordre-des-educatrices-et-des-educateurs-de-la-petite-enfance","status":"publish","type":"page","link":"https:\/\/www.wes.org\/fr\/evaluations-and-fees\/education\/ordre-des-educatrices-et-des-educateurs-de-la-petite-enfance\/","title":{"rendered":"Ordre des \u00e9ducatrices et des \u00e9ducateurs de la petite enfance"},"content":{"rendered":"\n<h1 class=\"wp-block-heading has-text-align-center\" id=\"h-exigences-d-evaluation-des-diplomes\">Exigences d\u2019\u00e9valuation des dipl\u00f4mes<\/h1>\n\n\n\n<p><\/p>\n\n\n\n<figure class=\"wp-block-image aligncenter size-full is-resized\"><img decoding=\"async\" src=\"https:\/\/www.wes.org\/wp-content\/uploads\/2024\/08\/CECE_LogoA_Colour_French.svg\" alt=\"\" class=\"wp-image-45324\" style=\"width:522px;height:auto\"\/><\/figure>\n\n\n\n<p><\/p>\n\n\n\n<h2 class=\"wp-block-heading has-text-align-center\" id=\"h-ordre-des-educatrices-et-des-educateurs-de-la-petite-enfance\">Ordre des \u00e9ducatrices et des \u00e9ducateurs de la petite enfance<\/h2>\n\n\n\n<div style=\"height:100px\" aria-hidden=\"true\" class=\"wp-block-spacer\"><\/div>\n\n\n\n\n\n<section \n   \n  class=\"relative sw-block alignwide wp-block-group is-layout-flow wp-block-storyware-floating-content-is-layout-flow\"\n  style=\"--wp--style--layout--content-size: var(--wp--custom--content-width); \n         --wp--style--layout--wide-size: var(--wp--custom--wide-width);\">\n\n  <div class=\"mx-auto px-5\">\n    <div class=\"grid gap-5 md:grid-cols-2 lg:gap-24 items-start\">\n\n      <!-- Image Column -->\n      <div class=\"not-prose\">\n                  <img loading=\"lazy\" decoding=\"async\" width=\"540\" height=\"356\" src=\"https:\/\/www.wes.org\/wp-content\/uploads\/2017\/04\/partners_1-iStock_627576018.jpg\" class=\"h-72 md:h-[480px] w-full object-cover object-center\" alt=\"Image of laptop open\" \/>\n                        <\/div>\n\n      <!-- Text Column -->\n      <div class=\"md:order-last\">\n\n                  <h2 class=\"font-medium text-[28px] text-black leading-snug\">Ce que vous devez faire:<\/h2>\n        \n                  <div class=\"mt-3\"><div class=\"headline\">\n<p>Suivez les \u00e9tapes ci-dessous pour pr\u00e9senter votre demande \u00e0 WES.<\/p>\n<ol>\n<li>S\u00e9lectionnez le Canada pour votre \u00e9valuation.<\/li>\n<li>S\u00e9lectionnez Demande d\u2019\u00e9valuation standard de WES.<\/li>\n<li>Ajoutez l\u2019Ordre des \u00e9ducatrices et des \u00e9ducateurs de la petite enfance comme destinataire.<\/li>\n<li>S\u00e9lectionnez l\u2019\u00e9valuation de titre ICAP de WES pour le type d\u2019\u00e9valuation exig\u00e9 par l\u2019Ordre des \u00e9ducatrices et des \u00e9ducateurs de la petite enfance.<\/li>\n<\/ol>\n<p><strong>Remarque:<\/strong> Si vous avez d\u00e9j\u00e0 pr\u00e9sent\u00e9 une demande \u00e0 WES ou obtenu un rapport d\u2019\u00e9valuation, sa conversion en \u00e9valuation de titre ICAP de WES est obligatoire.<\/p>\n<p>Respectez <a href=\"https:\/\/applications.wes.org\/required-documents\" target=\"_blank\" rel=\"noopener\">les exigences en mati\u00e8re de documents<\/a> propres au pays et organisez l\u2019exp\u00e9dition de vos documents \u00e0 WES.<\/p>\n<\/div>\n<\/div>\n        \n        <!-- Button Type: Standard Link -->\n        \n        <!-- Button Type: Marketo Popup -->\n        \n      <\/div>\n    <\/div>\n  <\/div>\n<\/section>\n\n\n\n<div style=\"height:100px\" aria-hidden=\"true\" class=\"wp-block-spacer\"><\/div>\n\n\n\n\n\n<section \n   \n  class=\"relative sw-block alignwide wp-block-group is-layout-flow wp-block-storyware-floating-content-is-layout-flow\"\n  style=\"--wp--style--layout--content-size: var(--wp--custom--content-width); \n         --wp--style--layout--wide-size: var(--wp--custom--wide-width);\">\n\n  <div class=\"mx-auto px-5\">\n    <div class=\"grid gap-5 md:grid-cols-2 lg:gap-24 items-start\">\n\n      <!-- Image Column -->\n      <div class=\"not-prose\">\n                  <img loading=\"lazy\" decoding=\"async\" width=\"540\" height=\"356\" src=\"https:\/\/www.wes.org\/wp-content\/uploads\/2017\/04\/partners_2-iStock_465211473.jpg\" class=\"h-72 md:h-[480px] w-full object-cover object-center\" alt=\"Mailing envelope\" \/>\n                        <\/div>\n\n      <!-- Text Column -->\n      <div class=\"md:order-first\">\n\n                  <h2 class=\"font-medium text-[28px] text-black leading-snug\">Ce que WES fera pour vous:<\/h2>\n        \n                  <div class=\"mt-3\"><ol>\n<li>V\u00e9rifier votre dossier d\u2019\u00e9tudes.<\/li>\n<li>Exp\u00e9dier directement \u00e0 l\u2019Ordre des \u00e9ducatrices et des \u00e9ducateurs de la petite enfance votre rapport d\u2019\u00e9valuation et les copies certifi\u00e9es conformes de vos relev\u00e9s de notes.<\/li>\n<li>Pr\u00e9parer une \u00e9valuation officielle des dipl\u00f4mes.<\/li>\n<\/ol>\n<\/div>\n        \n        <!-- Button Type: Standard Link -->\n        \n        <!-- Button Type: Marketo Popup -->\n        \n      <\/div>\n    <\/div>\n  <\/div>\n<\/section>\n\n\n\n<div style=\"height:100px\" aria-hidden=\"true\" class=\"wp-block-spacer\"><\/div>\n\n\n\n\n\n<section \n   \n  class=\"relative sw-block alignwide wp-block-group is-layout-flow wp-block-storyware-floating-content-is-layout-flow\"\n  style=\"--wp--style--layout--content-size: var(--wp--custom--content-width); \n         --wp--style--layout--wide-size: var(--wp--custom--wide-width);\">\n\n  <div class=\"mx-auto px-5\">\n    <div class=\"grid gap-5 md:grid-cols-2 lg:gap-24 items-start\">\n\n      <!-- Image Column -->\n      <div class=\"not-prose\">\n                  <img loading=\"lazy\" decoding=\"async\" width=\"540\" height=\"356\" src=\"https:\/\/www.wes.org\/wp-content\/uploads\/2017\/04\/partners_3-iStock_522739044.jpg\" class=\"h-72 md:h-[480px] w-full object-cover object-center\" alt=\"Woman looking at laptop\" \/>\n                        <\/div>\n\n      <!-- Text Column -->\n      <div class=\"md:order-last\">\n\n                  <h2 class=\"font-medium text-[28px] text-black leading-snug\">Compl\u00e9ment d\u2019information<\/h2>\n        \n                  <div class=\"mt-3\"><p>Si vous avez des questions au sujet de WES ou de notre processus d\u2019\u00e9valuation, veuillez consulter notre <a href=\"https:\/\/www.wes.org\/fr\/help\/\">FAQ<\/a>.<\/p>\n<p>Pour obtenir des renseignements d\u00e9taill\u00e9s sur l\u2019Ordre des \u00e9ducatrices et des \u00e9ducateurs de la petite enfance et sur ses exigences, veuillez consulter son <a href=\"https:\/\/www.college-ece.ca\/fr\/\" target=\"_blank\" rel=\"noopener\">site Web<\/a>.<\/p>\n<\/div>\n        \n        <!-- Button Type: Standard Link -->\n                  <div class=\"mt-9 not-prose\">\n            <a class=\"sw-primary-button inline-block font-sans rounded-[50px] px-5 pb-1.5 pt-2 text-center text-sm font-semibold tracking-wide\"\n               href=\"https:\/\/applications.wes.org\/createaccount?_gl=1*19e7apj*_gcl_au*MTc0MTM0MjgyLjE3NTkzMjUzNzEuMTQ5NTg4MTQ2LjE3NjY0MjAxNTYuMTc2NjQyMDE1Nw..*_ga*MTYzOTA0MDA0My4xNzU5MzI1Mzcw*_ga_5GR242L76M*czE3NjY1OTUyMTEkbzI0NiRnMSR0MTc2NjU5NzkyMiRqNjAkbDAkaDEwMTI4MTkyNg..?ln=2\"\n               target=\"_self\">\n               Commencez votre demande            <\/a>\n          <\/div>\n        \n        <!-- Button Type: Marketo Popup -->\n        \n      <\/div>\n    <\/div>\n  <\/div>\n<\/section>\n","protected":false},"excerpt":{"rendered":"<p>Exigences d\u2019\u00e9valuation des dipl\u00f4mes Ordre des \u00e9ducatrices et des \u00e9ducateurs de la petite enfance<\/p>\n","protected":false},"author":65,"featured_media":0,"parent":4002,"menu_order":0,"comment_status":"closed","ping_status":"closed","template":"","meta":{"_acf_changed":false,"footnotes":""},"class_list":["post-45267","page","type-page","status-publish","hentry"],"better_featured_image":null,"acf":{"alert_msg":null,"alert_msg_global":null,"alert_msg_custom":null},"yoast_head":"<!-- This site is optimized with the Yoast SEO Premium plugin v26.2 (Yoast SEO v27.0) - https:\/\/yoast.com\/product\/yoast-seo-premium-wordpress\/ -->\n<title>Ordre des \u00e9ducatrices et des \u00e9ducateurs de la petite enfance - WES<\/title>\n<meta name=\"robots\" content=\"index, follow, max-snippet:-1, max-image-preview:large, max-video-preview:-1\" \/>\n<link rel=\"canonical\" href=\"https:\/\/www.wes.org\/fr\/evaluations-and-fees\/education\/ordre-des-educatrices-et-des-educateurs-de-la-petite-enfance\/\" \/>\n<meta property=\"og:locale\" content=\"fr_FR\" \/>\n<meta property=\"og:type\" content=\"article\" \/>\n<meta property=\"og:title\" content=\"Ordre des \u00e9ducatrices et des \u00e9ducateurs de la petite enfance\" \/>\n<meta property=\"og:description\" content=\"Exigences d\u2019\u00e9valuation des dipl\u00f4mes Ordre des \u00e9ducatrices et des \u00e9ducateurs de la petite enfance\" \/>\n<meta property=\"og:url\" content=\"https:\/\/www.wes.org\/fr\/evaluations-and-fees\/education\/ordre-des-educatrices-et-des-educateurs-de-la-petite-enfance\/\" \/>\n<meta property=\"og:site_name\" content=\"WES\" \/>\n<meta property=\"article:publisher\" content=\"https:\/\/www.facebook.com\/WorldEducationServices\/\" \/>\n<meta property=\"article:modified_time\" content=\"2025-12-24T17:59:07+00:00\" \/>\n<meta name=\"twitter:card\" content=\"summary_large_image\" \/>\n<meta name=\"twitter:site\" content=\"@WorldEdServices\" \/>\n<meta name=\"twitter:label1\" content=\"Dur\u00e9e de lecture estim\u00e9e\" \/>\n\t<meta name=\"twitter:data1\" content=\"1 minute\" \/>\n<script type=\"application\/ld+json\" class=\"yoast-schema-graph\">{\"@context\":\"https:\/\/schema.org\",\"@graph\":[{\"@type\":\"WebPage\",\"@id\":\"https:\/\/www.wes.org\/fr\/evaluations-and-fees\/education\/ordre-des-educatrices-et-des-educateurs-de-la-petite-enfance\/\",\"url\":\"https:\/\/www.wes.org\/fr\/evaluations-and-fees\/education\/ordre-des-educatrices-et-des-educateurs-de-la-petite-enfance\/\",\"name\":\"Ordre des \u00e9ducatrices et des \u00e9ducateurs de la petite enfance - WES\",\"isPartOf\":{\"@id\":\"https:\/\/www.wes.org\/fr\/#website\"},\"primaryImageOfPage\":{\"@id\":\"https:\/\/www.wes.org\/fr\/evaluations-and-fees\/education\/ordre-des-educatrices-et-des-educateurs-de-la-petite-enfance\/#primaryimage\"},\"image\":{\"@id\":\"https:\/\/www.wes.org\/fr\/evaluations-and-fees\/education\/ordre-des-educatrices-et-des-educateurs-de-la-petite-enfance\/#primaryimage\"},\"thumbnailUrl\":\"https:\/\/www.wes.org\/wp-content\/uploads\/2024\/08\/CECE_LogoA_Colour_French.svg\",\"datePublished\":\"2024-08-27T12:33:48+00:00\",\"dateModified\":\"2025-12-24T17:59:07+00:00\",\"breadcrumb\":{\"@id\":\"https:\/\/www.wes.org\/fr\/evaluations-and-fees\/education\/ordre-des-educatrices-et-des-educateurs-de-la-petite-enfance\/#breadcrumb\"},\"inLanguage\":\"fr-FR\",\"potentialAction\":[{\"@type\":\"ReadAction\",\"target\":[\"https:\/\/www.wes.org\/fr\/evaluations-and-fees\/education\/ordre-des-educatrices-et-des-educateurs-de-la-petite-enfance\/\"]}]},{\"@type\":\"ImageObject\",\"inLanguage\":\"fr-FR\",\"@id\":\"https:\/\/www.wes.org\/fr\/evaluations-and-fees\/education\/ordre-des-educatrices-et-des-educateurs-de-la-petite-enfance\/#primaryimage\",\"url\":\"https:\/\/www.wes.org\/wp-content\/uploads\/2024\/08\/CECE_LogoA_Colour_French.svg\",\"contentUrl\":\"https:\/\/www.wes.org\/wp-content\/uploads\/2024\/08\/CECE_LogoA_Colour_French.svg\"},{\"@type\":\"BreadcrumbList\",\"@id\":\"https:\/\/www.wes.org\/fr\/evaluations-and-fees\/education\/ordre-des-educatrices-et-des-educateurs-de-la-petite-enfance\/#breadcrumb\",\"itemListElement\":[{\"@type\":\"ListItem\",\"position\":1,\"name\":\"Home\",\"item\":\"https:\/\/www.wes.org\/fr\/\"},{\"@type\":\"ListItem\",\"position\":2,\"name\":\"International Credential Evaluations and Fees\",\"item\":\"https:\/\/www.wes.org\/fr\/evaluations-and-fees\/\"},{\"@type\":\"ListItem\",\"position\":3,\"name\":\"Education\",\"item\":\"https:\/\/www.wes.org\/fr\/evaluations-and-fees\/education\/\"},{\"@type\":\"ListItem\",\"position\":4,\"name\":\"Ordre des \u00e9ducatrices et des \u00e9ducateurs de la petite enfance\"}]},{\"@type\":\"WebSite\",\"@id\":\"https:\/\/www.wes.org\/fr\/#website\",\"url\":\"https:\/\/www.wes.org\/fr\/\",\"name\":\"World Education Services\",\"description\":\"\",\"publisher\":{\"@id\":\"https:\/\/www.wes.org\/fr\/#organization\"},\"potentialAction\":[{\"@type\":\"SearchAction\",\"target\":{\"@type\":\"EntryPoint\",\"urlTemplate\":\"https:\/\/www.wes.org\/fr\/?s={search_term_string}\"},\"query-input\":{\"@type\":\"PropertyValueSpecification\",\"valueRequired\":true,\"valueName\":\"search_term_string\"}}],\"inLanguage\":\"fr-FR\"},{\"@type\":\"Organization\",\"@id\":\"https:\/\/www.wes.org\/fr\/#organization\",\"name\":\"World Education Services\",\"url\":\"https:\/\/www.wes.org\/fr\/\",\"logo\":{\"@type\":\"ImageObject\",\"inLanguage\":\"fr-FR\",\"@id\":\"https:\/\/www.wes.org\/fr\/#\/schema\/logo\/image\/\",\"url\":\"https:\/\/www.wes.org\/wp-content\/uploads\/2024\/07\/cropped-cropped-WES_Logo_RGB-Primary_Green-Clearspace-e1719869905447.png\",\"contentUrl\":\"https:\/\/www.wes.org\/wp-content\/uploads\/2024\/07\/cropped-cropped-WES_Logo_RGB-Primary_Green-Clearspace-e1719869905447.png\",\"width\":512,\"height\":512,\"caption\":\"World Education Services\"},\"image\":{\"@id\":\"https:\/\/www.wes.org\/fr\/#\/schema\/logo\/image\/\"},\"sameAs\":[\"https:\/\/www.facebook.com\/WorldEducationServices\/\",\"https:\/\/x.com\/WorldEdServices\",\"https:\/\/www.linkedin.com\/company\/worldeducationservices\/\"]}]}<\/script>\n<!-- \/ Yoast SEO Premium plugin. -->","yoast_head_json":{"title":"Ordre des \u00e9ducatrices et des \u00e9ducateurs de la petite enfance - WES","robots":{"index":"index","follow":"follow","max-snippet":"max-snippet:-1","max-image-preview":"max-image-preview:large","max-video-preview":"max-video-preview:-1"},"canonical":"https:\/\/www.wes.org\/fr\/evaluations-and-fees\/education\/ordre-des-educatrices-et-des-educateurs-de-la-petite-enfance\/","og_locale":"fr_FR","og_type":"article","og_title":"Ordre des \u00e9ducatrices et des \u00e9ducateurs de la petite enfance","og_description":"Exigences d\u2019\u00e9valuation des dipl\u00f4mes Ordre des \u00e9ducatrices et des \u00e9ducateurs de la petite enfance","og_url":"https:\/\/www.wes.org\/fr\/evaluations-and-fees\/education\/ordre-des-educatrices-et-des-educateurs-de-la-petite-enfance\/","og_site_name":"WES","article_publisher":"https:\/\/www.facebook.com\/WorldEducationServices\/","article_modified_time":"2025-12-24T17:59:07+00:00","twitter_card":"summary_large_image","twitter_site":"@WorldEdServices","twitter_misc":{"Dur\u00e9e de lecture estim\u00e9e":"1 minute"},"schema":{"@context":"https:\/\/schema.org","@graph":[{"@type":"WebPage","@id":"https:\/\/www.wes.org\/fr\/evaluations-and-fees\/education\/ordre-des-educatrices-et-des-educateurs-de-la-petite-enfance\/","url":"https:\/\/www.wes.org\/fr\/evaluations-and-fees\/education\/ordre-des-educatrices-et-des-educateurs-de-la-petite-enfance\/","name":"Ordre des \u00e9ducatrices et des \u00e9ducateurs de la petite enfance - WES","isPartOf":{"@id":"https:\/\/www.wes.org\/fr\/#website"},"primaryImageOfPage":{"@id":"https:\/\/www.wes.org\/fr\/evaluations-and-fees\/education\/ordre-des-educatrices-et-des-educateurs-de-la-petite-enfance\/#primaryimage"},"image":{"@id":"https:\/\/www.wes.org\/fr\/evaluations-and-fees\/education\/ordre-des-educatrices-et-des-educateurs-de-la-petite-enfance\/#primaryimage"},"thumbnailUrl":"https:\/\/www.wes.org\/wp-content\/uploads\/2024\/08\/CECE_LogoA_Colour_French.svg","datePublished":"2024-08-27T12:33:48+00:00","dateModified":"2025-12-24T17:59:07+00:00","breadcrumb":{"@id":"https:\/\/www.wes.org\/fr\/evaluations-and-fees\/education\/ordre-des-educatrices-et-des-educateurs-de-la-petite-enfance\/#breadcrumb"},"inLanguage":"fr-FR","potentialAction":[{"@type":"ReadAction","target":["https:\/\/www.wes.org\/fr\/evaluations-and-fees\/education\/ordre-des-educatrices-et-des-educateurs-de-la-petite-enfance\/"]}]},{"@type":"ImageObject","inLanguage":"fr-FR","@id":"https:\/\/www.wes.org\/fr\/evaluations-and-fees\/education\/ordre-des-educatrices-et-des-educateurs-de-la-petite-enfance\/#primaryimage","url":"https:\/\/www.wes.org\/wp-content\/uploads\/2024\/08\/CECE_LogoA_Colour_French.svg","contentUrl":"https:\/\/www.wes.org\/wp-content\/uploads\/2024\/08\/CECE_LogoA_Colour_French.svg"},{"@type":"BreadcrumbList","@id":"https:\/\/www.wes.org\/fr\/evaluations-and-fees\/education\/ordre-des-educatrices-et-des-educateurs-de-la-petite-enfance\/#breadcrumb","itemListElement":[{"@type":"ListItem","position":1,"name":"Home","item":"https:\/\/www.wes.org\/fr\/"},{"@type":"ListItem","position":2,"name":"International Credential Evaluations and Fees","item":"https:\/\/www.wes.org\/fr\/evaluations-and-fees\/"},{"@type":"ListItem","position":3,"name":"Education","item":"https:\/\/www.wes.org\/fr\/evaluations-and-fees\/education\/"},{"@type":"ListItem","position":4,"name":"Ordre des \u00e9ducatrices et des \u00e9ducateurs de la petite enfance"}]},{"@type":"WebSite","@id":"https:\/\/www.wes.org\/fr\/#website","url":"https:\/\/www.wes.org\/fr\/","name":"World Education Services","description":"","publisher":{"@id":"https:\/\/www.wes.org\/fr\/#organization"},"potentialAction":[{"@type":"SearchAction","target":{"@type":"EntryPoint","urlTemplate":"https:\/\/www.wes.org\/fr\/?s={search_term_string}"},"query-input":{"@type":"PropertyValueSpecification","valueRequired":true,"valueName":"search_term_string"}}],"inLanguage":"fr-FR"},{"@type":"Organization","@id":"https:\/\/www.wes.org\/fr\/#organization","name":"World Education Services","url":"https:\/\/www.wes.org\/fr\/","logo":{"@type":"ImageObject","inLanguage":"fr-FR","@id":"https:\/\/www.wes.org\/fr\/#\/schema\/logo\/image\/","url":"https:\/\/www.wes.org\/wp-content\/uploads\/2024\/07\/cropped-cropped-WES_Logo_RGB-Primary_Green-Clearspace-e1719869905447.png","contentUrl":"https:\/\/www.wes.org\/wp-content\/uploads\/2024\/07\/cropped-cropped-WES_Logo_RGB-Primary_Green-Clearspace-e1719869905447.png","width":512,"height":512,"caption":"World Education Services"},"image":{"@id":"https:\/\/www.wes.org\/fr\/#\/schema\/logo\/image\/"},"sameAs":["https:\/\/www.facebook.com\/WorldEducationServices\/","https:\/\/x.com\/WorldEdServices","https:\/\/www.linkedin.com\/company\/worldeducationservices\/"]}]}},"wpml_current_locale":"fr_FR","wpml_translations":[{"locale":"en_US","id":44968,"post_title":"College of Early Childhood Educators","href":"https:\/\/www.wes.org\/college-of-early-childhood-educators\/"}],"_links":{"self":[{"href":"https:\/\/www.wes.org\/fr\/wp-json\/wp\/v2\/pages\/45267","targetHints":{"allow":["GET"]}}],"collection":[{"href":"https:\/\/www.wes.org\/fr\/wp-json\/wp\/v2\/pages"}],"about":[{"href":"https:\/\/www.wes.org\/fr\/wp-json\/wp\/v2\/types\/page"}],"author":[{"embeddable":true,"href":"https:\/\/www.wes.org\/fr\/wp-json\/wp\/v2\/users\/65"}],"replies":[{"embeddable":true,"href":"https:\/\/www.wes.org\/fr\/wp-json\/wp\/v2\/comments?post=45267"}],"version-history":[{"count":0,"href":"https:\/\/www.wes.org\/fr\/wp-json\/wp\/v2\/pages\/45267\/revisions"}],"up":[{"embeddable":true,"href":"https:\/\/www.wes.org\/fr\/wp-json\/wp\/v2\/pages\/4002"}],"wp:attachment":[{"href":"https:\/\/www.wes.org\/fr\/wp-json\/wp\/v2\/media?parent=45267"}],"curies":[{"name":"wp","href":"https:\/\/api.w.org\/{rel}","templated":true}]}}