{"id":44759,"date":"2024-08-12T00:51:59","date_gmt":"2024-08-12T04:51:59","guid":{"rendered":"https:\/\/www.wes.org\/?page_id=44759"},"modified":"2025-03-21T12:20:06","modified_gmt":"2025-03-21T16:20:06","slug":"temoignages","status":"publish","type":"page","link":"https:\/\/www.wes.org\/fr\/evaluations-de-diplomes\/temoignages\/","title":{"rendered":"T\u00e9moignages"},"content":{"rendered":"\n<h1 class=\"wp-block-heading has-text-align-center\" id=\"h-lisez-les-temoignages-de-nos-clients\">Lisez les t\u00e9moignages de nos clients<\/h1>\n\n\n\n<p><\/p>\n\n\n\n<p class=\"has-text-align-center\">Nous nous effor\u00e7ons d\u2019offrir le meilleur service possible aux \u00e9tudiants \u00e9trangers, aux immigrants qualifi\u00e9s et \u00e0 nos clients institutionnels. Lisez ce qu\u2019ils en disent.<\/p>\n\n\n\n<div style=\"height:50px\" aria-hidden=\"true\" class=\"wp-block-spacer\"><\/div>\n\n\n\n\n\n<section  class=\"testimonial-carousel relative bg-light-seafoam \">\n\n    <div class=\"mx-auto max-w-[1148px] testimonial-carousel_wrapper\">\n\n        <!-- Navigation Arrows -->\n        \n        <!-- Swiper Container -->\n        <div class=\"swiper testimonialSwiper\">\n            <div class=\"swiper-wrapper\">\n\n                                    <div class=\"swiper-slide mb-10 md:mb-[45px]\">\n\n                        <!-- Image + Ellipse -->\n                        <div class=\"flex justify-center\">\n                                                    <\/div>\n\n                                                    <p class=\"testimonial-quote text-center mb-[22px] md:mb-9 text-[22px] leading-[31px] md:text-[28px] md:leading-[38px] font-sans font-medium\">\n                                \u201cJ\u2019ai utilis\u00e9 WES plusieurs fois et son service a toujours \u00e9t\u00e9 rapide et minutieux. Je le recommande \u00e0 quiconque a besoin de faire convertir ses relev\u00e9s de notes.\u201d\n                            <\/p>\n                        \n                                                    <p class=\"testimonial-author text-center font-serif text-base\">\n                                <b>Rebecca Krygiel<\/b>                            <\/p>\n                        \n                    <\/div>\n                \n            <\/div><!-- \/.swiper-wrapper -->\n        <\/div><!-- \/.testimonialSwiper -->\n\n        <!-- Pagination -->\n        <div class=\"swiper-dots testimonial-pagination\"><\/div>\n\n          <div class=\"mt-6 md:mt-8 text-center\">\n        <a\n            class=\"testimonial-read-more font-sans text-sm underline hover:underline\"\n            href=\"https:\/\/applications.wes.org\/createaccount\/\"\n            target=\"_self\"\n            style=\"color: #1A69CB;\"\n        >\n            Postulez maintenant (EN)        <\/a>\n    <\/div>\n\n    <\/div><!-- \/.container -->\n\n<\/section>\n\n\n\n<div style=\"height:100px\" aria-hidden=\"true\" class=\"wp-block-spacer\"><\/div>\n\n\n\n\n\n<section \n   \n  class=\"relative sw-block alignwide wp-block-group is-layout-flow wp-block-storyware-floating-content-is-layout-flow\"\n  style=\"--wp--style--layout--content-size: var(--wp--custom--content-width); \n         --wp--style--layout--wide-size: var(--wp--custom--wide-width);\">\n\n  <div class=\"mx-auto px-5\">\n    <div class=\"grid gap-5 md:grid-cols-2 lg:gap-24 items-center\">\n\n      <!-- Image Column -->\n      <div class=\"not-prose\">\n                  <img loading=\"lazy\" decoding=\"async\" width=\"467\" height=\"314\" src=\"https:\/\/www.wes.org\/wp-content\/uploads\/2024\/10\/Omanjana.png\" class=\"h-72 md:h-[480px] w-full object-cover object-center\" alt=\"Omanjana Goswami\" \/>\n                        <\/div>\n\n      <!-- Text Column -->\n      <div class=\"md:order-first\">\n\n                  <h2 class=\"font-medium text-[28px] text-black leading-snug\">T\u00e9moignage au sujet de WES : Omanjana Goswami<\/h2>\n        \n                  <div class=\"mt-3\"><p>L\u2019\u00e9tudiante \u00e9trang\u00e8re Omanjana Goswami explique comment l\u2019\u00e9valuation des dipl\u00f4mes, les outils et les ressources de WES aident les \u00e9tudiants \u00e9trangers \u00e0 atteindre leurs objectifs.<\/p>\n<\/div>\n        \n        <!-- Button Type: Standard Link -->\n        \n        <!-- Button Type: Marketo Popup -->\n        \n      <\/div>\n    <\/div>\n  <\/div>\n<\/section>\n\n\n\n<div style=\"height:100px\" aria-hidden=\"true\" class=\"wp-block-spacer\"><\/div>\n\n\n\n\n\n<section \n   \n  class=\"relative sw-block alignwide wp-block-group is-layout-flow wp-block-storyware-floating-content-is-layout-flow\"\n  style=\"--wp--style--layout--content-size: var(--wp--custom--content-width); \n         --wp--style--layout--wide-size: var(--wp--custom--wide-width);\">\n\n  <div class=\"mx-auto px-5\">\n    <div class=\"grid gap-5 md:grid-cols-2 lg:gap-24 items-center\">\n\n      <!-- Image Column -->\n      <div class=\"not-prose\">\n                  <img loading=\"lazy\" decoding=\"async\" width=\"467\" height=\"314\" src=\"https:\/\/www.wes.org\/wp-content\/uploads\/2017\/01\/testimonial_Kunle_Ifesanya.jpg\" class=\"h-72 md:h-[480px] w-full object-cover object-center\" alt=\"Kunle Ifesanya Architect and urban development specialist Kunle Ifesanya discusses how WES credential evaluations, tools, and resources helped him achieve his professional goals in the U.S.\" srcset=\"https:\/\/www.wes.org\/wp-content\/uploads\/2017\/01\/testimonial_Kunle_Ifesanya.jpg 467w, https:\/\/www.wes.org\/wp-content\/uploads\/2017\/01\/testimonial_Kunle_Ifesanya-300x202.jpg 300w\" sizes=\"auto, (max-width: 467px) 100vw, 467px\" \/>\n                        <\/div>\n\n      <!-- Text Column -->\n      <div class=\"md:order-last\">\n\n                  <h2 class=\"font-medium text-[28px] text-black leading-snug\">T\u00e9moignage au sujet de WES : Kunle Ifesanya<\/h2>\n        \n                  <div class=\"mt-3\"><p>Architecte et sp\u00e9cialiste de l\u2019urbanisme, Kunle Ifesanya explique comment l\u2019\u00e9valuation des dipl\u00f4mes, les outils et les ressources de WES l\u2019ont aid\u00e9 \u00e0 atteindre ses objectifs professionnels aux \u00c9tats-Unis.<\/p>\n<\/div>\n        \n        <!-- Button Type: Standard Link -->\n        \n        <!-- Button Type: Marketo Popup -->\n        \n      <\/div>\n    <\/div>\n  <\/div>\n<\/section>\n\n\n\n<div style=\"height:100px\" aria-hidden=\"true\" class=\"wp-block-spacer\"><\/div>\n\n\n\n\n\n<section  class=\"testimonial-carousel relative bg-light-seafoam \">\n\n    <div class=\"mx-auto max-w-[1148px] testimonial-carousel_wrapper\">\n\n        <!-- Navigation Arrows -->\n        \n        <!-- Swiper Container -->\n        <div class=\"swiper testimonialSwiper\">\n            <div class=\"swiper-wrapper\">\n\n                                    <div class=\"swiper-slide mb-10 md:mb-[45px]\">\n\n                        <!-- Image + Ellipse -->\n                        <div class=\"flex justify-center\">\n                                                    <\/div>\n\n                                                    <p class=\"testimonial-quote text-center mb-[22px] md:mb-9 text-[22px] leading-[31px] md:text-[28px] md:leading-[38px] font-sans font-medium\">\n                                \u201c\u00c9tant donn\u00e9 le grand nombre de demandes d\u2019\u00e9tudiants \u00e9trangers que nous recevons, les services de WES permettent \u00e0 notre bureau des admissions d\u2019examiner les demandes avec plus d\u2019efficacit\u00e9 en sachant que l\u2019information que nous analysons est exacte et d\u00e9taill\u00e9e.<br \/>\r\n\u201d\n                            <\/p>\n                        \n                                                    <p class=\"testimonial-author text-center font-serif text-base\">\n                                Sarah Russell, Universit\u00e9 a\u00e9ronautique d\u2019Embry-Riddle                            <\/p>\n                        \n                    <\/div>\n                \n            <\/div><!-- \/.swiper-wrapper -->\n        <\/div><!-- \/.testimonialSwiper -->\n\n        <!-- Pagination -->\n        <div class=\"swiper-dots testimonial-pagination\"><\/div>\n\n          <div class=\"mt-6 md:mt-8 text-center\">\n        <a\n            class=\"testimonial-read-more font-sans text-sm underline hover:underline\"\n            href=\"https:\/\/www.wes.org\/fr\/outils\/\"\n            target=\"_self\"\n            style=\"color: #1A69CB;\"\n        >\n            Travailler avec WES        <\/a>\n    <\/div>\n\n    <\/div><!-- \/.container -->\n\n<\/section>\n\n\n\n<div style=\"height:100px\" aria-hidden=\"true\" class=\"wp-block-spacer\"><\/div>\n","protected":false},"excerpt":{"rendered":"<p>Lisez les t\u00e9moignages de nos clients Nous nous effor\u00e7ons d\u2019offrir le meilleur service possible aux \u00e9tudiants \u00e9trangers, aux immigrants qualifi\u00e9s et \u00e0 nos clients institutionnels. Lisez ce qu\u2019ils en disent.<\/p>\n","protected":false},"author":1090,"featured_media":0,"parent":43797,"menu_order":0,"comment_status":"closed","ping_status":"closed","template":"","meta":{"_acf_changed":false,"footnotes":""},"class_list":["post-44759","page","type-page","status-publish","hentry"],"better_featured_image":null,"acf":{"intro_more_button_cta_link":"","main_content_item_1_cta_link":"https:\/\/applications.wes.org\/createaccount\/","main_content_item_2_cta_link":"https:\/\/www.youtube.com\/watch?v=dreVRe9nPLM","main_content_item_3_cta_link":"https:\/\/www.youtube.com\/watch?v=-umeNyc8vNU","main_content_item_4_cta_link":"https:\/\/www.wes.org\/partners\/resources-for-institutional-professionals\/","main_content_item_5_cta_link":"","main_content_item_6_cta_link":"","main_content_item_7_cta_link":"","main_content_item_8_cta_link":"","main_content_item_9_cta_link":"","main_content_item_10_cta_link":"","alert_msg":"default"},"yoast_head":"<!-- This site is optimized with the Yoast SEO Premium plugin v26.2 (Yoast SEO v27.0) - https:\/\/yoast.com\/product\/yoast-seo-premium-wordpress\/ -->\n<title>T\u00e9moignages - WES<\/title>\n<meta name=\"robots\" content=\"index, follow, max-snippet:-1, max-image-preview:large, max-video-preview:-1\" \/>\n<link rel=\"canonical\" href=\"https:\/\/www.wes.org\/fr\/evaluations-de-diplomes\/temoignages\/\" \/>\n<meta property=\"og:locale\" content=\"fr_FR\" \/>\n<meta property=\"og:type\" content=\"article\" \/>\n<meta property=\"og:title\" content=\"T\u00e9moignages\" \/>\n<meta property=\"og:description\" content=\"Lisez les t\u00e9moignages de nos clients Nous nous effor\u00e7ons d\u2019offrir le meilleur service possible aux \u00e9tudiants \u00e9trangers, aux immigrants qualifi\u00e9s et \u00e0 nos clients institutionnels. Lisez ce qu\u2019ils en disent.\" \/>\n<meta property=\"og:url\" content=\"https:\/\/www.wes.org\/fr\/evaluations-de-diplomes\/temoignages\/\" \/>\n<meta property=\"og:site_name\" content=\"WES\" \/>\n<meta property=\"article:publisher\" content=\"https:\/\/www.facebook.com\/WorldEducationServices\/\" \/>\n<meta property=\"article:modified_time\" content=\"2025-03-21T16:20:06+00:00\" \/>\n<meta name=\"twitter:card\" content=\"summary_large_image\" \/>\n<meta name=\"twitter:site\" content=\"@WorldEdServices\" \/>\n<meta name=\"twitter:label1\" content=\"Dur\u00e9e de lecture estim\u00e9e\" \/>\n\t<meta name=\"twitter:data1\" content=\"1 minute\" \/>\n<script type=\"application\/ld+json\" class=\"yoast-schema-graph\">{\"@context\":\"https:\/\/schema.org\",\"@graph\":[{\"@type\":\"WebPage\",\"@id\":\"https:\/\/www.wes.org\/fr\/evaluations-de-diplomes\/temoignages\/\",\"url\":\"https:\/\/www.wes.org\/fr\/evaluations-de-diplomes\/temoignages\/\",\"name\":\"T\u00e9moignages - WES\",\"isPartOf\":{\"@id\":\"https:\/\/www.wes.org\/fr\/#website\"},\"datePublished\":\"2024-08-12T04:51:59+00:00\",\"dateModified\":\"2025-03-21T16:20:06+00:00\",\"breadcrumb\":{\"@id\":\"https:\/\/www.wes.org\/fr\/evaluations-de-diplomes\/temoignages\/#breadcrumb\"},\"inLanguage\":\"fr-FR\",\"potentialAction\":[{\"@type\":\"ReadAction\",\"target\":[\"https:\/\/www.wes.org\/fr\/evaluations-de-diplomes\/temoignages\/\"]}]},{\"@type\":\"BreadcrumbList\",\"@id\":\"https:\/\/www.wes.org\/fr\/evaluations-de-diplomes\/temoignages\/#breadcrumb\",\"itemListElement\":[{\"@type\":\"ListItem\",\"position\":1,\"name\":\"Home\",\"item\":\"https:\/\/www.wes.org\/fr\/\"},{\"@type\":\"ListItem\",\"position\":2,\"name\":\"\u00c9valuation de dipl\u00f4mes\",\"item\":\"https:\/\/www.wes.org\/fr\/evaluations-de-diplomes\/\"},{\"@type\":\"ListItem\",\"position\":3,\"name\":\"T\u00e9moignages\"}]},{\"@type\":\"WebSite\",\"@id\":\"https:\/\/www.wes.org\/fr\/#website\",\"url\":\"https:\/\/www.wes.org\/fr\/\",\"name\":\"World Education Services\",\"description\":\"\",\"publisher\":{\"@id\":\"https:\/\/www.wes.org\/fr\/#organization\"},\"potentialAction\":[{\"@type\":\"SearchAction\",\"target\":{\"@type\":\"EntryPoint\",\"urlTemplate\":\"https:\/\/www.wes.org\/fr\/?s={search_term_string}\"},\"query-input\":{\"@type\":\"PropertyValueSpecification\",\"valueRequired\":true,\"valueName\":\"search_term_string\"}}],\"inLanguage\":\"fr-FR\"},{\"@type\":\"Organization\",\"@id\":\"https:\/\/www.wes.org\/fr\/#organization\",\"name\":\"World Education Services\",\"url\":\"https:\/\/www.wes.org\/fr\/\",\"logo\":{\"@type\":\"ImageObject\",\"inLanguage\":\"fr-FR\",\"@id\":\"https:\/\/www.wes.org\/fr\/#\/schema\/logo\/image\/\",\"url\":\"https:\/\/www.wes.org\/wp-content\/uploads\/2024\/07\/cropped-cropped-WES_Logo_RGB-Primary_Green-Clearspace-e1719869905447.png\",\"contentUrl\":\"https:\/\/www.wes.org\/wp-content\/uploads\/2024\/07\/cropped-cropped-WES_Logo_RGB-Primary_Green-Clearspace-e1719869905447.png\",\"width\":512,\"height\":512,\"caption\":\"World Education Services\"},\"image\":{\"@id\":\"https:\/\/www.wes.org\/fr\/#\/schema\/logo\/image\/\"},\"sameAs\":[\"https:\/\/www.facebook.com\/WorldEducationServices\/\",\"https:\/\/x.com\/WorldEdServices\",\"https:\/\/www.linkedin.com\/company\/worldeducationservices\/\"]}]}<\/script>\n<!-- \/ Yoast SEO Premium plugin. -->","yoast_head_json":{"title":"T\u00e9moignages - WES","robots":{"index":"index","follow":"follow","max-snippet":"max-snippet:-1","max-image-preview":"max-image-preview:large","max-video-preview":"max-video-preview:-1"},"canonical":"https:\/\/www.wes.org\/fr\/evaluations-de-diplomes\/temoignages\/","og_locale":"fr_FR","og_type":"article","og_title":"T\u00e9moignages","og_description":"Lisez les t\u00e9moignages de nos clients Nous nous effor\u00e7ons d\u2019offrir le meilleur service possible aux \u00e9tudiants \u00e9trangers, aux immigrants qualifi\u00e9s et \u00e0 nos clients institutionnels. Lisez ce qu\u2019ils en disent.","og_url":"https:\/\/www.wes.org\/fr\/evaluations-de-diplomes\/temoignages\/","og_site_name":"WES","article_publisher":"https:\/\/www.facebook.com\/WorldEducationServices\/","article_modified_time":"2025-03-21T16:20:06+00:00","twitter_card":"summary_large_image","twitter_site":"@WorldEdServices","twitter_misc":{"Dur\u00e9e de lecture estim\u00e9e":"1 minute"},"schema":{"@context":"https:\/\/schema.org","@graph":[{"@type":"WebPage","@id":"https:\/\/www.wes.org\/fr\/evaluations-de-diplomes\/temoignages\/","url":"https:\/\/www.wes.org\/fr\/evaluations-de-diplomes\/temoignages\/","name":"T\u00e9moignages - WES","isPartOf":{"@id":"https:\/\/www.wes.org\/fr\/#website"},"datePublished":"2024-08-12T04:51:59+00:00","dateModified":"2025-03-21T16:20:06+00:00","breadcrumb":{"@id":"https:\/\/www.wes.org\/fr\/evaluations-de-diplomes\/temoignages\/#breadcrumb"},"inLanguage":"fr-FR","potentialAction":[{"@type":"ReadAction","target":["https:\/\/www.wes.org\/fr\/evaluations-de-diplomes\/temoignages\/"]}]},{"@type":"BreadcrumbList","@id":"https:\/\/www.wes.org\/fr\/evaluations-de-diplomes\/temoignages\/#breadcrumb","itemListElement":[{"@type":"ListItem","position":1,"name":"Home","item":"https:\/\/www.wes.org\/fr\/"},{"@type":"ListItem","position":2,"name":"\u00c9valuation de dipl\u00f4mes","item":"https:\/\/www.wes.org\/fr\/evaluations-de-diplomes\/"},{"@type":"ListItem","position":3,"name":"T\u00e9moignages"}]},{"@type":"WebSite","@id":"https:\/\/www.wes.org\/fr\/#website","url":"https:\/\/www.wes.org\/fr\/","name":"World Education Services","description":"","publisher":{"@id":"https:\/\/www.wes.org\/fr\/#organization"},"potentialAction":[{"@type":"SearchAction","target":{"@type":"EntryPoint","urlTemplate":"https:\/\/www.wes.org\/fr\/?s={search_term_string}"},"query-input":{"@type":"PropertyValueSpecification","valueRequired":true,"valueName":"search_term_string"}}],"inLanguage":"fr-FR"},{"@type":"Organization","@id":"https:\/\/www.wes.org\/fr\/#organization","name":"World Education Services","url":"https:\/\/www.wes.org\/fr\/","logo":{"@type":"ImageObject","inLanguage":"fr-FR","@id":"https:\/\/www.wes.org\/fr\/#\/schema\/logo\/image\/","url":"https:\/\/www.wes.org\/wp-content\/uploads\/2024\/07\/cropped-cropped-WES_Logo_RGB-Primary_Green-Clearspace-e1719869905447.png","contentUrl":"https:\/\/www.wes.org\/wp-content\/uploads\/2024\/07\/cropped-cropped-WES_Logo_RGB-Primary_Green-Clearspace-e1719869905447.png","width":512,"height":512,"caption":"World Education Services"},"image":{"@id":"https:\/\/www.wes.org\/fr\/#\/schema\/logo\/image\/"},"sameAs":["https:\/\/www.facebook.com\/WorldEducationServices\/","https:\/\/x.com\/WorldEdServices","https:\/\/www.linkedin.com\/company\/worldeducationservices\/"]}]}},"wpml_current_locale":"fr_FR","wpml_translations":[{"locale":"en_US","id":917,"post_title":"Testimonials","href":"https:\/\/www.wes.org\/testimonials\/"}],"_links":{"self":[{"href":"https:\/\/www.wes.org\/fr\/wp-json\/wp\/v2\/pages\/44759","targetHints":{"allow":["GET"]}}],"collection":[{"href":"https:\/\/www.wes.org\/fr\/wp-json\/wp\/v2\/pages"}],"about":[{"href":"https:\/\/www.wes.org\/fr\/wp-json\/wp\/v2\/types\/page"}],"author":[{"embeddable":true,"href":"https:\/\/www.wes.org\/fr\/wp-json\/wp\/v2\/users\/1090"}],"replies":[{"embeddable":true,"href":"https:\/\/www.wes.org\/fr\/wp-json\/wp\/v2\/comments?post=44759"}],"version-history":[{"count":0,"href":"https:\/\/www.wes.org\/fr\/wp-json\/wp\/v2\/pages\/44759\/revisions"}],"up":[{"embeddable":true,"href":"https:\/\/www.wes.org\/fr\/wp-json\/wp\/v2\/pages\/43797"}],"wp:attachment":[{"href":"https:\/\/www.wes.org\/fr\/wp-json\/wp\/v2\/media?parent=44759"}],"curies":[{"name":"wp","href":"https:\/\/api.w.org\/{rel}","templated":true}]}}