{"id":43799,"date":"2024-07-19T09:39:08","date_gmt":"2024-07-19T13:39:08","guid":{"rendered":"https:\/\/www.wes.org\/?page_id=43799"},"modified":"2026-02-25T14:57:03","modified_gmt":"2026-02-25T19:57:03","slug":"impact-social","status":"publish","type":"page","link":"https:\/\/www.wes.org\/fr\/impact-social\/","title":{"rendered":"Impact Social"},"content":{"rendered":"\n<h1 class=\"wp-block-heading has-text-align-center\" id=\"h-impact-social\">Impact social<\/h1>\n\n\n\n<h3 class=\"wp-block-heading has-text-align-center\" id=\"h-chez-wes-nous-nous-engageons-a-favoriser-des-changements-systemiques-afin-de-promouvoir-l-inclusion-educative-economique-et-sociale-notre-approche-comprend-des-programmes-innovants-comme-des-initiatives-soutenant-l-integration-de-professionnels-formes-a-l-international-sur-le-marche-du-travail-le-plaidoyer-en-matiere-de-politiques-publiques-des-investissements-alignes-sur-notre-mission-et-l-octroi-de-subventions-philanthropiques-grace-a-ces-leviers-complementaires-nous-nous-efforcons-de-creer-des-opportunites-academiques-et-professionnelles-equitables-permettant-aux-immigrants-aux-refugies-et-aux-etudiants-internationaux-de-s-epanouir-et-aux-communautes-de-prosperer\">Chez WES, nous nous engageons \u00e0 favoriser des changements syst\u00e9miques afin de promouvoir l\u2019inclusion \u00e9ducative, \u00e9conomique et sociale. Notre approche comprend des programmes innovants, comme des initiatives soutenant l\u2019int\u00e9gration de professionnels form\u00e9s \u00e0 l\u2019international sur le march\u00e9 du travail, le plaidoyer en mati\u00e8re de politiques publiques, des investissements align\u00e9s sur notre mission et l\u2019octroi de subventions philanthropiques. Gr\u00e2ce \u00e0 ces leviers compl\u00e9mentaires, nous nous effor\u00e7ons de cr\u00e9er des opportunit\u00e9s acad\u00e9miques et professionnelles \u00e9quitables permettant aux immigrants, aux r\u00e9fugi\u00e9s et aux \u00e9tudiants internationaux de s\u2019\u00e9panouir et aux communaut\u00e9s de prosp\u00e9rer.<\/h3>\n\n\n\n\n\n<section  class=\"sw-block alignfull not-prose\">\n  <div class=\"mx-auto max-w-[1230px] px-5\">\n    <div class=\"text-center\">\n      \n          <\/div>\n\n          <div class=\"mt-10 grid gap-6 md:mt-14 md:grid-cols-2 md:gap-7\">\n                  \n                      <a href=\"https:\/\/www.wes.org\/fr\/impact-social\/programmes\/\" target=\"_self\"\n               class=\"group relative block overflow-hidden rounded-[30px] min-h-[300px]\">\n          \n                          <!-- Desktop Image -->\n              <img loading=\"lazy\" decoding=\"async\" width=\"1284\" height=\"620\" src=\"https:\/\/www.wes.org\/wp-content\/uploads\/2024\/08\/trozzo_231212_1368_1284x620.webp\" class=\"absolute inset-0 z-0 h-full w-full object-cover hidden md:block\" alt=\"Man presenting at a corporate event\" style=\"object-position: 50% 50%;\" srcset=\"https:\/\/www.wes.org\/wp-content\/uploads\/2024\/08\/trozzo_231212_1368_1284x620.webp 1284w, https:\/\/www.wes.org\/wp-content\/uploads\/2024\/08\/trozzo_231212_1368_1284x620-300x145.webp 300w, https:\/\/www.wes.org\/wp-content\/uploads\/2024\/08\/trozzo_231212_1368_1284x620-1024x494.webp 1024w, https:\/\/www.wes.org\/wp-content\/uploads\/2024\/08\/trozzo_231212_1368_1284x620-768x371.webp 768w\" sizes=\"auto, (max-width: 1284px) 100vw, 1284px\" \/>              <!-- Mobile Image -->\n                              <img loading=\"lazy\" decoding=\"async\" width=\"1284\" height=\"620\" src=\"https:\/\/www.wes.org\/wp-content\/uploads\/2024\/08\/trozzo_231212_1368_1284x620.webp\" class=\"absolute inset-0 z-0 h-full w-full object-cover block md:hidden\" alt=\"Man presenting at a corporate event\" style=\"object-position: 50% 50%;\" srcset=\"https:\/\/www.wes.org\/wp-content\/uploads\/2024\/08\/trozzo_231212_1368_1284x620.webp 1284w, https:\/\/www.wes.org\/wp-content\/uploads\/2024\/08\/trozzo_231212_1368_1284x620-300x145.webp 300w, https:\/\/www.wes.org\/wp-content\/uploads\/2024\/08\/trozzo_231212_1368_1284x620-1024x494.webp 1024w, https:\/\/www.wes.org\/wp-content\/uploads\/2024\/08\/trozzo_231212_1368_1284x620-768x371.webp 768w\" sizes=\"auto, (max-width: 1284px) 100vw, 1284px\" \/>                            <!-- Overlay -->\n              <div class=\"absolute inset-0 z-10 bg-gradient-to-b from-white to-[#212121] opacity-70 mix-blend-multiply transition-all duration-300 group-hover:opacity-90\"><\/div>\n            \n            <!-- Content -->\n            <div class=\"relative z-20 flex h-full w-full flex-col items-center justify-center p-6 text-center md:p-10\">\n                              <p class=\"transition-transform group-hover:-translate-y-2 text-balance break-words text-3xl font-bold leading-tight text-white shadow-black [text-shadow:0px_4px_44px_var(--tw-shadow-color)] md:text-[38px] md:leading-none\">\n                  Programmes                <\/p>\n              \n                              <div class=\"mt-4 md:mt-7\">\n                                      <span class=\"font-sans bg-wes-green inline-block rounded-[50px] px-5 pb-1.5 pt-2 text-center text-sm font-semibold leading-snug tracking-wide text-black\">\n                      En savoir plus                    <\/span>\n                                  <\/div>\n              \n                          <\/div>\n\n                      <\/a>\n          \n                  \n                      <a href=\"https:\/\/www.wes.org\/fr\/impact-social\/politique-publique\/\" target=\"_self\"\n               class=\"group relative block overflow-hidden rounded-[30px] min-h-[300px]\">\n          \n                          <!-- Desktop Image -->\n              <img loading=\"lazy\" decoding=\"async\" width=\"2560\" height=\"1443\" src=\"https:\/\/www.wes.org\/wp-content\/uploads\/2024\/07\/iStock-945944528-scaled.jpg\" class=\"absolute inset-0 z-0 h-full w-full object-cover hidden md:block\" alt=\"View of the city of Toronto\" style=\"object-position: 50% 50%;\" srcset=\"https:\/\/www.wes.org\/wp-content\/uploads\/2024\/07\/iStock-945944528-scaled.jpg 2560w, https:\/\/www.wes.org\/wp-content\/uploads\/2024\/07\/iStock-945944528-300x169.jpg 300w, https:\/\/www.wes.org\/wp-content\/uploads\/2024\/07\/iStock-945944528-1024x577.jpg 1024w, https:\/\/www.wes.org\/wp-content\/uploads\/2024\/07\/iStock-945944528-768x433.jpg 768w, https:\/\/www.wes.org\/wp-content\/uploads\/2024\/07\/iStock-945944528-1536x866.jpg 1536w, https:\/\/www.wes.org\/wp-content\/uploads\/2024\/07\/iStock-945944528-2048x1154.jpg 2048w\" sizes=\"auto, (max-width: 2560px) 100vw, 2560px\" \/>              <!-- Mobile Image -->\n                              <img loading=\"lazy\" decoding=\"async\" width=\"2560\" height=\"1443\" src=\"https:\/\/www.wes.org\/wp-content\/uploads\/2024\/07\/iStock-945944528-scaled.jpg\" class=\"absolute inset-0 z-0 h-full w-full object-cover block md:hidden\" alt=\"View of the city of Toronto\" style=\"object-position: 50% 50%;\" srcset=\"https:\/\/www.wes.org\/wp-content\/uploads\/2024\/07\/iStock-945944528-scaled.jpg 2560w, https:\/\/www.wes.org\/wp-content\/uploads\/2024\/07\/iStock-945944528-300x169.jpg 300w, https:\/\/www.wes.org\/wp-content\/uploads\/2024\/07\/iStock-945944528-1024x577.jpg 1024w, https:\/\/www.wes.org\/wp-content\/uploads\/2024\/07\/iStock-945944528-768x433.jpg 768w, https:\/\/www.wes.org\/wp-content\/uploads\/2024\/07\/iStock-945944528-1536x866.jpg 1536w, https:\/\/www.wes.org\/wp-content\/uploads\/2024\/07\/iStock-945944528-2048x1154.jpg 2048w\" sizes=\"auto, (max-width: 2560px) 100vw, 2560px\" \/>                            <!-- Overlay -->\n              <div class=\"absolute inset-0 z-10 bg-gradient-to-b from-white to-[#212121] opacity-70 mix-blend-multiply transition-all duration-300 group-hover:opacity-90\"><\/div>\n            \n            <!-- Content -->\n            <div class=\"relative z-20 flex h-full w-full flex-col items-center justify-center p-6 text-center md:p-10\">\n                              <p class=\"transition-transform group-hover:-translate-y-2 text-balance break-words text-3xl font-bold leading-tight text-white shadow-black [text-shadow:0px_4px_44px_var(--tw-shadow-color)] md:text-[38px] md:leading-none\">\n                  Politiques publiques                <\/p>\n              \n                              <div class=\"mt-4 md:mt-7\">\n                                      <span class=\"font-sans bg-wes-green inline-block rounded-[50px] px-5 pb-1.5 pt-2 text-center text-sm font-semibold leading-snug tracking-wide text-black\">\n                      En savoir plus                    <\/span>\n                                  <\/div>\n              \n                          <\/div>\n\n                      <\/a>\n          \n                  \n                      <a href=\"https:\/\/www.wes.org\/fr\/impact-social\/investir\/\" target=\"_self\"\n               class=\"group relative block overflow-hidden rounded-[30px] min-h-[300px]\">\n          \n                          <!-- Desktop Image -->\n              <img loading=\"lazy\" decoding=\"async\" width=\"2118\" height=\"1415\" src=\"https:\/\/www.wes.org\/wp-content\/uploads\/2024\/07\/iStock-809425176.jpg\" class=\"absolute inset-0 z-0 h-full w-full object-cover hidden md:block\" alt=\"Cityscape of New York City\" style=\"object-position: 50% 50%;\" srcset=\"https:\/\/www.wes.org\/wp-content\/uploads\/2024\/07\/iStock-809425176.jpg 2118w, https:\/\/www.wes.org\/wp-content\/uploads\/2024\/07\/iStock-809425176-300x200.jpg 300w, https:\/\/www.wes.org\/wp-content\/uploads\/2024\/07\/iStock-809425176-1024x684.jpg 1024w, https:\/\/www.wes.org\/wp-content\/uploads\/2024\/07\/iStock-809425176-768x513.jpg 768w, https:\/\/www.wes.org\/wp-content\/uploads\/2024\/07\/iStock-809425176-1536x1026.jpg 1536w, https:\/\/www.wes.org\/wp-content\/uploads\/2024\/07\/iStock-809425176-2048x1368.jpg 2048w, https:\/\/www.wes.org\/wp-content\/uploads\/2024\/07\/iStock-809425176-541x362.jpg 541w\" sizes=\"auto, (max-width: 2118px) 100vw, 2118px\" \/>              <!-- Mobile Image -->\n                              <img loading=\"lazy\" decoding=\"async\" width=\"2118\" height=\"1415\" src=\"https:\/\/www.wes.org\/wp-content\/uploads\/2024\/07\/iStock-809425176.jpg\" class=\"absolute inset-0 z-0 h-full w-full object-cover block md:hidden\" alt=\"Cityscape of New York City\" style=\"object-position: 50% 50%;\" srcset=\"https:\/\/www.wes.org\/wp-content\/uploads\/2024\/07\/iStock-809425176.jpg 2118w, https:\/\/www.wes.org\/wp-content\/uploads\/2024\/07\/iStock-809425176-300x200.jpg 300w, https:\/\/www.wes.org\/wp-content\/uploads\/2024\/07\/iStock-809425176-1024x684.jpg 1024w, https:\/\/www.wes.org\/wp-content\/uploads\/2024\/07\/iStock-809425176-768x513.jpg 768w, https:\/\/www.wes.org\/wp-content\/uploads\/2024\/07\/iStock-809425176-1536x1026.jpg 1536w, https:\/\/www.wes.org\/wp-content\/uploads\/2024\/07\/iStock-809425176-2048x1368.jpg 2048w, https:\/\/www.wes.org\/wp-content\/uploads\/2024\/07\/iStock-809425176-541x362.jpg 541w\" sizes=\"auto, (max-width: 2118px) 100vw, 2118px\" \/>                            <!-- Overlay -->\n              <div class=\"absolute inset-0 z-10 bg-gradient-to-b from-white to-[#212121] opacity-70 mix-blend-multiply transition-all duration-300 group-hover:opacity-90\"><\/div>\n            \n            <!-- Content -->\n            <div class=\"relative z-20 flex h-full w-full flex-col items-center justify-center p-6 text-center md:p-10\">\n                              <p class=\"transition-transform group-hover:-translate-y-2 text-balance break-words text-3xl font-bold leading-tight text-white shadow-black [text-shadow:0px_4px_44px_var(--tw-shadow-color)] md:text-[38px] md:leading-none\">\n                  Investissements                <\/p>\n              \n                              <div class=\"mt-4 md:mt-7\">\n                                      <span class=\"font-sans bg-wes-green inline-block rounded-[50px] px-5 pb-1.5 pt-2 text-center text-sm font-semibold leading-snug tracking-wide text-black\">\n                      En savoir plus                    <\/span>\n                                  <\/div>\n              \n                          <\/div>\n\n                      <\/a>\n          \n                  \n                      <a href=\"https:\/\/www.wes.org\/fr\/impact-social\/le-fonds-mariam-assefa-de-wes\/\" target=\"_self\"\n               class=\"group relative block overflow-hidden rounded-[30px] min-h-[300px]\">\n          \n                          <!-- Desktop Image -->\n              <img loading=\"lazy\" decoding=\"async\" width=\"2560\" height=\"1707\" src=\"https:\/\/www.wes.org\/wp-content\/uploads\/2024\/07\/iStock-1466734944-1-scaled.jpg\" class=\"absolute inset-0 z-0 h-full w-full object-cover hidden md:block\" alt=\"Group of students having an discussion.\" style=\"object-position: 50% 50%;\" srcset=\"https:\/\/www.wes.org\/wp-content\/uploads\/2024\/07\/iStock-1466734944-1-scaled.jpg 2560w, https:\/\/www.wes.org\/wp-content\/uploads\/2024\/07\/iStock-1466734944-1-300x200.jpg 300w, https:\/\/www.wes.org\/wp-content\/uploads\/2024\/07\/iStock-1466734944-1-1024x683.jpg 1024w, https:\/\/www.wes.org\/wp-content\/uploads\/2024\/07\/iStock-1466734944-1-768x512.jpg 768w, https:\/\/www.wes.org\/wp-content\/uploads\/2024\/07\/iStock-1466734944-1-1536x1024.jpg 1536w, https:\/\/www.wes.org\/wp-content\/uploads\/2024\/07\/iStock-1466734944-1-2048x1366.jpg 2048w, https:\/\/www.wes.org\/wp-content\/uploads\/2024\/07\/iStock-1466734944-1-541x362.jpg 541w\" sizes=\"auto, (max-width: 2560px) 100vw, 2560px\" \/>              <!-- Mobile Image -->\n                              <img loading=\"lazy\" decoding=\"async\" width=\"2560\" height=\"1707\" src=\"https:\/\/www.wes.org\/wp-content\/uploads\/2024\/07\/iStock-1466734944-1-scaled.jpg\" class=\"absolute inset-0 z-0 h-full w-full object-cover block md:hidden\" alt=\"Group of students having an discussion.\" style=\"object-position: 50% 50%;\" srcset=\"https:\/\/www.wes.org\/wp-content\/uploads\/2024\/07\/iStock-1466734944-1-scaled.jpg 2560w, https:\/\/www.wes.org\/wp-content\/uploads\/2024\/07\/iStock-1466734944-1-300x200.jpg 300w, https:\/\/www.wes.org\/wp-content\/uploads\/2024\/07\/iStock-1466734944-1-1024x683.jpg 1024w, https:\/\/www.wes.org\/wp-content\/uploads\/2024\/07\/iStock-1466734944-1-768x512.jpg 768w, https:\/\/www.wes.org\/wp-content\/uploads\/2024\/07\/iStock-1466734944-1-1536x1024.jpg 1536w, https:\/\/www.wes.org\/wp-content\/uploads\/2024\/07\/iStock-1466734944-1-2048x1366.jpg 2048w, https:\/\/www.wes.org\/wp-content\/uploads\/2024\/07\/iStock-1466734944-1-541x362.jpg 541w\" sizes=\"auto, (max-width: 2560px) 100vw, 2560px\" \/>                            <!-- Overlay -->\n              <div class=\"absolute inset-0 z-10 bg-gradient-to-b from-white to-[#212121] opacity-70 mix-blend-multiply transition-all duration-300 group-hover:opacity-90\"><\/div>\n            \n            <!-- Content -->\n            <div class=\"relative z-20 flex h-full w-full flex-col items-center justify-center p-6 text-center md:p-10\">\n                              <p class=\"transition-transform group-hover:-translate-y-2 text-balance break-words text-3xl font-bold leading-tight text-white shadow-black [text-shadow:0px_4px_44px_var(--tw-shadow-color)] md:text-[38px] md:leading-none\">\n                  Philanthropie                <\/p>\n              \n                              <div class=\"mt-4 md:mt-7\">\n                                      <span class=\"font-sans bg-wes-green inline-block rounded-[50px] px-5 pb-1.5 pt-2 text-center text-sm font-semibold leading-snug tracking-wide text-black\">\n                      Fonds Mariam Assefa                    <\/span>\n                                  <\/div>\n              \n                          <\/div>\n\n                      <\/a>\n          \n              <\/div>\n      <\/div>\n<\/section>\n\n\n\n<p><\/p>\n","protected":false},"excerpt":{"rendered":"<p>Impact social Chez WES, nous nous engageons \u00e0 favoriser des changements syst\u00e9miques afin de promouvoir l\u2019inclusion \u00e9ducative, \u00e9conomique et sociale. Notre approche comprend des programmes innovants, comme des initiatives soutenant l\u2019int\u00e9gration de professionnels form\u00e9s \u00e0 l\u2019international sur le march\u00e9 du travail, le plaidoyer en mati\u00e8re de politiques publiques, des investissements align\u00e9s sur notre mission et [&hellip;]<\/p>\n","protected":false},"author":1090,"featured_media":0,"parent":0,"menu_order":0,"comment_status":"closed","ping_status":"closed","template":"","meta":{"_acf_changed":false,"footnotes":""},"class_list":["post-43799","page","type-page","status-publish","hentry"],"better_featured_image":null,"acf":{"alert_msg":"default","sw_show_as_header":false,"sw_show_as_button":false,"sw_show_as_feature":false},"yoast_head":"<!-- This site is optimized with the Yoast SEO Premium plugin v26.2 (Yoast SEO v27.0) - https:\/\/yoast.com\/product\/yoast-seo-premium-wordpress\/ -->\n<title>Impact Social - WES<\/title>\n<meta name=\"robots\" content=\"index, follow, max-snippet:-1, max-image-preview:large, max-video-preview:-1\" \/>\n<link rel=\"canonical\" href=\"https:\/\/www.wes.org\/fr\/impact-social\/\" \/>\n<meta property=\"og:locale\" content=\"fr_FR\" \/>\n<meta property=\"og:type\" content=\"article\" \/>\n<meta property=\"og:title\" content=\"Impact Social\" \/>\n<meta property=\"og:description\" content=\"Impact social Chez WES, nous nous engageons \u00e0 favoriser des changements syst\u00e9miques afin de promouvoir l\u2019inclusion \u00e9ducative, \u00e9conomique et sociale. Notre approche comprend des programmes innovants, comme des initiatives soutenant l\u2019int\u00e9gration de professionnels form\u00e9s \u00e0 l\u2019international sur le march\u00e9 du travail, le plaidoyer en mati\u00e8re de politiques publiques, des investissements align\u00e9s sur notre mission et [&hellip;]\" \/>\n<meta property=\"og:url\" content=\"https:\/\/www.wes.org\/fr\/impact-social\/\" \/>\n<meta property=\"og:site_name\" content=\"WES\" \/>\n<meta property=\"article:publisher\" content=\"https:\/\/www.facebook.com\/WorldEducationServices\/\" \/>\n<meta property=\"article:modified_time\" content=\"2026-02-25T19:57:03+00:00\" \/>\n<meta name=\"twitter:card\" content=\"summary_large_image\" \/>\n<meta name=\"twitter:site\" content=\"@WorldEdServices\" \/>\n<meta name=\"twitter:label1\" content=\"Dur\u00e9e de lecture estim\u00e9e\" \/>\n\t<meta name=\"twitter:data1\" content=\"1 minute\" \/>\n<script type=\"application\/ld+json\" class=\"yoast-schema-graph\">{\"@context\":\"https:\/\/schema.org\",\"@graph\":[{\"@type\":\"WebPage\",\"@id\":\"https:\/\/www.wes.org\/fr\/impact-social\/\",\"url\":\"https:\/\/www.wes.org\/fr\/impact-social\/\",\"name\":\"Impact Social - WES\",\"isPartOf\":{\"@id\":\"https:\/\/www.wes.org\/fr\/#website\"},\"datePublished\":\"2024-07-19T13:39:08+00:00\",\"dateModified\":\"2026-02-25T19:57:03+00:00\",\"breadcrumb\":{\"@id\":\"https:\/\/www.wes.org\/fr\/impact-social\/#breadcrumb\"},\"inLanguage\":\"fr-FR\",\"potentialAction\":[{\"@type\":\"ReadAction\",\"target\":[\"https:\/\/www.wes.org\/fr\/impact-social\/\"]}]},{\"@type\":\"BreadcrumbList\",\"@id\":\"https:\/\/www.wes.org\/fr\/impact-social\/#breadcrumb\",\"itemListElement\":[{\"@type\":\"ListItem\",\"position\":1,\"name\":\"Home\",\"item\":\"https:\/\/www.wes.org\/fr\/\"},{\"@type\":\"ListItem\",\"position\":2,\"name\":\"Impact Social\"}]},{\"@type\":\"WebSite\",\"@id\":\"https:\/\/www.wes.org\/fr\/#website\",\"url\":\"https:\/\/www.wes.org\/fr\/\",\"name\":\"World Education Services\",\"description\":\"\",\"publisher\":{\"@id\":\"https:\/\/www.wes.org\/fr\/#organization\"},\"potentialAction\":[{\"@type\":\"SearchAction\",\"target\":{\"@type\":\"EntryPoint\",\"urlTemplate\":\"https:\/\/www.wes.org\/fr\/?s={search_term_string}\"},\"query-input\":{\"@type\":\"PropertyValueSpecification\",\"valueRequired\":true,\"valueName\":\"search_term_string\"}}],\"inLanguage\":\"fr-FR\"},{\"@type\":\"Organization\",\"@id\":\"https:\/\/www.wes.org\/fr\/#organization\",\"name\":\"World Education Services\",\"url\":\"https:\/\/www.wes.org\/fr\/\",\"logo\":{\"@type\":\"ImageObject\",\"inLanguage\":\"fr-FR\",\"@id\":\"https:\/\/www.wes.org\/fr\/#\/schema\/logo\/image\/\",\"url\":\"https:\/\/www.wes.org\/wp-content\/uploads\/2024\/07\/cropped-cropped-WES_Logo_RGB-Primary_Green-Clearspace-e1719869905447.png\",\"contentUrl\":\"https:\/\/www.wes.org\/wp-content\/uploads\/2024\/07\/cropped-cropped-WES_Logo_RGB-Primary_Green-Clearspace-e1719869905447.png\",\"width\":512,\"height\":512,\"caption\":\"World Education Services\"},\"image\":{\"@id\":\"https:\/\/www.wes.org\/fr\/#\/schema\/logo\/image\/\"},\"sameAs\":[\"https:\/\/www.facebook.com\/WorldEducationServices\/\",\"https:\/\/x.com\/WorldEdServices\",\"https:\/\/www.linkedin.com\/company\/worldeducationservices\/\"]}]}<\/script>\n<!-- \/ Yoast SEO Premium plugin. -->","yoast_head_json":{"title":"Impact Social - WES","robots":{"index":"index","follow":"follow","max-snippet":"max-snippet:-1","max-image-preview":"max-image-preview:large","max-video-preview":"max-video-preview:-1"},"canonical":"https:\/\/www.wes.org\/fr\/impact-social\/","og_locale":"fr_FR","og_type":"article","og_title":"Impact Social","og_description":"Impact social Chez WES, nous nous engageons \u00e0 favoriser des changements syst\u00e9miques afin de promouvoir l\u2019inclusion \u00e9ducative, \u00e9conomique et sociale. Notre approche comprend des programmes innovants, comme des initiatives soutenant l\u2019int\u00e9gration de professionnels form\u00e9s \u00e0 l\u2019international sur le march\u00e9 du travail, le plaidoyer en mati\u00e8re de politiques publiques, des investissements align\u00e9s sur notre mission et [&hellip;]","og_url":"https:\/\/www.wes.org\/fr\/impact-social\/","og_site_name":"WES","article_publisher":"https:\/\/www.facebook.com\/WorldEducationServices\/","article_modified_time":"2026-02-25T19:57:03+00:00","twitter_card":"summary_large_image","twitter_site":"@WorldEdServices","twitter_misc":{"Dur\u00e9e de lecture estim\u00e9e":"1 minute"},"schema":{"@context":"https:\/\/schema.org","@graph":[{"@type":"WebPage","@id":"https:\/\/www.wes.org\/fr\/impact-social\/","url":"https:\/\/www.wes.org\/fr\/impact-social\/","name":"Impact Social - WES","isPartOf":{"@id":"https:\/\/www.wes.org\/fr\/#website"},"datePublished":"2024-07-19T13:39:08+00:00","dateModified":"2026-02-25T19:57:03+00:00","breadcrumb":{"@id":"https:\/\/www.wes.org\/fr\/impact-social\/#breadcrumb"},"inLanguage":"fr-FR","potentialAction":[{"@type":"ReadAction","target":["https:\/\/www.wes.org\/fr\/impact-social\/"]}]},{"@type":"BreadcrumbList","@id":"https:\/\/www.wes.org\/fr\/impact-social\/#breadcrumb","itemListElement":[{"@type":"ListItem","position":1,"name":"Home","item":"https:\/\/www.wes.org\/fr\/"},{"@type":"ListItem","position":2,"name":"Impact Social"}]},{"@type":"WebSite","@id":"https:\/\/www.wes.org\/fr\/#website","url":"https:\/\/www.wes.org\/fr\/","name":"World Education Services","description":"","publisher":{"@id":"https:\/\/www.wes.org\/fr\/#organization"},"potentialAction":[{"@type":"SearchAction","target":{"@type":"EntryPoint","urlTemplate":"https:\/\/www.wes.org\/fr\/?s={search_term_string}"},"query-input":{"@type":"PropertyValueSpecification","valueRequired":true,"valueName":"search_term_string"}}],"inLanguage":"fr-FR"},{"@type":"Organization","@id":"https:\/\/www.wes.org\/fr\/#organization","name":"World Education Services","url":"https:\/\/www.wes.org\/fr\/","logo":{"@type":"ImageObject","inLanguage":"fr-FR","@id":"https:\/\/www.wes.org\/fr\/#\/schema\/logo\/image\/","url":"https:\/\/www.wes.org\/wp-content\/uploads\/2024\/07\/cropped-cropped-WES_Logo_RGB-Primary_Green-Clearspace-e1719869905447.png","contentUrl":"https:\/\/www.wes.org\/wp-content\/uploads\/2024\/07\/cropped-cropped-WES_Logo_RGB-Primary_Green-Clearspace-e1719869905447.png","width":512,"height":512,"caption":"World Education Services"},"image":{"@id":"https:\/\/www.wes.org\/fr\/#\/schema\/logo\/image\/"},"sameAs":["https:\/\/www.facebook.com\/WorldEducationServices\/","https:\/\/x.com\/WorldEdServices","https:\/\/www.linkedin.com\/company\/worldeducationservices\/"]}]}},"wpml_current_locale":"fr_FR","wpml_translations":[{"locale":"en_US","id":42119,"post_title":"Social Impact Programs","href":"https:\/\/www.wes.org\/social-impact\/"}],"_links":{"self":[{"href":"https:\/\/www.wes.org\/fr\/wp-json\/wp\/v2\/pages\/43799","targetHints":{"allow":["GET"]}}],"collection":[{"href":"https:\/\/www.wes.org\/fr\/wp-json\/wp\/v2\/pages"}],"about":[{"href":"https:\/\/www.wes.org\/fr\/wp-json\/wp\/v2\/types\/page"}],"author":[{"embeddable":true,"href":"https:\/\/www.wes.org\/fr\/wp-json\/wp\/v2\/users\/1090"}],"replies":[{"embeddable":true,"href":"https:\/\/www.wes.org\/fr\/wp-json\/wp\/v2\/comments?post=43799"}],"version-history":[{"count":4,"href":"https:\/\/www.wes.org\/fr\/wp-json\/wp\/v2\/pages\/43799\/revisions"}],"predecessor-version":[{"id":54748,"href":"https:\/\/www.wes.org\/fr\/wp-json\/wp\/v2\/pages\/43799\/revisions\/54748"}],"wp:attachment":[{"href":"https:\/\/www.wes.org\/fr\/wp-json\/wp\/v2\/media?parent=43799"}],"curies":[{"name":"wp","href":"https:\/\/api.w.org\/{rel}","templated":true}]}}