{"id":43590,"date":"2024-07-12T17:57:47","date_gmt":"2024-07-12T21:57:47","guid":{"rendered":"https:\/\/www.wes.org\/?page_id=43590"},"modified":"2025-10-28T13:26:31","modified_gmt":"2025-10-28T17:26:31","slug":"evaluations-pour-immigration-ede","status":"publish","type":"page","link":"https:\/\/www.wes.org\/fr\/evaluations-pour-immigration-ede\/","title":{"rendered":"\u00c9valuations pour l\u2019immigration (ECA)"},"content":{"rendered":"\n<h1 class=\"wp-block-heading\" id=\"h-evaluations-pour-l-immigration-eca\">\u00c9valuations pour l\u2019immigration (ECA)<\/h1>\n\n\n\n<p><\/p>\n\n\n\n<p>World Education Services (WES) a \u00e9t\u00e9 d\u00e9sign\u00e9e par Immigration, R\u00e9fugi\u00e9s et Citoyennet\u00e9 Canada (IRCC) pour remettre des \u00e9valuations des dipl\u00f4mes d\u2019\u00e9tudes (EDE).<\/p>\n\n\n\n<p>Une EDE sert \u00e0 \u00e9valuer les dipl\u00f4mes et les grades d\u00e9livr\u00e9s en dehors du Canada. <a href=\"https:\/\/www.wes.org\/wp-content\/uploads\/2025\/10\/Sample_ECA_Report_French_2025.png\" target=\"_blank\" rel=\"noreferrer noopener\">Voir un exemple d\u2019EDE<\/a>.<\/p>\n\n\n\n<p>Avec une EDE WES, vous pouvez&nbsp;:<\/p>\n\n\n\n<ul class=\"wp-block-list\">\n<li>Satisfaire aux exigences du <a href=\"https:\/\/www.canada.ca\/en\/immigration-refugees-citizenship\/services\/immigrate-canada\/express-entry.html\">programme d\u2019immigration<\/a> IRCC (note pour <a href=\"https:\/\/www.wes.org\/fr\/note-aux-medecins-pharmaciens-et-architectes\/\" target=\"_blank\" rel=\"noreferrer noopener\">m\u00e9decins, pharmaciens et architectes)<\/a><\/li>\n\n\n\n<li>Satisfaire aux exigences du Programme des candidats des provinces (PCP) (en particulier le Programme ontarien des candidats \u00e0 l\u2019immigration)<\/li>\n\n\n\n<li>Obtenir la distinction de votre formation afin de pouvoir poursuivre vos objectifs au Canada<\/li>\n\n\n\n<li>Conserver votre rapport (et vos documents p\u00e9dagogiques v\u00e9rifi\u00e9s) pour tout usage ult\u00e9rieur<\/li>\n<\/ul>\n\n\n\n<p>Une EDE WES est valable cinq ans \u00e0 compter de la date d\u2019\u00e9mission. Vous pourrez par exemple continuer \u00e0 l\u2019utiliser pour vos futurs profils Entr\u00e9e express.<\/p>\n\n\n\n<p><strong>Remarque&nbsp;:<\/strong> les candidats \u00e0 l\u2019EDE doivent uniquement soumettre leur dipl\u00f4me le plus \u00e9lev\u00e9. Il existe toutefois quelques d\u00e9rogations \u00e0 cette exigence. Pour obtenir de plus amples informations, veuillez lire&nbsp;: <strong><a href=\"https:\/\/www.wes.org\/fr\/resource-library\/blog\/conseils-sur-les-diplomes\/exigences-relatives-aux-evaluations-de-diplomes-au-canada\/\" target=\"_blank\" rel=\"noreferrer noopener\">Exigences WES pour les EDE<\/a><\/strong>.<\/p>\n\n\n\n<div class=\"wp-block-buttons is-content-justification-center is-layout-flex wp-container-core-buttons-is-layout-a89b3969 wp-block-buttons-is-layout-flex\">\n<div class=\"wp-block-button\"><a class=\"wp-block-button__link has-montserrat-font-family has-text-align-center wp-element-button\" href=\"https:\/\/applications.wes.org\/createaccount\/home\/select-eval-type\" style=\"border-radius:100px\"><strong>Postuler chez WES ECA<\/strong><\/a><\/div>\n<\/div>\n\n\n\n<div style=\"height:100px\" aria-hidden=\"true\" class=\"wp-block-spacer\"><\/div>\n\n\n\n\n\n<section \n   \n  class=\"relative sw-block alignwide wp-block-group is-layout-flow wp-block-storyware-floating-content-is-layout-flow\"\n  style=\"--wp--style--layout--content-size: var(--wp--custom--content-width); \n         --wp--style--layout--wide-size: var(--wp--custom--wide-width);\">\n\n  <div class=\"mx-auto px-5\">\n    <div class=\"grid gap-5 md:grid-cols-2 lg:gap-24 items-center\">\n\n      <!-- Image Column -->\n      <div class=\"not-prose\">\n                  <img loading=\"lazy\" decoding=\"async\" width=\"960\" height=\"492\" src=\"https:\/\/www.wes.org\/wp-content\/uploads\/2018\/12\/wes-4-step-process.jpg\" class=\"h-72 md:h-[480px] w-full object-cover object-center\" alt=\"\" srcset=\"https:\/\/www.wes.org\/wp-content\/uploads\/2018\/12\/wes-4-step-process.jpg 960w, https:\/\/www.wes.org\/wp-content\/uploads\/2018\/12\/wes-4-step-process-300x154.jpg 300w, https:\/\/www.wes.org\/wp-content\/uploads\/2018\/12\/wes-4-step-process-768x394.jpg 768w\" sizes=\"auto, (max-width: 960px) 100vw, 960px\" \/>\n                        <\/div>\n\n      <!-- Text Column -->\n      <div class=\"md:order-last\">\n\n                  <h2 class=\"font-medium text-[28px] text-black leading-snug\">Nos activit\u00e9s<\/h2>\n        \n                  <div class=\"mt-3\"><p>Voici notre processus d\u2019\u00e9valuation simple en trois \u00e9tapes\u00a0:<\/p>\n<ol>\n<li>Remettre votre candidature.<\/li>\n<li>Remettre vos documents.<\/li>\n<li>Nous v\u00e9rifions vos dipl\u00f4mes, cr\u00e9ons votre rapport et les remettons \u00e0 vos destinataires.<\/li>\n<\/ol>\n<\/div>\n        \n        <!-- Button Type: Standard Link -->\n        \n        <!-- Button Type: Marketo Popup -->\n        \n      <\/div>\n    <\/div>\n  <\/div>\n<\/section>\n\n\n\n<div style=\"height:100px\" aria-hidden=\"true\" class=\"wp-block-spacer\"><\/div>\n\n\n\n\n\n<section \n   \n  class=\"relative sw-block alignwide wp-block-group is-layout-flow wp-block-storyware-floating-content-is-layout-flow\"\n  style=\"--wp--style--layout--content-size: var(--wp--custom--content-width); \n         --wp--style--layout--wide-size: var(--wp--custom--wide-width);\">\n\n  <div class=\"mx-auto px-5\">\n    <div class=\"grid gap-5 md:grid-cols-2 lg:gap-24 items-center\">\n\n      <!-- Image Column -->\n      <div class=\"not-prose\">\n                  <img loading=\"lazy\" decoding=\"async\" width=\"560\" height=\"376\" src=\"https:\/\/www.wes.org\/wp-content\/uploads\/2018\/12\/shutterstock_91841123-2.jpg\" class=\"h-72 md:h-[480px] w-full object-cover object-center\" alt=\"\" srcset=\"https:\/\/www.wes.org\/wp-content\/uploads\/2018\/12\/shutterstock_91841123-2.jpg 560w, https:\/\/www.wes.org\/wp-content\/uploads\/2018\/12\/shutterstock_91841123-2-300x201.jpg 300w\" sizes=\"auto, (max-width: 560px) 100vw, 560px\" \/>\n                        <\/div>\n\n      <!-- Text Column -->\n      <div class=\"md:order-first\">\n\n                  <h2 class=\"font-medium text-[28px] text-black leading-snug\">Paiement<\/h2>\n        \n                  <div class=\"mt-3\"><ul>\n<li>Votre paiement doit avoir \u00e9t\u00e9 re\u00e7u avant toute \u00e9valuation.<\/li>\n<li>WES accepte les paiements par carte de cr\u00e9dit\/d\u00e9bit ou Convera (anciennement d\u00e9nomm\u00e9e Western Union). Sachez que toutes les op\u00e9rations \u00e0 destination et en provenance de territoires faisant l\u2019objet de sanctions et de restrictions ont \u00e9t\u00e9 suspendues jusqu\u2019\u00e0 nouvel ordre. Si vous \u00eates susceptible d\u2019\u00eatre affect\u00e9 par cette interruption de service, veuillez <a href=\"https:\/\/www.wes.org\/fr\/contactez-nous\/\">nous contacter<\/a>. Des instructions sont communiqu\u00e9es pendant le processus de paiement.<\/li>\n<\/ul>\n<p>Apr\u00e8s le d\u00e9p\u00f4t de votre demande, vous recevrez un num\u00e9ro de r\u00e9f\u00e9rence WES. Veillez \u00e0 e, prendre note et \u00e0 l\u2019inclure sur tous les documents, enveloppes et correspondances impliquant WES. Cela permet de suivre vos dossiers et d\u2019\u00e9viter tout retard de service.<\/p>\n<\/div>\n        \n        <!-- Button Type: Standard Link -->\n        \n        <!-- Button Type: Marketo Popup -->\n        \n      <\/div>\n    <\/div>\n  <\/div>\n<\/section>\n\n\n\n<div style=\"height:100px\" aria-hidden=\"true\" class=\"wp-block-spacer\"><\/div>\n\n\n\n\n\n<section \n   \n  class=\"relative sw-block alignwide wp-block-group is-layout-flow wp-block-storyware-floating-content-is-layout-flow\"\n  style=\"--wp--style--layout--content-size: var(--wp--custom--content-width); \n         --wp--style--layout--wide-size: var(--wp--custom--wide-width);\">\n\n  <div class=\"mx-auto px-5\">\n    <div class=\"grid gap-5 md:grid-cols-2 lg:gap-24 items-center\">\n\n      <!-- Image Column -->\n      <div class=\"not-prose\">\n                  <img loading=\"lazy\" decoding=\"async\" width=\"635\" height=\"423\" src=\"https:\/\/www.wes.org\/wp-content\/uploads\/2017\/04\/blog_20161123_shutterstock_329800412.jpg\" class=\"h-72 md:h-[480px] w-full object-cover object-center\" alt=\"A young professional writing an email\" srcset=\"https:\/\/www.wes.org\/wp-content\/uploads\/2017\/04\/blog_20161123_shutterstock_329800412.jpg 635w, https:\/\/www.wes.org\/wp-content\/uploads\/2017\/04\/blog_20161123_shutterstock_329800412-300x200.jpg 300w\" sizes=\"auto, (max-width: 635px) 100vw, 635px\" \/>\n                        <\/div>\n\n      <!-- Text Column -->\n      <div class=\"md:order-last\">\n\n                  <h2 class=\"font-medium text-[28px] text-black leading-snug\">Documents n\u00e9cessaires<\/h2>\n        \n                  <div class=\"mt-3\"><p>Pour vous assurer que votre \u00e9valuation soit effectu\u00e9e sans d\u00e9lai, vous devez suivre les exigences en mati\u00e8re de documents telles que sp\u00e9cifi\u00e9es pour votre pays ou territoire d\u2019\u00e9tudes.<\/p>\n<ul>\n<li>Apr\u00e8s r\u00e9ception de la confirmation par un service de coursier de la remise des documents \u00e0 WES, ceux-ci seront plac\u00e9s dans notre file d\u2019attente pour traitement. <a href=\"https:\/\/www.wes.org\/fr\/traitement-actuel\/\">Cliquez ici pour consulter les derniers d\u00e9lais de traitement<\/a>.<\/li>\n<li>Vos documents doivent \u00eatre re\u00e7us et accept\u00e9s par WES avant toute une \u00e9valuation.<\/li>\n<li>WES se r\u00e9serve le droit de soumettre des documents pour v\u00e9rification. Lorsqu\u2019une v\u00e9rification s\u2019impose, nous enverrons des exemplaires des documents \u00e0 l\u2019\u00e9tablissement d\u2019enseignement les ayant d\u00e9livr\u00e9s pour lui demander de les authentifier. Votre \u00e9valuation sera mise en attente jusqu\u2019\u00e0 r\u00e9ception par WES de la r\u00e9ponse de l\u2019\u00e9tablissement.<\/li>\n<\/ul>\n<p>En savoir plus\u00a0: <a href=\"https:\/\/www.wes.org\/fr\/?p=49854\">Comprendre les documents demand\u00e9s par WES<\/a><\/p>\n<\/div>\n        \n        <!-- Button Type: Standard Link -->\n        \n        <!-- Button Type: Marketo Popup -->\n        \n      <\/div>\n    <\/div>\n  <\/div>\n<\/section>\n\n\n\n<div style=\"height:100px\" aria-hidden=\"true\" class=\"wp-block-spacer\"><\/div>\n\n\n\n\n\n<section \n   \n  class=\"relative sw-block alignwide wp-block-group is-layout-flow wp-block-storyware-floating-content-is-layout-flow\"\n  style=\"--wp--style--layout--content-size: var(--wp--custom--content-width); \n         --wp--style--layout--wide-size: var(--wp--custom--wide-width);\">\n\n  <div class=\"mx-auto px-5\">\n    <div class=\"grid gap-5 md:grid-cols-2 lg:gap-24 items-center\">\n\n      <!-- Image Column -->\n      <div class=\"not-prose\">\n                  <img loading=\"lazy\" decoding=\"async\" width=\"560\" height=\"376\" src=\"https:\/\/www.wes.org\/wp-content\/uploads\/2018\/12\/shutterstock_68059948-2.jpg\" class=\"h-72 md:h-[480px] w-full object-cover object-center\" alt=\"\" srcset=\"https:\/\/www.wes.org\/wp-content\/uploads\/2018\/12\/shutterstock_68059948-2.jpg 560w, https:\/\/www.wes.org\/wp-content\/uploads\/2018\/12\/shutterstock_68059948-2-300x201.jpg 300w\" sizes=\"auto, (max-width: 560px) 100vw, 560px\" \/>\n                        <\/div>\n\n      <!-- Text Column -->\n      <div class=\"md:order-first\">\n\n                  <h2 class=\"font-medium text-[28px] text-black leading-snug\">Apr\u00e8s le d\u00e9p\u00f4t de candidature<\/h2>\n        \n                  <div class=\"mt-3\"><p>Apr\u00e8s r\u00e9ception de vos documents, WES v\u00e9rifie leur authenticit\u00e9. Notre processus d\u2019\u00e9valuation approfondi garantit la justesse et la pr\u00e9cision de votre rapport. Autrement dit, votre rapport sera approuv\u00e9 par les organismes publics, les institutions universitaires, les organismes de d\u00e9livrance de licences professionnelles et les employeurs.<\/p>\n<p>Au terme de votre \u00e9valuation, vous pourrez consulter votre rapport et suivre la date de remise de votre rapport (cette option ne sera disponible que si vous avez choisi une option d\u2019exp\u00e9dition avec suivi).<\/p>\n<\/div>\n        \n        <!-- Button Type: Standard Link -->\n        \n        <!-- Button Type: Marketo Popup -->\n        \n      <\/div>\n    <\/div>\n  <\/div>\n<\/section>\n\n\n\n<div style=\"height:100px\" aria-hidden=\"true\" class=\"wp-block-spacer\"><\/div>\n\n\n\n\n\n<section \n   \n  class=\"relative sw-block alignwide wp-block-group is-layout-flow wp-block-storyware-floating-content-is-layout-flow\"\n  style=\"--wp--style--layout--content-size: var(--wp--custom--content-width); \n         --wp--style--layout--wide-size: var(--wp--custom--wide-width);\">\n\n  <div class=\"mx-auto px-5\">\n    <div class=\"grid gap-5 md:grid-cols-2 lg:gap-24 items-center\">\n\n      <!-- Image Column -->\n      <div class=\"not-prose\">\n                  <img loading=\"lazy\" decoding=\"async\" width=\"560\" height=\"367\" src=\"https:\/\/www.wes.org\/wp-content\/uploads\/2018\/12\/wes-difference-tools-services.jpg\" class=\"h-72 md:h-[480px] w-full object-cover object-center\" alt=\"\" srcset=\"https:\/\/www.wes.org\/wp-content\/uploads\/2018\/12\/wes-difference-tools-services.jpg 560w, https:\/\/www.wes.org\/wp-content\/uploads\/2018\/12\/wes-difference-tools-services-300x197.jpg 300w\" sizes=\"auto, (max-width: 560px) 100vw, 560px\" \/>\n                        <\/div>\n\n      <!-- Text Column -->\n      <div class=\"md:order-last\">\n\n                  <h2 class=\"font-medium text-[28px] text-black leading-snug\">Contacter le service client de WES<\/h2>\n        \n                  <div class=\"mt-3\"><p>Nous vous remercions de votre patience pendant le traitement de toutes les demandes.<\/p>\n<ul>\n<li>Vous pourrez consulter votre commande WES \u00e0 tout moment via <a href=\"https:\/\/applications.wes.org\/createaccount\/login\/login\" target=\"_blank\" rel=\"noopener\">Mon compte<\/a>.<\/li>\n<li>Le service client de WES est disponible par t\u00e9l\u00e9phone au (+1) 800-361-6106 (Canada uniquement) et <a href=\"https:\/\/www.wes.org\/fr\/contactez-nous\/\">par courriel<\/a>.<\/li>\n<li>Inclure votre num\u00e9ro de r\u00e9f\u00e9rence WES sur toutes les communications.<\/li>\n<\/ul>\n<\/div>\n        \n        <!-- Button Type: Standard Link -->\n        \n        <!-- Button Type: Marketo Popup -->\n        \n      <\/div>\n    <\/div>\n  <\/div>\n<\/section>\n\n\n\n<div style=\"height:100px\" aria-hidden=\"true\" class=\"wp-block-spacer\"><\/div>\n","protected":false},"excerpt":{"rendered":"<p>World Education Services (WES) a \u00e9t\u00e9 d\u00e9sign\u00e9e par Immigration, R\u00e9fugi\u00e9s et Citoyennet\u00e9 Canada (IRCC) pour remettre des \u00e9valuations des dipl\u00f4mes d\u2019\u00e9tudes (EDE) en ce qui concerne les dipl\u00f4mes et grades d\u00e9livr\u00e9s en dehors du Canada. Une EDE est n\u00e9cessaire pour pr\u00e9senter une demande \u00e0 un certain nombre de programmes d\u2019immigration de l\u2019IRCC. <\/p>\n","protected":false},"author":13,"featured_media":0,"parent":0,"menu_order":0,"comment_status":"closed","ping_status":"closed","template":"","meta":{"_acf_changed":false,"footnotes":""},"class_list":["post-43590","page","type-page","status-publish","hentry"],"better_featured_image":null,"acf":{"intro_more_button_cta_link":"https:\/\/applications.wes.org\/createaccount\/home\/select-eval-type","main_content_item_1_cta_link":"https:\/\/applications.wes.org\/createaccount","main_content_item_2_cta_link":"https:\/\/www.wes.org\/ca\/required-documents\/","main_content_item_3_cta_link":"","main_content_item_4_cta_link":"","main_content_item_5_cta_link":"","main_content_item_6_cta_link":"","main_content_item_7_cta_link":"","alert_msg":"default"},"yoast_head":"<!-- This site is optimized with the Yoast SEO Premium plugin v26.2 (Yoast SEO v27.0) - https:\/\/yoast.com\/product\/yoast-seo-premium-wordpress\/ -->\n<title>\u00c9valuations pour l\u2019immigration (ECA) - WES<\/title>\n<meta name=\"description\" content=\"WES a \u00e9t\u00e9 d\u00e9sign\u00e9e par l\u2019Immigration, R\u00e9fugi\u00e9s et Citoyennet\u00e9 Canada (IRCC) pour remettre des \u00e9valuations des dipl\u00f4mes d\u2019\u00e9tudes (EDE).\" \/>\n<meta name=\"robots\" content=\"index, follow, max-snippet:-1, max-image-preview:large, max-video-preview:-1\" \/>\n<link rel=\"canonical\" href=\"https:\/\/www.wes.org\/fr\/evaluations-pour-immigration-ede\/\" \/>\n<meta property=\"og:locale\" content=\"fr_FR\" \/>\n<meta property=\"og:type\" content=\"article\" \/>\n<meta property=\"og:title\" content=\"\u00c9valuations pour l\u2019immigration (ECA)\" \/>\n<meta property=\"og:description\" content=\"WES a \u00e9t\u00e9 d\u00e9sign\u00e9e par l\u2019Immigration, R\u00e9fugi\u00e9s et Citoyennet\u00e9 Canada (IRCC) pour remettre des \u00e9valuations des dipl\u00f4mes d\u2019\u00e9tudes (EDE).\" \/>\n<meta property=\"og:url\" content=\"https:\/\/www.wes.org\/fr\/evaluations-pour-immigration-ede\/\" \/>\n<meta property=\"og:site_name\" content=\"WES\" \/>\n<meta property=\"article:publisher\" content=\"https:\/\/www.facebook.com\/WorldEducationServices\/\" \/>\n<meta property=\"article:modified_time\" content=\"2025-10-28T17:26:31+00:00\" \/>\n<meta name=\"twitter:card\" content=\"summary_large_image\" \/>\n<meta name=\"twitter:site\" content=\"@WorldEdServices\" \/>\n<meta name=\"twitter:label1\" content=\"Dur\u00e9e de lecture estim\u00e9e\" \/>\n\t<meta name=\"twitter:data1\" content=\"1 minute\" \/>\n<script type=\"application\/ld+json\" class=\"yoast-schema-graph\">{\"@context\":\"https:\/\/schema.org\",\"@graph\":[{\"@type\":\"WebPage\",\"@id\":\"https:\/\/www.wes.org\/fr\/evaluations-pour-immigration-ede\/\",\"url\":\"https:\/\/www.wes.org\/fr\/evaluations-pour-immigration-ede\/\",\"name\":\"\u00c9valuations pour l\u2019immigration (ECA) - WES\",\"isPartOf\":{\"@id\":\"https:\/\/www.wes.org\/fr\/#website\"},\"datePublished\":\"2024-07-12T21:57:47+00:00\",\"dateModified\":\"2025-10-28T17:26:31+00:00\",\"description\":\"WES a \u00e9t\u00e9 d\u00e9sign\u00e9e par l\u2019Immigration, R\u00e9fugi\u00e9s et Citoyennet\u00e9 Canada (IRCC) pour remettre des \u00e9valuations des dipl\u00f4mes d\u2019\u00e9tudes (EDE).\",\"breadcrumb\":{\"@id\":\"https:\/\/www.wes.org\/fr\/evaluations-pour-immigration-ede\/#breadcrumb\"},\"inLanguage\":\"fr-FR\",\"potentialAction\":[{\"@type\":\"ReadAction\",\"target\":[\"https:\/\/www.wes.org\/fr\/evaluations-pour-immigration-ede\/\"]}]},{\"@type\":\"BreadcrumbList\",\"@id\":\"https:\/\/www.wes.org\/fr\/evaluations-pour-immigration-ede\/#breadcrumb\",\"itemListElement\":[{\"@type\":\"ListItem\",\"position\":1,\"name\":\"Home\",\"item\":\"https:\/\/www.wes.org\/fr\/\"},{\"@type\":\"ListItem\",\"position\":2,\"name\":\"\u00c9valuations pour l\u2019immigration (ECA)\"}]},{\"@type\":\"WebSite\",\"@id\":\"https:\/\/www.wes.org\/fr\/#website\",\"url\":\"https:\/\/www.wes.org\/fr\/\",\"name\":\"World Education Services\",\"description\":\"\",\"publisher\":{\"@id\":\"https:\/\/www.wes.org\/fr\/#organization\"},\"potentialAction\":[{\"@type\":\"SearchAction\",\"target\":{\"@type\":\"EntryPoint\",\"urlTemplate\":\"https:\/\/www.wes.org\/fr\/?s={search_term_string}\"},\"query-input\":{\"@type\":\"PropertyValueSpecification\",\"valueRequired\":true,\"valueName\":\"search_term_string\"}}],\"inLanguage\":\"fr-FR\"},{\"@type\":\"Organization\",\"@id\":\"https:\/\/www.wes.org\/fr\/#organization\",\"name\":\"World Education Services\",\"url\":\"https:\/\/www.wes.org\/fr\/\",\"logo\":{\"@type\":\"ImageObject\",\"inLanguage\":\"fr-FR\",\"@id\":\"https:\/\/www.wes.org\/fr\/#\/schema\/logo\/image\/\",\"url\":\"https:\/\/www.wes.org\/wp-content\/uploads\/2024\/07\/cropped-cropped-WES_Logo_RGB-Primary_Green-Clearspace-e1719869905447.png\",\"contentUrl\":\"https:\/\/www.wes.org\/wp-content\/uploads\/2024\/07\/cropped-cropped-WES_Logo_RGB-Primary_Green-Clearspace-e1719869905447.png\",\"width\":512,\"height\":512,\"caption\":\"World Education Services\"},\"image\":{\"@id\":\"https:\/\/www.wes.org\/fr\/#\/schema\/logo\/image\/\"},\"sameAs\":[\"https:\/\/www.facebook.com\/WorldEducationServices\/\",\"https:\/\/x.com\/WorldEdServices\",\"https:\/\/www.linkedin.com\/company\/worldeducationservices\/\"]}]}<\/script>\n<!-- \/ Yoast SEO Premium plugin. -->","yoast_head_json":{"title":"\u00c9valuations pour l\u2019immigration (ECA) - WES","description":"WES a \u00e9t\u00e9 d\u00e9sign\u00e9e par l\u2019Immigration, R\u00e9fugi\u00e9s et Citoyennet\u00e9 Canada (IRCC) pour remettre des \u00e9valuations des dipl\u00f4mes d\u2019\u00e9tudes (EDE).","robots":{"index":"index","follow":"follow","max-snippet":"max-snippet:-1","max-image-preview":"max-image-preview:large","max-video-preview":"max-video-preview:-1"},"canonical":"https:\/\/www.wes.org\/fr\/evaluations-pour-immigration-ede\/","og_locale":"fr_FR","og_type":"article","og_title":"\u00c9valuations pour l\u2019immigration (ECA)","og_description":"WES a \u00e9t\u00e9 d\u00e9sign\u00e9e par l\u2019Immigration, R\u00e9fugi\u00e9s et Citoyennet\u00e9 Canada (IRCC) pour remettre des \u00e9valuations des dipl\u00f4mes d\u2019\u00e9tudes (EDE).","og_url":"https:\/\/www.wes.org\/fr\/evaluations-pour-immigration-ede\/","og_site_name":"WES","article_publisher":"https:\/\/www.facebook.com\/WorldEducationServices\/","article_modified_time":"2025-10-28T17:26:31+00:00","twitter_card":"summary_large_image","twitter_site":"@WorldEdServices","twitter_misc":{"Dur\u00e9e de lecture estim\u00e9e":"1 minute"},"schema":{"@context":"https:\/\/schema.org","@graph":[{"@type":"WebPage","@id":"https:\/\/www.wes.org\/fr\/evaluations-pour-immigration-ede\/","url":"https:\/\/www.wes.org\/fr\/evaluations-pour-immigration-ede\/","name":"\u00c9valuations pour l\u2019immigration (ECA) - WES","isPartOf":{"@id":"https:\/\/www.wes.org\/fr\/#website"},"datePublished":"2024-07-12T21:57:47+00:00","dateModified":"2025-10-28T17:26:31+00:00","description":"WES a \u00e9t\u00e9 d\u00e9sign\u00e9e par l\u2019Immigration, R\u00e9fugi\u00e9s et Citoyennet\u00e9 Canada (IRCC) pour remettre des \u00e9valuations des dipl\u00f4mes d\u2019\u00e9tudes (EDE).","breadcrumb":{"@id":"https:\/\/www.wes.org\/fr\/evaluations-pour-immigration-ede\/#breadcrumb"},"inLanguage":"fr-FR","potentialAction":[{"@type":"ReadAction","target":["https:\/\/www.wes.org\/fr\/evaluations-pour-immigration-ede\/"]}]},{"@type":"BreadcrumbList","@id":"https:\/\/www.wes.org\/fr\/evaluations-pour-immigration-ede\/#breadcrumb","itemListElement":[{"@type":"ListItem","position":1,"name":"Home","item":"https:\/\/www.wes.org\/fr\/"},{"@type":"ListItem","position":2,"name":"\u00c9valuations pour l\u2019immigration (ECA)"}]},{"@type":"WebSite","@id":"https:\/\/www.wes.org\/fr\/#website","url":"https:\/\/www.wes.org\/fr\/","name":"World Education Services","description":"","publisher":{"@id":"https:\/\/www.wes.org\/fr\/#organization"},"potentialAction":[{"@type":"SearchAction","target":{"@type":"EntryPoint","urlTemplate":"https:\/\/www.wes.org\/fr\/?s={search_term_string}"},"query-input":{"@type":"PropertyValueSpecification","valueRequired":true,"valueName":"search_term_string"}}],"inLanguage":"fr-FR"},{"@type":"Organization","@id":"https:\/\/www.wes.org\/fr\/#organization","name":"World Education Services","url":"https:\/\/www.wes.org\/fr\/","logo":{"@type":"ImageObject","inLanguage":"fr-FR","@id":"https:\/\/www.wes.org\/fr\/#\/schema\/logo\/image\/","url":"https:\/\/www.wes.org\/wp-content\/uploads\/2024\/07\/cropped-cropped-WES_Logo_RGB-Primary_Green-Clearspace-e1719869905447.png","contentUrl":"https:\/\/www.wes.org\/wp-content\/uploads\/2024\/07\/cropped-cropped-WES_Logo_RGB-Primary_Green-Clearspace-e1719869905447.png","width":512,"height":512,"caption":"World Education Services"},"image":{"@id":"https:\/\/www.wes.org\/fr\/#\/schema\/logo\/image\/"},"sameAs":["https:\/\/www.facebook.com\/WorldEducationServices\/","https:\/\/x.com\/WorldEdServices","https:\/\/www.linkedin.com\/company\/worldeducationservices\/"]}]}},"wpml_current_locale":"fr_FR","wpml_translations":[{"locale":"en_US","id":1791,"post_title":"Evaluations for Immigration (ECA)","href":"https:\/\/www.wes.org\/eca\/"}],"_links":{"self":[{"href":"https:\/\/www.wes.org\/fr\/wp-json\/wp\/v2\/pages\/43590","targetHints":{"allow":["GET"]}}],"collection":[{"href":"https:\/\/www.wes.org\/fr\/wp-json\/wp\/v2\/pages"}],"about":[{"href":"https:\/\/www.wes.org\/fr\/wp-json\/wp\/v2\/types\/page"}],"author":[{"embeddable":true,"href":"https:\/\/www.wes.org\/fr\/wp-json\/wp\/v2\/users\/13"}],"replies":[{"embeddable":true,"href":"https:\/\/www.wes.org\/fr\/wp-json\/wp\/v2\/comments?post=43590"}],"version-history":[{"count":0,"href":"https:\/\/www.wes.org\/fr\/wp-json\/wp\/v2\/pages\/43590\/revisions"}],"wp:attachment":[{"href":"https:\/\/www.wes.org\/fr\/wp-json\/wp\/v2\/media?parent=43590"}],"curies":[{"name":"wp","href":"https:\/\/api.w.org\/{rel}","templated":true}]}}