{"id":43588,"date":"2024-07-12T17:29:19","date_gmt":"2024-07-12T21:29:19","guid":{"rendered":"https:\/\/www.wes.org\/?page_id=43588"},"modified":"2024-07-12T17:29:23","modified_gmt":"2024-07-12T21:29:23","slug":"criteres-devaluation-des-diplomes","status":"publish","type":"page","link":"https:\/\/www.wes.org\/fr\/criteres-devaluation-des-diplomes\/","title":{"rendered":"Crit\u00e8res d\u2019\u00e9valuation des dipl\u00f4mes"},"content":{"rendered":"\n<h1 class=\"wp-block-heading has-text-align-center\" id=\"h-criteres-d-evaluation-des-diplomes\">Crit\u00e8res d\u2019\u00e9valuation des dipl\u00f4mes<\/h1>\n\n\n\n<p><\/p>\n\n\n\n<figure class=\"wp-block-image aligncenter size-full\"><img loading=\"lazy\" decoding=\"async\" width=\"378\" height=\"132\" src=\"https:\/\/www.wes.org\/wp-content\/uploads\/2018\/12\/sans-titre.png\" alt=\"New Brunswick logo\" class=\"wp-image-14343\" srcset=\"https:\/\/www.wes.org\/wp-content\/uploads\/2018\/12\/sans-titre.png 378w, https:\/\/www.wes.org\/wp-content\/uploads\/2018\/12\/sans-titre-300x105.png 300w\" sizes=\"auto, (max-width: 378px) 100vw, 378px\" \/><\/figure>\n\n\n\n<h2 class=\"wp-block-heading has-text-align-center\" id=\"h-certification-des-maitres-du-nouveau-brunswick\">Certification des maitres du Nouveau-Brunswick<\/h2>\n\n\n\n<div style=\"height:100px\" aria-hidden=\"true\" class=\"wp-block-spacer\"><\/div>\n\n\n\n\n\n<section \n   \n  class=\"relative sw-block alignwide wp-block-group is-layout-flow wp-block-storyware-floating-content-is-layout-flow\"\n  style=\"--wp--style--layout--content-size: var(--wp--custom--content-width); \n         --wp--style--layout--wide-size: var(--wp--custom--wide-width);\">\n\n  <div class=\"mx-auto px-5\">\n    <div class=\"grid gap-5 md:grid-cols-2 lg:gap-24 items-start\">\n\n      <!-- Image Column -->\n      <div class=\"not-prose\">\n                  <img loading=\"lazy\" decoding=\"async\" width=\"540\" height=\"356\" src=\"https:\/\/www.wes.org\/wp-content\/uploads\/2017\/04\/partners_1-iStock_627576018.jpg\" class=\"h-72 md:h-[480px] w-full object-cover object-center\" alt=\"Image of laptop open\" \/>\n                        <\/div>\n\n      <!-- Text Column -->\n      <div class=\"md:order-last\">\n\n                  <h2 class=\"font-medium text-[28px] text-black leading-snug\">Ce que vous devez faire :<\/h2>\n        \n                  <div class=\"mt-3\"><div class=\"headline\">\n<ol>\n<li>\n<ol>\n<li>Choisissez \u00ab Canada \u00bb pour votre \u00e9valuation.<\/li>\n<li>Choisissez la demande WES standard.<\/li>\n<li>Ajoutez la section Certification des maitres du Nouveau-Brunswick comme destinataire.<\/li>\n<li>S\u00e9lectionnez l\u2019option cours par cours WES ICAP comme type d\u2019\u00e9valuation (exig\u00e9e par la certification des maitres du Nouveau-Brunswick ).Suivez les \u00e9tapes ci-dessous afin de remplir votre demande WES :<\/li>\n<li>Suivez les <a href=\"https:\/\/www.wes.org\/fr\/ca\/partners\/documents-exiges\/\">exigences en mati\u00e8re de documents<\/a>\u00a0du pays et faites en sorte que vos documents soient achemin\u00e9s jusqu\u2019\u00e0 WES.<\/li>\n<\/ol>\n<\/li>\n<\/ol>\n<\/div>\n<\/div>\n        \n        <!-- Button Type: Standard Link -->\n        \n        <!-- Button Type: Marketo Popup -->\n        \n      <\/div>\n    <\/div>\n  <\/div>\n<\/section>\n\n\n\n<div style=\"height:100px\" aria-hidden=\"true\" class=\"wp-block-spacer\"><\/div>\n\n\n\n\n\n<section \n   \n  class=\"relative sw-block alignwide wp-block-group is-layout-flow wp-block-storyware-floating-content-is-layout-flow\"\n  style=\"--wp--style--layout--content-size: var(--wp--custom--content-width); \n         --wp--style--layout--wide-size: var(--wp--custom--wide-width);\">\n\n  <div class=\"mx-auto px-5\">\n    <div class=\"grid gap-5 md:grid-cols-2 lg:gap-24 items-start\">\n\n      <!-- Image Column -->\n      <div class=\"not-prose\">\n                  <img loading=\"lazy\" decoding=\"async\" width=\"540\" height=\"356\" src=\"https:\/\/www.wes.org\/wp-content\/uploads\/2017\/04\/partners_2-iStock_465211473.jpg\" class=\"h-72 md:h-[480px] w-full object-cover object-center\" alt=\"Mailing envelope\" \/>\n                        <\/div>\n\n      <!-- Text Column -->\n      <div class=\"md:order-first\">\n\n                  <h2 class=\"font-medium text-[28px] text-black leading-snug\">Ce que les WES feront pour vous :<\/h2>\n        \n                  <div class=\"mt-3\"><ol>\n<li>V\u00e9rifier votre dossier scolaire.<\/li>\n<li>Pr\u00e9parer une \u00e9valuation de dipl\u00f4mes officielle.<\/li>\n<li>Acheminer votre rapport d\u2019\u00e9valuation et les copies conformes de vos relev\u00e9s directement \u00e0 la certification des maitres du Nouveau-Brunswick.<\/li>\n<\/ol>\n<\/div>\n        \n        <!-- Button Type: Standard Link -->\n        \n        <!-- Button Type: Marketo Popup -->\n        \n      <\/div>\n    <\/div>\n  <\/div>\n<\/section>\n\n\n\n<div style=\"height:100px\" aria-hidden=\"true\" class=\"wp-block-spacer\"><\/div>\n\n\n\n\n\n<section \n   \n  class=\"relative sw-block alignwide wp-block-group is-layout-flow wp-block-storyware-floating-content-is-layout-flow\"\n  style=\"--wp--style--layout--content-size: var(--wp--custom--content-width); \n         --wp--style--layout--wide-size: var(--wp--custom--wide-width);\">\n\n  <div class=\"mx-auto px-5\">\n    <div class=\"grid gap-5 md:grid-cols-2 lg:gap-24 items-start\">\n\n      <!-- Image Column -->\n      <div class=\"not-prose\">\n                  <img loading=\"lazy\" decoding=\"async\" width=\"540\" height=\"356\" src=\"https:\/\/www.wes.org\/wp-content\/uploads\/2017\/04\/partners_3-iStock_522739044.jpg\" class=\"h-72 md:h-[480px] w-full object-cover object-center\" alt=\"Woman looking at laptop\" \/>\n                        <\/div>\n\n      <!-- Text Column -->\n      <div class=\"md:order-last\">\n\n                  <h2 class=\"font-medium text-[28px] text-black leading-snug\">Informations suppl\u00e9mentaires<\/h2>\n        \n                  <div class=\"mt-3\"><div class=\"headline\">\n<p>Pour toute question \u00e0 propos de WES ou du processus d\u2019\u00e9valuation, rendez-vous sur notre page\u00a0<a href=\"\/credential-evaluations\/faq\/\" target=\"_blank\" rel=\"noopener noreferrer\">FAQ (anglais)<\/a>.<\/p>\n<p>Pour des renseignements d\u00e9taill\u00e9s en lien avec le bureau de la certification des maitres du Nouveau-Brunswick veuillez communiquer avec\u00a0<a href=\"https:\/\/www2.gnb.ca\/content\/gnb\/fr\/services\/services_renderer.599.Certification_des_ma%C3%AEtres.html\" target=\"_blank\" rel=\"noopener\">la certification<\/a>\u00a0.<\/p>\n<\/div>\n<\/div>\n        \n        <!-- Button Type: Standard Link -->\n        \n        <!-- Button Type: Marketo Popup -->\n        \n      <\/div>\n    <\/div>\n  <\/div>\n<\/section>\n","protected":false},"excerpt":{"rendered":"<p>Crit\u00e8res d\u2019\u00e9valuation des dipl\u00f4mes Certification des maitres du Nouveau-Brunswick<\/p>\n","protected":false},"author":1090,"featured_media":0,"parent":0,"menu_order":0,"comment_status":"closed","ping_status":"closed","template":"","meta":{"_acf_changed":false,"footnotes":""},"class_list":["post-43588","page","type-page","status-publish","hentry"],"better_featured_image":null,"acf":{"main_content_item_1_cta_link":"","main_content_item_2_cta_link":"","main_content_item_3_cta_link":"https:\/\/applications.wes.org\/createaccount","main_content_item_4_cta_link":"","main_content_item_5_cta_link":"","main_content_item_6_cta_link":"","main_content_item_7_cta_link":""},"yoast_head":"<!-- This site is optimized with the Yoast SEO Premium plugin v26.2 (Yoast SEO v27.0) - https:\/\/yoast.com\/product\/yoast-seo-premium-wordpress\/ -->\n<title>Crit\u00e8res d\u2019\u00e9valuation des dipl\u00f4mes - WES<\/title>\n<meta name=\"robots\" content=\"index, follow, max-snippet:-1, max-image-preview:large, max-video-preview:-1\" \/>\n<link rel=\"canonical\" href=\"https:\/\/www.wes.org\/fr\/criteres-devaluation-des-diplomes\/\" \/>\n<meta property=\"og:locale\" content=\"fr_FR\" \/>\n<meta property=\"og:type\" content=\"article\" \/>\n<meta property=\"og:title\" content=\"Crit\u00e8res d\u2019\u00e9valuation des dipl\u00f4mes\" \/>\n<meta property=\"og:description\" content=\"Crit\u00e8res d\u2019\u00e9valuation des dipl\u00f4mes Certification des maitres du Nouveau-Brunswick\" \/>\n<meta property=\"og:url\" content=\"https:\/\/www.wes.org\/fr\/criteres-devaluation-des-diplomes\/\" \/>\n<meta property=\"og:site_name\" content=\"WES\" \/>\n<meta property=\"article:publisher\" content=\"https:\/\/www.facebook.com\/WorldEducationServices\/\" \/>\n<meta property=\"article:modified_time\" content=\"2024-07-12T21:29:23+00:00\" \/>\n<meta property=\"og:image\" content=\"https:\/\/www.wes.org\/wp-content\/uploads\/2018\/12\/sans-titre.png\" \/>\n<meta name=\"twitter:card\" content=\"summary_large_image\" \/>\n<meta name=\"twitter:site\" content=\"@WorldEdServices\" \/>\n<script type=\"application\/ld+json\" class=\"yoast-schema-graph\">{\"@context\":\"https:\/\/schema.org\",\"@graph\":[{\"@type\":\"WebPage\",\"@id\":\"https:\/\/www.wes.org\/fr\/criteres-devaluation-des-diplomes\/\",\"url\":\"https:\/\/www.wes.org\/fr\/criteres-devaluation-des-diplomes\/\",\"name\":\"Crit\u00e8res d\u2019\u00e9valuation des dipl\u00f4mes - WES\",\"isPartOf\":{\"@id\":\"https:\/\/www.wes.org\/fr\/#website\"},\"primaryImageOfPage\":{\"@id\":\"https:\/\/www.wes.org\/fr\/criteres-devaluation-des-diplomes\/#primaryimage\"},\"image\":{\"@id\":\"https:\/\/www.wes.org\/fr\/criteres-devaluation-des-diplomes\/#primaryimage\"},\"thumbnailUrl\":\"https:\/\/www.wes.org\/wp-content\/uploads\/2018\/12\/sans-titre.png\",\"datePublished\":\"2024-07-12T21:29:19+00:00\",\"dateModified\":\"2024-07-12T21:29:23+00:00\",\"breadcrumb\":{\"@id\":\"https:\/\/www.wes.org\/fr\/criteres-devaluation-des-diplomes\/#breadcrumb\"},\"inLanguage\":\"fr-FR\",\"potentialAction\":[{\"@type\":\"ReadAction\",\"target\":[\"https:\/\/www.wes.org\/fr\/criteres-devaluation-des-diplomes\/\"]}]},{\"@type\":\"ImageObject\",\"inLanguage\":\"fr-FR\",\"@id\":\"https:\/\/www.wes.org\/fr\/criteres-devaluation-des-diplomes\/#primaryimage\",\"url\":\"https:\/\/www.wes.org\/wp-content\/uploads\/2018\/12\/sans-titre.png\",\"contentUrl\":\"https:\/\/www.wes.org\/wp-content\/uploads\/2018\/12\/sans-titre.png\"},{\"@type\":\"BreadcrumbList\",\"@id\":\"https:\/\/www.wes.org\/fr\/criteres-devaluation-des-diplomes\/#breadcrumb\",\"itemListElement\":[{\"@type\":\"ListItem\",\"position\":1,\"name\":\"Home\",\"item\":\"https:\/\/www.wes.org\/fr\/\"},{\"@type\":\"ListItem\",\"position\":2,\"name\":\"Crit\u00e8res d\u2019\u00e9valuation des dipl\u00f4mes\"}]},{\"@type\":\"WebSite\",\"@id\":\"https:\/\/www.wes.org\/fr\/#website\",\"url\":\"https:\/\/www.wes.org\/fr\/\",\"name\":\"World Education Services\",\"description\":\"\",\"publisher\":{\"@id\":\"https:\/\/www.wes.org\/fr\/#organization\"},\"potentialAction\":[{\"@type\":\"SearchAction\",\"target\":{\"@type\":\"EntryPoint\",\"urlTemplate\":\"https:\/\/www.wes.org\/fr\/?s={search_term_string}\"},\"query-input\":{\"@type\":\"PropertyValueSpecification\",\"valueRequired\":true,\"valueName\":\"search_term_string\"}}],\"inLanguage\":\"fr-FR\"},{\"@type\":\"Organization\",\"@id\":\"https:\/\/www.wes.org\/fr\/#organization\",\"name\":\"World Education Services\",\"url\":\"https:\/\/www.wes.org\/fr\/\",\"logo\":{\"@type\":\"ImageObject\",\"inLanguage\":\"fr-FR\",\"@id\":\"https:\/\/www.wes.org\/fr\/#\/schema\/logo\/image\/\",\"url\":\"https:\/\/www.wes.org\/wp-content\/uploads\/2024\/07\/cropped-cropped-WES_Logo_RGB-Primary_Green-Clearspace-e1719869905447.png\",\"contentUrl\":\"https:\/\/www.wes.org\/wp-content\/uploads\/2024\/07\/cropped-cropped-WES_Logo_RGB-Primary_Green-Clearspace-e1719869905447.png\",\"width\":512,\"height\":512,\"caption\":\"World Education Services\"},\"image\":{\"@id\":\"https:\/\/www.wes.org\/fr\/#\/schema\/logo\/image\/\"},\"sameAs\":[\"https:\/\/www.facebook.com\/WorldEducationServices\/\",\"https:\/\/x.com\/WorldEdServices\",\"https:\/\/www.linkedin.com\/company\/worldeducationservices\/\"]}]}<\/script>\n<!-- \/ Yoast SEO Premium plugin. -->","yoast_head_json":{"title":"Crit\u00e8res d\u2019\u00e9valuation des dipl\u00f4mes - WES","robots":{"index":"index","follow":"follow","max-snippet":"max-snippet:-1","max-image-preview":"max-image-preview:large","max-video-preview":"max-video-preview:-1"},"canonical":"https:\/\/www.wes.org\/fr\/criteres-devaluation-des-diplomes\/","og_locale":"fr_FR","og_type":"article","og_title":"Crit\u00e8res d\u2019\u00e9valuation des dipl\u00f4mes","og_description":"Crit\u00e8res d\u2019\u00e9valuation des dipl\u00f4mes Certification des maitres du Nouveau-Brunswick","og_url":"https:\/\/www.wes.org\/fr\/criteres-devaluation-des-diplomes\/","og_site_name":"WES","article_publisher":"https:\/\/www.facebook.com\/WorldEducationServices\/","article_modified_time":"2024-07-12T21:29:23+00:00","og_image":[{"url":"https:\/\/www.wes.org\/wp-content\/uploads\/2018\/12\/sans-titre.png","type":"","width":"","height":""}],"twitter_card":"summary_large_image","twitter_site":"@WorldEdServices","schema":{"@context":"https:\/\/schema.org","@graph":[{"@type":"WebPage","@id":"https:\/\/www.wes.org\/fr\/criteres-devaluation-des-diplomes\/","url":"https:\/\/www.wes.org\/fr\/criteres-devaluation-des-diplomes\/","name":"Crit\u00e8res d\u2019\u00e9valuation des dipl\u00f4mes - WES","isPartOf":{"@id":"https:\/\/www.wes.org\/fr\/#website"},"primaryImageOfPage":{"@id":"https:\/\/www.wes.org\/fr\/criteres-devaluation-des-diplomes\/#primaryimage"},"image":{"@id":"https:\/\/www.wes.org\/fr\/criteres-devaluation-des-diplomes\/#primaryimage"},"thumbnailUrl":"https:\/\/www.wes.org\/wp-content\/uploads\/2018\/12\/sans-titre.png","datePublished":"2024-07-12T21:29:19+00:00","dateModified":"2024-07-12T21:29:23+00:00","breadcrumb":{"@id":"https:\/\/www.wes.org\/fr\/criteres-devaluation-des-diplomes\/#breadcrumb"},"inLanguage":"fr-FR","potentialAction":[{"@type":"ReadAction","target":["https:\/\/www.wes.org\/fr\/criteres-devaluation-des-diplomes\/"]}]},{"@type":"ImageObject","inLanguage":"fr-FR","@id":"https:\/\/www.wes.org\/fr\/criteres-devaluation-des-diplomes\/#primaryimage","url":"https:\/\/www.wes.org\/wp-content\/uploads\/2018\/12\/sans-titre.png","contentUrl":"https:\/\/www.wes.org\/wp-content\/uploads\/2018\/12\/sans-titre.png"},{"@type":"BreadcrumbList","@id":"https:\/\/www.wes.org\/fr\/criteres-devaluation-des-diplomes\/#breadcrumb","itemListElement":[{"@type":"ListItem","position":1,"name":"Home","item":"https:\/\/www.wes.org\/fr\/"},{"@type":"ListItem","position":2,"name":"Crit\u00e8res d\u2019\u00e9valuation des dipl\u00f4mes"}]},{"@type":"WebSite","@id":"https:\/\/www.wes.org\/fr\/#website","url":"https:\/\/www.wes.org\/fr\/","name":"World Education Services","description":"","publisher":{"@id":"https:\/\/www.wes.org\/fr\/#organization"},"potentialAction":[{"@type":"SearchAction","target":{"@type":"EntryPoint","urlTemplate":"https:\/\/www.wes.org\/fr\/?s={search_term_string}"},"query-input":{"@type":"PropertyValueSpecification","valueRequired":true,"valueName":"search_term_string"}}],"inLanguage":"fr-FR"},{"@type":"Organization","@id":"https:\/\/www.wes.org\/fr\/#organization","name":"World Education Services","url":"https:\/\/www.wes.org\/fr\/","logo":{"@type":"ImageObject","inLanguage":"fr-FR","@id":"https:\/\/www.wes.org\/fr\/#\/schema\/logo\/image\/","url":"https:\/\/www.wes.org\/wp-content\/uploads\/2024\/07\/cropped-cropped-WES_Logo_RGB-Primary_Green-Clearspace-e1719869905447.png","contentUrl":"https:\/\/www.wes.org\/wp-content\/uploads\/2024\/07\/cropped-cropped-WES_Logo_RGB-Primary_Green-Clearspace-e1719869905447.png","width":512,"height":512,"caption":"World Education Services"},"image":{"@id":"https:\/\/www.wes.org\/fr\/#\/schema\/logo\/image\/"},"sameAs":["https:\/\/www.facebook.com\/WorldEducationServices\/","https:\/\/x.com\/WorldEdServices","https:\/\/www.linkedin.com\/company\/worldeducationservices\/"]}]}},"wpml_current_locale":"fr_FR","wpml_translations":[],"_links":{"self":[{"href":"https:\/\/www.wes.org\/fr\/wp-json\/wp\/v2\/pages\/43588","targetHints":{"allow":["GET"]}}],"collection":[{"href":"https:\/\/www.wes.org\/fr\/wp-json\/wp\/v2\/pages"}],"about":[{"href":"https:\/\/www.wes.org\/fr\/wp-json\/wp\/v2\/types\/page"}],"author":[{"embeddable":true,"href":"https:\/\/www.wes.org\/fr\/wp-json\/wp\/v2\/users\/1090"}],"replies":[{"embeddable":true,"href":"https:\/\/www.wes.org\/fr\/wp-json\/wp\/v2\/comments?post=43588"}],"version-history":[{"count":0,"href":"https:\/\/www.wes.org\/fr\/wp-json\/wp\/v2\/pages\/43588\/revisions"}],"wp:attachment":[{"href":"https:\/\/www.wes.org\/fr\/wp-json\/wp\/v2\/media?parent=43588"}],"curies":[{"name":"wp","href":"https:\/\/api.w.org\/{rel}","templated":true}]}}