{"id":41084,"date":"2024-02-27T10:54:35","date_gmt":"2024-02-27T15:54:35","guid":{"rendered":"https:\/\/www.wes.org\/?page_id=41084"},"modified":"2025-02-11T11:08:10","modified_gmt":"2025-02-11T16:08:10","slug":"exigences-devaluation-des-titres-de-competence-nouvelle-ecosse","status":"publish","type":"page","link":"https:\/\/www.wes.org\/fr\/exigences-devaluation-des-titres-de-competence-nouvelle-ecosse\/","title":{"rendered":"Exigences d\u2019\u00e9valuation des titres de comp\u00e9tence Nouvelle-\u00c9cosse"},"content":{"rendered":"\n<h1 class=\"wp-block-heading has-text-align-center\" id=\"h-exigences-d-evaluation-des-titres-de-competence\">Exigences\u00a0d\u2019\u00e9valuation des titres de comp\u00e9tence<\/h1>\n\n\n\n<p><\/p>\n\n\n\n<figure class=\"wp-block-image aligncenter size-full\"><img loading=\"lazy\" decoding=\"async\" width=\"208\" height=\"76\" src=\"https:\/\/www.wes.org\/wp-content\/uploads\/2024\/02\/nsvip-en-NS-GOV-Early-Childhood.png\" alt=\"Nova Scotia logo\" class=\"wp-image-41087\"\/><\/figure>\n\n\n\n<p><\/p>\n\n\n\n<h2 class=\"wp-block-heading has-text-align-center\" id=\"h-gouvernement-provincial-de-la-nouvelle-ecosse-ministere-de-l-education-et-du-developpement-de-la-petite-enfance-classification-pour-le-personnel-des-services-de-garde-d-enfants\">Gouvernement provincial de la Nouvelle-\u00c9cosse, minist\u00e8re de l\u2019\u00c9ducation et du D\u00e9veloppement de la petite enfance, classification pour le personnel des services de garde d\u2019enfants<\/h2>\n\n\n\n<div style=\"height:100px\" aria-hidden=\"true\" class=\"wp-block-spacer\"><\/div>\n\n\n\n\n\n<section \n   \n  class=\"relative sw-block alignwide wp-block-group is-layout-flow wp-block-storyware-floating-content-is-layout-flow\"\n  style=\"--wp--style--layout--content-size: var(--wp--custom--content-width); \n         --wp--style--layout--wide-size: var(--wp--custom--wide-width);\">\n\n  <div class=\"mx-auto px-5\">\n    <div class=\"grid gap-5 md:grid-cols-2 lg:gap-24 items-start\">\n\n      <!-- Image Column -->\n      <div class=\"not-prose\">\n                  <img loading=\"lazy\" decoding=\"async\" width=\"540\" height=\"356\" src=\"https:\/\/www.wes.org\/wp-content\/uploads\/2017\/04\/partners_1-iStock_627576018.jpg\" class=\"h-72 md:h-[480px] w-full object-cover object-center\" alt=\"Image of laptop open\" \/>\n                        <\/div>\n\n      <!-- Text Column -->\n      <div class=\"md:order-last\">\n\n                  <h2 class=\"font-medium text-[28px] text-black leading-snug\">Ce que vous devez faire:<\/h2>\n        \n                  <div class=\"mt-3\"><div class=\"headline\">\n<p>Suivez les \u00e9tapes ci-dessous pour pr\u00e9senter votre demande \u00e0 WES.<\/p>\n<p><strong>Si vous pr\u00e9sentez le dipl\u00f4me que vous avez obtenu \u00e0 l\u2019\u00e9tranger \u00e0 WES pour respecter les exigences d\u2019\u00e9valuation des titres de comp\u00e9tence aux fins de classification pour le personnel des services de garde d\u2019enfants, veuillez suivre les instructions ci-dessous.<\/strong><\/p>\n<ol>\n<li>S\u00e9lectionnez Canada pour votre \u00e9valuation.<\/li>\n<li>S\u00e9lectionnez Demande d\u2019\u00e9valuation standard de WES.<\/li>\n<li>Ajoutez Gouvernement provincial de la Nouvelle-\u00c9cosse, minist\u00e8re de l\u2019\u00c9ducation et du D\u00e9veloppement de la petite enfance, classification pour le personnel des services de garde d\u2019enfants comme destinataire.<\/li>\n<li>S\u00e9lectionnez \u00e9valuation de chaque cours de l\u2019International Credential Advantage Package (ICAP) de WES.<\/li>\n<li>Respectez les exigences en mati\u00e8re de documents propres au pays et organisez l\u2019exp\u00e9dition de vos documents \u00e0 WES.<\/li>\n<\/ol>\n<p>Afin de connaitre les documents \u00e0 transmettre \u00e0 WES, r\u00e9f\u00e9rez-vous aux\u00a0<a href=\"https:\/\/wes.org\/fr\/ca\/documents-exiges\/\" target=\"_blank\" rel=\"noopener\">documents requis<\/a>\u00a0en fonction du pays de d\u00e9livrance de votre dipl\u00f4me.<\/p>\n<\/div>\n<\/div>\n        \n        <!-- Button Type: Standard Link -->\n        \n        <!-- Button Type: Marketo Popup -->\n        \n      <\/div>\n    <\/div>\n  <\/div>\n<\/section>\n\n\n\n<div style=\"height:100px\" aria-hidden=\"true\" class=\"wp-block-spacer\"><\/div>\n\n\n\n\n\n<section \n   \n  class=\"relative sw-block alignwide wp-block-group is-layout-flow wp-block-storyware-floating-content-is-layout-flow\"\n  style=\"--wp--style--layout--content-size: var(--wp--custom--content-width); \n         --wp--style--layout--wide-size: var(--wp--custom--wide-width);\">\n\n  <div class=\"mx-auto px-5\">\n    <div class=\"grid gap-5 md:grid-cols-2 lg:gap-24 items-start\">\n\n      <!-- Image Column -->\n      <div class=\"not-prose\">\n                  <img loading=\"lazy\" decoding=\"async\" width=\"540\" height=\"356\" src=\"https:\/\/www.wes.org\/wp-content\/uploads\/2017\/04\/partners_2-iStock_465211473.jpg\" class=\"h-72 md:h-[480px] w-full object-cover object-center\" alt=\"Mailing envelope\" \/>\n                        <\/div>\n\n      <!-- Text Column -->\n      <div class=\"md:order-first\">\n\n                  <h2 class=\"font-medium text-[28px] text-black leading-snug\">Ce que WES fera pour vous<\/h2>\n        \n                  <div class=\"mt-3\"><ol>\n<li>WES v\u00e9rifiera votre dossier d\u2019\u00e9tudes.<\/li>\n<li>WES pr\u00e9parera un rapport d\u2019\u00e9valuation de chaque cours.<\/li>\n<li>WES exp\u00e9diera votre rapport d\u2019\u00e9valuation et les copies certifi\u00e9es conformes de vos relev\u00e9s de notes directement au gouvernement provincial de la Nouvelle-\u00c9cosse, minist\u00e8re de l\u2019\u00c9ducation et du D\u00e9veloppement de la petite enfance, classification pour le personnel des services de garde d\u2019enfants.<\/li>\n<\/ol>\n<\/div>\n        \n        <!-- Button Type: Standard Link -->\n        \n        <!-- Button Type: Marketo Popup -->\n        \n      <\/div>\n    <\/div>\n  <\/div>\n<\/section>\n\n\n\n<div style=\"height:100px\" aria-hidden=\"true\" class=\"wp-block-spacer\"><\/div>\n\n\n\n\n\n<section \n   \n  class=\"relative sw-block alignwide wp-block-group is-layout-flow wp-block-storyware-floating-content-is-layout-flow\"\n  style=\"--wp--style--layout--content-size: var(--wp--custom--content-width); \n         --wp--style--layout--wide-size: var(--wp--custom--wide-width);\">\n\n  <div class=\"mx-auto px-5\">\n    <div class=\"grid gap-5 md:grid-cols-2 lg:gap-24 items-start\">\n\n      <!-- Image Column -->\n      <div class=\"not-prose\">\n                  <img loading=\"lazy\" decoding=\"async\" width=\"540\" height=\"356\" src=\"https:\/\/www.wes.org\/wp-content\/uploads\/2017\/04\/partners_3-iStock_522739044.jpg\" class=\"h-72 md:h-[480px] w-full object-cover object-center\" alt=\"Woman looking at laptop\" \/>\n                        <\/div>\n\n      <!-- Text Column -->\n      <div class=\"md:order-last\">\n\n                  <h2 class=\"font-medium text-[28px] text-black leading-snug\">Compl\u00e9ment d\u2019information<\/h2>\n        \n                  <div class=\"mt-3\"><div class=\"headline\">\n<p>Si vous avez des questions sur WES ou le processus d\u2019\u00e9valuation, veuillez consulter notre\u00a0<a href=\"https:\/\/www.wes.org\/ca\/help\/\" target=\"_blank\" rel=\"noopener noreferrer\">Foire aux questions<\/a>.<\/p>\n<p>Pour obtenir des pr\u00e9cisions sur les exigences du minist\u00e8re de l\u2019\u00c9ducation et du D\u00e9veloppement de la petite enfance du gouvernement provincial de la Nouvelle-\u00c9cosse aux fins de classification pour le personnel des services de garde d\u2019enfants, veuillez consulter son\u00a0<a href=\"https:\/\/www.ednet.ns.ca\/earlyyears\/pd\/ClassificationforStaff.shtml\" target=\"_blank\" rel=\"noopener noreferrer\">site Web<\/a>.<\/p>\n<p>Commencez votre demande.<\/p>\n<\/div>\n<\/div>\n        \n        <!-- Button Type: Standard Link -->\n        \n        <!-- Button Type: Marketo Popup -->\n        \n      <\/div>\n    <\/div>\n  <\/div>\n<\/section>\n","protected":false},"excerpt":{"rendered":"<p>Exigences\u00a0d\u2019\u00e9valuation des titres de comp\u00e9tence Gouvernement provincial de la Nouvelle-\u00c9cosse, minist\u00e8re de l\u2019\u00c9ducation et du D\u00e9veloppement de la petite enfance, classification pour le personnel des services de garde d\u2019enfants<\/p>\n","protected":false},"author":65,"featured_media":0,"parent":0,"menu_order":0,"comment_status":"closed","ping_status":"closed","template":"","meta":{"_acf_changed":false,"footnotes":""},"class_list":["post-41084","page","type-page","status-publish","hentry"],"better_featured_image":null,"acf":{"page_maf":false,"custom_body_class":"","hide_language_switcher":false,"custom_menu":"","alert_msg":"default","intro_title":"<span>Exigences<\/span> d\u2019\u00e9valuation des titres de comp\u00e9tence","institution_logo":"https:\/\/www.wes.org\/wp-content\/uploads\/2024\/02\/nsvip-en-NS-GOV-Early-Childhood.png","intro_text":"Gouvernement provincial de la Nouvelle-\u00c9cosse, minist\u00e8re de l\u2019\u00c9ducation et du D\u00e9veloppement de la petite enfance, classification pour le personnel des services de garde d\u2019enfants","main_content_title":"","main_content_item_1_headline":"Ce que vous devez faire:","main_content_item_1_text":"<p>Suivez les \u00e9tapes ci-dessous pour pr\u00e9senter votre demande \u00e0 WES.<\/p>\n<p><strong>Si vous pr\u00e9sentez le dipl\u00f4me que vous avez obtenu \u00e0 l\u2019\u00e9tranger \u00e0 WES pour respecter les exigences d\u2019\u00e9valuation des titres de comp\u00e9tence aux fins de classification pour le personnel des services de garde d\u2019enfants, veuillez suivre les instructions ci-dessous.<\/strong><\/p>\n<ol>\n<li>S\u00e9lectionnez Canada pour votre \u00e9valuation.<\/li>\n<li>S\u00e9lectionnez Demande d\u2019\u00e9valuation standard de WES.<\/li>\n<li>Ajoutez Gouvernement provincial de la Nouvelle-\u00c9cosse, minist\u00e8re de l\u2019\u00c9ducation et du D\u00e9veloppement de la petite enfance, classification pour le personnel des services de garde d\u2019enfants comme destinataire.<\/li>\n<li>S\u00e9lectionnez \u00e9valuation de chaque cours de l\u2019International Credential Advantage Package (ICAP) de WES.<\/li>\n<li>Respectez les exigences en mati\u00e8re de documents propres au pays et organisez l\u2019exp\u00e9dition de vos documents \u00e0 WES.<\/li>\n<\/ol>\n<p>Afin de connaitre les documents \u00e0 transmettre \u00e0 WES, r\u00e9f\u00e9rez-vous aux <a href=\"https:\/\/wes.org\/fr\/ca\/documents-exiges\/\" target=\"_blank\" rel=\"noopener\">documents requis<\/a> en fonction du pays de d\u00e9livrance de votre dipl\u00f4me.<\/p>\n","main_content_item_1_image":"https:\/\/www.wes.org\/wp-content\/uploads\/2018\/12\/partners_1-iStock_627576018.png","main_content_item_1_cta_text":"","main_content_item_1_cta_link":"","item_1_cta_link_new_window":[],"main_content_item_2_headline":"Ce que WES fera pour vous","main_content_item_2_text":"<ol>\n<li>WES v\u00e9rifiera votre dossier d\u2019\u00e9tudes.<\/li>\n<li>WES pr\u00e9parera un rapport d\u2019\u00e9valuation de chaque cours.<\/li>\n<li>WES exp\u00e9diera votre rapport d\u2019\u00e9valuation et les copies certifi\u00e9es conformes de vos relev\u00e9s de notes directement au gouvernement provincial de la Nouvelle-\u00c9cosse, minist\u00e8re de l\u2019\u00c9ducation et du D\u00e9veloppement de la petite enfance, classification pour le personnel des services de garde d\u2019enfants.<\/li>\n<\/ol>\n","main_content_item_2_image":"https:\/\/www.wes.org\/wp-content\/uploads\/2018\/12\/partners_2-iStock_465211473.png","main_content_item_2_cta_text":"","main_content_item_2_cta_link":"","item_2_cta_link_new_window":[],"main_content_item_3_headline":"Compl\u00e9ment d\u2019information","main_content_item_3_text":"<p>Si vous avez des questions sur WES ou le processus d\u2019\u00e9valuation, veuillez consulter notre <a href=\"https:\/\/www.wes.org\/ca\/help\/\" target=\"_blank\" rel=\"noopener noreferrer\">Foire aux questions<\/a>.<\/p>\n<p>Pour obtenir des pr\u00e9cisions sur les exigences du minist\u00e8re de l\u2019\u00c9ducation et du D\u00e9veloppement de la petite enfance du gouvernement provincial de la Nouvelle-\u00c9cosse aux fins de classification pour le personnel des services de garde d\u2019enfants, veuillez consulter son <a href=\"https:\/\/www.ednet.ns.ca\/earlyyears\/pd\/ClassificationforStaff.shtml\" target=\"_blank\" rel=\"noopener noreferrer\">site Web<\/a>.<\/p>\n<p>Commencez votre demande.<\/p>\n","main_content_item_3_image":"https:\/\/www.wes.org\/wp-content\/uploads\/2018\/12\/partners_3-iStock_522739044.png","main_content_item_3_cta_text":"","item_3_cta_link_new_window":[],"main_content_item_4_headline":"","main_content_item_4_text":"","main_content_item_4_image":false,"main_content_item_4_cta_text":"","main_content_item_4_cta_link":"","item_4_cta_link_new_window":[],"main_content_item_5_headline":"","main_content_item_5_text":"","main_content_item_5_image":false,"main_content_item_5_cta_text":"","main_content_item_5_cta_link":"","item_5_cta_link_new_window":[],"main_content_item_6_headline":"","main_content_item_6_text":"","main_content_item_6_image":false,"main_content_item_6_cta_text":"","main_content_item_6_cta_link":"","item_6_cta_link_new_window":[],"main_content_item_7_headline":"","main_content_item_7_text":"","main_content_item_7_image":false,"main_content_item_7_cta_text":"","main_content_item_7_cta_link":"","item_7_cta_link_new_window":[],"main_content_item_3_cta_link":"https:\/\/applications.wes.org\/createaccount"},"yoast_head":"<!-- This site is optimized with the Yoast SEO Premium plugin v26.2 (Yoast SEO v27.0) - https:\/\/yoast.com\/product\/yoast-seo-premium-wordpress\/ -->\n<title>Exigences d\u2019\u00e9valuation des titres de comp\u00e9tence Nouvelle-\u00c9cosse - WES<\/title>\n<meta name=\"robots\" content=\"index, follow, max-snippet:-1, max-image-preview:large, max-video-preview:-1\" \/>\n<link rel=\"canonical\" href=\"https:\/\/www.wes.org\/fr\/exigences-devaluation-des-titres-de-competence-nouvelle-ecosse\/\" \/>\n<meta property=\"og:locale\" content=\"fr_FR\" \/>\n<meta property=\"og:type\" content=\"article\" \/>\n<meta property=\"og:title\" content=\"Exigences d\u2019\u00e9valuation des titres de comp\u00e9tence Nouvelle-\u00c9cosse\" \/>\n<meta property=\"og:description\" content=\"Exigences\u00a0d\u2019\u00e9valuation des titres de comp\u00e9tence Gouvernement provincial de la Nouvelle-\u00c9cosse, minist\u00e8re de l\u2019\u00c9ducation et du D\u00e9veloppement de la petite enfance, classification pour le personnel des services de garde d\u2019enfants\" \/>\n<meta property=\"og:url\" content=\"https:\/\/www.wes.org\/fr\/exigences-devaluation-des-titres-de-competence-nouvelle-ecosse\/\" \/>\n<meta property=\"og:site_name\" content=\"WES\" \/>\n<meta property=\"article:publisher\" content=\"https:\/\/www.facebook.com\/WorldEducationServices\/\" \/>\n<meta property=\"article:modified_time\" content=\"2025-02-11T16:08:10+00:00\" \/>\n<meta property=\"og:image\" content=\"https:\/\/www.wes.org\/wp-content\/uploads\/2024\/02\/nsvip-en-NS-GOV-Early-Childhood.png\" \/>\n<meta name=\"twitter:card\" content=\"summary_large_image\" \/>\n<meta name=\"twitter:site\" content=\"@WorldEdServices\" \/>\n<meta name=\"twitter:label1\" content=\"Dur\u00e9e de lecture estim\u00e9e\" \/>\n\t<meta name=\"twitter:data1\" content=\"1 minute\" \/>\n<script type=\"application\/ld+json\" class=\"yoast-schema-graph\">{\"@context\":\"https:\/\/schema.org\",\"@graph\":[{\"@type\":\"WebPage\",\"@id\":\"https:\/\/www.wes.org\/fr\/exigences-devaluation-des-titres-de-competence-nouvelle-ecosse\/\",\"url\":\"https:\/\/www.wes.org\/fr\/exigences-devaluation-des-titres-de-competence-nouvelle-ecosse\/\",\"name\":\"Exigences d\u2019\u00e9valuation des titres de comp\u00e9tence Nouvelle-\u00c9cosse - WES\",\"isPartOf\":{\"@id\":\"https:\/\/www.wes.org\/fr\/#website\"},\"primaryImageOfPage\":{\"@id\":\"https:\/\/www.wes.org\/fr\/exigences-devaluation-des-titres-de-competence-nouvelle-ecosse\/#primaryimage\"},\"image\":{\"@id\":\"https:\/\/www.wes.org\/fr\/exigences-devaluation-des-titres-de-competence-nouvelle-ecosse\/#primaryimage\"},\"thumbnailUrl\":\"https:\/\/www.wes.org\/wp-content\/uploads\/2024\/02\/nsvip-en-NS-GOV-Early-Childhood.png\",\"datePublished\":\"2024-02-27T15:54:35+00:00\",\"dateModified\":\"2025-02-11T16:08:10+00:00\",\"breadcrumb\":{\"@id\":\"https:\/\/www.wes.org\/fr\/exigences-devaluation-des-titres-de-competence-nouvelle-ecosse\/#breadcrumb\"},\"inLanguage\":\"fr-FR\",\"potentialAction\":[{\"@type\":\"ReadAction\",\"target\":[\"https:\/\/www.wes.org\/fr\/exigences-devaluation-des-titres-de-competence-nouvelle-ecosse\/\"]}]},{\"@type\":\"ImageObject\",\"inLanguage\":\"fr-FR\",\"@id\":\"https:\/\/www.wes.org\/fr\/exigences-devaluation-des-titres-de-competence-nouvelle-ecosse\/#primaryimage\",\"url\":\"https:\/\/www.wes.org\/wp-content\/uploads\/2024\/02\/nsvip-en-NS-GOV-Early-Childhood.png\",\"contentUrl\":\"https:\/\/www.wes.org\/wp-content\/uploads\/2024\/02\/nsvip-en-NS-GOV-Early-Childhood.png\"},{\"@type\":\"BreadcrumbList\",\"@id\":\"https:\/\/www.wes.org\/fr\/exigences-devaluation-des-titres-de-competence-nouvelle-ecosse\/#breadcrumb\",\"itemListElement\":[{\"@type\":\"ListItem\",\"position\":1,\"name\":\"Home\",\"item\":\"https:\/\/www.wes.org\/fr\/\"},{\"@type\":\"ListItem\",\"position\":2,\"name\":\"Exigences d\u2019\u00e9valuation des titres de comp\u00e9tence Nouvelle-\u00c9cosse\"}]},{\"@type\":\"WebSite\",\"@id\":\"https:\/\/www.wes.org\/fr\/#website\",\"url\":\"https:\/\/www.wes.org\/fr\/\",\"name\":\"World Education Services\",\"description\":\"\",\"publisher\":{\"@id\":\"https:\/\/www.wes.org\/fr\/#organization\"},\"potentialAction\":[{\"@type\":\"SearchAction\",\"target\":{\"@type\":\"EntryPoint\",\"urlTemplate\":\"https:\/\/www.wes.org\/fr\/?s={search_term_string}\"},\"query-input\":{\"@type\":\"PropertyValueSpecification\",\"valueRequired\":true,\"valueName\":\"search_term_string\"}}],\"inLanguage\":\"fr-FR\"},{\"@type\":\"Organization\",\"@id\":\"https:\/\/www.wes.org\/fr\/#organization\",\"name\":\"World Education Services\",\"url\":\"https:\/\/www.wes.org\/fr\/\",\"logo\":{\"@type\":\"ImageObject\",\"inLanguage\":\"fr-FR\",\"@id\":\"https:\/\/www.wes.org\/fr\/#\/schema\/logo\/image\/\",\"url\":\"https:\/\/www.wes.org\/wp-content\/uploads\/2024\/07\/cropped-cropped-WES_Logo_RGB-Primary_Green-Clearspace-e1719869905447.png\",\"contentUrl\":\"https:\/\/www.wes.org\/wp-content\/uploads\/2024\/07\/cropped-cropped-WES_Logo_RGB-Primary_Green-Clearspace-e1719869905447.png\",\"width\":512,\"height\":512,\"caption\":\"World Education Services\"},\"image\":{\"@id\":\"https:\/\/www.wes.org\/fr\/#\/schema\/logo\/image\/\"},\"sameAs\":[\"https:\/\/www.facebook.com\/WorldEducationServices\/\",\"https:\/\/x.com\/WorldEdServices\",\"https:\/\/www.linkedin.com\/company\/worldeducationservices\/\"]}]}<\/script>\n<!-- \/ Yoast SEO Premium plugin. -->","yoast_head_json":{"title":"Exigences d\u2019\u00e9valuation des titres de comp\u00e9tence Nouvelle-\u00c9cosse - WES","robots":{"index":"index","follow":"follow","max-snippet":"max-snippet:-1","max-image-preview":"max-image-preview:large","max-video-preview":"max-video-preview:-1"},"canonical":"https:\/\/www.wes.org\/fr\/exigences-devaluation-des-titres-de-competence-nouvelle-ecosse\/","og_locale":"fr_FR","og_type":"article","og_title":"Exigences d\u2019\u00e9valuation des titres de comp\u00e9tence Nouvelle-\u00c9cosse","og_description":"Exigences\u00a0d\u2019\u00e9valuation des titres de comp\u00e9tence Gouvernement provincial de la Nouvelle-\u00c9cosse, minist\u00e8re de l\u2019\u00c9ducation et du D\u00e9veloppement de la petite enfance, classification pour le personnel des services de garde d\u2019enfants","og_url":"https:\/\/www.wes.org\/fr\/exigences-devaluation-des-titres-de-competence-nouvelle-ecosse\/","og_site_name":"WES","article_publisher":"https:\/\/www.facebook.com\/WorldEducationServices\/","article_modified_time":"2025-02-11T16:08:10+00:00","og_image":[{"url":"https:\/\/www.wes.org\/wp-content\/uploads\/2024\/02\/nsvip-en-NS-GOV-Early-Childhood.png","type":"","width":"","height":""}],"twitter_card":"summary_large_image","twitter_site":"@WorldEdServices","twitter_misc":{"Dur\u00e9e de lecture estim\u00e9e":"1 minute"},"schema":{"@context":"https:\/\/schema.org","@graph":[{"@type":"WebPage","@id":"https:\/\/www.wes.org\/fr\/exigences-devaluation-des-titres-de-competence-nouvelle-ecosse\/","url":"https:\/\/www.wes.org\/fr\/exigences-devaluation-des-titres-de-competence-nouvelle-ecosse\/","name":"Exigences d\u2019\u00e9valuation des titres de comp\u00e9tence Nouvelle-\u00c9cosse - WES","isPartOf":{"@id":"https:\/\/www.wes.org\/fr\/#website"},"primaryImageOfPage":{"@id":"https:\/\/www.wes.org\/fr\/exigences-devaluation-des-titres-de-competence-nouvelle-ecosse\/#primaryimage"},"image":{"@id":"https:\/\/www.wes.org\/fr\/exigences-devaluation-des-titres-de-competence-nouvelle-ecosse\/#primaryimage"},"thumbnailUrl":"https:\/\/www.wes.org\/wp-content\/uploads\/2024\/02\/nsvip-en-NS-GOV-Early-Childhood.png","datePublished":"2024-02-27T15:54:35+00:00","dateModified":"2025-02-11T16:08:10+00:00","breadcrumb":{"@id":"https:\/\/www.wes.org\/fr\/exigences-devaluation-des-titres-de-competence-nouvelle-ecosse\/#breadcrumb"},"inLanguage":"fr-FR","potentialAction":[{"@type":"ReadAction","target":["https:\/\/www.wes.org\/fr\/exigences-devaluation-des-titres-de-competence-nouvelle-ecosse\/"]}]},{"@type":"ImageObject","inLanguage":"fr-FR","@id":"https:\/\/www.wes.org\/fr\/exigences-devaluation-des-titres-de-competence-nouvelle-ecosse\/#primaryimage","url":"https:\/\/www.wes.org\/wp-content\/uploads\/2024\/02\/nsvip-en-NS-GOV-Early-Childhood.png","contentUrl":"https:\/\/www.wes.org\/wp-content\/uploads\/2024\/02\/nsvip-en-NS-GOV-Early-Childhood.png"},{"@type":"BreadcrumbList","@id":"https:\/\/www.wes.org\/fr\/exigences-devaluation-des-titres-de-competence-nouvelle-ecosse\/#breadcrumb","itemListElement":[{"@type":"ListItem","position":1,"name":"Home","item":"https:\/\/www.wes.org\/fr\/"},{"@type":"ListItem","position":2,"name":"Exigences d\u2019\u00e9valuation des titres de comp\u00e9tence Nouvelle-\u00c9cosse"}]},{"@type":"WebSite","@id":"https:\/\/www.wes.org\/fr\/#website","url":"https:\/\/www.wes.org\/fr\/","name":"World Education Services","description":"","publisher":{"@id":"https:\/\/www.wes.org\/fr\/#organization"},"potentialAction":[{"@type":"SearchAction","target":{"@type":"EntryPoint","urlTemplate":"https:\/\/www.wes.org\/fr\/?s={search_term_string}"},"query-input":{"@type":"PropertyValueSpecification","valueRequired":true,"valueName":"search_term_string"}}],"inLanguage":"fr-FR"},{"@type":"Organization","@id":"https:\/\/www.wes.org\/fr\/#organization","name":"World Education Services","url":"https:\/\/www.wes.org\/fr\/","logo":{"@type":"ImageObject","inLanguage":"fr-FR","@id":"https:\/\/www.wes.org\/fr\/#\/schema\/logo\/image\/","url":"https:\/\/www.wes.org\/wp-content\/uploads\/2024\/07\/cropped-cropped-WES_Logo_RGB-Primary_Green-Clearspace-e1719869905447.png","contentUrl":"https:\/\/www.wes.org\/wp-content\/uploads\/2024\/07\/cropped-cropped-WES_Logo_RGB-Primary_Green-Clearspace-e1719869905447.png","width":512,"height":512,"caption":"World Education Services"},"image":{"@id":"https:\/\/www.wes.org\/fr\/#\/schema\/logo\/image\/"},"sameAs":["https:\/\/www.facebook.com\/WorldEducationServices\/","https:\/\/x.com\/WorldEdServices","https:\/\/www.linkedin.com\/company\/worldeducationservices\/"]}]}},"wpml_current_locale":"fr_FR","wpml_translations":[{"locale":"en_US","id":29763,"post_title":"Credential Evaluation Requirements for Nova Scotia Department of Education and Early Childhood Development","href":"https:\/\/www.wes.org\/credential-evaluation-requirements-for-nova-scotia-department-of-education-and-early-childhood-development\/"}],"_links":{"self":[{"href":"https:\/\/www.wes.org\/fr\/wp-json\/wp\/v2\/pages\/41084","targetHints":{"allow":["GET"]}}],"collection":[{"href":"https:\/\/www.wes.org\/fr\/wp-json\/wp\/v2\/pages"}],"about":[{"href":"https:\/\/www.wes.org\/fr\/wp-json\/wp\/v2\/types\/page"}],"author":[{"embeddable":true,"href":"https:\/\/www.wes.org\/fr\/wp-json\/wp\/v2\/users\/65"}],"replies":[{"embeddable":true,"href":"https:\/\/www.wes.org\/fr\/wp-json\/wp\/v2\/comments?post=41084"}],"version-history":[{"count":0,"href":"https:\/\/www.wes.org\/fr\/wp-json\/wp\/v2\/pages\/41084\/revisions"}],"wp:attachment":[{"href":"https:\/\/www.wes.org\/fr\/wp-json\/wp\/v2\/media?parent=41084"}],"curies":[{"name":"wp","href":"https:\/\/api.w.org\/{rel}","templated":true}]}}