{"id":37904,"date":"2023-01-31T11:50:21","date_gmt":"2023-01-31T16:50:21","guid":{"rendered":"https:\/\/www.wes.org\/?page_id=37904"},"modified":"2024-07-12T18:04:52","modified_gmt":"2024-07-12T22:04:52","slug":"ecole-de-gestion-cpa-atlantique","status":"publish","type":"page","link":"https:\/\/www.wes.org\/fr\/ecole-de-gestion-cpa-atlantique\/","title":{"rendered":"Exigences pour l\u2019\u00e9valuation des dipl\u00f4mes"},"content":{"rendered":"\n<h1 class=\"wp-block-heading has-text-align-center\" id=\"h-exigences-pour-l-evaluation-des-diplomes\">Exigences pour l\u2019\u00e9valuation des dipl\u00f4mes<\/h1>\n\n\n\n<p><\/p>\n\n\n\n<figure class=\"wp-block-image aligncenter size-full\"><img loading=\"lazy\" decoding=\"async\" width=\"350\" height=\"77\" src=\"https:\/\/www.wes.org\/wp-content\/uploads\/2017\/06\/partners_ca_CPA-ASB_logo.jpg\" alt=\"Chartered Professional Accountants Atlantic School of Business logo\" class=\"wp-image-6768\" srcset=\"https:\/\/www.wes.org\/wp-content\/uploads\/2017\/06\/partners_ca_CPA-ASB_logo.jpg 350w, https:\/\/www.wes.org\/wp-content\/uploads\/2017\/06\/partners_ca_CPA-ASB_logo-300x66.jpg 300w\" sizes=\"auto, (max-width: 350px) 100vw, 350px\" \/><\/figure>\n\n\n\n<p><\/p>\n\n\n\n<h2 class=\"wp-block-heading has-text-align-center\" id=\"h-ecole-de-gestion-cpa-atlantique\">\u00c9cole de gestion CPA Atlantique<\/h2>\n\n\n\n<div style=\"height:100px\" aria-hidden=\"true\" class=\"wp-block-spacer\"><\/div>\n\n\n\n\n\n<section \n   \n  class=\"relative sw-block alignwide wp-block-group is-layout-flow wp-block-storyware-floating-content-is-layout-flow\"\n  style=\"--wp--style--layout--content-size: var(--wp--custom--content-width); \n         --wp--style--layout--wide-size: var(--wp--custom--wide-width);\">\n\n  <div class=\"mx-auto px-5\">\n    <div class=\"grid gap-5 md:grid-cols-2 lg:gap-24 items-start\">\n\n      <!-- Image Column -->\n      <div class=\"not-prose\">\n                  <img loading=\"lazy\" decoding=\"async\" width=\"540\" height=\"356\" src=\"https:\/\/www.wes.org\/wp-content\/uploads\/2017\/04\/partners_1-iStock_627576018.jpg\" class=\"h-72 md:h-[480px] w-full object-cover object-center\" alt=\"Image of laptop open\" \/>\n                        <\/div>\n\n      <!-- Text Column -->\n      <div class=\"md:order-last\">\n\n                  <h2 class=\"font-medium text-[28px] text-black leading-snug\">Ce que vous devez faire<\/h2>\n        \n                  <div class=\"mt-3\"><div class=\"headline\">\n<p>Suivez les \u00e9tapes ci-dessous pour adresser votre demande \u00e0 WES:<\/p>\n<ol>\n<li>S\u00e9lectionnez \u00ab Canada \u00bb pour votre \u00e9valuation.<\/li>\n<li>S\u00e9lectionnez \u00ab Demande d\u2019\u00e9valuation standard de WES \u00bb.<\/li>\n<li>Ajoutez l\u2019\u00c9cole de gestion CPA Atlantique (CPA ASB) comme destinataire.<\/li>\n<li>Choisissez le type de rapport d\u2019\u00e9valuation de WES pertinent pour votre demande \u00e0 la CPA ASB (rapport d\u2019\u00e9valuation de chaque cours ou d\u2019\u00e9valuation de titres). Si vous ne savez pas avec certitude quel rapport est n\u00e9cessaire pour votre demande, adressez-vous au conseiller ou \u00e0 la\u00a0<a href=\"https:\/\/cpaatlantic.ca\/fr\/#cpaa-form-tabs\" target=\"_blank\" rel=\"noopener noreferrer\">conseill\u00e8re de votre r\u00e9gion<\/a>.<\/li>\n<\/ol>\n<p>Remarque: Respectez bien les exigences en mati\u00e8re de\u00a0<a href=\"https:\/\/applications.wes.org\/required-documents\" target=\"_blank\" rel=\"noopener noreferrer\">documents propres au pays<\/a>\u00a0et organisez l\u2019exp\u00e9dition de vos documents \u00e0 WES.<\/p>\n<\/div>\n<\/div>\n        \n        <!-- Button Type: Standard Link -->\n        \n        <!-- Button Type: Marketo Popup -->\n        \n      <\/div>\n    <\/div>\n  <\/div>\n<\/section>\n\n\n\n<div style=\"height:100px\" aria-hidden=\"true\" class=\"wp-block-spacer\"><\/div>\n\n\n\n\n\n<section \n   \n  class=\"relative sw-block alignwide wp-block-group is-layout-flow wp-block-storyware-floating-content-is-layout-flow\"\n  style=\"--wp--style--layout--content-size: var(--wp--custom--content-width); \n         --wp--style--layout--wide-size: var(--wp--custom--wide-width);\">\n\n  <div class=\"mx-auto px-5\">\n    <div class=\"grid gap-5 md:grid-cols-2 lg:gap-24 items-start\">\n\n      <!-- Image Column -->\n      <div class=\"not-prose\">\n                  <img loading=\"lazy\" decoding=\"async\" width=\"540\" height=\"356\" src=\"https:\/\/www.wes.org\/wp-content\/uploads\/2017\/04\/partners_2-iStock_465211473.jpg\" class=\"h-72 md:h-[480px] w-full object-cover object-center\" alt=\"Mailing envelope\" \/>\n                        <\/div>\n\n      <!-- Text Column -->\n      <div class=\"md:order-first\">\n\n                  <h2 class=\"font-medium text-[28px] text-black leading-snug\">Ce que WES fera pour vous<\/h2>\n        \n                  <div class=\"mt-3\"><ol>\n<li>Nous v\u00e9rifierons votre dossier.<\/li>\n<li>Nous pr\u00e9parerons un rapport d\u2019\u00e9valuation officiel.<\/li>\n<li>Nous enverrons votre rapport d\u2019\u00e9valuation et les copies certifi\u00e9es conformes de vos relev\u00e9s de notes directement \u00e0 l\u2019\u00c9cole de gestion CPA Atlantique.<\/li>\n<\/ol>\n<\/div>\n        \n        <!-- Button Type: Standard Link -->\n        \n        <!-- Button Type: Marketo Popup -->\n        \n      <\/div>\n    <\/div>\n  <\/div>\n<\/section>\n\n\n\n<div style=\"height:100px\" aria-hidden=\"true\" class=\"wp-block-spacer\"><\/div>\n\n\n\n\n\n<section \n   \n  class=\"relative sw-block alignwide wp-block-group is-layout-flow wp-block-storyware-floating-content-is-layout-flow\"\n  style=\"--wp--style--layout--content-size: var(--wp--custom--content-width); \n         --wp--style--layout--wide-size: var(--wp--custom--wide-width);\">\n\n  <div class=\"mx-auto px-5\">\n    <div class=\"grid gap-5 md:grid-cols-2 lg:gap-24 items-start\">\n\n      <!-- Image Column -->\n      <div class=\"not-prose\">\n                  <img loading=\"lazy\" decoding=\"async\" width=\"540\" height=\"356\" src=\"https:\/\/www.wes.org\/wp-content\/uploads\/2017\/04\/partners_3-iStock_522739044.jpg\" class=\"h-72 md:h-[480px] w-full object-cover object-center\" alt=\"Woman looking at laptop\" \/>\n                        <\/div>\n\n      <!-- Text Column -->\n      <div class=\"md:order-last\">\n\n                  <h2 class=\"font-medium text-[28px] text-black leading-snug\">Autres renseignements<\/h2>\n        \n                  <div class=\"mt-3\"><div class=\"headline\">\n<p>Si vous avez des questions sur WES ou le processus d\u2019\u00e9valuation, veuillez consulter notre foire\u00a0<a href=\"\/credential-evaluations\/faq\" target=\"_blank\" rel=\"noopener noreferrer\">aux questions<\/a>.<\/p>\n<p>Pour en savoir plus sur l\u2019\u00c9cole de gestion CPA Atlantique (CPA ASB) et sur ses exigences, veuillez consulter son\u00a0<a href=\"https:\/\/cpaatlantic.ca\/fr\/\" target=\"_blank\" rel=\"noopener noreferrer\">site Web<\/a>.<\/p>\n<\/div>\n<\/div>\n        \n        <!-- Button Type: Standard Link -->\n        \n        <!-- Button Type: Marketo Popup -->\n        \n      <\/div>\n    <\/div>\n  <\/div>\n<\/section>\n","protected":false},"excerpt":{"rendered":"<p>Exigences pour l\u2019\u00e9valuation des dipl\u00f4mes \u00c9cole de gestion CPA Atlantique<\/p>\n","protected":false},"author":65,"featured_media":0,"parent":0,"menu_order":0,"comment_status":"closed","ping_status":"closed","template":"","meta":{"_acf_changed":false,"footnotes":""},"class_list":["post-37904","page","type-page","status-publish","hentry"],"better_featured_image":null,"acf":{"intro_title":"Exigences pour l\u2019\u00e9valuation des dipl\u00f4mes","institution_logo":"https:\/\/www.wes.org\/wp-content\/uploads\/2023\/01\/Atlantic-Bil-Eng-FINAL.png","intro_text":"\u00c9cole de gestion CPA Atlantique","main_content_title":"","main_content_item_1_headline":"Ce que vous devez faire","main_content_item_1_text":"<p>Suivez les \u00e9tapes ci-dessous pour adresser votre demande \u00e0 WES:<\/p>\n<ol>\n<li>S\u00e9lectionnez \u00ab Canada \u00bb pour votre \u00e9valuation.<\/li>\n<li>S\u00e9lectionnez \u00ab Demande d\u2019\u00e9valuation standard de WES \u00bb.<\/li>\n<li>Ajoutez l\u2019\u00c9cole de gestion CPA Atlantique (CPA ASB) comme destinataire.<\/li>\n<li>Choisissez le type de rapport d\u2019\u00e9valuation de WES pertinent pour votre demande \u00e0 la CPA ASB (rapport d\u2019\u00e9valuation de chaque cours ou d\u2019\u00e9valuation de titres). Si vous ne savez pas avec certitude quel rapport est n\u00e9cessaire pour votre demande, adressez-vous au conseiller ou \u00e0 la <a href=\"https:\/\/cpaatlantic.ca\/fr\/#cpaa-form-tabs\" target=\"_blank\" rel=\"noopener noreferrer\">conseill\u00e8re de votre r\u00e9gion<\/a>.<\/li>\n<\/ol>\n<p>Remarque: Respectez bien les exigences en mati\u00e8re de <a href=\"https:\/\/applications.wes.org\/required-documents\" target=\"_blank\" rel=\"noopener noreferrer\">documents propres au pays<\/a> et organisez l\u2019exp\u00e9dition de vos documents \u00e0 WES.<\/p>\n","main_content_item_1_image":"https:\/\/www.wes.org\/wp-content\/uploads\/2018\/12\/partners_1-iStock_627576018.png","main_content_item_1_cta_text":"","main_content_item_1_cta_link":"","item_1_cta_link_new_window":[],"main_content_item_2_headline":"Ce que WES fera pour vous","main_content_item_2_text":"<ol>\n<li>Nous v\u00e9rifierons votre dossier.<\/li>\n<li>Nous pr\u00e9parerons un rapport d\u2019\u00e9valuation officiel.<\/li>\n<li>Nous enverrons votre rapport d\u2019\u00e9valuation et les copies certifi\u00e9es conformes de vos relev\u00e9s de notes directement \u00e0 l\u2019\u00c9cole de gestion CPA Atlantique.<\/li>\n<\/ol>\n","main_content_item_2_image":"https:\/\/www.wes.org\/wp-content\/uploads\/2018\/12\/partners_2-iStock_465211473.png","main_content_item_2_cta_text":"","main_content_item_2_cta_link":"","item_2_cta_link_new_window":[],"main_content_item_3_headline":"Autres renseignements","main_content_item_3_text":"<p>Si vous avez des questions sur WES ou le processus d\u2019\u00e9valuation, veuillez consulter notre foire <a href=\"https:\/\/wes.org\/ca\/help\/\" target=\"_blank\" rel=\"noopener noreferrer\">aux questions<\/a>.<\/p>\n<p>Pour en savoir plus sur l\u2019\u00c9cole de gestion CPA Atlantique (CPA ASB) et sur ses exigences, veuillez consulter son <a href=\"https:\/\/cpaatlantic.ca\/fr\/\" target=\"_blank\" rel=\"noopener noreferrer\">site Web<\/a>.<\/p>\n","main_content_item_3_image":"https:\/\/www.wes.org\/wp-content\/uploads\/2018\/12\/partners_3-iStock_522739044.png","main_content_item_3_cta_text":"Commencez votre demande","main_content_item_3_cta_link":"https:\/\/applications.wes.org\/createaccount","item_3_cta_link_new_window":[],"main_content_item_4_headline":"","main_content_item_4_text":"","main_content_item_4_image":false,"main_content_item_4_cta_text":"","main_content_item_4_cta_link":"","item_4_cta_link_new_window":[],"main_content_item_5_headline":"","main_content_item_5_text":"","main_content_item_5_image":false,"main_content_item_5_cta_text":"","main_content_item_5_cta_link":"","item_5_cta_link_new_window":[],"main_content_item_6_headline":"","main_content_item_6_text":"","main_content_item_6_image":false,"main_content_item_6_cta_text":"","main_content_item_6_cta_link":"","item_6_cta_link_new_window":[],"main_content_item_7_headline":"","main_content_item_7_text":"","main_content_item_7_image":false,"main_content_item_7_cta_text":"","main_content_item_7_cta_link":"","item_7_cta_link_new_window":[],"page_maf":false,"custom_body_class":"","hide_language_switcher":false,"custom_menu":"","alert_msg":"default"},"yoast_head":"<!-- This site is optimized with the Yoast SEO Premium plugin v26.2 (Yoast SEO v27.0) - https:\/\/yoast.com\/product\/yoast-seo-premium-wordpress\/ -->\n<title>Exigences pour l\u2019\u00e9valuation des dipl\u00f4mes - WES<\/title>\n<meta name=\"robots\" content=\"index, follow, max-snippet:-1, max-image-preview:large, max-video-preview:-1\" \/>\n<link rel=\"canonical\" href=\"https:\/\/www.wes.org\/fr\/ecole-de-gestion-cpa-atlantique\/\" \/>\n<meta property=\"og:locale\" content=\"fr_FR\" \/>\n<meta property=\"og:type\" content=\"article\" \/>\n<meta property=\"og:title\" content=\"Exigences pour l\u2019\u00e9valuation des dipl\u00f4mes\" \/>\n<meta property=\"og:description\" content=\"Exigences pour l\u2019\u00e9valuation des dipl\u00f4mes \u00c9cole de gestion CPA Atlantique\" \/>\n<meta property=\"og:url\" content=\"https:\/\/www.wes.org\/fr\/ecole-de-gestion-cpa-atlantique\/\" \/>\n<meta property=\"og:site_name\" content=\"WES\" \/>\n<meta property=\"article:publisher\" content=\"https:\/\/www.facebook.com\/WorldEducationServices\/\" \/>\n<meta property=\"article:modified_time\" content=\"2024-07-12T22:04:52+00:00\" \/>\n<meta property=\"og:image\" content=\"https:\/\/www.wes.org\/wp-content\/uploads\/2017\/06\/partners_ca_CPA-ASB_logo.jpg\" \/>\n<meta name=\"twitter:card\" content=\"summary_large_image\" \/>\n<meta name=\"twitter:site\" content=\"@WorldEdServices\" \/>\n<script type=\"application\/ld+json\" class=\"yoast-schema-graph\">{\"@context\":\"https:\/\/schema.org\",\"@graph\":[{\"@type\":\"WebPage\",\"@id\":\"https:\/\/www.wes.org\/fr\/ecole-de-gestion-cpa-atlantique\/\",\"url\":\"https:\/\/www.wes.org\/fr\/ecole-de-gestion-cpa-atlantique\/\",\"name\":\"Exigences pour l\u2019\u00e9valuation des dipl\u00f4mes - WES\",\"isPartOf\":{\"@id\":\"https:\/\/www.wes.org\/fr\/#website\"},\"primaryImageOfPage\":{\"@id\":\"https:\/\/www.wes.org\/fr\/ecole-de-gestion-cpa-atlantique\/#primaryimage\"},\"image\":{\"@id\":\"https:\/\/www.wes.org\/fr\/ecole-de-gestion-cpa-atlantique\/#primaryimage\"},\"thumbnailUrl\":\"https:\/\/www.wes.org\/wp-content\/uploads\/2017\/06\/partners_ca_CPA-ASB_logo.jpg\",\"datePublished\":\"2023-01-31T16:50:21+00:00\",\"dateModified\":\"2024-07-12T22:04:52+00:00\",\"breadcrumb\":{\"@id\":\"https:\/\/www.wes.org\/fr\/ecole-de-gestion-cpa-atlantique\/#breadcrumb\"},\"inLanguage\":\"fr-FR\",\"potentialAction\":[{\"@type\":\"ReadAction\",\"target\":[\"https:\/\/www.wes.org\/fr\/ecole-de-gestion-cpa-atlantique\/\"]}]},{\"@type\":\"ImageObject\",\"inLanguage\":\"fr-FR\",\"@id\":\"https:\/\/www.wes.org\/fr\/ecole-de-gestion-cpa-atlantique\/#primaryimage\",\"url\":\"https:\/\/www.wes.org\/wp-content\/uploads\/2017\/06\/partners_ca_CPA-ASB_logo.jpg\",\"contentUrl\":\"https:\/\/www.wes.org\/wp-content\/uploads\/2017\/06\/partners_ca_CPA-ASB_logo.jpg\"},{\"@type\":\"BreadcrumbList\",\"@id\":\"https:\/\/www.wes.org\/fr\/ecole-de-gestion-cpa-atlantique\/#breadcrumb\",\"itemListElement\":[{\"@type\":\"ListItem\",\"position\":1,\"name\":\"Home\",\"item\":\"https:\/\/www.wes.org\/fr\/\"},{\"@type\":\"ListItem\",\"position\":2,\"name\":\"Exigences pour l\u2019\u00e9valuation des dipl\u00f4mes\"}]},{\"@type\":\"WebSite\",\"@id\":\"https:\/\/www.wes.org\/fr\/#website\",\"url\":\"https:\/\/www.wes.org\/fr\/\",\"name\":\"World Education Services\",\"description\":\"\",\"publisher\":{\"@id\":\"https:\/\/www.wes.org\/fr\/#organization\"},\"potentialAction\":[{\"@type\":\"SearchAction\",\"target\":{\"@type\":\"EntryPoint\",\"urlTemplate\":\"https:\/\/www.wes.org\/fr\/?s={search_term_string}\"},\"query-input\":{\"@type\":\"PropertyValueSpecification\",\"valueRequired\":true,\"valueName\":\"search_term_string\"}}],\"inLanguage\":\"fr-FR\"},{\"@type\":\"Organization\",\"@id\":\"https:\/\/www.wes.org\/fr\/#organization\",\"name\":\"World Education Services\",\"url\":\"https:\/\/www.wes.org\/fr\/\",\"logo\":{\"@type\":\"ImageObject\",\"inLanguage\":\"fr-FR\",\"@id\":\"https:\/\/www.wes.org\/fr\/#\/schema\/logo\/image\/\",\"url\":\"https:\/\/www.wes.org\/wp-content\/uploads\/2024\/07\/cropped-cropped-WES_Logo_RGB-Primary_Green-Clearspace-e1719869905447.png\",\"contentUrl\":\"https:\/\/www.wes.org\/wp-content\/uploads\/2024\/07\/cropped-cropped-WES_Logo_RGB-Primary_Green-Clearspace-e1719869905447.png\",\"width\":512,\"height\":512,\"caption\":\"World Education Services\"},\"image\":{\"@id\":\"https:\/\/www.wes.org\/fr\/#\/schema\/logo\/image\/\"},\"sameAs\":[\"https:\/\/www.facebook.com\/WorldEducationServices\/\",\"https:\/\/x.com\/WorldEdServices\",\"https:\/\/www.linkedin.com\/company\/worldeducationservices\/\"]}]}<\/script>\n<!-- \/ Yoast SEO Premium plugin. -->","yoast_head_json":{"title":"Exigences pour l\u2019\u00e9valuation des dipl\u00f4mes - WES","robots":{"index":"index","follow":"follow","max-snippet":"max-snippet:-1","max-image-preview":"max-image-preview:large","max-video-preview":"max-video-preview:-1"},"canonical":"https:\/\/www.wes.org\/fr\/ecole-de-gestion-cpa-atlantique\/","og_locale":"fr_FR","og_type":"article","og_title":"Exigences pour l\u2019\u00e9valuation des dipl\u00f4mes","og_description":"Exigences pour l\u2019\u00e9valuation des dipl\u00f4mes \u00c9cole de gestion CPA Atlantique","og_url":"https:\/\/www.wes.org\/fr\/ecole-de-gestion-cpa-atlantique\/","og_site_name":"WES","article_publisher":"https:\/\/www.facebook.com\/WorldEducationServices\/","article_modified_time":"2024-07-12T22:04:52+00:00","og_image":[{"url":"https:\/\/www.wes.org\/wp-content\/uploads\/2017\/06\/partners_ca_CPA-ASB_logo.jpg","type":"","width":"","height":""}],"twitter_card":"summary_large_image","twitter_site":"@WorldEdServices","schema":{"@context":"https:\/\/schema.org","@graph":[{"@type":"WebPage","@id":"https:\/\/www.wes.org\/fr\/ecole-de-gestion-cpa-atlantique\/","url":"https:\/\/www.wes.org\/fr\/ecole-de-gestion-cpa-atlantique\/","name":"Exigences pour l\u2019\u00e9valuation des dipl\u00f4mes - WES","isPartOf":{"@id":"https:\/\/www.wes.org\/fr\/#website"},"primaryImageOfPage":{"@id":"https:\/\/www.wes.org\/fr\/ecole-de-gestion-cpa-atlantique\/#primaryimage"},"image":{"@id":"https:\/\/www.wes.org\/fr\/ecole-de-gestion-cpa-atlantique\/#primaryimage"},"thumbnailUrl":"https:\/\/www.wes.org\/wp-content\/uploads\/2017\/06\/partners_ca_CPA-ASB_logo.jpg","datePublished":"2023-01-31T16:50:21+00:00","dateModified":"2024-07-12T22:04:52+00:00","breadcrumb":{"@id":"https:\/\/www.wes.org\/fr\/ecole-de-gestion-cpa-atlantique\/#breadcrumb"},"inLanguage":"fr-FR","potentialAction":[{"@type":"ReadAction","target":["https:\/\/www.wes.org\/fr\/ecole-de-gestion-cpa-atlantique\/"]}]},{"@type":"ImageObject","inLanguage":"fr-FR","@id":"https:\/\/www.wes.org\/fr\/ecole-de-gestion-cpa-atlantique\/#primaryimage","url":"https:\/\/www.wes.org\/wp-content\/uploads\/2017\/06\/partners_ca_CPA-ASB_logo.jpg","contentUrl":"https:\/\/www.wes.org\/wp-content\/uploads\/2017\/06\/partners_ca_CPA-ASB_logo.jpg"},{"@type":"BreadcrumbList","@id":"https:\/\/www.wes.org\/fr\/ecole-de-gestion-cpa-atlantique\/#breadcrumb","itemListElement":[{"@type":"ListItem","position":1,"name":"Home","item":"https:\/\/www.wes.org\/fr\/"},{"@type":"ListItem","position":2,"name":"Exigences pour l\u2019\u00e9valuation des dipl\u00f4mes"}]},{"@type":"WebSite","@id":"https:\/\/www.wes.org\/fr\/#website","url":"https:\/\/www.wes.org\/fr\/","name":"World Education Services","description":"","publisher":{"@id":"https:\/\/www.wes.org\/fr\/#organization"},"potentialAction":[{"@type":"SearchAction","target":{"@type":"EntryPoint","urlTemplate":"https:\/\/www.wes.org\/fr\/?s={search_term_string}"},"query-input":{"@type":"PropertyValueSpecification","valueRequired":true,"valueName":"search_term_string"}}],"inLanguage":"fr-FR"},{"@type":"Organization","@id":"https:\/\/www.wes.org\/fr\/#organization","name":"World Education Services","url":"https:\/\/www.wes.org\/fr\/","logo":{"@type":"ImageObject","inLanguage":"fr-FR","@id":"https:\/\/www.wes.org\/fr\/#\/schema\/logo\/image\/","url":"https:\/\/www.wes.org\/wp-content\/uploads\/2024\/07\/cropped-cropped-WES_Logo_RGB-Primary_Green-Clearspace-e1719869905447.png","contentUrl":"https:\/\/www.wes.org\/wp-content\/uploads\/2024\/07\/cropped-cropped-WES_Logo_RGB-Primary_Green-Clearspace-e1719869905447.png","width":512,"height":512,"caption":"World Education Services"},"image":{"@id":"https:\/\/www.wes.org\/fr\/#\/schema\/logo\/image\/"},"sameAs":["https:\/\/www.facebook.com\/WorldEducationServices\/","https:\/\/x.com\/WorldEdServices","https:\/\/www.linkedin.com\/company\/worldeducationservices\/"]}]}},"wpml_current_locale":"fr_FR","wpml_translations":[{"locale":"en_US","id":6702,"post_title":"Credential Evaluation Requirements for CPA Atlantic School of Business","href":"https:\/\/www.wes.org\/credential-evaluation-requirements-for-cpa-atlantic-school-of-business\/"}],"_links":{"self":[{"href":"https:\/\/www.wes.org\/fr\/wp-json\/wp\/v2\/pages\/37904","targetHints":{"allow":["GET"]}}],"collection":[{"href":"https:\/\/www.wes.org\/fr\/wp-json\/wp\/v2\/pages"}],"about":[{"href":"https:\/\/www.wes.org\/fr\/wp-json\/wp\/v2\/types\/page"}],"author":[{"embeddable":true,"href":"https:\/\/www.wes.org\/fr\/wp-json\/wp\/v2\/users\/65"}],"replies":[{"embeddable":true,"href":"https:\/\/www.wes.org\/fr\/wp-json\/wp\/v2\/comments?post=37904"}],"version-history":[{"count":0,"href":"https:\/\/www.wes.org\/fr\/wp-json\/wp\/v2\/pages\/37904\/revisions"}],"wp:attachment":[{"href":"https:\/\/www.wes.org\/fr\/wp-json\/wp\/v2\/media?parent=37904"}],"curies":[{"name":"wp","href":"https:\/\/api.w.org\/{rel}","templated":true}]}}