{"id":3289,"date":"2017-04-14T15:42:10","date_gmt":"2017-04-14T15:42:10","guid":{"rendered":"https:\/\/www.wes.org\/?page_id=3289\/"},"modified":"2025-06-02T18:28:12","modified_gmt":"2025-06-02T22:28:12","slug":"eca","status":"publish","type":"page","link":"https:\/\/www.wes.org\/fr\/eca\/","title":{"rendered":"EDE &#8211; \u00c9valuations et frais | WES"},"content":{"rendered":"","protected":false},"excerpt":{"rendered":"","protected":false},"author":1,"featured_media":0,"parent":0,"menu_order":0,"comment_status":"closed","ping_status":"closed","template":"template-evaluation-2025.php","meta":{"_acf_changed":false,"footnotes":""},"class_list":["post-3289","page","type-page","status-publish","hentry"],"better_featured_image":null,"acf":{"page_maf":false,"custom_body_class":"","hide_language_switcher":false,"custom_menu":"","additional_resources_ca":"","alert_msg":"default","parent_page":false,"our_recommendation":51248,"recommended_packages":[{"recommended_package":51020}],"other_packages":false,"additional_fees":{"additional_fees":51001,"additional_resources_title":"","additional_resources_description":""}},"yoast_head":"<!-- This site is optimized with the Yoast SEO Premium plugin v26.2 (Yoast SEO v27.0) - https:\/\/yoast.com\/product\/yoast-seo-premium-wordpress\/ -->\n<title>EDE - \u00c9valuations et frais | WES - WES<\/title>\n<meta name=\"description\" content=\"En savoir plus sur les \u00e9valuations des dipl\u00f4mes d\u2019\u00e9tudes (EDE) de WES pour l\u2019immigration canadienne. Faites \u00e9valuer vos dipl\u00f4mes pour l&#039;Entr\u00e9e express et d&#039;autres programmes d&#039;immigration.\" \/>\n<meta name=\"robots\" content=\"index, follow, max-snippet:-1, max-image-preview:large, max-video-preview:-1\" \/>\n<link rel=\"canonical\" href=\"https:\/\/www.wes.org\/fr\/eca\/\" \/>\n<meta property=\"og:locale\" content=\"fr_FR\" \/>\n<meta property=\"og:type\" content=\"article\" \/>\n<meta property=\"og:title\" content=\"EDE - \u00c9valuations et frais | WES\" \/>\n<meta property=\"og:description\" content=\"En savoir plus sur les \u00e9valuations des dipl\u00f4mes d\u2019\u00e9tudes (EDE) de WES pour l\u2019immigration canadienne. Faites \u00e9valuer vos dipl\u00f4mes pour l&#039;Entr\u00e9e express et d&#039;autres programmes d&#039;immigration.\" \/>\n<meta property=\"og:url\" content=\"https:\/\/www.wes.org\/fr\/eca\/\" \/>\n<meta property=\"og:site_name\" content=\"WES\" \/>\n<meta property=\"article:publisher\" content=\"https:\/\/www.facebook.com\/WorldEducationServices\/\" \/>\n<meta property=\"article:modified_time\" content=\"2025-06-02T22:28:12+00:00\" \/>\n<meta name=\"twitter:card\" content=\"summary_large_image\" \/>\n<meta name=\"twitter:site\" content=\"@WorldEdServices\" \/>\n<script type=\"application\/ld+json\" class=\"yoast-schema-graph\">{\"@context\":\"https:\/\/schema.org\",\"@graph\":[{\"@type\":\"WebPage\",\"@id\":\"https:\/\/www.wes.org\/fr\/eca\/\",\"url\":\"https:\/\/www.wes.org\/fr\/eca\/\",\"name\":\"EDE - \u00c9valuations et frais | WES - WES\",\"isPartOf\":{\"@id\":\"https:\/\/www.wes.org\/fr\/#website\"},\"datePublished\":\"2017-04-14T15:42:10+00:00\",\"dateModified\":\"2025-06-02T22:28:12+00:00\",\"description\":\"En savoir plus sur les \u00e9valuations des dipl\u00f4mes d\u2019\u00e9tudes (EDE) de WES pour l\u2019immigration canadienne. Faites \u00e9valuer vos dipl\u00f4mes pour l'Entr\u00e9e express et d'autres programmes d'immigration.\",\"breadcrumb\":{\"@id\":\"https:\/\/www.wes.org\/fr\/eca\/#breadcrumb\"},\"inLanguage\":\"fr-FR\",\"potentialAction\":[{\"@type\":\"ReadAction\",\"target\":[\"https:\/\/www.wes.org\/fr\/eca\/\"]}]},{\"@type\":\"BreadcrumbList\",\"@id\":\"https:\/\/www.wes.org\/fr\/eca\/#breadcrumb\",\"itemListElement\":[{\"@type\":\"ListItem\",\"position\":1,\"name\":\"Home\",\"item\":\"https:\/\/www.wes.org\/fr\/\"},{\"@type\":\"ListItem\",\"position\":2,\"name\":\"EDE &#8211; \u00c9valuations et frais | WES\"}]},{\"@type\":\"WebSite\",\"@id\":\"https:\/\/www.wes.org\/fr\/#website\",\"url\":\"https:\/\/www.wes.org\/fr\/\",\"name\":\"World Education Services\",\"description\":\"\",\"publisher\":{\"@id\":\"https:\/\/www.wes.org\/fr\/#organization\"},\"potentialAction\":[{\"@type\":\"SearchAction\",\"target\":{\"@type\":\"EntryPoint\",\"urlTemplate\":\"https:\/\/www.wes.org\/fr\/?s={search_term_string}\"},\"query-input\":{\"@type\":\"PropertyValueSpecification\",\"valueRequired\":true,\"valueName\":\"search_term_string\"}}],\"inLanguage\":\"fr-FR\"},{\"@type\":\"Organization\",\"@id\":\"https:\/\/www.wes.org\/fr\/#organization\",\"name\":\"World Education Services\",\"url\":\"https:\/\/www.wes.org\/fr\/\",\"logo\":{\"@type\":\"ImageObject\",\"inLanguage\":\"fr-FR\",\"@id\":\"https:\/\/www.wes.org\/fr\/#\/schema\/logo\/image\/\",\"url\":\"https:\/\/www.wes.org\/wp-content\/uploads\/2024\/07\/cropped-cropped-WES_Logo_RGB-Primary_Green-Clearspace-e1719869905447.png\",\"contentUrl\":\"https:\/\/www.wes.org\/wp-content\/uploads\/2024\/07\/cropped-cropped-WES_Logo_RGB-Primary_Green-Clearspace-e1719869905447.png\",\"width\":512,\"height\":512,\"caption\":\"World Education Services\"},\"image\":{\"@id\":\"https:\/\/www.wes.org\/fr\/#\/schema\/logo\/image\/\"},\"sameAs\":[\"https:\/\/www.facebook.com\/WorldEducationServices\/\",\"https:\/\/x.com\/WorldEdServices\",\"https:\/\/www.linkedin.com\/company\/worldeducationservices\/\"]}]}<\/script>\n<!-- \/ Yoast SEO Premium plugin. -->","yoast_head_json":{"title":"EDE - \u00c9valuations et frais | WES - WES","description":"En savoir plus sur les \u00e9valuations des dipl\u00f4mes d\u2019\u00e9tudes (EDE) de WES pour l\u2019immigration canadienne. Faites \u00e9valuer vos dipl\u00f4mes pour l'Entr\u00e9e express et d'autres programmes d'immigration.","robots":{"index":"index","follow":"follow","max-snippet":"max-snippet:-1","max-image-preview":"max-image-preview:large","max-video-preview":"max-video-preview:-1"},"canonical":"https:\/\/www.wes.org\/fr\/eca\/","og_locale":"fr_FR","og_type":"article","og_title":"EDE - \u00c9valuations et frais | WES","og_description":"En savoir plus sur les \u00e9valuations des dipl\u00f4mes d\u2019\u00e9tudes (EDE) de WES pour l\u2019immigration canadienne. Faites \u00e9valuer vos dipl\u00f4mes pour l'Entr\u00e9e express et d'autres programmes d'immigration.","og_url":"https:\/\/www.wes.org\/fr\/eca\/","og_site_name":"WES","article_publisher":"https:\/\/www.facebook.com\/WorldEducationServices\/","article_modified_time":"2025-06-02T22:28:12+00:00","twitter_card":"summary_large_image","twitter_site":"@WorldEdServices","schema":{"@context":"https:\/\/schema.org","@graph":[{"@type":"WebPage","@id":"https:\/\/www.wes.org\/fr\/eca\/","url":"https:\/\/www.wes.org\/fr\/eca\/","name":"EDE - \u00c9valuations et frais | WES - WES","isPartOf":{"@id":"https:\/\/www.wes.org\/fr\/#website"},"datePublished":"2017-04-14T15:42:10+00:00","dateModified":"2025-06-02T22:28:12+00:00","description":"En savoir plus sur les \u00e9valuations des dipl\u00f4mes d\u2019\u00e9tudes (EDE) de WES pour l\u2019immigration canadienne. Faites \u00e9valuer vos dipl\u00f4mes pour l'Entr\u00e9e express et d'autres programmes d'immigration.","breadcrumb":{"@id":"https:\/\/www.wes.org\/fr\/eca\/#breadcrumb"},"inLanguage":"fr-FR","potentialAction":[{"@type":"ReadAction","target":["https:\/\/www.wes.org\/fr\/eca\/"]}]},{"@type":"BreadcrumbList","@id":"https:\/\/www.wes.org\/fr\/eca\/#breadcrumb","itemListElement":[{"@type":"ListItem","position":1,"name":"Home","item":"https:\/\/www.wes.org\/fr\/"},{"@type":"ListItem","position":2,"name":"EDE &#8211; \u00c9valuations et frais | WES"}]},{"@type":"WebSite","@id":"https:\/\/www.wes.org\/fr\/#website","url":"https:\/\/www.wes.org\/fr\/","name":"World Education Services","description":"","publisher":{"@id":"https:\/\/www.wes.org\/fr\/#organization"},"potentialAction":[{"@type":"SearchAction","target":{"@type":"EntryPoint","urlTemplate":"https:\/\/www.wes.org\/fr\/?s={search_term_string}"},"query-input":{"@type":"PropertyValueSpecification","valueRequired":true,"valueName":"search_term_string"}}],"inLanguage":"fr-FR"},{"@type":"Organization","@id":"https:\/\/www.wes.org\/fr\/#organization","name":"World Education Services","url":"https:\/\/www.wes.org\/fr\/","logo":{"@type":"ImageObject","inLanguage":"fr-FR","@id":"https:\/\/www.wes.org\/fr\/#\/schema\/logo\/image\/","url":"https:\/\/www.wes.org\/wp-content\/uploads\/2024\/07\/cropped-cropped-WES_Logo_RGB-Primary_Green-Clearspace-e1719869905447.png","contentUrl":"https:\/\/www.wes.org\/wp-content\/uploads\/2024\/07\/cropped-cropped-WES_Logo_RGB-Primary_Green-Clearspace-e1719869905447.png","width":512,"height":512,"caption":"World Education Services"},"image":{"@id":"https:\/\/www.wes.org\/fr\/#\/schema\/logo\/image\/"},"sameAs":["https:\/\/www.facebook.com\/WorldEducationServices\/","https:\/\/x.com\/WorldEdServices","https:\/\/www.linkedin.com\/company\/worldeducationservices\/"]}]}},"wpml_current_locale":"fr_FR","wpml_translations":[{"locale":"en_US","id":2141,"post_title":"ECA - Evaluations and Fees | WES","href":"https:\/\/www.wes.org\/eca-2\/"}],"_links":{"self":[{"href":"https:\/\/www.wes.org\/fr\/wp-json\/wp\/v2\/pages\/3289","targetHints":{"allow":["GET"]}}],"collection":[{"href":"https:\/\/www.wes.org\/fr\/wp-json\/wp\/v2\/pages"}],"about":[{"href":"https:\/\/www.wes.org\/fr\/wp-json\/wp\/v2\/types\/page"}],"author":[{"embeddable":true,"href":"https:\/\/www.wes.org\/fr\/wp-json\/wp\/v2\/users\/1"}],"replies":[{"embeddable":true,"href":"https:\/\/www.wes.org\/fr\/wp-json\/wp\/v2\/comments?post=3289"}],"version-history":[{"count":0,"href":"https:\/\/www.wes.org\/fr\/wp-json\/wp\/v2\/pages\/3289\/revisions"}],"wp:attachment":[{"href":"https:\/\/www.wes.org\/fr\/wp-json\/wp\/v2\/media?parent=3289"}],"curies":[{"name":"wp","href":"https:\/\/api.w.org\/{rel}","templated":true}]}}