{"id":13807,"date":"2018-09-19T10:06:18","date_gmt":"2018-09-19T14:06:18","guid":{"rendered":"https:\/\/www.wes.org\/credential-evaluation-requirements-for-oiq-ordre-des-ingenieurs-du-quebec\/"},"modified":"2025-12-16T10:01:46","modified_gmt":"2025-12-16T15:01:46","slug":"exigences-pour-levaluation-des-diplomes-oiq-ordre-des-ingenieurs-du-quebec","status":"publish","type":"page","link":"https:\/\/www.wes.org\/fr\/exigences-pour-levaluation-des-diplomes-oiq-ordre-des-ingenieurs-du-quebec\/","title":{"rendered":"Exigences pour l\u2019\u00e9valuation des dipl\u00f4mes"},"content":{"rendered":"\n<h1 class=\"wp-block-heading has-text-align-center\" id=\"h-exigences-pour-l-evaluation-des-diplomes\">Exigences pour l\u2019\u00e9valuation des dipl\u00f4mes<\/h1>\n\n\n\n<figure class=\"wp-block-image aligncenter size-full is-resized\"><img loading=\"lazy\" decoding=\"async\" width=\"338\" height=\"125\" src=\"https:\/\/www.wes.org\/wp-content\/uploads\/2025\/12\/OIQ_WES-003-20251209-213908.jpg\" alt=\"Ordre des ingenieurs du Quebec logo\" class=\"wp-image-54039\" style=\"width:408px;height:auto\" srcset=\"https:\/\/www.wes.org\/wp-content\/uploads\/2025\/12\/OIQ_WES-003-20251209-213908.jpg 338w, https:\/\/www.wes.org\/wp-content\/uploads\/2025\/12\/OIQ_WES-003-20251209-213908-300x111.jpg 300w\" sizes=\"auto, (max-width: 338px) 100vw, 338px\" \/><\/figure>\n\n\n\n<p><\/p>\n\n\n\n<h2 class=\"wp-block-heading has-text-align-center\" id=\"h-ordre-des-ingenieurs-du-quebec\">Ordre des ing\u00e9nieurs du Qu\u00e9bec<\/h2>\n\n\n\n<div style=\"height:100px\" aria-hidden=\"true\" class=\"wp-block-spacer\"><\/div>\n\n\n\n\n\n<section \n   \n  class=\"relative sw-block alignwide wp-block-group is-layout-flow wp-block-storyware-floating-content-is-layout-flow\"\n  style=\"--wp--style--layout--content-size: var(--wp--custom--content-width); \n         --wp--style--layout--wide-size: var(--wp--custom--wide-width);\">\n\n  <div class=\"mx-auto px-5\">\n    <div class=\"grid gap-5 md:grid-cols-2 lg:gap-24 items-start\">\n\n      <!-- Image Column -->\n      <div class=\"not-prose\">\n                  <img loading=\"lazy\" decoding=\"async\" width=\"540\" height=\"356\" src=\"https:\/\/www.wes.org\/wp-content\/uploads\/2017\/04\/partners_1-iStock_627576018.jpg\" class=\"h-72 md:h-[480px] w-full object-cover object-center\" alt=\"Image of laptop open\" \/>\n                        <\/div>\n\n      <!-- Text Column -->\n      <div class=\"md:order-last\">\n\n                  <h2 class=\"font-medium text-[28px] text-black leading-snug\">Ce que vous devez faire :<\/h2>\n        \n                  <div class=\"mt-3\"><div class=\"headline\">\n<p>Voici les \u00e9tapes \u00e0 effectuer lors de votre demande d\u2019\u00e9valuation WES :<\/p>\n<ol>\n<li>S\u00e9lectionnez Canada pour votre \u00e9valuation;<\/li>\n<li>S\u00e9lectionnez WES Standard Application;<\/li>\n<li>Ajoutez l\u2019Ordre des ing\u00e9nieurs du Qu\u00e9bec comme destinataire;<\/li>\n<li>S\u00e9lectionnez WES ICAP Course-by-Course (Il s\u2019agit du type d\u2019\u00e9valuation exig\u00e9 par l\u2019OIQ).<\/li>\n<\/ol>\n<p>Note : Si vous avez d\u00e9j\u00e0 soumis une demande d\u2019\u00e9valuation \u00e0 WES ou si vous avez d\u00e9j\u00e0 obtenu un rapport d\u2019\u00e9valuation de WES, vous devez demander la mise \u00e0 jour pour l\u2019\u00e9valuation WES ICAP Course-by-Course.<\/p>\n<p>Afin de connaitre les documents \u00e0 transmettre \u00e0 WES, r\u00e9f\u00e9rez-vous aux\u00a0<a href=\"https:\/\/applications.wes.org\/required-documents?_gl=1*hqdgrr*_gcl_au*MTc0MTM0MjgyLjE3NTkzMjUzNzEuNTM2ODcwMzQ0LjE3NjU4MDkyMDguMTc2NTgwOTIwOQ..*_ga*MTYzOTA0MDA0My4xNzU5MzI1Mzcw*_ga_5GR242L76M*czE3NjU4OTQ3NTIkbzIyMSRnMSR0MTc2NTg5NzAwNyRqNTAkbDAkaDI4ODg1NDE5OQ..\" target=\"_blank\" rel=\"noopener\">documents requis<\/a>\u00a0en fonction du pays de d\u00e9livrance de votre dipl\u00f4me.<\/p>\n<\/div>\n<\/div>\n        \n        <!-- Button Type: Standard Link -->\n        \n        <!-- Button Type: Marketo Popup -->\n        \n      <\/div>\n    <\/div>\n  <\/div>\n<\/section>\n\n\n\n<div style=\"height:100px\" aria-hidden=\"true\" class=\"wp-block-spacer\"><\/div>\n\n\n\n\n\n<section \n   \n  class=\"relative sw-block alignwide wp-block-group is-layout-flow wp-block-storyware-floating-content-is-layout-flow\"\n  style=\"--wp--style--layout--content-size: var(--wp--custom--content-width); \n         --wp--style--layout--wide-size: var(--wp--custom--wide-width);\">\n\n  <div class=\"mx-auto px-5\">\n    <div class=\"grid gap-5 md:grid-cols-2 lg:gap-24 items-start\">\n\n      <!-- Image Column -->\n      <div class=\"not-prose\">\n                  <img loading=\"lazy\" decoding=\"async\" width=\"540\" height=\"356\" src=\"https:\/\/www.wes.org\/wp-content\/uploads\/2017\/04\/partners_2-iStock_465211473.jpg\" class=\"h-72 md:h-[480px] w-full object-cover object-center\" alt=\"Mailing envelope\" \/>\n                        <\/div>\n\n      <!-- Text Column -->\n      <div class=\"md:order-first\">\n\n                  <h2 class=\"font-medium text-[28px] text-black leading-snug\">Ce que WES fera pour vous :<\/h2>\n        \n                  <div class=\"mt-3\"><ol>\n<li>Nous v\u00e9rifierons vos documents.<\/li>\n<li>Nous pr\u00e9parerons un rapport officiel d\u2019\u00e9valuation de vos cr\u00e9dits.<\/li>\n<li>Nous exp\u00e9dierons directement \u00e0 l\u2019Ordre des ing\u00e9nieurs du Qu\u00e9bec, le rapport d\u2019\u00e9valuation \u00e9lectronique, ainsi qu\u2019une copie des relev\u00e9s de notes provenant directement de votre \u00e9tablissement.<\/li>\n<\/ol>\n<\/div>\n        \n        <!-- Button Type: Standard Link -->\n        \n        <!-- Button Type: Marketo Popup -->\n        \n      <\/div>\n    <\/div>\n  <\/div>\n<\/section>\n\n\n\n<div style=\"height:100px\" aria-hidden=\"true\" class=\"wp-block-spacer\"><\/div>\n\n\n\n\n\n<section \n   \n  class=\"relative sw-block alignwide wp-block-group is-layout-flow wp-block-storyware-floating-content-is-layout-flow\"\n  style=\"--wp--style--layout--content-size: var(--wp--custom--content-width); \n         --wp--style--layout--wide-size: var(--wp--custom--wide-width);\">\n\n  <div class=\"mx-auto px-5\">\n    <div class=\"grid gap-5 md:grid-cols-2 lg:gap-24 items-start\">\n\n      <!-- Image Column -->\n      <div class=\"not-prose\">\n                  <img loading=\"lazy\" decoding=\"async\" width=\"540\" height=\"356\" src=\"https:\/\/www.wes.org\/wp-content\/uploads\/2017\/04\/partners_3-iStock_522739044.jpg\" class=\"h-72 md:h-[480px] w-full object-cover object-center\" alt=\"Woman looking at laptop\" \/>\n                        <\/div>\n\n      <!-- Text Column -->\n      <div class=\"md:order-last\">\n\n                  <h2 class=\"font-medium text-[28px] text-black leading-snug\">Renseignements additionnels<\/h2>\n        \n                  <div class=\"mt-3\"><div class=\"headline\">\n<p>Pour toute question au sujet de WES ou concernant le processus d\u2019\u00e9valuation, veuillez consulter notre\u00a0<a href=\"https:\/\/www.wes.org\/ca\/help\/\" target=\"_blank\" rel=\"noopener noreferrer\">FAQ<\/a>.<\/p>\n<p>Pour toute question concernant les sp\u00e9cificit\u00e9s exig\u00e9es par l\u2019Ordre des ing\u00e9nieurs du Qu\u00e9bec (OIQ), veuillez consulter leur\u00a0<a href=\"https:\/\/www.oiq.qc.ca\/fr\/jeSuis\/candidat\/obtenirUnPermis\/Pages\/default.aspx\" target=\"_blank\" rel=\"noopener\">site internet<\/a>.<\/p>\n<\/div>\n<\/div>\n        \n        <!-- Button Type: Standard Link -->\n                  <div class=\"mt-9 not-prose\">\n            <a class=\"sw-primary-button inline-block font-sans rounded-[50px] px-5 pb-1.5 pt-2 text-center text-sm font-semibold tracking-wide\"\n               href=\"https:\/\/applications.wes.org\/createaccount\"\n               target=\"_self\">\n               Begin Application            <\/a>\n          <\/div>\n        \n        <!-- Button Type: Marketo Popup -->\n        \n      <\/div>\n    <\/div>\n  <\/div>\n<\/section>\n","protected":false},"excerpt":{"rendered":"<p>Exigences pour l\u2019\u00e9valuation des dipl\u00f4mes Ordre des ing\u00e9nieurs du Qu\u00e9bec<\/p>\n","protected":false},"author":11,"featured_media":0,"parent":0,"menu_order":0,"comment_status":"closed","ping_status":"closed","template":"","meta":{"_acf_changed":false,"footnotes":""},"class_list":["post-13807","page","type-page","status-publish","hentry"],"better_featured_image":null,"acf":{"intro_title":"Exigences pour <span>l\u2019\u00e9valuation des dipl\u00f4mes<\/span>","institution_logo":"https:\/\/www.wes.org\/wp-content\/uploads\/2018\/09\/Logo-OIQ_process.png","intro_text":"Ordre des ing\u00e9nieurs du Qu\u00e9bec","main_content_title":"","main_content_item_1_headline":"Ce que vous devez faire :","main_content_item_1_text":"<p>Vous devez obtenir votre num\u00e9ro de dossier de l\u2019Ordre des ing\u00e9nieurs du Qu\u00e9bec (OIQ), avant de commencer votre demande d\u2019\u00e9valuation aupr\u00e8s de WES.<\/p>\n<p>Voici les \u00e9tapes \u00e0 effectuer lors de votre demande d\u2019\u00e9valuation WES :<\/p>\n<ol>\n<li>S\u00e9lectionnez Canada pour votre \u00e9valuation;<\/li>\n<li>S\u00e9lectionnez WES Standard Application;<\/li>\n<li>Ajoutez l\u2019Ordre des ing\u00e9nieurs du Qu\u00e9bec comme destinataire;<\/li>\n<li>S\u00e9lectionnez WES ICAP Course-by-Course (Il s&rsquo;agit du type d&rsquo;\u00e9valuation exig\u00e9 par l&rsquo;OIQ).<\/li>\n<\/ol>\n<p>Note : Si vous avez d\u00e9j\u00e0 soumis une demande d\u2019\u00e9valuation \u00e0 WES ou si vous avez d\u00e9j\u00e0 obtenu un rapport d\u2019\u00e9valuation de WES, vous devez demander la mise \u00e0 jour pour l\u2019\u00e9valuation WES ICAP Course-by-Course.<\/p>\n<p>Afin de connaitre les documents \u00e0 transmettre \u00e0 WES, r\u00e9f\u00e9rez-vous aux <a href=\"https:\/\/www.wes.org\/fr\/ca\/documents-exiges\/\" target=\"_blank\" rel=\"noopener\">documents requis<\/a> en fonction du pays de d\u00e9livrance de votre dipl\u00f4me.<\/p>\n","main_content_item_1_image":"https:\/\/www.wes.org\/wp-content\/uploads\/2018\/12\/partners_1-iStock_627576018.png","main_content_item_1_cta_text":"","main_content_item_1_cta_link":"","item_1_cta_link_new_window":[],"main_content_item_2_headline":"Ce que WES fera pour vous :","main_content_item_2_text":"<ol>\n<li>Nous v\u00e9rifierons vos documents.<\/li>\n<li>Nous pr\u00e9parerons un rapport officiel d\u2019\u00e9valuation de vos cr\u00e9dits.<\/li>\n<li>Nous exp\u00e9dierons directement \u00e0 l\u2019Ordre des ing\u00e9nieurs du Qu\u00e9bec, le rapport d\u2019\u00e9valuation \u00e9lectronique, ainsi qu\u2019une copie des relev\u00e9s de notes provenant directement de votre \u00e9tablissement.<\/li>\n<\/ol>\n","main_content_item_2_image":"https:\/\/www.wes.org\/wp-content\/uploads\/2018\/12\/partners_2-iStock_465211473.png","main_content_item_2_cta_text":"","main_content_item_2_cta_link":"","item_2_cta_link_new_window":[],"main_content_item_3_headline":"Renseignements additionnels","main_content_item_3_text":"<p>Pour toute question au sujet de WES ou concernant le processus d\u2019\u00e9valuation, veuillez consulter notre <a href=\"https:\/\/www.wes.org\/ca\/help\/\" target=\"_blank\" rel=\"noopener noreferrer\">FAQ<\/a>.<\/p>\n<p>Pour toute question concernant les sp\u00e9cificit\u00e9s exig\u00e9es par l\u2019Ordre des ing\u00e9nieurs du Qu\u00e9bec (OIQ), veuillez consulter leur <a href=\"https:\/\/www.oiq.qc.ca\/fr\/jeSuis\/candidat\/obtenirUnPermis\/Pages\/default.aspx\" target=\"_blank\" rel=\"noopener\">site internet<\/a>.<\/p>\n","main_content_item_3_image":"https:\/\/www.wes.org\/wp-content\/uploads\/2018\/12\/partners_3-iStock_522739044.png","main_content_item_3_cta_text":"","main_content_item_3_cta_link":"","item_3_cta_link_new_window":[],"main_content_item_4_headline":"","main_content_item_4_text":"","main_content_item_4_image":false,"main_content_item_4_cta_text":"","main_content_item_4_cta_link":"","item_4_cta_link_new_window":[],"main_content_item_5_headline":"","main_content_item_5_text":"","main_content_item_5_image":false,"main_content_item_5_cta_text":"","main_content_item_5_cta_link":"","item_5_cta_link_new_window":[],"main_content_item_6_headline":"","main_content_item_6_text":"","main_content_item_6_image":false,"main_content_item_6_cta_text":"","main_content_item_6_cta_link":"","item_6_cta_link_new_window":[],"main_content_item_7_headline":"","main_content_item_7_text":"","main_content_item_7_image":false,"main_content_item_7_cta_text":"","main_content_item_7_cta_link":"","item_7_cta_link_new_window":[],"page_maf":false,"custom_body_class":"","hide_language_switcher":false,"custom_menu":"","alert_msg":"default"},"yoast_head":"<!-- This site is optimized with the Yoast SEO Premium plugin v26.2 (Yoast SEO v27.5) - https:\/\/yoast.com\/product\/yoast-seo-premium-wordpress\/ -->\n<title>Exigences pour l\u2019\u00e9valuation des dipl\u00f4mes - WES<\/title>\n<meta name=\"robots\" content=\"index, follow, max-snippet:-1, max-image-preview:large, max-video-preview:-1\" \/>\n<link rel=\"canonical\" href=\"https:\/\/www.wes.org\/fr\/exigences-pour-levaluation-des-diplomes-oiq-ordre-des-ingenieurs-du-quebec\/\" \/>\n<meta property=\"og:locale\" content=\"fr_FR\" \/>\n<meta property=\"og:type\" content=\"article\" \/>\n<meta property=\"og:title\" content=\"Exigences pour l\u2019\u00e9valuation des dipl\u00f4mes\" \/>\n<meta property=\"og:description\" content=\"Exigences pour l\u2019\u00e9valuation des dipl\u00f4mes Ordre des ing\u00e9nieurs du Qu\u00e9bec\" \/>\n<meta property=\"og:url\" content=\"https:\/\/www.wes.org\/fr\/exigences-pour-levaluation-des-diplomes-oiq-ordre-des-ingenieurs-du-quebec\/\" \/>\n<meta property=\"og:site_name\" content=\"WES\" \/>\n<meta property=\"article:publisher\" content=\"https:\/\/www.facebook.com\/WorldEducationServices\/\" \/>\n<meta property=\"article:modified_time\" content=\"2025-12-16T15:01:46+00:00\" \/>\n<meta property=\"og:image\" content=\"https:\/\/www.wes.org\/wp-content\/uploads\/2025\/12\/OIQ_WES-003-20251209-213908.jpg\" \/>\n\t<meta property=\"og:image:width\" content=\"338\" \/>\n\t<meta property=\"og:image:height\" content=\"125\" \/>\n\t<meta property=\"og:image:type\" content=\"image\/jpeg\" \/>\n<meta name=\"twitter:card\" content=\"summary_large_image\" \/>\n<meta name=\"twitter:site\" content=\"@WorldEdServices\" \/>\n<meta name=\"twitter:label1\" content=\"Dur\u00e9e de lecture estim\u00e9e\" \/>\n\t<meta name=\"twitter:data1\" content=\"1 minute\" \/>\n<script type=\"application\/ld+json\" class=\"yoast-schema-graph\">{\"@context\":\"https:\\\/\\\/schema.org\",\"@graph\":[{\"@type\":\"WebPage\",\"@id\":\"https:\\\/\\\/www.wes.org\\\/fr\\\/exigences-pour-levaluation-des-diplomes-oiq-ordre-des-ingenieurs-du-quebec\\\/\",\"url\":\"https:\\\/\\\/www.wes.org\\\/fr\\\/exigences-pour-levaluation-des-diplomes-oiq-ordre-des-ingenieurs-du-quebec\\\/\",\"name\":\"Exigences pour l\u2019\u00e9valuation des dipl\u00f4mes - WES\",\"isPartOf\":{\"@id\":\"https:\\\/\\\/www.wes.org\\\/fr\\\/#website\"},\"primaryImageOfPage\":{\"@id\":\"https:\\\/\\\/www.wes.org\\\/fr\\\/exigences-pour-levaluation-des-diplomes-oiq-ordre-des-ingenieurs-du-quebec\\\/#primaryimage\"},\"image\":{\"@id\":\"https:\\\/\\\/www.wes.org\\\/fr\\\/exigences-pour-levaluation-des-diplomes-oiq-ordre-des-ingenieurs-du-quebec\\\/#primaryimage\"},\"thumbnailUrl\":\"https:\\\/\\\/www.wes.org\\\/wp-content\\\/uploads\\\/2025\\\/12\\\/OIQ_WES-003-20251209-213908.jpg\",\"datePublished\":\"2018-09-19T14:06:18+00:00\",\"dateModified\":\"2025-12-16T15:01:46+00:00\",\"breadcrumb\":{\"@id\":\"https:\\\/\\\/www.wes.org\\\/fr\\\/exigences-pour-levaluation-des-diplomes-oiq-ordre-des-ingenieurs-du-quebec\\\/#breadcrumb\"},\"inLanguage\":\"fr-FR\",\"potentialAction\":[{\"@type\":\"ReadAction\",\"target\":[\"https:\\\/\\\/www.wes.org\\\/fr\\\/exigences-pour-levaluation-des-diplomes-oiq-ordre-des-ingenieurs-du-quebec\\\/\"]}]},{\"@type\":\"ImageObject\",\"inLanguage\":\"fr-FR\",\"@id\":\"https:\\\/\\\/www.wes.org\\\/fr\\\/exigences-pour-levaluation-des-diplomes-oiq-ordre-des-ingenieurs-du-quebec\\\/#primaryimage\",\"url\":\"https:\\\/\\\/www.wes.org\\\/wp-content\\\/uploads\\\/2025\\\/12\\\/OIQ_WES-003-20251209-213908.jpg\",\"contentUrl\":\"https:\\\/\\\/www.wes.org\\\/wp-content\\\/uploads\\\/2025\\\/12\\\/OIQ_WES-003-20251209-213908.jpg\"},{\"@type\":\"BreadcrumbList\",\"@id\":\"https:\\\/\\\/www.wes.org\\\/fr\\\/exigences-pour-levaluation-des-diplomes-oiq-ordre-des-ingenieurs-du-quebec\\\/#breadcrumb\",\"itemListElement\":[{\"@type\":\"ListItem\",\"position\":1,\"name\":\"Home\",\"item\":\"https:\\\/\\\/www.wes.org\\\/fr\\\/\"},{\"@type\":\"ListItem\",\"position\":2,\"name\":\"Exigences pour l\u2019\u00e9valuation des dipl\u00f4mes\"}]},{\"@type\":\"WebSite\",\"@id\":\"https:\\\/\\\/www.wes.org\\\/fr\\\/#website\",\"url\":\"https:\\\/\\\/www.wes.org\\\/fr\\\/\",\"name\":\"World Education Services\",\"description\":\"\",\"publisher\":{\"@id\":\"https:\\\/\\\/www.wes.org\\\/fr\\\/#organization\"},\"potentialAction\":[{\"@type\":\"SearchAction\",\"target\":{\"@type\":\"EntryPoint\",\"urlTemplate\":\"https:\\\/\\\/www.wes.org\\\/fr\\\/?s={search_term_string}\"},\"query-input\":{\"@type\":\"PropertyValueSpecification\",\"valueRequired\":true,\"valueName\":\"search_term_string\"}}],\"inLanguage\":\"fr-FR\"},{\"@type\":\"Organization\",\"@id\":\"https:\\\/\\\/www.wes.org\\\/fr\\\/#organization\",\"name\":\"World Education Services\",\"url\":\"https:\\\/\\\/www.wes.org\\\/fr\\\/\",\"logo\":{\"@type\":\"ImageObject\",\"inLanguage\":\"fr-FR\",\"@id\":\"https:\\\/\\\/www.wes.org\\\/fr\\\/#\\\/schema\\\/logo\\\/image\\\/\",\"url\":\"https:\\\/\\\/www.wes.org\\\/wp-content\\\/uploads\\\/2024\\\/07\\\/cropped-cropped-WES_Logo_RGB-Primary_Green-Clearspace-e1719869905447.png\",\"contentUrl\":\"https:\\\/\\\/www.wes.org\\\/wp-content\\\/uploads\\\/2024\\\/07\\\/cropped-cropped-WES_Logo_RGB-Primary_Green-Clearspace-e1719869905447.png\",\"width\":512,\"height\":512,\"caption\":\"World Education Services\"},\"image\":{\"@id\":\"https:\\\/\\\/www.wes.org\\\/fr\\\/#\\\/schema\\\/logo\\\/image\\\/\"},\"sameAs\":[\"https:\\\/\\\/www.facebook.com\\\/WorldEducationServices\\\/\",\"https:\\\/\\\/x.com\\\/WorldEdServices\",\"https:\\\/\\\/www.linkedin.com\\\/company\\\/worldeducationservices\\\/\"]}]}<\/script>\n<!-- \/ Yoast SEO Premium plugin. -->","yoast_head_json":{"title":"Exigences pour l\u2019\u00e9valuation des dipl\u00f4mes - WES","robots":{"index":"index","follow":"follow","max-snippet":"max-snippet:-1","max-image-preview":"max-image-preview:large","max-video-preview":"max-video-preview:-1"},"canonical":"https:\/\/www.wes.org\/fr\/exigences-pour-levaluation-des-diplomes-oiq-ordre-des-ingenieurs-du-quebec\/","og_locale":"fr_FR","og_type":"article","og_title":"Exigences pour l\u2019\u00e9valuation des dipl\u00f4mes","og_description":"Exigences pour l\u2019\u00e9valuation des dipl\u00f4mes Ordre des ing\u00e9nieurs du Qu\u00e9bec","og_url":"https:\/\/www.wes.org\/fr\/exigences-pour-levaluation-des-diplomes-oiq-ordre-des-ingenieurs-du-quebec\/","og_site_name":"WES","article_publisher":"https:\/\/www.facebook.com\/WorldEducationServices\/","article_modified_time":"2025-12-16T15:01:46+00:00","og_image":[{"width":338,"height":125,"url":"https:\/\/www.wes.org\/wp-content\/uploads\/2025\/12\/OIQ_WES-003-20251209-213908.jpg","type":"image\/jpeg"}],"twitter_card":"summary_large_image","twitter_site":"@WorldEdServices","twitter_misc":{"Dur\u00e9e de lecture estim\u00e9e":"1 minute"},"schema":{"@context":"https:\/\/schema.org","@graph":[{"@type":"WebPage","@id":"https:\/\/www.wes.org\/fr\/exigences-pour-levaluation-des-diplomes-oiq-ordre-des-ingenieurs-du-quebec\/","url":"https:\/\/www.wes.org\/fr\/exigences-pour-levaluation-des-diplomes-oiq-ordre-des-ingenieurs-du-quebec\/","name":"Exigences pour l\u2019\u00e9valuation des dipl\u00f4mes - WES","isPartOf":{"@id":"https:\/\/www.wes.org\/fr\/#website"},"primaryImageOfPage":{"@id":"https:\/\/www.wes.org\/fr\/exigences-pour-levaluation-des-diplomes-oiq-ordre-des-ingenieurs-du-quebec\/#primaryimage"},"image":{"@id":"https:\/\/www.wes.org\/fr\/exigences-pour-levaluation-des-diplomes-oiq-ordre-des-ingenieurs-du-quebec\/#primaryimage"},"thumbnailUrl":"https:\/\/www.wes.org\/wp-content\/uploads\/2025\/12\/OIQ_WES-003-20251209-213908.jpg","datePublished":"2018-09-19T14:06:18+00:00","dateModified":"2025-12-16T15:01:46+00:00","breadcrumb":{"@id":"https:\/\/www.wes.org\/fr\/exigences-pour-levaluation-des-diplomes-oiq-ordre-des-ingenieurs-du-quebec\/#breadcrumb"},"inLanguage":"fr-FR","potentialAction":[{"@type":"ReadAction","target":["https:\/\/www.wes.org\/fr\/exigences-pour-levaluation-des-diplomes-oiq-ordre-des-ingenieurs-du-quebec\/"]}]},{"@type":"ImageObject","inLanguage":"fr-FR","@id":"https:\/\/www.wes.org\/fr\/exigences-pour-levaluation-des-diplomes-oiq-ordre-des-ingenieurs-du-quebec\/#primaryimage","url":"https:\/\/www.wes.org\/wp-content\/uploads\/2025\/12\/OIQ_WES-003-20251209-213908.jpg","contentUrl":"https:\/\/www.wes.org\/wp-content\/uploads\/2025\/12\/OIQ_WES-003-20251209-213908.jpg"},{"@type":"BreadcrumbList","@id":"https:\/\/www.wes.org\/fr\/exigences-pour-levaluation-des-diplomes-oiq-ordre-des-ingenieurs-du-quebec\/#breadcrumb","itemListElement":[{"@type":"ListItem","position":1,"name":"Home","item":"https:\/\/www.wes.org\/fr\/"},{"@type":"ListItem","position":2,"name":"Exigences pour l\u2019\u00e9valuation des dipl\u00f4mes"}]},{"@type":"WebSite","@id":"https:\/\/www.wes.org\/fr\/#website","url":"https:\/\/www.wes.org\/fr\/","name":"World Education Services","description":"","publisher":{"@id":"https:\/\/www.wes.org\/fr\/#organization"},"potentialAction":[{"@type":"SearchAction","target":{"@type":"EntryPoint","urlTemplate":"https:\/\/www.wes.org\/fr\/?s={search_term_string}"},"query-input":{"@type":"PropertyValueSpecification","valueRequired":true,"valueName":"search_term_string"}}],"inLanguage":"fr-FR"},{"@type":"Organization","@id":"https:\/\/www.wes.org\/fr\/#organization","name":"World Education Services","url":"https:\/\/www.wes.org\/fr\/","logo":{"@type":"ImageObject","inLanguage":"fr-FR","@id":"https:\/\/www.wes.org\/fr\/#\/schema\/logo\/image\/","url":"https:\/\/www.wes.org\/wp-content\/uploads\/2024\/07\/cropped-cropped-WES_Logo_RGB-Primary_Green-Clearspace-e1719869905447.png","contentUrl":"https:\/\/www.wes.org\/wp-content\/uploads\/2024\/07\/cropped-cropped-WES_Logo_RGB-Primary_Green-Clearspace-e1719869905447.png","width":512,"height":512,"caption":"World Education Services"},"image":{"@id":"https:\/\/www.wes.org\/fr\/#\/schema\/logo\/image\/"},"sameAs":["https:\/\/www.facebook.com\/WorldEducationServices\/","https:\/\/x.com\/WorldEdServices","https:\/\/www.linkedin.com\/company\/worldeducationservices\/"]}]}},"wpml_current_locale":"fr_FR","wpml_translations":[{"locale":"en_US","id":13189,"post_title":"Credential Evaluation Requirements for OIQ (Ordre des ing\u00e9nieurs du Qu\u00e9bec)","href":"https:\/\/www.wes.org\/credential-evaluation-requirements-for-oiq-ordre-des-ingenieurs-du-quebec\/"}],"_links":{"self":[{"href":"https:\/\/www.wes.org\/fr\/wp-json\/wp\/v2\/pages\/13807","targetHints":{"allow":["GET"]}}],"collection":[{"href":"https:\/\/www.wes.org\/fr\/wp-json\/wp\/v2\/pages"}],"about":[{"href":"https:\/\/www.wes.org\/fr\/wp-json\/wp\/v2\/types\/page"}],"author":[{"embeddable":true,"href":"https:\/\/www.wes.org\/fr\/wp-json\/wp\/v2\/users\/11"}],"replies":[{"embeddable":true,"href":"https:\/\/www.wes.org\/fr\/wp-json\/wp\/v2\/comments?post=13807"}],"version-history":[{"count":0,"href":"https:\/\/www.wes.org\/fr\/wp-json\/wp\/v2\/pages\/13807\/revisions"}],"wp:attachment":[{"href":"https:\/\/www.wes.org\/fr\/wp-json\/wp\/v2\/media?parent=13807"}],"curies":[{"name":"wp","href":"https:\/\/api.w.org\/{rel}","templated":true}]}}